{"id":8711,"date":"2022-04-05T09:44:21","date_gmt":"2022-04-05T07:44:21","guid":{"rendered":"https:\/\/kuken.alfadyser.dev\/?post_type=product&#038;p=8711"},"modified":"2025-07-31T08:01:16","modified_gmt":"2025-07-31T06:01:16","slug":"blender-arm-blender-with-accessories-1000w-kuken-premium-3","status":"publish","type":"product","link":"https:\/\/kuken.alfadyser.dev\/en\/product-2\/blender-arm-blender-with-accessories-1000w-kuken-premium-3\/","title":{"rendered":"STAINLESS STEEL ARM BLENDER 1500W WITH K\u00dcKEN PREMIUM BEAKER"},"content":{"rendered":"<p>STAINLESS STEEL ARM BLENDER 1500W WITH K\u00dcKEN PREMIUM BEAKER<\/p>\n<ul>\n<li data-start=\"820\" data-end=\"903\">\n<p data-start=\"822\" data-end=\"903\">Cuerpo, brazo y cuchillas de acero inoxidable, ideal para un uso intensivo.<\/p>\n<\/li>\n<li data-start=\"904\" data-end=\"976\">\n<p data-start=\"906\" data-end=\"976\">Mango ergon\u00f3mico con dos botones, c\u00f3modo y f\u00e1cil de manejar.<\/p>\n<\/li>\n<li data-start=\"977\" data-end=\"1073\">\n<p data-start=\"979\" data-end=\"1073\">Dos velocidades: velocidad 1 regulable y velocidad 2 Turbo para m\u00e1xima potencia.<\/p>\n<\/li>\n<li data-start=\"1074\" data-end=\"1159\">\n<p data-start=\"1076\" data-end=\"1159\">Capacidad para picar hielo a punto de nieve, perfecto para bebidas y postres.<\/p>\n<\/li>\n<li data-start=\"1160\" data-end=\"1227\">\n<p data-start=\"1162\" data-end=\"1227\">Brazo desmontable, pr\u00e1ctico para una limpieza m\u00e1s sencilla.<\/p>\n<\/li>\n<li data-start=\"1228\" data-end=\"1298\">\n<p data-start=\"1230\" data-end=\"1298\">Engranaje interior met\u00e1lico, aporta resistencia y durabilidad.<\/p>\n<\/li>\n<li data-start=\"1299\" data-end=\"1385\">\n<p data-start=\"1301\" data-end=\"1385\">Cable rizado extensible hasta 1,10 m, brinda mayor libertad de movimiento.<\/p>\n<\/li>\n<li data-start=\"1386\" data-end=\"1447\">\n<p data-start=\"1388\" data-end=\"1447\">Regulador de velocidad, se adapta a cada preparaci\u00f3n.<\/p>\n<\/li>\n<li data-start=\"1448\" data-end=\"1512\">\n<p data-start=\"1450\" data-end=\"1512\">Botones iluminados con luz LED, elegantes y funcionales.<\/p>\n<\/li>\n<li data-start=\"1513\" data-end=\"1584\">\n<p data-start=\"1515\" data-end=\"1584\">Incluye vaso medidor de 800 ml, ideal para batidos, cremas y m\u00e1s.<\/p>\n<\/li>\n<\/ul>\n<p style=\"text-align: left;\">Vaso medidor de 800 ml. incluido.<\/p>\n<p style=\"text-align: left;\"><div class=\"accordion\"><div class=\"mfn-acc accordion_wrapper  toggle\"><div class=\"question\"><div class=\"title\"><i class=\"icon-plus acc-icon-plus\" aria-hidden=\"true\"><\/i><i class=\"icon-minus acc-icon-minus\" aria-hidden=\"true\"><\/i>Product data<\/div><div class=\"answer\">EAN 8425160327392<\/p>\n<p style=\"text-align: left;\">STAINLESS STEEL ARM BLENDER 1500W WITH K\u00dcKEN PREMIUM BEAKER<\/p>\n<p style=\"text-align: left;\">Package unit 1<br \/>\nColour Black and Stainless Steel<br \/>\nPackaging Coloured box<br \/>\nPower 1500 W<br \/>\nVoltage 230 V<br \/>\nSize Medium<br \/>\nMaterial Stainless steel<br \/>\nTurbo function Yes<br \/>\nDetachable Yes<\/div><\/div>\n<\/div><\/div>\n<br \/>\n<div class=\"accordion\"><div class=\"mfn-acc accordion_wrapper  toggle\"><\/div><\/div>\n<div class=\"question\"><div class=\"title\"><i class=\"icon-plus acc-icon-plus\" aria-hidden=\"true\"><\/i><i class=\"icon-minus acc-icon-minus\" aria-hidden=\"true\"><\/i>Accessories<\/div><div class=\"answer\"><\/div><\/div>\n Vaso medidor.<\/p>\n<div class=\"descargas-producto\"><a href=\"https:\/\/kuken.alfadyser.dev\/wp-content\/uploads\/8425160327392_ficha_tecnica.pdf\" target=\"_blank\" rel=\"noopener noreferrer\"><br \/>\n<img loading=\"lazy\" decoding=\"async\" src=\"\/wp-content\/uploads\/2019\/12\/picto-descarrega.png\" alt=\"download data sheet\" width=\"23\" height=\"16\" \/>Download sheet<\/a><br \/>\n<a href=\"https:\/\/kuken.alfadyser.dev\/wp-content\/uploads\/32739_instrucciones.pdf\"><img loading=\"lazy\" decoding=\"async\" src=\"\/wp-content\/uploads\/2019\/12\/picto-descarrega.png\" alt=\"download instruction manual\" width=\"23\" height=\"16\" \/>Download manual<\/a><\/div>\n<div><\/div>\n<div><span style=\"color: #bf2121;\">Follow us on social media!<\/span><\/div>\n<div><a href=\"https:\/\/www.instagram.com\/kuken_appliances\/\">https:\/\/www.instagram.com\/kuken_appliances\/<\/a><\/div>\n<p><iframe loading=\"lazy\" title=\"Batidora brazo premium inoxidable\" width=\"560\" height=\"315\" src=\"https:\/\/www.youtube.com\/embed\/GUkQgz2cHMQ?feature=oembed\" frameborder=\"0\" allow=\"accelerometer; autoplay; clipboard-write; encrypted-media; gyroscope; picture-in-picture; web-share\" referrerpolicy=\"strict-origin-when-cross-origin\" allowfullscreen><\/iframe><\/p>","protected":false},"excerpt":{"rendered":"<p data-start=\"514\" data-end=\"662\">Vers\u00e1til y resistente, esta batidora est\u00e1 pensada para quienes buscan potencia, control y comodidad al preparar recetas de forma r\u00e1pida y eficiente.<\/p>\n<p data-start=\"664\" data-end=\"752\">","protected":false},"featured_media":8702,"template":"","meta":[],"product_brand":[],"product_cat":[206],"product_tag":[],"class_list":{"0":"post-8711","1":"product","2":"type-product","3":"status-publish","4":"has-post-thumbnail","6":"product_cat-batidoras","7":"pa_tipo-batidora-brazo","9":"first","10":"instock","11":"product-type-simple"},"yoast_head":"<!-- This site is optimized with the Yoast SEO Premium plugin v24.0 (Yoast SEO v26.5) - https:\/\/yoast.com\/wordpress\/plugins\/seo\/ -->\n<title>BATIDORA BRAZO INOX 1500W CON VASO K\u00dcKEN PREMIUM k\u00fcken<\/title>\n<meta name=\"description\" content=\"Batidora brazo inox 1500w con vaso k\u00fcken premium, potente y ergon\u00f3mica. Ideal para batir, triturar y picar con precisi\u00f3n y comodidad.\" \/>\n<meta name=\"robots\" content=\"noindex, follow, max-snippet:-1, max-image-preview:large, max-video-preview:-1\" \/>\n<meta property=\"og:locale\" content=\"en_GB\" \/>\n<meta property=\"og:type\" content=\"article\" \/>\n<meta property=\"og:title\" content=\"BATIDORA BRAZO INOX 1500W CON VASO K\u00dcKEN PREMIUM\" \/>\n<meta property=\"og:description\" content=\"Batidora brazo inox 1500w con vaso k\u00fcken premium, potente y ergon\u00f3mica. Ideal para batir, triturar y picar con precisi\u00f3n y comodidad.\" \/>\n<meta property=\"og:url\" content=\"https:\/\/kuken.alfadyser.dev\/en\/product-2\/blender-arm-blender-with-accessories-1000w-kuken-premium-3\/\" \/>\n<meta property=\"og:site_name\" content=\"K\u00fcken\" \/>\n<meta property=\"article:publisher\" content=\"https:\/\/es-es.facebook.com\/alfadyser\/\" \/>\n<meta property=\"article:modified_time\" content=\"2025-07-31T06:01:16+00:00\" \/>\n<meta property=\"og:image\" content=\"https:\/\/kuken.alfadyser.dev\/wp-content\/uploads\/8425160344634_01.jpg\" \/>\n\t<meta property=\"og:image:width\" content=\"2000\" \/>\n\t<meta property=\"og:image:height\" content=\"2000\" \/>\n\t<meta property=\"og:image:type\" content=\"image\/jpeg\" \/>\n<meta name=\"twitter:card\" content=\"summary_large_image\" \/>\n<meta name=\"twitter:label1\" content=\"Price\" \/>\n\t<meta name=\"twitter:data1\" content=\"\" \/>\n\t<meta name=\"twitter:label2\" content=\"Availability\" \/>\n\t<meta name=\"twitter:data2\" content=\"In stock\" \/>\n<script type=\"application\/ld+json\" class=\"yoast-schema-graph\">{\"@context\":\"https:\/\/schema.org\",\"@graph\":[{\"@type\":\"WebPage\",\"@id\":\"https:\/\/kuken.alfadyser.dev\/producto\/batidora-brazo-inox-1500w-con-vaso-kuken-premium\/\",\"url\":\"https:\/\/kuken.alfadyser.dev\/producto\/batidora-brazo-inox-1500w-con-vaso-kuken-premium\/\",\"name\":\"BATIDORA BRAZO INOX 1500W CON VASO K\u00dcKEN PREMIUM k\u00fcken\",\"isPartOf\":{\"@id\":\"https:\/\/kuken.alfadyser.dev\/#website\"},\"primaryImageOfPage\":{\"@id\":\"https:\/\/kuken.alfadyser.dev\/producto\/batidora-brazo-inox-1500w-con-vaso-kuken-premium\/#primaryimage\"},\"image\":{\"@id\":\"https:\/\/kuken.alfadyser.dev\/producto\/batidora-brazo-inox-1500w-con-vaso-kuken-premium\/#primaryimage\"},\"thumbnailUrl\":\"https:\/\/kuken.alfadyser.dev\/wp-content\/uploads\/8425160344634_01.jpg\",\"datePublished\":\"2022-04-05T07:44:21+00:00\",\"dateModified\":\"2025-07-31T06:01:16+00:00\",\"description\":\"Batidora brazo inox 1500w con vaso k\u00fcken premium, potente y ergon\u00f3mica. Ideal para batir, triturar y picar con precisi\u00f3n y comodidad.\",\"breadcrumb\":{\"@id\":\"https:\/\/kuken.alfadyser.dev\/producto\/batidora-brazo-inox-1500w-con-vaso-kuken-premium\/#breadcrumb\"},\"inLanguage\":\"en-GB\",\"potentialAction\":[{\"@type\":\"ReadAction\",\"target\":[\"https:\/\/kuken.alfadyser.dev\/producto\/batidora-brazo-inox-1500w-con-vaso-kuken-premium\/\"]}]},{\"@type\":\"ImageObject\",\"inLanguage\":\"en-GB\",\"@id\":\"https:\/\/kuken.alfadyser.dev\/producto\/batidora-brazo-inox-1500w-con-vaso-kuken-premium\/#primaryimage\",\"url\":\"https:\/\/kuken.alfadyser.dev\/wp-content\/uploads\/8425160344634_01.jpg\",\"contentUrl\":\"https:\/\/kuken.alfadyser.dev\/wp-content\/uploads\/8425160344634_01.jpg\",\"width\":2000,\"height\":2000},{\"@type\":\"BreadcrumbList\",\"@id\":\"https:\/\/kuken.alfadyser.dev\/producto\/batidora-brazo-inox-1500w-con-vaso-kuken-premium\/#breadcrumb\",\"itemListElement\":[{\"@type\":\"ListItem\",\"position\":1,\"name\":\"Portada\",\"item\":\"https:\/\/kuken.alfadyser.dev\/\"},{\"@type\":\"ListItem\",\"position\":2,\"name\":\"Productos\",\"item\":\"https:\/\/kuken.alfadyser.dev\/productos\/\"},{\"@type\":\"ListItem\",\"position\":3,\"name\":\"BATIDORA BRAZO INOX 1500W CON VASO K\u00dcKEN PREMIUM\"}]},{\"@type\":\"WebSite\",\"@id\":\"https:\/\/kuken.alfadyser.dev\/#website\",\"url\":\"https:\/\/kuken.alfadyser.dev\/\",\"name\":\"K\u00fcken\",\"description\":\"Amplia gama de peque\u00f1o electrodom\u00e9stico k\u00fcken\",\"publisher\":{\"@id\":\"https:\/\/kuken.alfadyser.dev\/#organization\"},\"potentialAction\":[{\"@type\":\"SearchAction\",\"target\":{\"@type\":\"EntryPoint\",\"urlTemplate\":\"https:\/\/kuken.alfadyser.dev\/?s={search_term_string}\"},\"query-input\":{\"@type\":\"PropertyValueSpecification\",\"valueRequired\":true,\"valueName\":\"search_term_string\"}}],\"inLanguage\":\"en-GB\"},{\"@type\":\"Organization\",\"@id\":\"https:\/\/kuken.alfadyser.dev\/#organization\",\"name\":\"Alfa Dyser\",\"url\":\"https:\/\/kuken.alfadyser.dev\/\",\"logo\":{\"@type\":\"ImageObject\",\"inLanguage\":\"en-GB\",\"@id\":\"https:\/\/kuken.alfadyser.dev\/#\/schema\/logo\/image\/\",\"url\":\"https:\/\/kuken.alfadyser.dev\/wp-content\/uploads\/2019\/04\/kuken-logo.png\",\"contentUrl\":\"https:\/\/kuken.alfadyser.dev\/wp-content\/uploads\/2019\/04\/kuken-logo.png\",\"width\":500,\"height\":191,\"caption\":\"Alfa Dyser\"},\"image\":{\"@id\":\"https:\/\/kuken.alfadyser.dev\/#\/schema\/logo\/image\/\"},\"sameAs\":[\"https:\/\/es-es.facebook.com\/alfadyser\/\",\"https:\/\/www.instagram.com\/kuken_appliances\/\"]}]}<\/script>\n<meta property=\"product:price:currency\" content=\"EUR\" \/>\n<meta property=\"og:availability\" content=\"instock\" \/>\n<meta property=\"product:availability\" content=\"instock\" \/>\n<meta property=\"product:retailer_item_id\" content=\"32739\" \/>\n<meta property=\"product:condition\" content=\"new\" \/>\n<!-- \/ Yoast SEO Premium plugin. -->","yoast_head_json":{"title":"BATIDORA BRAZO INOX 1500W CON VASO K\u00dcKEN PREMIUM k\u00fcken","description":"Batidora brazo inox 1500w con vaso k\u00fcken premium, potente y ergon\u00f3mica. Ideal para batir, triturar y picar con precisi\u00f3n y comodidad.","robots":{"index":"noindex","follow":"follow","max-snippet":"max-snippet:-1","max-image-preview":"max-image-preview:large","max-video-preview":"max-video-preview:-1"},"og_locale":"en_GB","og_type":"article","og_title":"BATIDORA BRAZO INOX 1500W CON VASO K\u00dcKEN PREMIUM","og_description":"Batidora brazo inox 1500w con vaso k\u00fcken premium, potente y ergon\u00f3mica. Ideal para batir, triturar y picar con precisi\u00f3n y comodidad.","og_url":"https:\/\/kuken.alfadyser.dev\/en\/product-2\/blender-arm-blender-with-accessories-1000w-kuken-premium-3\/","og_site_name":"K\u00fcken","article_publisher":"https:\/\/es-es.facebook.com\/alfadyser\/","article_modified_time":"2025-07-31T06:01:16+00:00","og_image":[{"width":2000,"height":2000,"url":"https:\/\/kuken.alfadyser.dev\/wp-content\/uploads\/8425160344634_01.jpg","type":"image\/jpeg"}],"twitter_card":"summary_large_image","twitter_misc":{"Price":"","Availability":"In stock"},"schema":{"@context":"https:\/\/schema.org","@graph":[{"@type":"WebPage","@id":"https:\/\/kuken.alfadyser.dev\/producto\/batidora-brazo-inox-1500w-con-vaso-kuken-premium\/","url":"https:\/\/kuken.alfadyser.dev\/producto\/batidora-brazo-inox-1500w-con-vaso-kuken-premium\/","name":"BATIDORA BRAZO INOX 1500W CON VASO K\u00dcKEN PREMIUM k\u00fcken","isPartOf":{"@id":"https:\/\/kuken.alfadyser.dev\/#website"},"primaryImageOfPage":{"@id":"https:\/\/kuken.alfadyser.dev\/producto\/batidora-brazo-inox-1500w-con-vaso-kuken-premium\/#primaryimage"},"image":{"@id":"https:\/\/kuken.alfadyser.dev\/producto\/batidora-brazo-inox-1500w-con-vaso-kuken-premium\/#primaryimage"},"thumbnailUrl":"https:\/\/kuken.alfadyser.dev\/wp-content\/uploads\/8425160344634_01.jpg","datePublished":"2022-04-05T07:44:21+00:00","dateModified":"2025-07-31T06:01:16+00:00","description":"Batidora brazo inox 1500w con vaso k\u00fcken premium, potente y ergon\u00f3mica. Ideal para batir, triturar y picar con precisi\u00f3n y comodidad.","breadcrumb":{"@id":"https:\/\/kuken.alfadyser.dev\/producto\/batidora-brazo-inox-1500w-con-vaso-kuken-premium\/#breadcrumb"},"inLanguage":"en-GB","potentialAction":[{"@type":"ReadAction","target":["https:\/\/kuken.alfadyser.dev\/producto\/batidora-brazo-inox-1500w-con-vaso-kuken-premium\/"]}]},{"@type":"ImageObject","inLanguage":"en-GB","@id":"https:\/\/kuken.alfadyser.dev\/producto\/batidora-brazo-inox-1500w-con-vaso-kuken-premium\/#primaryimage","url":"https:\/\/kuken.alfadyser.dev\/wp-content\/uploads\/8425160344634_01.jpg","contentUrl":"https:\/\/kuken.alfadyser.dev\/wp-content\/uploads\/8425160344634_01.jpg","width":2000,"height":2000},{"@type":"BreadcrumbList","@id":"https:\/\/kuken.alfadyser.dev\/producto\/batidora-brazo-inox-1500w-con-vaso-kuken-premium\/#breadcrumb","itemListElement":[{"@type":"ListItem","position":1,"name":"Portada","item":"https:\/\/kuken.alfadyser.dev\/"},{"@type":"ListItem","position":2,"name":"Productos","item":"https:\/\/kuken.alfadyser.dev\/productos\/"},{"@type":"ListItem","position":3,"name":"BATIDORA BRAZO INOX 1500W CON VASO K\u00dcKEN PREMIUM"}]},{"@type":"WebSite","@id":"https:\/\/kuken.alfadyser.dev\/#website","url":"https:\/\/kuken.alfadyser.dev\/","name":"K\u00fcken","description":"Wide range of k\u00fcken small household appliances","publisher":{"@id":"https:\/\/kuken.alfadyser.dev\/#organization"},"potentialAction":[{"@type":"SearchAction","target":{"@type":"EntryPoint","urlTemplate":"https:\/\/kuken.alfadyser.dev\/?s={search_term_string}"},"query-input":{"@type":"PropertyValueSpecification","valueRequired":true,"valueName":"search_term_string"}}],"inLanguage":"en-GB"},{"@type":"Organization","@id":"https:\/\/kuken.alfadyser.dev\/#organization","name":"Alpha Dyser","url":"https:\/\/kuken.alfadyser.dev\/","logo":{"@type":"ImageObject","inLanguage":"en-GB","@id":"https:\/\/kuken.alfadyser.dev\/#\/schema\/logo\/image\/","url":"https:\/\/kuken.alfadyser.dev\/wp-content\/uploads\/2019\/04\/kuken-logo.png","contentUrl":"https:\/\/kuken.alfadyser.dev\/wp-content\/uploads\/2019\/04\/kuken-logo.png","width":500,"height":191,"caption":"Alfa Dyser"},"image":{"@id":"https:\/\/kuken.alfadyser.dev\/#\/schema\/logo\/image\/"},"sameAs":["https:\/\/es-es.facebook.com\/alfadyser\/","https:\/\/www.instagram.com\/kuken_appliances\/"]}]},"product_price_currency":"EUR","og_availability":"instock","product_availability":"instock","product_retailer_item_id":"32739","product_condition":"new"},"_links":{"self":[{"href":"https:\/\/kuken.alfadyser.dev\/en\/wp-json\/wp\/v2\/product\/8711","targetHints":{"allow":["GET"]}}],"collection":[{"href":"https:\/\/kuken.alfadyser.dev\/en\/wp-json\/wp\/v2\/product"}],"about":[{"href":"https:\/\/kuken.alfadyser.dev\/en\/wp-json\/wp\/v2\/types\/product"}],"wp:featuredmedia":[{"embeddable":true,"href":"https:\/\/kuken.alfadyser.dev\/en\/wp-json\/wp\/v2\/media\/8702"}],"wp:attachment":[{"href":"https:\/\/kuken.alfadyser.dev\/en\/wp-json\/wp\/v2\/media?parent=8711"}],"wp:term":[{"taxonomy":"product_brand","embeddable":true,"href":"https:\/\/kuken.alfadyser.dev\/en\/wp-json\/wp\/v2\/product_brand?post=8711"},{"taxonomy":"product_cat","embeddable":true,"href":"https:\/\/kuken.alfadyser.dev\/en\/wp-json\/wp\/v2\/product_cat?post=8711"},{"taxonomy":"product_tag","embeddable":true,"href":"https:\/\/kuken.alfadyser.dev\/en\/wp-json\/wp\/v2\/product_tag?post=8711"}],"curies":[{"name":"wp","href":"https:\/\/api.w.org\/{rel}","templated":true}]}}