{"id":8457,"date":"2022-03-07T13:51:44","date_gmt":"2022-03-07T12:51:44","guid":{"rendered":"https:\/\/kuken.alfadyser.dev\/?post_type=product&#038;p=8457"},"modified":"2025-07-22T11:19:30","modified_gmt":"2025-07-22T09:19:30","slug":"200w-brushless-upright-hoover","status":"publish","type":"product","link":"https:\/\/kuken.alfadyser.dev\/en\/product-2\/200w-brushless-upright-hoover\/","title":{"rendered":"UPRIGHT HOOVER 200W 22,2V BRUSHLESS"},"content":{"rendered":"<p>UPRIGHT HOOVER 200W 22,2V BRUSHLESS<\/p>\n<ul data-start=\"824\" data-end=\"1677\">\n<li data-start=\"824\" data-end=\"921\">\n<p data-start=\"826\" data-end=\"921\">Motor brushless con tecnolog\u00eda cicl\u00f3nica CYCLONIC SYSTEM para una limpieza eficiente.<\/p>\n<\/li>\n<li data-start=\"922\" data-end=\"991\">\n<p data-start=\"924\" data-end=\"991\">Acabado en gris antracita y azul, dise\u00f1o moderno y funcional.<\/p>\n<\/li>\n<li data-start=\"992\" data-end=\"1088\">\n<p data-start=\"994\" data-end=\"1088\">Potencia de 200 W, con succi\u00f3n de hasta 20 kPa, ideal para todo tipo de superficies.<\/p>\n<\/li>\n<li data-start=\"1089\" data-end=\"1155\">\n<p data-start=\"1091\" data-end=\"1155\">Indicador luminoso de nivel de bater\u00eda para mayor control.<\/p>\n<\/li>\n<li data-start=\"1156\" data-end=\"1229\">\n<p data-start=\"1158\" data-end=\"1229\">Autonom\u00eda de 30 minutos de aspirado continuo, sin interrupciones.<\/p>\n<\/li>\n<li data-start=\"1230\" data-end=\"1283\">\n<p data-start=\"1232\" data-end=\"1283\">Dep\u00f3sito de 0,6 L, f\u00e1cil de vaciar y limpiar.<\/p>\n<\/li>\n<li data-start=\"1284\" data-end=\"1347\">\n<p data-start=\"1286\" data-end=\"1347\">Funci\u00f3n 2 en 1: aspirador escoba y de mano desmontable.<\/p>\n<\/li>\n<li data-start=\"1348\" data-end=\"1409\">\n<p data-start=\"1350\" data-end=\"1409\">Filtro HEPA 13, captura part\u00edculas finas y al\u00e9rgenos.<\/p>\n<\/li>\n<li data-start=\"1410\" data-end=\"1458\">\n<p data-start=\"1412\" data-end=\"1458\">Dos velocidades de uso: normal y m\u00e1xima.<\/p>\n<\/li>\n<li data-start=\"1459\" data-end=\"1513\">\n<p data-start=\"1461\" data-end=\"1513\">Cepillo articulado para limpiar sin agacharse.<\/p>\n<\/li>\n<li data-start=\"1514\" data-end=\"1601\">\n<p data-start=\"1516\" data-end=\"1601\">Incluye boquilla larga extensible y cepillo ovalado, ideal para tapicer\u00edas.<\/p>\n<\/li>\n<li data-start=\"1602\" data-end=\"1677\">\n<p data-start=\"1604\" data-end=\"1677\">Perfecto para hogares con mascotas, recoge eficazmente pelos y polvo.<\/p>\n<\/li>\n<\/ul>\n<div class=\"accordion\"><div class=\"mfn-acc accordion_wrapper  toggle\"><div class=\"question\"><div class=\"title\"><i class=\"icon-plus acc-icon-plus\" aria-hidden=\"true\"><\/i><i class=\"icon-minus acc-icon-minus\" aria-hidden=\"true\"><\/i>Product data<\/div><div class=\"answer\">EAN: 8425160344467<\/p>\n<p>UPRIGHT HOOVER 200W 22,2V BRUSHLESS<\/p>\n<p>Units: 1<br \/>\nColour: Grey \/ Blue<br \/>\nPackaging: Coloured box<br \/>\nPower: 22.2V<br \/>\nSpeeds: Adjustable<br \/>\nDetachable: Yes<br \/>\nLed light: Yes<\/p>\n<p><div class=\"accordion\"><div class=\"mfn-acc accordion_wrapper  toggle\"><\/div><\/div>\n<div class=\"question\"><div class=\"title\"><i class=\"icon-plus acc-icon-plus\" aria-hidden=\"true\"><\/i><i class=\"icon-minus acc-icon-minus\" aria-hidden=\"true\"><\/i>Accessories<\/div><div class=\"answer\"><\/div><\/div>\n<\/div><\/div>\n<\/div><\/div>\n\n<p><a href=\"https:\/\/kuken.alfadyser.dev\/wp-content\/uploads\/8425160344467_ficha_tecnica.pdf\"><img loading=\"lazy\" decoding=\"async\" src=\"\/wp-content\/uploads\/2019\/12\/picto-descarrega.png\" alt=\"download data sheet\" width=\"23\" height=\"16\" \/>Download sheet<\/a><br \/>\n<img loading=\"lazy\" decoding=\"async\" src=\"\/wp-content\/uploads\/2019\/12\/picto-descarrega.png\" alt=\"download instruction manual\" width=\"23\" height=\"16\" \/><a href=\"https:\/\/kuken.alfadyser.dev\/wp-content\/uploads\/34446_instrucciones_compressed.pdf\">Download manual<\/a><\/p>\n<p>Follow us on social media!<\/p>\n<p><a href=\"https:\/\/kuken.alfadyser.dev\/wp-content\/uploads\/34446_instrucciones_compressed.pdf\">https:\/\/www.instagram.com\/kuken_appliances\/<\/a><\/p>","protected":false},"excerpt":{"rendered":"<p data-start=\"515\" data-end=\"656\">Este aspirador vers\u00e1til ofrece gran potencia, autonom\u00eda y comodidad, ideal para mantener cada rinc\u00f3n limpio, incluso en hogares con mascotas.<\/p>\n<p data-start=\"658\" data-end=\"756\">","protected":false},"featured_media":11503,"template":"","meta":[],"product_brand":[],"product_cat":[208],"product_tag":[],"class_list":{"0":"post-8457","1":"product","2":"type-product","3":"status-publish","4":"has-post-thumbnail","6":"product_cat-aspiradores","8":"first","9":"instock","10":"shipping-taxable","11":"product-type-simple"},"yoast_head":"<!-- This site is optimized with the Yoast SEO Premium plugin v24.0 (Yoast SEO v26.5) - https:\/\/yoast.com\/wordpress\/plugins\/seo\/ -->\n<title>ASPIRADOR VERTICAL 200W 22,2V BRUSHLESS - K\u00fcken<\/title>\n<meta name=\"description\" content=\"Aspirador escoba con tecnolog\u00eda brushless de \u00faltima generaci\u00f3n. Sistema inteligente: Regula la potencia dependiendo la suciedad. K\u00fcken.es\" \/>\n<meta name=\"robots\" content=\"noindex, follow, max-snippet:-1, max-image-preview:large, max-video-preview:-1\" \/>\n<meta property=\"og:locale\" content=\"en_GB\" \/>\n<meta property=\"og:type\" content=\"article\" \/>\n<meta property=\"og:title\" content=\"ASPIRADOR VERTICAL 200W 22,2V BRUSHLESS\" \/>\n<meta property=\"og:description\" content=\"Aspirador escoba con tecnolog\u00eda brushless de \u00faltima generaci\u00f3n. Sistema inteligente: Regula la potencia dependiendo la suciedad. K\u00fcken.es\" \/>\n<meta property=\"og:url\" content=\"https:\/\/kuken.alfadyser.dev\/en\/product-2\/200w-brushless-upright-hoover\/\" \/>\n<meta property=\"og:site_name\" content=\"K\u00fcken\" \/>\n<meta property=\"article:publisher\" content=\"https:\/\/es-es.facebook.com\/alfadyser\/\" \/>\n<meta property=\"article:modified_time\" content=\"2025-07-22T09:19:30+00:00\" \/>\n<meta property=\"og:image\" content=\"https:\/\/kuken.alfadyser.dev\/wp-content\/uploads\/8425160344467_01.jpg\" \/>\n\t<meta property=\"og:image:width\" content=\"2000\" \/>\n\t<meta property=\"og:image:height\" content=\"2000\" \/>\n\t<meta property=\"og:image:type\" content=\"image\/jpeg\" \/>\n<meta name=\"twitter:card\" content=\"summary_large_image\" \/>\n<meta name=\"twitter:label1\" content=\"Price\" \/>\n\t<meta name=\"twitter:data1\" content=\"\" \/>\n\t<meta name=\"twitter:label2\" content=\"Availability\" \/>\n\t<meta name=\"twitter:data2\" content=\"In stock\" \/>\n<script type=\"application\/ld+json\" class=\"yoast-schema-graph\">{\"@context\":\"https:\/\/schema.org\",\"@graph\":[{\"@type\":\"WebPage\",\"@id\":\"https:\/\/kuken.alfadyser.dev\/producto\/aspirador-vertical-200w-brushless\/\",\"url\":\"https:\/\/kuken.alfadyser.dev\/producto\/aspirador-vertical-200w-brushless\/\",\"name\":\"ASPIRADOR VERTICAL 200W 22,2V BRUSHLESS - K\u00fcken\",\"isPartOf\":{\"@id\":\"https:\/\/kuken.alfadyser.dev\/#website\"},\"primaryImageOfPage\":{\"@id\":\"https:\/\/kuken.alfadyser.dev\/producto\/aspirador-vertical-200w-brushless\/#primaryimage\"},\"image\":{\"@id\":\"https:\/\/kuken.alfadyser.dev\/producto\/aspirador-vertical-200w-brushless\/#primaryimage\"},\"thumbnailUrl\":\"https:\/\/kuken.alfadyser.dev\/wp-content\/uploads\/8425160344467_01.jpg\",\"datePublished\":\"2022-03-07T12:51:44+00:00\",\"dateModified\":\"2025-07-22T09:19:30+00:00\",\"description\":\"Aspirador escoba con tecnolog\u00eda brushless de \u00faltima generaci\u00f3n. Sistema inteligente: Regula la potencia dependiendo la suciedad. K\u00fcken.es\",\"breadcrumb\":{\"@id\":\"https:\/\/kuken.alfadyser.dev\/producto\/aspirador-vertical-200w-brushless\/#breadcrumb\"},\"inLanguage\":\"en-GB\",\"potentialAction\":[{\"@type\":\"ReadAction\",\"target\":[\"https:\/\/kuken.alfadyser.dev\/producto\/aspirador-vertical-200w-brushless\/\"]}]},{\"@type\":\"ImageObject\",\"inLanguage\":\"en-GB\",\"@id\":\"https:\/\/kuken.alfadyser.dev\/producto\/aspirador-vertical-200w-brushless\/#primaryimage\",\"url\":\"https:\/\/kuken.alfadyser.dev\/wp-content\/uploads\/8425160344467_01.jpg\",\"contentUrl\":\"https:\/\/kuken.alfadyser.dev\/wp-content\/uploads\/8425160344467_01.jpg\",\"width\":2000,\"height\":2000},{\"@type\":\"BreadcrumbList\",\"@id\":\"https:\/\/kuken.alfadyser.dev\/producto\/aspirador-vertical-200w-brushless\/#breadcrumb\",\"itemListElement\":[{\"@type\":\"ListItem\",\"position\":1,\"name\":\"Portada\",\"item\":\"https:\/\/kuken.alfadyser.dev\/\"},{\"@type\":\"ListItem\",\"position\":2,\"name\":\"Productos\",\"item\":\"https:\/\/kuken.alfadyser.dev\/productos\/\"},{\"@type\":\"ListItem\",\"position\":3,\"name\":\"ASPIRADOR VERTICAL 200W 22,2V BRUSHLESS\"}]},{\"@type\":\"WebSite\",\"@id\":\"https:\/\/kuken.alfadyser.dev\/#website\",\"url\":\"https:\/\/kuken.alfadyser.dev\/\",\"name\":\"K\u00fcken\",\"description\":\"Amplia gama de peque\u00f1o electrodom\u00e9stico k\u00fcken\",\"publisher\":{\"@id\":\"https:\/\/kuken.alfadyser.dev\/#organization\"},\"potentialAction\":[{\"@type\":\"SearchAction\",\"target\":{\"@type\":\"EntryPoint\",\"urlTemplate\":\"https:\/\/kuken.alfadyser.dev\/?s={search_term_string}\"},\"query-input\":{\"@type\":\"PropertyValueSpecification\",\"valueRequired\":true,\"valueName\":\"search_term_string\"}}],\"inLanguage\":\"en-GB\"},{\"@type\":\"Organization\",\"@id\":\"https:\/\/kuken.alfadyser.dev\/#organization\",\"name\":\"Alfa Dyser\",\"url\":\"https:\/\/kuken.alfadyser.dev\/\",\"logo\":{\"@type\":\"ImageObject\",\"inLanguage\":\"en-GB\",\"@id\":\"https:\/\/kuken.alfadyser.dev\/#\/schema\/logo\/image\/\",\"url\":\"https:\/\/kuken.alfadyser.dev\/wp-content\/uploads\/2019\/04\/kuken-logo.png\",\"contentUrl\":\"https:\/\/kuken.alfadyser.dev\/wp-content\/uploads\/2019\/04\/kuken-logo.png\",\"width\":500,\"height\":191,\"caption\":\"Alfa Dyser\"},\"image\":{\"@id\":\"https:\/\/kuken.alfadyser.dev\/#\/schema\/logo\/image\/\"},\"sameAs\":[\"https:\/\/es-es.facebook.com\/alfadyser\/\",\"https:\/\/www.instagram.com\/kuken_appliances\/\"]}]}<\/script>\n<meta property=\"product:price:currency\" content=\"EUR\" \/>\n<meta property=\"og:availability\" content=\"instock\" \/>\n<meta property=\"product:availability\" content=\"instock\" \/>\n<meta property=\"product:retailer_item_id\" content=\"34446\" \/>\n<meta property=\"product:condition\" content=\"new\" \/>\n<!-- \/ Yoast SEO Premium plugin. -->","yoast_head_json":{"title":"UPRIGHT HOOVER 200W 22,2V BRUSHLESS - K\u00fcken","description":"Broom hoover with latest generation brushless technology. Intelligent system: Regulates the power depending on the dirt. K\u00fcken.co.uk","robots":{"index":"noindex","follow":"follow","max-snippet":"max-snippet:-1","max-image-preview":"max-image-preview:large","max-video-preview":"max-video-preview:-1"},"og_locale":"en_GB","og_type":"article","og_title":"ASPIRADOR VERTICAL 200W 22,2V BRUSHLESS","og_description":"Aspirador escoba con tecnolog\u00eda brushless de \u00faltima generaci\u00f3n. Sistema inteligente: Regula la potencia dependiendo la suciedad. K\u00fcken.es","og_url":"https:\/\/kuken.alfadyser.dev\/en\/product-2\/200w-brushless-upright-hoover\/","og_site_name":"K\u00fcken","article_publisher":"https:\/\/es-es.facebook.com\/alfadyser\/","article_modified_time":"2025-07-22T09:19:30+00:00","og_image":[{"width":2000,"height":2000,"url":"https:\/\/kuken.alfadyser.dev\/wp-content\/uploads\/8425160344467_01.jpg","type":"image\/jpeg"}],"twitter_card":"summary_large_image","twitter_misc":{"Price":"","Availability":"In stock"},"schema":{"@context":"https:\/\/schema.org","@graph":[{"@type":"WebPage","@id":"https:\/\/kuken.alfadyser.dev\/producto\/aspirador-vertical-200w-brushless\/","url":"https:\/\/kuken.alfadyser.dev\/producto\/aspirador-vertical-200w-brushless\/","name":"UPRIGHT HOOVER 200W 22,2V BRUSHLESS - K\u00fcken","isPartOf":{"@id":"https:\/\/kuken.alfadyser.dev\/#website"},"primaryImageOfPage":{"@id":"https:\/\/kuken.alfadyser.dev\/producto\/aspirador-vertical-200w-brushless\/#primaryimage"},"image":{"@id":"https:\/\/kuken.alfadyser.dev\/producto\/aspirador-vertical-200w-brushless\/#primaryimage"},"thumbnailUrl":"https:\/\/kuken.alfadyser.dev\/wp-content\/uploads\/8425160344467_01.jpg","datePublished":"2022-03-07T12:51:44+00:00","dateModified":"2025-07-22T09:19:30+00:00","description":"Broom hoover with latest generation brushless technology. Intelligent system: Regulates the power depending on the dirt. K\u00fcken.co.uk","breadcrumb":{"@id":"https:\/\/kuken.alfadyser.dev\/producto\/aspirador-vertical-200w-brushless\/#breadcrumb"},"inLanguage":"en-GB","potentialAction":[{"@type":"ReadAction","target":["https:\/\/kuken.alfadyser.dev\/producto\/aspirador-vertical-200w-brushless\/"]}]},{"@type":"ImageObject","inLanguage":"en-GB","@id":"https:\/\/kuken.alfadyser.dev\/producto\/aspirador-vertical-200w-brushless\/#primaryimage","url":"https:\/\/kuken.alfadyser.dev\/wp-content\/uploads\/8425160344467_01.jpg","contentUrl":"https:\/\/kuken.alfadyser.dev\/wp-content\/uploads\/8425160344467_01.jpg","width":2000,"height":2000},{"@type":"BreadcrumbList","@id":"https:\/\/kuken.alfadyser.dev\/producto\/aspirador-vertical-200w-brushless\/#breadcrumb","itemListElement":[{"@type":"ListItem","position":1,"name":"Portada","item":"https:\/\/kuken.alfadyser.dev\/"},{"@type":"ListItem","position":2,"name":"Productos","item":"https:\/\/kuken.alfadyser.dev\/productos\/"},{"@type":"ListItem","position":3,"name":"ASPIRADOR VERTICAL 200W 22,2V BRUSHLESS"}]},{"@type":"WebSite","@id":"https:\/\/kuken.alfadyser.dev\/#website","url":"https:\/\/kuken.alfadyser.dev\/","name":"K\u00fcken","description":"Wide range of k\u00fcken small household appliances","publisher":{"@id":"https:\/\/kuken.alfadyser.dev\/#organization"},"potentialAction":[{"@type":"SearchAction","target":{"@type":"EntryPoint","urlTemplate":"https:\/\/kuken.alfadyser.dev\/?s={search_term_string}"},"query-input":{"@type":"PropertyValueSpecification","valueRequired":true,"valueName":"search_term_string"}}],"inLanguage":"en-GB"},{"@type":"Organization","@id":"https:\/\/kuken.alfadyser.dev\/#organization","name":"Alpha Dyser","url":"https:\/\/kuken.alfadyser.dev\/","logo":{"@type":"ImageObject","inLanguage":"en-GB","@id":"https:\/\/kuken.alfadyser.dev\/#\/schema\/logo\/image\/","url":"https:\/\/kuken.alfadyser.dev\/wp-content\/uploads\/2019\/04\/kuken-logo.png","contentUrl":"https:\/\/kuken.alfadyser.dev\/wp-content\/uploads\/2019\/04\/kuken-logo.png","width":500,"height":191,"caption":"Alfa Dyser"},"image":{"@id":"https:\/\/kuken.alfadyser.dev\/#\/schema\/logo\/image\/"},"sameAs":["https:\/\/es-es.facebook.com\/alfadyser\/","https:\/\/www.instagram.com\/kuken_appliances\/"]}]},"product_price_currency":"EUR","og_availability":"instock","product_availability":"instock","product_retailer_item_id":"34446","product_condition":"new"},"_links":{"self":[{"href":"https:\/\/kuken.alfadyser.dev\/en\/wp-json\/wp\/v2\/product\/8457","targetHints":{"allow":["GET"]}}],"collection":[{"href":"https:\/\/kuken.alfadyser.dev\/en\/wp-json\/wp\/v2\/product"}],"about":[{"href":"https:\/\/kuken.alfadyser.dev\/en\/wp-json\/wp\/v2\/types\/product"}],"wp:featuredmedia":[{"embeddable":true,"href":"https:\/\/kuken.alfadyser.dev\/en\/wp-json\/wp\/v2\/media\/11503"}],"wp:attachment":[{"href":"https:\/\/kuken.alfadyser.dev\/en\/wp-json\/wp\/v2\/media?parent=8457"}],"wp:term":[{"taxonomy":"product_brand","embeddable":true,"href":"https:\/\/kuken.alfadyser.dev\/en\/wp-json\/wp\/v2\/product_brand?post=8457"},{"taxonomy":"product_cat","embeddable":true,"href":"https:\/\/kuken.alfadyser.dev\/en\/wp-json\/wp\/v2\/product_cat?post=8457"},{"taxonomy":"product_tag","embeddable":true,"href":"https:\/\/kuken.alfadyser.dev\/en\/wp-json\/wp\/v2\/product_tag?post=8457"}],"curies":[{"name":"wp","href":"https:\/\/api.w.org\/{rel}","templated":true}]}}