{"id":7869,"date":"2021-10-29T12:08:21","date_gmt":"2021-10-29T10:08:21","guid":{"rendered":"https:\/\/kuken.alfadyser.dev\/?post_type=product&#038;p=7869"},"modified":"2025-07-22T11:19:43","modified_gmt":"2025-07-22T09:19:43","slug":"wall-mounted-hair-dryer-kuken-1200w","status":"publish","type":"product","link":"https:\/\/kuken.alfadyser.dev\/en\/product-2\/wall-mounted-hair-dryer-kuken-1200w\/","title":{"rendered":"KUKEN 1200W WALL-MOUNTED HAIR DRYER"},"content":{"rendered":"<p>KUKEN 1200W WALL-MOUNTED HAIR DRYER<\/p>\n<ul data-start=\"818\" data-end=\"1617\">\n<li data-start=\"818\" data-end=\"889\">\n<p data-start=\"820\" data-end=\"889\"><strong data-start=\"820\" data-end=\"837\">Secador mural<\/strong> ideal para <strong data-start=\"849\" data-end=\"886\">ba\u00f1os dom\u00e9sticos o de alojamiento<\/strong>.<\/p>\n<\/li>\n<li data-start=\"890\" data-end=\"967\">\n<p data-start=\"892\" data-end=\"967\"><strong data-start=\"892\" data-end=\"922\">Materiales de alta calidad<\/strong>, resistentes al calor y al uso prolongado.<\/p>\n<\/li>\n<li data-start=\"968\" data-end=\"1054\">\n<p data-start=\"970\" data-end=\"1054\"><strong data-start=\"970\" data-end=\"1006\">Dos velocidades de aire caliente<\/strong> + <strong data-start=\"1009\" data-end=\"1027\">modo aire fr\u00edo<\/strong>, para distintos estilos.<\/p>\n<\/li>\n<li data-start=\"1055\" data-end=\"1135\">\n<p data-start=\"1057\" data-end=\"1135\"><strong data-start=\"1057\" data-end=\"1096\">Bot\u00f3n de funcionamiento en el mango<\/strong>, se apaga autom\u00e1ticamente al soltar.<\/p>\n<\/li>\n<li data-start=\"1136\" data-end=\"1201\">\n<p data-start=\"1138\" data-end=\"1201\"><strong data-start=\"1138\" data-end=\"1169\">Rejilla delantera y trasera<\/strong>, evita el enredo del cabello.<\/p>\n<\/li>\n<li data-start=\"1202\" data-end=\"1259\">\n<p data-start=\"1204\" data-end=\"1259\"><strong data-start=\"1204\" data-end=\"1237\">Acabado en blanco y gris mate<\/strong>, sobrio y elegante.<\/p>\n<\/li>\n<li data-start=\"1260\" data-end=\"1325\">\n<p data-start=\"1262\" data-end=\"1325\"><strong data-start=\"1262\" data-end=\"1293\">Sistema de doble protecci\u00f3n<\/strong>, evita el sobrecalentamiento.<\/p>\n<\/li>\n<li data-start=\"1326\" data-end=\"1397\">\n<p data-start=\"1328\" data-end=\"1397\"><strong data-start=\"1328\" data-end=\"1355\">Soporte r\u00edgido de pared<\/strong>, mantiene el secador siempre accesible.<\/p>\n<\/li>\n<li data-start=\"1398\" data-end=\"1461\">\n<p data-start=\"1400\" data-end=\"1461\"><strong data-start=\"1400\" data-end=\"1427\">Cable extensible rizado<\/strong>, aporta libertad de movimiento.<\/p>\n<\/li>\n<li data-start=\"1462\" data-end=\"1545\">\n<p data-start=\"1464\" data-end=\"1545\"><strong data-start=\"1464\" data-end=\"1514\">Enchufes tipo A (americano) y tipo C (europeo)<\/strong>, perfectos para afeitadoras.<\/p>\n<\/li>\n<li data-start=\"1546\" data-end=\"1617\">\n<p data-start=\"1548\" data-end=\"1617\">Power of <strong data-start=\"1560\" data-end=\"1570\">1200 W<\/strong>, suficiente para un secado r\u00e1pido y eficiente.<\/p>\n<\/li>\n<\/ul>\n<p><div class=\"accordion\"><div class=\"mfn-acc accordion_wrapper  toggle\"><div class=\"question\"><div class=\"title\"><i class=\"icon-plus acc-icon-plus\" aria-hidden=\"true\"><\/i><i class=\"icon-minus acc-icon-minus\" aria-hidden=\"true\"><\/i>Product data<\/div><div class=\"answer\">EAN 8425160335311<\/p>\n<p>KUKEN 1200W WALL-MOUNTED HAIR DRYER<\/p>\n<p>Package unit 1<br \/>\nColour White and grey<br \/>\nPackaging Coloured box<br \/>\nPower 1200 W<br \/>\nVoltage 220 V<br \/>\nSize Small<br \/>\nMaterial PC<br \/>\nSpeed 2<br \/>\nWeight 0,42 Kg<\/div><\/div>\n<\/div><\/div>\n<br \/>\n<div class=\"accordion\"><div class=\"mfn-acc accordion_wrapper  toggle\"><div class=\"question\"><div class=\"title\"><i class=\"icon-plus acc-icon-plus\" aria-hidden=\"true\"><\/i><i class=\"icon-minus acc-icon-minus\" aria-hidden=\"true\"><\/i>Accessories<\/div><div class=\"answer\">1 Smoothing nozzle.<\/div><\/div>\n<\/div><\/div>\n<\/p>\n<div class=\"descargas-producto\"><a href=\"https:\/\/kuken.alfadyser.dev\/wp-content\/uploads\/pdf\/8425160359980_ficha_tecnica-1.pdf\"><img loading=\"lazy\" decoding=\"async\" src=\"\/wp-content\/uploads\/2019\/12\/picto-descarrega.png\" alt=\"download data sheet\" width=\"23\" height=\"16\" \/>Download sheet<\/a><a href=\"\/wp-content\/uploads\/wpallimport\/files\/manuales\/home\" target=\"_blank\" rel=\"noopener noreferrer\"><br \/>\n<\/a><a href=\"https:\/\/kuken.alfadyser.dev\/wp-content\/uploads\/pdf\/35998_instrucciones.pdf\"><img loading=\"lazy\" decoding=\"async\" src=\"\/wp-content\/uploads\/2019\/12\/picto-descarrega.png\" alt=\"download instruction manual\" width=\"23\" height=\"16\" \/>Download manual<\/a><\/div>\n<div><\/div>\n<div><span style=\"color: #bf2121\">Follow us on social media!<\/span><\/div>\n<div><a href=\"https:\/\/www.instagram.com\/kuken_appliances\/\">https:\/\/www.instagram.com\/kuken_appliances\/<\/a><\/div>","protected":false},"excerpt":{"rendered":"<p data-start=\"510\" data-end=\"654\">Dise\u00f1ado para uso diario en ba\u00f1os, este secador de pared ofrece seguridad, potencia y comodidad, con fijaci\u00f3n firme y enchufes para afeitadoras.<\/p>\n<p data-start=\"656\" data-end=\"750\">","protected":false},"featured_media":7873,"template":"","meta":[],"product_brand":[],"product_cat":[213],"product_tag":[],"class_list":{"0":"post-7869","1":"product","2":"type-product","3":"status-publish","4":"has-post-thumbnail","6":"product_cat-secadores","8":"first","9":"instock","10":"shipping-taxable","11":"product-type-simple"},"yoast_head":"<!-- This site is optimized with the Yoast SEO Premium plugin v24.0 (Yoast SEO v26.5) - https:\/\/yoast.com\/wordpress\/plugins\/seo\/ -->\n<title>SECADOR DE PELO DE PARED KUKEN 1200W - K\u00fcken<\/title>\n<meta name=\"description\" content=\"Secador de pelo con elegante acabado en color blanco y gris mate. Ideal para fijar en la pared del ba\u00f1o. Visita la web de Kuken.es\" \/>\n<meta name=\"robots\" content=\"noindex, follow, max-snippet:-1, max-image-preview:large, max-video-preview:-1\" \/>\n<meta property=\"og:locale\" content=\"en_GB\" \/>\n<meta property=\"og:type\" content=\"article\" \/>\n<meta property=\"og:title\" content=\"SECADOR DE PELO DE PARED KUKEN 1200W\" \/>\n<meta property=\"og:description\" content=\"Secador de pelo con elegante acabado en color blanco y gris mate. Ideal para fijar en la pared del ba\u00f1o. Visita la web de Kuken.es\" \/>\n<meta property=\"og:url\" content=\"https:\/\/kuken.alfadyser.dev\/en\/product-2\/wall-mounted-hair-dryer-kuken-1200w\/\" \/>\n<meta property=\"og:site_name\" content=\"K\u00fcken\" \/>\n<meta property=\"article:publisher\" content=\"https:\/\/es-es.facebook.com\/alfadyser\/\" \/>\n<meta property=\"article:modified_time\" content=\"2025-07-22T09:19:43+00:00\" \/>\n<meta property=\"og:image\" content=\"https:\/\/kuken.alfadyser.dev\/wp-content\/uploads\/8425160359980_01.jpg\" \/>\n\t<meta property=\"og:image:width\" content=\"2000\" \/>\n\t<meta property=\"og:image:height\" content=\"2000\" \/>\n\t<meta property=\"og:image:type\" content=\"image\/jpeg\" \/>\n<meta name=\"twitter:card\" content=\"summary_large_image\" \/>\n<meta name=\"twitter:label1\" content=\"Price\" \/>\n\t<meta name=\"twitter:data1\" content=\"\" \/>\n\t<meta name=\"twitter:label2\" content=\"Availability\" \/>\n\t<meta name=\"twitter:data2\" content=\"In stock\" \/>\n<script type=\"application\/ld+json\" class=\"yoast-schema-graph\">{\"@context\":\"https:\/\/schema.org\",\"@graph\":[{\"@type\":\"WebPage\",\"@id\":\"https:\/\/kuken.alfadyser.dev\/producto\/secador-de-pelo-de-pared-kuken-1200w\/\",\"url\":\"https:\/\/kuken.alfadyser.dev\/producto\/secador-de-pelo-de-pared-kuken-1200w\/\",\"name\":\"SECADOR DE PELO DE PARED KUKEN 1200W - K\u00fcken\",\"isPartOf\":{\"@id\":\"https:\/\/kuken.alfadyser.dev\/#website\"},\"primaryImageOfPage\":{\"@id\":\"https:\/\/kuken.alfadyser.dev\/producto\/secador-de-pelo-de-pared-kuken-1200w\/#primaryimage\"},\"image\":{\"@id\":\"https:\/\/kuken.alfadyser.dev\/producto\/secador-de-pelo-de-pared-kuken-1200w\/#primaryimage\"},\"thumbnailUrl\":\"https:\/\/kuken.alfadyser.dev\/wp-content\/uploads\/8425160359980_01.jpg\",\"datePublished\":\"2021-10-29T10:08:21+00:00\",\"dateModified\":\"2025-07-22T09:19:43+00:00\",\"description\":\"Secador de pelo con elegante acabado en color blanco y gris mate. Ideal para fijar en la pared del ba\u00f1o. Visita la web de Kuken.es\",\"breadcrumb\":{\"@id\":\"https:\/\/kuken.alfadyser.dev\/producto\/secador-de-pelo-de-pared-kuken-1200w\/#breadcrumb\"},\"inLanguage\":\"en-GB\",\"potentialAction\":[{\"@type\":\"ReadAction\",\"target\":[\"https:\/\/kuken.alfadyser.dev\/producto\/secador-de-pelo-de-pared-kuken-1200w\/\"]}]},{\"@type\":\"ImageObject\",\"inLanguage\":\"en-GB\",\"@id\":\"https:\/\/kuken.alfadyser.dev\/producto\/secador-de-pelo-de-pared-kuken-1200w\/#primaryimage\",\"url\":\"https:\/\/kuken.alfadyser.dev\/wp-content\/uploads\/8425160359980_01.jpg\",\"contentUrl\":\"https:\/\/kuken.alfadyser.dev\/wp-content\/uploads\/8425160359980_01.jpg\",\"width\":2000,\"height\":2000},{\"@type\":\"BreadcrumbList\",\"@id\":\"https:\/\/kuken.alfadyser.dev\/producto\/secador-de-pelo-de-pared-kuken-1200w\/#breadcrumb\",\"itemListElement\":[{\"@type\":\"ListItem\",\"position\":1,\"name\":\"Portada\",\"item\":\"https:\/\/kuken.alfadyser.dev\/\"},{\"@type\":\"ListItem\",\"position\":2,\"name\":\"Productos\",\"item\":\"https:\/\/kuken.alfadyser.dev\/productos\/\"},{\"@type\":\"ListItem\",\"position\":3,\"name\":\"SECADOR DE PELO DE PARED KUKEN 1200W\"}]},{\"@type\":\"WebSite\",\"@id\":\"https:\/\/kuken.alfadyser.dev\/#website\",\"url\":\"https:\/\/kuken.alfadyser.dev\/\",\"name\":\"K\u00fcken\",\"description\":\"Amplia gama de peque\u00f1o electrodom\u00e9stico k\u00fcken\",\"publisher\":{\"@id\":\"https:\/\/kuken.alfadyser.dev\/#organization\"},\"potentialAction\":[{\"@type\":\"SearchAction\",\"target\":{\"@type\":\"EntryPoint\",\"urlTemplate\":\"https:\/\/kuken.alfadyser.dev\/?s={search_term_string}\"},\"query-input\":{\"@type\":\"PropertyValueSpecification\",\"valueRequired\":true,\"valueName\":\"search_term_string\"}}],\"inLanguage\":\"en-GB\"},{\"@type\":\"Organization\",\"@id\":\"https:\/\/kuken.alfadyser.dev\/#organization\",\"name\":\"Alfa Dyser\",\"url\":\"https:\/\/kuken.alfadyser.dev\/\",\"logo\":{\"@type\":\"ImageObject\",\"inLanguage\":\"en-GB\",\"@id\":\"https:\/\/kuken.alfadyser.dev\/#\/schema\/logo\/image\/\",\"url\":\"https:\/\/kuken.alfadyser.dev\/wp-content\/uploads\/2019\/04\/kuken-logo.png\",\"contentUrl\":\"https:\/\/kuken.alfadyser.dev\/wp-content\/uploads\/2019\/04\/kuken-logo.png\",\"width\":500,\"height\":191,\"caption\":\"Alfa Dyser\"},\"image\":{\"@id\":\"https:\/\/kuken.alfadyser.dev\/#\/schema\/logo\/image\/\"},\"sameAs\":[\"https:\/\/es-es.facebook.com\/alfadyser\/\",\"https:\/\/www.instagram.com\/kuken_appliances\/\"]}]}<\/script>\n<meta property=\"product:price:currency\" content=\"EUR\" \/>\n<meta property=\"og:availability\" content=\"instock\" \/>\n<meta property=\"product:availability\" content=\"instock\" \/>\n<meta property=\"product:retailer_item_id\" content=\"35998\" \/>\n<meta property=\"product:condition\" content=\"new\" \/>\n<!-- \/ Yoast SEO Premium plugin. -->","yoast_head_json":{"title":"WALL HAIR DRYER KUKEN 1200W - K\u00fcken","description":"Hair dryer with elegant white and matt grey finish. Ideal for fixing on the bathroom wall. Visit the website of Kuken.es","robots":{"index":"noindex","follow":"follow","max-snippet":"max-snippet:-1","max-image-preview":"max-image-preview:large","max-video-preview":"max-video-preview:-1"},"og_locale":"en_GB","og_type":"article","og_title":"SECADOR DE PELO DE PARED KUKEN 1200W","og_description":"Secador de pelo con elegante acabado en color blanco y gris mate. Ideal para fijar en la pared del ba\u00f1o. Visita la web de Kuken.es","og_url":"https:\/\/kuken.alfadyser.dev\/en\/product-2\/wall-mounted-hair-dryer-kuken-1200w\/","og_site_name":"K\u00fcken","article_publisher":"https:\/\/es-es.facebook.com\/alfadyser\/","article_modified_time":"2025-07-22T09:19:43+00:00","og_image":[{"width":2000,"height":2000,"url":"https:\/\/kuken.alfadyser.dev\/wp-content\/uploads\/8425160359980_01.jpg","type":"image\/jpeg"}],"twitter_card":"summary_large_image","twitter_misc":{"Price":"","Availability":"In stock"},"schema":{"@context":"https:\/\/schema.org","@graph":[{"@type":"WebPage","@id":"https:\/\/kuken.alfadyser.dev\/producto\/secador-de-pelo-de-pared-kuken-1200w\/","url":"https:\/\/kuken.alfadyser.dev\/producto\/secador-de-pelo-de-pared-kuken-1200w\/","name":"WALL HAIR DRYER KUKEN 1200W - K\u00fcken","isPartOf":{"@id":"https:\/\/kuken.alfadyser.dev\/#website"},"primaryImageOfPage":{"@id":"https:\/\/kuken.alfadyser.dev\/producto\/secador-de-pelo-de-pared-kuken-1200w\/#primaryimage"},"image":{"@id":"https:\/\/kuken.alfadyser.dev\/producto\/secador-de-pelo-de-pared-kuken-1200w\/#primaryimage"},"thumbnailUrl":"https:\/\/kuken.alfadyser.dev\/wp-content\/uploads\/8425160359980_01.jpg","datePublished":"2021-10-29T10:08:21+00:00","dateModified":"2025-07-22T09:19:43+00:00","description":"Hair dryer with elegant white and matt grey finish. Ideal for fixing on the bathroom wall. Visit the website of Kuken.es","breadcrumb":{"@id":"https:\/\/kuken.alfadyser.dev\/producto\/secador-de-pelo-de-pared-kuken-1200w\/#breadcrumb"},"inLanguage":"en-GB","potentialAction":[{"@type":"ReadAction","target":["https:\/\/kuken.alfadyser.dev\/producto\/secador-de-pelo-de-pared-kuken-1200w\/"]}]},{"@type":"ImageObject","inLanguage":"en-GB","@id":"https:\/\/kuken.alfadyser.dev\/producto\/secador-de-pelo-de-pared-kuken-1200w\/#primaryimage","url":"https:\/\/kuken.alfadyser.dev\/wp-content\/uploads\/8425160359980_01.jpg","contentUrl":"https:\/\/kuken.alfadyser.dev\/wp-content\/uploads\/8425160359980_01.jpg","width":2000,"height":2000},{"@type":"BreadcrumbList","@id":"https:\/\/kuken.alfadyser.dev\/producto\/secador-de-pelo-de-pared-kuken-1200w\/#breadcrumb","itemListElement":[{"@type":"ListItem","position":1,"name":"Portada","item":"https:\/\/kuken.alfadyser.dev\/"},{"@type":"ListItem","position":2,"name":"Productos","item":"https:\/\/kuken.alfadyser.dev\/productos\/"},{"@type":"ListItem","position":3,"name":"SECADOR DE PELO DE PARED KUKEN 1200W"}]},{"@type":"WebSite","@id":"https:\/\/kuken.alfadyser.dev\/#website","url":"https:\/\/kuken.alfadyser.dev\/","name":"K\u00fcken","description":"Wide range of k\u00fcken small household appliances","publisher":{"@id":"https:\/\/kuken.alfadyser.dev\/#organization"},"potentialAction":[{"@type":"SearchAction","target":{"@type":"EntryPoint","urlTemplate":"https:\/\/kuken.alfadyser.dev\/?s={search_term_string}"},"query-input":{"@type":"PropertyValueSpecification","valueRequired":true,"valueName":"search_term_string"}}],"inLanguage":"en-GB"},{"@type":"Organization","@id":"https:\/\/kuken.alfadyser.dev\/#organization","name":"Alpha Dyser","url":"https:\/\/kuken.alfadyser.dev\/","logo":{"@type":"ImageObject","inLanguage":"en-GB","@id":"https:\/\/kuken.alfadyser.dev\/#\/schema\/logo\/image\/","url":"https:\/\/kuken.alfadyser.dev\/wp-content\/uploads\/2019\/04\/kuken-logo.png","contentUrl":"https:\/\/kuken.alfadyser.dev\/wp-content\/uploads\/2019\/04\/kuken-logo.png","width":500,"height":191,"caption":"Alfa Dyser"},"image":{"@id":"https:\/\/kuken.alfadyser.dev\/#\/schema\/logo\/image\/"},"sameAs":["https:\/\/es-es.facebook.com\/alfadyser\/","https:\/\/www.instagram.com\/kuken_appliances\/"]}]},"product_price_currency":"EUR","og_availability":"instock","product_availability":"instock","product_retailer_item_id":"35998","product_condition":"new"},"_links":{"self":[{"href":"https:\/\/kuken.alfadyser.dev\/en\/wp-json\/wp\/v2\/product\/7869","targetHints":{"allow":["GET"]}}],"collection":[{"href":"https:\/\/kuken.alfadyser.dev\/en\/wp-json\/wp\/v2\/product"}],"about":[{"href":"https:\/\/kuken.alfadyser.dev\/en\/wp-json\/wp\/v2\/types\/product"}],"wp:featuredmedia":[{"embeddable":true,"href":"https:\/\/kuken.alfadyser.dev\/en\/wp-json\/wp\/v2\/media\/7873"}],"wp:attachment":[{"href":"https:\/\/kuken.alfadyser.dev\/en\/wp-json\/wp\/v2\/media?parent=7869"}],"wp:term":[{"taxonomy":"product_brand","embeddable":true,"href":"https:\/\/kuken.alfadyser.dev\/en\/wp-json\/wp\/v2\/product_brand?post=7869"},{"taxonomy":"product_cat","embeddable":true,"href":"https:\/\/kuken.alfadyser.dev\/en\/wp-json\/wp\/v2\/product_cat?post=7869"},{"taxonomy":"product_tag","embeddable":true,"href":"https:\/\/kuken.alfadyser.dev\/en\/wp-json\/wp\/v2\/product_tag?post=7869"}],"curies":[{"name":"wp","href":"https:\/\/api.w.org\/{rel}","templated":true}]}}