{"id":7514,"date":"2021-07-20T14:19:57","date_gmt":"2021-07-20T12:19:57","guid":{"rendered":"https:\/\/kuken.alfadyser.dev\/?post_type=product&#038;p=7514"},"modified":"2025-07-22T11:43:51","modified_gmt":"2025-07-22T09:43:51","slug":"cafetera-express-15-bar-1500w-kuken","status":"publish","type":"product","link":"https:\/\/kuken.alfadyser.dev\/en\/product-2\/cafetera-express-15-bar-1500w-kuken\/","title":{"rendered":"ESPRESSO COFFEE MACHINE 15 BAR 1500W KUKEN"},"content":{"rendered":"<p>ESPRESSO COFFEE MACHINE 15 BAR 1500W KUKEN<\/p>\n<ul data-start=\"869\" data-end=\"1706\">\n<li data-start=\"869\" data-end=\"960\">\n<p data-start=\"871\" data-end=\"960\">Cafetera express de 15 bares de presi\u00f3n y 1500 W, para un caf\u00e9 profesional en casa.<\/p>\n<\/li>\n<li data-start=\"961\" data-end=\"1043\">\n<p data-start=\"963\" data-end=\"1043\">Acabado elegante en acero inoxidable y PC negro, resistente y sofisticado.<\/p>\n<\/li>\n<li data-start=\"1044\" data-end=\"1114\">\n<p data-start=\"1046\" data-end=\"1114\">Doble salida de caf\u00e9, prepara una o dos tazas simult\u00e1neamente.<\/p>\n<\/li>\n<li data-start=\"1115\" data-end=\"1204\">\n<p data-start=\"1117\" data-end=\"1204\">Man\u00f3metro integrado, controla la presi\u00f3n en tiempo real para un resultado \u00f3ptimo.<\/p>\n<\/li>\n<li data-start=\"1205\" data-end=\"1283\">\n<p data-start=\"1207\" data-end=\"1283\">Boquilla de vapor giratoria, ideal para espumar leche o calentar agua.<\/p>\n<\/li>\n<li data-start=\"1284\" data-end=\"1362\">\n<p data-start=\"1286\" data-end=\"1362\">Sistema Thermoblock, garantiza un calentamiento r\u00e1pido y uniforme.<\/p>\n<\/li>\n<li data-start=\"1363\" data-end=\"1428\">\n<p data-start=\"1365\" data-end=\"1428\">Dep\u00f3sito extra\u00edble de 1 litro, f\u00e1cil de llenar y limpiar.<\/p>\n<\/li>\n<li data-start=\"1429\" data-end=\"1503\">\n<p data-start=\"1431\" data-end=\"1503\">Bandeja superior calienta tazas, mantiene la temperatura perfecta.<\/p>\n<\/li>\n<li data-start=\"1504\" data-end=\"1579\">\n<p data-start=\"1506\" data-end=\"1579\">Tecnolog\u00eda exclusiva Aroma Strong, intensifica el sabor y el aroma.<\/p>\n<\/li>\n<li data-start=\"1580\" data-end=\"1643\">\n<p data-start=\"1582\" data-end=\"1643\">Perfecta para preparar espressos, lattes o cappuccinos.<\/p>\n<\/li>\n<li data-start=\"1644\" data-end=\"1706\">\n<p data-start=\"1646\" data-end=\"1706\">Patas antideslizantes, estabilidad total durante el uso.<\/p>\n<\/li>\n<\/ul>\n<p>&nbsp;<\/p>\n<p><div class=\"accordion\"><div class=\"mfn-acc accordion_wrapper  toggle\"><div class=\"question\"><div class=\"title\"><i class=\"icon-plus acc-icon-plus\" aria-hidden=\"true\"><\/i><i class=\"icon-minus acc-icon-minus\" aria-hidden=\"true\"><\/i>Product data<\/div><div class=\"answer\">EAN 8425160356750<\/p>\n<p>ESPRESSO COFFEE MACHINE 15 BAR 1500W KUKEN<\/p>\n<p>Package unit 1<br \/>\nColour Grey and Black<br \/>\nPackaging Colour Box<br \/>\nPower 1500 W<br \/>\nVoltage 230 V<br \/>\nTank Capacity 1 Litre<br \/>\nMaterial PC<br \/>\nDetachable Yes<br \/>\nNon-slip feet Yes<br \/>\nWeight 3.1 kg<\/div><\/div>\n<\/div><\/div>\n<br \/>\n<div class=\"accordion\"><div class=\"mfn-acc accordion_wrapper  toggle\"><div class=\"question\"><div class=\"title\"><i class=\"icon-plus acc-icon-plus\" aria-hidden=\"true\"><\/i><i class=\"icon-minus acc-icon-minus\" aria-hidden=\"true\"><\/i>Accessories<\/div><div class=\"answer\"><\/div><\/div>\n<\/div><\/div>\n<\/p>\n<div class=\"descargas-producto\"><a href=\"\/wp-content\/uploads\/pdf\/8425160338466_ficha_tecnica.pdf\" target=\"_blank\" rel=\"noopener noreferrer\"><br \/>\n<\/a><a href=\"https:\/\/kuken.alfadyser.dev\/wp-content\/uploads\/pdf\/8425160356750_ficha_tecnica_02.pdf\"><img loading=\"lazy\" decoding=\"async\" src=\"\/wp-content\/uploads\/2019\/12\/picto-descarrega.png\" alt=\"download data sheet\" width=\"23\" height=\"16\" \/>Download sheet<\/a><br \/>\n<img loading=\"lazy\" decoding=\"async\" src=\"\/wp-content\/uploads\/2019\/12\/picto-descarrega.png\" alt=\"download instruction manual\" width=\"23\" height=\"16\" \/><a href=\"https:\/\/kuken.alfadyser.dev\/wp-content\/uploads\/35675_manual_instrucciones.pdf\">Download manual<\/a><\/div>\n<div><\/div>\n<div><span style=\"color: #bf2121\">Follow us on social media!<\/span><\/div>\n<div><a href=\"https:\/\/www.instagram.com\/kuken_appliances\/\">https:\/\/www.instagram.com\/kuken_appliances\/<\/a><\/div>\n<p><iframe loading=\"lazy\" title=\"k\u00fcken espresso machine\" width=\"560\" height=\"315\" src=\"https:\/\/www.youtube.com\/embed\/TpFEeGBskz4?feature=oembed\" frameborder=\"0\" allow=\"accelerometer; autoplay; clipboard-write; encrypted-media; gyroscope; picture-in-picture; web-share\" referrerpolicy=\"strict-origin-when-cross-origin\" allowfullscreen><\/iframe><\/p>","protected":false},"excerpt":{"rendered":"<p data-start=\"525\" data-end=\"670\">Designed for intense coffee lovers, this coffee maker allows you to prepare espressos and cappuccinos with professional pressure and perfect foam.<\/p>\n<p data-start=\"672\" data-end=\"801\">","protected":false},"featured_media":7516,"template":"","meta":[],"product_brand":[],"product_cat":[200],"product_tag":[],"class_list":{"0":"post-7514","1":"product","2":"type-product","3":"status-publish","4":"has-post-thumbnail","6":"product_cat-cafeteras-molinillos","8":"first","9":"instock","10":"shipping-taxable","11":"product-type-simple"},"yoast_head":"<!-- This site is optimized with the Yoast SEO Premium plugin v24.0 (Yoast SEO v26.5) - https:\/\/yoast.com\/wordpress\/plugins\/seo\/ -->\n<title>CAFETERA EXPRESS 15 BAR 1500W KUKEN - K\u00fcken<\/title>\n<meta name=\"description\" content=\"Cafetera express 15 bar 1500w kuken, con man\u00f3metro, vaporera, calienta tazas y sistema Aroma Strong. Caf\u00e9 intenso, r\u00e1pido y con gran crema.\" \/>\n<meta name=\"robots\" content=\"noindex, follow, max-snippet:-1, max-image-preview:large, max-video-preview:-1\" \/>\n<meta property=\"og:locale\" content=\"en_GB\" \/>\n<meta property=\"og:type\" content=\"article\" \/>\n<meta property=\"og:title\" content=\"CAFETERA EXPRESS 15 BAR 1500W KUKEN\" \/>\n<meta property=\"og:description\" content=\"Cafetera express 15 bar 1500w kuken, con man\u00f3metro, vaporera, calienta tazas y sistema Aroma Strong. Caf\u00e9 intenso, r\u00e1pido y con gran crema.\" \/>\n<meta property=\"og:url\" content=\"https:\/\/kuken.alfadyser.dev\/en\/product-2\/cafetera-express-15-bar-1500w-kuken\/\" \/>\n<meta property=\"og:site_name\" content=\"K\u00fcken\" \/>\n<meta property=\"article:publisher\" content=\"https:\/\/es-es.facebook.com\/alfadyser\/\" \/>\n<meta property=\"article:modified_time\" content=\"2025-07-22T09:43:51+00:00\" \/>\n<meta property=\"og:image\" content=\"https:\/\/kuken.alfadyser.dev\/wp-content\/uploads\/8425160356750_01.jpg\" \/>\n\t<meta property=\"og:image:width\" content=\"2000\" \/>\n\t<meta property=\"og:image:height\" content=\"2000\" \/>\n\t<meta property=\"og:image:type\" content=\"image\/jpeg\" \/>\n<meta name=\"twitter:card\" content=\"summary_large_image\" \/>\n<meta name=\"twitter:label1\" content=\"Price\" \/>\n\t<meta name=\"twitter:data1\" content=\"\" \/>\n\t<meta name=\"twitter:label2\" content=\"Availability\" \/>\n\t<meta name=\"twitter:data2\" content=\"In stock\" \/>\n<script type=\"application\/ld+json\" class=\"yoast-schema-graph\">{\"@context\":\"https:\/\/schema.org\",\"@graph\":[{\"@type\":\"WebPage\",\"@id\":\"https:\/\/kuken.alfadyser.dev\/producto\/cafetera-express-15-bar-1500w-kuken\/\",\"url\":\"https:\/\/kuken.alfadyser.dev\/producto\/cafetera-express-15-bar-1500w-kuken\/\",\"name\":\"CAFETERA EXPRESS 15 BAR 1500W KUKEN - K\u00fcken\",\"isPartOf\":{\"@id\":\"https:\/\/kuken.alfadyser.dev\/#website\"},\"primaryImageOfPage\":{\"@id\":\"https:\/\/kuken.alfadyser.dev\/producto\/cafetera-express-15-bar-1500w-kuken\/#primaryimage\"},\"image\":{\"@id\":\"https:\/\/kuken.alfadyser.dev\/producto\/cafetera-express-15-bar-1500w-kuken\/#primaryimage\"},\"thumbnailUrl\":\"https:\/\/kuken.alfadyser.dev\/wp-content\/uploads\/8425160356750_01.jpg\",\"datePublished\":\"2021-07-20T12:19:57+00:00\",\"dateModified\":\"2025-07-22T09:43:51+00:00\",\"description\":\"Cafetera express 15 bar 1500w kuken, con man\u00f3metro, vaporera, calienta tazas y sistema Aroma Strong. Caf\u00e9 intenso, r\u00e1pido y con gran crema.\",\"breadcrumb\":{\"@id\":\"https:\/\/kuken.alfadyser.dev\/producto\/cafetera-express-15-bar-1500w-kuken\/#breadcrumb\"},\"inLanguage\":\"en-GB\",\"potentialAction\":[{\"@type\":\"ReadAction\",\"target\":[\"https:\/\/kuken.alfadyser.dev\/producto\/cafetera-express-15-bar-1500w-kuken\/\"]}]},{\"@type\":\"ImageObject\",\"inLanguage\":\"en-GB\",\"@id\":\"https:\/\/kuken.alfadyser.dev\/producto\/cafetera-express-15-bar-1500w-kuken\/#primaryimage\",\"url\":\"https:\/\/kuken.alfadyser.dev\/wp-content\/uploads\/8425160356750_01.jpg\",\"contentUrl\":\"https:\/\/kuken.alfadyser.dev\/wp-content\/uploads\/8425160356750_01.jpg\",\"width\":2000,\"height\":2000,\"caption\":\"Cafetera express 15 bares de presi\u00f3n\"},{\"@type\":\"BreadcrumbList\",\"@id\":\"https:\/\/kuken.alfadyser.dev\/producto\/cafetera-express-15-bar-1500w-kuken\/#breadcrumb\",\"itemListElement\":[{\"@type\":\"ListItem\",\"position\":1,\"name\":\"Portada\",\"item\":\"https:\/\/kuken.alfadyser.dev\/\"},{\"@type\":\"ListItem\",\"position\":2,\"name\":\"Productos\",\"item\":\"https:\/\/kuken.alfadyser.dev\/productos\/\"},{\"@type\":\"ListItem\",\"position\":3,\"name\":\"CAFETERA EXPRESS 15 BAR 1500W KUKEN\"}]},{\"@type\":\"WebSite\",\"@id\":\"https:\/\/kuken.alfadyser.dev\/#website\",\"url\":\"https:\/\/kuken.alfadyser.dev\/\",\"name\":\"K\u00fcken\",\"description\":\"Amplia gama de peque\u00f1o electrodom\u00e9stico k\u00fcken\",\"publisher\":{\"@id\":\"https:\/\/kuken.alfadyser.dev\/#organization\"},\"potentialAction\":[{\"@type\":\"SearchAction\",\"target\":{\"@type\":\"EntryPoint\",\"urlTemplate\":\"https:\/\/kuken.alfadyser.dev\/?s={search_term_string}\"},\"query-input\":{\"@type\":\"PropertyValueSpecification\",\"valueRequired\":true,\"valueName\":\"search_term_string\"}}],\"inLanguage\":\"en-GB\"},{\"@type\":\"Organization\",\"@id\":\"https:\/\/kuken.alfadyser.dev\/#organization\",\"name\":\"Alfa Dyser\",\"url\":\"https:\/\/kuken.alfadyser.dev\/\",\"logo\":{\"@type\":\"ImageObject\",\"inLanguage\":\"en-GB\",\"@id\":\"https:\/\/kuken.alfadyser.dev\/#\/schema\/logo\/image\/\",\"url\":\"https:\/\/kuken.alfadyser.dev\/wp-content\/uploads\/2019\/04\/kuken-logo.png\",\"contentUrl\":\"https:\/\/kuken.alfadyser.dev\/wp-content\/uploads\/2019\/04\/kuken-logo.png\",\"width\":500,\"height\":191,\"caption\":\"Alfa Dyser\"},\"image\":{\"@id\":\"https:\/\/kuken.alfadyser.dev\/#\/schema\/logo\/image\/\"},\"sameAs\":[\"https:\/\/es-es.facebook.com\/alfadyser\/\",\"https:\/\/www.instagram.com\/kuken_appliances\/\"]}]}<\/script>\n<meta property=\"product:price:currency\" content=\"EUR\" \/>\n<meta property=\"og:availability\" content=\"instock\" \/>\n<meta property=\"product:availability\" content=\"instock\" \/>\n<meta property=\"product:retailer_item_id\" content=\"35675\" \/>\n<meta property=\"product:condition\" content=\"new\" \/>\n<!-- \/ Yoast SEO Premium plugin. -->","yoast_head_json":{"title":"EXPRESS COFFEE MACHINE 15 BAR 1500W KUKEN - K\u00fcken","description":"15 bar 1500w kuken espresso machine, with pressure gauge, steamer, cup warmer and Aroma Strong system. Intense coffee, fast and with great crema.","robots":{"index":"noindex","follow":"follow","max-snippet":"max-snippet:-1","max-image-preview":"max-image-preview:large","max-video-preview":"max-video-preview:-1"},"og_locale":"en_GB","og_type":"article","og_title":"CAFETERA EXPRESS 15 BAR 1500W KUKEN","og_description":"Cafetera express 15 bar 1500w kuken, con man\u00f3metro, vaporera, calienta tazas y sistema Aroma Strong. Caf\u00e9 intenso, r\u00e1pido y con gran crema.","og_url":"https:\/\/kuken.alfadyser.dev\/en\/product-2\/cafetera-express-15-bar-1500w-kuken\/","og_site_name":"K\u00fcken","article_publisher":"https:\/\/es-es.facebook.com\/alfadyser\/","article_modified_time":"2025-07-22T09:43:51+00:00","og_image":[{"width":2000,"height":2000,"url":"https:\/\/kuken.alfadyser.dev\/wp-content\/uploads\/8425160356750_01.jpg","type":"image\/jpeg"}],"twitter_card":"summary_large_image","twitter_misc":{"Price":"","Availability":"In stock"},"schema":{"@context":"https:\/\/schema.org","@graph":[{"@type":"WebPage","@id":"https:\/\/kuken.alfadyser.dev\/producto\/cafetera-express-15-bar-1500w-kuken\/","url":"https:\/\/kuken.alfadyser.dev\/producto\/cafetera-express-15-bar-1500w-kuken\/","name":"EXPRESS COFFEE MACHINE 15 BAR 1500W KUKEN - K\u00fcken","isPartOf":{"@id":"https:\/\/kuken.alfadyser.dev\/#website"},"primaryImageOfPage":{"@id":"https:\/\/kuken.alfadyser.dev\/producto\/cafetera-express-15-bar-1500w-kuken\/#primaryimage"},"image":{"@id":"https:\/\/kuken.alfadyser.dev\/producto\/cafetera-express-15-bar-1500w-kuken\/#primaryimage"},"thumbnailUrl":"https:\/\/kuken.alfadyser.dev\/wp-content\/uploads\/8425160356750_01.jpg","datePublished":"2021-07-20T12:19:57+00:00","dateModified":"2025-07-22T09:43:51+00:00","description":"15 bar 1500w kuken espresso machine, with pressure gauge, steamer, cup warmer and Aroma Strong system. Intense coffee, fast and with great crema.","breadcrumb":{"@id":"https:\/\/kuken.alfadyser.dev\/producto\/cafetera-express-15-bar-1500w-kuken\/#breadcrumb"},"inLanguage":"en-GB","potentialAction":[{"@type":"ReadAction","target":["https:\/\/kuken.alfadyser.dev\/producto\/cafetera-express-15-bar-1500w-kuken\/"]}]},{"@type":"ImageObject","inLanguage":"en-GB","@id":"https:\/\/kuken.alfadyser.dev\/producto\/cafetera-express-15-bar-1500w-kuken\/#primaryimage","url":"https:\/\/kuken.alfadyser.dev\/wp-content\/uploads\/8425160356750_01.jpg","contentUrl":"https:\/\/kuken.alfadyser.dev\/wp-content\/uploads\/8425160356750_01.jpg","width":2000,"height":2000,"caption":"Cafetera express 15 bares de presi\u00f3n"},{"@type":"BreadcrumbList","@id":"https:\/\/kuken.alfadyser.dev\/producto\/cafetera-express-15-bar-1500w-kuken\/#breadcrumb","itemListElement":[{"@type":"ListItem","position":1,"name":"Portada","item":"https:\/\/kuken.alfadyser.dev\/"},{"@type":"ListItem","position":2,"name":"Productos","item":"https:\/\/kuken.alfadyser.dev\/productos\/"},{"@type":"ListItem","position":3,"name":"CAFETERA EXPRESS 15 BAR 1500W KUKEN"}]},{"@type":"WebSite","@id":"https:\/\/kuken.alfadyser.dev\/#website","url":"https:\/\/kuken.alfadyser.dev\/","name":"K\u00fcken","description":"Wide range of k\u00fcken small household appliances","publisher":{"@id":"https:\/\/kuken.alfadyser.dev\/#organization"},"potentialAction":[{"@type":"SearchAction","target":{"@type":"EntryPoint","urlTemplate":"https:\/\/kuken.alfadyser.dev\/?s={search_term_string}"},"query-input":{"@type":"PropertyValueSpecification","valueRequired":true,"valueName":"search_term_string"}}],"inLanguage":"en-GB"},{"@type":"Organization","@id":"https:\/\/kuken.alfadyser.dev\/#organization","name":"Alpha Dyser","url":"https:\/\/kuken.alfadyser.dev\/","logo":{"@type":"ImageObject","inLanguage":"en-GB","@id":"https:\/\/kuken.alfadyser.dev\/#\/schema\/logo\/image\/","url":"https:\/\/kuken.alfadyser.dev\/wp-content\/uploads\/2019\/04\/kuken-logo.png","contentUrl":"https:\/\/kuken.alfadyser.dev\/wp-content\/uploads\/2019\/04\/kuken-logo.png","width":500,"height":191,"caption":"Alfa Dyser"},"image":{"@id":"https:\/\/kuken.alfadyser.dev\/#\/schema\/logo\/image\/"},"sameAs":["https:\/\/es-es.facebook.com\/alfadyser\/","https:\/\/www.instagram.com\/kuken_appliances\/"]}]},"product_price_currency":"EUR","og_availability":"instock","product_availability":"instock","product_retailer_item_id":"35675","product_condition":"new"},"_links":{"self":[{"href":"https:\/\/kuken.alfadyser.dev\/en\/wp-json\/wp\/v2\/product\/7514","targetHints":{"allow":["GET"]}}],"collection":[{"href":"https:\/\/kuken.alfadyser.dev\/en\/wp-json\/wp\/v2\/product"}],"about":[{"href":"https:\/\/kuken.alfadyser.dev\/en\/wp-json\/wp\/v2\/types\/product"}],"wp:featuredmedia":[{"embeddable":true,"href":"https:\/\/kuken.alfadyser.dev\/en\/wp-json\/wp\/v2\/media\/7516"}],"wp:attachment":[{"href":"https:\/\/kuken.alfadyser.dev\/en\/wp-json\/wp\/v2\/media?parent=7514"}],"wp:term":[{"taxonomy":"product_brand","embeddable":true,"href":"https:\/\/kuken.alfadyser.dev\/en\/wp-json\/wp\/v2\/product_brand?post=7514"},{"taxonomy":"product_cat","embeddable":true,"href":"https:\/\/kuken.alfadyser.dev\/en\/wp-json\/wp\/v2\/product_cat?post=7514"},{"taxonomy":"product_tag","embeddable":true,"href":"https:\/\/kuken.alfadyser.dev\/en\/wp-json\/wp\/v2\/product_tag?post=7514"}],"curies":[{"name":"wp","href":"https:\/\/api.w.org\/{rel}","templated":true}]}}