{"id":7505,"date":"2021-07-20T13:23:07","date_gmt":"2021-07-20T11:23:07","guid":{"rendered":"https:\/\/kuken.alfadyser.dev\/?post_type=product&#038;p=7505"},"modified":"2025-07-22T11:44:03","modified_gmt":"2025-07-22T09:44:03","slug":"steam-iron-2200w-ceramic-ceramic-sole-kuken","status":"publish","type":"product","link":"https:\/\/kuken.alfadyser.dev\/en\/product-2\/steam-iron-2200w-ceramic-ceramic-sole-kuken\/","title":{"rendered":"STEAM IRON 2200W CERAMIC SOLE CERAMIC KUKEN"},"content":{"rendered":"<p>STEAM IRON 2200W CERAMIC SOLE CERAMIC KUKEN<\/p>\n<ul>\n<li data-start=\"881\" data-end=\"946\">\n<p data-start=\"883\" data-end=\"946\">Potencia de 2200 W, ideal para el uso diario en el hogar.<\/p>\n<\/li>\n<li data-start=\"947\" data-end=\"1028\">\n<p data-start=\"949\" data-end=\"1028\">Cuerpo de pl\u00e1stico con acabado en lila y blanco, moderno y funcional.<\/p>\n<\/li>\n<li data-start=\"1029\" data-end=\"1094\">\n<p data-start=\"1031\" data-end=\"1094\">Selector de temperatura, se adapta a cada tipo de tejido.<\/p>\n<\/li>\n<li data-start=\"1095\" data-end=\"1178\">\n<p data-start=\"1097\" data-end=\"1178\">Funciones: vapor ON\/OFF y spray difusor para humedecer zonas dif\u00edciles.<\/p>\n<\/li>\n<li data-start=\"1179\" data-end=\"1262\">\n<p data-start=\"1181\" data-end=\"1262\">Autoapagado inteligente: 30 segundos en horizontal y 8 minutos en vertical.<\/p>\n<\/li>\n<li data-start=\"1263\" data-end=\"1333\">\n<p data-start=\"1265\" data-end=\"1333\">Caudal de vapor regulable (0\u201320 g\/min), para un control total.<\/p>\n<\/li>\n<li data-start=\"1334\" data-end=\"1402\">\n<p data-start=\"1336\" data-end=\"1402\">Golpe de vapor de 100 g\/min, perfecto para arrugas rebeldes.<\/p>\n<\/li>\n<li data-start=\"1403\" data-end=\"1482\">\n<p data-start=\"1405\" data-end=\"1482\">Suela cer\u00e1mica ultra-deslizante y anti-ara\u00f1azos, mayor agilidad de uso.<\/p>\n<\/li>\n<li data-start=\"1483\" data-end=\"1538\">\n<p data-start=\"1485\" data-end=\"1538\">Dep\u00f3sito trasl\u00facido de 200 ml, f\u00e1cil de llenar.<\/p>\n<\/li>\n<li data-start=\"1539\" data-end=\"1596\">\n<p data-start=\"1541\" data-end=\"1596\">Asa ergon\u00f3mica confort, comodidad en cada sesi\u00f3n.<\/p>\n<\/li>\n<li data-start=\"1597\" data-end=\"1634\">\n<p data-start=\"1599\" data-end=\"1634\">Cable de 1,9 m con giro 360\u00b0.<\/p>\n<\/li>\n<li data-start=\"1635\" data-end=\"1685\">\n<p data-start=\"1637\" data-end=\"1685\">Sistema anti-cal, anti-goteo y autolimpieza.<\/p>\n<\/li>\n<\/ul>\n<p><div class=\"accordion\"><div class=\"mfn-acc accordion_wrapper  toggle\"><div class=\"question\"><div class=\"title\"><i class=\"icon-plus acc-icon-plus\" aria-hidden=\"true\"><\/i><i class=\"icon-minus acc-icon-minus\" aria-hidden=\"true\"><\/i>Product data<\/div><div class=\"answer\">EAN 8425160341787<\/p>\n<p>STEAM IRON 2200W CERAMIC SOLE CERAMIC KUKEN<\/p>\n<p>Package unit 1<br \/>\nLilac and white.<br \/>\nPackaging Colour Box<br \/>\nPower 2200 W<br \/>\nVoltage 230 V<br \/>\nTank capacity 200 ml<br \/>\nMaterial PC<br \/>\nCeramic Sole<br \/>\nWeight 1.5 kg.<\/div><\/div>\n<\/div><\/div>\n<br \/>\n<div class=\"accordion\"><div class=\"mfn-acc accordion_wrapper  toggle\"><div class=\"question\"><div class=\"title\"><i class=\"icon-plus acc-icon-plus\" aria-hidden=\"true\"><\/i><i class=\"icon-minus acc-icon-minus\" aria-hidden=\"true\"><\/i>Accessories<\/div><div class=\"answer\"><\/div><\/div>\n<\/div><\/div>\n<\/p>\n<div class=\"descargas-producto\"><a href=\"\/wp-content\/uploads\/pdf\/8425160339425_ficha_tecnica.pdf\" target=\"_blank\" rel=\"noopener noreferrer\"><br \/>\n<\/a><img loading=\"lazy\" decoding=\"async\" src=\"\/wp-content\/uploads\/2019\/12\/picto-descarrega.png\" alt=\"download data sheet\" width=\"23\" height=\"16\" \/><a href=\"https:\/\/kuken.alfadyser.dev\/wp-content\/uploads\/8425160341787_ficha_tecnica.pdf\">Download sheet<\/a><a href=\"\/wp-content\/uploads\/pdf\/home\" target=\"_blank\" rel=\"noopener noreferrer\"><br \/>\n<\/a><img loading=\"lazy\" decoding=\"async\" src=\"\/wp-content\/uploads\/2019\/12\/picto-descarrega.png\" alt=\"download instruction manual\" width=\"23\" height=\"16\" \/><a href=\"https:\/\/kuken.alfadyser.dev\/wp-content\/uploads\/34178_instrucciones_compressed.pdf\">Download manual<\/a><\/div>\n<div><\/div>\n<div><span style=\"color: #bf2121\">Follow us on social media!<\/span><\/div>\n<div><a href=\"https:\/\/www.instagram.com\/kuken_appliances\/\">https:\/\/www.instagram.com\/kuken_appliances\/<\/a><\/div>\n<p><iframe loading=\"lazy\" title=\"Assortment of plates K\u00fcken\" width=\"560\" height=\"315\" src=\"https:\/\/www.youtube.com\/embed\/MICNeF0ILKs?feature=oembed\" frameborder=\"0\" allow=\"accelerometer; autoplay; clipboard-write; encrypted-media; gyroscope; picture-in-picture; web-share\" referrerpolicy=\"strict-origin-when-cross-origin\" allowfullscreen><\/iframe><\/p>","protected":false},"excerpt":{"rendered":"<p data-start=\"535\" data-end=\"693\">Designed to make every stroke easy, this iron combines powerful steam, automatic safety and a ceramic soleplate for perfect results with ease.<\/p>\n<p data-start=\"695\" data-end=\"813\">","protected":false},"featured_media":7509,"template":"","meta":[],"product_brand":[],"product_cat":[207],"product_tag":[],"class_list":{"0":"post-7505","1":"product","2":"type-product","3":"status-publish","4":"has-post-thumbnail","6":"product_cat-planchas-vapor","8":"first","9":"instock","10":"shipping-taxable","11":"product-type-simple"},"yoast_head":"<!-- This site is optimized with the Yoast SEO Premium plugin v24.0 (Yoast SEO v26.5) - https:\/\/yoast.com\/wordpress\/plugins\/seo\/ -->\n<title>PLANCHA DE VAPOR 2200W SUELA CERAMICA KUKEN - K\u00fcken<\/title>\n<meta name=\"description\" content=\"Plancha de vapor 2200w suela cer\u00e1mica kuken, ligera y eficaz. Suela ultra-deslizante, vapor regulable y apagado autom\u00e1tico para un planchado c\u00f3modo.\" \/>\n<meta name=\"robots\" content=\"noindex, follow, max-snippet:-1, max-image-preview:large, max-video-preview:-1\" \/>\n<meta property=\"og:locale\" content=\"en_GB\" \/>\n<meta property=\"og:type\" content=\"article\" \/>\n<meta property=\"og:title\" content=\"PLANCHA DE VAPOR 2200W SUELA CERAMICA KUKEN\" \/>\n<meta property=\"og:description\" content=\"Plancha de vapor 2200w suela cer\u00e1mica kuken, ligera y eficaz. Suela ultra-deslizante, vapor regulable y apagado autom\u00e1tico para un planchado c\u00f3modo.\" \/>\n<meta property=\"og:url\" content=\"https:\/\/kuken.alfadyser.dev\/en\/product-2\/steam-iron-2200w-ceramic-ceramic-sole-kuken\/\" \/>\n<meta property=\"og:site_name\" content=\"K\u00fcken\" \/>\n<meta property=\"article:publisher\" content=\"https:\/\/es-es.facebook.com\/alfadyser\/\" \/>\n<meta property=\"article:modified_time\" content=\"2025-07-22T09:44:03+00:00\" \/>\n<meta property=\"og:image\" content=\"https:\/\/kuken.alfadyser.dev\/wp-content\/uploads\/8425160341787_01.jpg\" \/>\n\t<meta property=\"og:image:width\" content=\"2000\" \/>\n\t<meta property=\"og:image:height\" content=\"2000\" \/>\n\t<meta property=\"og:image:type\" content=\"image\/jpeg\" \/>\n<meta name=\"twitter:card\" content=\"summary_large_image\" \/>\n<meta name=\"twitter:label1\" content=\"Price\" \/>\n\t<meta name=\"twitter:data1\" content=\"\" \/>\n\t<meta name=\"twitter:label2\" content=\"Availability\" \/>\n\t<meta name=\"twitter:data2\" content=\"In stock\" \/>\n<script type=\"application\/ld+json\" class=\"yoast-schema-graph\">{\"@context\":\"https:\/\/schema.org\",\"@graph\":[{\"@type\":\"WebPage\",\"@id\":\"https:\/\/kuken.alfadyser.dev\/producto\/plancha-de-vapor-2200w-suela-ceramica-kuken\/\",\"url\":\"https:\/\/kuken.alfadyser.dev\/producto\/plancha-de-vapor-2200w-suela-ceramica-kuken\/\",\"name\":\"PLANCHA DE VAPOR 2200W SUELA CERAMICA KUKEN - K\u00fcken\",\"isPartOf\":{\"@id\":\"https:\/\/kuken.alfadyser.dev\/#website\"},\"primaryImageOfPage\":{\"@id\":\"https:\/\/kuken.alfadyser.dev\/producto\/plancha-de-vapor-2200w-suela-ceramica-kuken\/#primaryimage\"},\"image\":{\"@id\":\"https:\/\/kuken.alfadyser.dev\/producto\/plancha-de-vapor-2200w-suela-ceramica-kuken\/#primaryimage\"},\"thumbnailUrl\":\"https:\/\/kuken.alfadyser.dev\/wp-content\/uploads\/8425160341787_01.jpg\",\"datePublished\":\"2021-07-20T11:23:07+00:00\",\"dateModified\":\"2025-07-22T09:44:03+00:00\",\"description\":\"Plancha de vapor 2200w suela cer\u00e1mica kuken, ligera y eficaz. Suela ultra-deslizante, vapor regulable y apagado autom\u00e1tico para un planchado c\u00f3modo.\",\"breadcrumb\":{\"@id\":\"https:\/\/kuken.alfadyser.dev\/producto\/plancha-de-vapor-2200w-suela-ceramica-kuken\/#breadcrumb\"},\"inLanguage\":\"en-GB\",\"potentialAction\":[{\"@type\":\"ReadAction\",\"target\":[\"https:\/\/kuken.alfadyser.dev\/producto\/plancha-de-vapor-2200w-suela-ceramica-kuken\/\"]}]},{\"@type\":\"ImageObject\",\"inLanguage\":\"en-GB\",\"@id\":\"https:\/\/kuken.alfadyser.dev\/producto\/plancha-de-vapor-2200w-suela-ceramica-kuken\/#primaryimage\",\"url\":\"https:\/\/kuken.alfadyser.dev\/wp-content\/uploads\/8425160341787_01.jpg\",\"contentUrl\":\"https:\/\/kuken.alfadyser.dev\/wp-content\/uploads\/8425160341787_01.jpg\",\"width\":2000,\"height\":2000,\"caption\":\"Plancha de vapor kuken\"},{\"@type\":\"BreadcrumbList\",\"@id\":\"https:\/\/kuken.alfadyser.dev\/producto\/plancha-de-vapor-2200w-suela-ceramica-kuken\/#breadcrumb\",\"itemListElement\":[{\"@type\":\"ListItem\",\"position\":1,\"name\":\"Portada\",\"item\":\"https:\/\/kuken.alfadyser.dev\/\"},{\"@type\":\"ListItem\",\"position\":2,\"name\":\"Productos\",\"item\":\"https:\/\/kuken.alfadyser.dev\/productos\/\"},{\"@type\":\"ListItem\",\"position\":3,\"name\":\"PLANCHA DE VAPOR 2200W SUELA CERAMICA KUKEN\"}]},{\"@type\":\"WebSite\",\"@id\":\"https:\/\/kuken.alfadyser.dev\/#website\",\"url\":\"https:\/\/kuken.alfadyser.dev\/\",\"name\":\"K\u00fcken\",\"description\":\"Amplia gama de peque\u00f1o electrodom\u00e9stico k\u00fcken\",\"publisher\":{\"@id\":\"https:\/\/kuken.alfadyser.dev\/#organization\"},\"potentialAction\":[{\"@type\":\"SearchAction\",\"target\":{\"@type\":\"EntryPoint\",\"urlTemplate\":\"https:\/\/kuken.alfadyser.dev\/?s={search_term_string}\"},\"query-input\":{\"@type\":\"PropertyValueSpecification\",\"valueRequired\":true,\"valueName\":\"search_term_string\"}}],\"inLanguage\":\"en-GB\"},{\"@type\":\"Organization\",\"@id\":\"https:\/\/kuken.alfadyser.dev\/#organization\",\"name\":\"Alfa Dyser\",\"url\":\"https:\/\/kuken.alfadyser.dev\/\",\"logo\":{\"@type\":\"ImageObject\",\"inLanguage\":\"en-GB\",\"@id\":\"https:\/\/kuken.alfadyser.dev\/#\/schema\/logo\/image\/\",\"url\":\"https:\/\/kuken.alfadyser.dev\/wp-content\/uploads\/2019\/04\/kuken-logo.png\",\"contentUrl\":\"https:\/\/kuken.alfadyser.dev\/wp-content\/uploads\/2019\/04\/kuken-logo.png\",\"width\":500,\"height\":191,\"caption\":\"Alfa Dyser\"},\"image\":{\"@id\":\"https:\/\/kuken.alfadyser.dev\/#\/schema\/logo\/image\/\"},\"sameAs\":[\"https:\/\/es-es.facebook.com\/alfadyser\/\",\"https:\/\/www.instagram.com\/kuken_appliances\/\"]}]}<\/script>\n<meta property=\"product:price:currency\" content=\"EUR\" \/>\n<meta property=\"og:availability\" content=\"instock\" \/>\n<meta property=\"product:availability\" content=\"instock\" \/>\n<meta property=\"product:retailer_item_id\" content=\"34178\" \/>\n<meta property=\"product:condition\" content=\"new\" \/>\n<!-- \/ Yoast SEO Premium plugin. -->","yoast_head_json":{"title":"STEAM IRON 2200W CERAMIC SOLE KUKEN - K\u00fcken","description":"2200w steam iron with kuken ceramic soleplate, light and efficient. Ultra-slide soleplate, adjustable steam and automatic shut-off for comfortable ironing.","robots":{"index":"noindex","follow":"follow","max-snippet":"max-snippet:-1","max-image-preview":"max-image-preview:large","max-video-preview":"max-video-preview:-1"},"og_locale":"en_GB","og_type":"article","og_title":"PLANCHA DE VAPOR 2200W SUELA CERAMICA KUKEN","og_description":"Plancha de vapor 2200w suela cer\u00e1mica kuken, ligera y eficaz. Suela ultra-deslizante, vapor regulable y apagado autom\u00e1tico para un planchado c\u00f3modo.","og_url":"https:\/\/kuken.alfadyser.dev\/en\/product-2\/steam-iron-2200w-ceramic-ceramic-sole-kuken\/","og_site_name":"K\u00fcken","article_publisher":"https:\/\/es-es.facebook.com\/alfadyser\/","article_modified_time":"2025-07-22T09:44:03+00:00","og_image":[{"width":2000,"height":2000,"url":"https:\/\/kuken.alfadyser.dev\/wp-content\/uploads\/8425160341787_01.jpg","type":"image\/jpeg"}],"twitter_card":"summary_large_image","twitter_misc":{"Price":"","Availability":"In stock"},"schema":{"@context":"https:\/\/schema.org","@graph":[{"@type":"WebPage","@id":"https:\/\/kuken.alfadyser.dev\/producto\/plancha-de-vapor-2200w-suela-ceramica-kuken\/","url":"https:\/\/kuken.alfadyser.dev\/producto\/plancha-de-vapor-2200w-suela-ceramica-kuken\/","name":"STEAM IRON 2200W CERAMIC SOLE KUKEN - K\u00fcken","isPartOf":{"@id":"https:\/\/kuken.alfadyser.dev\/#website"},"primaryImageOfPage":{"@id":"https:\/\/kuken.alfadyser.dev\/producto\/plancha-de-vapor-2200w-suela-ceramica-kuken\/#primaryimage"},"image":{"@id":"https:\/\/kuken.alfadyser.dev\/producto\/plancha-de-vapor-2200w-suela-ceramica-kuken\/#primaryimage"},"thumbnailUrl":"https:\/\/kuken.alfadyser.dev\/wp-content\/uploads\/8425160341787_01.jpg","datePublished":"2021-07-20T11:23:07+00:00","dateModified":"2025-07-22T09:44:03+00:00","description":"2200w steam iron with kuken ceramic soleplate, light and efficient. Ultra-slide soleplate, adjustable steam and automatic shut-off for comfortable ironing.","breadcrumb":{"@id":"https:\/\/kuken.alfadyser.dev\/producto\/plancha-de-vapor-2200w-suela-ceramica-kuken\/#breadcrumb"},"inLanguage":"en-GB","potentialAction":[{"@type":"ReadAction","target":["https:\/\/kuken.alfadyser.dev\/producto\/plancha-de-vapor-2200w-suela-ceramica-kuken\/"]}]},{"@type":"ImageObject","inLanguage":"en-GB","@id":"https:\/\/kuken.alfadyser.dev\/producto\/plancha-de-vapor-2200w-suela-ceramica-kuken\/#primaryimage","url":"https:\/\/kuken.alfadyser.dev\/wp-content\/uploads\/8425160341787_01.jpg","contentUrl":"https:\/\/kuken.alfadyser.dev\/wp-content\/uploads\/8425160341787_01.jpg","width":2000,"height":2000,"caption":"Plancha de vapor kuken"},{"@type":"BreadcrumbList","@id":"https:\/\/kuken.alfadyser.dev\/producto\/plancha-de-vapor-2200w-suela-ceramica-kuken\/#breadcrumb","itemListElement":[{"@type":"ListItem","position":1,"name":"Portada","item":"https:\/\/kuken.alfadyser.dev\/"},{"@type":"ListItem","position":2,"name":"Productos","item":"https:\/\/kuken.alfadyser.dev\/productos\/"},{"@type":"ListItem","position":3,"name":"PLANCHA DE VAPOR 2200W SUELA CERAMICA KUKEN"}]},{"@type":"WebSite","@id":"https:\/\/kuken.alfadyser.dev\/#website","url":"https:\/\/kuken.alfadyser.dev\/","name":"K\u00fcken","description":"Wide range of k\u00fcken small household appliances","publisher":{"@id":"https:\/\/kuken.alfadyser.dev\/#organization"},"potentialAction":[{"@type":"SearchAction","target":{"@type":"EntryPoint","urlTemplate":"https:\/\/kuken.alfadyser.dev\/?s={search_term_string}"},"query-input":{"@type":"PropertyValueSpecification","valueRequired":true,"valueName":"search_term_string"}}],"inLanguage":"en-GB"},{"@type":"Organization","@id":"https:\/\/kuken.alfadyser.dev\/#organization","name":"Alpha Dyser","url":"https:\/\/kuken.alfadyser.dev\/","logo":{"@type":"ImageObject","inLanguage":"en-GB","@id":"https:\/\/kuken.alfadyser.dev\/#\/schema\/logo\/image\/","url":"https:\/\/kuken.alfadyser.dev\/wp-content\/uploads\/2019\/04\/kuken-logo.png","contentUrl":"https:\/\/kuken.alfadyser.dev\/wp-content\/uploads\/2019\/04\/kuken-logo.png","width":500,"height":191,"caption":"Alfa Dyser"},"image":{"@id":"https:\/\/kuken.alfadyser.dev\/#\/schema\/logo\/image\/"},"sameAs":["https:\/\/es-es.facebook.com\/alfadyser\/","https:\/\/www.instagram.com\/kuken_appliances\/"]}]},"product_price_currency":"EUR","og_availability":"instock","product_availability":"instock","product_retailer_item_id":"34178","product_condition":"new"},"_links":{"self":[{"href":"https:\/\/kuken.alfadyser.dev\/en\/wp-json\/wp\/v2\/product\/7505","targetHints":{"allow":["GET"]}}],"collection":[{"href":"https:\/\/kuken.alfadyser.dev\/en\/wp-json\/wp\/v2\/product"}],"about":[{"href":"https:\/\/kuken.alfadyser.dev\/en\/wp-json\/wp\/v2\/types\/product"}],"wp:featuredmedia":[{"embeddable":true,"href":"https:\/\/kuken.alfadyser.dev\/en\/wp-json\/wp\/v2\/media\/7509"}],"wp:attachment":[{"href":"https:\/\/kuken.alfadyser.dev\/en\/wp-json\/wp\/v2\/media?parent=7505"}],"wp:term":[{"taxonomy":"product_brand","embeddable":true,"href":"https:\/\/kuken.alfadyser.dev\/en\/wp-json\/wp\/v2\/product_brand?post=7505"},{"taxonomy":"product_cat","embeddable":true,"href":"https:\/\/kuken.alfadyser.dev\/en\/wp-json\/wp\/v2\/product_cat?post=7505"},{"taxonomy":"product_tag","embeddable":true,"href":"https:\/\/kuken.alfadyser.dev\/en\/wp-json\/wp\/v2\/product_tag?post=7505"}],"curies":[{"name":"wp","href":"https:\/\/api.w.org\/{rel}","templated":true}]}}