{"id":7446,"date":"2021-04-28T10:32:22","date_gmt":"2021-04-28T08:32:22","guid":{"rendered":"https:\/\/kuken.alfadyser.dev\/?post_type=product&#038;p=7446"},"modified":"2025-07-22T11:45:47","modified_gmt":"2025-07-22T09:45:47","slug":"wall-fan-45w-distance-controller","status":"publish","type":"product","link":"https:\/\/kuken.alfadyser.dev\/en\/product-2\/wall-fan-45w-distance-controller\/","title":{"rendered":"WALL FAN 45W REMOTE CONTROL"},"content":{"rendered":"<p>WALL FAN 45W REMOTE CONTROL<\/p>\n<ul data-start=\"831\" data-end=\"1668\">\n<li data-start=\"831\" data-end=\"904\">\n<p data-start=\"833\" data-end=\"904\">Ventilador de 45 W para instalaci\u00f3n en pared, pr\u00e1ctico y potente.<\/p>\n<\/li>\n<li data-start=\"905\" data-end=\"978\">\n<p data-start=\"907\" data-end=\"978\">Dise\u00f1o en pl\u00e1stico PC con acabado blanco, ligero y funcional.<\/p>\n<\/li>\n<li data-start=\"979\" data-end=\"1061\">\n<p data-start=\"981\" data-end=\"1061\">Cabezal orientable verticalmente, dirige el flujo de aire seg\u00fan necesidad.<\/p>\n<\/li>\n<li data-start=\"1062\" data-end=\"1140\">\n<p data-start=\"1064\" data-end=\"1140\">Selector con 3 velocidades, ajustable a diferentes niveles de frescor.<\/p>\n<\/li>\n<li data-start=\"1141\" data-end=\"1215\">\n<p data-start=\"1143\" data-end=\"1215\">Oscilaci\u00f3n horizontal de hasta 180\u00b0, refresca estancias completas.<\/p>\n<\/li>\n<li data-start=\"1216\" data-end=\"1290\">\n<p data-start=\"1218\" data-end=\"1290\">3 aspas pl\u00e1sticas resistentes, generan un flujo de aire constante.<\/p>\n<\/li>\n<li data-start=\"1291\" data-end=\"1345\">\n<p data-start=\"1293\" data-end=\"1345\">Rejilla de seguridad, garantiza un uso seguro.<\/p>\n<\/li>\n<li data-start=\"1346\" data-end=\"1406\">\n<p data-start=\"1348\" data-end=\"1406\">Incluye mando a distancia, para control sin moverse.<\/p>\n<\/li>\n<li data-start=\"1407\" data-end=\"1478\">\n<p data-start=\"1409\" data-end=\"1478\">Temporizador de hasta 120 minutos, mayor eficiencia energ\u00e9tica.<\/p>\n<\/li>\n<li data-start=\"1479\" data-end=\"1535\">\n<p data-start=\"1481\" data-end=\"1535\">Soporte de pared incluido, instalaci\u00f3n sencilla.<\/p>\n<\/li>\n<li data-start=\"1536\" data-end=\"1597\">\n<p data-start=\"1538\" data-end=\"1597\">Cable de 1,80 m, para una conexi\u00f3n c\u00f3moda y flexible.<\/p>\n<\/li>\n<li data-start=\"1598\" data-end=\"1668\">\n<p data-start=\"1600\" data-end=\"1668\">Ideal para dormitorios, oficinas o cocinas con espacio reducido.<\/p>\n<\/li>\n<\/ul>\n<p><div class=\"accordion\"><div class=\"mfn-acc accordion_wrapper  toggle\"><div class=\"question\"><div class=\"title\"><i class=\"icon-plus acc-icon-plus\" aria-hidden=\"true\"><\/i><i class=\"icon-minus acc-icon-minus\" aria-hidden=\"true\"><\/i>Product data<\/div><div class=\"answer\">EAN: 8425160336240<\/p>\n<p>WALL FAN 45W REMOTE CONTROL<\/p>\n<p>Units: 1<br \/>\nColour: White<br \/>\nPackaging: Coloured box<br \/>\nPower: 45 W<br \/>\nVoltage: 230 V<br \/>\nSize: \u00f8420 mm<br \/>\nMaterial: PC<br \/>\nSpeeds: 3<br \/>\nWeight: 1.96 kg<\/div><\/div>\n<\/div><\/div>\n<br \/>\n<div class=\"accordion\"><div class=\"mfn-acc accordion_wrapper  toggle\"><div class=\"question\"><div class=\"title\"><i class=\"icon-plus acc-icon-plus\" aria-hidden=\"true\"><\/i><i class=\"icon-minus acc-icon-minus\" aria-hidden=\"true\"><\/i>Accessories<\/div><div class=\"answer\"><\/div><\/div>\n<\/div><\/div>\n<\/p>\n<div class=\"descargas-producto\"><a href=\"https:\/\/kuken.alfadyser.dev\/wp-content\/uploads\/33624.pdf\"><img loading=\"lazy\" decoding=\"async\" src=\"\/wp-content\/uploads\/2019\/12\/picto-descarrega.png\" alt=\"download data sheet\" width=\"23\" height=\"16\" \/>Download sheet<\/a><br \/>\n<a href=\"\/wp-content\/uploads\/pdf\/instrucciones-33624_new.pdf\"><img loading=\"lazy\" decoding=\"async\" src=\"\/wp-content\/uploads\/2019\/12\/picto-descarrega.png\" alt=\"download instruction manual\" width=\"23\" height=\"16\" \/>Download manual<\/a><\/div>\n<div><\/div>\n<div><span style=\"color: #bf2121\">Follow us on social media!<\/span><\/div>\n<div><a href=\"https:\/\/www.instagram.com\/kuken_appliances\/\">https:\/\/www.instagram.com\/kuken_appliances\/<\/a><\/div>\n<p><iframe loading=\"lazy\" title=\"Fans Kuken\" width=\"560\" height=\"315\" src=\"https:\/\/www.youtube.com\/embed\/YiLHFxcebs0?feature=oembed\" frameborder=\"0\" allow=\"accelerometer; autoplay; clipboard-write; encrypted-media; gyroscope; picture-in-picture; web-share\" referrerpolicy=\"strict-origin-when-cross-origin\" allowfullscreen><\/iframe><\/p>","protected":false},"excerpt":{"rendered":"<p data-start=\"511\" data-end=\"664\">Ideal for keeping your rooms cool in total comfort thanks to its remote control, wide oscillation, timer and easy-to-install design.<\/p>\n<p data-start=\"666\" data-end=\"763\">","protected":false},"featured_media":7450,"template":"","meta":[],"product_brand":[],"product_cat":[223],"product_tag":[],"class_list":{"0":"post-7446","1":"product","2":"type-product","3":"status-publish","4":"has-post-thumbnail","6":"product_cat-ventiladores","8":"first","9":"instock","10":"shipping-taxable","11":"product-type-simple"},"yoast_head":"<!-- This site is optimized with the Yoast SEO Premium plugin v24.0 (Yoast SEO v26.5) - https:\/\/yoast.com\/wordpress\/plugins\/seo\/ -->\n<title>VENTILADOR PARED 45W MANDO DISTANCIA - K\u00fcken<\/title>\n<meta name=\"description\" content=\"Ventilador pared 45w mando distancia, c\u00f3modo y eficiente. Cabezal orientable, temporizador, oscilaci\u00f3n 180\u00b0 y control remoto para mayor confort.\" \/>\n<meta name=\"robots\" content=\"noindex, follow, max-snippet:-1, max-image-preview:large, max-video-preview:-1\" \/>\n<meta property=\"og:locale\" content=\"en_GB\" \/>\n<meta property=\"og:type\" content=\"article\" \/>\n<meta property=\"og:title\" content=\"VENTILADOR PARED 45W MANDO DISTANCIA\" \/>\n<meta property=\"og:description\" content=\"Ventilador pared 45w mando distancia, c\u00f3modo y eficiente. Cabezal orientable, temporizador, oscilaci\u00f3n 180\u00b0 y control remoto para mayor confort.\" \/>\n<meta property=\"og:url\" content=\"https:\/\/kuken.alfadyser.dev\/en\/product-2\/wall-fan-45w-distance-controller\/\" \/>\n<meta property=\"og:site_name\" content=\"K\u00fcken\" \/>\n<meta property=\"article:publisher\" content=\"https:\/\/es-es.facebook.com\/alfadyser\/\" \/>\n<meta property=\"article:modified_time\" content=\"2025-07-22T09:45:47+00:00\" \/>\n<meta property=\"og:image\" content=\"https:\/\/kuken.alfadyser.dev\/wp-content\/uploads\/8425160336240_01_1.jpeg\" \/>\n\t<meta property=\"og:image:width\" content=\"2000\" \/>\n\t<meta property=\"og:image:height\" content=\"2000\" \/>\n\t<meta property=\"og:image:type\" content=\"image\/jpeg\" \/>\n<meta name=\"twitter:card\" content=\"summary_large_image\" \/>\n<meta name=\"twitter:label1\" content=\"Price\" \/>\n\t<meta name=\"twitter:data1\" content=\"\" \/>\n\t<meta name=\"twitter:label2\" content=\"Availability\" \/>\n\t<meta name=\"twitter:data2\" content=\"In stock\" \/>\n<script type=\"application\/ld+json\" class=\"yoast-schema-graph\">{\"@context\":\"https:\/\/schema.org\",\"@graph\":[{\"@type\":\"WebPage\",\"@id\":\"https:\/\/kuken.alfadyser.dev\/producto\/ventilador-pared-45w-mando-distancia\/\",\"url\":\"https:\/\/kuken.alfadyser.dev\/producto\/ventilador-pared-45w-mando-distancia\/\",\"name\":\"VENTILADOR PARED 45W MANDO DISTANCIA - K\u00fcken\",\"isPartOf\":{\"@id\":\"https:\/\/kuken.alfadyser.dev\/#website\"},\"primaryImageOfPage\":{\"@id\":\"https:\/\/kuken.alfadyser.dev\/producto\/ventilador-pared-45w-mando-distancia\/#primaryimage\"},\"image\":{\"@id\":\"https:\/\/kuken.alfadyser.dev\/producto\/ventilador-pared-45w-mando-distancia\/#primaryimage\"},\"thumbnailUrl\":\"https:\/\/kuken.alfadyser.dev\/wp-content\/uploads\/8425160336240_01_1.jpeg\",\"datePublished\":\"2021-04-28T08:32:22+00:00\",\"dateModified\":\"2025-07-22T09:45:47+00:00\",\"description\":\"Ventilador pared 45w mando distancia, c\u00f3modo y eficiente. Cabezal orientable, temporizador, oscilaci\u00f3n 180\u00b0 y control remoto para mayor confort.\",\"breadcrumb\":{\"@id\":\"https:\/\/kuken.alfadyser.dev\/producto\/ventilador-pared-45w-mando-distancia\/#breadcrumb\"},\"inLanguage\":\"en-GB\",\"potentialAction\":[{\"@type\":\"ReadAction\",\"target\":[\"https:\/\/kuken.alfadyser.dev\/producto\/ventilador-pared-45w-mando-distancia\/\"]}]},{\"@type\":\"ImageObject\",\"inLanguage\":\"en-GB\",\"@id\":\"https:\/\/kuken.alfadyser.dev\/producto\/ventilador-pared-45w-mando-distancia\/#primaryimage\",\"url\":\"https:\/\/kuken.alfadyser.dev\/wp-content\/uploads\/8425160336240_01_1.jpeg\",\"contentUrl\":\"https:\/\/kuken.alfadyser.dev\/wp-content\/uploads\/8425160336240_01_1.jpeg\",\"width\":2000,\"height\":2000,\"caption\":\"Ventilador de pared K\u00fcken con 45w\"},{\"@type\":\"BreadcrumbList\",\"@id\":\"https:\/\/kuken.alfadyser.dev\/producto\/ventilador-pared-45w-mando-distancia\/#breadcrumb\",\"itemListElement\":[{\"@type\":\"ListItem\",\"position\":1,\"name\":\"Portada\",\"item\":\"https:\/\/kuken.alfadyser.dev\/\"},{\"@type\":\"ListItem\",\"position\":2,\"name\":\"Productos\",\"item\":\"https:\/\/kuken.alfadyser.dev\/productos\/\"},{\"@type\":\"ListItem\",\"position\":3,\"name\":\"VENTILADOR PARED 45W MANDO DISTANCIA\"}]},{\"@type\":\"WebSite\",\"@id\":\"https:\/\/kuken.alfadyser.dev\/#website\",\"url\":\"https:\/\/kuken.alfadyser.dev\/\",\"name\":\"K\u00fcken\",\"description\":\"Amplia gama de peque\u00f1o electrodom\u00e9stico k\u00fcken\",\"publisher\":{\"@id\":\"https:\/\/kuken.alfadyser.dev\/#organization\"},\"potentialAction\":[{\"@type\":\"SearchAction\",\"target\":{\"@type\":\"EntryPoint\",\"urlTemplate\":\"https:\/\/kuken.alfadyser.dev\/?s={search_term_string}\"},\"query-input\":{\"@type\":\"PropertyValueSpecification\",\"valueRequired\":true,\"valueName\":\"search_term_string\"}}],\"inLanguage\":\"en-GB\"},{\"@type\":\"Organization\",\"@id\":\"https:\/\/kuken.alfadyser.dev\/#organization\",\"name\":\"Alfa Dyser\",\"url\":\"https:\/\/kuken.alfadyser.dev\/\",\"logo\":{\"@type\":\"ImageObject\",\"inLanguage\":\"en-GB\",\"@id\":\"https:\/\/kuken.alfadyser.dev\/#\/schema\/logo\/image\/\",\"url\":\"https:\/\/kuken.alfadyser.dev\/wp-content\/uploads\/2019\/04\/kuken-logo.png\",\"contentUrl\":\"https:\/\/kuken.alfadyser.dev\/wp-content\/uploads\/2019\/04\/kuken-logo.png\",\"width\":500,\"height\":191,\"caption\":\"Alfa Dyser\"},\"image\":{\"@id\":\"https:\/\/kuken.alfadyser.dev\/#\/schema\/logo\/image\/\"},\"sameAs\":[\"https:\/\/es-es.facebook.com\/alfadyser\/\",\"https:\/\/www.instagram.com\/kuken_appliances\/\"]}]}<\/script>\n<meta property=\"product:price:currency\" content=\"EUR\" \/>\n<meta property=\"og:availability\" content=\"instock\" \/>\n<meta property=\"product:availability\" content=\"instock\" \/>\n<meta property=\"product:retailer_item_id\" content=\"33624\" \/>\n<meta property=\"product:condition\" content=\"new\" \/>\n<!-- \/ Yoast SEO Premium plugin. -->","yoast_head_json":{"title":"WALL FAN 45W REMOTE CONTROL - K\u00fcken","description":"Wall fan 45w remote control, comfortable and efficient. Adjustable head, timer, 180\u00b0 oscillation and remote control for greater comfort.","robots":{"index":"noindex","follow":"follow","max-snippet":"max-snippet:-1","max-image-preview":"max-image-preview:large","max-video-preview":"max-video-preview:-1"},"og_locale":"en_GB","og_type":"article","og_title":"VENTILADOR PARED 45W MANDO DISTANCIA","og_description":"Ventilador pared 45w mando distancia, c\u00f3modo y eficiente. Cabezal orientable, temporizador, oscilaci\u00f3n 180\u00b0 y control remoto para mayor confort.","og_url":"https:\/\/kuken.alfadyser.dev\/en\/product-2\/wall-fan-45w-distance-controller\/","og_site_name":"K\u00fcken","article_publisher":"https:\/\/es-es.facebook.com\/alfadyser\/","article_modified_time":"2025-07-22T09:45:47+00:00","og_image":[{"width":2000,"height":2000,"url":"https:\/\/kuken.alfadyser.dev\/wp-content\/uploads\/8425160336240_01_1.jpeg","type":"image\/jpeg"}],"twitter_card":"summary_large_image","twitter_misc":{"Price":"","Availability":"In stock"},"schema":{"@context":"https:\/\/schema.org","@graph":[{"@type":"WebPage","@id":"https:\/\/kuken.alfadyser.dev\/producto\/ventilador-pared-45w-mando-distancia\/","url":"https:\/\/kuken.alfadyser.dev\/producto\/ventilador-pared-45w-mando-distancia\/","name":"WALL FAN 45W REMOTE CONTROL - K\u00fcken","isPartOf":{"@id":"https:\/\/kuken.alfadyser.dev\/#website"},"primaryImageOfPage":{"@id":"https:\/\/kuken.alfadyser.dev\/producto\/ventilador-pared-45w-mando-distancia\/#primaryimage"},"image":{"@id":"https:\/\/kuken.alfadyser.dev\/producto\/ventilador-pared-45w-mando-distancia\/#primaryimage"},"thumbnailUrl":"https:\/\/kuken.alfadyser.dev\/wp-content\/uploads\/8425160336240_01_1.jpeg","datePublished":"2021-04-28T08:32:22+00:00","dateModified":"2025-07-22T09:45:47+00:00","description":"Wall fan 45w remote control, comfortable and efficient. Adjustable head, timer, 180\u00b0 oscillation and remote control for greater comfort.","breadcrumb":{"@id":"https:\/\/kuken.alfadyser.dev\/producto\/ventilador-pared-45w-mando-distancia\/#breadcrumb"},"inLanguage":"en-GB","potentialAction":[{"@type":"ReadAction","target":["https:\/\/kuken.alfadyser.dev\/producto\/ventilador-pared-45w-mando-distancia\/"]}]},{"@type":"ImageObject","inLanguage":"en-GB","@id":"https:\/\/kuken.alfadyser.dev\/producto\/ventilador-pared-45w-mando-distancia\/#primaryimage","url":"https:\/\/kuken.alfadyser.dev\/wp-content\/uploads\/8425160336240_01_1.jpeg","contentUrl":"https:\/\/kuken.alfadyser.dev\/wp-content\/uploads\/8425160336240_01_1.jpeg","width":2000,"height":2000,"caption":"Ventilador de pared K\u00fcken con 45w"},{"@type":"BreadcrumbList","@id":"https:\/\/kuken.alfadyser.dev\/producto\/ventilador-pared-45w-mando-distancia\/#breadcrumb","itemListElement":[{"@type":"ListItem","position":1,"name":"Portada","item":"https:\/\/kuken.alfadyser.dev\/"},{"@type":"ListItem","position":2,"name":"Productos","item":"https:\/\/kuken.alfadyser.dev\/productos\/"},{"@type":"ListItem","position":3,"name":"VENTILADOR PARED 45W MANDO DISTANCIA"}]},{"@type":"WebSite","@id":"https:\/\/kuken.alfadyser.dev\/#website","url":"https:\/\/kuken.alfadyser.dev\/","name":"K\u00fcken","description":"Wide range of k\u00fcken small household appliances","publisher":{"@id":"https:\/\/kuken.alfadyser.dev\/#organization"},"potentialAction":[{"@type":"SearchAction","target":{"@type":"EntryPoint","urlTemplate":"https:\/\/kuken.alfadyser.dev\/?s={search_term_string}"},"query-input":{"@type":"PropertyValueSpecification","valueRequired":true,"valueName":"search_term_string"}}],"inLanguage":"en-GB"},{"@type":"Organization","@id":"https:\/\/kuken.alfadyser.dev\/#organization","name":"Alpha Dyser","url":"https:\/\/kuken.alfadyser.dev\/","logo":{"@type":"ImageObject","inLanguage":"en-GB","@id":"https:\/\/kuken.alfadyser.dev\/#\/schema\/logo\/image\/","url":"https:\/\/kuken.alfadyser.dev\/wp-content\/uploads\/2019\/04\/kuken-logo.png","contentUrl":"https:\/\/kuken.alfadyser.dev\/wp-content\/uploads\/2019\/04\/kuken-logo.png","width":500,"height":191,"caption":"Alfa Dyser"},"image":{"@id":"https:\/\/kuken.alfadyser.dev\/#\/schema\/logo\/image\/"},"sameAs":["https:\/\/es-es.facebook.com\/alfadyser\/","https:\/\/www.instagram.com\/kuken_appliances\/"]}]},"product_price_currency":"EUR","og_availability":"instock","product_availability":"instock","product_retailer_item_id":"33624","product_condition":"new"},"_links":{"self":[{"href":"https:\/\/kuken.alfadyser.dev\/en\/wp-json\/wp\/v2\/product\/7446","targetHints":{"allow":["GET"]}}],"collection":[{"href":"https:\/\/kuken.alfadyser.dev\/en\/wp-json\/wp\/v2\/product"}],"about":[{"href":"https:\/\/kuken.alfadyser.dev\/en\/wp-json\/wp\/v2\/types\/product"}],"wp:featuredmedia":[{"embeddable":true,"href":"https:\/\/kuken.alfadyser.dev\/en\/wp-json\/wp\/v2\/media\/7450"}],"wp:attachment":[{"href":"https:\/\/kuken.alfadyser.dev\/en\/wp-json\/wp\/v2\/media?parent=7446"}],"wp:term":[{"taxonomy":"product_brand","embeddable":true,"href":"https:\/\/kuken.alfadyser.dev\/en\/wp-json\/wp\/v2\/product_brand?post=7446"},{"taxonomy":"product_cat","embeddable":true,"href":"https:\/\/kuken.alfadyser.dev\/en\/wp-json\/wp\/v2\/product_cat?post=7446"},{"taxonomy":"product_tag","embeddable":true,"href":"https:\/\/kuken.alfadyser.dev\/en\/wp-json\/wp\/v2\/product_tag?post=7446"}],"curies":[{"name":"wp","href":"https:\/\/api.w.org\/{rel}","templated":true}]}}