{"id":7372,"date":"2021-03-11T10:05:18","date_gmt":"2021-03-11T09:05:18","guid":{"rendered":"https:\/\/kuken.alfadyser.dev\/?post_type=product&#038;p=7372"},"modified":"2025-07-22T11:51:32","modified_gmt":"2025-07-22T09:51:32","slug":"beard-trimmer-professional-battery-3w-kuken","status":"publish","type":"product","link":"https:\/\/kuken.alfadyser.dev\/en\/product-2\/beard-trimmer-professional-battery-3w-kuken\/","title":{"rendered":"PROFESSIONAL HAIR\/BEARD TRIMMER BATTERY 3W K\u00dcKEN"},"content":{"rendered":"<p>PROFESSIONAL HAIR\/BEARD TRIMMER BATTERY 3W K\u00dcKEN<\/p>\n<ul data-start=\"847\" data-end=\"1587\">\n<li data-start=\"847\" data-end=\"925\">\n<p data-start=\"849\" data-end=\"925\">Potente motor de 3 W, ideal para cortar barba y cabello con precisi\u00f3n.<\/p>\n<\/li>\n<li data-start=\"926\" data-end=\"989\">\n<p data-start=\"928\" data-end=\"989\">Avanzado sistema de corte, suave, r\u00e1pido y sin tirones.<\/p>\n<\/li>\n<li data-start=\"990\" data-end=\"1061\">\n<p data-start=\"992\" data-end=\"1061\">Cuchillas de acero inoxidable, duraderas y de m\u00e1xima precisi\u00f3n.<\/p>\n<\/li>\n<li data-start=\"1062\" data-end=\"1125\">\n<p data-start=\"1064\" data-end=\"1125\">Carga por USB, con autonom\u00eda tras 8 horas de carga.<\/p>\n<\/li>\n<li data-start=\"1126\" data-end=\"1199\">\n<p data-start=\"1128\" data-end=\"1199\">Indicador de estado, muestra el nivel de bater\u00eda en todo momento.<\/p>\n<\/li>\n<li data-start=\"1200\" data-end=\"1272\">\n<p data-start=\"1202\" data-end=\"1272\">Peine gu\u00eda ajustable, control total desde el propio dispositivo.<\/p>\n<\/li>\n<li data-start=\"1273\" data-end=\"1333\">\n<p data-start=\"1275\" data-end=\"1333\">Rango de corte ajustable: 0,5 mm m\u00ednimo hasta 30 mm.<\/p>\n<\/li>\n<li data-start=\"1334\" data-end=\"1397\">\n<p data-start=\"1336\" data-end=\"1397\">Incluye 2 peines duales: de 1\u201315 mm y 16\u201330 mm.<\/p>\n<\/li>\n<li data-start=\"1398\" data-end=\"1459\">\n<p data-start=\"1400\" data-end=\"1459\">Sistema de ajuste giratorio, preciso y f\u00e1cil de usar.<\/p>\n<\/li>\n<li data-start=\"1460\" data-end=\"1510\">\n<p data-start=\"1462\" data-end=\"1510\">Dise\u00f1o elegante, minimalista y ergon\u00f3mico.<\/p>\n<\/li>\n<li data-start=\"1511\" data-end=\"1587\">\n<p data-start=\"1513\" data-end=\"1587\">Ideal para quienes buscan resultados profesionales sin complicaciones.<\/p>\n<\/li>\n<\/ul>\n<p><div class=\"accordion\"><div class=\"mfn-acc accordion_wrapper  toggle\"><div class=\"question\"><div class=\"title\"><i class=\"icon-plus acc-icon-plus\" aria-hidden=\"true\"><\/i><i class=\"icon-minus acc-icon-minus\" aria-hidden=\"true\"><\/i>Product data<\/div><div class=\"answer\">EAN: 8425160366445<\/p>\n<p>PROFESSIONAL HAIR\/BEARD TRIMMER BATTERY 3W K\u00dcKEN<\/p>\n<p>Units: 1<br \/>\nColour: Black\/chrome<br \/>\nPackaging: Coloured box<br \/>\nPower: 3 W<br \/>\nVoltage: 230 V<br \/>\nMaterial: Stainless steel\/PC<br \/>\nRechargeable: Yes<br \/>\nACCESSORIES: 2 guide combs and USB cable.<\/div><\/div>\n<\/div><\/div>\n<br \/>\n<div class=\"accordion\"><div class=\"mfn-acc accordion_wrapper  toggle\"><div class=\"question\"><div class=\"title\"><i class=\"icon-plus acc-icon-plus\" aria-hidden=\"true\"><\/i><i class=\"icon-minus acc-icon-minus\" aria-hidden=\"true\"><\/i>Accessories<\/div><div class=\"answer\">Brush + lubricant.<\/div><\/div>\n<\/div><\/div>\n<\/p>\n<div class=\"descargas-producto\"><a href=\"https:\/\/kuken.alfadyser.dev\/wp-content\/uploads\/pdf\/8425160366445_ficha_tecnica.pdf\"><img loading=\"lazy\" decoding=\"async\" src=\"\/wp-content\/uploads\/2019\/12\/picto-descarrega.png\" alt=\"download data sheet\" width=\"23\" height=\"16\" \/>Download sheet<\/a><br \/>\n<a href=\"\/wp-content\/uploads\/pdf\/36644_instrucciones-1.pdf\"><img loading=\"lazy\" decoding=\"async\" src=\"\/wp-content\/uploads\/2019\/12\/picto-descarrega.png\" alt=\"download instruction manual\" width=\"23\" height=\"16\" \/>Download manual<\/a><\/div>\n<div><\/div>\n<div>\n<div><span style=\"color: #bf2121\">Follow us on social media!<\/span><\/div>\n<div><a href=\"https:\/\/www.instagram.com\/kuken_appliances\/\">https:\/\/www.instagram.com\/kuken_appliances<\/a><\/div>\n<\/div>","protected":false},"excerpt":{"rendered":"<p data-start=\"537\" data-end=\"686\">Dise\u00f1o profesional y sin accesorios, esta recortadora ofrece control absoluto desde el cuerpo del cortapelo, ideal para cortes precisos y uso diario.<\/p>\n<p data-start=\"688\" data-end=\"779\">","protected":false},"featured_media":7376,"template":"","meta":[],"product_brand":[],"product_cat":[215],"product_tag":[],"class_list":{"0":"post-7372","1":"product","2":"type-product","3":"status-publish","4":"has-post-thumbnail","6":"product_cat-cortapelos","8":"first","9":"instock","10":"shipping-taxable","11":"product-type-simple"},"yoast_head":"<!-- This site is optimized with the Yoast SEO Premium plugin v24.0 (Yoast SEO v26.5) - https:\/\/yoast.com\/wordpress\/plugins\/seo\/ -->\n<title>CORTAPELO\/BARBA PROFESIONAL BATER\u00cdA 3W K\u00dcKEN - K\u00fcken<\/title>\n<meta name=\"description\" content=\"Cortapelo recargable k\u00fcken con avanzado sistema de corte. Para proporcionar un corte r\u00e1pido y apurado en todo momento. Vista la web Kuken.es\" \/>\n<meta name=\"robots\" content=\"noindex, follow, max-snippet:-1, max-image-preview:large, max-video-preview:-1\" \/>\n<meta property=\"og:locale\" content=\"en_GB\" \/>\n<meta property=\"og:type\" content=\"article\" \/>\n<meta property=\"og:title\" content=\"CORTAPELO\/BARBA PROFESIONAL BATER\u00cdA 3W K\u00dcKEN\" \/>\n<meta property=\"og:description\" content=\"Cortapelo recargable k\u00fcken con avanzado sistema de corte. Para proporcionar un corte r\u00e1pido y apurado en todo momento. Vista la web Kuken.es\" \/>\n<meta property=\"og:url\" content=\"https:\/\/kuken.alfadyser.dev\/en\/product-2\/beard-trimmer-professional-battery-3w-kuken\/\" \/>\n<meta property=\"og:site_name\" content=\"K\u00fcken\" \/>\n<meta property=\"article:publisher\" content=\"https:\/\/es-es.facebook.com\/alfadyser\/\" \/>\n<meta property=\"article:modified_time\" content=\"2025-07-22T09:51:32+00:00\" \/>\n<meta property=\"og:image\" content=\"https:\/\/kuken.alfadyser.dev\/wp-content\/uploads\/8425160366445_01-scaled.jpg\" \/>\n\t<meta property=\"og:image:width\" content=\"2560\" \/>\n\t<meta property=\"og:image:height\" content=\"2560\" \/>\n\t<meta property=\"og:image:type\" content=\"image\/jpeg\" \/>\n<meta name=\"twitter:card\" content=\"summary_large_image\" \/>\n<meta name=\"twitter:label1\" content=\"Price\" \/>\n\t<meta name=\"twitter:data1\" content=\"\" \/>\n\t<meta name=\"twitter:label2\" content=\"Availability\" \/>\n\t<meta name=\"twitter:data2\" content=\"In stock\" \/>\n<script type=\"application\/ld+json\" class=\"yoast-schema-graph\">{\"@context\":\"https:\/\/schema.org\",\"@graph\":[{\"@type\":\"WebPage\",\"@id\":\"https:\/\/kuken.alfadyser.dev\/producto\/cortapelo-barba-profesional-bateria-3w-kuken\/\",\"url\":\"https:\/\/kuken.alfadyser.dev\/producto\/cortapelo-barba-profesional-bateria-3w-kuken\/\",\"name\":\"CORTAPELO\/BARBA PROFESIONAL BATER\u00cdA 3W K\u00dcKEN - K\u00fcken\",\"isPartOf\":{\"@id\":\"https:\/\/kuken.alfadyser.dev\/#website\"},\"primaryImageOfPage\":{\"@id\":\"https:\/\/kuken.alfadyser.dev\/producto\/cortapelo-barba-profesional-bateria-3w-kuken\/#primaryimage\"},\"image\":{\"@id\":\"https:\/\/kuken.alfadyser.dev\/producto\/cortapelo-barba-profesional-bateria-3w-kuken\/#primaryimage\"},\"thumbnailUrl\":\"https:\/\/kuken.alfadyser.dev\/wp-content\/uploads\/8425160366445_01-scaled.jpg\",\"datePublished\":\"2021-03-11T09:05:18+00:00\",\"dateModified\":\"2025-07-22T09:51:32+00:00\",\"description\":\"Cortapelo recargable k\u00fcken con avanzado sistema de corte. Para proporcionar un corte r\u00e1pido y apurado en todo momento. Vista la web Kuken.es\",\"breadcrumb\":{\"@id\":\"https:\/\/kuken.alfadyser.dev\/producto\/cortapelo-barba-profesional-bateria-3w-kuken\/#breadcrumb\"},\"inLanguage\":\"en-GB\",\"potentialAction\":[{\"@type\":\"ReadAction\",\"target\":[\"https:\/\/kuken.alfadyser.dev\/producto\/cortapelo-barba-profesional-bateria-3w-kuken\/\"]}]},{\"@type\":\"ImageObject\",\"inLanguage\":\"en-GB\",\"@id\":\"https:\/\/kuken.alfadyser.dev\/producto\/cortapelo-barba-profesional-bateria-3w-kuken\/#primaryimage\",\"url\":\"https:\/\/kuken.alfadyser.dev\/wp-content\/uploads\/8425160366445_01-scaled.jpg\",\"contentUrl\":\"https:\/\/kuken.alfadyser.dev\/wp-content\/uploads\/8425160366445_01-scaled.jpg\",\"width\":2560,\"height\":2560,\"caption\":\"Cortapelo kuken recargable 3w\"},{\"@type\":\"BreadcrumbList\",\"@id\":\"https:\/\/kuken.alfadyser.dev\/producto\/cortapelo-barba-profesional-bateria-3w-kuken\/#breadcrumb\",\"itemListElement\":[{\"@type\":\"ListItem\",\"position\":1,\"name\":\"Portada\",\"item\":\"https:\/\/kuken.alfadyser.dev\/\"},{\"@type\":\"ListItem\",\"position\":2,\"name\":\"Productos\",\"item\":\"https:\/\/kuken.alfadyser.dev\/productos\/\"},{\"@type\":\"ListItem\",\"position\":3,\"name\":\"CORTAPELO\/BARBA PROFESIONAL BATER\u00cdA 3W K\u00dcKEN\"}]},{\"@type\":\"WebSite\",\"@id\":\"https:\/\/kuken.alfadyser.dev\/#website\",\"url\":\"https:\/\/kuken.alfadyser.dev\/\",\"name\":\"K\u00fcken\",\"description\":\"Amplia gama de peque\u00f1o electrodom\u00e9stico k\u00fcken\",\"publisher\":{\"@id\":\"https:\/\/kuken.alfadyser.dev\/#organization\"},\"potentialAction\":[{\"@type\":\"SearchAction\",\"target\":{\"@type\":\"EntryPoint\",\"urlTemplate\":\"https:\/\/kuken.alfadyser.dev\/?s={search_term_string}\"},\"query-input\":{\"@type\":\"PropertyValueSpecification\",\"valueRequired\":true,\"valueName\":\"search_term_string\"}}],\"inLanguage\":\"en-GB\"},{\"@type\":\"Organization\",\"@id\":\"https:\/\/kuken.alfadyser.dev\/#organization\",\"name\":\"Alfa Dyser\",\"url\":\"https:\/\/kuken.alfadyser.dev\/\",\"logo\":{\"@type\":\"ImageObject\",\"inLanguage\":\"en-GB\",\"@id\":\"https:\/\/kuken.alfadyser.dev\/#\/schema\/logo\/image\/\",\"url\":\"https:\/\/kuken.alfadyser.dev\/wp-content\/uploads\/2019\/04\/kuken-logo.png\",\"contentUrl\":\"https:\/\/kuken.alfadyser.dev\/wp-content\/uploads\/2019\/04\/kuken-logo.png\",\"width\":500,\"height\":191,\"caption\":\"Alfa Dyser\"},\"image\":{\"@id\":\"https:\/\/kuken.alfadyser.dev\/#\/schema\/logo\/image\/\"},\"sameAs\":[\"https:\/\/es-es.facebook.com\/alfadyser\/\",\"https:\/\/www.instagram.com\/kuken_appliances\/\"]}]}<\/script>\n<meta property=\"product:price:currency\" content=\"EUR\" \/>\n<meta property=\"og:availability\" content=\"instock\" \/>\n<meta property=\"product:availability\" content=\"instock\" \/>\n<meta property=\"product:retailer_item_id\" content=\"36644\" \/>\n<meta property=\"product:condition\" content=\"new\" \/>\n<!-- \/ Yoast SEO Premium plugin. -->","yoast_head_json":{"title":"PROFESSIONAL BATTERY HAIR\/BARB CLIPPER 3W K\u00dcKEN - K\u00fcken","description":"k\u00fcken rechargeable hair clipper with advanced cutting system. To provide a fast and close cut every time. View the website Kuken.co.uk","robots":{"index":"noindex","follow":"follow","max-snippet":"max-snippet:-1","max-image-preview":"max-image-preview:large","max-video-preview":"max-video-preview:-1"},"og_locale":"en_GB","og_type":"article","og_title":"CORTAPELO\/BARBA PROFESIONAL BATER\u00cdA 3W K\u00dcKEN","og_description":"Cortapelo recargable k\u00fcken con avanzado sistema de corte. Para proporcionar un corte r\u00e1pido y apurado en todo momento. Vista la web Kuken.es","og_url":"https:\/\/kuken.alfadyser.dev\/en\/product-2\/beard-trimmer-professional-battery-3w-kuken\/","og_site_name":"K\u00fcken","article_publisher":"https:\/\/es-es.facebook.com\/alfadyser\/","article_modified_time":"2025-07-22T09:51:32+00:00","og_image":[{"width":2560,"height":2560,"url":"https:\/\/kuken.alfadyser.dev\/wp-content\/uploads\/8425160366445_01-scaled.jpg","type":"image\/jpeg"}],"twitter_card":"summary_large_image","twitter_misc":{"Price":"","Availability":"In stock"},"schema":{"@context":"https:\/\/schema.org","@graph":[{"@type":"WebPage","@id":"https:\/\/kuken.alfadyser.dev\/producto\/cortapelo-barba-profesional-bateria-3w-kuken\/","url":"https:\/\/kuken.alfadyser.dev\/producto\/cortapelo-barba-profesional-bateria-3w-kuken\/","name":"PROFESSIONAL BATTERY HAIR\/BARB CLIPPER 3W K\u00dcKEN - K\u00fcken","isPartOf":{"@id":"https:\/\/kuken.alfadyser.dev\/#website"},"primaryImageOfPage":{"@id":"https:\/\/kuken.alfadyser.dev\/producto\/cortapelo-barba-profesional-bateria-3w-kuken\/#primaryimage"},"image":{"@id":"https:\/\/kuken.alfadyser.dev\/producto\/cortapelo-barba-profesional-bateria-3w-kuken\/#primaryimage"},"thumbnailUrl":"https:\/\/kuken.alfadyser.dev\/wp-content\/uploads\/8425160366445_01-scaled.jpg","datePublished":"2021-03-11T09:05:18+00:00","dateModified":"2025-07-22T09:51:32+00:00","description":"k\u00fcken rechargeable hair clipper with advanced cutting system. To provide a fast and close cut every time. View the website Kuken.co.uk","breadcrumb":{"@id":"https:\/\/kuken.alfadyser.dev\/producto\/cortapelo-barba-profesional-bateria-3w-kuken\/#breadcrumb"},"inLanguage":"en-GB","potentialAction":[{"@type":"ReadAction","target":["https:\/\/kuken.alfadyser.dev\/producto\/cortapelo-barba-profesional-bateria-3w-kuken\/"]}]},{"@type":"ImageObject","inLanguage":"en-GB","@id":"https:\/\/kuken.alfadyser.dev\/producto\/cortapelo-barba-profesional-bateria-3w-kuken\/#primaryimage","url":"https:\/\/kuken.alfadyser.dev\/wp-content\/uploads\/8425160366445_01-scaled.jpg","contentUrl":"https:\/\/kuken.alfadyser.dev\/wp-content\/uploads\/8425160366445_01-scaled.jpg","width":2560,"height":2560,"caption":"Cortapelo kuken recargable 3w"},{"@type":"BreadcrumbList","@id":"https:\/\/kuken.alfadyser.dev\/producto\/cortapelo-barba-profesional-bateria-3w-kuken\/#breadcrumb","itemListElement":[{"@type":"ListItem","position":1,"name":"Portada","item":"https:\/\/kuken.alfadyser.dev\/"},{"@type":"ListItem","position":2,"name":"Productos","item":"https:\/\/kuken.alfadyser.dev\/productos\/"},{"@type":"ListItem","position":3,"name":"CORTAPELO\/BARBA PROFESIONAL BATER\u00cdA 3W K\u00dcKEN"}]},{"@type":"WebSite","@id":"https:\/\/kuken.alfadyser.dev\/#website","url":"https:\/\/kuken.alfadyser.dev\/","name":"K\u00fcken","description":"Wide range of k\u00fcken small household appliances","publisher":{"@id":"https:\/\/kuken.alfadyser.dev\/#organization"},"potentialAction":[{"@type":"SearchAction","target":{"@type":"EntryPoint","urlTemplate":"https:\/\/kuken.alfadyser.dev\/?s={search_term_string}"},"query-input":{"@type":"PropertyValueSpecification","valueRequired":true,"valueName":"search_term_string"}}],"inLanguage":"en-GB"},{"@type":"Organization","@id":"https:\/\/kuken.alfadyser.dev\/#organization","name":"Alpha Dyser","url":"https:\/\/kuken.alfadyser.dev\/","logo":{"@type":"ImageObject","inLanguage":"en-GB","@id":"https:\/\/kuken.alfadyser.dev\/#\/schema\/logo\/image\/","url":"https:\/\/kuken.alfadyser.dev\/wp-content\/uploads\/2019\/04\/kuken-logo.png","contentUrl":"https:\/\/kuken.alfadyser.dev\/wp-content\/uploads\/2019\/04\/kuken-logo.png","width":500,"height":191,"caption":"Alfa Dyser"},"image":{"@id":"https:\/\/kuken.alfadyser.dev\/#\/schema\/logo\/image\/"},"sameAs":["https:\/\/es-es.facebook.com\/alfadyser\/","https:\/\/www.instagram.com\/kuken_appliances\/"]}]},"product_price_currency":"EUR","og_availability":"instock","product_availability":"instock","product_retailer_item_id":"36644","product_condition":"new"},"_links":{"self":[{"href":"https:\/\/kuken.alfadyser.dev\/en\/wp-json\/wp\/v2\/product\/7372","targetHints":{"allow":["GET"]}}],"collection":[{"href":"https:\/\/kuken.alfadyser.dev\/en\/wp-json\/wp\/v2\/product"}],"about":[{"href":"https:\/\/kuken.alfadyser.dev\/en\/wp-json\/wp\/v2\/types\/product"}],"wp:featuredmedia":[{"embeddable":true,"href":"https:\/\/kuken.alfadyser.dev\/en\/wp-json\/wp\/v2\/media\/7376"}],"wp:attachment":[{"href":"https:\/\/kuken.alfadyser.dev\/en\/wp-json\/wp\/v2\/media?parent=7372"}],"wp:term":[{"taxonomy":"product_brand","embeddable":true,"href":"https:\/\/kuken.alfadyser.dev\/en\/wp-json\/wp\/v2\/product_brand?post=7372"},{"taxonomy":"product_cat","embeddable":true,"href":"https:\/\/kuken.alfadyser.dev\/en\/wp-json\/wp\/v2\/product_cat?post=7372"},{"taxonomy":"product_tag","embeddable":true,"href":"https:\/\/kuken.alfadyser.dev\/en\/wp-json\/wp\/v2\/product_tag?post=7372"}],"curies":[{"name":"wp","href":"https:\/\/api.w.org\/{rel}","templated":true}]}}