{"id":7302,"date":"2021-03-04T11:55:48","date_gmt":"2021-03-04T10:55:48","guid":{"rendered":"https:\/\/kuken.alfadyser.dev\/?post_type=product&#038;p=7302"},"modified":"2025-07-22T12:48:33","modified_gmt":"2025-07-22T10:48:33","slug":"foot-fan-with-control","status":"publish","type":"product","link":"https:\/\/kuken.alfadyser.dev\/en\/product-2\/foot-fan-with-control\/","title":{"rendered":"K\u00dcKEN 100W STANDING FAN WITH CONTROL"},"content":{"rendered":"<p>K\u00dcKEN 100W STANDING FAN WITH CONTROL<\/p>\n<ul data-start=\"816\" data-end=\"1579\">\n<li data-start=\"816\" data-end=\"894\">\n<p data-start=\"818\" data-end=\"894\"><strong data-start=\"818\" data-end=\"849\">Powerful 100 W fan<\/strong>ideal for large or warm rooms.<\/p>\n<\/li>\n<li data-start=\"895\" data-end=\"967\">\n<p data-start=\"897\" data-end=\"967\"><strong data-start=\"897\" data-end=\"933\">Height adjustable from 104 to 127 cm<\/strong>adapts to any environment.<\/p>\n<\/li>\n<li data-start=\"968\" data-end=\"1035\">\n<p data-start=\"970\" data-end=\"1035\"><strong data-start=\"970\" data-end=\"989\">Metal blades<\/strong>for more powerful and efficient ventilation.<\/p>\n<\/li>\n<li data-start=\"1036\" data-end=\"1106\">\n<p data-start=\"1038\" data-end=\"1106\"><strong data-start=\"1038\" data-end=\"1076\">Mechanical 3-speed selector<\/strong>adjustable as required.<\/p>\n<\/li>\n<li data-start=\"1107\" data-end=\"1184\">\n<p data-start=\"1109\" data-end=\"1184\"><strong data-start=\"1109\" data-end=\"1145\">Vertically swivelling head<\/strong>The airflow is focused to your liking.<\/p>\n<\/li>\n<li data-start=\"1185\" data-end=\"1252\">\n<p data-start=\"1187\" data-end=\"1252\"><strong data-start=\"1187\" data-end=\"1212\">Fixed or oscillating mode<\/strong> with <strong data-start=\"1217\" data-end=\"1249\">swivel angle up to 180\u00b0.<\/strong>.<\/p>\n<\/li>\n<li data-start=\"1253\" data-end=\"1322\">\n<p data-start=\"1255\" data-end=\"1322\"><strong data-start=\"1255\" data-end=\"1288\">Metal safety grille<\/strong>protects without affecting the flow.<\/p>\n<\/li>\n<li data-start=\"1323\" data-end=\"1381\">\n<p data-start=\"1325\" data-end=\"1381\"><strong data-start=\"1325\" data-end=\"1354\">Rear carrying handle<\/strong>facilitates movement.<\/p>\n<\/li>\n<li data-start=\"1382\" data-end=\"1444\">\n<p data-start=\"1384\" data-end=\"1444\"><strong data-start=\"1384\" data-end=\"1407\">Non-slip base<\/strong>The new, more stable design ensures greater stability during use.<\/p>\n<\/li>\n<li data-start=\"1445\" data-end=\"1498\">\n<p data-start=\"1447\" data-end=\"1498\"><strong data-start=\"1447\" data-end=\"1465\">1.7 m cable<\/strong>good freedom of placement.<\/p>\n<\/li>\n<li data-start=\"1499\" data-end=\"1579\">\n<p data-start=\"1501\" data-end=\"1579\"><strong data-start=\"1501\" data-end=\"1530\">Includes remote control<\/strong>The new, easy-to-use, user-friendly control panel for all of its functions.<\/p>\n<\/li>\n<\/ul>\n<p><div class=\"accordion\"><div class=\"mfn-acc accordion_wrapper  toggle\"><div class=\"question\"><div class=\"title\"><i class=\"icon-plus acc-icon-plus\" aria-hidden=\"true\"><\/i><i class=\"icon-minus acc-icon-minus\" aria-hidden=\"true\"><\/i>Product data<\/div><div class=\"answer\">EAN: 8425160347789<\/p>\n<p>K\u00dcKEN 100W STANDING FAN WITH CONTROL<\/p>\n<p>Units: 1<br \/>\nColour: Chrome and black<br \/>\nPackaging: Coloured box<br \/>\nPower: 100W<br \/>\nVoltage: 230V<br \/>\nNon-slip base: Yes<br \/>\nSpeeds: 3<br \/>\nWeight: 3.34 kg<br \/>\nDiameter: 420 mm<\/div><\/div>\n<\/div><\/div>\n<br \/>\n<div class=\"accordion\"><div class=\"mfn-acc accordion_wrapper  toggle\"><div class=\"question\"><div class=\"title\"><i class=\"icon-plus acc-icon-plus\" aria-hidden=\"true\"><\/i><i class=\"icon-minus acc-icon-minus\" aria-hidden=\"true\"><\/i>Accessories<\/div><div class=\"answer\"><\/div><\/div>\n<\/div><\/div>\n<\/p>\n<div class=\"descargas-producto\"><a href=\"https:\/\/kuken.alfadyser.dev\/wp-content\/uploads\/8425160347789_ficha_tecnica.pdf\"><img loading=\"lazy\" decoding=\"async\" src=\"\/wp-content\/uploads\/2019\/12\/picto-descarrega.png\" alt=\"download data sheet\" width=\"23\" height=\"16\" \/>Download sheet<\/a><a href=\"\/wp-content\/uploads\/pdf\/8425160338114_manual.pdf\" target=\"_blank\" rel=\"noopener noreferrer\"><br \/>\n<\/a><a href=\"\/wp-content\/uploads\/pdf\/34778_instrucciones.pdf\"><img loading=\"lazy\" decoding=\"async\" src=\"\/wp-content\/uploads\/2019\/12\/picto-descarrega.png\" alt=\"download instruction manual\" width=\"23\" height=\"16\" \/>Download manual<\/a><\/div>\n<div><\/div>\n<div><span style=\"color: #bf2121\">Follow us on social media!<\/span><\/div>\n<div><a href=\"https:\/\/www.instagram.com\/kuken_appliances\/\">https:\/\/www.instagram.com\/kuken_appliances\/<\/a><\/div>\n<p><iframe loading=\"lazy\" title=\"Fans Kuken\" width=\"560\" height=\"315\" src=\"https:\/\/www.youtube.com\/embed\/YiLHFxcebs0?feature=oembed\" frameborder=\"0\" allow=\"accelerometer; autoplay; clipboard-write; encrypted-media; gyroscope; picture-in-picture; web-share\" referrerpolicy=\"strict-origin-when-cross-origin\" allowfullscreen><\/iframe><\/p>","protected":false},"excerpt":{"rendered":"<p data-start=\"500\" data-end=\"651\">Ideal for ventilating large spaces with power and precision, this fan offers remote control, adjustable height and a sturdy, safe design.<\/p>\n<p data-start=\"653\" data-end=\"748\">","protected":false},"featured_media":7303,"template":"","meta":[],"product_brand":[],"product_cat":[223],"product_tag":[],"class_list":{"0":"post-7302","1":"product","2":"type-product","3":"status-publish","4":"has-post-thumbnail","6":"product_cat-ventiladores","8":"first","9":"instock","10":"shipping-taxable","11":"product-type-simple"},"yoast_head":"<!-- This site is optimized with the Yoast SEO Premium plugin v24.0 (Yoast SEO v26.5) - https:\/\/yoast.com\/wordpress\/plugins\/seo\/ -->\n<title>VENTILADOR DE PIE CON MANDO 100W K\u00dcKEN - K\u00fcken<\/title>\n<meta name=\"description\" content=\"Ventilador con 100W de potencia y mando a distancia. Dise\u00f1o con aspas met\u00e1licas para una ventilaci\u00f3n m\u00e1s potente. Visita la web de K\u00fcken\" \/>\n<meta name=\"robots\" content=\"noindex, follow, max-snippet:-1, max-image-preview:large, max-video-preview:-1\" \/>\n<meta property=\"og:locale\" content=\"en_GB\" \/>\n<meta property=\"og:type\" content=\"article\" \/>\n<meta property=\"og:title\" content=\"VENTILADOR DE PIE CON MANDO 100W K\u00dcKEN\" \/>\n<meta property=\"og:description\" content=\"Ventilador con 100W de potencia y mando a distancia. Dise\u00f1o con aspas met\u00e1licas para una ventilaci\u00f3n m\u00e1s potente. Visita la web de K\u00fcken\" \/>\n<meta property=\"og:url\" content=\"https:\/\/kuken.alfadyser.dev\/en\/product-2\/foot-fan-with-control\/\" \/>\n<meta property=\"og:site_name\" content=\"K\u00fcken\" \/>\n<meta property=\"article:publisher\" content=\"https:\/\/es-es.facebook.com\/alfadyser\/\" \/>\n<meta property=\"article:modified_time\" content=\"2025-07-22T10:48:33+00:00\" \/>\n<meta property=\"og:image\" content=\"https:\/\/kuken.alfadyser.dev\/wp-content\/uploads\/8425160347789_01.jpg\" \/>\n\t<meta property=\"og:image:width\" content=\"2000\" \/>\n\t<meta property=\"og:image:height\" content=\"2000\" \/>\n\t<meta property=\"og:image:type\" content=\"image\/jpeg\" \/>\n<meta name=\"twitter:card\" content=\"summary_large_image\" \/>\n<meta name=\"twitter:label1\" content=\"Price\" \/>\n\t<meta name=\"twitter:data1\" content=\"\" \/>\n\t<meta name=\"twitter:label2\" content=\"Availability\" \/>\n\t<meta name=\"twitter:data2\" content=\"In stock\" \/>\n<script type=\"application\/ld+json\" class=\"yoast-schema-graph\">{\"@context\":\"https:\/\/schema.org\",\"@graph\":[{\"@type\":\"WebPage\",\"@id\":\"https:\/\/kuken.alfadyser.dev\/producto\/ventilador-de-pie-con-mando\/\",\"url\":\"https:\/\/kuken.alfadyser.dev\/producto\/ventilador-de-pie-con-mando\/\",\"name\":\"VENTILADOR DE PIE CON MANDO 100W K\u00dcKEN - K\u00fcken\",\"isPartOf\":{\"@id\":\"https:\/\/kuken.alfadyser.dev\/#website\"},\"primaryImageOfPage\":{\"@id\":\"https:\/\/kuken.alfadyser.dev\/producto\/ventilador-de-pie-con-mando\/#primaryimage\"},\"image\":{\"@id\":\"https:\/\/kuken.alfadyser.dev\/producto\/ventilador-de-pie-con-mando\/#primaryimage\"},\"thumbnailUrl\":\"https:\/\/kuken.alfadyser.dev\/wp-content\/uploads\/8425160347789_01.jpg\",\"datePublished\":\"2021-03-04T10:55:48+00:00\",\"dateModified\":\"2025-07-22T10:48:33+00:00\",\"description\":\"Ventilador con 100W de potencia y mando a distancia. Dise\u00f1o con aspas met\u00e1licas para una ventilaci\u00f3n m\u00e1s potente. Visita la web de K\u00fcken\",\"breadcrumb\":{\"@id\":\"https:\/\/kuken.alfadyser.dev\/producto\/ventilador-de-pie-con-mando\/#breadcrumb\"},\"inLanguage\":\"en-GB\",\"potentialAction\":[{\"@type\":\"ReadAction\",\"target\":[\"https:\/\/kuken.alfadyser.dev\/producto\/ventilador-de-pie-con-mando\/\"]}]},{\"@type\":\"ImageObject\",\"inLanguage\":\"en-GB\",\"@id\":\"https:\/\/kuken.alfadyser.dev\/producto\/ventilador-de-pie-con-mando\/#primaryimage\",\"url\":\"https:\/\/kuken.alfadyser.dev\/wp-content\/uploads\/8425160347789_01.jpg\",\"contentUrl\":\"https:\/\/kuken.alfadyser.dev\/wp-content\/uploads\/8425160347789_01.jpg\",\"width\":2000,\"height\":2000,\"caption\":\"Ventilador de pie con mando a distancia\"},{\"@type\":\"BreadcrumbList\",\"@id\":\"https:\/\/kuken.alfadyser.dev\/producto\/ventilador-de-pie-con-mando\/#breadcrumb\",\"itemListElement\":[{\"@type\":\"ListItem\",\"position\":1,\"name\":\"Portada\",\"item\":\"https:\/\/kuken.alfadyser.dev\/\"},{\"@type\":\"ListItem\",\"position\":2,\"name\":\"Productos\",\"item\":\"https:\/\/kuken.alfadyser.dev\/productos\/\"},{\"@type\":\"ListItem\",\"position\":3,\"name\":\"VENTILADOR DE PIE CON MANDO 100W K\u00dcKEN\"}]},{\"@type\":\"WebSite\",\"@id\":\"https:\/\/kuken.alfadyser.dev\/#website\",\"url\":\"https:\/\/kuken.alfadyser.dev\/\",\"name\":\"K\u00fcken\",\"description\":\"Amplia gama de peque\u00f1o electrodom\u00e9stico k\u00fcken\",\"publisher\":{\"@id\":\"https:\/\/kuken.alfadyser.dev\/#organization\"},\"potentialAction\":[{\"@type\":\"SearchAction\",\"target\":{\"@type\":\"EntryPoint\",\"urlTemplate\":\"https:\/\/kuken.alfadyser.dev\/?s={search_term_string}\"},\"query-input\":{\"@type\":\"PropertyValueSpecification\",\"valueRequired\":true,\"valueName\":\"search_term_string\"}}],\"inLanguage\":\"en-GB\"},{\"@type\":\"Organization\",\"@id\":\"https:\/\/kuken.alfadyser.dev\/#organization\",\"name\":\"Alfa Dyser\",\"url\":\"https:\/\/kuken.alfadyser.dev\/\",\"logo\":{\"@type\":\"ImageObject\",\"inLanguage\":\"en-GB\",\"@id\":\"https:\/\/kuken.alfadyser.dev\/#\/schema\/logo\/image\/\",\"url\":\"https:\/\/kuken.alfadyser.dev\/wp-content\/uploads\/2019\/04\/kuken-logo.png\",\"contentUrl\":\"https:\/\/kuken.alfadyser.dev\/wp-content\/uploads\/2019\/04\/kuken-logo.png\",\"width\":500,\"height\":191,\"caption\":\"Alfa Dyser\"},\"image\":{\"@id\":\"https:\/\/kuken.alfadyser.dev\/#\/schema\/logo\/image\/\"},\"sameAs\":[\"https:\/\/es-es.facebook.com\/alfadyser\/\",\"https:\/\/www.instagram.com\/kuken_appliances\/\"]}]}<\/script>\n<meta property=\"product:price:currency\" content=\"EUR\" \/>\n<meta property=\"og:availability\" content=\"instock\" \/>\n<meta property=\"product:availability\" content=\"instock\" \/>\n<meta property=\"product:retailer_item_id\" content=\"34778\" \/>\n<meta property=\"product:condition\" content=\"new\" \/>\n<!-- \/ Yoast SEO Premium plugin. -->","yoast_head_json":{"title":"K\u00dcKEN STAND-UP FAN WITH CONTROL 100W - K\u00fcken","description":"Fan with 100W power and remote control. Design with metal blades for more powerful ventilation. Visit the K\u00fcken website","robots":{"index":"noindex","follow":"follow","max-snippet":"max-snippet:-1","max-image-preview":"max-image-preview:large","max-video-preview":"max-video-preview:-1"},"og_locale":"en_GB","og_type":"article","og_title":"VENTILADOR DE PIE CON MANDO 100W K\u00dcKEN","og_description":"Ventilador con 100W de potencia y mando a distancia. Dise\u00f1o con aspas met\u00e1licas para una ventilaci\u00f3n m\u00e1s potente. Visita la web de K\u00fcken","og_url":"https:\/\/kuken.alfadyser.dev\/en\/product-2\/foot-fan-with-control\/","og_site_name":"K\u00fcken","article_publisher":"https:\/\/es-es.facebook.com\/alfadyser\/","article_modified_time":"2025-07-22T10:48:33+00:00","og_image":[{"width":2000,"height":2000,"url":"https:\/\/kuken.alfadyser.dev\/wp-content\/uploads\/8425160347789_01.jpg","type":"image\/jpeg"}],"twitter_card":"summary_large_image","twitter_misc":{"Price":"","Availability":"In stock"},"schema":{"@context":"https:\/\/schema.org","@graph":[{"@type":"WebPage","@id":"https:\/\/kuken.alfadyser.dev\/producto\/ventilador-de-pie-con-mando\/","url":"https:\/\/kuken.alfadyser.dev\/producto\/ventilador-de-pie-con-mando\/","name":"K\u00dcKEN STAND-UP FAN WITH CONTROL 100W - K\u00fcken","isPartOf":{"@id":"https:\/\/kuken.alfadyser.dev\/#website"},"primaryImageOfPage":{"@id":"https:\/\/kuken.alfadyser.dev\/producto\/ventilador-de-pie-con-mando\/#primaryimage"},"image":{"@id":"https:\/\/kuken.alfadyser.dev\/producto\/ventilador-de-pie-con-mando\/#primaryimage"},"thumbnailUrl":"https:\/\/kuken.alfadyser.dev\/wp-content\/uploads\/8425160347789_01.jpg","datePublished":"2021-03-04T10:55:48+00:00","dateModified":"2025-07-22T10:48:33+00:00","description":"Fan with 100W power and remote control. Design with metal blades for more powerful ventilation. Visit the K\u00fcken website","breadcrumb":{"@id":"https:\/\/kuken.alfadyser.dev\/producto\/ventilador-de-pie-con-mando\/#breadcrumb"},"inLanguage":"en-GB","potentialAction":[{"@type":"ReadAction","target":["https:\/\/kuken.alfadyser.dev\/producto\/ventilador-de-pie-con-mando\/"]}]},{"@type":"ImageObject","inLanguage":"en-GB","@id":"https:\/\/kuken.alfadyser.dev\/producto\/ventilador-de-pie-con-mando\/#primaryimage","url":"https:\/\/kuken.alfadyser.dev\/wp-content\/uploads\/8425160347789_01.jpg","contentUrl":"https:\/\/kuken.alfadyser.dev\/wp-content\/uploads\/8425160347789_01.jpg","width":2000,"height":2000,"caption":"Ventilador de pie con mando a distancia"},{"@type":"BreadcrumbList","@id":"https:\/\/kuken.alfadyser.dev\/producto\/ventilador-de-pie-con-mando\/#breadcrumb","itemListElement":[{"@type":"ListItem","position":1,"name":"Portada","item":"https:\/\/kuken.alfadyser.dev\/"},{"@type":"ListItem","position":2,"name":"Productos","item":"https:\/\/kuken.alfadyser.dev\/productos\/"},{"@type":"ListItem","position":3,"name":"VENTILADOR DE PIE CON MANDO 100W K\u00dcKEN"}]},{"@type":"WebSite","@id":"https:\/\/kuken.alfadyser.dev\/#website","url":"https:\/\/kuken.alfadyser.dev\/","name":"K\u00fcken","description":"Wide range of k\u00fcken small household appliances","publisher":{"@id":"https:\/\/kuken.alfadyser.dev\/#organization"},"potentialAction":[{"@type":"SearchAction","target":{"@type":"EntryPoint","urlTemplate":"https:\/\/kuken.alfadyser.dev\/?s={search_term_string}"},"query-input":{"@type":"PropertyValueSpecification","valueRequired":true,"valueName":"search_term_string"}}],"inLanguage":"en-GB"},{"@type":"Organization","@id":"https:\/\/kuken.alfadyser.dev\/#organization","name":"Alpha Dyser","url":"https:\/\/kuken.alfadyser.dev\/","logo":{"@type":"ImageObject","inLanguage":"en-GB","@id":"https:\/\/kuken.alfadyser.dev\/#\/schema\/logo\/image\/","url":"https:\/\/kuken.alfadyser.dev\/wp-content\/uploads\/2019\/04\/kuken-logo.png","contentUrl":"https:\/\/kuken.alfadyser.dev\/wp-content\/uploads\/2019\/04\/kuken-logo.png","width":500,"height":191,"caption":"Alfa Dyser"},"image":{"@id":"https:\/\/kuken.alfadyser.dev\/#\/schema\/logo\/image\/"},"sameAs":["https:\/\/es-es.facebook.com\/alfadyser\/","https:\/\/www.instagram.com\/kuken_appliances\/"]}]},"product_price_currency":"EUR","og_availability":"instock","product_availability":"instock","product_retailer_item_id":"34778","product_condition":"new"},"_links":{"self":[{"href":"https:\/\/kuken.alfadyser.dev\/en\/wp-json\/wp\/v2\/product\/7302","targetHints":{"allow":["GET"]}}],"collection":[{"href":"https:\/\/kuken.alfadyser.dev\/en\/wp-json\/wp\/v2\/product"}],"about":[{"href":"https:\/\/kuken.alfadyser.dev\/en\/wp-json\/wp\/v2\/types\/product"}],"wp:featuredmedia":[{"embeddable":true,"href":"https:\/\/kuken.alfadyser.dev\/en\/wp-json\/wp\/v2\/media\/7303"}],"wp:attachment":[{"href":"https:\/\/kuken.alfadyser.dev\/en\/wp-json\/wp\/v2\/media?parent=7302"}],"wp:term":[{"taxonomy":"product_brand","embeddable":true,"href":"https:\/\/kuken.alfadyser.dev\/en\/wp-json\/wp\/v2\/product_brand?post=7302"},{"taxonomy":"product_cat","embeddable":true,"href":"https:\/\/kuken.alfadyser.dev\/en\/wp-json\/wp\/v2\/product_cat?post=7302"},{"taxonomy":"product_tag","embeddable":true,"href":"https:\/\/kuken.alfadyser.dev\/en\/wp-json\/wp\/v2\/product_tag?post=7302"}],"curies":[{"name":"wp","href":"https:\/\/api.w.org\/{rel}","templated":true}]}}