{"id":7067,"date":"2021-01-14T08:54:24","date_gmt":"2021-01-14T07:54:24","guid":{"rendered":"https:\/\/kuken.alfadyser.dev\/?post_type=product&#038;p=7067"},"modified":"2025-07-22T13:33:46","modified_gmt":"2025-07-22T11:33:46","slug":"broom-vacuum-cleaner-with-cable-kuken-600w","status":"publish","type":"product","link":"https:\/\/kuken.alfadyser.dev\/en\/product-2\/broom-vacuum-cleaner-with-cable-kuken-600w\/","title":{"rendered":"K\u00dcKEN CORDED BROOM HOOVER 600W"},"content":{"rendered":"<p>K\u00dcKEN CORDED BROOM HOOVER 600W<\/p>\n<ul data-start=\"516\" data-end=\"1025\">\n<li data-start=\"516\" data-end=\"615\">\n<p data-start=\"518\" data-end=\"615\">Tecnolog\u00eda Cyclone: sistema de aspirado que mantiene el rendimiento sin p\u00e9rdida de succi\u00f3n.<\/p>\n<\/li>\n<li data-start=\"616\" data-end=\"697\">\n<p data-start=\"618\" data-end=\"697\">Filtro HEPA: retiene hasta el 99,9% del polvo, bacterias y al\u00e9rgenos.<\/p>\n<\/li>\n<li data-start=\"698\" data-end=\"786\">\n<p data-start=\"700\" data-end=\"786\">Dep\u00f3sito transparente y desmontable: f\u00e1cil de vaciar y limpiar sin esfuerzo.<\/p>\n<\/li>\n<li data-start=\"787\" data-end=\"869\">\n<p data-start=\"789\" data-end=\"869\">Boquilla incluida: ideal para juntas, esquinas, ventanas y tapicer\u00edas.<\/p>\n<\/li>\n<li data-start=\"870\" data-end=\"942\">\n<p data-start=\"872\" data-end=\"942\">Doble funci\u00f3n: se convierte f\u00e1cilmente en aspirador de mano.<\/p>\n<\/li>\n<li data-start=\"943\" data-end=\"1025\">\n<p data-start=\"945\" data-end=\"1025\">Cable de conexi\u00f3n de 4,5 metros para un radio de acci\u00f3n amplio y c\u00f3modo.<\/p>\n<\/li>\n<\/ul>\n<div class=\"accordion\"><div class=\"mfn-acc accordion_wrapper  toggle\"><div class=\"question\"><div class=\"title\"><i class=\"icon-plus acc-icon-plus\" aria-hidden=\"true\"><\/i><i class=\"icon-minus acc-icon-minus\" aria-hidden=\"true\"><\/i>Product data<\/div><div class=\"answer\">EAN: 8425160339753<br \/>\nUnits: 1<br \/>\nColour: Grey and turquoise blue<br \/>\nPackaging: Coloured box<br \/>\nPower: 600W<br \/>\nVoltage: 230 V<br \/>\nMaterial: PC<br \/>\n<div class=\"accordion\"><div class=\"mfn-acc accordion_wrapper  toggle\"><\/div><\/div>\n<div class=\"question\"><div class=\"title\"><i class=\"icon-plus acc-icon-plus\" aria-hidden=\"true\"><\/i><i class=\"icon-minus acc-icon-minus\" aria-hidden=\"true\"><\/i>Accessories<\/div><div class=\"answer\"><\/div><\/div>\n<\/div><\/div>\n<\/div><\/div>\n\n<div class=\"descargas-producto\"><a href=\"https:\/\/kuken.alfadyser.dev\/wp-content\/uploads\/pdf\/8425160341077_ficha_tecnica.pdf\"><img loading=\"lazy\" decoding=\"async\" src=\"\/wp-content\/uploads\/2019\/12\/picto-descarrega.png\" alt=\"download data sheet\" width=\"23\" height=\"16\" \/>Download sheet<\/a><br \/>\n<a href=\"\/wp-content\/uploads\/pdf\/34107_im-1.pdf\"><img loading=\"lazy\" decoding=\"async\" src=\"\/wp-content\/uploads\/2019\/12\/picto-descarrega.png\" alt=\"download instruction manual\" width=\"23\" height=\"16\" \/>Download manual<\/a><\/div>\n<div><\/div>\n<div>\n<div><span style=\"color: #bf2121\">Follow us on social media!<\/span><\/div>\n<div><a href=\"https:\/\/www.instagram.com\/kuken_appliances\/\">https:\/\/www.instagram.com\/kuken_appliances\/<\/a><\/div>\n<\/div>\n<p><iframe loading=\"lazy\" title=\"k\u00fcken 2-in-1 corded broom hoover\" width=\"560\" height=\"315\" src=\"https:\/\/www.youtube.com\/embed\/RjaLzuCBvIU?feature=oembed\" frameborder=\"0\" allow=\"accelerometer; autoplay; clipboard-write; encrypted-media; gyroscope; picture-in-picture; web-share\" referrerpolicy=\"strict-origin-when-cross-origin\" allowfullscreen><\/iframe><\/p>","protected":false},"excerpt":{"rendered":"<p>k\u00fcken 2-in-1 hoover, broom hoover and handheld hoover. Efficiently cleans floors, carpets, sofas and much more with just one hoover.<\/p>","protected":false},"featured_media":7078,"template":"","meta":[],"product_brand":[],"product_cat":[208],"product_tag":[],"class_list":{"0":"post-7067","1":"product","2":"type-product","3":"status-publish","4":"has-post-thumbnail","6":"product_cat-aspiradores","8":"first","9":"instock","10":"shipping-taxable","11":"product-type-simple"},"yoast_head":"<!-- This site is optimized with the Yoast SEO Premium plugin v24.0 (Yoast SEO v26.5) - https:\/\/yoast.com\/wordpress\/plugins\/seo\/ -->\n<title>ASPIRADOR ESCOBA CON CABLE K\u00dcKEN 600W - K\u00fcken<\/title>\n<meta name=\"description\" content=\"Aspirador con cable. Tecnologia CYCLONE. 2 en 1; aspirador escoba y de mano. Visita la web de K\u00fcken y descubre toda la gama de aspiradores.\" \/>\n<meta name=\"robots\" content=\"noindex, follow, max-snippet:-1, max-image-preview:large, max-video-preview:-1\" \/>\n<meta property=\"og:locale\" content=\"en_GB\" \/>\n<meta property=\"og:type\" content=\"article\" \/>\n<meta property=\"og:title\" content=\"ASPIRADOR ESCOBA CON CABLE K\u00dcKEN 600W\" \/>\n<meta property=\"og:description\" content=\"Aspirador con cable. Tecnologia CYCLONE. 2 en 1; aspirador escoba y de mano. Visita la web de K\u00fcken y descubre toda la gama de aspiradores.\" \/>\n<meta property=\"og:url\" content=\"https:\/\/kuken.alfadyser.dev\/en\/product-2\/broom-vacuum-cleaner-with-cable-kuken-600w\/\" \/>\n<meta property=\"og:site_name\" content=\"K\u00fcken\" \/>\n<meta property=\"article:publisher\" content=\"https:\/\/es-es.facebook.com\/alfadyser\/\" \/>\n<meta property=\"article:modified_time\" content=\"2025-07-22T11:33:46+00:00\" \/>\n<meta property=\"og:image\" content=\"https:\/\/kuken.alfadyser.dev\/wp-content\/uploads\/8425160341077_05-scaled.jpg\" \/>\n\t<meta property=\"og:image:width\" content=\"2560\" \/>\n\t<meta property=\"og:image:height\" content=\"2560\" \/>\n\t<meta property=\"og:image:type\" content=\"image\/jpeg\" \/>\n<meta name=\"twitter:card\" content=\"summary_large_image\" \/>\n<meta name=\"twitter:label1\" content=\"Price\" \/>\n\t<meta name=\"twitter:data1\" content=\"\" \/>\n\t<meta name=\"twitter:label2\" content=\"Availability\" \/>\n\t<meta name=\"twitter:data2\" content=\"In stock\" \/>\n<script type=\"application\/ld+json\" class=\"yoast-schema-graph\">{\"@context\":\"https:\/\/schema.org\",\"@graph\":[{\"@type\":\"WebPage\",\"@id\":\"https:\/\/kuken.alfadyser.dev\/producto\/aspirador-escoba-con-cable-kuken-600w\/\",\"url\":\"https:\/\/kuken.alfadyser.dev\/producto\/aspirador-escoba-con-cable-kuken-600w\/\",\"name\":\"ASPIRADOR ESCOBA CON CABLE K\u00dcKEN 600W - K\u00fcken\",\"isPartOf\":{\"@id\":\"https:\/\/kuken.alfadyser.dev\/#website\"},\"primaryImageOfPage\":{\"@id\":\"https:\/\/kuken.alfadyser.dev\/producto\/aspirador-escoba-con-cable-kuken-600w\/#primaryimage\"},\"image\":{\"@id\":\"https:\/\/kuken.alfadyser.dev\/producto\/aspirador-escoba-con-cable-kuken-600w\/#primaryimage\"},\"thumbnailUrl\":\"https:\/\/kuken.alfadyser.dev\/wp-content\/uploads\/8425160341077_05-scaled.jpg\",\"datePublished\":\"2021-01-14T07:54:24+00:00\",\"dateModified\":\"2025-07-22T11:33:46+00:00\",\"description\":\"Aspirador con cable. Tecnologia CYCLONE. 2 en 1; aspirador escoba y de mano. Visita la web de K\u00fcken y descubre toda la gama de aspiradores.\",\"breadcrumb\":{\"@id\":\"https:\/\/kuken.alfadyser.dev\/producto\/aspirador-escoba-con-cable-kuken-600w\/#breadcrumb\"},\"inLanguage\":\"en-GB\",\"potentialAction\":[{\"@type\":\"ReadAction\",\"target\":[\"https:\/\/kuken.alfadyser.dev\/producto\/aspirador-escoba-con-cable-kuken-600w\/\"]}]},{\"@type\":\"ImageObject\",\"inLanguage\":\"en-GB\",\"@id\":\"https:\/\/kuken.alfadyser.dev\/producto\/aspirador-escoba-con-cable-kuken-600w\/#primaryimage\",\"url\":\"https:\/\/kuken.alfadyser.dev\/wp-content\/uploads\/8425160341077_05-scaled.jpg\",\"contentUrl\":\"https:\/\/kuken.alfadyser.dev\/wp-content\/uploads\/8425160341077_05-scaled.jpg\",\"width\":2560,\"height\":2560,\"caption\":\"Aspirador escoba k\u00fcken con cable\"},{\"@type\":\"BreadcrumbList\",\"@id\":\"https:\/\/kuken.alfadyser.dev\/producto\/aspirador-escoba-con-cable-kuken-600w\/#breadcrumb\",\"itemListElement\":[{\"@type\":\"ListItem\",\"position\":1,\"name\":\"Portada\",\"item\":\"https:\/\/kuken.alfadyser.dev\/\"},{\"@type\":\"ListItem\",\"position\":2,\"name\":\"Productos\",\"item\":\"https:\/\/kuken.alfadyser.dev\/productos\/\"},{\"@type\":\"ListItem\",\"position\":3,\"name\":\"ASPIRADOR ESCOBA CON CABLE K\u00dcKEN 600W\"}]},{\"@type\":\"WebSite\",\"@id\":\"https:\/\/kuken.alfadyser.dev\/#website\",\"url\":\"https:\/\/kuken.alfadyser.dev\/\",\"name\":\"K\u00fcken\",\"description\":\"Amplia gama de peque\u00f1o electrodom\u00e9stico k\u00fcken\",\"publisher\":{\"@id\":\"https:\/\/kuken.alfadyser.dev\/#organization\"},\"potentialAction\":[{\"@type\":\"SearchAction\",\"target\":{\"@type\":\"EntryPoint\",\"urlTemplate\":\"https:\/\/kuken.alfadyser.dev\/?s={search_term_string}\"},\"query-input\":{\"@type\":\"PropertyValueSpecification\",\"valueRequired\":true,\"valueName\":\"search_term_string\"}}],\"inLanguage\":\"en-GB\"},{\"@type\":\"Organization\",\"@id\":\"https:\/\/kuken.alfadyser.dev\/#organization\",\"name\":\"Alfa Dyser\",\"url\":\"https:\/\/kuken.alfadyser.dev\/\",\"logo\":{\"@type\":\"ImageObject\",\"inLanguage\":\"en-GB\",\"@id\":\"https:\/\/kuken.alfadyser.dev\/#\/schema\/logo\/image\/\",\"url\":\"https:\/\/kuken.alfadyser.dev\/wp-content\/uploads\/2019\/04\/kuken-logo.png\",\"contentUrl\":\"https:\/\/kuken.alfadyser.dev\/wp-content\/uploads\/2019\/04\/kuken-logo.png\",\"width\":500,\"height\":191,\"caption\":\"Alfa Dyser\"},\"image\":{\"@id\":\"https:\/\/kuken.alfadyser.dev\/#\/schema\/logo\/image\/\"},\"sameAs\":[\"https:\/\/es-es.facebook.com\/alfadyser\/\",\"https:\/\/www.instagram.com\/kuken_appliances\/\"]}]}<\/script>\n<meta property=\"product:price:currency\" content=\"EUR\" \/>\n<meta property=\"og:availability\" content=\"instock\" \/>\n<meta property=\"product:availability\" content=\"instock\" \/>\n<meta property=\"product:retailer_item_id\" content=\"34107\" \/>\n<meta property=\"product:condition\" content=\"new\" \/>\n<!-- \/ Yoast SEO Premium plugin. -->","yoast_head_json":{"title":"K\u00dcKEN 600W WIRE MOUTH CLEANER - K\u00fcken","description":"Corded hoover. CYCLONE technology. 2 in 1; broom and handheld hoover. Visit the K\u00fcken website and discover the full range of hoovers.","robots":{"index":"noindex","follow":"follow","max-snippet":"max-snippet:-1","max-image-preview":"max-image-preview:large","max-video-preview":"max-video-preview:-1"},"og_locale":"en_GB","og_type":"article","og_title":"ASPIRADOR ESCOBA CON CABLE K\u00dcKEN 600W","og_description":"Aspirador con cable. Tecnologia CYCLONE. 2 en 1; aspirador escoba y de mano. Visita la web de K\u00fcken y descubre toda la gama de aspiradores.","og_url":"https:\/\/kuken.alfadyser.dev\/en\/product-2\/broom-vacuum-cleaner-with-cable-kuken-600w\/","og_site_name":"K\u00fcken","article_publisher":"https:\/\/es-es.facebook.com\/alfadyser\/","article_modified_time":"2025-07-22T11:33:46+00:00","og_image":[{"width":2560,"height":2560,"url":"https:\/\/kuken.alfadyser.dev\/wp-content\/uploads\/8425160341077_05-scaled.jpg","type":"image\/jpeg"}],"twitter_card":"summary_large_image","twitter_misc":{"Price":"","Availability":"In stock"},"schema":{"@context":"https:\/\/schema.org","@graph":[{"@type":"WebPage","@id":"https:\/\/kuken.alfadyser.dev\/producto\/aspirador-escoba-con-cable-kuken-600w\/","url":"https:\/\/kuken.alfadyser.dev\/producto\/aspirador-escoba-con-cable-kuken-600w\/","name":"K\u00dcKEN 600W WIRE MOUTH CLEANER - K\u00fcken","isPartOf":{"@id":"https:\/\/kuken.alfadyser.dev\/#website"},"primaryImageOfPage":{"@id":"https:\/\/kuken.alfadyser.dev\/producto\/aspirador-escoba-con-cable-kuken-600w\/#primaryimage"},"image":{"@id":"https:\/\/kuken.alfadyser.dev\/producto\/aspirador-escoba-con-cable-kuken-600w\/#primaryimage"},"thumbnailUrl":"https:\/\/kuken.alfadyser.dev\/wp-content\/uploads\/8425160341077_05-scaled.jpg","datePublished":"2021-01-14T07:54:24+00:00","dateModified":"2025-07-22T11:33:46+00:00","description":"Corded hoover. CYCLONE technology. 2 in 1; broom and handheld hoover. Visit the K\u00fcken website and discover the full range of hoovers.","breadcrumb":{"@id":"https:\/\/kuken.alfadyser.dev\/producto\/aspirador-escoba-con-cable-kuken-600w\/#breadcrumb"},"inLanguage":"en-GB","potentialAction":[{"@type":"ReadAction","target":["https:\/\/kuken.alfadyser.dev\/producto\/aspirador-escoba-con-cable-kuken-600w\/"]}]},{"@type":"ImageObject","inLanguage":"en-GB","@id":"https:\/\/kuken.alfadyser.dev\/producto\/aspirador-escoba-con-cable-kuken-600w\/#primaryimage","url":"https:\/\/kuken.alfadyser.dev\/wp-content\/uploads\/8425160341077_05-scaled.jpg","contentUrl":"https:\/\/kuken.alfadyser.dev\/wp-content\/uploads\/8425160341077_05-scaled.jpg","width":2560,"height":2560,"caption":"Aspirador escoba k\u00fcken con cable"},{"@type":"BreadcrumbList","@id":"https:\/\/kuken.alfadyser.dev\/producto\/aspirador-escoba-con-cable-kuken-600w\/#breadcrumb","itemListElement":[{"@type":"ListItem","position":1,"name":"Portada","item":"https:\/\/kuken.alfadyser.dev\/"},{"@type":"ListItem","position":2,"name":"Productos","item":"https:\/\/kuken.alfadyser.dev\/productos\/"},{"@type":"ListItem","position":3,"name":"ASPIRADOR ESCOBA CON CABLE K\u00dcKEN 600W"}]},{"@type":"WebSite","@id":"https:\/\/kuken.alfadyser.dev\/#website","url":"https:\/\/kuken.alfadyser.dev\/","name":"K\u00fcken","description":"Wide range of k\u00fcken small household appliances","publisher":{"@id":"https:\/\/kuken.alfadyser.dev\/#organization"},"potentialAction":[{"@type":"SearchAction","target":{"@type":"EntryPoint","urlTemplate":"https:\/\/kuken.alfadyser.dev\/?s={search_term_string}"},"query-input":{"@type":"PropertyValueSpecification","valueRequired":true,"valueName":"search_term_string"}}],"inLanguage":"en-GB"},{"@type":"Organization","@id":"https:\/\/kuken.alfadyser.dev\/#organization","name":"Alpha Dyser","url":"https:\/\/kuken.alfadyser.dev\/","logo":{"@type":"ImageObject","inLanguage":"en-GB","@id":"https:\/\/kuken.alfadyser.dev\/#\/schema\/logo\/image\/","url":"https:\/\/kuken.alfadyser.dev\/wp-content\/uploads\/2019\/04\/kuken-logo.png","contentUrl":"https:\/\/kuken.alfadyser.dev\/wp-content\/uploads\/2019\/04\/kuken-logo.png","width":500,"height":191,"caption":"Alfa Dyser"},"image":{"@id":"https:\/\/kuken.alfadyser.dev\/#\/schema\/logo\/image\/"},"sameAs":["https:\/\/es-es.facebook.com\/alfadyser\/","https:\/\/www.instagram.com\/kuken_appliances\/"]}]},"product_price_currency":"EUR","og_availability":"instock","product_availability":"instock","product_retailer_item_id":"34107","product_condition":"new"},"_links":{"self":[{"href":"https:\/\/kuken.alfadyser.dev\/en\/wp-json\/wp\/v2\/product\/7067","targetHints":{"allow":["GET"]}}],"collection":[{"href":"https:\/\/kuken.alfadyser.dev\/en\/wp-json\/wp\/v2\/product"}],"about":[{"href":"https:\/\/kuken.alfadyser.dev\/en\/wp-json\/wp\/v2\/types\/product"}],"wp:featuredmedia":[{"embeddable":true,"href":"https:\/\/kuken.alfadyser.dev\/en\/wp-json\/wp\/v2\/media\/7078"}],"wp:attachment":[{"href":"https:\/\/kuken.alfadyser.dev\/en\/wp-json\/wp\/v2\/media?parent=7067"}],"wp:term":[{"taxonomy":"product_brand","embeddable":true,"href":"https:\/\/kuken.alfadyser.dev\/en\/wp-json\/wp\/v2\/product_brand?post=7067"},{"taxonomy":"product_cat","embeddable":true,"href":"https:\/\/kuken.alfadyser.dev\/en\/wp-json\/wp\/v2\/product_cat?post=7067"},{"taxonomy":"product_tag","embeddable":true,"href":"https:\/\/kuken.alfadyser.dev\/en\/wp-json\/wp\/v2\/product_tag?post=7067"}],"curies":[{"name":"wp","href":"https:\/\/api.w.org\/{rel}","templated":true}]}}