{"id":7052,"date":"2021-01-13T13:50:54","date_gmt":"2021-01-13T12:50:54","guid":{"rendered":"https:\/\/kuken.alfadyser.dev\/?post_type=product&#038;p=7052"},"modified":"2025-07-23T12:56:37","modified_gmt":"2025-07-23T10:56:37","slug":"kitchen-robot-k%c3%bcken-smart-8000-2","status":"publish","type":"product","link":"https:\/\/kuken.alfadyser.dev\/en\/product-2\/kitchen-robot-k%c3%bcken-smart-8000-2\/","title":{"rendered":"K\u00dcKEN SMART 8000 FOOD PROCESSOR"},"content":{"rendered":"<div class=\"woocommerce-product-details__short-description\">\n<p>K\u00dcKEN SMART 8000 FOOD PROCESSOR<\/p>\n<ul data-start=\"562\" data-end=\"1270\">\n<li data-start=\"562\" data-end=\"667\">\n<p data-start=\"564\" data-end=\"667\">23 funciones integradas: incluye picado, amasado, batido, vapor, cocci\u00f3n lenta, pesado y m\u00e1s.<\/p>\n<\/li>\n<li data-start=\"668\" data-end=\"768\">\n<p data-start=\"670\" data-end=\"768\">Pantalla t\u00e1ctil LCD de 5\u201d: interfaz intuitiva para un control total de cada preparaci\u00f3n.<\/p>\n<\/li>\n<li data-start=\"769\" data-end=\"870\">\n<p data-start=\"771\" data-end=\"870\">Cuchillas de acero inoxidable: de alta resistencia, pican incluso hielo sin esfuerzo.<\/p>\n<\/li>\n<li data-start=\"871\" data-end=\"961\">\n<p data-start=\"873\" data-end=\"961\">Accesorios incluidos: 14 utensilios libres de BPA, m\u00e1s b\u00e1scula y vaporera.<\/p>\n<\/li>\n<li data-start=\"962\" data-end=\"1027\">\n<p data-start=\"964\" data-end=\"1027\">Vaso de 2,3L \/ 3,5L: ideal para preparar varias raciones.<\/p>\n<\/li>\n<li data-start=\"1028\" data-end=\"1100\">\n<p data-start=\"1030\" data-end=\"1100\">Disco reversible tipo Food Processor: ralla, monda y rebana.<\/p>\n<\/li>\n<li data-start=\"1101\" data-end=\"1180\">\n<p data-start=\"1103\" data-end=\"1180\">Tapa antisalpicaduras: con regulador de vapor para mayor seguridad.<\/p>\n<\/li>\n<li data-start=\"1181\" data-end=\"1270\">\n<p data-start=\"1183\" data-end=\"1270\">Updated recipes can be found at <a class=\"\" href=\"http:\/\/www.recetas.kuken.es\" target=\"_new\" rel=\"noopener\" data-start=\"1218\" data-end=\"1238\">www.recetas.kuken.es<\/a> or create your own step by step.<\/p>\n<\/li>\n<\/ul>\n<\/div>\n<p><div class=\"accordion\"><div class=\"mfn-acc accordion_wrapper  toggle\"><div class=\"question\"><div class=\"title\"><i class=\"icon-plus acc-icon-plus\" aria-hidden=\"true\"><\/i><i class=\"icon-minus acc-icon-minus\" aria-hidden=\"true\"><\/i>Product data<\/div><div class=\"answer\"><\/p>\n<p>EAN 8425160341350<\/p>\n<p>Package unit 1<br \/>\nColour Black and White<br \/>\nPackaging Colour Box<br \/>\nPower Motor 1.300W \/ mixer 600W \/ heat 1.000W<br \/>\nVoltage 230 V<\/p>\n<p><\/div><\/div>\n<\/div><\/div>\n<br \/>\n<div class=\"accordion\"><div class=\"mfn-acc accordion_wrapper  toggle\"><div class=\"question\"><div class=\"title\"><i class=\"icon-plus acc-icon-plus\" aria-hidden=\"true\"><\/i><i class=\"icon-minus acc-icon-minus\" aria-hidden=\"true\"><\/i>Accessories<\/div><div class=\"answer\"><\/p>\n<p>Steamer and multiple accessories<\/p>\n<p><\/div><\/div>\n<\/div><\/div>\n<\/p>\n<p>Follow us on social media!<\/p>\n<p><a href=\"https:\/\/www.instagram.com\/kuken_appliances\/\">https:\/\/www.instagram.com\/kuken_appliances\/<\/a><\/p>\n<p><img loading=\"lazy\" decoding=\"async\" src=\"\/wp-content\/uploads\/2019\/12\/picto-descarrega.png\" alt=\"download data sheet\" width=\"23\" height=\"16\" \/>Download sheet<br \/>\n<img loading=\"lazy\" decoding=\"async\" src=\"\/wp-content\/uploads\/2019\/12\/picto-descarrega.png\" alt=\"download instruction manual\" width=\"23\" height=\"16\" \/>Download manual<\/p>\n<p>&nbsp;<\/p>\n<p><iframe loading=\"lazy\" title=\"k\u00fcken smart 8000 multifunctional intelligent food processor\" width=\"560\" height=\"315\" src=\"https:\/\/www.youtube.com\/embed\/8BVjP3kRmgo?feature=oembed\" frameborder=\"0\" allow=\"accelerometer; autoplay; clipboard-write; encrypted-media; gyroscope; picture-in-picture; web-share\" referrerpolicy=\"strict-origin-when-cross-origin\" allowfullscreen><\/iframe><\/p>","protected":false},"excerpt":{"rendered":"<p data-start=\"378\" data-end=\"524\">Your perfect ally in the kitchen. This smart food processor combines power, compact design and advanced features for easy and delicious recipes.<\/p>","protected":false},"featured_media":8992,"template":"","meta":[],"product_brand":[],"product_cat":[191],"product_tag":[],"class_list":{"0":"post-7052","1":"product","2":"type-product","3":"status-publish","4":"has-post-thumbnail","6":"product_cat-robots-de-cocina","8":"first","9":"instock","10":"shipping-taxable","11":"product-type-simple"},"yoast_head":"<!-- This site is optimized with the Yoast SEO Premium plugin v24.0 (Yoast SEO v26.5) - https:\/\/yoast.com\/wordpress\/plugins\/seo\/ -->\n<title>ROBOT DE COCINA\u00a0K\u00dcKEN SMART 8000 - K\u00fcken<\/title>\n<meta name=\"description\" content=\"El Robot de cocina K\u00fcken SMART 8000 ofrece 12 funciones de cocina y m\u00e1s de 100 recetas. Para m\u00e1s informaci\u00f3n visita la web de k\u00fcken.\" \/>\n<meta name=\"robots\" content=\"noindex, follow, max-snippet:-1, max-image-preview:large, max-video-preview:-1\" \/>\n<meta property=\"og:locale\" content=\"en_GB\" \/>\n<meta property=\"og:type\" content=\"article\" \/>\n<meta property=\"og:title\" content=\"ROBOT DE COCINA\u00a0K\u00dcKEN SMART 8000\" \/>\n<meta property=\"og:description\" content=\"El Robot de cocina K\u00fcken SMART 8000 ofrece 12 funciones de cocina y m\u00e1s de 100 recetas. Para m\u00e1s informaci\u00f3n visita la web de k\u00fcken.\" \/>\n<meta property=\"og:url\" content=\"https:\/\/kuken.alfadyser.dev\/en\/product-2\/kitchen-robot-k\u00fcken-smart-8000-2\/\" \/>\n<meta property=\"og:site_name\" content=\"K\u00fcken\" \/>\n<meta property=\"article:publisher\" content=\"https:\/\/es-es.facebook.com\/alfadyser\/\" \/>\n<meta property=\"article:modified_time\" content=\"2025-07-23T10:56:37+00:00\" \/>\n<meta property=\"og:image\" content=\"https:\/\/kuken.alfadyser.dev\/wp-content\/uploads\/8425160341350_01-1-scaled.jpg\" \/>\n\t<meta property=\"og:image:width\" content=\"2560\" \/>\n\t<meta property=\"og:image:height\" content=\"2560\" \/>\n\t<meta property=\"og:image:type\" content=\"image\/jpeg\" \/>\n<meta name=\"twitter:card\" content=\"summary_large_image\" \/>\n<meta name=\"twitter:label1\" content=\"Price\" \/>\n\t<meta name=\"twitter:data1\" content=\"\" \/>\n\t<meta name=\"twitter:label2\" content=\"Availability\" \/>\n\t<meta name=\"twitter:data2\" content=\"In stock\" \/>\n<script type=\"application\/ld+json\" class=\"yoast-schema-graph\">{\"@context\":\"https:\/\/schema.org\",\"@graph\":[{\"@type\":\"WebPage\",\"@id\":\"https:\/\/kuken.alfadyser.dev\/producto\/robot-de-cocina-kuken-smart-8000\/\",\"url\":\"https:\/\/kuken.alfadyser.dev\/producto\/robot-de-cocina-kuken-smart-8000\/\",\"name\":\"ROBOT DE COCINA\u00a0K\u00dcKEN SMART 8000 - K\u00fcken\",\"isPartOf\":{\"@id\":\"https:\/\/kuken.alfadyser.dev\/#website\"},\"primaryImageOfPage\":{\"@id\":\"https:\/\/kuken.alfadyser.dev\/producto\/robot-de-cocina-kuken-smart-8000\/#primaryimage\"},\"image\":{\"@id\":\"https:\/\/kuken.alfadyser.dev\/producto\/robot-de-cocina-kuken-smart-8000\/#primaryimage\"},\"thumbnailUrl\":\"https:\/\/kuken.alfadyser.dev\/wp-content\/uploads\/8425160341350_01-1-scaled.jpg\",\"datePublished\":\"2021-01-13T12:50:54+00:00\",\"dateModified\":\"2025-07-23T10:56:37+00:00\",\"description\":\"El Robot de cocina K\u00fcken SMART 8000 ofrece 12 funciones de cocina y m\u00e1s de 100 recetas. Para m\u00e1s informaci\u00f3n visita la web de k\u00fcken.\",\"breadcrumb\":{\"@id\":\"https:\/\/kuken.alfadyser.dev\/producto\/robot-de-cocina-kuken-smart-8000\/#breadcrumb\"},\"inLanguage\":\"en-GB\",\"potentialAction\":[{\"@type\":\"ReadAction\",\"target\":[\"https:\/\/kuken.alfadyser.dev\/producto\/robot-de-cocina-kuken-smart-8000\/\"]}]},{\"@type\":\"ImageObject\",\"inLanguage\":\"en-GB\",\"@id\":\"https:\/\/kuken.alfadyser.dev\/producto\/robot-de-cocina-kuken-smart-8000\/#primaryimage\",\"url\":\"https:\/\/kuken.alfadyser.dev\/wp-content\/uploads\/8425160341350_01-1-scaled.jpg\",\"contentUrl\":\"https:\/\/kuken.alfadyser.dev\/wp-content\/uploads\/8425160341350_01-1-scaled.jpg\",\"width\":2560,\"height\":2560},{\"@type\":\"BreadcrumbList\",\"@id\":\"https:\/\/kuken.alfadyser.dev\/producto\/robot-de-cocina-kuken-smart-8000\/#breadcrumb\",\"itemListElement\":[{\"@type\":\"ListItem\",\"position\":1,\"name\":\"Portada\",\"item\":\"https:\/\/kuken.alfadyser.dev\/\"},{\"@type\":\"ListItem\",\"position\":2,\"name\":\"Productos\",\"item\":\"https:\/\/kuken.alfadyser.dev\/productos\/\"},{\"@type\":\"ListItem\",\"position\":3,\"name\":\"ROBOT DE COCINA\u00a0K\u00dcKEN SMART 8000\"}]},{\"@type\":\"WebSite\",\"@id\":\"https:\/\/kuken.alfadyser.dev\/#website\",\"url\":\"https:\/\/kuken.alfadyser.dev\/\",\"name\":\"K\u00fcken\",\"description\":\"Amplia gama de peque\u00f1o electrodom\u00e9stico k\u00fcken\",\"publisher\":{\"@id\":\"https:\/\/kuken.alfadyser.dev\/#organization\"},\"potentialAction\":[{\"@type\":\"SearchAction\",\"target\":{\"@type\":\"EntryPoint\",\"urlTemplate\":\"https:\/\/kuken.alfadyser.dev\/?s={search_term_string}\"},\"query-input\":{\"@type\":\"PropertyValueSpecification\",\"valueRequired\":true,\"valueName\":\"search_term_string\"}}],\"inLanguage\":\"en-GB\"},{\"@type\":\"Organization\",\"@id\":\"https:\/\/kuken.alfadyser.dev\/#organization\",\"name\":\"Alfa Dyser\",\"url\":\"https:\/\/kuken.alfadyser.dev\/\",\"logo\":{\"@type\":\"ImageObject\",\"inLanguage\":\"en-GB\",\"@id\":\"https:\/\/kuken.alfadyser.dev\/#\/schema\/logo\/image\/\",\"url\":\"https:\/\/kuken.alfadyser.dev\/wp-content\/uploads\/2019\/04\/kuken-logo.png\",\"contentUrl\":\"https:\/\/kuken.alfadyser.dev\/wp-content\/uploads\/2019\/04\/kuken-logo.png\",\"width\":500,\"height\":191,\"caption\":\"Alfa Dyser\"},\"image\":{\"@id\":\"https:\/\/kuken.alfadyser.dev\/#\/schema\/logo\/image\/\"},\"sameAs\":[\"https:\/\/es-es.facebook.com\/alfadyser\/\",\"https:\/\/www.instagram.com\/kuken_appliances\/\"]}]}<\/script>\n<meta property=\"product:price:currency\" content=\"EUR\" \/>\n<meta property=\"og:availability\" content=\"instock\" \/>\n<meta property=\"product:availability\" content=\"instock\" \/>\n<meta property=\"product:retailer_item_id\" content=\"34135\" \/>\n<meta property=\"product:condition\" content=\"new\" \/>\n<!-- \/ Yoast SEO Premium plugin. -->","yoast_head_json":{"title":"FOOD PROCESSOR K\u00dcKEN SMART 8000 - K\u00fcken","description":"The K\u00fcken SMART 8000 Kitchen Machine offers 12 cooking functions and more than 100 recipes. For more information visit the k\u00fcken website.","robots":{"index":"noindex","follow":"follow","max-snippet":"max-snippet:-1","max-image-preview":"max-image-preview:large","max-video-preview":"max-video-preview:-1"},"og_locale":"en_GB","og_type":"article","og_title":"ROBOT DE COCINA\u00a0K\u00dcKEN SMART 8000","og_description":"El Robot de cocina K\u00fcken SMART 8000 ofrece 12 funciones de cocina y m\u00e1s de 100 recetas. Para m\u00e1s informaci\u00f3n visita la web de k\u00fcken.","og_url":"https:\/\/kuken.alfadyser.dev\/en\/product-2\/kitchen-robot-k\u00fcken-smart-8000-2\/","og_site_name":"K\u00fcken","article_publisher":"https:\/\/es-es.facebook.com\/alfadyser\/","article_modified_time":"2025-07-23T10:56:37+00:00","og_image":[{"width":2560,"height":2560,"url":"https:\/\/kuken.alfadyser.dev\/wp-content\/uploads\/8425160341350_01-1-scaled.jpg","type":"image\/jpeg"}],"twitter_card":"summary_large_image","twitter_misc":{"Price":"","Availability":"In stock"},"schema":{"@context":"https:\/\/schema.org","@graph":[{"@type":"WebPage","@id":"https:\/\/kuken.alfadyser.dev\/producto\/robot-de-cocina-kuken-smart-8000\/","url":"https:\/\/kuken.alfadyser.dev\/producto\/robot-de-cocina-kuken-smart-8000\/","name":"FOOD PROCESSOR K\u00dcKEN SMART 8000 - K\u00fcken","isPartOf":{"@id":"https:\/\/kuken.alfadyser.dev\/#website"},"primaryImageOfPage":{"@id":"https:\/\/kuken.alfadyser.dev\/producto\/robot-de-cocina-kuken-smart-8000\/#primaryimage"},"image":{"@id":"https:\/\/kuken.alfadyser.dev\/producto\/robot-de-cocina-kuken-smart-8000\/#primaryimage"},"thumbnailUrl":"https:\/\/kuken.alfadyser.dev\/wp-content\/uploads\/8425160341350_01-1-scaled.jpg","datePublished":"2021-01-13T12:50:54+00:00","dateModified":"2025-07-23T10:56:37+00:00","description":"The K\u00fcken SMART 8000 Kitchen Machine offers 12 cooking functions and more than 100 recipes. For more information visit the k\u00fcken website.","breadcrumb":{"@id":"https:\/\/kuken.alfadyser.dev\/producto\/robot-de-cocina-kuken-smart-8000\/#breadcrumb"},"inLanguage":"en-GB","potentialAction":[{"@type":"ReadAction","target":["https:\/\/kuken.alfadyser.dev\/producto\/robot-de-cocina-kuken-smart-8000\/"]}]},{"@type":"ImageObject","inLanguage":"en-GB","@id":"https:\/\/kuken.alfadyser.dev\/producto\/robot-de-cocina-kuken-smart-8000\/#primaryimage","url":"https:\/\/kuken.alfadyser.dev\/wp-content\/uploads\/8425160341350_01-1-scaled.jpg","contentUrl":"https:\/\/kuken.alfadyser.dev\/wp-content\/uploads\/8425160341350_01-1-scaled.jpg","width":2560,"height":2560},{"@type":"BreadcrumbList","@id":"https:\/\/kuken.alfadyser.dev\/producto\/robot-de-cocina-kuken-smart-8000\/#breadcrumb","itemListElement":[{"@type":"ListItem","position":1,"name":"Portada","item":"https:\/\/kuken.alfadyser.dev\/"},{"@type":"ListItem","position":2,"name":"Productos","item":"https:\/\/kuken.alfadyser.dev\/productos\/"},{"@type":"ListItem","position":3,"name":"ROBOT DE COCINA\u00a0K\u00dcKEN SMART 8000"}]},{"@type":"WebSite","@id":"https:\/\/kuken.alfadyser.dev\/#website","url":"https:\/\/kuken.alfadyser.dev\/","name":"K\u00fcken","description":"Wide range of k\u00fcken small household appliances","publisher":{"@id":"https:\/\/kuken.alfadyser.dev\/#organization"},"potentialAction":[{"@type":"SearchAction","target":{"@type":"EntryPoint","urlTemplate":"https:\/\/kuken.alfadyser.dev\/?s={search_term_string}"},"query-input":{"@type":"PropertyValueSpecification","valueRequired":true,"valueName":"search_term_string"}}],"inLanguage":"en-GB"},{"@type":"Organization","@id":"https:\/\/kuken.alfadyser.dev\/#organization","name":"Alpha Dyser","url":"https:\/\/kuken.alfadyser.dev\/","logo":{"@type":"ImageObject","inLanguage":"en-GB","@id":"https:\/\/kuken.alfadyser.dev\/#\/schema\/logo\/image\/","url":"https:\/\/kuken.alfadyser.dev\/wp-content\/uploads\/2019\/04\/kuken-logo.png","contentUrl":"https:\/\/kuken.alfadyser.dev\/wp-content\/uploads\/2019\/04\/kuken-logo.png","width":500,"height":191,"caption":"Alfa Dyser"},"image":{"@id":"https:\/\/kuken.alfadyser.dev\/#\/schema\/logo\/image\/"},"sameAs":["https:\/\/es-es.facebook.com\/alfadyser\/","https:\/\/www.instagram.com\/kuken_appliances\/"]}]},"product_price_currency":"EUR","og_availability":"instock","product_availability":"instock","product_retailer_item_id":"34135","product_condition":"new"},"_links":{"self":[{"href":"https:\/\/kuken.alfadyser.dev\/en\/wp-json\/wp\/v2\/product\/7052","targetHints":{"allow":["GET"]}}],"collection":[{"href":"https:\/\/kuken.alfadyser.dev\/en\/wp-json\/wp\/v2\/product"}],"about":[{"href":"https:\/\/kuken.alfadyser.dev\/en\/wp-json\/wp\/v2\/types\/product"}],"wp:featuredmedia":[{"embeddable":true,"href":"https:\/\/kuken.alfadyser.dev\/en\/wp-json\/wp\/v2\/media\/8992"}],"wp:attachment":[{"href":"https:\/\/kuken.alfadyser.dev\/en\/wp-json\/wp\/v2\/media?parent=7052"}],"wp:term":[{"taxonomy":"product_brand","embeddable":true,"href":"https:\/\/kuken.alfadyser.dev\/en\/wp-json\/wp\/v2\/product_brand?post=7052"},{"taxonomy":"product_cat","embeddable":true,"href":"https:\/\/kuken.alfadyser.dev\/en\/wp-json\/wp\/v2\/product_cat?post=7052"},{"taxonomy":"product_tag","embeddable":true,"href":"https:\/\/kuken.alfadyser.dev\/en\/wp-json\/wp\/v2\/product_tag?post=7052"}],"curies":[{"name":"wp","href":"https:\/\/api.w.org\/{rel}","templated":true}]}}