{"id":6637,"date":"2020-11-17T12:25:36","date_gmt":"2020-11-17T11:25:36","guid":{"rendered":"https:\/\/kuken.alfadyser.dev\/?post_type=product&#038;p=6637"},"modified":"2025-07-22T13:35:28","modified_gmt":"2025-07-22T11:35:28","slug":"kuken-arm-electric-orange-squeezer","status":"publish","type":"product","link":"https:\/\/kuken.alfadyser.dev\/en\/product-2\/kuken-arm-electric-orange-squeezer\/","title":{"rendered":"K\u00dcKEN ELECTRIC ORANGE JUICER WITH ARM"},"content":{"rendered":"<p>K\u00dcKEN ELECTRIC ORANGE JUICER WITH ARM<\/p>\n<ul data-start=\"568\" data-end=\"1306\">\n<li data-start=\"568\" data-end=\"641\">\n<p data-start=\"570\" data-end=\"641\">Motor de alta potencia: extrae zumos de forma r\u00e1pida y eficiente.<\/p>\n<\/li>\n<li data-start=\"642\" data-end=\"727\">\n<p data-start=\"644\" data-end=\"727\">Filtro de acero inoxidable: separa la pulpa y mejora la calidad del zumo.<\/p>\n<\/li>\n<li data-start=\"728\" data-end=\"805\">\n<p data-start=\"730\" data-end=\"805\">Dos conos desmontables: se adaptan a c\u00edtricos grandes o peque\u00f1os.<\/p>\n<\/li>\n<li data-start=\"806\" data-end=\"885\">\n<p data-start=\"808\" data-end=\"885\">Palanca de presi\u00f3n ergon\u00f3mica: facilita la extracci\u00f3n sin esfuerzo.<\/p>\n<\/li>\n<li data-start=\"886\" data-end=\"971\">\n<p data-start=\"888\" data-end=\"971\">Sistema de extracci\u00f3n continua: ideal para preparar varias raciones seguidas.<\/p>\n<\/li>\n<li data-start=\"972\" data-end=\"1051\">\n<p data-start=\"974\" data-end=\"1051\">Boquilla con dise\u00f1o antigoteo: en acero inoxidable, evita derrames.<\/p>\n<\/li>\n<li data-start=\"1052\" data-end=\"1123\">\n<p data-start=\"1054\" data-end=\"1123\">Encendido autom\u00e1tico: activa al presionar el cono con la fruta.<\/p>\n<\/li>\n<li data-start=\"1124\" data-end=\"1177\">\n<p data-start=\"1126\" data-end=\"1177\">Piezas desmontables: limpieza f\u00e1cil y r\u00e1pida.<\/p>\n<\/li>\n<li data-start=\"1178\" data-end=\"1240\">\n<p data-start=\"1180\" data-end=\"1240\">Base antideslizante: estabilidad total durante el uso.<\/p>\n<\/li>\n<li data-start=\"1241\" data-end=\"1306\">\n<p data-start=\"1243\" data-end=\"1306\">Cuerpo robusto: acabado en acero inoxidable y PC negro.<\/p>\n<\/li>\n<\/ul>\n<p><div class=\"accordion\"><div class=\"mfn-acc accordion_wrapper  toggle\"><div class=\"question\"><div class=\"title\"><i class=\"icon-plus acc-icon-plus\" aria-hidden=\"true\"><\/i><i class=\"icon-minus acc-icon-minus\" aria-hidden=\"true\"><\/i>Product data<\/div><div class=\"answer\">EAN: 8425160340834<\/p>\n<p>K\u00dcKEN ELECTRIC ORANGE JUICER WITH ARM<\/p>\n<p>Units: 1<br \/>\nColour: Stainless steel\/black<br \/>\nPackaging: Coloured box<br \/>\nPower: 300W<br \/>\nVoltage: 230 V<br \/>\nMaterial: Stainless steel \/ PC<br \/>\nNon-slip base: Yes<br \/>\nDetachable: Yes<br \/>\nWeight: 2.3 kg<\/div><\/div>\n<\/div><\/div>\n<br \/>\n<div class=\"accordion\"><div class=\"mfn-acc accordion_wrapper  toggle\"><div class=\"question\"><div class=\"title\"><i class=\"icon-plus acc-icon-plus\" aria-hidden=\"true\"><\/i><i class=\"icon-minus acc-icon-minus\" aria-hidden=\"true\"><\/i>Accessories<\/div><div class=\"answer\"><\/div><\/div>\n<\/div><\/div>\n<\/p>\n<div class=\"descargas-producto\"><a href=\"https:\/\/kuken.alfadyser.dev\/wp-content\/uploads\/pdf\/8425160340834_ficha_tecnica.pdf\"><img loading=\"lazy\" decoding=\"async\" src=\"\/wp-content\/uploads\/2019\/12\/picto-descarrega.png\" alt=\"download data sheet\" width=\"23\" height=\"16\" \/>Download sheet<\/a><br \/>\n<a href=\"\/wp-content\/uploads\/pdf\/34083_instrucciones.pdf\"><img loading=\"lazy\" decoding=\"async\" src=\"\/wp-content\/uploads\/2019\/12\/picto-descarrega.png\" alt=\"download instruction manual\" width=\"23\" height=\"16\" \/>Download manual<\/a><\/div>\n<div><\/div>\n<div>\n<div><span style=\"color: #bf2121\">Follow us on social media!<\/span><\/div>\n<div><a href=\"https:\/\/www.instagram.com\/kuken_appliances\/\">https:\/\/www.instagram.com\/kuken_appliances\/<\/a><\/div>\n<\/div>\n<p><iframe loading=\"lazy\" title=\"Orange juicer with arm 300w\" width=\"560\" height=\"315\" src=\"https:\/\/www.youtube.com\/embed\/VBH7DEswxyw?feature=oembed\" frameborder=\"0\" allow=\"accelerometer; autoplay; clipboard-write; encrypted-media; gyroscope; picture-in-picture; web-share\" referrerpolicy=\"strict-origin-when-cross-origin\" allowfullscreen><\/iframe><\/p>","protected":false},"excerpt":{"rendered":"<p>Prepare delicious juices effortlessly thanks to the k\u00fcken electric juicer. Elegant stainless steel and black finish. Includes two different sized fruit cones.<\/p>","protected":false},"featured_media":6639,"template":"","meta":[],"product_brand":[],"product_cat":[205],"product_tag":[],"class_list":{"0":"post-6637","1":"product","2":"type-product","3":"status-publish","4":"has-post-thumbnail","6":"product_cat-exprimidores","8":"first","9":"instock","10":"shipping-taxable","11":"product-type-simple"},"yoast_head":"<!-- This site is optimized with the Yoast SEO Premium plugin v24.0 (Yoast SEO v26.5) - https:\/\/yoast.com\/wordpress\/plugins\/seo\/ -->\n<title>EXPRIMIDOR EL\u00c9CTRICO DE NARANJAS CON BRAZO K\u00dcKEN - K\u00fcken<\/title>\n<meta name=\"description\" content=\"Exprimidor el\u00e9ctrico de alta potencia para preparar zumos. Palanca de presi\u00f3n para exprimir sin esfuerzo. Visita la web de K\u00fcken con todos los exprimidores.\" \/>\n<meta name=\"robots\" content=\"noindex, follow, max-snippet:-1, max-image-preview:large, max-video-preview:-1\" \/>\n<meta property=\"og:locale\" content=\"en_GB\" \/>\n<meta property=\"og:type\" content=\"article\" \/>\n<meta property=\"og:title\" content=\"EXPRIMIDOR EL\u00c9CTRICO DE NARANJAS CON BRAZO K\u00dcKEN\" \/>\n<meta property=\"og:description\" content=\"Exprimidor el\u00e9ctrico de alta potencia para preparar zumos. Palanca de presi\u00f3n para exprimir sin esfuerzo. Visita la web de K\u00fcken con todos los exprimidores.\" \/>\n<meta property=\"og:url\" content=\"https:\/\/kuken.alfadyser.dev\/en\/product-2\/kuken-arm-electric-orange-squeezer\/\" \/>\n<meta property=\"og:site_name\" content=\"K\u00fcken\" \/>\n<meta property=\"article:publisher\" content=\"https:\/\/es-es.facebook.com\/alfadyser\/\" \/>\n<meta property=\"article:modified_time\" content=\"2025-07-22T11:35:28+00:00\" \/>\n<meta property=\"og:image\" content=\"https:\/\/kuken.alfadyser.dev\/wp-content\/uploads\/8425160340834_02_1.jpg\" \/>\n\t<meta property=\"og:image:width\" content=\"2000\" \/>\n\t<meta property=\"og:image:height\" content=\"2000\" \/>\n\t<meta property=\"og:image:type\" content=\"image\/jpeg\" \/>\n<meta name=\"twitter:card\" content=\"summary_large_image\" \/>\n<meta name=\"twitter:label1\" content=\"Price\" \/>\n\t<meta name=\"twitter:data1\" content=\"\" \/>\n\t<meta name=\"twitter:label2\" content=\"Availability\" \/>\n\t<meta name=\"twitter:data2\" content=\"In stock\" \/>\n<script type=\"application\/ld+json\" class=\"yoast-schema-graph\">{\"@context\":\"https:\/\/schema.org\",\"@graph\":[{\"@type\":\"WebPage\",\"@id\":\"https:\/\/kuken.alfadyser.dev\/producto\/exprimidor-electrico-de-naranjas-con-brazo-kuken\/\",\"url\":\"https:\/\/kuken.alfadyser.dev\/producto\/exprimidor-electrico-de-naranjas-con-brazo-kuken\/\",\"name\":\"EXPRIMIDOR EL\u00c9CTRICO DE NARANJAS CON BRAZO K\u00dcKEN - K\u00fcken\",\"isPartOf\":{\"@id\":\"https:\/\/kuken.alfadyser.dev\/#website\"},\"primaryImageOfPage\":{\"@id\":\"https:\/\/kuken.alfadyser.dev\/producto\/exprimidor-electrico-de-naranjas-con-brazo-kuken\/#primaryimage\"},\"image\":{\"@id\":\"https:\/\/kuken.alfadyser.dev\/producto\/exprimidor-electrico-de-naranjas-con-brazo-kuken\/#primaryimage\"},\"thumbnailUrl\":\"https:\/\/kuken.alfadyser.dev\/wp-content\/uploads\/8425160340834_02_1.jpg\",\"datePublished\":\"2020-11-17T11:25:36+00:00\",\"dateModified\":\"2025-07-22T11:35:28+00:00\",\"description\":\"Exprimidor el\u00e9ctrico de alta potencia para preparar zumos. Palanca de presi\u00f3n para exprimir sin esfuerzo. Visita la web de K\u00fcken con todos los exprimidores.\",\"breadcrumb\":{\"@id\":\"https:\/\/kuken.alfadyser.dev\/producto\/exprimidor-electrico-de-naranjas-con-brazo-kuken\/#breadcrumb\"},\"inLanguage\":\"en-GB\",\"potentialAction\":[{\"@type\":\"ReadAction\",\"target\":[\"https:\/\/kuken.alfadyser.dev\/producto\/exprimidor-electrico-de-naranjas-con-brazo-kuken\/\"]}]},{\"@type\":\"ImageObject\",\"inLanguage\":\"en-GB\",\"@id\":\"https:\/\/kuken.alfadyser.dev\/producto\/exprimidor-electrico-de-naranjas-con-brazo-kuken\/#primaryimage\",\"url\":\"https:\/\/kuken.alfadyser.dev\/wp-content\/uploads\/8425160340834_02_1.jpg\",\"contentUrl\":\"https:\/\/kuken.alfadyser.dev\/wp-content\/uploads\/8425160340834_02_1.jpg\",\"width\":2000,\"height\":2000,\"caption\":\"Exprimidor el\u00e9ctrico K\u00fcken\"},{\"@type\":\"BreadcrumbList\",\"@id\":\"https:\/\/kuken.alfadyser.dev\/producto\/exprimidor-electrico-de-naranjas-con-brazo-kuken\/#breadcrumb\",\"itemListElement\":[{\"@type\":\"ListItem\",\"position\":1,\"name\":\"Portada\",\"item\":\"https:\/\/kuken.alfadyser.dev\/\"},{\"@type\":\"ListItem\",\"position\":2,\"name\":\"Productos\",\"item\":\"https:\/\/kuken.alfadyser.dev\/productos\/\"},{\"@type\":\"ListItem\",\"position\":3,\"name\":\"EXPRIMIDOR EL\u00c9CTRICO DE NARANJAS CON BRAZO K\u00dcKEN\"}]},{\"@type\":\"WebSite\",\"@id\":\"https:\/\/kuken.alfadyser.dev\/#website\",\"url\":\"https:\/\/kuken.alfadyser.dev\/\",\"name\":\"K\u00fcken\",\"description\":\"Amplia gama de peque\u00f1o electrodom\u00e9stico k\u00fcken\",\"publisher\":{\"@id\":\"https:\/\/kuken.alfadyser.dev\/#organization\"},\"potentialAction\":[{\"@type\":\"SearchAction\",\"target\":{\"@type\":\"EntryPoint\",\"urlTemplate\":\"https:\/\/kuken.alfadyser.dev\/?s={search_term_string}\"},\"query-input\":{\"@type\":\"PropertyValueSpecification\",\"valueRequired\":true,\"valueName\":\"search_term_string\"}}],\"inLanguage\":\"en-GB\"},{\"@type\":\"Organization\",\"@id\":\"https:\/\/kuken.alfadyser.dev\/#organization\",\"name\":\"Alfa Dyser\",\"url\":\"https:\/\/kuken.alfadyser.dev\/\",\"logo\":{\"@type\":\"ImageObject\",\"inLanguage\":\"en-GB\",\"@id\":\"https:\/\/kuken.alfadyser.dev\/#\/schema\/logo\/image\/\",\"url\":\"https:\/\/kuken.alfadyser.dev\/wp-content\/uploads\/2019\/04\/kuken-logo.png\",\"contentUrl\":\"https:\/\/kuken.alfadyser.dev\/wp-content\/uploads\/2019\/04\/kuken-logo.png\",\"width\":500,\"height\":191,\"caption\":\"Alfa Dyser\"},\"image\":{\"@id\":\"https:\/\/kuken.alfadyser.dev\/#\/schema\/logo\/image\/\"},\"sameAs\":[\"https:\/\/es-es.facebook.com\/alfadyser\/\",\"https:\/\/www.instagram.com\/kuken_appliances\/\"]}]}<\/script>\n<meta property=\"product:price:currency\" content=\"EUR\" \/>\n<meta property=\"og:availability\" content=\"instock\" \/>\n<meta property=\"product:availability\" content=\"instock\" \/>\n<meta property=\"product:retailer_item_id\" content=\"34083\" \/>\n<meta property=\"product:condition\" content=\"new\" \/>\n<!-- \/ Yoast SEO Premium plugin. -->","yoast_head_json":{"title":"K\u00dcKEN ELECTRIC ORANGE JUMPER WITH ARM - K\u00fcken","description":"High power electric juicer for juice preparation. Pressure lever for effortless juicing. Visit the K\u00fcken website with all juicers.","robots":{"index":"noindex","follow":"follow","max-snippet":"max-snippet:-1","max-image-preview":"max-image-preview:large","max-video-preview":"max-video-preview:-1"},"og_locale":"en_GB","og_type":"article","og_title":"EXPRIMIDOR EL\u00c9CTRICO DE NARANJAS CON BRAZO K\u00dcKEN","og_description":"Exprimidor el\u00e9ctrico de alta potencia para preparar zumos. Palanca de presi\u00f3n para exprimir sin esfuerzo. Visita la web de K\u00fcken con todos los exprimidores.","og_url":"https:\/\/kuken.alfadyser.dev\/en\/product-2\/kuken-arm-electric-orange-squeezer\/","og_site_name":"K\u00fcken","article_publisher":"https:\/\/es-es.facebook.com\/alfadyser\/","article_modified_time":"2025-07-22T11:35:28+00:00","og_image":[{"width":2000,"height":2000,"url":"https:\/\/kuken.alfadyser.dev\/wp-content\/uploads\/8425160340834_02_1.jpg","type":"image\/jpeg"}],"twitter_card":"summary_large_image","twitter_misc":{"Price":"","Availability":"In stock"},"schema":{"@context":"https:\/\/schema.org","@graph":[{"@type":"WebPage","@id":"https:\/\/kuken.alfadyser.dev\/producto\/exprimidor-electrico-de-naranjas-con-brazo-kuken\/","url":"https:\/\/kuken.alfadyser.dev\/producto\/exprimidor-electrico-de-naranjas-con-brazo-kuken\/","name":"K\u00dcKEN ELECTRIC ORANGE JUMPER WITH ARM - K\u00fcken","isPartOf":{"@id":"https:\/\/kuken.alfadyser.dev\/#website"},"primaryImageOfPage":{"@id":"https:\/\/kuken.alfadyser.dev\/producto\/exprimidor-electrico-de-naranjas-con-brazo-kuken\/#primaryimage"},"image":{"@id":"https:\/\/kuken.alfadyser.dev\/producto\/exprimidor-electrico-de-naranjas-con-brazo-kuken\/#primaryimage"},"thumbnailUrl":"https:\/\/kuken.alfadyser.dev\/wp-content\/uploads\/8425160340834_02_1.jpg","datePublished":"2020-11-17T11:25:36+00:00","dateModified":"2025-07-22T11:35:28+00:00","description":"High power electric juicer for juice preparation. Pressure lever for effortless juicing. Visit the K\u00fcken website with all juicers.","breadcrumb":{"@id":"https:\/\/kuken.alfadyser.dev\/producto\/exprimidor-electrico-de-naranjas-con-brazo-kuken\/#breadcrumb"},"inLanguage":"en-GB","potentialAction":[{"@type":"ReadAction","target":["https:\/\/kuken.alfadyser.dev\/producto\/exprimidor-electrico-de-naranjas-con-brazo-kuken\/"]}]},{"@type":"ImageObject","inLanguage":"en-GB","@id":"https:\/\/kuken.alfadyser.dev\/producto\/exprimidor-electrico-de-naranjas-con-brazo-kuken\/#primaryimage","url":"https:\/\/kuken.alfadyser.dev\/wp-content\/uploads\/8425160340834_02_1.jpg","contentUrl":"https:\/\/kuken.alfadyser.dev\/wp-content\/uploads\/8425160340834_02_1.jpg","width":2000,"height":2000,"caption":"Exprimidor el\u00e9ctrico K\u00fcken"},{"@type":"BreadcrumbList","@id":"https:\/\/kuken.alfadyser.dev\/producto\/exprimidor-electrico-de-naranjas-con-brazo-kuken\/#breadcrumb","itemListElement":[{"@type":"ListItem","position":1,"name":"Portada","item":"https:\/\/kuken.alfadyser.dev\/"},{"@type":"ListItem","position":2,"name":"Productos","item":"https:\/\/kuken.alfadyser.dev\/productos\/"},{"@type":"ListItem","position":3,"name":"EXPRIMIDOR EL\u00c9CTRICO DE NARANJAS CON BRAZO K\u00dcKEN"}]},{"@type":"WebSite","@id":"https:\/\/kuken.alfadyser.dev\/#website","url":"https:\/\/kuken.alfadyser.dev\/","name":"K\u00fcken","description":"Wide range of k\u00fcken small household appliances","publisher":{"@id":"https:\/\/kuken.alfadyser.dev\/#organization"},"potentialAction":[{"@type":"SearchAction","target":{"@type":"EntryPoint","urlTemplate":"https:\/\/kuken.alfadyser.dev\/?s={search_term_string}"},"query-input":{"@type":"PropertyValueSpecification","valueRequired":true,"valueName":"search_term_string"}}],"inLanguage":"en-GB"},{"@type":"Organization","@id":"https:\/\/kuken.alfadyser.dev\/#organization","name":"Alpha Dyser","url":"https:\/\/kuken.alfadyser.dev\/","logo":{"@type":"ImageObject","inLanguage":"en-GB","@id":"https:\/\/kuken.alfadyser.dev\/#\/schema\/logo\/image\/","url":"https:\/\/kuken.alfadyser.dev\/wp-content\/uploads\/2019\/04\/kuken-logo.png","contentUrl":"https:\/\/kuken.alfadyser.dev\/wp-content\/uploads\/2019\/04\/kuken-logo.png","width":500,"height":191,"caption":"Alfa Dyser"},"image":{"@id":"https:\/\/kuken.alfadyser.dev\/#\/schema\/logo\/image\/"},"sameAs":["https:\/\/es-es.facebook.com\/alfadyser\/","https:\/\/www.instagram.com\/kuken_appliances\/"]}]},"product_price_currency":"EUR","og_availability":"instock","product_availability":"instock","product_retailer_item_id":"34083","product_condition":"new"},"_links":{"self":[{"href":"https:\/\/kuken.alfadyser.dev\/en\/wp-json\/wp\/v2\/product\/6637","targetHints":{"allow":["GET"]}}],"collection":[{"href":"https:\/\/kuken.alfadyser.dev\/en\/wp-json\/wp\/v2\/product"}],"about":[{"href":"https:\/\/kuken.alfadyser.dev\/en\/wp-json\/wp\/v2\/types\/product"}],"wp:featuredmedia":[{"embeddable":true,"href":"https:\/\/kuken.alfadyser.dev\/en\/wp-json\/wp\/v2\/media\/6639"}],"wp:attachment":[{"href":"https:\/\/kuken.alfadyser.dev\/en\/wp-json\/wp\/v2\/media?parent=6637"}],"wp:term":[{"taxonomy":"product_brand","embeddable":true,"href":"https:\/\/kuken.alfadyser.dev\/en\/wp-json\/wp\/v2\/product_brand?post=6637"},{"taxonomy":"product_cat","embeddable":true,"href":"https:\/\/kuken.alfadyser.dev\/en\/wp-json\/wp\/v2\/product_cat?post=6637"},{"taxonomy":"product_tag","embeddable":true,"href":"https:\/\/kuken.alfadyser.dev\/en\/wp-json\/wp\/v2\/product_tag?post=6637"}],"curies":[{"name":"wp","href":"https:\/\/api.w.org\/{rel}","templated":true}]}}