{"id":6204,"date":"2020-10-27T13:42:31","date_gmt":"2020-10-27T12:42:31","guid":{"rendered":"https:\/\/kuken.alfadyser.dev\/producto\/deshumidificador-compacto-kuken-23w-2\/"},"modified":"2025-07-28T13:05:12","modified_gmt":"2025-07-28T11:05:12","slug":"dehumidifier-compact-kuken-23w-2","status":"publish","type":"product","link":"https:\/\/kuken.alfadyser.dev\/en\/product-2\/dehumidifier-compact-kuken-23w-2\/","title":{"rendered":"K\u00dcKEN COMPACT DEHUMIDIFIER 23W"},"content":{"rendered":"<p>K\u00dcKEN COMPACT DEHUMIDIFIER 23W<\/p>\n<ul>\n<li data-start=\"541\" data-end=\"630\">\n<p data-start=\"543\" data-end=\"630\">Control eficiente de humedad: ideal para mejorar el confort en espacios peque\u00f1os.<\/p>\n<\/li>\n<li data-start=\"631\" data-end=\"728\">\n<p data-start=\"633\" data-end=\"728\">Rendimiento diario de 250 ml: perfecto para habitaciones cerradas o con poca ventilaci\u00f3n.<\/p>\n<\/li>\n<li data-start=\"729\" data-end=\"794\">\n<p data-start=\"731\" data-end=\"794\">Dep\u00f3sito extra\u00edble de 600 ml: pr\u00e1ctico y f\u00e1cil de vaciar.<\/p>\n<\/li>\n<li data-start=\"795\" data-end=\"860\">\n<p data-start=\"797\" data-end=\"860\">Avisos luminosos: indican encendido y dep\u00f3sito lleno.<\/p>\n<\/li>\n<li data-start=\"861\" data-end=\"921\">\n<p data-start=\"863\" data-end=\"921\">Bot\u00f3n frontal: encendido sencillo con un solo toque.<\/p>\n<\/li>\n<li data-start=\"922\" data-end=\"997\">\n<p data-start=\"924\" data-end=\"997\">Dise\u00f1o compacto: acabado en blanco y lila, elegante y discreto.<\/p>\n<\/li>\n<li data-start=\"998\" data-end=\"1088\">\n<p data-start=\"1000\" data-end=\"1088\">Ranuras de entrada y salida de aire: circulaci\u00f3n optimizada para mayor eficiencia.<\/p>\n<\/li>\n<li data-start=\"1089\" data-end=\"1175\">\n<p data-start=\"1091\" data-end=\"1175\">Base antideslizante: proporciona estabilidad y seguridad en su colocaci\u00f3n.<\/p>\n<\/li>\n<li data-start=\"1176\" data-end=\"1245\">\n<p data-start=\"1178\" data-end=\"1245\">Cuerpo en PC de alta resistencia: duradero y f\u00e1cil de mantener.<\/p>\n<\/li>\n<\/ul>\n<p><div class=\"accordion\"><div class=\"mfn-acc accordion_wrapper  toggle\"><div class=\"question\"><div class=\"title\"><i class=\"icon-plus acc-icon-plus\" aria-hidden=\"true\"><\/i><i class=\"icon-minus acc-icon-minus\" aria-hidden=\"true\"><\/i>Product data<\/div><div class=\"answer\">EAN: 8425160340902<br \/>\nUnits: 1<br \/>\nColour: White and lilac<br \/>\nPackaging: Coloured box<br \/>\nPower: 23W<br \/>\nVoltage: 230 V<br \/>\nCapacity: 600 ml<br \/>\nSize: 150\u00d7220 mm<br \/>\nMaterial: PC<br \/>\nNon-slip base: Yes<br \/>\nWeight: 0.845 kg<\/div><\/div>\n<\/div><\/div>\n<br \/>\n<div class=\"accordion\"><div class=\"mfn-acc accordion_wrapper  toggle\"><div class=\"question\"><div class=\"title\"><i class=\"icon-plus acc-icon-plus\" aria-hidden=\"true\"><\/i><i class=\"icon-minus acc-icon-minus\" aria-hidden=\"true\"><\/i>Accessories<\/div><div class=\"answer\"><\/div><\/div>\n<\/div><\/div>\n<\/p>\n<div class=\"descargas-producto\"><a href=\"\/wp-content\/uploads\/pdf\/8425160340902_ficha_tecnica.pdf\" target=\"_blank\" rel=\"noopener noreferrer\"><br \/>\n<img loading=\"lazy\" decoding=\"async\" src=\"\/wp-content\/uploads\/2019\/12\/picto-descarrega.png\" alt=\"download data sheet\" width=\"23\" height=\"16\" \/>Download sheet<\/a><a href=\"\/wp-content\/uploads\/pdf\/8425160340902_manual.pdf\" target=\"_blank\" rel=\"noopener noreferrer\"><br \/>\n<\/a><img loading=\"lazy\" decoding=\"async\" src=\"\/wp-content\/uploads\/2019\/12\/picto-descarrega.png\" alt=\"download instruction manual\" width=\"23\" height=\"16\" \/><a href=\"\/wp-content\/uploads\/pdf\/34090_instrucciones.pdf\">Download manual<\/a><\/div>\n<div><\/div>\n<div><span style=\"color: #bf2121\">Follow us on social media!<\/span><\/div>\n<div><a href=\"https:\/\/www.instagram.com\/kuken_appliances\/\">https:\/\/www.instagram.com\/kuken_appliances\/<\/a><\/div>","protected":false},"excerpt":{"rendered":"<p>K\u00fcken electric dehumidifier with elegant white and lilac finish. 600 ml tank to collect excess humidity in the room.<\/p>","protected":false},"featured_media":5797,"template":"","meta":[],"product_brand":[],"product_cat":[242],"product_tag":[],"class_list":{"0":"post-6204","1":"product","2":"type-product","3":"status-publish","4":"has-post-thumbnail","6":"product_cat-deshumificadores","8":"first","9":"instock","10":"product-type-simple"},"yoast_head":"<!-- This site is optimized with the Yoast SEO Premium plugin v24.0 (Yoast SEO v26.5) - https:\/\/yoast.com\/wordpress\/plugins\/seo\/ -->\n<title>DESHUMIDIFICADOR COMPACTO K\u00dcKEN 23W - K\u00fcken<\/title>\n<meta name=\"description\" content=\"Deshumidificador k\u00fcken de dise\u00f1o compacto. Reduce eficazmente la humedad consiguiendo un ambiente m\u00e1s saludable. Desc\u00fabrelo aqu\u00ed.\" \/>\n<meta name=\"robots\" content=\"noindex, follow, max-snippet:-1, max-image-preview:large, max-video-preview:-1\" \/>\n<meta property=\"og:locale\" content=\"en_GB\" \/>\n<meta property=\"og:type\" content=\"article\" \/>\n<meta property=\"og:title\" content=\"DESHUMIDIFICADOR COMPACTO K\u00dcKEN 23W\" \/>\n<meta property=\"og:description\" content=\"Deshumidificador k\u00fcken de dise\u00f1o compacto. Reduce eficazmente la humedad consiguiendo un ambiente m\u00e1s saludable. Desc\u00fabrelo aqu\u00ed.\" \/>\n<meta property=\"og:url\" content=\"https:\/\/kuken.alfadyser.dev\/en\/product-2\/dehumidifier-compact-kuken-23w-2\/\" \/>\n<meta property=\"og:site_name\" content=\"K\u00fcken\" \/>\n<meta property=\"article:publisher\" content=\"https:\/\/es-es.facebook.com\/alfadyser\/\" \/>\n<meta property=\"article:modified_time\" content=\"2025-07-28T11:05:12+00:00\" \/>\n<meta property=\"og:image\" content=\"https:\/\/kuken.alfadyser.dev\/wp-content\/uploads\/productos\/8425160340902_01.jpg\" \/>\n\t<meta property=\"og:image:width\" content=\"2000\" \/>\n\t<meta property=\"og:image:height\" content=\"2000\" \/>\n\t<meta property=\"og:image:type\" content=\"image\/jpeg\" \/>\n<meta name=\"twitter:card\" content=\"summary_large_image\" \/>\n<meta name=\"twitter:label1\" content=\"Price\" \/>\n\t<meta name=\"twitter:data1\" content=\"\" \/>\n\t<meta name=\"twitter:label2\" content=\"Availability\" \/>\n\t<meta name=\"twitter:data2\" content=\"In stock\" \/>\n<script type=\"application\/ld+json\" class=\"yoast-schema-graph\">{\"@context\":\"https:\/\/schema.org\",\"@graph\":[{\"@type\":\"WebPage\",\"@id\":\"https:\/\/kuken.alfadyser.dev\/producto\/deshumidificador-compacto-kuken-23w-2\/\",\"url\":\"https:\/\/kuken.alfadyser.dev\/producto\/deshumidificador-compacto-kuken-23w-2\/\",\"name\":\"DESHUMIDIFICADOR COMPACTO K\u00dcKEN 23W - K\u00fcken\",\"isPartOf\":{\"@id\":\"https:\/\/kuken.alfadyser.dev\/#website\"},\"primaryImageOfPage\":{\"@id\":\"https:\/\/kuken.alfadyser.dev\/producto\/deshumidificador-compacto-kuken-23w-2\/#primaryimage\"},\"image\":{\"@id\":\"https:\/\/kuken.alfadyser.dev\/producto\/deshumidificador-compacto-kuken-23w-2\/#primaryimage\"},\"thumbnailUrl\":\"https:\/\/kuken.alfadyser.dev\/wp-content\/uploads\/productos\/8425160340902_01.jpg\",\"datePublished\":\"2020-10-27T12:42:31+00:00\",\"dateModified\":\"2025-07-28T11:05:12+00:00\",\"description\":\"Deshumidificador k\u00fcken de dise\u00f1o compacto. Reduce eficazmente la humedad consiguiendo un ambiente m\u00e1s saludable. Desc\u00fabrelo aqu\u00ed.\",\"breadcrumb\":{\"@id\":\"https:\/\/kuken.alfadyser.dev\/producto\/deshumidificador-compacto-kuken-23w-2\/#breadcrumb\"},\"inLanguage\":\"en-GB\",\"potentialAction\":[{\"@type\":\"ReadAction\",\"target\":[\"https:\/\/kuken.alfadyser.dev\/producto\/deshumidificador-compacto-kuken-23w-2\/\"]}]},{\"@type\":\"ImageObject\",\"inLanguage\":\"en-GB\",\"@id\":\"https:\/\/kuken.alfadyser.dev\/producto\/deshumidificador-compacto-kuken-23w-2\/#primaryimage\",\"url\":\"https:\/\/kuken.alfadyser.dev\/wp-content\/uploads\/productos\/8425160340902_01.jpg\",\"contentUrl\":\"https:\/\/kuken.alfadyser.dev\/wp-content\/uploads\/productos\/8425160340902_01.jpg\",\"width\":2000,\"height\":2000,\"caption\":\"Deshumidificador k\u00fcken con dep\u00f3sito de 600ml\"},{\"@type\":\"BreadcrumbList\",\"@id\":\"https:\/\/kuken.alfadyser.dev\/producto\/deshumidificador-compacto-kuken-23w-2\/#breadcrumb\",\"itemListElement\":[{\"@type\":\"ListItem\",\"position\":1,\"name\":\"Portada\",\"item\":\"https:\/\/kuken.alfadyser.dev\/\"},{\"@type\":\"ListItem\",\"position\":2,\"name\":\"Productos\",\"item\":\"https:\/\/kuken.alfadyser.dev\/productos\/\"},{\"@type\":\"ListItem\",\"position\":3,\"name\":\"DESHUMIDIFICADOR COMPACTO K\u00dcKEN 23W\"}]},{\"@type\":\"WebSite\",\"@id\":\"https:\/\/kuken.alfadyser.dev\/#website\",\"url\":\"https:\/\/kuken.alfadyser.dev\/\",\"name\":\"K\u00fcken\",\"description\":\"Amplia gama de peque\u00f1o electrodom\u00e9stico k\u00fcken\",\"publisher\":{\"@id\":\"https:\/\/kuken.alfadyser.dev\/#organization\"},\"potentialAction\":[{\"@type\":\"SearchAction\",\"target\":{\"@type\":\"EntryPoint\",\"urlTemplate\":\"https:\/\/kuken.alfadyser.dev\/?s={search_term_string}\"},\"query-input\":{\"@type\":\"PropertyValueSpecification\",\"valueRequired\":true,\"valueName\":\"search_term_string\"}}],\"inLanguage\":\"en-GB\"},{\"@type\":\"Organization\",\"@id\":\"https:\/\/kuken.alfadyser.dev\/#organization\",\"name\":\"Alfa Dyser\",\"url\":\"https:\/\/kuken.alfadyser.dev\/\",\"logo\":{\"@type\":\"ImageObject\",\"inLanguage\":\"en-GB\",\"@id\":\"https:\/\/kuken.alfadyser.dev\/#\/schema\/logo\/image\/\",\"url\":\"https:\/\/kuken.alfadyser.dev\/wp-content\/uploads\/2019\/04\/kuken-logo.png\",\"contentUrl\":\"https:\/\/kuken.alfadyser.dev\/wp-content\/uploads\/2019\/04\/kuken-logo.png\",\"width\":500,\"height\":191,\"caption\":\"Alfa Dyser\"},\"image\":{\"@id\":\"https:\/\/kuken.alfadyser.dev\/#\/schema\/logo\/image\/\"},\"sameAs\":[\"https:\/\/es-es.facebook.com\/alfadyser\/\",\"https:\/\/www.instagram.com\/kuken_appliances\/\"]}]}<\/script>\n<meta property=\"product:price:currency\" content=\"EUR\" \/>\n<meta property=\"og:availability\" content=\"instock\" \/>\n<meta property=\"product:availability\" content=\"instock\" \/>\n<meta property=\"product:retailer_item_id\" content=\"34090\" \/>\n<meta property=\"product:condition\" content=\"new\" \/>\n<!-- \/ Yoast SEO Premium plugin. -->","yoast_head_json":{"title":"K\u00dcKEN COMPACT DEHUMIDIFIER 23W - K\u00fcken","description":"K\u00fcken dehumidifier with compact design. Effectively reduces humidity for a healthier environment. Discover it here.","robots":{"index":"noindex","follow":"follow","max-snippet":"max-snippet:-1","max-image-preview":"max-image-preview:large","max-video-preview":"max-video-preview:-1"},"og_locale":"en_GB","og_type":"article","og_title":"DESHUMIDIFICADOR COMPACTO K\u00dcKEN 23W","og_description":"Deshumidificador k\u00fcken de dise\u00f1o compacto. Reduce eficazmente la humedad consiguiendo un ambiente m\u00e1s saludable. Desc\u00fabrelo aqu\u00ed.","og_url":"https:\/\/kuken.alfadyser.dev\/en\/product-2\/dehumidifier-compact-kuken-23w-2\/","og_site_name":"K\u00fcken","article_publisher":"https:\/\/es-es.facebook.com\/alfadyser\/","article_modified_time":"2025-07-28T11:05:12+00:00","og_image":[{"width":2000,"height":2000,"url":"https:\/\/kuken.alfadyser.dev\/wp-content\/uploads\/productos\/8425160340902_01.jpg","type":"image\/jpeg"}],"twitter_card":"summary_large_image","twitter_misc":{"Price":"","Availability":"In stock"},"schema":{"@context":"https:\/\/schema.org","@graph":[{"@type":"WebPage","@id":"https:\/\/kuken.alfadyser.dev\/producto\/deshumidificador-compacto-kuken-23w-2\/","url":"https:\/\/kuken.alfadyser.dev\/producto\/deshumidificador-compacto-kuken-23w-2\/","name":"K\u00dcKEN COMPACT DEHUMIDIFIER 23W - K\u00fcken","isPartOf":{"@id":"https:\/\/kuken.alfadyser.dev\/#website"},"primaryImageOfPage":{"@id":"https:\/\/kuken.alfadyser.dev\/producto\/deshumidificador-compacto-kuken-23w-2\/#primaryimage"},"image":{"@id":"https:\/\/kuken.alfadyser.dev\/producto\/deshumidificador-compacto-kuken-23w-2\/#primaryimage"},"thumbnailUrl":"https:\/\/kuken.alfadyser.dev\/wp-content\/uploads\/productos\/8425160340902_01.jpg","datePublished":"2020-10-27T12:42:31+00:00","dateModified":"2025-07-28T11:05:12+00:00","description":"K\u00fcken dehumidifier with compact design. Effectively reduces humidity for a healthier environment. Discover it here.","breadcrumb":{"@id":"https:\/\/kuken.alfadyser.dev\/producto\/deshumidificador-compacto-kuken-23w-2\/#breadcrumb"},"inLanguage":"en-GB","potentialAction":[{"@type":"ReadAction","target":["https:\/\/kuken.alfadyser.dev\/producto\/deshumidificador-compacto-kuken-23w-2\/"]}]},{"@type":"ImageObject","inLanguage":"en-GB","@id":"https:\/\/kuken.alfadyser.dev\/producto\/deshumidificador-compacto-kuken-23w-2\/#primaryimage","url":"https:\/\/kuken.alfadyser.dev\/wp-content\/uploads\/productos\/8425160340902_01.jpg","contentUrl":"https:\/\/kuken.alfadyser.dev\/wp-content\/uploads\/productos\/8425160340902_01.jpg","width":2000,"height":2000,"caption":"Deshumidificador k\u00fcken con dep\u00f3sito de 600ml"},{"@type":"BreadcrumbList","@id":"https:\/\/kuken.alfadyser.dev\/producto\/deshumidificador-compacto-kuken-23w-2\/#breadcrumb","itemListElement":[{"@type":"ListItem","position":1,"name":"Portada","item":"https:\/\/kuken.alfadyser.dev\/"},{"@type":"ListItem","position":2,"name":"Productos","item":"https:\/\/kuken.alfadyser.dev\/productos\/"},{"@type":"ListItem","position":3,"name":"DESHUMIDIFICADOR COMPACTO K\u00dcKEN 23W"}]},{"@type":"WebSite","@id":"https:\/\/kuken.alfadyser.dev\/#website","url":"https:\/\/kuken.alfadyser.dev\/","name":"K\u00fcken","description":"Wide range of k\u00fcken small household appliances","publisher":{"@id":"https:\/\/kuken.alfadyser.dev\/#organization"},"potentialAction":[{"@type":"SearchAction","target":{"@type":"EntryPoint","urlTemplate":"https:\/\/kuken.alfadyser.dev\/?s={search_term_string}"},"query-input":{"@type":"PropertyValueSpecification","valueRequired":true,"valueName":"search_term_string"}}],"inLanguage":"en-GB"},{"@type":"Organization","@id":"https:\/\/kuken.alfadyser.dev\/#organization","name":"Alpha Dyser","url":"https:\/\/kuken.alfadyser.dev\/","logo":{"@type":"ImageObject","inLanguage":"en-GB","@id":"https:\/\/kuken.alfadyser.dev\/#\/schema\/logo\/image\/","url":"https:\/\/kuken.alfadyser.dev\/wp-content\/uploads\/2019\/04\/kuken-logo.png","contentUrl":"https:\/\/kuken.alfadyser.dev\/wp-content\/uploads\/2019\/04\/kuken-logo.png","width":500,"height":191,"caption":"Alfa Dyser"},"image":{"@id":"https:\/\/kuken.alfadyser.dev\/#\/schema\/logo\/image\/"},"sameAs":["https:\/\/es-es.facebook.com\/alfadyser\/","https:\/\/www.instagram.com\/kuken_appliances\/"]}]},"product_price_currency":"EUR","og_availability":"instock","product_availability":"instock","product_retailer_item_id":"34090","product_condition":"new"},"_links":{"self":[{"href":"https:\/\/kuken.alfadyser.dev\/en\/wp-json\/wp\/v2\/product\/6204","targetHints":{"allow":["GET"]}}],"collection":[{"href":"https:\/\/kuken.alfadyser.dev\/en\/wp-json\/wp\/v2\/product"}],"about":[{"href":"https:\/\/kuken.alfadyser.dev\/en\/wp-json\/wp\/v2\/types\/product"}],"wp:featuredmedia":[{"embeddable":true,"href":"https:\/\/kuken.alfadyser.dev\/en\/wp-json\/wp\/v2\/media\/5797"}],"wp:attachment":[{"href":"https:\/\/kuken.alfadyser.dev\/en\/wp-json\/wp\/v2\/media?parent=6204"}],"wp:term":[{"taxonomy":"product_brand","embeddable":true,"href":"https:\/\/kuken.alfadyser.dev\/en\/wp-json\/wp\/v2\/product_brand?post=6204"},{"taxonomy":"product_cat","embeddable":true,"href":"https:\/\/kuken.alfadyser.dev\/en\/wp-json\/wp\/v2\/product_cat?post=6204"},{"taxonomy":"product_tag","embeddable":true,"href":"https:\/\/kuken.alfadyser.dev\/en\/wp-json\/wp\/v2\/product_tag?post=6204"}],"curies":[{"name":"wp","href":"https:\/\/api.w.org\/{rel}","templated":true}]}}