{"id":6138,"date":"2020-10-27T13:42:00","date_gmt":"2020-10-27T12:42:00","guid":{"rendered":"https:\/\/kuken.alfadyser.dev\/producto\/ventilador-kuken-de-pie-45w\/"},"modified":"2025-07-23T08:54:03","modified_gmt":"2025-07-23T06:54:03","slug":"foot-fan-kuken-45w-white","status":"publish","type":"product","link":"https:\/\/kuken.alfadyser.dev\/en\/product-2\/foot-fan-kuken-45w-white\/","title":{"rendered":"STANDING FAN K\u00dcKEN 45W WHITE"},"content":{"rendered":"<p>STANDING FAN K\u00dcKEN 45W WHITE<\/p>\n<ul data-start=\"557\" data-end=\"1292\">\n<li data-start=\"557\" data-end=\"641\">\n<p data-start=\"559\" data-end=\"641\">Potencia de 45W: ideal para una ventilaci\u00f3n constante y de bajo consumo.<\/p>\n<\/li>\n<li data-start=\"642\" data-end=\"711\">\n<p data-start=\"644\" data-end=\"711\">Tres velocidades: ajustables desde el selector integrado.<\/p>\n<\/li>\n<li data-start=\"712\" data-end=\"801\">\n<p data-start=\"714\" data-end=\"801\">Cabezal orientable verticalmente: direcciona el flujo de aire donde lo necesites.<\/p>\n<\/li>\n<li data-start=\"802\" data-end=\"876\">\n<p data-start=\"804\" data-end=\"876\">Giro horizontal de 180\u00b0: distribuye el aire en toda la habitaci\u00f3n.<\/p>\n<\/li>\n<li data-start=\"877\" data-end=\"967\">\n<p data-start=\"879\" data-end=\"967\">Tres aspas pl\u00e1sticas resistentes: proporcionan un flujo uniforme y silencioso.<\/p>\n<\/li>\n<li data-start=\"968\" data-end=\"1055\">\n<p data-start=\"970\" data-end=\"1055\">Rejilla de seguridad: protege durante el uso y evita el contacto con las aspas.<\/p>\n<\/li>\n<li data-start=\"1056\" data-end=\"1143\">\n<p data-start=\"1058\" data-end=\"1143\">Asa de transporte integrada: permite moverlo f\u00e1cilmente de una estancia a otra.<\/p>\n<\/li>\n<li data-start=\"1144\" data-end=\"1218\">\n<p data-start=\"1146\" data-end=\"1218\">Base antideslizante: garantiza una estabilidad firme y segura.<\/p>\n<\/li>\n<li data-start=\"1219\" data-end=\"1292\">\n<p data-start=\"1221\" data-end=\"1292\">Cable de alimentaci\u00f3n de 1,70 metros: mayor comodidad de ubicaci\u00f3n.<\/p>\n<\/li>\n<\/ul>\n<p><div class=\"accordion\"><div class=\"mfn-acc accordion_wrapper  toggle\"><div class=\"question\"><div class=\"title\"><i class=\"icon-plus acc-icon-plus\" aria-hidden=\"true\"><\/i><i class=\"icon-minus acc-icon-minus\" aria-hidden=\"true\"><\/i>Product data<\/div><div class=\"answer\">EAN: 8425160315153<\/p>\n<p>STANDING FAN K\u00dcKEN 45W WHITE<\/p>\n<p>Units: 1<br \/>\nColour: White<br \/>\nPackaging: Coloured box<br \/>\nPower: 45 W<br \/>\nVoltage: 230 V<br \/>\nMaterial: PC<br \/>\nNon-slip base: Yes<br \/>\nSpeeds: 3 speeds<br \/>\nWeight: 1.93 kg<br \/>\nDiameter: 420mm<\/div><\/div>\n<\/div><\/div>\n<br \/>\n<div class=\"accordion\"><div class=\"mfn-acc accordion_wrapper  toggle\"><div class=\"question\"><div class=\"title\"><i class=\"icon-plus acc-icon-plus\" aria-hidden=\"true\"><\/i><i class=\"icon-minus acc-icon-minus\" aria-hidden=\"true\"><\/i>Accessories<\/div><div class=\"answer\"><\/div><\/div>\n<\/div><\/div>\n<\/p>\n<div class=\"descargas-producto\"><a href=\"https:\/\/kuken.alfadyser.dev\/wp-content\/uploads\/8425160315153_ficha_tecnica.pdf\" target=\"_blank\" rel=\"noopener noreferrer\"><br \/>\n<img loading=\"lazy\" decoding=\"async\" src=\"\/wp-content\/uploads\/2019\/12\/picto-descarrega.png\" alt=\"download data sheet\" width=\"23\" height=\"16\" \/>Download sheet<\/a><a href=\"https:\/\/kuken.alfadyser.dev\/wp-content\/uploads\/instrucciones-31515_new.pdf\" target=\"_blank\" rel=\"noopener noreferrer\"><br \/>\n<img loading=\"lazy\" decoding=\"async\" src=\"\/wp-content\/uploads\/2019\/12\/picto-descarrega.png\" alt=\"download instruction manual\" width=\"23\" height=\"16\" \/>Download manual<\/a><\/div>\n<div><\/div>\n<div><span style=\"color: #bf2121\">Follow us on social media!<\/span><\/div>\n<div><a href=\"https:\/\/www.instagram.com\/kuken_appliances\/\">https:\/\/www.instagram.com\/kuken_appliances\/<\/a><\/div>\n<div><\/div>\n<p><iframe loading=\"lazy\" title=\"Fans Kuken\" width=\"560\" height=\"315\" src=\"https:\/\/www.youtube.com\/embed\/YiLHFxcebs0?feature=oembed\" frameborder=\"0\" allow=\"accelerometer; autoplay; clipboard-write; encrypted-media; gyroscope; picture-in-picture; web-share\" referrerpolicy=\"strict-origin-when-cross-origin\" allowfullscreen><\/iframe><\/p>","protected":false},"excerpt":{"rendered":"<p>VENTILADOR DE PIE K\u00dcKEN 45W BLANCO Potencia de 45W: ideal para una ventilaci\u00f3n constante y de bajo consumo. Tres velocidades: ajustables desde el selector integrado. Cabezal<span class=\"excerpt-hellip\"> [...]<\/span><\/p>","protected":false},"featured_media":5866,"template":"","meta":[],"product_brand":[],"product_cat":[223],"product_tag":[],"class_list":{"0":"post-6138","1":"product","2":"type-product","3":"status-publish","4":"has-post-thumbnail","6":"product_cat-ventiladores","8":"first","9":"instock","10":"product-type-simple"},"yoast_head":"<!-- This site is optimized with the Yoast SEO Premium plugin v24.0 (Yoast SEO v26.5) - https:\/\/yoast.com\/wordpress\/plugins\/seo\/ -->\n<title>VENTILADOR DE PIE K\u00dcKEN 45W BLANCO - K\u00fcken<\/title>\n<meta name=\"description\" content=\"Ventilador de pie k\u00fcken con altura regulable. Ligero y f\u00e1cil de transportar. Refresca de manera r\u00e1pida y eficiente. Desc\u00fabrelo aqu\u00ed.\" \/>\n<meta name=\"robots\" content=\"noindex, follow, max-snippet:-1, max-image-preview:large, max-video-preview:-1\" \/>\n<meta property=\"og:locale\" content=\"en_GB\" \/>\n<meta property=\"og:type\" content=\"article\" \/>\n<meta property=\"og:title\" content=\"VENTILADOR DE PIE K\u00dcKEN 45W BLANCO\" \/>\n<meta property=\"og:description\" content=\"Ventilador de pie k\u00fcken con altura regulable. Ligero y f\u00e1cil de transportar. Refresca de manera r\u00e1pida y eficiente. Desc\u00fabrelo aqu\u00ed.\" \/>\n<meta property=\"og:url\" content=\"https:\/\/kuken.alfadyser.dev\/en\/product-2\/foot-fan-kuken-45w-white\/\" \/>\n<meta property=\"og:site_name\" content=\"K\u00fcken\" \/>\n<meta property=\"article:publisher\" content=\"https:\/\/es-es.facebook.com\/alfadyser\/\" \/>\n<meta property=\"article:modified_time\" content=\"2025-07-23T06:54:03+00:00\" \/>\n<meta property=\"og:image\" content=\"https:\/\/kuken.alfadyser.dev\/wp-content\/uploads\/productos\/8425160315153_01.jpg\" \/>\n\t<meta property=\"og:image:width\" content=\"335\" \/>\n\t<meta property=\"og:image:height\" content=\"335\" \/>\n\t<meta property=\"og:image:type\" content=\"image\/jpeg\" \/>\n<meta name=\"twitter:card\" content=\"summary_large_image\" \/>\n<meta name=\"twitter:label1\" content=\"Price\" \/>\n\t<meta name=\"twitter:data1\" content=\"\" \/>\n\t<meta name=\"twitter:label2\" content=\"Availability\" \/>\n\t<meta name=\"twitter:data2\" content=\"In stock\" \/>\n<script type=\"application\/ld+json\" class=\"yoast-schema-graph\">{\"@context\":\"https:\/\/schema.org\",\"@graph\":[{\"@type\":\"WebPage\",\"@id\":\"https:\/\/kuken.alfadyser.dev\/producto\/ventilador-de-pie-kuken-45w-blanco\/\",\"url\":\"https:\/\/kuken.alfadyser.dev\/producto\/ventilador-de-pie-kuken-45w-blanco\/\",\"name\":\"VENTILADOR DE PIE K\u00dcKEN 45W BLANCO - K\u00fcken\",\"isPartOf\":{\"@id\":\"https:\/\/kuken.alfadyser.dev\/#website\"},\"primaryImageOfPage\":{\"@id\":\"https:\/\/kuken.alfadyser.dev\/producto\/ventilador-de-pie-kuken-45w-blanco\/#primaryimage\"},\"image\":{\"@id\":\"https:\/\/kuken.alfadyser.dev\/producto\/ventilador-de-pie-kuken-45w-blanco\/#primaryimage\"},\"thumbnailUrl\":\"https:\/\/kuken.alfadyser.dev\/wp-content\/uploads\/productos\/8425160315153_01.jpg\",\"datePublished\":\"2020-10-27T12:42:00+00:00\",\"dateModified\":\"2025-07-23T06:54:03+00:00\",\"description\":\"Ventilador de pie k\u00fcken con altura regulable. Ligero y f\u00e1cil de transportar. Refresca de manera r\u00e1pida y eficiente. Desc\u00fabrelo aqu\u00ed.\",\"breadcrumb\":{\"@id\":\"https:\/\/kuken.alfadyser.dev\/producto\/ventilador-de-pie-kuken-45w-blanco\/#breadcrumb\"},\"inLanguage\":\"en-GB\",\"potentialAction\":[{\"@type\":\"ReadAction\",\"target\":[\"https:\/\/kuken.alfadyser.dev\/producto\/ventilador-de-pie-kuken-45w-blanco\/\"]}]},{\"@type\":\"ImageObject\",\"inLanguage\":\"en-GB\",\"@id\":\"https:\/\/kuken.alfadyser.dev\/producto\/ventilador-de-pie-kuken-45w-blanco\/#primaryimage\",\"url\":\"https:\/\/kuken.alfadyser.dev\/wp-content\/uploads\/productos\/8425160315153_01.jpg\",\"contentUrl\":\"https:\/\/kuken.alfadyser.dev\/wp-content\/uploads\/productos\/8425160315153_01.jpg\",\"width\":335,\"height\":335,\"caption\":\"Ventilador de pie k\u00fcken regulable en altura\"},{\"@type\":\"BreadcrumbList\",\"@id\":\"https:\/\/kuken.alfadyser.dev\/producto\/ventilador-de-pie-kuken-45w-blanco\/#breadcrumb\",\"itemListElement\":[{\"@type\":\"ListItem\",\"position\":1,\"name\":\"Portada\",\"item\":\"https:\/\/kuken.alfadyser.dev\/\"},{\"@type\":\"ListItem\",\"position\":2,\"name\":\"Productos\",\"item\":\"https:\/\/kuken.alfadyser.dev\/productos\/\"},{\"@type\":\"ListItem\",\"position\":3,\"name\":\"VENTILADOR DE PIE K\u00dcKEN 45W BLANCO\"}]},{\"@type\":\"WebSite\",\"@id\":\"https:\/\/kuken.alfadyser.dev\/#website\",\"url\":\"https:\/\/kuken.alfadyser.dev\/\",\"name\":\"K\u00fcken\",\"description\":\"Amplia gama de peque\u00f1o electrodom\u00e9stico k\u00fcken\",\"publisher\":{\"@id\":\"https:\/\/kuken.alfadyser.dev\/#organization\"},\"potentialAction\":[{\"@type\":\"SearchAction\",\"target\":{\"@type\":\"EntryPoint\",\"urlTemplate\":\"https:\/\/kuken.alfadyser.dev\/?s={search_term_string}\"},\"query-input\":{\"@type\":\"PropertyValueSpecification\",\"valueRequired\":true,\"valueName\":\"search_term_string\"}}],\"inLanguage\":\"en-GB\"},{\"@type\":\"Organization\",\"@id\":\"https:\/\/kuken.alfadyser.dev\/#organization\",\"name\":\"Alfa Dyser\",\"url\":\"https:\/\/kuken.alfadyser.dev\/\",\"logo\":{\"@type\":\"ImageObject\",\"inLanguage\":\"en-GB\",\"@id\":\"https:\/\/kuken.alfadyser.dev\/#\/schema\/logo\/image\/\",\"url\":\"https:\/\/kuken.alfadyser.dev\/wp-content\/uploads\/2019\/04\/kuken-logo.png\",\"contentUrl\":\"https:\/\/kuken.alfadyser.dev\/wp-content\/uploads\/2019\/04\/kuken-logo.png\",\"width\":500,\"height\":191,\"caption\":\"Alfa Dyser\"},\"image\":{\"@id\":\"https:\/\/kuken.alfadyser.dev\/#\/schema\/logo\/image\/\"},\"sameAs\":[\"https:\/\/es-es.facebook.com\/alfadyser\/\",\"https:\/\/www.instagram.com\/kuken_appliances\/\"]}]}<\/script>\n<meta property=\"product:price:currency\" content=\"EUR\" \/>\n<meta property=\"og:availability\" content=\"instock\" \/>\n<meta property=\"product:availability\" content=\"instock\" \/>\n<meta property=\"product:retailer_item_id\" content=\"31515\" \/>\n<meta property=\"product:condition\" content=\"new\" \/>\n<!-- \/ Yoast SEO Premium plugin. -->","yoast_head_json":{"title":"K\u00dcKEN STAND FAN 45W WHITE - K\u00fcken","description":"K\u00fcken floor fan with adjustable height. Lightweight and easy to transport. Cools quickly and efficiently. Discover it here.","robots":{"index":"noindex","follow":"follow","max-snippet":"max-snippet:-1","max-image-preview":"max-image-preview:large","max-video-preview":"max-video-preview:-1"},"og_locale":"en_GB","og_type":"article","og_title":"VENTILADOR DE PIE K\u00dcKEN 45W BLANCO","og_description":"Ventilador de pie k\u00fcken con altura regulable. Ligero y f\u00e1cil de transportar. Refresca de manera r\u00e1pida y eficiente. Desc\u00fabrelo aqu\u00ed.","og_url":"https:\/\/kuken.alfadyser.dev\/en\/product-2\/foot-fan-kuken-45w-white\/","og_site_name":"K\u00fcken","article_publisher":"https:\/\/es-es.facebook.com\/alfadyser\/","article_modified_time":"2025-07-23T06:54:03+00:00","og_image":[{"width":335,"height":335,"url":"https:\/\/kuken.alfadyser.dev\/wp-content\/uploads\/productos\/8425160315153_01.jpg","type":"image\/jpeg"}],"twitter_card":"summary_large_image","twitter_misc":{"Price":"","Availability":"In stock"},"schema":{"@context":"https:\/\/schema.org","@graph":[{"@type":"WebPage","@id":"https:\/\/kuken.alfadyser.dev\/producto\/ventilador-de-pie-kuken-45w-blanco\/","url":"https:\/\/kuken.alfadyser.dev\/producto\/ventilador-de-pie-kuken-45w-blanco\/","name":"K\u00dcKEN STAND FAN 45W WHITE - K\u00fcken","isPartOf":{"@id":"https:\/\/kuken.alfadyser.dev\/#website"},"primaryImageOfPage":{"@id":"https:\/\/kuken.alfadyser.dev\/producto\/ventilador-de-pie-kuken-45w-blanco\/#primaryimage"},"image":{"@id":"https:\/\/kuken.alfadyser.dev\/producto\/ventilador-de-pie-kuken-45w-blanco\/#primaryimage"},"thumbnailUrl":"https:\/\/kuken.alfadyser.dev\/wp-content\/uploads\/productos\/8425160315153_01.jpg","datePublished":"2020-10-27T12:42:00+00:00","dateModified":"2025-07-23T06:54:03+00:00","description":"K\u00fcken floor fan with adjustable height. Lightweight and easy to transport. Cools quickly and efficiently. Discover it here.","breadcrumb":{"@id":"https:\/\/kuken.alfadyser.dev\/producto\/ventilador-de-pie-kuken-45w-blanco\/#breadcrumb"},"inLanguage":"en-GB","potentialAction":[{"@type":"ReadAction","target":["https:\/\/kuken.alfadyser.dev\/producto\/ventilador-de-pie-kuken-45w-blanco\/"]}]},{"@type":"ImageObject","inLanguage":"en-GB","@id":"https:\/\/kuken.alfadyser.dev\/producto\/ventilador-de-pie-kuken-45w-blanco\/#primaryimage","url":"https:\/\/kuken.alfadyser.dev\/wp-content\/uploads\/productos\/8425160315153_01.jpg","contentUrl":"https:\/\/kuken.alfadyser.dev\/wp-content\/uploads\/productos\/8425160315153_01.jpg","width":335,"height":335,"caption":"Ventilador de pie k\u00fcken regulable en altura"},{"@type":"BreadcrumbList","@id":"https:\/\/kuken.alfadyser.dev\/producto\/ventilador-de-pie-kuken-45w-blanco\/#breadcrumb","itemListElement":[{"@type":"ListItem","position":1,"name":"Portada","item":"https:\/\/kuken.alfadyser.dev\/"},{"@type":"ListItem","position":2,"name":"Productos","item":"https:\/\/kuken.alfadyser.dev\/productos\/"},{"@type":"ListItem","position":3,"name":"VENTILADOR DE PIE K\u00dcKEN 45W BLANCO"}]},{"@type":"WebSite","@id":"https:\/\/kuken.alfadyser.dev\/#website","url":"https:\/\/kuken.alfadyser.dev\/","name":"K\u00fcken","description":"Wide range of k\u00fcken small household appliances","publisher":{"@id":"https:\/\/kuken.alfadyser.dev\/#organization"},"potentialAction":[{"@type":"SearchAction","target":{"@type":"EntryPoint","urlTemplate":"https:\/\/kuken.alfadyser.dev\/?s={search_term_string}"},"query-input":{"@type":"PropertyValueSpecification","valueRequired":true,"valueName":"search_term_string"}}],"inLanguage":"en-GB"},{"@type":"Organization","@id":"https:\/\/kuken.alfadyser.dev\/#organization","name":"Alpha Dyser","url":"https:\/\/kuken.alfadyser.dev\/","logo":{"@type":"ImageObject","inLanguage":"en-GB","@id":"https:\/\/kuken.alfadyser.dev\/#\/schema\/logo\/image\/","url":"https:\/\/kuken.alfadyser.dev\/wp-content\/uploads\/2019\/04\/kuken-logo.png","contentUrl":"https:\/\/kuken.alfadyser.dev\/wp-content\/uploads\/2019\/04\/kuken-logo.png","width":500,"height":191,"caption":"Alfa Dyser"},"image":{"@id":"https:\/\/kuken.alfadyser.dev\/#\/schema\/logo\/image\/"},"sameAs":["https:\/\/es-es.facebook.com\/alfadyser\/","https:\/\/www.instagram.com\/kuken_appliances\/"]}]},"product_price_currency":"EUR","og_availability":"instock","product_availability":"instock","product_retailer_item_id":"31515","product_condition":"new"},"_links":{"self":[{"href":"https:\/\/kuken.alfadyser.dev\/en\/wp-json\/wp\/v2\/product\/6138","targetHints":{"allow":["GET"]}}],"collection":[{"href":"https:\/\/kuken.alfadyser.dev\/en\/wp-json\/wp\/v2\/product"}],"about":[{"href":"https:\/\/kuken.alfadyser.dev\/en\/wp-json\/wp\/v2\/types\/product"}],"wp:featuredmedia":[{"embeddable":true,"href":"https:\/\/kuken.alfadyser.dev\/en\/wp-json\/wp\/v2\/media\/5866"}],"wp:attachment":[{"href":"https:\/\/kuken.alfadyser.dev\/en\/wp-json\/wp\/v2\/media?parent=6138"}],"wp:term":[{"taxonomy":"product_brand","embeddable":true,"href":"https:\/\/kuken.alfadyser.dev\/en\/wp-json\/wp\/v2\/product_brand?post=6138"},{"taxonomy":"product_cat","embeddable":true,"href":"https:\/\/kuken.alfadyser.dev\/en\/wp-json\/wp\/v2\/product_cat?post=6138"},{"taxonomy":"product_tag","embeddable":true,"href":"https:\/\/kuken.alfadyser.dev\/en\/wp-json\/wp\/v2\/product_tag?post=6138"}],"curies":[{"name":"wp","href":"https:\/\/api.w.org\/{rel}","templated":true}]}}