{"id":3826,"date":"2020-03-02T10:48:57","date_gmt":"2020-03-02T09:48:57","guid":{"rendered":"https:\/\/kuken.alfadyser.dev\/producto\/aspirador-sin-bolsa-red-800w-2400w-kuken\/"},"modified":"2025-07-23T08:58:51","modified_gmt":"2025-07-23T06:58:51","slug":"aspirador-rojo-sin-bolsa-800w-2400w-kuken-red","status":"publish","type":"product","link":"https:\/\/kuken.alfadyser.dev\/en\/product-2\/aspirador-rojo-sin-bolsa-800w-2400w-kuken-red\/","title":{"rendered":"BAGLESS HOOVER RED 800W (2400W) K\u00dcKEN RED"},"content":{"rendered":"<p>BAGLESS HOOVER RED 800W (2400W) K\u00dcKEN RED<\/p>\n<ul data-start=\"555\" data-end=\"1460\">\n<li data-start=\"555\" data-end=\"646\">\n<p data-start=\"557\" data-end=\"646\"><strong data-start=\"557\" data-end=\"579\">Cyclone Technology<\/strong>: mayor poder de succi\u00f3n mediante <strong data-start=\"613\" data-end=\"643\">centrifugado de part\u00edculas<\/strong>.<\/p>\n<\/li>\n<li data-start=\"647\" data-end=\"733\">\n<p data-start=\"649\" data-end=\"733\"><strong data-start=\"649\" data-end=\"671\">Potencia regulable<\/strong>: choose from <strong data-start=\"685\" data-end=\"730\">400W y 800W seg\u00fan la superficie a limpiar<\/strong>.<\/p>\n<\/li>\n<li data-start=\"734\" data-end=\"816\">\n<p data-start=\"736\" data-end=\"816\"><strong data-start=\"736\" data-end=\"754\">ECO Technology<\/strong>: hasta <strong data-start=\"762\" data-end=\"790\">50% de ahorro energ\u00e9tico<\/strong> sin perder rendimiento.<\/p>\n<\/li>\n<li data-start=\"817\" data-end=\"923\">\n<p data-start=\"819\" data-end=\"923\"><strong data-start=\"819\" data-end=\"850\">Dep\u00f3sito transparente de 2L<\/strong>: desmontable para una <strong data-start=\"873\" data-end=\"920\">limpieza r\u00e1pida y sin contacto con el polvo<\/strong>.<\/p>\n<\/li>\n<li data-start=\"924\" data-end=\"1006\">\n<p data-start=\"926\" data-end=\"1006\"><strong data-start=\"926\" data-end=\"961\">Cuerpo en pl\u00e1stico negro y rojo<\/strong>: elegante, resistente y f\u00e1cil de mantener.<\/p>\n<\/li>\n<li data-start=\"1007\" data-end=\"1089\">\n<p data-start=\"1009\" data-end=\"1089\"><strong data-start=\"1009\" data-end=\"1040\">Adaptador giratorio de 360\u00ba<\/strong>: facilita la conexi\u00f3n y manejo de la manguera.<\/p>\n<\/li>\n<li data-start=\"1090\" data-end=\"1142\">\n<p data-start=\"1092\" data-end=\"1142\"><strong data-start=\"1092\" data-end=\"1113\">Sistema sin bolsa<\/strong>: m\u00e1s pr\u00e1ctico y econ\u00f3mico.<\/p>\n<\/li>\n<li data-start=\"1143\" data-end=\"1209\">\n<p data-start=\"1145\" data-end=\"1209\"><strong data-start=\"1145\" data-end=\"1176\">Integrated carrying handle<\/strong>: movilidad c\u00f3moda en cada uso.<\/p>\n<\/li>\n<li data-start=\"1210\" data-end=\"1304\">\n<p data-start=\"1212\" data-end=\"1304\"><strong data-start=\"1212\" data-end=\"1253\">Tres ruedas para desplazamiento suave<\/strong>: dos traseras grandes y una delantera giratoria.<\/p>\n<\/li>\n<li data-start=\"1305\" data-end=\"1372\">\n<p data-start=\"1307\" data-end=\"1372\"><strong data-start=\"1307\" data-end=\"1327\">Ruedas engomadas<\/strong>: protegen <strong data-start=\"1338\" data-end=\"1369\">suelos delicados y parquets<\/strong>.<\/p>\n<\/li>\n<li data-start=\"1373\" data-end=\"1460\">\n<p data-start=\"1375\" data-end=\"1460\"><strong data-start=\"1375\" data-end=\"1398\">Cable de 4,5 metros<\/strong>: with <strong data-start=\"1404\" data-end=\"1438\">sistema de recogida autom\u00e1tica<\/strong> for convenience.<\/p>\n<\/li>\n<\/ul>\n<p><div class=\"accordion\"><div class=\"mfn-acc accordion_wrapper  toggle\"><div class=\"question\"><div class=\"title\"><i class=\"icon-plus acc-icon-plus\" aria-hidden=\"true\"><\/i><i class=\"icon-minus acc-icon-minus\" aria-hidden=\"true\"><\/i>Product data<\/div><div class=\"answer\">EAN 8425160338459<\/p>\n<p>BAGLESS HOOVER RED 800W (2400W) K\u00dcKEN RED<\/p>\n<p>Package unit 1<br \/>\nColour Red<br \/>\nPackaging Box Colour<br \/>\nPower 800 W<br \/>\nVoltage 230 V<br \/>\nMaterial PC<br \/>\nNon-slip feet Yes<br \/>\nDetachable Yes<br \/>\nWeight 3.2 kg.<\/div><\/div>\n<\/div><\/div>\n<br \/>\n<div class=\"accordion\"><div class=\"mfn-acc accordion_wrapper  toggle\"><div class=\"question\"><div class=\"title\"><i class=\"icon-plus acc-icon-plus\" aria-hidden=\"true\"><\/i><i class=\"icon-minus acc-icon-minus\" aria-hidden=\"true\"><\/i>Accessories<\/div><div class=\"answer\">Extendable metal tube with ergonomic handle and swivel base.<br \/>\n2-in-1 nozzle: two positions; with brush and without brush.<br \/>\n2-position vacuum brush; for floors \/ carpets.<br \/>\nSpecial nozzle for parquet that does not scratch the surface.<\/div><\/div>\n<\/div><\/div>\n<\/p>\n<div class=\"descargas-producto\"><a href=\"\/wp-content\/uploads\/pdf\/8425160338459_ficha_tecnica.pdf\" target=\"_blank\" rel=\"noopener noreferrer\"><br \/>\n<img loading=\"lazy\" decoding=\"async\" src=\"\/wp-content\/uploads\/2019\/12\/picto-descarrega.png\" alt=\"download data sheet\" width=\"23\" height=\"16\" \/>Download sheet<\/a><br \/>\n<a href=\"\/wp-content\/uploads\/pdf\/33845_instrucciones.pdf\"><img loading=\"lazy\" decoding=\"async\" src=\"\/wp-content\/uploads\/2019\/12\/picto-descarrega.png\" alt=\"download instruction manual\" width=\"23\" height=\"16\" \/>Download manual<\/a><\/div>\n<div><\/div>\n<div><span style=\"color: #bf2121\">Follow us on social media!<\/span><\/div>\n<div><a href=\"https:\/\/www.instagram.com\/kuken_appliances\/\">https:\/\/www.instagram.com\/kuken_appliances\/<\/a><\/div>\n<p><iframe loading=\"lazy\" title=\"Aspirador sin bolsa red 800w (2400w) k\u00fcken\" width=\"560\" height=\"315\" src=\"https:\/\/www.youtube.com\/embed\/R4E5t-weE28?feature=oembed\" frameborder=\"0\" allow=\"accelerometer; autoplay; clipboard-write; encrypted-media; gyroscope; picture-in-picture; web-share\" referrerpolicy=\"strict-origin-when-cross-origin\" allowfullscreen><\/iframe><\/p>","protected":false},"excerpt":{"rendered":"<p data-start=\"379\" data-end=\"517\">M\u00e1xima potencia y eficiencia energ\u00e9tica en un dise\u00f1o compacto y funcional. Ideal para limpiar todo tipo de suelos sin necesidad de bolsas.<\/p>","protected":false},"featured_media":3827,"template":"","meta":[],"product_brand":[],"product_cat":[208],"product_tag":[],"class_list":{"0":"post-3826","1":"product","2":"type-product","3":"status-publish","4":"has-post-thumbnail","6":"product_cat-aspiradores","8":"first","9":"instock","10":"product-type-simple"},"yoast_head":"<!-- This site is optimized with the Yoast SEO Premium plugin v24.0 (Yoast SEO v26.5) - https:\/\/yoast.com\/wordpress\/plugins\/seo\/ -->\n<title>ASPIRADOR ROJO SIN BOLSA 800W (2400W) K\u00dcKEN RED - K\u00fcken<\/title>\n<meta name=\"description\" content=\"Nuevo y exclusivo aspirador rojo sin bolsa k\u00fcken. Limpia cualquier superficie mejor y de manera m\u00e1s r\u00e1pida y f\u00e1cil. Desc\u00fabrelo ahora.\" \/>\n<meta name=\"robots\" content=\"noindex, follow, max-snippet:-1, max-image-preview:large, max-video-preview:-1\" \/>\n<meta property=\"og:locale\" content=\"en_GB\" \/>\n<meta property=\"og:type\" content=\"article\" \/>\n<meta property=\"og:title\" content=\"ASPIRADOR ROJO SIN BOLSA 800W (2400W) K\u00dcKEN RED\" \/>\n<meta property=\"og:description\" content=\"Nuevo y exclusivo aspirador rojo sin bolsa k\u00fcken. Limpia cualquier superficie mejor y de manera m\u00e1s r\u00e1pida y f\u00e1cil. Desc\u00fabrelo ahora.\" \/>\n<meta property=\"og:url\" content=\"https:\/\/kuken.alfadyser.dev\/en\/product-2\/aspirador-rojo-sin-bolsa-800w-2400w-kuken-red\/\" \/>\n<meta property=\"og:site_name\" content=\"K\u00fcken\" \/>\n<meta property=\"article:publisher\" content=\"https:\/\/es-es.facebook.com\/alfadyser\/\" \/>\n<meta property=\"article:modified_time\" content=\"2025-07-23T06:58:51+00:00\" \/>\n<meta property=\"og:image\" content=\"https:\/\/kuken.alfadyser.dev\/wp-content\/uploads\/2020\/03\/ASPIRADOR-SIN-BOLSA-RED-800W-2400W-KUKEN.jpg\" \/>\n\t<meta property=\"og:image:width\" content=\"853\" \/>\n\t<meta property=\"og:image:height\" content=\"853\" \/>\n\t<meta property=\"og:image:type\" content=\"image\/jpeg\" \/>\n<meta name=\"twitter:card\" content=\"summary_large_image\" \/>\n<meta name=\"twitter:label1\" content=\"Price\" \/>\n\t<meta name=\"twitter:data1\" content=\"\" \/>\n\t<meta name=\"twitter:label2\" content=\"Availability\" \/>\n\t<meta name=\"twitter:data2\" content=\"In stock\" \/>\n<script type=\"application\/ld+json\" class=\"yoast-schema-graph\">{\"@context\":\"https:\/\/schema.org\",\"@graph\":[{\"@type\":\"WebPage\",\"@id\":\"https:\/\/kuken.alfadyser.dev\/producto\/aspirador-rojo-sin-bolsa-800w-2400w-kuken-red\/\",\"url\":\"https:\/\/kuken.alfadyser.dev\/producto\/aspirador-rojo-sin-bolsa-800w-2400w-kuken-red\/\",\"name\":\"ASPIRADOR ROJO SIN BOLSA 800W (2400W) K\u00dcKEN RED - K\u00fcken\",\"isPartOf\":{\"@id\":\"https:\/\/kuken.alfadyser.dev\/#website\"},\"primaryImageOfPage\":{\"@id\":\"https:\/\/kuken.alfadyser.dev\/producto\/aspirador-rojo-sin-bolsa-800w-2400w-kuken-red\/#primaryimage\"},\"image\":{\"@id\":\"https:\/\/kuken.alfadyser.dev\/producto\/aspirador-rojo-sin-bolsa-800w-2400w-kuken-red\/#primaryimage\"},\"thumbnailUrl\":\"https:\/\/kuken.alfadyser.dev\/wp-content\/uploads\/2020\/03\/ASPIRADOR-SIN-BOLSA-RED-800W-2400W-KUKEN.jpg\",\"datePublished\":\"2020-03-02T09:48:57+00:00\",\"dateModified\":\"2025-07-23T06:58:51+00:00\",\"description\":\"Nuevo y exclusivo aspirador rojo sin bolsa k\u00fcken. Limpia cualquier superficie mejor y de manera m\u00e1s r\u00e1pida y f\u00e1cil. Desc\u00fabrelo ahora.\",\"breadcrumb\":{\"@id\":\"https:\/\/kuken.alfadyser.dev\/producto\/aspirador-rojo-sin-bolsa-800w-2400w-kuken-red\/#breadcrumb\"},\"inLanguage\":\"en-GB\",\"potentialAction\":[{\"@type\":\"ReadAction\",\"target\":[\"https:\/\/kuken.alfadyser.dev\/producto\/aspirador-rojo-sin-bolsa-800w-2400w-kuken-red\/\"]}]},{\"@type\":\"ImageObject\",\"inLanguage\":\"en-GB\",\"@id\":\"https:\/\/kuken.alfadyser.dev\/producto\/aspirador-rojo-sin-bolsa-800w-2400w-kuken-red\/#primaryimage\",\"url\":\"https:\/\/kuken.alfadyser.dev\/wp-content\/uploads\/2020\/03\/ASPIRADOR-SIN-BOLSA-RED-800W-2400W-KUKEN.jpg\",\"contentUrl\":\"https:\/\/kuken.alfadyser.dev\/wp-content\/uploads\/2020\/03\/ASPIRADOR-SIN-BOLSA-RED-800W-2400W-KUKEN.jpg\",\"width\":853,\"height\":853,\"caption\":\"Aspirador rojo sin bolsa k\u00fcken\"},{\"@type\":\"BreadcrumbList\",\"@id\":\"https:\/\/kuken.alfadyser.dev\/producto\/aspirador-rojo-sin-bolsa-800w-2400w-kuken-red\/#breadcrumb\",\"itemListElement\":[{\"@type\":\"ListItem\",\"position\":1,\"name\":\"Portada\",\"item\":\"https:\/\/kuken.alfadyser.dev\/\"},{\"@type\":\"ListItem\",\"position\":2,\"name\":\"Productos\",\"item\":\"https:\/\/kuken.alfadyser.dev\/productos\/\"},{\"@type\":\"ListItem\",\"position\":3,\"name\":\"ASPIRADOR ROJO SIN BOLSA 800W (2400W) K\u00dcKEN RED\"}]},{\"@type\":\"WebSite\",\"@id\":\"https:\/\/kuken.alfadyser.dev\/#website\",\"url\":\"https:\/\/kuken.alfadyser.dev\/\",\"name\":\"K\u00fcken\",\"description\":\"Amplia gama de peque\u00f1o electrodom\u00e9stico k\u00fcken\",\"publisher\":{\"@id\":\"https:\/\/kuken.alfadyser.dev\/#organization\"},\"potentialAction\":[{\"@type\":\"SearchAction\",\"target\":{\"@type\":\"EntryPoint\",\"urlTemplate\":\"https:\/\/kuken.alfadyser.dev\/?s={search_term_string}\"},\"query-input\":{\"@type\":\"PropertyValueSpecification\",\"valueRequired\":true,\"valueName\":\"search_term_string\"}}],\"inLanguage\":\"en-GB\"},{\"@type\":\"Organization\",\"@id\":\"https:\/\/kuken.alfadyser.dev\/#organization\",\"name\":\"Alfa Dyser\",\"url\":\"https:\/\/kuken.alfadyser.dev\/\",\"logo\":{\"@type\":\"ImageObject\",\"inLanguage\":\"en-GB\",\"@id\":\"https:\/\/kuken.alfadyser.dev\/#\/schema\/logo\/image\/\",\"url\":\"https:\/\/kuken.alfadyser.dev\/wp-content\/uploads\/2019\/04\/kuken-logo.png\",\"contentUrl\":\"https:\/\/kuken.alfadyser.dev\/wp-content\/uploads\/2019\/04\/kuken-logo.png\",\"width\":500,\"height\":191,\"caption\":\"Alfa Dyser\"},\"image\":{\"@id\":\"https:\/\/kuken.alfadyser.dev\/#\/schema\/logo\/image\/\"},\"sameAs\":[\"https:\/\/es-es.facebook.com\/alfadyser\/\",\"https:\/\/www.instagram.com\/kuken_appliances\/\"]}]}<\/script>\n<meta property=\"product:price:currency\" content=\"EUR\" \/>\n<meta property=\"og:availability\" content=\"instock\" \/>\n<meta property=\"product:availability\" content=\"instock\" \/>\n<meta property=\"product:retailer_item_id\" content=\"33845\" \/>\n<meta property=\"product:condition\" content=\"new\" \/>\n<!-- \/ Yoast SEO Premium plugin. -->","yoast_head_json":{"title":"K\u00dcKEN RED BAGLESS 800W (2400W) RED Hoover - K\u00fcken","description":"New exclusive red k\u00fcken bagless hoover. Cleans any surface better, faster and easier. Discover it now.","robots":{"index":"noindex","follow":"follow","max-snippet":"max-snippet:-1","max-image-preview":"max-image-preview:large","max-video-preview":"max-video-preview:-1"},"og_locale":"en_GB","og_type":"article","og_title":"ASPIRADOR ROJO SIN BOLSA 800W (2400W) K\u00dcKEN RED","og_description":"Nuevo y exclusivo aspirador rojo sin bolsa k\u00fcken. Limpia cualquier superficie mejor y de manera m\u00e1s r\u00e1pida y f\u00e1cil. Desc\u00fabrelo ahora.","og_url":"https:\/\/kuken.alfadyser.dev\/en\/product-2\/aspirador-rojo-sin-bolsa-800w-2400w-kuken-red\/","og_site_name":"K\u00fcken","article_publisher":"https:\/\/es-es.facebook.com\/alfadyser\/","article_modified_time":"2025-07-23T06:58:51+00:00","og_image":[{"width":853,"height":853,"url":"https:\/\/kuken.alfadyser.dev\/wp-content\/uploads\/2020\/03\/ASPIRADOR-SIN-BOLSA-RED-800W-2400W-KUKEN.jpg","type":"image\/jpeg"}],"twitter_card":"summary_large_image","twitter_misc":{"Price":"","Availability":"In stock"},"schema":{"@context":"https:\/\/schema.org","@graph":[{"@type":"WebPage","@id":"https:\/\/kuken.alfadyser.dev\/producto\/aspirador-rojo-sin-bolsa-800w-2400w-kuken-red\/","url":"https:\/\/kuken.alfadyser.dev\/producto\/aspirador-rojo-sin-bolsa-800w-2400w-kuken-red\/","name":"K\u00dcKEN RED BAGLESS 800W (2400W) RED Hoover - K\u00fcken","isPartOf":{"@id":"https:\/\/kuken.alfadyser.dev\/#website"},"primaryImageOfPage":{"@id":"https:\/\/kuken.alfadyser.dev\/producto\/aspirador-rojo-sin-bolsa-800w-2400w-kuken-red\/#primaryimage"},"image":{"@id":"https:\/\/kuken.alfadyser.dev\/producto\/aspirador-rojo-sin-bolsa-800w-2400w-kuken-red\/#primaryimage"},"thumbnailUrl":"https:\/\/kuken.alfadyser.dev\/wp-content\/uploads\/2020\/03\/ASPIRADOR-SIN-BOLSA-RED-800W-2400W-KUKEN.jpg","datePublished":"2020-03-02T09:48:57+00:00","dateModified":"2025-07-23T06:58:51+00:00","description":"New exclusive red k\u00fcken bagless hoover. Cleans any surface better, faster and easier. Discover it now.","breadcrumb":{"@id":"https:\/\/kuken.alfadyser.dev\/producto\/aspirador-rojo-sin-bolsa-800w-2400w-kuken-red\/#breadcrumb"},"inLanguage":"en-GB","potentialAction":[{"@type":"ReadAction","target":["https:\/\/kuken.alfadyser.dev\/producto\/aspirador-rojo-sin-bolsa-800w-2400w-kuken-red\/"]}]},{"@type":"ImageObject","inLanguage":"en-GB","@id":"https:\/\/kuken.alfadyser.dev\/producto\/aspirador-rojo-sin-bolsa-800w-2400w-kuken-red\/#primaryimage","url":"https:\/\/kuken.alfadyser.dev\/wp-content\/uploads\/2020\/03\/ASPIRADOR-SIN-BOLSA-RED-800W-2400W-KUKEN.jpg","contentUrl":"https:\/\/kuken.alfadyser.dev\/wp-content\/uploads\/2020\/03\/ASPIRADOR-SIN-BOLSA-RED-800W-2400W-KUKEN.jpg","width":853,"height":853,"caption":"Aspirador rojo sin bolsa k\u00fcken"},{"@type":"BreadcrumbList","@id":"https:\/\/kuken.alfadyser.dev\/producto\/aspirador-rojo-sin-bolsa-800w-2400w-kuken-red\/#breadcrumb","itemListElement":[{"@type":"ListItem","position":1,"name":"Portada","item":"https:\/\/kuken.alfadyser.dev\/"},{"@type":"ListItem","position":2,"name":"Productos","item":"https:\/\/kuken.alfadyser.dev\/productos\/"},{"@type":"ListItem","position":3,"name":"ASPIRADOR ROJO SIN BOLSA 800W (2400W) K\u00dcKEN RED"}]},{"@type":"WebSite","@id":"https:\/\/kuken.alfadyser.dev\/#website","url":"https:\/\/kuken.alfadyser.dev\/","name":"K\u00fcken","description":"Wide range of k\u00fcken small household appliances","publisher":{"@id":"https:\/\/kuken.alfadyser.dev\/#organization"},"potentialAction":[{"@type":"SearchAction","target":{"@type":"EntryPoint","urlTemplate":"https:\/\/kuken.alfadyser.dev\/?s={search_term_string}"},"query-input":{"@type":"PropertyValueSpecification","valueRequired":true,"valueName":"search_term_string"}}],"inLanguage":"en-GB"},{"@type":"Organization","@id":"https:\/\/kuken.alfadyser.dev\/#organization","name":"Alpha Dyser","url":"https:\/\/kuken.alfadyser.dev\/","logo":{"@type":"ImageObject","inLanguage":"en-GB","@id":"https:\/\/kuken.alfadyser.dev\/#\/schema\/logo\/image\/","url":"https:\/\/kuken.alfadyser.dev\/wp-content\/uploads\/2019\/04\/kuken-logo.png","contentUrl":"https:\/\/kuken.alfadyser.dev\/wp-content\/uploads\/2019\/04\/kuken-logo.png","width":500,"height":191,"caption":"Alfa Dyser"},"image":{"@id":"https:\/\/kuken.alfadyser.dev\/#\/schema\/logo\/image\/"},"sameAs":["https:\/\/es-es.facebook.com\/alfadyser\/","https:\/\/www.instagram.com\/kuken_appliances\/"]}]},"product_price_currency":"EUR","og_availability":"instock","product_availability":"instock","product_retailer_item_id":"33845","product_condition":"new"},"_links":{"self":[{"href":"https:\/\/kuken.alfadyser.dev\/en\/wp-json\/wp\/v2\/product\/3826","targetHints":{"allow":["GET"]}}],"collection":[{"href":"https:\/\/kuken.alfadyser.dev\/en\/wp-json\/wp\/v2\/product"}],"about":[{"href":"https:\/\/kuken.alfadyser.dev\/en\/wp-json\/wp\/v2\/types\/product"}],"wp:featuredmedia":[{"embeddable":true,"href":"https:\/\/kuken.alfadyser.dev\/en\/wp-json\/wp\/v2\/media\/3827"}],"wp:attachment":[{"href":"https:\/\/kuken.alfadyser.dev\/en\/wp-json\/wp\/v2\/media?parent=3826"}],"wp:term":[{"taxonomy":"product_brand","embeddable":true,"href":"https:\/\/kuken.alfadyser.dev\/en\/wp-json\/wp\/v2\/product_brand?post=3826"},{"taxonomy":"product_cat","embeddable":true,"href":"https:\/\/kuken.alfadyser.dev\/en\/wp-json\/wp\/v2\/product_cat?post=3826"},{"taxonomy":"product_tag","embeddable":true,"href":"https:\/\/kuken.alfadyser.dev\/en\/wp-json\/wp\/v2\/product_tag?post=3826"}],"curies":[{"name":"wp","href":"https:\/\/api.w.org\/{rel}","templated":true}]}}