{"id":3638,"date":"2020-03-02T10:36:51","date_gmt":"2020-03-02T09:36:51","guid":{"rendered":"https:\/\/kuken.alfadyser.dev\/producto\/cepillo-limpieza-electrico-hogar-7-en-1-kuken\/"},"modified":"2025-07-28T12:39:05","modified_gmt":"2025-07-28T10:39:05","slug":"kuken-7-in-1-electric-home-cleaning-brush","status":"publish","type":"product","link":"https:\/\/kuken.alfadyser.dev\/en\/product-2\/kuken-7-in-1-electric-home-cleaning-brush\/","title":{"rendered":"K\u00dcKEN 7-IN-1 ELECTRIC HOUSEHOLD CLEANING BRUSH"},"content":{"rendered":"<p>K\u00dcKEN 7-IN-1 ELECTRIC HOUSEHOLD CLEANING BRUSH<\/p>\n<ul data-start=\"688\" data-end=\"1391\">\n<li data-start=\"688\" data-end=\"752\">\n<p data-start=\"690\" data-end=\"752\">7-in-1 multifunction for various household surfaces.<\/p>\n<\/li>\n<li data-start=\"753\" data-end=\"822\">\n<p data-start=\"755\" data-end=\"822\">Durable polycarbonate body with white and blue finish.<\/p>\n<\/li>\n<li data-start=\"823\" data-end=\"900\">\n<p data-start=\"825\" data-end=\"900\">Non-slip handle with rubberised coating for a firm grip.<\/p>\n<\/li>\n<li data-start=\"901\" data-end=\"963\">\n<p data-start=\"903\" data-end=\"963\">Ideal for kitchens, windows, sinks, tiles and more.<\/p>\n<\/li>\n<li data-start=\"964\" data-end=\"1034\">\n<p data-start=\"966\" data-end=\"1034\">Oscillating brush for easy cleaning in difficult areas.<\/p>\n<\/li>\n<li data-start=\"1035\" data-end=\"1111\">\n<p data-start=\"1037\" data-end=\"1111\">Portable and compact design for easy carrying anywhere.<\/p>\n<\/li>\n<li data-start=\"1112\" data-end=\"1196\">\n<p data-start=\"1114\" data-end=\"1196\">Includes 3 interchangeable brush heads and 6 interchangeable brushes for deep cleaning.<\/p>\n<\/li>\n<li data-start=\"1197\" data-end=\"1257\">\n<p data-start=\"1199\" data-end=\"1257\">Perfect for removing dirt from grooves and joints.<\/p>\n<\/li>\n<li data-start=\"1258\" data-end=\"1334\">\n<p data-start=\"1260\" data-end=\"1334\">Detachable components for convenient cleaning of the device.<\/p>\n<\/li>\n<li data-start=\"1335\" data-end=\"1391\">\n<p data-start=\"1337\" data-end=\"1391\">Powered by 4 AA batteries, included in the product.<\/p>\n<\/li>\n<\/ul>\n<p><div class=\"accordion\"><div class=\"mfn-acc accordion_wrapper  toggle\"><div class=\"question\"><div class=\"title\"><i class=\"icon-plus acc-icon-plus\" aria-hidden=\"true\"><\/i><i class=\"icon-minus acc-icon-minus\" aria-hidden=\"true\"><\/i>Product data<\/div><div class=\"answer\">EAN 8425160339708<\/p>\n<p>K\u00dcKEN 7-IN-1 ELECTRIC HOUSEHOLD CLEANING BRUSH<\/p>\n<p>Package unit 1<br \/>\nColour White \/ Blue<br \/>\nPackaging Box Colour<br \/>\nDimensions \u00d8 35 mm x 255 mm<br \/>\nMaterial PC<br \/>\nBattery operated 4 x AA<br \/>\nBatteries included Yes<br \/>\nWeight 0.2 kg.<\/div><\/div>\n<\/div><\/div>\n<br \/>\n<div class=\"accordion\"><div class=\"mfn-acc accordion_wrapper  toggle\"><div class=\"question\"><div class=\"title\"><i class=\"icon-plus acc-icon-plus\" aria-hidden=\"true\"><\/i><i class=\"icon-minus acc-icon-minus\" aria-hidden=\"true\"><\/i>Accessories<\/div><div class=\"answer\"><\/div><\/div>\n<\/div><\/div>\n<\/p>\n<div class=\"descargas-producto\"><a href=\"\/wp-content\/uploads\/pdf\/8425160339708_ficha_tecnica.pdf\" target=\"_blank\" rel=\"noopener noreferrer\"><br \/>\n<img loading=\"lazy\" decoding=\"async\" src=\"\/wp-content\/uploads\/2019\/12\/picto-descarrega.png\" alt=\"download data sheet\" width=\"23\" height=\"16\" \/>Download sheet<\/a><a href=\"https:\/\/kuken.alfadyser.dev\/wp-content\/uploads\/33970_instrucciones.pdf\" target=\"_blank\" rel=\"noopener noreferrer\"><br \/>\n<img loading=\"lazy\" decoding=\"async\" src=\"\/wp-content\/uploads\/2019\/12\/picto-descarrega.png\" alt=\"download instruction manual\" width=\"23\" height=\"16\" \/>Download manual<\/a><\/div>\n<div><\/div>\n<div><span style=\"color: #bf2121\">Follow us on social media!<\/span><\/div>\n<div><a href=\"https:\/\/www.instagram.com\/kuken_appliances\/\">https:\/\/www.instagram.com\/kuken_appliances\/<\/a><\/div>","protected":false},"excerpt":{"rendered":"<p data-start=\"379\" data-end=\"530\">Multifunction electric toothbrush ideal for the home. Its ergonomic design, multiple heads and versatility make it an essential ally.<\/p>\n<p data-start=\"532\" data-end=\"611\">","protected":false},"featured_media":3639,"template":"","meta":[],"product_brand":[],"product_cat":[210],"product_tag":[],"class_list":{"0":"post-3638","1":"product","2":"type-product","3":"status-publish","4":"has-post-thumbnail","6":"product_cat-limpiadores","8":"first","9":"instock","10":"product-type-simple"},"yoast_head":"<!-- This site is optimized with the Yoast SEO Premium plugin v24.0 (Yoast SEO v26.5) - https:\/\/yoast.com\/wordpress\/plugins\/seo\/ -->\n<title>CEPILLO LIMPIEZA EL\u00c9CTRICO HOGAR 7 EN 1 K\u00dcKEN - K\u00fcken<\/title>\n<meta name=\"description\" content=\"Nuevo y exclusivo cepillo de limpieza el\u00e9ctrico 7en1 k\u00fcken. Limpia sitios poco accesibles o juntas con suciedad incrustada de manera m\u00e1s r\u00e1pida.\" \/>\n<meta name=\"robots\" content=\"noindex, follow, max-snippet:-1, max-image-preview:large, max-video-preview:-1\" \/>\n<meta property=\"og:locale\" content=\"en_GB\" \/>\n<meta property=\"og:type\" content=\"article\" \/>\n<meta property=\"og:title\" content=\"CEPILLO LIMPIEZA EL\u00c9CTRICO HOGAR 7 EN 1 K\u00dcKEN\" \/>\n<meta property=\"og:description\" content=\"Nuevo y exclusivo cepillo de limpieza el\u00e9ctrico 7en1 k\u00fcken. Limpia sitios poco accesibles o juntas con suciedad incrustada de manera m\u00e1s r\u00e1pida.\" \/>\n<meta property=\"og:url\" content=\"https:\/\/kuken.alfadyser.dev\/en\/product-2\/kuken-7-in-1-electric-home-cleaning-brush\/\" \/>\n<meta property=\"og:site_name\" content=\"K\u00fcken\" \/>\n<meta property=\"article:publisher\" content=\"https:\/\/es-es.facebook.com\/alfadyser\/\" \/>\n<meta property=\"article:modified_time\" content=\"2025-07-28T10:39:05+00:00\" \/>\n<meta property=\"og:image\" content=\"https:\/\/kuken.alfadyser.dev\/wp-content\/uploads\/2020\/03\/CEPILLO-LIMPIEZA-EL\u00c9CTRICO-HOGAR-7-EN-1-KUKEN.jpg\" \/>\n\t<meta property=\"og:image:width\" content=\"853\" \/>\n\t<meta property=\"og:image:height\" content=\"853\" \/>\n\t<meta property=\"og:image:type\" content=\"image\/jpeg\" \/>\n<meta name=\"twitter:card\" content=\"summary_large_image\" \/>\n<meta name=\"twitter:label1\" content=\"Price\" \/>\n\t<meta name=\"twitter:data1\" content=\"\" \/>\n\t<meta name=\"twitter:label2\" content=\"Availability\" \/>\n\t<meta name=\"twitter:data2\" content=\"In stock\" \/>\n<script type=\"application\/ld+json\" class=\"yoast-schema-graph\">{\"@context\":\"https:\/\/schema.org\",\"@graph\":[{\"@type\":\"WebPage\",\"@id\":\"https:\/\/kuken.alfadyser.dev\/producto\/cepillo-limpieza-electrico-hogar-7-en-1-kuken\/\",\"url\":\"https:\/\/kuken.alfadyser.dev\/producto\/cepillo-limpieza-electrico-hogar-7-en-1-kuken\/\",\"name\":\"CEPILLO LIMPIEZA EL\u00c9CTRICO HOGAR 7 EN 1 K\u00dcKEN - K\u00fcken\",\"isPartOf\":{\"@id\":\"https:\/\/kuken.alfadyser.dev\/#website\"},\"primaryImageOfPage\":{\"@id\":\"https:\/\/kuken.alfadyser.dev\/producto\/cepillo-limpieza-electrico-hogar-7-en-1-kuken\/#primaryimage\"},\"image\":{\"@id\":\"https:\/\/kuken.alfadyser.dev\/producto\/cepillo-limpieza-electrico-hogar-7-en-1-kuken\/#primaryimage\"},\"thumbnailUrl\":\"https:\/\/kuken.alfadyser.dev\/wp-content\/uploads\/2020\/03\/CEPILLO-LIMPIEZA-EL\u00c9CTRICO-HOGAR-7-EN-1-KUKEN.jpg\",\"datePublished\":\"2020-03-02T09:36:51+00:00\",\"dateModified\":\"2025-07-28T10:39:05+00:00\",\"description\":\"Nuevo y exclusivo cepillo de limpieza el\u00e9ctrico 7en1 k\u00fcken. Limpia sitios poco accesibles o juntas con suciedad incrustada de manera m\u00e1s r\u00e1pida.\",\"breadcrumb\":{\"@id\":\"https:\/\/kuken.alfadyser.dev\/producto\/cepillo-limpieza-electrico-hogar-7-en-1-kuken\/#breadcrumb\"},\"inLanguage\":\"en-GB\",\"potentialAction\":[{\"@type\":\"ReadAction\",\"target\":[\"https:\/\/kuken.alfadyser.dev\/producto\/cepillo-limpieza-electrico-hogar-7-en-1-kuken\/\"]}]},{\"@type\":\"ImageObject\",\"inLanguage\":\"en-GB\",\"@id\":\"https:\/\/kuken.alfadyser.dev\/producto\/cepillo-limpieza-electrico-hogar-7-en-1-kuken\/#primaryimage\",\"url\":\"https:\/\/kuken.alfadyser.dev\/wp-content\/uploads\/2020\/03\/CEPILLO-LIMPIEZA-EL\u00c9CTRICO-HOGAR-7-EN-1-KUKEN.jpg\",\"contentUrl\":\"https:\/\/kuken.alfadyser.dev\/wp-content\/uploads\/2020\/03\/CEPILLO-LIMPIEZA-EL\u00c9CTRICO-HOGAR-7-EN-1-KUKEN.jpg\",\"width\":853,\"height\":853,\"caption\":\"Cepillo de limpieza el\u00e9ctrico k\u00fcken de precisi\u00f3n\"},{\"@type\":\"BreadcrumbList\",\"@id\":\"https:\/\/kuken.alfadyser.dev\/producto\/cepillo-limpieza-electrico-hogar-7-en-1-kuken\/#breadcrumb\",\"itemListElement\":[{\"@type\":\"ListItem\",\"position\":1,\"name\":\"Portada\",\"item\":\"https:\/\/kuken.alfadyser.dev\/\"},{\"@type\":\"ListItem\",\"position\":2,\"name\":\"Productos\",\"item\":\"https:\/\/kuken.alfadyser.dev\/productos\/\"},{\"@type\":\"ListItem\",\"position\":3,\"name\":\"CEPILLO LIMPIEZA EL\u00c9CTRICO HOGAR 7 EN 1 K\u00dcKEN\"}]},{\"@type\":\"WebSite\",\"@id\":\"https:\/\/kuken.alfadyser.dev\/#website\",\"url\":\"https:\/\/kuken.alfadyser.dev\/\",\"name\":\"K\u00fcken\",\"description\":\"Amplia gama de peque\u00f1o electrodom\u00e9stico k\u00fcken\",\"publisher\":{\"@id\":\"https:\/\/kuken.alfadyser.dev\/#organization\"},\"potentialAction\":[{\"@type\":\"SearchAction\",\"target\":{\"@type\":\"EntryPoint\",\"urlTemplate\":\"https:\/\/kuken.alfadyser.dev\/?s={search_term_string}\"},\"query-input\":{\"@type\":\"PropertyValueSpecification\",\"valueRequired\":true,\"valueName\":\"search_term_string\"}}],\"inLanguage\":\"en-GB\"},{\"@type\":\"Organization\",\"@id\":\"https:\/\/kuken.alfadyser.dev\/#organization\",\"name\":\"Alfa Dyser\",\"url\":\"https:\/\/kuken.alfadyser.dev\/\",\"logo\":{\"@type\":\"ImageObject\",\"inLanguage\":\"en-GB\",\"@id\":\"https:\/\/kuken.alfadyser.dev\/#\/schema\/logo\/image\/\",\"url\":\"https:\/\/kuken.alfadyser.dev\/wp-content\/uploads\/2019\/04\/kuken-logo.png\",\"contentUrl\":\"https:\/\/kuken.alfadyser.dev\/wp-content\/uploads\/2019\/04\/kuken-logo.png\",\"width\":500,\"height\":191,\"caption\":\"Alfa Dyser\"},\"image\":{\"@id\":\"https:\/\/kuken.alfadyser.dev\/#\/schema\/logo\/image\/\"},\"sameAs\":[\"https:\/\/es-es.facebook.com\/alfadyser\/\",\"https:\/\/www.instagram.com\/kuken_appliances\/\"]}]}<\/script>\n<meta property=\"product:price:currency\" content=\"EUR\" \/>\n<meta property=\"og:availability\" content=\"instock\" \/>\n<meta property=\"product:availability\" content=\"instock\" \/>\n<meta property=\"product:retailer_item_id\" content=\"33970\" \/>\n<meta property=\"product:condition\" content=\"new\" \/>\n<!-- \/ Yoast SEO Premium plugin. -->","yoast_head_json":{"title":"K\u00dcKEN 7-IN-1 ELECTRIC HOUSEHOLD CLEANING BRUSH - K\u00fcken","description":"New, unique k\u00fcken 7in1 electric cleaning brush. Cleans hard-to-reach places or seals with ingrained dirt faster.","robots":{"index":"noindex","follow":"follow","max-snippet":"max-snippet:-1","max-image-preview":"max-image-preview:large","max-video-preview":"max-video-preview:-1"},"og_locale":"en_GB","og_type":"article","og_title":"CEPILLO LIMPIEZA EL\u00c9CTRICO HOGAR 7 EN 1 K\u00dcKEN","og_description":"Nuevo y exclusivo cepillo de limpieza el\u00e9ctrico 7en1 k\u00fcken. Limpia sitios poco accesibles o juntas con suciedad incrustada de manera m\u00e1s r\u00e1pida.","og_url":"https:\/\/kuken.alfadyser.dev\/en\/product-2\/kuken-7-in-1-electric-home-cleaning-brush\/","og_site_name":"K\u00fcken","article_publisher":"https:\/\/es-es.facebook.com\/alfadyser\/","article_modified_time":"2025-07-28T10:39:05+00:00","og_image":[{"width":853,"height":853,"url":"https:\/\/kuken.alfadyser.dev\/wp-content\/uploads\/2020\/03\/CEPILLO-LIMPIEZA-EL\u00c9CTRICO-HOGAR-7-EN-1-KUKEN.jpg","type":"image\/jpeg"}],"twitter_card":"summary_large_image","twitter_misc":{"Price":"","Availability":"In stock"},"schema":{"@context":"https:\/\/schema.org","@graph":[{"@type":"WebPage","@id":"https:\/\/kuken.alfadyser.dev\/producto\/cepillo-limpieza-electrico-hogar-7-en-1-kuken\/","url":"https:\/\/kuken.alfadyser.dev\/producto\/cepillo-limpieza-electrico-hogar-7-en-1-kuken\/","name":"K\u00dcKEN 7-IN-1 ELECTRIC HOUSEHOLD CLEANING BRUSH - K\u00fcken","isPartOf":{"@id":"https:\/\/kuken.alfadyser.dev\/#website"},"primaryImageOfPage":{"@id":"https:\/\/kuken.alfadyser.dev\/producto\/cepillo-limpieza-electrico-hogar-7-en-1-kuken\/#primaryimage"},"image":{"@id":"https:\/\/kuken.alfadyser.dev\/producto\/cepillo-limpieza-electrico-hogar-7-en-1-kuken\/#primaryimage"},"thumbnailUrl":"https:\/\/kuken.alfadyser.dev\/wp-content\/uploads\/2020\/03\/CEPILLO-LIMPIEZA-EL\u00c9CTRICO-HOGAR-7-EN-1-KUKEN.jpg","datePublished":"2020-03-02T09:36:51+00:00","dateModified":"2025-07-28T10:39:05+00:00","description":"New, unique k\u00fcken 7in1 electric cleaning brush. Cleans hard-to-reach places or seals with ingrained dirt faster.","breadcrumb":{"@id":"https:\/\/kuken.alfadyser.dev\/producto\/cepillo-limpieza-electrico-hogar-7-en-1-kuken\/#breadcrumb"},"inLanguage":"en-GB","potentialAction":[{"@type":"ReadAction","target":["https:\/\/kuken.alfadyser.dev\/producto\/cepillo-limpieza-electrico-hogar-7-en-1-kuken\/"]}]},{"@type":"ImageObject","inLanguage":"en-GB","@id":"https:\/\/kuken.alfadyser.dev\/producto\/cepillo-limpieza-electrico-hogar-7-en-1-kuken\/#primaryimage","url":"https:\/\/kuken.alfadyser.dev\/wp-content\/uploads\/2020\/03\/CEPILLO-LIMPIEZA-EL\u00c9CTRICO-HOGAR-7-EN-1-KUKEN.jpg","contentUrl":"https:\/\/kuken.alfadyser.dev\/wp-content\/uploads\/2020\/03\/CEPILLO-LIMPIEZA-EL\u00c9CTRICO-HOGAR-7-EN-1-KUKEN.jpg","width":853,"height":853,"caption":"Cepillo de limpieza el\u00e9ctrico k\u00fcken de precisi\u00f3n"},{"@type":"BreadcrumbList","@id":"https:\/\/kuken.alfadyser.dev\/producto\/cepillo-limpieza-electrico-hogar-7-en-1-kuken\/#breadcrumb","itemListElement":[{"@type":"ListItem","position":1,"name":"Portada","item":"https:\/\/kuken.alfadyser.dev\/"},{"@type":"ListItem","position":2,"name":"Productos","item":"https:\/\/kuken.alfadyser.dev\/productos\/"},{"@type":"ListItem","position":3,"name":"CEPILLO LIMPIEZA EL\u00c9CTRICO HOGAR 7 EN 1 K\u00dcKEN"}]},{"@type":"WebSite","@id":"https:\/\/kuken.alfadyser.dev\/#website","url":"https:\/\/kuken.alfadyser.dev\/","name":"K\u00fcken","description":"Wide range of k\u00fcken small household appliances","publisher":{"@id":"https:\/\/kuken.alfadyser.dev\/#organization"},"potentialAction":[{"@type":"SearchAction","target":{"@type":"EntryPoint","urlTemplate":"https:\/\/kuken.alfadyser.dev\/?s={search_term_string}"},"query-input":{"@type":"PropertyValueSpecification","valueRequired":true,"valueName":"search_term_string"}}],"inLanguage":"en-GB"},{"@type":"Organization","@id":"https:\/\/kuken.alfadyser.dev\/#organization","name":"Alpha Dyser","url":"https:\/\/kuken.alfadyser.dev\/","logo":{"@type":"ImageObject","inLanguage":"en-GB","@id":"https:\/\/kuken.alfadyser.dev\/#\/schema\/logo\/image\/","url":"https:\/\/kuken.alfadyser.dev\/wp-content\/uploads\/2019\/04\/kuken-logo.png","contentUrl":"https:\/\/kuken.alfadyser.dev\/wp-content\/uploads\/2019\/04\/kuken-logo.png","width":500,"height":191,"caption":"Alfa Dyser"},"image":{"@id":"https:\/\/kuken.alfadyser.dev\/#\/schema\/logo\/image\/"},"sameAs":["https:\/\/es-es.facebook.com\/alfadyser\/","https:\/\/www.instagram.com\/kuken_appliances\/"]}]},"product_price_currency":"EUR","og_availability":"instock","product_availability":"instock","product_retailer_item_id":"33970","product_condition":"new"},"_links":{"self":[{"href":"https:\/\/kuken.alfadyser.dev\/en\/wp-json\/wp\/v2\/product\/3638","targetHints":{"allow":["GET"]}}],"collection":[{"href":"https:\/\/kuken.alfadyser.dev\/en\/wp-json\/wp\/v2\/product"}],"about":[{"href":"https:\/\/kuken.alfadyser.dev\/en\/wp-json\/wp\/v2\/types\/product"}],"wp:featuredmedia":[{"embeddable":true,"href":"https:\/\/kuken.alfadyser.dev\/en\/wp-json\/wp\/v2\/media\/3639"}],"wp:attachment":[{"href":"https:\/\/kuken.alfadyser.dev\/en\/wp-json\/wp\/v2\/media?parent=3638"}],"wp:term":[{"taxonomy":"product_brand","embeddable":true,"href":"https:\/\/kuken.alfadyser.dev\/en\/wp-json\/wp\/v2\/product_brand?post=3638"},{"taxonomy":"product_cat","embeddable":true,"href":"https:\/\/kuken.alfadyser.dev\/en\/wp-json\/wp\/v2\/product_cat?post=3638"},{"taxonomy":"product_tag","embeddable":true,"href":"https:\/\/kuken.alfadyser.dev\/en\/wp-json\/wp\/v2\/product_tag?post=3638"}],"curies":[{"name":"wp","href":"https:\/\/api.w.org\/{rel}","templated":true}]}}