{"id":3602,"date":"2020-03-02T10:32:22","date_gmt":"2020-03-02T09:32:22","guid":{"rendered":"https:\/\/kuken.alfadyser.dev\/producto\/tensiometro-digital-de-brazo-kuken\/"},"modified":"2025-07-23T09:13:29","modified_gmt":"2025-07-23T07:13:29","slug":"digital-arm-sphygmomanometer-kuken","status":"publish","type":"product","link":"https:\/\/kuken.alfadyser.dev\/en\/product-2\/digital-arm-sphygmomanometer-kuken\/","title":{"rendered":"K\u00dcKEN DIGITAL UPPER ARM BLOOD PRESSURE MONITOR"},"content":{"rendered":"<p>K\u00dcKEN DIGITAL UPPER ARM BLOOD PRESSURE MONITOR<\/p>\n<ul data-start=\"802\" data-end=\"1550\">\n<li data-start=\"802\" data-end=\"875\">\n<p data-start=\"804\" data-end=\"875\">Apto para uso sanitario y dom\u00e9stico, pr\u00e1ctico y f\u00e1cil de manejar.<\/p>\n<\/li>\n<li data-start=\"876\" data-end=\"966\">\n<p data-start=\"878\" data-end=\"966\">Cuerpo de pl\u00e1stico resistente, con acabado blanco de aspecto limpio y profesional.<\/p>\n<\/li>\n<li data-start=\"967\" data-end=\"1048\">\n<p data-start=\"969\" data-end=\"1048\">Sistema de medici\u00f3n no invasivo, mediante brazalete inflable en el brazo.<\/p>\n<\/li>\n<li data-start=\"1049\" data-end=\"1121\">\n<p data-start=\"1051\" data-end=\"1121\">Registra presi\u00f3n sist\u00f3lica, diast\u00f3lica y pulso de forma precisa.<\/p>\n<\/li>\n<li data-start=\"1122\" data-end=\"1192\">\n<p data-start=\"1124\" data-end=\"1192\">Funci\u00f3n de memoria integrada para guardar lecturas anteriores.<\/p>\n<\/li>\n<li data-start=\"1193\" data-end=\"1270\">\n<p data-start=\"1195\" data-end=\"1270\">Alerta por latido card\u00edaco irregular, ideal para seguimiento cl\u00ednico.<\/p>\n<\/li>\n<li data-start=\"1271\" data-end=\"1352\">\n<p data-start=\"1273\" data-end=\"1352\">Incluye indicador de bater\u00eda baja para evitar interrupciones inesperadas.<\/p>\n<\/li>\n<li data-start=\"1353\" data-end=\"1428\">\n<p data-start=\"1355\" data-end=\"1428\">Dise\u00f1ado para adultos y compatible con diferentes contextos de uso.<\/p>\n<\/li>\n<li data-start=\"1429\" data-end=\"1473\">\n<p data-start=\"1431\" data-end=\"1473\">Compacto, ligero y f\u00e1cil de transportar.<\/p>\n<\/li>\n<li data-start=\"1474\" data-end=\"1550\">\n<p data-start=\"1476\" data-end=\"1550\">Proporciona un seguimiento eficaz y fiable de la salud cardiovascular.<\/p>\n<\/li>\n<\/ul>\n<p><div class=\"accordion\"><div class=\"mfn-acc accordion_wrapper  toggle\"><div class=\"question\"><div class=\"title\"><i class=\"icon-plus acc-icon-plus\" aria-hidden=\"true\"><\/i><i class=\"icon-minus acc-icon-minus\" aria-hidden=\"true\"><\/i>Product data<\/div><div class=\"answer\">EAN 8425160336721<\/p>\n<p>K\u00dcKEN DIGITAL UPPER ARM BLOOD PRESSURE MONITOR<\/p>\n<p>Package unit 1<br \/>\nColour White<br \/>\nPackaging Coloured box<br \/>\nVoltage 1.5 V<br \/>\nSize Small<br \/>\nMaterial Plastic<br \/>\nBattery operated Yes<br \/>\nBatteries included Yes<br \/>\nWeight 0.43 kg.<\/div><\/div>\n<\/div><\/div>\n<br \/>\n<div class=\"accordion\"><div class=\"mfn-acc accordion_wrapper  toggle\"><div class=\"question\"><div class=\"title\"><i class=\"icon-plus acc-icon-plus\" aria-hidden=\"true\"><\/i><i class=\"icon-minus acc-icon-minus\" aria-hidden=\"true\"><\/i>Accessories<\/div><div class=\"answer\"><\/div><\/div>\n<\/div><\/div>\n<\/p>\n<div class=\"descargas-producto\"><a href=\"\/wp-content\/uploads\/pdf\/8425160336721_ficha_tecnica.pdf\" target=\"_blank\" rel=\"noopener noreferrer\"><br \/>\n<img loading=\"lazy\" decoding=\"async\" src=\"\/wp-content\/uploads\/2019\/12\/picto-descarrega.png\" alt=\"download data sheet\" width=\"23\" height=\"16\" \/>Download sheet<\/a><br \/>\n<a href=\"\/wp-content\/uploads\/pdf\/33672.pdf\"><img loading=\"lazy\" decoding=\"async\" src=\"\/wp-content\/uploads\/2019\/12\/picto-descarrega.png\" alt=\"download instruction manual\" width=\"23\" height=\"16\" \/>Download manual<\/a><\/div>\n<div><\/div>\n<div><span style=\"color: #bf2121\">Follow us on social media!<\/span><\/div>\n<div><a href=\"https:\/\/www.instagram.com\/kuken_appliances\/\">https:\/\/www.instagram.com\/kuken_appliances\/<\/a><\/div>","protected":false},"excerpt":{"rendered":"<p data-start=\"476\" data-end=\"628\">Controla tu salud en casa o consulta con este tensi\u00f3metro preciso y f\u00e1cil de usar. Con memoria, brazalete inflable y alerta de ritmo card\u00edaco irregular.<\/p>\n<p data-start=\"630\" data-end=\"728\">","protected":false},"featured_media":3603,"template":"","meta":[],"product_brand":[],"product_cat":[222],"product_tag":[],"class_list":{"0":"post-3602","1":"product","2":"type-product","3":"status-publish","4":"has-post-thumbnail","6":"product_cat-salud-personal","8":"first","9":"instock","10":"product-type-simple"},"yoast_head":"<!-- This site is optimized with the Yoast SEO Premium plugin v24.0 (Yoast SEO v26.5) - https:\/\/yoast.com\/wordpress\/plugins\/seo\/ -->\n<title>TENSI\u00d3METRO DIGITAL DE BRAZO K\u00dcKEN - K\u00fcken<\/title>\n<meta name=\"description\" content=\"Nuevo tensi\u00f3metro digital de brazo con pantalla LCD k\u00fcken. Lleva el control de la tensi\u00f3n y cuida tu salud. Desc\u00fabrelo ahora.\" \/>\n<meta name=\"robots\" content=\"noindex, follow, max-snippet:-1, max-image-preview:large, max-video-preview:-1\" \/>\n<meta property=\"og:locale\" content=\"en_GB\" \/>\n<meta property=\"og:type\" content=\"article\" \/>\n<meta property=\"og:title\" content=\"TENSI\u00d3METRO DIGITAL DE BRAZO K\u00dcKEN\" \/>\n<meta property=\"og:description\" content=\"Nuevo tensi\u00f3metro digital de brazo con pantalla LCD k\u00fcken. Lleva el control de la tensi\u00f3n y cuida tu salud. Desc\u00fabrelo ahora.\" \/>\n<meta property=\"og:url\" content=\"https:\/\/kuken.alfadyser.dev\/en\/product-2\/digital-arm-sphygmomanometer-kuken\/\" \/>\n<meta property=\"og:site_name\" content=\"K\u00fcken\" \/>\n<meta property=\"article:publisher\" content=\"https:\/\/es-es.facebook.com\/alfadyser\/\" \/>\n<meta property=\"article:modified_time\" content=\"2025-07-23T07:13:29+00:00\" \/>\n<meta property=\"og:image\" content=\"https:\/\/kuken.alfadyser.dev\/wp-content\/uploads\/2020\/03\/TENSI\u00d3METRO-DIGITAL-DE-BRAZO-KUKEN.jpg\" \/>\n\t<meta property=\"og:image:width\" content=\"853\" \/>\n\t<meta property=\"og:image:height\" content=\"853\" \/>\n\t<meta property=\"og:image:type\" content=\"image\/jpeg\" \/>\n<meta name=\"twitter:card\" content=\"summary_large_image\" \/>\n<meta name=\"twitter:label1\" content=\"Price\" \/>\n\t<meta name=\"twitter:data1\" content=\"\" \/>\n\t<meta name=\"twitter:label2\" content=\"Availability\" \/>\n\t<meta name=\"twitter:data2\" content=\"In stock\" \/>\n<script type=\"application\/ld+json\" class=\"yoast-schema-graph\">{\"@context\":\"https:\/\/schema.org\",\"@graph\":[{\"@type\":\"WebPage\",\"@id\":\"https:\/\/kuken.alfadyser.dev\/producto\/tensiometro-digital-de-brazo-kuken\/\",\"url\":\"https:\/\/kuken.alfadyser.dev\/producto\/tensiometro-digital-de-brazo-kuken\/\",\"name\":\"TENSI\u00d3METRO DIGITAL DE BRAZO K\u00dcKEN - K\u00fcken\",\"isPartOf\":{\"@id\":\"https:\/\/kuken.alfadyser.dev\/#website\"},\"primaryImageOfPage\":{\"@id\":\"https:\/\/kuken.alfadyser.dev\/producto\/tensiometro-digital-de-brazo-kuken\/#primaryimage\"},\"image\":{\"@id\":\"https:\/\/kuken.alfadyser.dev\/producto\/tensiometro-digital-de-brazo-kuken\/#primaryimage\"},\"thumbnailUrl\":\"https:\/\/kuken.alfadyser.dev\/wp-content\/uploads\/2020\/03\/TENSI\u00d3METRO-DIGITAL-DE-BRAZO-KUKEN.jpg\",\"datePublished\":\"2020-03-02T09:32:22+00:00\",\"dateModified\":\"2025-07-23T07:13:29+00:00\",\"description\":\"Nuevo tensi\u00f3metro digital de brazo con pantalla LCD k\u00fcken. Lleva el control de la tensi\u00f3n y cuida tu salud. Desc\u00fabrelo ahora.\",\"breadcrumb\":{\"@id\":\"https:\/\/kuken.alfadyser.dev\/producto\/tensiometro-digital-de-brazo-kuken\/#breadcrumb\"},\"inLanguage\":\"en-GB\",\"potentialAction\":[{\"@type\":\"ReadAction\",\"target\":[\"https:\/\/kuken.alfadyser.dev\/producto\/tensiometro-digital-de-brazo-kuken\/\"]}]},{\"@type\":\"ImageObject\",\"inLanguage\":\"en-GB\",\"@id\":\"https:\/\/kuken.alfadyser.dev\/producto\/tensiometro-digital-de-brazo-kuken\/#primaryimage\",\"url\":\"https:\/\/kuken.alfadyser.dev\/wp-content\/uploads\/2020\/03\/TENSI\u00d3METRO-DIGITAL-DE-BRAZO-KUKEN.jpg\",\"contentUrl\":\"https:\/\/kuken.alfadyser.dev\/wp-content\/uploads\/2020\/03\/TENSI\u00d3METRO-DIGITAL-DE-BRAZO-KUKEN.jpg\",\"width\":853,\"height\":853,\"caption\":\"Tensi\u00f3metro digital de brazo k\u00fcken\"},{\"@type\":\"BreadcrumbList\",\"@id\":\"https:\/\/kuken.alfadyser.dev\/producto\/tensiometro-digital-de-brazo-kuken\/#breadcrumb\",\"itemListElement\":[{\"@type\":\"ListItem\",\"position\":1,\"name\":\"Portada\",\"item\":\"https:\/\/kuken.alfadyser.dev\/\"},{\"@type\":\"ListItem\",\"position\":2,\"name\":\"Productos\",\"item\":\"https:\/\/kuken.alfadyser.dev\/productos\/\"},{\"@type\":\"ListItem\",\"position\":3,\"name\":\"TENSI\u00d3METRO DIGITAL DE BRAZO K\u00dcKEN\"}]},{\"@type\":\"WebSite\",\"@id\":\"https:\/\/kuken.alfadyser.dev\/#website\",\"url\":\"https:\/\/kuken.alfadyser.dev\/\",\"name\":\"K\u00fcken\",\"description\":\"Amplia gama de peque\u00f1o electrodom\u00e9stico k\u00fcken\",\"publisher\":{\"@id\":\"https:\/\/kuken.alfadyser.dev\/#organization\"},\"potentialAction\":[{\"@type\":\"SearchAction\",\"target\":{\"@type\":\"EntryPoint\",\"urlTemplate\":\"https:\/\/kuken.alfadyser.dev\/?s={search_term_string}\"},\"query-input\":{\"@type\":\"PropertyValueSpecification\",\"valueRequired\":true,\"valueName\":\"search_term_string\"}}],\"inLanguage\":\"en-GB\"},{\"@type\":\"Organization\",\"@id\":\"https:\/\/kuken.alfadyser.dev\/#organization\",\"name\":\"Alfa Dyser\",\"url\":\"https:\/\/kuken.alfadyser.dev\/\",\"logo\":{\"@type\":\"ImageObject\",\"inLanguage\":\"en-GB\",\"@id\":\"https:\/\/kuken.alfadyser.dev\/#\/schema\/logo\/image\/\",\"url\":\"https:\/\/kuken.alfadyser.dev\/wp-content\/uploads\/2019\/04\/kuken-logo.png\",\"contentUrl\":\"https:\/\/kuken.alfadyser.dev\/wp-content\/uploads\/2019\/04\/kuken-logo.png\",\"width\":500,\"height\":191,\"caption\":\"Alfa Dyser\"},\"image\":{\"@id\":\"https:\/\/kuken.alfadyser.dev\/#\/schema\/logo\/image\/\"},\"sameAs\":[\"https:\/\/es-es.facebook.com\/alfadyser\/\",\"https:\/\/www.instagram.com\/kuken_appliances\/\"]}]}<\/script>\n<meta property=\"product:price:currency\" content=\"EUR\" \/>\n<meta property=\"og:availability\" content=\"instock\" \/>\n<meta property=\"product:availability\" content=\"instock\" \/>\n<meta property=\"product:retailer_item_id\" content=\"33672\" \/>\n<meta property=\"product:condition\" content=\"new\" \/>\n<!-- \/ Yoast SEO Premium plugin. -->","yoast_head_json":{"title":"K\u00dcKEN DIGITAL ARM TENSIOMETER - K\u00fcken","description":"New k\u00fcken digital upper arm blood pressure monitor with LCD display. Keep track of your blood pressure and take care of your health. Discover it now.","robots":{"index":"noindex","follow":"follow","max-snippet":"max-snippet:-1","max-image-preview":"max-image-preview:large","max-video-preview":"max-video-preview:-1"},"og_locale":"en_GB","og_type":"article","og_title":"TENSI\u00d3METRO DIGITAL DE BRAZO K\u00dcKEN","og_description":"Nuevo tensi\u00f3metro digital de brazo con pantalla LCD k\u00fcken. Lleva el control de la tensi\u00f3n y cuida tu salud. Desc\u00fabrelo ahora.","og_url":"https:\/\/kuken.alfadyser.dev\/en\/product-2\/digital-arm-sphygmomanometer-kuken\/","og_site_name":"K\u00fcken","article_publisher":"https:\/\/es-es.facebook.com\/alfadyser\/","article_modified_time":"2025-07-23T07:13:29+00:00","og_image":[{"width":853,"height":853,"url":"https:\/\/kuken.alfadyser.dev\/wp-content\/uploads\/2020\/03\/TENSI\u00d3METRO-DIGITAL-DE-BRAZO-KUKEN.jpg","type":"image\/jpeg"}],"twitter_card":"summary_large_image","twitter_misc":{"Price":"","Availability":"In stock"},"schema":{"@context":"https:\/\/schema.org","@graph":[{"@type":"WebPage","@id":"https:\/\/kuken.alfadyser.dev\/producto\/tensiometro-digital-de-brazo-kuken\/","url":"https:\/\/kuken.alfadyser.dev\/producto\/tensiometro-digital-de-brazo-kuken\/","name":"K\u00dcKEN DIGITAL ARM TENSIOMETER - K\u00fcken","isPartOf":{"@id":"https:\/\/kuken.alfadyser.dev\/#website"},"primaryImageOfPage":{"@id":"https:\/\/kuken.alfadyser.dev\/producto\/tensiometro-digital-de-brazo-kuken\/#primaryimage"},"image":{"@id":"https:\/\/kuken.alfadyser.dev\/producto\/tensiometro-digital-de-brazo-kuken\/#primaryimage"},"thumbnailUrl":"https:\/\/kuken.alfadyser.dev\/wp-content\/uploads\/2020\/03\/TENSI\u00d3METRO-DIGITAL-DE-BRAZO-KUKEN.jpg","datePublished":"2020-03-02T09:32:22+00:00","dateModified":"2025-07-23T07:13:29+00:00","description":"New k\u00fcken digital upper arm blood pressure monitor with LCD display. Keep track of your blood pressure and take care of your health. Discover it now.","breadcrumb":{"@id":"https:\/\/kuken.alfadyser.dev\/producto\/tensiometro-digital-de-brazo-kuken\/#breadcrumb"},"inLanguage":"en-GB","potentialAction":[{"@type":"ReadAction","target":["https:\/\/kuken.alfadyser.dev\/producto\/tensiometro-digital-de-brazo-kuken\/"]}]},{"@type":"ImageObject","inLanguage":"en-GB","@id":"https:\/\/kuken.alfadyser.dev\/producto\/tensiometro-digital-de-brazo-kuken\/#primaryimage","url":"https:\/\/kuken.alfadyser.dev\/wp-content\/uploads\/2020\/03\/TENSI\u00d3METRO-DIGITAL-DE-BRAZO-KUKEN.jpg","contentUrl":"https:\/\/kuken.alfadyser.dev\/wp-content\/uploads\/2020\/03\/TENSI\u00d3METRO-DIGITAL-DE-BRAZO-KUKEN.jpg","width":853,"height":853,"caption":"Tensi\u00f3metro digital de brazo k\u00fcken"},{"@type":"BreadcrumbList","@id":"https:\/\/kuken.alfadyser.dev\/producto\/tensiometro-digital-de-brazo-kuken\/#breadcrumb","itemListElement":[{"@type":"ListItem","position":1,"name":"Portada","item":"https:\/\/kuken.alfadyser.dev\/"},{"@type":"ListItem","position":2,"name":"Productos","item":"https:\/\/kuken.alfadyser.dev\/productos\/"},{"@type":"ListItem","position":3,"name":"TENSI\u00d3METRO DIGITAL DE BRAZO K\u00dcKEN"}]},{"@type":"WebSite","@id":"https:\/\/kuken.alfadyser.dev\/#website","url":"https:\/\/kuken.alfadyser.dev\/","name":"K\u00fcken","description":"Wide range of k\u00fcken small household appliances","publisher":{"@id":"https:\/\/kuken.alfadyser.dev\/#organization"},"potentialAction":[{"@type":"SearchAction","target":{"@type":"EntryPoint","urlTemplate":"https:\/\/kuken.alfadyser.dev\/?s={search_term_string}"},"query-input":{"@type":"PropertyValueSpecification","valueRequired":true,"valueName":"search_term_string"}}],"inLanguage":"en-GB"},{"@type":"Organization","@id":"https:\/\/kuken.alfadyser.dev\/#organization","name":"Alpha Dyser","url":"https:\/\/kuken.alfadyser.dev\/","logo":{"@type":"ImageObject","inLanguage":"en-GB","@id":"https:\/\/kuken.alfadyser.dev\/#\/schema\/logo\/image\/","url":"https:\/\/kuken.alfadyser.dev\/wp-content\/uploads\/2019\/04\/kuken-logo.png","contentUrl":"https:\/\/kuken.alfadyser.dev\/wp-content\/uploads\/2019\/04\/kuken-logo.png","width":500,"height":191,"caption":"Alfa Dyser"},"image":{"@id":"https:\/\/kuken.alfadyser.dev\/#\/schema\/logo\/image\/"},"sameAs":["https:\/\/es-es.facebook.com\/alfadyser\/","https:\/\/www.instagram.com\/kuken_appliances\/"]}]},"product_price_currency":"EUR","og_availability":"instock","product_availability":"instock","product_retailer_item_id":"33672","product_condition":"new"},"_links":{"self":[{"href":"https:\/\/kuken.alfadyser.dev\/en\/wp-json\/wp\/v2\/product\/3602","targetHints":{"allow":["GET"]}}],"collection":[{"href":"https:\/\/kuken.alfadyser.dev\/en\/wp-json\/wp\/v2\/product"}],"about":[{"href":"https:\/\/kuken.alfadyser.dev\/en\/wp-json\/wp\/v2\/types\/product"}],"wp:featuredmedia":[{"embeddable":true,"href":"https:\/\/kuken.alfadyser.dev\/en\/wp-json\/wp\/v2\/media\/3603"}],"wp:attachment":[{"href":"https:\/\/kuken.alfadyser.dev\/en\/wp-json\/wp\/v2\/media?parent=3602"}],"wp:term":[{"taxonomy":"product_brand","embeddable":true,"href":"https:\/\/kuken.alfadyser.dev\/en\/wp-json\/wp\/v2\/product_brand?post=3602"},{"taxonomy":"product_cat","embeddable":true,"href":"https:\/\/kuken.alfadyser.dev\/en\/wp-json\/wp\/v2\/product_cat?post=3602"},{"taxonomy":"product_tag","embeddable":true,"href":"https:\/\/kuken.alfadyser.dev\/en\/wp-json\/wp\/v2\/product_tag?post=3602"}],"curies":[{"name":"wp","href":"https:\/\/api.w.org\/{rel}","templated":true}]}}