{"id":3439,"date":"2020-03-02T10:23:25","date_gmt":"2020-03-02T09:23:25","guid":{"rendered":"https:\/\/kuken.alfadyser.dev\/producto\/aspirador-sin-bolsa-800w-2400w-dorado-kuken\/"},"modified":"2025-07-23T10:56:18","modified_gmt":"2025-07-23T08:56:18","slug":"aspirador-sin-bolsa-800w-2400w-dorado-kuken","status":"publish","type":"product","link":"https:\/\/kuken.alfadyser.dev\/en\/product-2\/aspirador-sin-bolsa-800w-2400w-dorado-kuken\/","title":{"rendered":"BAGLESS HOOVER 800W (2400W) GOLD K\u00dcKEN"},"content":{"rendered":"<p>BAGLESS HOOVER 800W (2400W) GOLD K\u00dcKEN<\/p>\n<ul data-start=\"778\" data-end=\"1540\">\n<li data-start=\"778\" data-end=\"850\">\n<p data-start=\"780\" data-end=\"850\">Tecnolog\u00eda CYCLONE, succi\u00f3n mejorada mediante efecto centr\u00edfugo.<\/p>\n<\/li>\n<li data-start=\"851\" data-end=\"923\">\n<p data-start=\"853\" data-end=\"923\">Dise\u00f1o elegante en negro y dorado, con cuerpo pl\u00e1stico duradero.<\/p>\n<\/li>\n<li data-start=\"924\" data-end=\"995\">\n<p data-start=\"926\" data-end=\"995\">Tecnolog\u00eda ECO, reduce el consumo energ\u00e9tico hasta un 50\u202f%.<\/p>\n<\/li>\n<li data-start=\"996\" data-end=\"1081\">\n<p data-start=\"998\" data-end=\"1081\">Regulador de potencia dual: 400W para bajo consumo, 800W para m\u00e1xima succi\u00f3n.<\/p>\n<\/li>\n<li data-start=\"1082\" data-end=\"1165\">\n<p data-start=\"1084\" data-end=\"1165\">Dep\u00f3sito de 2 litros transparente y desmontable, f\u00e1cil de vaciar y limpiar.<\/p>\n<\/li>\n<li data-start=\"1166\" data-end=\"1247\">\n<p data-start=\"1168\" data-end=\"1247\">Adaptador giratorio de 360\u00ba, facilita la colocaci\u00f3n y uso de la manguera.<\/p>\n<\/li>\n<li data-start=\"1248\" data-end=\"1292\">\n<p data-start=\"1250\" data-end=\"1292\">Sin bolsa, m\u00e1s pr\u00e1ctico y econ\u00f3mico.<\/p>\n<\/li>\n<li data-start=\"1293\" data-end=\"1370\">\n<p data-start=\"1295\" data-end=\"1370\">Asa de transporte integrada y desplazamiento suave mediante 3 ruedas.<\/p>\n<\/li>\n<li data-start=\"1371\" data-end=\"1456\">\n<p data-start=\"1373\" data-end=\"1456\">Ruedas engomadas anti-rayaduras, ideales para parquet y suelos delicados.<\/p>\n<\/li>\n<li data-start=\"1457\" data-end=\"1540\">\n<p data-start=\"1459\" data-end=\"1540\">Cable de 4,5\u202fm con recogida autom\u00e1tica, mayor comodidad en el uso diario.<\/p>\n<\/li>\n<\/ul>\n<p><div class=\"accordion\"><div class=\"mfn-acc accordion_wrapper  toggle\"><div class=\"question\"><div class=\"title\"><i class=\"icon-plus acc-icon-plus\" aria-hidden=\"true\"><\/i><i class=\"icon-minus acc-icon-minus\" aria-hidden=\"true\"><\/i>Product data<\/div><div class=\"answer\">EAN 8425160330781<\/p>\n<p>BAGLESS HOOVER 800W (2400W) GOLD K\u00dcKEN<\/p>\n<p>Package unit 1<br \/>\nGold colour<br \/>\nPackaging Box Colour<br \/>\nPower 800 W<br \/>\nVoltage 230 V<br \/>\nMaterial PC<br \/>\nNon-slip feet Yes<br \/>\nDetachable Yes<br \/>\nWeight 3.2 kg<\/div><\/div>\n<\/div><\/div>\n<br \/>\n<div class=\"accordion\"><div class=\"mfn-acc accordion_wrapper  toggle\"><div class=\"question\"><div class=\"title\"><i class=\"icon-plus acc-icon-plus\" aria-hidden=\"true\"><\/i><i class=\"icon-minus acc-icon-minus\" aria-hidden=\"true\"><\/i>Accessories<\/div><div class=\"answer\">Extendable metal tube with ergonomic handle and swivel base.<br \/>\n2-in-1 nozzle: two positions; with brush and without brush.<br \/>\n2-position vacuum brush; for floors \/ carpets.<br \/>\nSpecial nozzle for parquet that does not scratch the surface.<\/div><\/div>\n<\/div><\/div>\n<\/p>\n<div class=\"descargas-producto\"><a href=\"\/wp-content\/uploads\/pdf\/8425160330781_ficha_tecnica.pdf\" target=\"_blank\" rel=\"noopener noreferrer\"><br \/>\n<img loading=\"lazy\" decoding=\"async\" src=\"\/wp-content\/uploads\/2019\/12\/picto-descarrega.png\" alt=\"download data sheet\" width=\"23\" height=\"16\" \/>Download sheet<\/a><br \/>\n<a href=\"\/wp-content\/uploads\/pdf\/33078.pdf\"><img loading=\"lazy\" decoding=\"async\" src=\"\/wp-content\/uploads\/2019\/12\/picto-descarrega.png\" alt=\"download instruction manual\" width=\"23\" height=\"16\" \/>Download manual<\/a><\/div>\n<div><\/div>\n<div><span style=\"color: #bf2121\">Follow us on social media!<\/span><\/div>\n<div><a href=\"https:\/\/www.instagram.com\/kuken_appliances\/\">https:\/\/www.instagram.com\/kuken_appliances\/<\/a><\/div>\n<p><iframe loading=\"lazy\" title=\"Aspirador sin bolsa 800w (2400w) dorado k\u00fcken\" width=\"560\" height=\"315\" src=\"https:\/\/www.youtube.com\/embed\/cIlVjvcOcPY?feature=oembed\" frameborder=\"0\" allow=\"accelerometer; autoplay; clipboard-write; encrypted-media; gyroscope; picture-in-picture; web-share\" referrerpolicy=\"strict-origin-when-cross-origin\" allowfullscreen><\/iframe><\/p>","protected":false},"excerpt":{"rendered":"<p data-start=\"472\" data-end=\"631\">Aspirador cicl\u00f3nico potente y sin bolsa con tecnolog\u00eda ECO. Ideal para cualquier superficie gracias a su dep\u00f3sito f\u00e1cil de limpiar y ruedas aptas para parquet.<\/p>\n<p data-start=\"633\" data-end=\"704\">","protected":false},"featured_media":3440,"template":"","meta":[],"product_brand":[],"product_cat":[208],"product_tag":[],"class_list":{"0":"post-3439","1":"product","2":"type-product","3":"status-publish","4":"has-post-thumbnail","6":"product_cat-aspiradores","8":"first","9":"instock","10":"product-type-simple"},"yoast_head":"<!-- This site is optimized with the Yoast SEO Premium plugin v24.0 (Yoast SEO v26.5) - https:\/\/yoast.com\/wordpress\/plugins\/seo\/ -->\n<title>ASPIRADOR SIN BOLSA 800W (2400W) DORADO K\u00dcKEN - K\u00fcken<\/title>\n<meta name=\"description\" content=\"Nuevo y exclusivo aspirador sin bolsa k\u00fcken de 800W. Limpia cualquier superficie mejor y de manera m\u00e1s r\u00e1pida y f\u00e1cil, desc\u00fabrela ahora.\" \/>\n<meta name=\"robots\" content=\"noindex, follow, max-snippet:-1, max-image-preview:large, max-video-preview:-1\" \/>\n<meta property=\"og:locale\" content=\"en_GB\" \/>\n<meta property=\"og:type\" content=\"article\" \/>\n<meta property=\"og:title\" content=\"ASPIRADOR SIN BOLSA 800W (2400W) DORADO K\u00dcKEN\" \/>\n<meta property=\"og:description\" content=\"Nuevo y exclusivo aspirador sin bolsa k\u00fcken de 800W. Limpia cualquier superficie mejor y de manera m\u00e1s r\u00e1pida y f\u00e1cil, desc\u00fabrela ahora.\" \/>\n<meta property=\"og:url\" content=\"https:\/\/kuken.alfadyser.dev\/en\/product-2\/aspirador-sin-bolsa-800w-2400w-dorado-kuken\/\" \/>\n<meta property=\"og:site_name\" content=\"K\u00fcken\" \/>\n<meta property=\"article:publisher\" content=\"https:\/\/es-es.facebook.com\/alfadyser\/\" \/>\n<meta property=\"article:modified_time\" content=\"2025-07-23T08:56:18+00:00\" \/>\n<meta property=\"og:image\" content=\"https:\/\/kuken.alfadyser.dev\/wp-content\/uploads\/2020\/03\/ASPIRADOR-SIN-BOLSA-800W-2400W-DORADO-KUKEN.jpg\" \/>\n\t<meta property=\"og:image:width\" content=\"853\" \/>\n\t<meta property=\"og:image:height\" content=\"853\" \/>\n\t<meta property=\"og:image:type\" content=\"image\/jpeg\" \/>\n<meta name=\"twitter:card\" content=\"summary_large_image\" \/>\n<meta name=\"twitter:label1\" content=\"Price\" \/>\n\t<meta name=\"twitter:data1\" content=\"\" \/>\n\t<meta name=\"twitter:label2\" content=\"Availability\" \/>\n\t<meta name=\"twitter:data2\" content=\"In stock\" \/>\n<script type=\"application\/ld+json\" class=\"yoast-schema-graph\">{\"@context\":\"https:\/\/schema.org\",\"@graph\":[{\"@type\":\"WebPage\",\"@id\":\"https:\/\/kuken.alfadyser.dev\/producto\/aspirador-sin-bolsa-800w-2400w-dorado-kuken\/\",\"url\":\"https:\/\/kuken.alfadyser.dev\/producto\/aspirador-sin-bolsa-800w-2400w-dorado-kuken\/\",\"name\":\"ASPIRADOR SIN BOLSA 800W (2400W) DORADO K\u00dcKEN - K\u00fcken\",\"isPartOf\":{\"@id\":\"https:\/\/kuken.alfadyser.dev\/#website\"},\"primaryImageOfPage\":{\"@id\":\"https:\/\/kuken.alfadyser.dev\/producto\/aspirador-sin-bolsa-800w-2400w-dorado-kuken\/#primaryimage\"},\"image\":{\"@id\":\"https:\/\/kuken.alfadyser.dev\/producto\/aspirador-sin-bolsa-800w-2400w-dorado-kuken\/#primaryimage\"},\"thumbnailUrl\":\"https:\/\/kuken.alfadyser.dev\/wp-content\/uploads\/2020\/03\/ASPIRADOR-SIN-BOLSA-800W-2400W-DORADO-KUKEN.jpg\",\"datePublished\":\"2020-03-02T09:23:25+00:00\",\"dateModified\":\"2025-07-23T08:56:18+00:00\",\"description\":\"Nuevo y exclusivo aspirador sin bolsa k\u00fcken de 800W. Limpia cualquier superficie mejor y de manera m\u00e1s r\u00e1pida y f\u00e1cil, desc\u00fabrela ahora.\",\"breadcrumb\":{\"@id\":\"https:\/\/kuken.alfadyser.dev\/producto\/aspirador-sin-bolsa-800w-2400w-dorado-kuken\/#breadcrumb\"},\"inLanguage\":\"en-GB\",\"potentialAction\":[{\"@type\":\"ReadAction\",\"target\":[\"https:\/\/kuken.alfadyser.dev\/producto\/aspirador-sin-bolsa-800w-2400w-dorado-kuken\/\"]}]},{\"@type\":\"ImageObject\",\"inLanguage\":\"en-GB\",\"@id\":\"https:\/\/kuken.alfadyser.dev\/producto\/aspirador-sin-bolsa-800w-2400w-dorado-kuken\/#primaryimage\",\"url\":\"https:\/\/kuken.alfadyser.dev\/wp-content\/uploads\/2020\/03\/ASPIRADOR-SIN-BOLSA-800W-2400W-DORADO-KUKEN.jpg\",\"contentUrl\":\"https:\/\/kuken.alfadyser.dev\/wp-content\/uploads\/2020\/03\/ASPIRADOR-SIN-BOLSA-800W-2400W-DORADO-KUKEN.jpg\",\"width\":853,\"height\":853,\"caption\":\"Aspirador sin bolsa k\u00fcken 800W de color dorado\"},{\"@type\":\"BreadcrumbList\",\"@id\":\"https:\/\/kuken.alfadyser.dev\/producto\/aspirador-sin-bolsa-800w-2400w-dorado-kuken\/#breadcrumb\",\"itemListElement\":[{\"@type\":\"ListItem\",\"position\":1,\"name\":\"Portada\",\"item\":\"https:\/\/kuken.alfadyser.dev\/\"},{\"@type\":\"ListItem\",\"position\":2,\"name\":\"Productos\",\"item\":\"https:\/\/kuken.alfadyser.dev\/productos\/\"},{\"@type\":\"ListItem\",\"position\":3,\"name\":\"ASPIRADOR SIN BOLSA 800W (2400W) DORADO K\u00dcKEN\"}]},{\"@type\":\"WebSite\",\"@id\":\"https:\/\/kuken.alfadyser.dev\/#website\",\"url\":\"https:\/\/kuken.alfadyser.dev\/\",\"name\":\"K\u00fcken\",\"description\":\"Amplia gama de peque\u00f1o electrodom\u00e9stico k\u00fcken\",\"publisher\":{\"@id\":\"https:\/\/kuken.alfadyser.dev\/#organization\"},\"potentialAction\":[{\"@type\":\"SearchAction\",\"target\":{\"@type\":\"EntryPoint\",\"urlTemplate\":\"https:\/\/kuken.alfadyser.dev\/?s={search_term_string}\"},\"query-input\":{\"@type\":\"PropertyValueSpecification\",\"valueRequired\":true,\"valueName\":\"search_term_string\"}}],\"inLanguage\":\"en-GB\"},{\"@type\":\"Organization\",\"@id\":\"https:\/\/kuken.alfadyser.dev\/#organization\",\"name\":\"Alfa Dyser\",\"url\":\"https:\/\/kuken.alfadyser.dev\/\",\"logo\":{\"@type\":\"ImageObject\",\"inLanguage\":\"en-GB\",\"@id\":\"https:\/\/kuken.alfadyser.dev\/#\/schema\/logo\/image\/\",\"url\":\"https:\/\/kuken.alfadyser.dev\/wp-content\/uploads\/2019\/04\/kuken-logo.png\",\"contentUrl\":\"https:\/\/kuken.alfadyser.dev\/wp-content\/uploads\/2019\/04\/kuken-logo.png\",\"width\":500,\"height\":191,\"caption\":\"Alfa Dyser\"},\"image\":{\"@id\":\"https:\/\/kuken.alfadyser.dev\/#\/schema\/logo\/image\/\"},\"sameAs\":[\"https:\/\/es-es.facebook.com\/alfadyser\/\",\"https:\/\/www.instagram.com\/kuken_appliances\/\"]}]}<\/script>\n<meta property=\"product:price:currency\" content=\"EUR\" \/>\n<meta property=\"og:availability\" content=\"instock\" \/>\n<meta property=\"product:availability\" content=\"instock\" \/>\n<meta property=\"product:retailer_item_id\" content=\"33078\" \/>\n<meta property=\"product:condition\" content=\"new\" \/>\n<!-- \/ Yoast SEO Premium plugin. -->","yoast_head_json":{"title":"BAGLESS Hoover 800W (2400W) GOLDEN K\u00dcKEN - K\u00fcken","description":"New and exclusive k\u00fcken bagless hoover 800W. Clean any surface better, faster and easier, discover it now.","robots":{"index":"noindex","follow":"follow","max-snippet":"max-snippet:-1","max-image-preview":"max-image-preview:large","max-video-preview":"max-video-preview:-1"},"og_locale":"en_GB","og_type":"article","og_title":"ASPIRADOR SIN BOLSA 800W (2400W) DORADO K\u00dcKEN","og_description":"Nuevo y exclusivo aspirador sin bolsa k\u00fcken de 800W. Limpia cualquier superficie mejor y de manera m\u00e1s r\u00e1pida y f\u00e1cil, desc\u00fabrela ahora.","og_url":"https:\/\/kuken.alfadyser.dev\/en\/product-2\/aspirador-sin-bolsa-800w-2400w-dorado-kuken\/","og_site_name":"K\u00fcken","article_publisher":"https:\/\/es-es.facebook.com\/alfadyser\/","article_modified_time":"2025-07-23T08:56:18+00:00","og_image":[{"width":853,"height":853,"url":"https:\/\/kuken.alfadyser.dev\/wp-content\/uploads\/2020\/03\/ASPIRADOR-SIN-BOLSA-800W-2400W-DORADO-KUKEN.jpg","type":"image\/jpeg"}],"twitter_card":"summary_large_image","twitter_misc":{"Price":"","Availability":"In stock"},"schema":{"@context":"https:\/\/schema.org","@graph":[{"@type":"WebPage","@id":"https:\/\/kuken.alfadyser.dev\/producto\/aspirador-sin-bolsa-800w-2400w-dorado-kuken\/","url":"https:\/\/kuken.alfadyser.dev\/producto\/aspirador-sin-bolsa-800w-2400w-dorado-kuken\/","name":"BAGLESS Hoover 800W (2400W) GOLDEN K\u00dcKEN - K\u00fcken","isPartOf":{"@id":"https:\/\/kuken.alfadyser.dev\/#website"},"primaryImageOfPage":{"@id":"https:\/\/kuken.alfadyser.dev\/producto\/aspirador-sin-bolsa-800w-2400w-dorado-kuken\/#primaryimage"},"image":{"@id":"https:\/\/kuken.alfadyser.dev\/producto\/aspirador-sin-bolsa-800w-2400w-dorado-kuken\/#primaryimage"},"thumbnailUrl":"https:\/\/kuken.alfadyser.dev\/wp-content\/uploads\/2020\/03\/ASPIRADOR-SIN-BOLSA-800W-2400W-DORADO-KUKEN.jpg","datePublished":"2020-03-02T09:23:25+00:00","dateModified":"2025-07-23T08:56:18+00:00","description":"New and exclusive k\u00fcken bagless hoover 800W. Clean any surface better, faster and easier, discover it now.","breadcrumb":{"@id":"https:\/\/kuken.alfadyser.dev\/producto\/aspirador-sin-bolsa-800w-2400w-dorado-kuken\/#breadcrumb"},"inLanguage":"en-GB","potentialAction":[{"@type":"ReadAction","target":["https:\/\/kuken.alfadyser.dev\/producto\/aspirador-sin-bolsa-800w-2400w-dorado-kuken\/"]}]},{"@type":"ImageObject","inLanguage":"en-GB","@id":"https:\/\/kuken.alfadyser.dev\/producto\/aspirador-sin-bolsa-800w-2400w-dorado-kuken\/#primaryimage","url":"https:\/\/kuken.alfadyser.dev\/wp-content\/uploads\/2020\/03\/ASPIRADOR-SIN-BOLSA-800W-2400W-DORADO-KUKEN.jpg","contentUrl":"https:\/\/kuken.alfadyser.dev\/wp-content\/uploads\/2020\/03\/ASPIRADOR-SIN-BOLSA-800W-2400W-DORADO-KUKEN.jpg","width":853,"height":853,"caption":"Aspirador sin bolsa k\u00fcken 800W de color dorado"},{"@type":"BreadcrumbList","@id":"https:\/\/kuken.alfadyser.dev\/producto\/aspirador-sin-bolsa-800w-2400w-dorado-kuken\/#breadcrumb","itemListElement":[{"@type":"ListItem","position":1,"name":"Portada","item":"https:\/\/kuken.alfadyser.dev\/"},{"@type":"ListItem","position":2,"name":"Productos","item":"https:\/\/kuken.alfadyser.dev\/productos\/"},{"@type":"ListItem","position":3,"name":"ASPIRADOR SIN BOLSA 800W (2400W) DORADO K\u00dcKEN"}]},{"@type":"WebSite","@id":"https:\/\/kuken.alfadyser.dev\/#website","url":"https:\/\/kuken.alfadyser.dev\/","name":"K\u00fcken","description":"Wide range of k\u00fcken small household appliances","publisher":{"@id":"https:\/\/kuken.alfadyser.dev\/#organization"},"potentialAction":[{"@type":"SearchAction","target":{"@type":"EntryPoint","urlTemplate":"https:\/\/kuken.alfadyser.dev\/?s={search_term_string}"},"query-input":{"@type":"PropertyValueSpecification","valueRequired":true,"valueName":"search_term_string"}}],"inLanguage":"en-GB"},{"@type":"Organization","@id":"https:\/\/kuken.alfadyser.dev\/#organization","name":"Alpha Dyser","url":"https:\/\/kuken.alfadyser.dev\/","logo":{"@type":"ImageObject","inLanguage":"en-GB","@id":"https:\/\/kuken.alfadyser.dev\/#\/schema\/logo\/image\/","url":"https:\/\/kuken.alfadyser.dev\/wp-content\/uploads\/2019\/04\/kuken-logo.png","contentUrl":"https:\/\/kuken.alfadyser.dev\/wp-content\/uploads\/2019\/04\/kuken-logo.png","width":500,"height":191,"caption":"Alfa Dyser"},"image":{"@id":"https:\/\/kuken.alfadyser.dev\/#\/schema\/logo\/image\/"},"sameAs":["https:\/\/es-es.facebook.com\/alfadyser\/","https:\/\/www.instagram.com\/kuken_appliances\/"]}]},"product_price_currency":"EUR","og_availability":"instock","product_availability":"instock","product_retailer_item_id":"33078","product_condition":"new"},"_links":{"self":[{"href":"https:\/\/kuken.alfadyser.dev\/en\/wp-json\/wp\/v2\/product\/3439","targetHints":{"allow":["GET"]}}],"collection":[{"href":"https:\/\/kuken.alfadyser.dev\/en\/wp-json\/wp\/v2\/product"}],"about":[{"href":"https:\/\/kuken.alfadyser.dev\/en\/wp-json\/wp\/v2\/types\/product"}],"wp:featuredmedia":[{"embeddable":true,"href":"https:\/\/kuken.alfadyser.dev\/en\/wp-json\/wp\/v2\/media\/3440"}],"wp:attachment":[{"href":"https:\/\/kuken.alfadyser.dev\/en\/wp-json\/wp\/v2\/media?parent=3439"}],"wp:term":[{"taxonomy":"product_brand","embeddable":true,"href":"https:\/\/kuken.alfadyser.dev\/en\/wp-json\/wp\/v2\/product_brand?post=3439"},{"taxonomy":"product_cat","embeddable":true,"href":"https:\/\/kuken.alfadyser.dev\/en\/wp-json\/wp\/v2\/product_cat?post=3439"},{"taxonomy":"product_tag","embeddable":true,"href":"https:\/\/kuken.alfadyser.dev\/en\/wp-json\/wp\/v2\/product_tag?post=3439"}],"curies":[{"name":"wp","href":"https:\/\/api.w.org\/{rel}","templated":true}]}}