{"id":3420,"date":"2020-03-02T10:22:46","date_gmt":"2020-03-02T09:22:46","guid":{"rendered":"https:\/\/kuken.alfadyser.dev\/producto\/olla-programable-900w-5litros-kuken\/"},"modified":"2025-07-23T10:56:55","modified_gmt":"2025-07-23T08:56:55","slug":"programmable-electric-pot-900w-5-litres-kuken","status":"publish","type":"product","link":"https:\/\/kuken.alfadyser.dev\/en\/product-2\/programmable-electric-pot-900w-5-litres-kuken\/","title":{"rendered":"K\u00dcKEN 900W 5-LITRE PROGRAMMABLE ELECTRIC COOKER"},"content":{"rendered":"<p>K\u00dcKEN 900W 5-LITRE PROGRAMMABLE ELECTRIC COOKER<\/p>\n<ul data-start=\"763\" data-end=\"1477\">\n<li data-start=\"763\" data-end=\"833\">\n<p data-start=\"765\" data-end=\"833\">Capacidad de 5 litros, ideal para preparar comidas familiares.<\/p>\n<\/li>\n<li data-start=\"834\" data-end=\"894\">\n<p data-start=\"836\" data-end=\"894\">Acabado elegante en color negro y detalles cromados.<\/p>\n<\/li>\n<li data-start=\"895\" data-end=\"955\">\n<p data-start=\"897\" data-end=\"955\">Pantalla digital con panel de control intuitivo.<\/p>\n<\/li>\n<li data-start=\"956\" data-end=\"1029\">\n<p data-start=\"958\" data-end=\"1029\">42 recetas preprogramadas, para cocinar con solo pulsar un bot\u00f3n.<\/p>\n<\/li>\n<li data-start=\"1030\" data-end=\"1102\">\n<p data-start=\"1032\" data-end=\"1102\">Inicio de cocci\u00f3n programable, ajusta el tiempo seg\u00fan tu rutina.<\/p>\n<\/li>\n<li data-start=\"1103\" data-end=\"1175\">\n<p data-start=\"1105\" data-end=\"1175\">Funci\u00f3n mantener caliente, conserva la temperatura tras cocinar.<\/p>\n<\/li>\n<li data-start=\"1176\" data-end=\"1254\">\n<p data-start=\"1178\" data-end=\"1254\">Tapa con cierre herm\u00e9tico y v\u00e1lvula de vapor para mayor seguridad.<\/p>\n<\/li>\n<li data-start=\"1255\" data-end=\"1340\">\n<p data-start=\"1257\" data-end=\"1340\">Cuenco interior antiadherente, f\u00e1cil de limpiar y sin que se pegue la comida.<\/p>\n<\/li>\n<li data-start=\"1341\" data-end=\"1404\">\n<p data-start=\"1343\" data-end=\"1404\">Apagado autom\u00e1tico, garantiza seguridad durante el uso.<\/p>\n<\/li>\n<li data-start=\"1405\" data-end=\"1477\">\n<p data-start=\"1407\" data-end=\"1477\">Olla perfecta para arroz, sopas, guisos, legumbres, postres y m\u00e1s.<\/p>\n<\/li>\n<\/ul>\n<p><div class=\"accordion\"><div class=\"mfn-acc accordion_wrapper  toggle\"><div class=\"question\"><div class=\"title\"><i class=\"icon-plus acc-icon-plus\" aria-hidden=\"true\"><\/i><i class=\"icon-minus acc-icon-minus\" aria-hidden=\"true\"><\/i>Product data<\/div><div class=\"answer\">EAN 8425160355555<\/p>\n<p>K\u00dcKEN 900W 5-LITRE PROGRAMMABLE ELECTRIC COOKER<\/p>\n<p>Package unit 1<br \/>\nColour Black \/ Silver<br \/>\nPackaging Coloured box<br \/>\nPower 900 W<br \/>\nVoltage 230 V<br \/>\nCapacity 5 Litres<br \/>\nNon-slip feet Yes<br \/>\nProgrammable timer Yes<\/div><\/div>\n<\/div><\/div>\n<br \/>\n<div class=\"accordion\"><div class=\"mfn-acc accordion_wrapper  toggle\"><div class=\"question\"><div class=\"title\"><i class=\"icon-plus acc-icon-plus\" aria-hidden=\"true\"><\/i><i class=\"icon-minus acc-icon-minus\" aria-hidden=\"true\"><\/i>Accessories<\/div><div class=\"answer\">Container for steaming vegetables.<br \/>\nMeasuring cup for ingredients.<br \/>\nSpecial spoons for rice and soup.<br \/>\nIncludes recipe booklet.<\/div><\/div>\n<\/div><\/div>\n<\/p>\n<div class=\"descargas-producto\"><a href=\"\/wp-content\/uploads\/pdf\/8425160355555_ficha_tecnica.pdf\" target=\"_blank\" rel=\"noopener noreferrer\"><br \/>\n<img loading=\"lazy\" decoding=\"async\" src=\"\/wp-content\/uploads\/2019\/12\/picto-descarrega.png\" alt=\"download data sheet\" width=\"23\" height=\"16\" \/>Download sheet<\/a><a href=\"\/wp-content\/uploads\/pdf\/35555_manual_v3.pdf\" target=\"_blank\" rel=\"noopener noreferrer\" data-wp-editing=\"1\"><br \/>\n<img loading=\"lazy\" decoding=\"async\" src=\"\/wp-content\/uploads\/2019\/12\/picto-descarrega.png\" alt=\"download instruction manual\" width=\"23\" height=\"16\" \/>Download manual<\/a><\/div>\n<div><\/div>\n<div><span style=\"color: #bf2121\">Follow us on social media!<\/span><\/div>\n<div><a href=\"https:\/\/www.instagram.com\/kuken_appliances\/\">https:\/\/www.instagram.com\/kuken_appliances\/<\/a><\/div>\n<p><iframe loading=\"lazy\" title=\"Programmable cooker K\u00fcken\" width=\"560\" height=\"315\" src=\"https:\/\/www.youtube.com\/embed\/mCvra4zyLkI?feature=oembed\" frameborder=\"0\" allow=\"accelerometer; autoplay; clipboard-write; encrypted-media; gyroscope; picture-in-picture; web-share\" referrerpolicy=\"strict-origin-when-cross-origin\" allowfullscreen><\/iframe><\/p>","protected":false},"excerpt":{"rendered":"<p data-start=\"457\" data-end=\"616\">Cocina f\u00e1cil, r\u00e1pida y sin esfuerzo. Con pantalla digital, m\u00faltiples programas y gran capacidad, esta olla el\u00e9ctrica es perfecta para cualquier tipo de receta.<\/p>\n<p data-start=\"618\" data-end=\"689\">","protected":false},"featured_media":3421,"template":"","meta":[],"product_brand":[],"product_cat":[191],"product_tag":[],"class_list":{"0":"post-3420","1":"product","2":"type-product","3":"status-publish","4":"has-post-thumbnail","6":"product_cat-robots-de-cocina","8":"first","9":"instock","10":"product-type-simple"},"yoast_head":"<!-- This site is optimized with the Yoast SEO Premium plugin v24.0 (Yoast SEO v26.5) - https:\/\/yoast.com\/wordpress\/plugins\/seo\/ -->\n<title>OLLA EL\u00c9CTRICA PROGRAMABLE 900W 5 LITROS K\u00dcKEN - K\u00fcken<\/title>\n<meta name=\"description\" content=\"Nueva y exclusiva olla el\u00e9ctrica programable k\u00fcken. Cocina de manera f\u00e1cil deliciosas recetas. Descubre aqu\u00ed todas sus caracter\u00edsticas.\" \/>\n<meta name=\"robots\" content=\"noindex, follow, max-snippet:-1, max-image-preview:large, max-video-preview:-1\" \/>\n<meta property=\"og:locale\" content=\"en_GB\" \/>\n<meta property=\"og:type\" content=\"article\" \/>\n<meta property=\"og:title\" content=\"OLLA EL\u00c9CTRICA PROGRAMABLE 900W 5 LITROS K\u00dcKEN\" \/>\n<meta property=\"og:description\" content=\"Nueva y exclusiva olla el\u00e9ctrica programable k\u00fcken. Cocina de manera f\u00e1cil deliciosas recetas. Descubre aqu\u00ed todas sus caracter\u00edsticas.\" \/>\n<meta property=\"og:url\" content=\"https:\/\/kuken.alfadyser.dev\/en\/product-2\/programmable-electric-pot-900w-5-litres-kuken\/\" \/>\n<meta property=\"og:site_name\" content=\"K\u00fcken\" \/>\n<meta property=\"article:publisher\" content=\"https:\/\/es-es.facebook.com\/alfadyser\/\" \/>\n<meta property=\"article:modified_time\" content=\"2025-07-23T08:56:55+00:00\" \/>\n<meta property=\"og:image\" content=\"https:\/\/kuken.alfadyser.dev\/wp-content\/uploads\/2020\/03\/OLLA-PROGRAMABLE-900W-5LITROS-KUKEN.jpg\" \/>\n\t<meta property=\"og:image:width\" content=\"853\" \/>\n\t<meta property=\"og:image:height\" content=\"853\" \/>\n\t<meta property=\"og:image:type\" content=\"image\/jpeg\" \/>\n<meta name=\"twitter:card\" content=\"summary_large_image\" \/>\n<meta name=\"twitter:label1\" content=\"Price\" \/>\n\t<meta name=\"twitter:data1\" content=\"\" \/>\n\t<meta name=\"twitter:label2\" content=\"Availability\" \/>\n\t<meta name=\"twitter:data2\" content=\"In stock\" \/>\n<script type=\"application\/ld+json\" class=\"yoast-schema-graph\">{\"@context\":\"https:\/\/schema.org\",\"@graph\":[{\"@type\":\"WebPage\",\"@id\":\"https:\/\/kuken.alfadyser.dev\/producto\/olla-electrica-programable-900w-5-litros-kuken\/\",\"url\":\"https:\/\/kuken.alfadyser.dev\/producto\/olla-electrica-programable-900w-5-litros-kuken\/\",\"name\":\"OLLA EL\u00c9CTRICA PROGRAMABLE 900W 5 LITROS K\u00dcKEN - K\u00fcken\",\"isPartOf\":{\"@id\":\"https:\/\/kuken.alfadyser.dev\/#website\"},\"primaryImageOfPage\":{\"@id\":\"https:\/\/kuken.alfadyser.dev\/producto\/olla-electrica-programable-900w-5-litros-kuken\/#primaryimage\"},\"image\":{\"@id\":\"https:\/\/kuken.alfadyser.dev\/producto\/olla-electrica-programable-900w-5-litros-kuken\/#primaryimage\"},\"thumbnailUrl\":\"https:\/\/kuken.alfadyser.dev\/wp-content\/uploads\/2020\/03\/OLLA-PROGRAMABLE-900W-5LITROS-KUKEN.jpg\",\"datePublished\":\"2020-03-02T09:22:46+00:00\",\"dateModified\":\"2025-07-23T08:56:55+00:00\",\"description\":\"Nueva y exclusiva olla el\u00e9ctrica programable k\u00fcken. Cocina de manera f\u00e1cil deliciosas recetas. Descubre aqu\u00ed todas sus caracter\u00edsticas.\",\"breadcrumb\":{\"@id\":\"https:\/\/kuken.alfadyser.dev\/producto\/olla-electrica-programable-900w-5-litros-kuken\/#breadcrumb\"},\"inLanguage\":\"en-GB\",\"potentialAction\":[{\"@type\":\"ReadAction\",\"target\":[\"https:\/\/kuken.alfadyser.dev\/producto\/olla-electrica-programable-900w-5-litros-kuken\/\"]}]},{\"@type\":\"ImageObject\",\"inLanguage\":\"en-GB\",\"@id\":\"https:\/\/kuken.alfadyser.dev\/producto\/olla-electrica-programable-900w-5-litros-kuken\/#primaryimage\",\"url\":\"https:\/\/kuken.alfadyser.dev\/wp-content\/uploads\/2020\/03\/OLLA-PROGRAMABLE-900W-5LITROS-KUKEN.jpg\",\"contentUrl\":\"https:\/\/kuken.alfadyser.dev\/wp-content\/uploads\/2020\/03\/OLLA-PROGRAMABLE-900W-5LITROS-KUKEN.jpg\",\"width\":853,\"height\":853,\"caption\":\"Olla el\u00e9ctrica programable k\u00fcken de 5 litros\"},{\"@type\":\"BreadcrumbList\",\"@id\":\"https:\/\/kuken.alfadyser.dev\/producto\/olla-electrica-programable-900w-5-litros-kuken\/#breadcrumb\",\"itemListElement\":[{\"@type\":\"ListItem\",\"position\":1,\"name\":\"Portada\",\"item\":\"https:\/\/kuken.alfadyser.dev\/\"},{\"@type\":\"ListItem\",\"position\":2,\"name\":\"Productos\",\"item\":\"https:\/\/kuken.alfadyser.dev\/productos\/\"},{\"@type\":\"ListItem\",\"position\":3,\"name\":\"OLLA EL\u00c9CTRICA PROGRAMABLE 900W 5 LITROS K\u00dcKEN\"}]},{\"@type\":\"WebSite\",\"@id\":\"https:\/\/kuken.alfadyser.dev\/#website\",\"url\":\"https:\/\/kuken.alfadyser.dev\/\",\"name\":\"K\u00fcken\",\"description\":\"Amplia gama de peque\u00f1o electrodom\u00e9stico k\u00fcken\",\"publisher\":{\"@id\":\"https:\/\/kuken.alfadyser.dev\/#organization\"},\"potentialAction\":[{\"@type\":\"SearchAction\",\"target\":{\"@type\":\"EntryPoint\",\"urlTemplate\":\"https:\/\/kuken.alfadyser.dev\/?s={search_term_string}\"},\"query-input\":{\"@type\":\"PropertyValueSpecification\",\"valueRequired\":true,\"valueName\":\"search_term_string\"}}],\"inLanguage\":\"en-GB\"},{\"@type\":\"Organization\",\"@id\":\"https:\/\/kuken.alfadyser.dev\/#organization\",\"name\":\"Alfa Dyser\",\"url\":\"https:\/\/kuken.alfadyser.dev\/\",\"logo\":{\"@type\":\"ImageObject\",\"inLanguage\":\"en-GB\",\"@id\":\"https:\/\/kuken.alfadyser.dev\/#\/schema\/logo\/image\/\",\"url\":\"https:\/\/kuken.alfadyser.dev\/wp-content\/uploads\/2019\/04\/kuken-logo.png\",\"contentUrl\":\"https:\/\/kuken.alfadyser.dev\/wp-content\/uploads\/2019\/04\/kuken-logo.png\",\"width\":500,\"height\":191,\"caption\":\"Alfa Dyser\"},\"image\":{\"@id\":\"https:\/\/kuken.alfadyser.dev\/#\/schema\/logo\/image\/\"},\"sameAs\":[\"https:\/\/es-es.facebook.com\/alfadyser\/\",\"https:\/\/www.instagram.com\/kuken_appliances\/\"]}]}<\/script>\n<meta property=\"product:price:currency\" content=\"EUR\" \/>\n<meta property=\"og:availability\" content=\"instock\" \/>\n<meta property=\"product:availability\" content=\"instock\" \/>\n<meta property=\"product:retailer_item_id\" content=\"35555\" \/>\n<meta property=\"product:condition\" content=\"new\" \/>\n<!-- \/ Yoast SEO Premium plugin. -->","yoast_head_json":{"title":"PROGRAMMABLE ELECTRIC PAN 900W 5 LITRE K\u00dcKEN - K\u00fcken","description":"New and exclusive k\u00fcken programmable electric cooker. Cook delicious recipes in an easy way. Discover all its features here.","robots":{"index":"noindex","follow":"follow","max-snippet":"max-snippet:-1","max-image-preview":"max-image-preview:large","max-video-preview":"max-video-preview:-1"},"og_locale":"en_GB","og_type":"article","og_title":"OLLA EL\u00c9CTRICA PROGRAMABLE 900W 5 LITROS K\u00dcKEN","og_description":"Nueva y exclusiva olla el\u00e9ctrica programable k\u00fcken. Cocina de manera f\u00e1cil deliciosas recetas. Descubre aqu\u00ed todas sus caracter\u00edsticas.","og_url":"https:\/\/kuken.alfadyser.dev\/en\/product-2\/programmable-electric-pot-900w-5-litres-kuken\/","og_site_name":"K\u00fcken","article_publisher":"https:\/\/es-es.facebook.com\/alfadyser\/","article_modified_time":"2025-07-23T08:56:55+00:00","og_image":[{"width":853,"height":853,"url":"https:\/\/kuken.alfadyser.dev\/wp-content\/uploads\/2020\/03\/OLLA-PROGRAMABLE-900W-5LITROS-KUKEN.jpg","type":"image\/jpeg"}],"twitter_card":"summary_large_image","twitter_misc":{"Price":"","Availability":"In stock"},"schema":{"@context":"https:\/\/schema.org","@graph":[{"@type":"WebPage","@id":"https:\/\/kuken.alfadyser.dev\/producto\/olla-electrica-programable-900w-5-litros-kuken\/","url":"https:\/\/kuken.alfadyser.dev\/producto\/olla-electrica-programable-900w-5-litros-kuken\/","name":"PROGRAMMABLE ELECTRIC PAN 900W 5 LITRE K\u00dcKEN - K\u00fcken","isPartOf":{"@id":"https:\/\/kuken.alfadyser.dev\/#website"},"primaryImageOfPage":{"@id":"https:\/\/kuken.alfadyser.dev\/producto\/olla-electrica-programable-900w-5-litros-kuken\/#primaryimage"},"image":{"@id":"https:\/\/kuken.alfadyser.dev\/producto\/olla-electrica-programable-900w-5-litros-kuken\/#primaryimage"},"thumbnailUrl":"https:\/\/kuken.alfadyser.dev\/wp-content\/uploads\/2020\/03\/OLLA-PROGRAMABLE-900W-5LITROS-KUKEN.jpg","datePublished":"2020-03-02T09:22:46+00:00","dateModified":"2025-07-23T08:56:55+00:00","description":"New and exclusive k\u00fcken programmable electric cooker. Cook delicious recipes in an easy way. Discover all its features here.","breadcrumb":{"@id":"https:\/\/kuken.alfadyser.dev\/producto\/olla-electrica-programable-900w-5-litros-kuken\/#breadcrumb"},"inLanguage":"en-GB","potentialAction":[{"@type":"ReadAction","target":["https:\/\/kuken.alfadyser.dev\/producto\/olla-electrica-programable-900w-5-litros-kuken\/"]}]},{"@type":"ImageObject","inLanguage":"en-GB","@id":"https:\/\/kuken.alfadyser.dev\/producto\/olla-electrica-programable-900w-5-litros-kuken\/#primaryimage","url":"https:\/\/kuken.alfadyser.dev\/wp-content\/uploads\/2020\/03\/OLLA-PROGRAMABLE-900W-5LITROS-KUKEN.jpg","contentUrl":"https:\/\/kuken.alfadyser.dev\/wp-content\/uploads\/2020\/03\/OLLA-PROGRAMABLE-900W-5LITROS-KUKEN.jpg","width":853,"height":853,"caption":"Olla el\u00e9ctrica programable k\u00fcken de 5 litros"},{"@type":"BreadcrumbList","@id":"https:\/\/kuken.alfadyser.dev\/producto\/olla-electrica-programable-900w-5-litros-kuken\/#breadcrumb","itemListElement":[{"@type":"ListItem","position":1,"name":"Portada","item":"https:\/\/kuken.alfadyser.dev\/"},{"@type":"ListItem","position":2,"name":"Productos","item":"https:\/\/kuken.alfadyser.dev\/productos\/"},{"@type":"ListItem","position":3,"name":"OLLA EL\u00c9CTRICA PROGRAMABLE 900W 5 LITROS K\u00dcKEN"}]},{"@type":"WebSite","@id":"https:\/\/kuken.alfadyser.dev\/#website","url":"https:\/\/kuken.alfadyser.dev\/","name":"K\u00fcken","description":"Wide range of k\u00fcken small household appliances","publisher":{"@id":"https:\/\/kuken.alfadyser.dev\/#organization"},"potentialAction":[{"@type":"SearchAction","target":{"@type":"EntryPoint","urlTemplate":"https:\/\/kuken.alfadyser.dev\/?s={search_term_string}"},"query-input":{"@type":"PropertyValueSpecification","valueRequired":true,"valueName":"search_term_string"}}],"inLanguage":"en-GB"},{"@type":"Organization","@id":"https:\/\/kuken.alfadyser.dev\/#organization","name":"Alpha Dyser","url":"https:\/\/kuken.alfadyser.dev\/","logo":{"@type":"ImageObject","inLanguage":"en-GB","@id":"https:\/\/kuken.alfadyser.dev\/#\/schema\/logo\/image\/","url":"https:\/\/kuken.alfadyser.dev\/wp-content\/uploads\/2019\/04\/kuken-logo.png","contentUrl":"https:\/\/kuken.alfadyser.dev\/wp-content\/uploads\/2019\/04\/kuken-logo.png","width":500,"height":191,"caption":"Alfa Dyser"},"image":{"@id":"https:\/\/kuken.alfadyser.dev\/#\/schema\/logo\/image\/"},"sameAs":["https:\/\/es-es.facebook.com\/alfadyser\/","https:\/\/www.instagram.com\/kuken_appliances\/"]}]},"product_price_currency":"EUR","og_availability":"instock","product_availability":"instock","product_retailer_item_id":"35555","product_condition":"new"},"_links":{"self":[{"href":"https:\/\/kuken.alfadyser.dev\/en\/wp-json\/wp\/v2\/product\/3420","targetHints":{"allow":["GET"]}}],"collection":[{"href":"https:\/\/kuken.alfadyser.dev\/en\/wp-json\/wp\/v2\/product"}],"about":[{"href":"https:\/\/kuken.alfadyser.dev\/en\/wp-json\/wp\/v2\/types\/product"}],"wp:featuredmedia":[{"embeddable":true,"href":"https:\/\/kuken.alfadyser.dev\/en\/wp-json\/wp\/v2\/media\/3421"}],"wp:attachment":[{"href":"https:\/\/kuken.alfadyser.dev\/en\/wp-json\/wp\/v2\/media?parent=3420"}],"wp:term":[{"taxonomy":"product_brand","embeddable":true,"href":"https:\/\/kuken.alfadyser.dev\/en\/wp-json\/wp\/v2\/product_brand?post=3420"},{"taxonomy":"product_cat","embeddable":true,"href":"https:\/\/kuken.alfadyser.dev\/en\/wp-json\/wp\/v2\/product_cat?post=3420"},{"taxonomy":"product_tag","embeddable":true,"href":"https:\/\/kuken.alfadyser.dev\/en\/wp-json\/wp\/v2\/product_tag?post=3420"}],"curies":[{"name":"wp","href":"https:\/\/api.w.org\/{rel}","templated":true}]}}