{"id":3415,"date":"2020-03-02T10:22:35","date_gmt":"2020-03-02T09:22:35","guid":{"rendered":"https:\/\/kuken.alfadyser.dev\/producto\/balanza-electronica-precision-500gr-kuken\/"},"modified":"2025-07-28T11:41:28","modified_gmt":"2025-07-28T09:41:28","slug":"kuken-precision-electronic-scale-500gr","status":"publish","type":"product","link":"https:\/\/kuken.alfadyser.dev\/en\/product-2\/kuken-precision-electronic-scale-500gr\/","title":{"rendered":"K\u00dcKEN ELECTRONIC PRECISION SCALE 500GR"},"content":{"rendered":"<p>K\u00dcKEN ELECTRONIC PRECISION SCALE 500GR<\/p>\n<ul data-start=\"782\" data-end=\"1528\">\n<li data-start=\"782\" data-end=\"845\">\n<p data-start=\"784\" data-end=\"845\">Dise\u00f1o luxe y compacto, con cuerpo pl\u00e1stico resistente.<\/p>\n<\/li>\n<li data-start=\"846\" data-end=\"911\">\n<p data-start=\"848\" data-end=\"911\">Acabado en gris y acero inoxidable, elegante y funcional.<\/p>\n<\/li>\n<li data-start=\"912\" data-end=\"977\">\n<p data-start=\"914\" data-end=\"977\">Sensor de alta precisi\u00f3n, ideal para peque\u00f1as cantidades.<\/p>\n<\/li>\n<li data-start=\"978\" data-end=\"1037\">\n<p data-start=\"980\" data-end=\"1037\">Placa de pesaje de 50 x 56 mm, en acero inoxidable.<\/p>\n<\/li>\n<li data-start=\"1038\" data-end=\"1110\">\n<p data-start=\"1040\" data-end=\"1110\">Tapa protectora transparente, resguarda la superficie de pesaje.<\/p>\n<\/li>\n<li data-start=\"1111\" data-end=\"1184\">\n<p data-start=\"1113\" data-end=\"1184\">Peso m\u00ednimo: 0,1 g \/ m\u00e1ximo: 550 g, vers\u00e1til para m\u00faltiples usos.<\/p>\n<\/li>\n<li data-start=\"1185\" data-end=\"1244\">\n<p data-start=\"1187\" data-end=\"1244\">Pantalla LCD retroiluminada, con buena visibilidad.<\/p>\n<\/li>\n<li data-start=\"1245\" data-end=\"1329\">\n<p data-start=\"1247\" data-end=\"1329\">Funciones: ON\/OFF, TARE, MODE, con funci\u00f3n TARA para pesar por separado.<\/p>\n<\/li>\n<li data-start=\"1330\" data-end=\"1395\">\n<p data-start=\"1332\" data-end=\"1395\">Bot\u00f3n UNITS con selecci\u00f3n de unidades: gr \/ oz \/ GN \/ ct.<\/p>\n<\/li>\n<li data-start=\"1396\" data-end=\"1456\">\n<p data-start=\"1398\" data-end=\"1456\">Apagado autom\u00e1tico para optimizar el uso de energ\u00eda.<\/p>\n<\/li>\n<li data-start=\"1457\" data-end=\"1528\">\n<p data-start=\"1459\" data-end=\"1528\">Patas antideslizantes y funciona con 2 pilas AAA (incluidas).<\/p>\n<\/li>\n<\/ul>\n<p><div class=\"accordion\"><div class=\"mfn-acc accordion_wrapper  toggle\"><div class=\"question\"><div class=\"title\"><i class=\"icon-plus acc-icon-plus\" aria-hidden=\"true\"><\/i><i class=\"icon-minus acc-icon-minus\" aria-hidden=\"true\"><\/i>Product data<\/div><div class=\"answer\">EAN 8425160333034<\/p>\n<p>K\u00dcKEN ELECTRONIC PRECISION SCALE 500GR<\/p>\n<p>Package unit 1<br \/>\nColour Silver<br \/>\nPackaging Box Colour<br \/>\nMaterial Plastic<br \/>\nDigital Class<br \/>\nNon-slip feet Yes<br \/>\nPowered by 2 AAA batteries (included)<br \/>\nWeight 0.08 kg.<\/div><\/div>\n<\/div><\/div>\n<br \/>\n<div class=\"accordion\"><div class=\"mfn-acc accordion_wrapper  toggle\"><div class=\"question\"><div class=\"title\"><i class=\"icon-plus acc-icon-plus\" aria-hidden=\"true\"><\/i><i class=\"icon-minus acc-icon-minus\" aria-hidden=\"true\"><\/i>Accessories<\/div><div class=\"answer\"><\/div><\/div>\n<\/div><\/div>\n<\/p>\n<div class=\"descargas-producto\"><a href=\"\/wp-content\/uploads\/pdf\/8425160333034_ficha_tecnica.pdf\" target=\"_blank\" rel=\"noopener noreferrer\"><br \/>\n<img loading=\"lazy\" decoding=\"async\" src=\"\/wp-content\/uploads\/2019\/12\/picto-descarrega.png\" alt=\"download data sheet\" width=\"23\" height=\"16\" \/>Download sheet<\/a><a href=\"https:\/\/kuken.alfadyser.dev\/wp-content\/uploads\/8425160333034_manual.pdf\" target=\"_blank\" rel=\"noopener noreferrer\"><br \/>\n<img loading=\"lazy\" decoding=\"async\" src=\"\/wp-content\/uploads\/2019\/12\/picto-descarrega.png\" alt=\"download instruction manual\" width=\"23\" height=\"16\" \/>Download manual<\/a><\/div>\n<div><\/div>\n<div><span style=\"color: #bf2121\">Follow us on social media!<\/span><\/div>\n<div><a href=\"https:\/\/www.instagram.com\/kuken_appliances\/\">https:\/\/www.instagram.com\/kuken_appliances\/<\/a><\/div>","protected":false},"excerpt":{"rendered":"<p data-start=\"474\" data-end=\"635\">Compacta, elegante y ultraligera. Esta balanza ofrece alta precisi\u00f3n, m\u00faltiples unidades de medida y funciones inteligentes para pesar con exactitud y comodidad.<\/p>\n<p data-start=\"637\" data-end=\"708\">","protected":false},"featured_media":3416,"template":"","meta":[],"product_brand":[],"product_cat":[233],"product_tag":[],"class_list":{"0":"post-3415","1":"product","2":"type-product","3":"status-publish","4":"has-post-thumbnail","6":"product_cat-balanzas-cocina","8":"first","9":"instock","10":"product-type-simple"},"yoast_head":"<!-- This site is optimized with the Yoast SEO Premium plugin v24.0 (Yoast SEO v26.5) - https:\/\/yoast.com\/wordpress\/plugins\/seo\/ -->\n<title>BALANZA ELECTR\u00d3NICA PRECISI\u00d3N 500GR K\u00dcKEN - K\u00fcken<\/title>\n<meta name=\"description\" content=\"Nueva y exclusiva balanza electr\u00f3nica de precisi\u00f3n k\u00fcken. Pesa con exactitud hasta 500gr de manera r\u00e1pida y f\u00e1cil, desc\u00fabrela ahora.\" \/>\n<meta name=\"robots\" content=\"noindex, follow, max-snippet:-1, max-image-preview:large, max-video-preview:-1\" \/>\n<meta property=\"og:locale\" content=\"en_GB\" \/>\n<meta property=\"og:type\" content=\"article\" \/>\n<meta property=\"og:title\" content=\"BALANZA ELECTR\u00d3NICA PRECISI\u00d3N 500GR K\u00dcKEN\" \/>\n<meta property=\"og:description\" content=\"Nueva y exclusiva balanza electr\u00f3nica de precisi\u00f3n k\u00fcken. Pesa con exactitud hasta 500gr de manera r\u00e1pida y f\u00e1cil, desc\u00fabrela ahora.\" \/>\n<meta property=\"og:url\" content=\"https:\/\/kuken.alfadyser.dev\/en\/product-2\/kuken-precision-electronic-scale-500gr\/\" \/>\n<meta property=\"og:site_name\" content=\"K\u00fcken\" \/>\n<meta property=\"article:publisher\" content=\"https:\/\/es-es.facebook.com\/alfadyser\/\" \/>\n<meta property=\"article:modified_time\" content=\"2025-07-28T09:41:28+00:00\" \/>\n<meta property=\"og:image\" content=\"https:\/\/kuken.alfadyser.dev\/wp-content\/uploads\/2020\/03\/BALANZA-ELECTR\u00d3NICA-PRECISI\u00d3N-500GR.-KUKEN.jpg\" \/>\n\t<meta property=\"og:image:width\" content=\"853\" \/>\n\t<meta property=\"og:image:height\" content=\"853\" \/>\n\t<meta property=\"og:image:type\" content=\"image\/jpeg\" \/>\n<meta name=\"twitter:card\" content=\"summary_large_image\" \/>\n<meta name=\"twitter:label1\" content=\"Price\" \/>\n\t<meta name=\"twitter:data1\" content=\"\" \/>\n\t<meta name=\"twitter:label2\" content=\"Availability\" \/>\n\t<meta name=\"twitter:data2\" content=\"In stock\" \/>\n<script type=\"application\/ld+json\" class=\"yoast-schema-graph\">{\"@context\":\"https:\/\/schema.org\",\"@graph\":[{\"@type\":\"WebPage\",\"@id\":\"https:\/\/kuken.alfadyser.dev\/producto\/balanza-electronica-precision-500gr-kuken\/\",\"url\":\"https:\/\/kuken.alfadyser.dev\/producto\/balanza-electronica-precision-500gr-kuken\/\",\"name\":\"BALANZA ELECTR\u00d3NICA PRECISI\u00d3N 500GR K\u00dcKEN - K\u00fcken\",\"isPartOf\":{\"@id\":\"https:\/\/kuken.alfadyser.dev\/#website\"},\"primaryImageOfPage\":{\"@id\":\"https:\/\/kuken.alfadyser.dev\/producto\/balanza-electronica-precision-500gr-kuken\/#primaryimage\"},\"image\":{\"@id\":\"https:\/\/kuken.alfadyser.dev\/producto\/balanza-electronica-precision-500gr-kuken\/#primaryimage\"},\"thumbnailUrl\":\"https:\/\/kuken.alfadyser.dev\/wp-content\/uploads\/2020\/03\/BALANZA-ELECTR\u00d3NICA-PRECISI\u00d3N-500GR.-KUKEN.jpg\",\"datePublished\":\"2020-03-02T09:22:35+00:00\",\"dateModified\":\"2025-07-28T09:41:28+00:00\",\"description\":\"Nueva y exclusiva balanza electr\u00f3nica de precisi\u00f3n k\u00fcken. Pesa con exactitud hasta 500gr de manera r\u00e1pida y f\u00e1cil, desc\u00fabrela ahora.\",\"breadcrumb\":{\"@id\":\"https:\/\/kuken.alfadyser.dev\/producto\/balanza-electronica-precision-500gr-kuken\/#breadcrumb\"},\"inLanguage\":\"en-GB\",\"potentialAction\":[{\"@type\":\"ReadAction\",\"target\":[\"https:\/\/kuken.alfadyser.dev\/producto\/balanza-electronica-precision-500gr-kuken\/\"]}]},{\"@type\":\"ImageObject\",\"inLanguage\":\"en-GB\",\"@id\":\"https:\/\/kuken.alfadyser.dev\/producto\/balanza-electronica-precision-500gr-kuken\/#primaryimage\",\"url\":\"https:\/\/kuken.alfadyser.dev\/wp-content\/uploads\/2020\/03\/BALANZA-ELECTR\u00d3NICA-PRECISI\u00d3N-500GR.-KUKEN.jpg\",\"contentUrl\":\"https:\/\/kuken.alfadyser.dev\/wp-content\/uploads\/2020\/03\/BALANZA-ELECTR\u00d3NICA-PRECISI\u00d3N-500GR.-KUKEN.jpg\",\"width\":853,\"height\":853,\"caption\":\"Balanza electr\u00f3nica de precisi\u00f3n k\u00fcken de color plateado\"},{\"@type\":\"BreadcrumbList\",\"@id\":\"https:\/\/kuken.alfadyser.dev\/producto\/balanza-electronica-precision-500gr-kuken\/#breadcrumb\",\"itemListElement\":[{\"@type\":\"ListItem\",\"position\":1,\"name\":\"Portada\",\"item\":\"https:\/\/kuken.alfadyser.dev\/\"},{\"@type\":\"ListItem\",\"position\":2,\"name\":\"Productos\",\"item\":\"https:\/\/kuken.alfadyser.dev\/productos\/\"},{\"@type\":\"ListItem\",\"position\":3,\"name\":\"BALANZA ELECTR\u00d3NICA PRECISI\u00d3N 500GR K\u00dcKEN\"}]},{\"@type\":\"WebSite\",\"@id\":\"https:\/\/kuken.alfadyser.dev\/#website\",\"url\":\"https:\/\/kuken.alfadyser.dev\/\",\"name\":\"K\u00fcken\",\"description\":\"Amplia gama de peque\u00f1o electrodom\u00e9stico k\u00fcken\",\"publisher\":{\"@id\":\"https:\/\/kuken.alfadyser.dev\/#organization\"},\"potentialAction\":[{\"@type\":\"SearchAction\",\"target\":{\"@type\":\"EntryPoint\",\"urlTemplate\":\"https:\/\/kuken.alfadyser.dev\/?s={search_term_string}\"},\"query-input\":{\"@type\":\"PropertyValueSpecification\",\"valueRequired\":true,\"valueName\":\"search_term_string\"}}],\"inLanguage\":\"en-GB\"},{\"@type\":\"Organization\",\"@id\":\"https:\/\/kuken.alfadyser.dev\/#organization\",\"name\":\"Alfa Dyser\",\"url\":\"https:\/\/kuken.alfadyser.dev\/\",\"logo\":{\"@type\":\"ImageObject\",\"inLanguage\":\"en-GB\",\"@id\":\"https:\/\/kuken.alfadyser.dev\/#\/schema\/logo\/image\/\",\"url\":\"https:\/\/kuken.alfadyser.dev\/wp-content\/uploads\/2019\/04\/kuken-logo.png\",\"contentUrl\":\"https:\/\/kuken.alfadyser.dev\/wp-content\/uploads\/2019\/04\/kuken-logo.png\",\"width\":500,\"height\":191,\"caption\":\"Alfa Dyser\"},\"image\":{\"@id\":\"https:\/\/kuken.alfadyser.dev\/#\/schema\/logo\/image\/\"},\"sameAs\":[\"https:\/\/es-es.facebook.com\/alfadyser\/\",\"https:\/\/www.instagram.com\/kuken_appliances\/\"]}]}<\/script>\n<meta property=\"product:price:currency\" content=\"EUR\" \/>\n<meta property=\"og:availability\" content=\"instock\" \/>\n<meta property=\"product:availability\" content=\"instock\" \/>\n<meta property=\"product:retailer_item_id\" content=\"33303\" \/>\n<meta property=\"product:condition\" content=\"new\" \/>\n<!-- \/ Yoast SEO Premium plugin. -->","yoast_head_json":{"title":"ELECTRONIC PRECISION SCALE 500GR K\u00dcKEN - K\u00fcken","description":"New and exclusive k\u00fcken electronic precision scale. Weigh accurately up to 500gr quickly and easily, discover it now.","robots":{"index":"noindex","follow":"follow","max-snippet":"max-snippet:-1","max-image-preview":"max-image-preview:large","max-video-preview":"max-video-preview:-1"},"og_locale":"en_GB","og_type":"article","og_title":"BALANZA ELECTR\u00d3NICA PRECISI\u00d3N 500GR K\u00dcKEN","og_description":"Nueva y exclusiva balanza electr\u00f3nica de precisi\u00f3n k\u00fcken. Pesa con exactitud hasta 500gr de manera r\u00e1pida y f\u00e1cil, desc\u00fabrela ahora.","og_url":"https:\/\/kuken.alfadyser.dev\/en\/product-2\/kuken-precision-electronic-scale-500gr\/","og_site_name":"K\u00fcken","article_publisher":"https:\/\/es-es.facebook.com\/alfadyser\/","article_modified_time":"2025-07-28T09:41:28+00:00","og_image":[{"width":853,"height":853,"url":"https:\/\/kuken.alfadyser.dev\/wp-content\/uploads\/2020\/03\/BALANZA-ELECTR\u00d3NICA-PRECISI\u00d3N-500GR.-KUKEN.jpg","type":"image\/jpeg"}],"twitter_card":"summary_large_image","twitter_misc":{"Price":"","Availability":"In stock"},"schema":{"@context":"https:\/\/schema.org","@graph":[{"@type":"WebPage","@id":"https:\/\/kuken.alfadyser.dev\/producto\/balanza-electronica-precision-500gr-kuken\/","url":"https:\/\/kuken.alfadyser.dev\/producto\/balanza-electronica-precision-500gr-kuken\/","name":"ELECTRONIC PRECISION SCALE 500GR K\u00dcKEN - K\u00fcken","isPartOf":{"@id":"https:\/\/kuken.alfadyser.dev\/#website"},"primaryImageOfPage":{"@id":"https:\/\/kuken.alfadyser.dev\/producto\/balanza-electronica-precision-500gr-kuken\/#primaryimage"},"image":{"@id":"https:\/\/kuken.alfadyser.dev\/producto\/balanza-electronica-precision-500gr-kuken\/#primaryimage"},"thumbnailUrl":"https:\/\/kuken.alfadyser.dev\/wp-content\/uploads\/2020\/03\/BALANZA-ELECTR\u00d3NICA-PRECISI\u00d3N-500GR.-KUKEN.jpg","datePublished":"2020-03-02T09:22:35+00:00","dateModified":"2025-07-28T09:41:28+00:00","description":"New and exclusive k\u00fcken electronic precision scale. Weigh accurately up to 500gr quickly and easily, discover it now.","breadcrumb":{"@id":"https:\/\/kuken.alfadyser.dev\/producto\/balanza-electronica-precision-500gr-kuken\/#breadcrumb"},"inLanguage":"en-GB","potentialAction":[{"@type":"ReadAction","target":["https:\/\/kuken.alfadyser.dev\/producto\/balanza-electronica-precision-500gr-kuken\/"]}]},{"@type":"ImageObject","inLanguage":"en-GB","@id":"https:\/\/kuken.alfadyser.dev\/producto\/balanza-electronica-precision-500gr-kuken\/#primaryimage","url":"https:\/\/kuken.alfadyser.dev\/wp-content\/uploads\/2020\/03\/BALANZA-ELECTR\u00d3NICA-PRECISI\u00d3N-500GR.-KUKEN.jpg","contentUrl":"https:\/\/kuken.alfadyser.dev\/wp-content\/uploads\/2020\/03\/BALANZA-ELECTR\u00d3NICA-PRECISI\u00d3N-500GR.-KUKEN.jpg","width":853,"height":853,"caption":"Balanza electr\u00f3nica de precisi\u00f3n k\u00fcken de color plateado"},{"@type":"BreadcrumbList","@id":"https:\/\/kuken.alfadyser.dev\/producto\/balanza-electronica-precision-500gr-kuken\/#breadcrumb","itemListElement":[{"@type":"ListItem","position":1,"name":"Portada","item":"https:\/\/kuken.alfadyser.dev\/"},{"@type":"ListItem","position":2,"name":"Productos","item":"https:\/\/kuken.alfadyser.dev\/productos\/"},{"@type":"ListItem","position":3,"name":"BALANZA ELECTR\u00d3NICA PRECISI\u00d3N 500GR K\u00dcKEN"}]},{"@type":"WebSite","@id":"https:\/\/kuken.alfadyser.dev\/#website","url":"https:\/\/kuken.alfadyser.dev\/","name":"K\u00fcken","description":"Wide range of k\u00fcken small household appliances","publisher":{"@id":"https:\/\/kuken.alfadyser.dev\/#organization"},"potentialAction":[{"@type":"SearchAction","target":{"@type":"EntryPoint","urlTemplate":"https:\/\/kuken.alfadyser.dev\/?s={search_term_string}"},"query-input":{"@type":"PropertyValueSpecification","valueRequired":true,"valueName":"search_term_string"}}],"inLanguage":"en-GB"},{"@type":"Organization","@id":"https:\/\/kuken.alfadyser.dev\/#organization","name":"Alpha Dyser","url":"https:\/\/kuken.alfadyser.dev\/","logo":{"@type":"ImageObject","inLanguage":"en-GB","@id":"https:\/\/kuken.alfadyser.dev\/#\/schema\/logo\/image\/","url":"https:\/\/kuken.alfadyser.dev\/wp-content\/uploads\/2019\/04\/kuken-logo.png","contentUrl":"https:\/\/kuken.alfadyser.dev\/wp-content\/uploads\/2019\/04\/kuken-logo.png","width":500,"height":191,"caption":"Alfa Dyser"},"image":{"@id":"https:\/\/kuken.alfadyser.dev\/#\/schema\/logo\/image\/"},"sameAs":["https:\/\/es-es.facebook.com\/alfadyser\/","https:\/\/www.instagram.com\/kuken_appliances\/"]}]},"product_price_currency":"EUR","og_availability":"instock","product_availability":"instock","product_retailer_item_id":"33303","product_condition":"new"},"_links":{"self":[{"href":"https:\/\/kuken.alfadyser.dev\/en\/wp-json\/wp\/v2\/product\/3415","targetHints":{"allow":["GET"]}}],"collection":[{"href":"https:\/\/kuken.alfadyser.dev\/en\/wp-json\/wp\/v2\/product"}],"about":[{"href":"https:\/\/kuken.alfadyser.dev\/en\/wp-json\/wp\/v2\/types\/product"}],"wp:featuredmedia":[{"embeddable":true,"href":"https:\/\/kuken.alfadyser.dev\/en\/wp-json\/wp\/v2\/media\/3416"}],"wp:attachment":[{"href":"https:\/\/kuken.alfadyser.dev\/en\/wp-json\/wp\/v2\/media?parent=3415"}],"wp:term":[{"taxonomy":"product_brand","embeddable":true,"href":"https:\/\/kuken.alfadyser.dev\/en\/wp-json\/wp\/v2\/product_brand?post=3415"},{"taxonomy":"product_cat","embeddable":true,"href":"https:\/\/kuken.alfadyser.dev\/en\/wp-json\/wp\/v2\/product_cat?post=3415"},{"taxonomy":"product_tag","embeddable":true,"href":"https:\/\/kuken.alfadyser.dev\/en\/wp-json\/wp\/v2\/product_tag?post=3415"}],"curies":[{"name":"wp","href":"https:\/\/api.w.org\/{rel}","templated":true}]}}