{"id":3373,"date":"2020-03-02T10:16:22","date_gmt":"2020-03-02T09:16:22","guid":{"rendered":"https:\/\/kuken.alfadyser.dev\/producto\/balanzas-cocina-electronica-inox-precision-5kg-kuken\/"},"modified":"2025-07-28T11:42:36","modified_gmt":"2025-07-28T09:42:36","slug":"kitchen-inox-precision-5kg-kuken-kitchen-scale","status":"publish","type":"product","link":"https:\/\/kuken.alfadyser.dev\/en\/product-2\/kitchen-inox-precision-5kg-kuken-kitchen-scale\/","title":{"rendered":"K\u00dcKEN STAINLESS STEEL PRECISION KITCHEN SCALES 5KG"},"content":{"rendered":"<p>K\u00dcKEN STAINLESS STEEL PRECISION KITCHEN SCALES 5KG<\/p>\n<ul data-start=\"762\" data-end=\"1451\">\n<li data-start=\"762\" data-end=\"834\">\n<p data-start=\"764\" data-end=\"834\">Dise\u00f1o elegante y compacto, ideal para cualquier cocina moderna.<\/p>\n<\/li>\n<li data-start=\"835\" data-end=\"890\">\n<p data-start=\"837\" data-end=\"890\">Formato extraplanar, ligero y f\u00e1cil de guardar.<\/p>\n<\/li>\n<li data-start=\"891\" data-end=\"961\">\n<p data-start=\"893\" data-end=\"961\">Fabricada en acero inoxidable, resistente y de f\u00e1cil limpieza.<\/p>\n<\/li>\n<li data-start=\"962\" data-end=\"1027\">\n<p data-start=\"964\" data-end=\"1027\">Pantalla LCD clara, permite una lectura r\u00e1pida y precisa.<\/p>\n<\/li>\n<li data-start=\"1028\" data-end=\"1103\">\n<p data-start=\"1030\" data-end=\"1103\">Capacidad: peso m\u00ednimo 1 g \/ m\u00e1ximo 5 kg, adecuada para uso diario.<\/p>\n<\/li>\n<li data-start=\"1104\" data-end=\"1183\">\n<p data-start=\"1106\" data-end=\"1183\">Funci\u00f3n TARA, permite pesar ingredientes en secuencia o con recipiente.<\/p>\n<\/li>\n<li data-start=\"1184\" data-end=\"1258\">\n<p data-start=\"1186\" data-end=\"1258\">Bot\u00f3n UNIT, selecciona entre g \/ lb \/ oz \/ ml seg\u00fan necesidad.<\/p>\n<\/li>\n<li data-start=\"1259\" data-end=\"1322\">\n<p data-start=\"1261\" data-end=\"1322\">Apagado autom\u00e1tico, prolonga la vida \u00fatil de las pilas.<\/p>\n<\/li>\n<li data-start=\"1323\" data-end=\"1386\">\n<p data-start=\"1325\" data-end=\"1386\">Patas antideslizantes, garantizan estabilidad al pesar.<\/p>\n<\/li>\n<li data-start=\"1387\" data-end=\"1451\">\n<p data-start=\"1389\" data-end=\"1451\">Funciona con 2 pilas AAA, incluidas para un uso inmediato.<\/p>\n<\/li>\n<\/ul>\n<p><div class=\"accordion\"><div class=\"mfn-acc accordion_wrapper  toggle\"><div class=\"question\"><div class=\"title\"><i class=\"icon-plus acc-icon-plus\" aria-hidden=\"true\"><\/i><i class=\"icon-minus acc-icon-minus\" aria-hidden=\"true\"><\/i>Product data<\/div><div class=\"answer\">EAN 8425160337018<\/p>\n<p>K\u00dcKEN STAINLESS STEEL PRECISION KITCHEN SCALES 5KG<\/p>\n<p>Package unit 1<br \/>\nColour Stainless steel<br \/>\nPackaging Box Colour<br \/>\nMaterial Stainless steel \/ PC<br \/>\nNon-slip feet Yes<br \/>\nPowered by 2 AAA batteries (included)<br \/>\nWeight 0.22 kg.<\/div><\/div>\n<\/div><\/div>\n<br \/>\n<div class=\"accordion\"><div class=\"mfn-acc accordion_wrapper  toggle\"><div class=\"question\"><div class=\"title\"><i class=\"icon-plus acc-icon-plus\" aria-hidden=\"true\"><\/i><i class=\"icon-minus acc-icon-minus\" aria-hidden=\"true\"><\/i>Accessories<\/div><div class=\"answer\"><\/div><\/div>\n<\/div><\/div>\n<\/p>\n<div class=\"descargas-producto\"><a href=\"https:\/\/kuken.alfadyser.dev\/wp-content\/uploads\/8425160337018_ficha_tecnica.pdf\" target=\"_blank\" rel=\"noopener noreferrer\"><br \/>\n<img loading=\"lazy\" decoding=\"async\" src=\"\/wp-content\/uploads\/2019\/12\/picto-descarrega.png\" alt=\"download data sheet\" width=\"23\" height=\"16\" \/>Download sheet<\/a><a href=\"https:\/\/kuken.alfadyser.dev\/wp-content\/uploads\/8425160337018_manual.pdf\" target=\"_blank\" rel=\"noopener noreferrer\"><br \/>\n<img loading=\"lazy\" decoding=\"async\" src=\"\/wp-content\/uploads\/2019\/12\/picto-descarrega.png\" alt=\"download instruction manual\" width=\"23\" height=\"16\" \/>Download manual<\/a><\/div>\n<div><\/div>\n<div><span style=\"color: #bf2121\">Follow us on social media!<\/span><\/div>\n<div><a href=\"https:\/\/www.instagram.com\/kuken_appliances\/\">https:\/\/www.instagram.com\/kuken_appliances\/<\/a><\/div>","protected":false},"excerpt":{"rendered":"<p data-start=\"463\" data-end=\"615\">Compacta y precisa, ideal para pesar ingredientes con estilo. Con funci\u00f3n TARA, pantalla LCD y dise\u00f1o extraplanar en inox, se adapta a cualquier cocina.<\/p>\n<p data-start=\"617\" data-end=\"688\">","protected":false},"featured_media":3374,"template":"","meta":[],"product_brand":[],"product_cat":[233],"product_tag":[],"class_list":{"0":"post-3373","1":"product","2":"type-product","3":"status-publish","4":"has-post-thumbnail","6":"product_cat-balanzas-cocina","8":"first","9":"instock","10":"product-type-simple"},"yoast_head":"<!-- This site is optimized with the Yoast SEO Premium plugin v24.0 (Yoast SEO v26.5) - https:\/\/yoast.com\/wordpress\/plugins\/seo\/ -->\n<title>BALANZA DE COCINA INOX PRECISI\u00d3N 5KG K\u00dcKEN - K\u00fcken<\/title>\n<meta name=\"description\" content=\"Nueva y exclusiva balanza de cocina digital k\u00fcken de acero inox. Pesa con exactitud hasta 5kg de manera r\u00e1pida y f\u00e1cil, desc\u00fabrela ahora.\" \/>\n<meta name=\"robots\" content=\"noindex, follow, max-snippet:-1, max-image-preview:large, max-video-preview:-1\" \/>\n<meta property=\"og:locale\" content=\"en_GB\" \/>\n<meta property=\"og:type\" content=\"article\" \/>\n<meta property=\"og:title\" content=\"BALANZA DE COCINA INOX PRECISI\u00d3N 5KG K\u00dcKEN\" \/>\n<meta property=\"og:description\" content=\"Nueva y exclusiva balanza de cocina digital k\u00fcken de acero inox. Pesa con exactitud hasta 5kg de manera r\u00e1pida y f\u00e1cil, desc\u00fabrela ahora.\" \/>\n<meta property=\"og:url\" content=\"https:\/\/kuken.alfadyser.dev\/en\/product-2\/kitchen-inox-precision-5kg-kuken-kitchen-scale\/\" \/>\n<meta property=\"og:site_name\" content=\"K\u00fcken\" \/>\n<meta property=\"article:publisher\" content=\"https:\/\/es-es.facebook.com\/alfadyser\/\" \/>\n<meta property=\"article:modified_time\" content=\"2025-07-28T09:42:36+00:00\" \/>\n<meta property=\"og:image\" content=\"https:\/\/kuken.alfadyser.dev\/wp-content\/uploads\/2020\/03\/Balanzas-cocina-ELECTR\u00d3NICA-INOX-PRECISI\u00d3N-5KG-KUKEN.jpg\" \/>\n\t<meta property=\"og:image:width\" content=\"853\" \/>\n\t<meta property=\"og:image:height\" content=\"853\" \/>\n\t<meta property=\"og:image:type\" content=\"image\/jpeg\" \/>\n<meta name=\"twitter:card\" content=\"summary_large_image\" \/>\n<meta name=\"twitter:label1\" content=\"Price\" \/>\n\t<meta name=\"twitter:data1\" content=\"\" \/>\n\t<meta name=\"twitter:label2\" content=\"Availability\" \/>\n\t<meta name=\"twitter:data2\" content=\"In stock\" \/>\n<script type=\"application\/ld+json\" class=\"yoast-schema-graph\">{\"@context\":\"https:\/\/schema.org\",\"@graph\":[{\"@type\":\"WebPage\",\"@id\":\"https:\/\/kuken.alfadyser.dev\/producto\/balanza-de-cocina-inox-precision-5kg-kuken\/\",\"url\":\"https:\/\/kuken.alfadyser.dev\/producto\/balanza-de-cocina-inox-precision-5kg-kuken\/\",\"name\":\"BALANZA DE COCINA INOX PRECISI\u00d3N 5KG K\u00dcKEN - K\u00fcken\",\"isPartOf\":{\"@id\":\"https:\/\/kuken.alfadyser.dev\/#website\"},\"primaryImageOfPage\":{\"@id\":\"https:\/\/kuken.alfadyser.dev\/producto\/balanza-de-cocina-inox-precision-5kg-kuken\/#primaryimage\"},\"image\":{\"@id\":\"https:\/\/kuken.alfadyser.dev\/producto\/balanza-de-cocina-inox-precision-5kg-kuken\/#primaryimage\"},\"thumbnailUrl\":\"https:\/\/kuken.alfadyser.dev\/wp-content\/uploads\/2020\/03\/Balanzas-cocina-ELECTR\u00d3NICA-INOX-PRECISI\u00d3N-5KG-KUKEN.jpg\",\"datePublished\":\"2020-03-02T09:16:22+00:00\",\"dateModified\":\"2025-07-28T09:42:36+00:00\",\"description\":\"Nueva y exclusiva balanza de cocina digital k\u00fcken de acero inox. Pesa con exactitud hasta 5kg de manera r\u00e1pida y f\u00e1cil, desc\u00fabrela ahora.\",\"breadcrumb\":{\"@id\":\"https:\/\/kuken.alfadyser.dev\/producto\/balanza-de-cocina-inox-precision-5kg-kuken\/#breadcrumb\"},\"inLanguage\":\"en-GB\",\"potentialAction\":[{\"@type\":\"ReadAction\",\"target\":[\"https:\/\/kuken.alfadyser.dev\/producto\/balanza-de-cocina-inox-precision-5kg-kuken\/\"]}]},{\"@type\":\"ImageObject\",\"inLanguage\":\"en-GB\",\"@id\":\"https:\/\/kuken.alfadyser.dev\/producto\/balanza-de-cocina-inox-precision-5kg-kuken\/#primaryimage\",\"url\":\"https:\/\/kuken.alfadyser.dev\/wp-content\/uploads\/2020\/03\/Balanzas-cocina-ELECTR\u00d3NICA-INOX-PRECISI\u00d3N-5KG-KUKEN.jpg\",\"contentUrl\":\"https:\/\/kuken.alfadyser.dev\/wp-content\/uploads\/2020\/03\/Balanzas-cocina-ELECTR\u00d3NICA-INOX-PRECISI\u00d3N-5KG-KUKEN.jpg\",\"width\":853,\"height\":853,\"caption\":\"Balanza de cocina k\u00fcken de 5kg con acabado inox\"},{\"@type\":\"BreadcrumbList\",\"@id\":\"https:\/\/kuken.alfadyser.dev\/producto\/balanza-de-cocina-inox-precision-5kg-kuken\/#breadcrumb\",\"itemListElement\":[{\"@type\":\"ListItem\",\"position\":1,\"name\":\"Portada\",\"item\":\"https:\/\/kuken.alfadyser.dev\/\"},{\"@type\":\"ListItem\",\"position\":2,\"name\":\"Productos\",\"item\":\"https:\/\/kuken.alfadyser.dev\/productos\/\"},{\"@type\":\"ListItem\",\"position\":3,\"name\":\"BALANZA DE COCINA INOX PRECISI\u00d3N 5KG K\u00dcKEN\"}]},{\"@type\":\"WebSite\",\"@id\":\"https:\/\/kuken.alfadyser.dev\/#website\",\"url\":\"https:\/\/kuken.alfadyser.dev\/\",\"name\":\"K\u00fcken\",\"description\":\"Amplia gama de peque\u00f1o electrodom\u00e9stico k\u00fcken\",\"publisher\":{\"@id\":\"https:\/\/kuken.alfadyser.dev\/#organization\"},\"potentialAction\":[{\"@type\":\"SearchAction\",\"target\":{\"@type\":\"EntryPoint\",\"urlTemplate\":\"https:\/\/kuken.alfadyser.dev\/?s={search_term_string}\"},\"query-input\":{\"@type\":\"PropertyValueSpecification\",\"valueRequired\":true,\"valueName\":\"search_term_string\"}}],\"inLanguage\":\"en-GB\"},{\"@type\":\"Organization\",\"@id\":\"https:\/\/kuken.alfadyser.dev\/#organization\",\"name\":\"Alfa Dyser\",\"url\":\"https:\/\/kuken.alfadyser.dev\/\",\"logo\":{\"@type\":\"ImageObject\",\"inLanguage\":\"en-GB\",\"@id\":\"https:\/\/kuken.alfadyser.dev\/#\/schema\/logo\/image\/\",\"url\":\"https:\/\/kuken.alfadyser.dev\/wp-content\/uploads\/2019\/04\/kuken-logo.png\",\"contentUrl\":\"https:\/\/kuken.alfadyser.dev\/wp-content\/uploads\/2019\/04\/kuken-logo.png\",\"width\":500,\"height\":191,\"caption\":\"Alfa Dyser\"},\"image\":{\"@id\":\"https:\/\/kuken.alfadyser.dev\/#\/schema\/logo\/image\/\"},\"sameAs\":[\"https:\/\/es-es.facebook.com\/alfadyser\/\",\"https:\/\/www.instagram.com\/kuken_appliances\/\"]}]}<\/script>\n<meta property=\"product:price:currency\" content=\"EUR\" \/>\n<meta property=\"og:availability\" content=\"instock\" \/>\n<meta property=\"product:availability\" content=\"instock\" \/>\n<meta property=\"product:retailer_item_id\" content=\"33701\" \/>\n<meta property=\"product:condition\" content=\"new\" \/>\n<!-- \/ Yoast SEO Premium plugin. -->","yoast_head_json":{"title":"K\u00dcKEN PRECISION STAINLESS STEEL KITCHEN SCALE 5KG - K\u00fcken","description":"New and exclusive k\u00fcken digital kitchen scales made of stainless steel. Weigh accurately up to 5kg quickly and easily, discover it now.","robots":{"index":"noindex","follow":"follow","max-snippet":"max-snippet:-1","max-image-preview":"max-image-preview:large","max-video-preview":"max-video-preview:-1"},"og_locale":"en_GB","og_type":"article","og_title":"BALANZA DE COCINA INOX PRECISI\u00d3N 5KG K\u00dcKEN","og_description":"Nueva y exclusiva balanza de cocina digital k\u00fcken de acero inox. Pesa con exactitud hasta 5kg de manera r\u00e1pida y f\u00e1cil, desc\u00fabrela ahora.","og_url":"https:\/\/kuken.alfadyser.dev\/en\/product-2\/kitchen-inox-precision-5kg-kuken-kitchen-scale\/","og_site_name":"K\u00fcken","article_publisher":"https:\/\/es-es.facebook.com\/alfadyser\/","article_modified_time":"2025-07-28T09:42:36+00:00","og_image":[{"width":853,"height":853,"url":"https:\/\/kuken.alfadyser.dev\/wp-content\/uploads\/2020\/03\/Balanzas-cocina-ELECTR\u00d3NICA-INOX-PRECISI\u00d3N-5KG-KUKEN.jpg","type":"image\/jpeg"}],"twitter_card":"summary_large_image","twitter_misc":{"Price":"","Availability":"In stock"},"schema":{"@context":"https:\/\/schema.org","@graph":[{"@type":"WebPage","@id":"https:\/\/kuken.alfadyser.dev\/producto\/balanza-de-cocina-inox-precision-5kg-kuken\/","url":"https:\/\/kuken.alfadyser.dev\/producto\/balanza-de-cocina-inox-precision-5kg-kuken\/","name":"K\u00dcKEN PRECISION STAINLESS STEEL KITCHEN SCALE 5KG - K\u00fcken","isPartOf":{"@id":"https:\/\/kuken.alfadyser.dev\/#website"},"primaryImageOfPage":{"@id":"https:\/\/kuken.alfadyser.dev\/producto\/balanza-de-cocina-inox-precision-5kg-kuken\/#primaryimage"},"image":{"@id":"https:\/\/kuken.alfadyser.dev\/producto\/balanza-de-cocina-inox-precision-5kg-kuken\/#primaryimage"},"thumbnailUrl":"https:\/\/kuken.alfadyser.dev\/wp-content\/uploads\/2020\/03\/Balanzas-cocina-ELECTR\u00d3NICA-INOX-PRECISI\u00d3N-5KG-KUKEN.jpg","datePublished":"2020-03-02T09:16:22+00:00","dateModified":"2025-07-28T09:42:36+00:00","description":"New and exclusive k\u00fcken digital kitchen scales made of stainless steel. Weigh accurately up to 5kg quickly and easily, discover it now.","breadcrumb":{"@id":"https:\/\/kuken.alfadyser.dev\/producto\/balanza-de-cocina-inox-precision-5kg-kuken\/#breadcrumb"},"inLanguage":"en-GB","potentialAction":[{"@type":"ReadAction","target":["https:\/\/kuken.alfadyser.dev\/producto\/balanza-de-cocina-inox-precision-5kg-kuken\/"]}]},{"@type":"ImageObject","inLanguage":"en-GB","@id":"https:\/\/kuken.alfadyser.dev\/producto\/balanza-de-cocina-inox-precision-5kg-kuken\/#primaryimage","url":"https:\/\/kuken.alfadyser.dev\/wp-content\/uploads\/2020\/03\/Balanzas-cocina-ELECTR\u00d3NICA-INOX-PRECISI\u00d3N-5KG-KUKEN.jpg","contentUrl":"https:\/\/kuken.alfadyser.dev\/wp-content\/uploads\/2020\/03\/Balanzas-cocina-ELECTR\u00d3NICA-INOX-PRECISI\u00d3N-5KG-KUKEN.jpg","width":853,"height":853,"caption":"Balanza de cocina k\u00fcken de 5kg con acabado inox"},{"@type":"BreadcrumbList","@id":"https:\/\/kuken.alfadyser.dev\/producto\/balanza-de-cocina-inox-precision-5kg-kuken\/#breadcrumb","itemListElement":[{"@type":"ListItem","position":1,"name":"Portada","item":"https:\/\/kuken.alfadyser.dev\/"},{"@type":"ListItem","position":2,"name":"Productos","item":"https:\/\/kuken.alfadyser.dev\/productos\/"},{"@type":"ListItem","position":3,"name":"BALANZA DE COCINA INOX PRECISI\u00d3N 5KG K\u00dcKEN"}]},{"@type":"WebSite","@id":"https:\/\/kuken.alfadyser.dev\/#website","url":"https:\/\/kuken.alfadyser.dev\/","name":"K\u00fcken","description":"Wide range of k\u00fcken small household appliances","publisher":{"@id":"https:\/\/kuken.alfadyser.dev\/#organization"},"potentialAction":[{"@type":"SearchAction","target":{"@type":"EntryPoint","urlTemplate":"https:\/\/kuken.alfadyser.dev\/?s={search_term_string}"},"query-input":{"@type":"PropertyValueSpecification","valueRequired":true,"valueName":"search_term_string"}}],"inLanguage":"en-GB"},{"@type":"Organization","@id":"https:\/\/kuken.alfadyser.dev\/#organization","name":"Alpha Dyser","url":"https:\/\/kuken.alfadyser.dev\/","logo":{"@type":"ImageObject","inLanguage":"en-GB","@id":"https:\/\/kuken.alfadyser.dev\/#\/schema\/logo\/image\/","url":"https:\/\/kuken.alfadyser.dev\/wp-content\/uploads\/2019\/04\/kuken-logo.png","contentUrl":"https:\/\/kuken.alfadyser.dev\/wp-content\/uploads\/2019\/04\/kuken-logo.png","width":500,"height":191,"caption":"Alfa Dyser"},"image":{"@id":"https:\/\/kuken.alfadyser.dev\/#\/schema\/logo\/image\/"},"sameAs":["https:\/\/es-es.facebook.com\/alfadyser\/","https:\/\/www.instagram.com\/kuken_appliances\/"]}]},"product_price_currency":"EUR","og_availability":"instock","product_availability":"instock","product_retailer_item_id":"33701","product_condition":"new"},"_links":{"self":[{"href":"https:\/\/kuken.alfadyser.dev\/en\/wp-json\/wp\/v2\/product\/3373","targetHints":{"allow":["GET"]}}],"collection":[{"href":"https:\/\/kuken.alfadyser.dev\/en\/wp-json\/wp\/v2\/product"}],"about":[{"href":"https:\/\/kuken.alfadyser.dev\/en\/wp-json\/wp\/v2\/types\/product"}],"wp:featuredmedia":[{"embeddable":true,"href":"https:\/\/kuken.alfadyser.dev\/en\/wp-json\/wp\/v2\/media\/3374"}],"wp:attachment":[{"href":"https:\/\/kuken.alfadyser.dev\/en\/wp-json\/wp\/v2\/media?parent=3373"}],"wp:term":[{"taxonomy":"product_brand","embeddable":true,"href":"https:\/\/kuken.alfadyser.dev\/en\/wp-json\/wp\/v2\/product_brand?post=3373"},{"taxonomy":"product_cat","embeddable":true,"href":"https:\/\/kuken.alfadyser.dev\/en\/wp-json\/wp\/v2\/product_cat?post=3373"},{"taxonomy":"product_tag","embeddable":true,"href":"https:\/\/kuken.alfadyser.dev\/en\/wp-json\/wp\/v2\/product_tag?post=3373"}],"curies":[{"name":"wp","href":"https:\/\/api.w.org\/{rel}","templated":true}]}}