{"id":3284,"date":"2020-03-02T10:02:07","date_gmt":"2020-03-02T09:02:07","guid":{"rendered":"https:\/\/kuken.alfadyser.dev\/producto\/microondas-700w-20-litros-blanco-kuken\/"},"modified":"2025-07-23T11:22:52","modified_gmt":"2025-07-23T09:22:52","slug":"microwaves-white-700w-20-litre-kuken-2","status":"publish","type":"product","link":"https:\/\/kuken.alfadyser.dev\/en\/product-2\/microwaves-white-700w-20-litre-kuken-2\/","title":{"rendered":"700W WHITE MICROWAVE 20 LITRES K\u00dcKEN"},"content":{"rendered":"<p>700W WHITE MICROWAVE 20 LITRES K\u00dcKEN<\/p>\n<ul data-start=\"785\" data-end=\"1553\">\n<li data-start=\"785\" data-end=\"859\">\n<p data-start=\"787\" data-end=\"859\">Cuerpo interior en acero, resistente y duradero para uso continuo.<\/p>\n<\/li>\n<li data-start=\"860\" data-end=\"934\">\n<p data-start=\"862\" data-end=\"934\">Acabado exterior en blanco, f\u00e1cil de integrar en cualquier cocina.<\/p>\n<\/li>\n<li data-start=\"935\" data-end=\"1020\">\n<p data-start=\"937\" data-end=\"1020\">Capacidad interior de 20 litros, adecuada para platos y recipientes est\u00e1ndar.<\/p>\n<\/li>\n<li data-start=\"1021\" data-end=\"1096\">\n<p data-start=\"1023\" data-end=\"1096\">Regulador con 5 niveles de potencia, adapta la cocci\u00f3n al alimento.<\/p>\n<\/li>\n<li data-start=\"1097\" data-end=\"1169\">\n<p data-start=\"1099\" data-end=\"1169\">Incluye funci\u00f3n descongelar, pr\u00e1ctica para alimentos congelados.<\/p>\n<\/li>\n<li data-start=\"1170\" data-end=\"1254\">\n<p data-start=\"1172\" data-end=\"1254\">Temporizador de hasta 35 minutos, permite controlar el tiempo con precisi\u00f3n.<\/p>\n<\/li>\n<li data-start=\"1255\" data-end=\"1347\">\n<p data-start=\"1257\" data-end=\"1347\">Puerta de seguridad con tecnolog\u00eda Anti Calor, c\u00e1mara de aire para mayor protecci\u00f3n.<\/p>\n<\/li>\n<li data-start=\"1348\" data-end=\"1417\">\n<p data-start=\"1350\" data-end=\"1417\">Plato giratorio de cristal, mejora la distribuci\u00f3n del calor.<\/p>\n<\/li>\n<li data-start=\"1418\" data-end=\"1470\">\n<p data-start=\"1420\" data-end=\"1470\">Plato extra\u00edble, f\u00e1cil de retirar y limpiar.<\/p>\n<\/li>\n<li data-start=\"1471\" data-end=\"1553\">\n<p data-start=\"1473\" data-end=\"1553\">Potencia de 700W, ideal para calentar, cocinar o descongelar con eficiencia.<\/p>\n<\/li>\n<\/ul>\n<p><div class=\"accordion\"><div class=\"mfn-acc accordion_wrapper  toggle\"><div class=\"question\"><div class=\"title\"><i class=\"icon-plus acc-icon-plus\" aria-hidden=\"true\"><\/i><i class=\"icon-minus acc-icon-minus\" aria-hidden=\"true\"><\/i>Product data<\/div><div class=\"answer\">EAN 8425160337629<\/p>\n<p>700W WHITE MICROWAVE 20 LITRES K\u00dcKEN<\/p>\n<p>Package unit 1<br \/>\nColour White<br \/>\nPackaging Box Colour<br \/>\nPower 700 W<br \/>\nVoltage 230 V<br \/>\nLarge Size<br \/>\nDimensions 440mm (W) \/ 259mm (H) \/ 335mm (D) Capacity 20 Litres<br \/>\nMaterial Painted Aluminium<br \/>\nNon-slip feet Yes<br \/>\nSpeed 6<br \/>\nProgrammable timer Yes<br \/>\nWeight 9.1 kg.<\/div><\/div>\n<\/div><\/div>\n<br \/>\n<div class=\"accordion\"><div class=\"mfn-acc accordion_wrapper  toggle\"><div class=\"question\"><div class=\"title\"><i class=\"icon-plus acc-icon-plus\" aria-hidden=\"true\"><\/i><i class=\"icon-minus acc-icon-minus\" aria-hidden=\"true\"><\/i>Accessories<\/div><div class=\"answer\"><\/div><\/div>\n<\/div><\/div>\n<\/p>\n<div class=\"descargas-producto\"><a href=\"https:\/\/kuken.alfadyser.dev\/wp-content\/uploads\/8425160337629_ficha_tecnica.pdf\" target=\"_blank\" rel=\"noopener noreferrer\"><br \/>\n<img loading=\"lazy\" decoding=\"async\" src=\"\/wp-content\/uploads\/2019\/12\/picto-descarrega.png\" alt=\"download data sheet\" width=\"23\" height=\"16\" \/>Download sheet<\/a><a href=\"https:\/\/kuken.alfadyser.dev\/wp-content\/uploads\/33762_instucciones.pdf\" target=\"_blank\" rel=\"noopener noreferrer\"><br \/>\n<img loading=\"lazy\" decoding=\"async\" src=\"\/wp-content\/uploads\/2019\/12\/picto-descarrega.png\" alt=\"download instruction manual\" width=\"23\" height=\"16\" \/>Download manual<\/a><\/div>\n<div><\/div>\n<div><span style=\"color: #bf2121\">Follow us on social media!<\/span><\/div>\n<div><a href=\"https:\/\/www.instagram.com\/kuken_appliances\/\">https:\/\/www.instagram.com\/kuken_appliances\/<\/a><\/div>","protected":false},"excerpt":{"rendered":"<p data-start=\"481\" data-end=\"638\">Dise\u00f1o cl\u00e1sico y funcional. Con 5 niveles de potencia, funci\u00f3n descongelar y acabado blanco, este microondas ofrece comodidad y estilo para tu cocina diaria.<\/p>\n<p data-start=\"640\" data-end=\"711\">","protected":false},"featured_media":11551,"template":"","meta":[],"product_brand":[],"product_cat":[196],"product_tag":[],"class_list":{"0":"post-3284","1":"product","2":"type-product","3":"status-publish","4":"has-post-thumbnail","6":"product_cat-hornos-microondas","8":"first","9":"instock","10":"product-type-simple"},"yoast_head":"<!-- This site is optimized with the Yoast SEO Premium plugin v24.0 (Yoast SEO v26.5) - https:\/\/yoast.com\/wordpress\/plugins\/seo\/ -->\n<title>MICROONDAS BLANCO 700W 20 LITROS K\u00dcKEN - K\u00fcken<\/title>\n<meta name=\"description\" content=\"Nuevo y exclusivo microondas 700w 20l k\u00fcken blanco. Prepara deliciosos platos de manera, r\u00e1pida y f\u00e1cil, descubre su nuevo dise\u00f1o aqu\u00ed.\" \/>\n<meta name=\"robots\" content=\"noindex, follow, max-snippet:-1, max-image-preview:large, max-video-preview:-1\" \/>\n<meta property=\"og:locale\" content=\"en_GB\" \/>\n<meta property=\"og:type\" content=\"article\" \/>\n<meta property=\"og:title\" content=\"MICROONDAS BLANCO 700W 20 LITROS K\u00dcKEN\" \/>\n<meta property=\"og:description\" content=\"Nuevo y exclusivo microondas 700w 20l k\u00fcken blanco. Prepara deliciosos platos de manera, r\u00e1pida y f\u00e1cil, descubre su nuevo dise\u00f1o aqu\u00ed.\" \/>\n<meta property=\"og:url\" content=\"https:\/\/kuken.alfadyser.dev\/en\/product-2\/microwaves-white-700w-20-litre-kuken-2\/\" \/>\n<meta property=\"og:site_name\" content=\"K\u00fcken\" \/>\n<meta property=\"article:publisher\" content=\"https:\/\/es-es.facebook.com\/alfadyser\/\" \/>\n<meta property=\"article:modified_time\" content=\"2025-07-23T09:22:52+00:00\" \/>\n<meta property=\"og:image\" content=\"https:\/\/kuken.alfadyser.dev\/wp-content\/uploads\/8425160337629_01.jpg\" \/>\n\t<meta property=\"og:image:width\" content=\"2000\" \/>\n\t<meta property=\"og:image:height\" content=\"2000\" \/>\n\t<meta property=\"og:image:type\" content=\"image\/jpeg\" \/>\n<meta name=\"twitter:card\" content=\"summary_large_image\" \/>\n<meta name=\"twitter:label1\" content=\"Price\" \/>\n\t<meta name=\"twitter:data1\" content=\"\" \/>\n\t<meta name=\"twitter:label2\" content=\"Availability\" \/>\n\t<meta name=\"twitter:data2\" content=\"In stock\" \/>\n<script type=\"application\/ld+json\" class=\"yoast-schema-graph\">{\"@context\":\"https:\/\/schema.org\",\"@graph\":[{\"@type\":\"WebPage\",\"@id\":\"https:\/\/kuken.alfadyser.dev\/producto\/microondas-blanco-700w-20-litros-kuken\/\",\"url\":\"https:\/\/kuken.alfadyser.dev\/producto\/microondas-blanco-700w-20-litros-kuken\/\",\"name\":\"MICROONDAS BLANCO 700W 20 LITROS K\u00dcKEN - K\u00fcken\",\"isPartOf\":{\"@id\":\"https:\/\/kuken.alfadyser.dev\/#website\"},\"primaryImageOfPage\":{\"@id\":\"https:\/\/kuken.alfadyser.dev\/producto\/microondas-blanco-700w-20-litros-kuken\/#primaryimage\"},\"image\":{\"@id\":\"https:\/\/kuken.alfadyser.dev\/producto\/microondas-blanco-700w-20-litros-kuken\/#primaryimage\"},\"thumbnailUrl\":\"https:\/\/kuken.alfadyser.dev\/wp-content\/uploads\/8425160337629_01.jpg\",\"datePublished\":\"2020-03-02T09:02:07+00:00\",\"dateModified\":\"2025-07-23T09:22:52+00:00\",\"description\":\"Nuevo y exclusivo microondas 700w 20l k\u00fcken blanco. Prepara deliciosos platos de manera, r\u00e1pida y f\u00e1cil, descubre su nuevo dise\u00f1o aqu\u00ed.\",\"breadcrumb\":{\"@id\":\"https:\/\/kuken.alfadyser.dev\/producto\/microondas-blanco-700w-20-litros-kuken\/#breadcrumb\"},\"inLanguage\":\"en-GB\",\"potentialAction\":[{\"@type\":\"ReadAction\",\"target\":[\"https:\/\/kuken.alfadyser.dev\/producto\/microondas-blanco-700w-20-litros-kuken\/\"]}]},{\"@type\":\"ImageObject\",\"inLanguage\":\"en-GB\",\"@id\":\"https:\/\/kuken.alfadyser.dev\/producto\/microondas-blanco-700w-20-litros-kuken\/#primaryimage\",\"url\":\"https:\/\/kuken.alfadyser.dev\/wp-content\/uploads\/8425160337629_01.jpg\",\"contentUrl\":\"https:\/\/kuken.alfadyser.dev\/wp-content\/uploads\/8425160337629_01.jpg\",\"width\":2000,\"height\":2000},{\"@type\":\"BreadcrumbList\",\"@id\":\"https:\/\/kuken.alfadyser.dev\/producto\/microondas-blanco-700w-20-litros-kuken\/#breadcrumb\",\"itemListElement\":[{\"@type\":\"ListItem\",\"position\":1,\"name\":\"Portada\",\"item\":\"https:\/\/kuken.alfadyser.dev\/\"},{\"@type\":\"ListItem\",\"position\":2,\"name\":\"Productos\",\"item\":\"https:\/\/kuken.alfadyser.dev\/productos\/\"},{\"@type\":\"ListItem\",\"position\":3,\"name\":\"MICROONDAS BLANCO 700W 20 LITROS K\u00dcKEN\"}]},{\"@type\":\"WebSite\",\"@id\":\"https:\/\/kuken.alfadyser.dev\/#website\",\"url\":\"https:\/\/kuken.alfadyser.dev\/\",\"name\":\"K\u00fcken\",\"description\":\"Amplia gama de peque\u00f1o electrodom\u00e9stico k\u00fcken\",\"publisher\":{\"@id\":\"https:\/\/kuken.alfadyser.dev\/#organization\"},\"potentialAction\":[{\"@type\":\"SearchAction\",\"target\":{\"@type\":\"EntryPoint\",\"urlTemplate\":\"https:\/\/kuken.alfadyser.dev\/?s={search_term_string}\"},\"query-input\":{\"@type\":\"PropertyValueSpecification\",\"valueRequired\":true,\"valueName\":\"search_term_string\"}}],\"inLanguage\":\"en-GB\"},{\"@type\":\"Organization\",\"@id\":\"https:\/\/kuken.alfadyser.dev\/#organization\",\"name\":\"Alfa Dyser\",\"url\":\"https:\/\/kuken.alfadyser.dev\/\",\"logo\":{\"@type\":\"ImageObject\",\"inLanguage\":\"en-GB\",\"@id\":\"https:\/\/kuken.alfadyser.dev\/#\/schema\/logo\/image\/\",\"url\":\"https:\/\/kuken.alfadyser.dev\/wp-content\/uploads\/2019\/04\/kuken-logo.png\",\"contentUrl\":\"https:\/\/kuken.alfadyser.dev\/wp-content\/uploads\/2019\/04\/kuken-logo.png\",\"width\":500,\"height\":191,\"caption\":\"Alfa Dyser\"},\"image\":{\"@id\":\"https:\/\/kuken.alfadyser.dev\/#\/schema\/logo\/image\/\"},\"sameAs\":[\"https:\/\/es-es.facebook.com\/alfadyser\/\",\"https:\/\/www.instagram.com\/kuken_appliances\/\"]}]}<\/script>\n<meta property=\"product:price:currency\" content=\"EUR\" \/>\n<meta property=\"og:availability\" content=\"instock\" \/>\n<meta property=\"product:availability\" content=\"instock\" \/>\n<meta property=\"product:retailer_item_id\" content=\"33762\" \/>\n<meta property=\"product:condition\" content=\"new\" \/>\n<!-- \/ Yoast SEO Premium plugin. -->","yoast_head_json":{"title":"MICROWAVE 700W 20 LITRE WHITE K\u00dcKEN - K\u00fcken","description":"New and exclusive 700w 20l k\u00fcken white microwave oven. Prepare delicious dishes quickly and easily, discover its new design here.","robots":{"index":"noindex","follow":"follow","max-snippet":"max-snippet:-1","max-image-preview":"max-image-preview:large","max-video-preview":"max-video-preview:-1"},"og_locale":"en_GB","og_type":"article","og_title":"MICROONDAS BLANCO 700W 20 LITROS K\u00dcKEN","og_description":"Nuevo y exclusivo microondas 700w 20l k\u00fcken blanco. Prepara deliciosos platos de manera, r\u00e1pida y f\u00e1cil, descubre su nuevo dise\u00f1o aqu\u00ed.","og_url":"https:\/\/kuken.alfadyser.dev\/en\/product-2\/microwaves-white-700w-20-litre-kuken-2\/","og_site_name":"K\u00fcken","article_publisher":"https:\/\/es-es.facebook.com\/alfadyser\/","article_modified_time":"2025-07-23T09:22:52+00:00","og_image":[{"width":2000,"height":2000,"url":"https:\/\/kuken.alfadyser.dev\/wp-content\/uploads\/8425160337629_01.jpg","type":"image\/jpeg"}],"twitter_card":"summary_large_image","twitter_misc":{"Price":"","Availability":"In stock"},"schema":{"@context":"https:\/\/schema.org","@graph":[{"@type":"WebPage","@id":"https:\/\/kuken.alfadyser.dev\/producto\/microondas-blanco-700w-20-litros-kuken\/","url":"https:\/\/kuken.alfadyser.dev\/producto\/microondas-blanco-700w-20-litros-kuken\/","name":"MICROWAVE 700W 20 LITRE WHITE K\u00dcKEN - K\u00fcken","isPartOf":{"@id":"https:\/\/kuken.alfadyser.dev\/#website"},"primaryImageOfPage":{"@id":"https:\/\/kuken.alfadyser.dev\/producto\/microondas-blanco-700w-20-litros-kuken\/#primaryimage"},"image":{"@id":"https:\/\/kuken.alfadyser.dev\/producto\/microondas-blanco-700w-20-litros-kuken\/#primaryimage"},"thumbnailUrl":"https:\/\/kuken.alfadyser.dev\/wp-content\/uploads\/8425160337629_01.jpg","datePublished":"2020-03-02T09:02:07+00:00","dateModified":"2025-07-23T09:22:52+00:00","description":"New and exclusive 700w 20l k\u00fcken white microwave oven. Prepare delicious dishes quickly and easily, discover its new design here.","breadcrumb":{"@id":"https:\/\/kuken.alfadyser.dev\/producto\/microondas-blanco-700w-20-litros-kuken\/#breadcrumb"},"inLanguage":"en-GB","potentialAction":[{"@type":"ReadAction","target":["https:\/\/kuken.alfadyser.dev\/producto\/microondas-blanco-700w-20-litros-kuken\/"]}]},{"@type":"ImageObject","inLanguage":"en-GB","@id":"https:\/\/kuken.alfadyser.dev\/producto\/microondas-blanco-700w-20-litros-kuken\/#primaryimage","url":"https:\/\/kuken.alfadyser.dev\/wp-content\/uploads\/8425160337629_01.jpg","contentUrl":"https:\/\/kuken.alfadyser.dev\/wp-content\/uploads\/8425160337629_01.jpg","width":2000,"height":2000},{"@type":"BreadcrumbList","@id":"https:\/\/kuken.alfadyser.dev\/producto\/microondas-blanco-700w-20-litros-kuken\/#breadcrumb","itemListElement":[{"@type":"ListItem","position":1,"name":"Portada","item":"https:\/\/kuken.alfadyser.dev\/"},{"@type":"ListItem","position":2,"name":"Productos","item":"https:\/\/kuken.alfadyser.dev\/productos\/"},{"@type":"ListItem","position":3,"name":"MICROONDAS BLANCO 700W 20 LITROS K\u00dcKEN"}]},{"@type":"WebSite","@id":"https:\/\/kuken.alfadyser.dev\/#website","url":"https:\/\/kuken.alfadyser.dev\/","name":"K\u00fcken","description":"Wide range of k\u00fcken small household appliances","publisher":{"@id":"https:\/\/kuken.alfadyser.dev\/#organization"},"potentialAction":[{"@type":"SearchAction","target":{"@type":"EntryPoint","urlTemplate":"https:\/\/kuken.alfadyser.dev\/?s={search_term_string}"},"query-input":{"@type":"PropertyValueSpecification","valueRequired":true,"valueName":"search_term_string"}}],"inLanguage":"en-GB"},{"@type":"Organization","@id":"https:\/\/kuken.alfadyser.dev\/#organization","name":"Alpha Dyser","url":"https:\/\/kuken.alfadyser.dev\/","logo":{"@type":"ImageObject","inLanguage":"en-GB","@id":"https:\/\/kuken.alfadyser.dev\/#\/schema\/logo\/image\/","url":"https:\/\/kuken.alfadyser.dev\/wp-content\/uploads\/2019\/04\/kuken-logo.png","contentUrl":"https:\/\/kuken.alfadyser.dev\/wp-content\/uploads\/2019\/04\/kuken-logo.png","width":500,"height":191,"caption":"Alfa Dyser"},"image":{"@id":"https:\/\/kuken.alfadyser.dev\/#\/schema\/logo\/image\/"},"sameAs":["https:\/\/es-es.facebook.com\/alfadyser\/","https:\/\/www.instagram.com\/kuken_appliances\/"]}]},"product_price_currency":"EUR","og_availability":"instock","product_availability":"instock","product_retailer_item_id":"33762","product_condition":"new"},"_links":{"self":[{"href":"https:\/\/kuken.alfadyser.dev\/en\/wp-json\/wp\/v2\/product\/3284","targetHints":{"allow":["GET"]}}],"collection":[{"href":"https:\/\/kuken.alfadyser.dev\/en\/wp-json\/wp\/v2\/product"}],"about":[{"href":"https:\/\/kuken.alfadyser.dev\/en\/wp-json\/wp\/v2\/types\/product"}],"wp:featuredmedia":[{"embeddable":true,"href":"https:\/\/kuken.alfadyser.dev\/en\/wp-json\/wp\/v2\/media\/11551"}],"wp:attachment":[{"href":"https:\/\/kuken.alfadyser.dev\/en\/wp-json\/wp\/v2\/media?parent=3284"}],"wp:term":[{"taxonomy":"product_brand","embeddable":true,"href":"https:\/\/kuken.alfadyser.dev\/en\/wp-json\/wp\/v2\/product_brand?post=3284"},{"taxonomy":"product_cat","embeddable":true,"href":"https:\/\/kuken.alfadyser.dev\/en\/wp-json\/wp\/v2\/product_cat?post=3284"},{"taxonomy":"product_tag","embeddable":true,"href":"https:\/\/kuken.alfadyser.dev\/en\/wp-json\/wp\/v2\/product_tag?post=3284"}],"curies":[{"name":"wp","href":"https:\/\/api.w.org\/{rel}","templated":true}]}}