{"id":3243,"date":"2020-03-02T10:00:31","date_gmt":"2020-03-02T09:00:31","guid":{"rendered":"https:\/\/kuken.alfadyser.dev\/producto\/hornillo-electrico-blanco-1-fuego-1000w-kuken\/"},"modified":"2025-07-23T11:28:36","modified_gmt":"2025-07-23T09:28:36","slug":"stove-electric-white-1-fire-1000w-kuken","status":"publish","type":"product","link":"https:\/\/kuken.alfadyser.dev\/en\/product-2\/stove-electric-white-1-fire-1000w-kuken\/","title":{"rendered":"ELECTRIC COOKER WHITE 1 BURNER 1000W K\u00dcKEN"},"content":{"rendered":"<p>ELECTRIC COOKER WHITE 1 BURNER 1000W K\u00dcKEN<\/p>\n<ul data-start=\"746\" data-end=\"1438\">\n<li data-start=\"746\" data-end=\"817\">\n<p data-start=\"748\" data-end=\"817\">Dise\u00f1o compacto en color blanco, ideal para espacios reducidos.<\/p>\n<\/li>\n<li data-start=\"818\" data-end=\"900\">\n<p data-start=\"820\" data-end=\"900\">1 placa el\u00e9ctrica blindada y cal\u00f3rica, adecuada para cocinar con eficacia.<\/p>\n<\/li>\n<li data-start=\"901\" data-end=\"996\">\n<p data-start=\"903\" data-end=\"996\">Selector giratorio con 5 niveles de temperatura, ajusta el calor seg\u00fan tus necesidades.<\/p>\n<\/li>\n<li data-start=\"997\" data-end=\"1073\">\n<p data-start=\"999\" data-end=\"1073\">Luz LED indicadora de encendido, mejora la seguridad durante su uso.<\/p>\n<\/li>\n<li data-start=\"1074\" data-end=\"1139\">\n<p data-start=\"1076\" data-end=\"1139\">F\u00e1cil de usar y de limpiar, gracias a su superficie lisa.<\/p>\n<\/li>\n<li data-start=\"1140\" data-end=\"1226\">\n<p data-start=\"1142\" data-end=\"1226\">Patas de goma antideslizantes, garantizan estabilidad en cualquier superficie.<\/p>\n<\/li>\n<li data-start=\"1227\" data-end=\"1305\">\n<p data-start=\"1229\" data-end=\"1305\">Potencia de 1000W, perfecta para calentar, cocer o mantener alimentos.<\/p>\n<\/li>\n<li data-start=\"1306\" data-end=\"1376\">\n<p data-start=\"1308\" data-end=\"1376\">Ideal como hornillo auxiliar, para camping o cocinas peque\u00f1as.<\/p>\n<\/li>\n<li data-start=\"1377\" data-end=\"1438\">\n<p data-start=\"1379\" data-end=\"1438\">Una soluci\u00f3n pr\u00e1ctica, segura y port\u00e1til para el d\u00eda a d\u00eda.<\/p>\n<\/li>\n<\/ul>\n<p><div class=\"accordion\"><div class=\"mfn-acc accordion_wrapper  toggle\"><div class=\"question\"><div class=\"title\"><i class=\"icon-plus acc-icon-plus\" aria-hidden=\"true\"><\/i><i class=\"icon-minus acc-icon-minus\" aria-hidden=\"true\"><\/i>Product data<\/div><div class=\"answer\">EAN 8425160336677<\/p>\n<p>ELECTRIC COOKER WHITE 1 BURNER 1000W K\u00dcKEN<\/p>\n<p>Package unit 1<br \/>\nColour White<br \/>\nPackaging Coloured box<br \/>\nPower 1000 W<br \/>\nVoltage 230 V<br \/>\nSize Medium<br \/>\nMaterial Painted Aluminium<br \/>\nNon-slip feet Yes<br \/>\nCooker plates 1<br \/>\nDimensions 260mm (width)\/60mm (height)\/270mm (depth)<br \/>\nDiameter 190 mm.<br \/>\nWeight 1.5 kg.<\/div><\/div>\n<\/div><\/div>\n<br \/>\n<div class=\"accordion\"><div class=\"mfn-acc accordion_wrapper  toggle\"><div class=\"question\"><div class=\"title\"><i class=\"icon-plus acc-icon-plus\" aria-hidden=\"true\"><\/i><i class=\"icon-minus acc-icon-minus\" aria-hidden=\"true\"><\/i>Accessories<\/div><div class=\"answer\"><\/div><\/div>\n<\/div><\/div>\n<\/p>\n<div class=\"descargas-producto\"><a href=\"\/wp-content\/uploads\/pdf\/8425160336677_ficha_tecnica.pdf\" target=\"_blank\" rel=\"noopener noreferrer\"><br \/>\n<img loading=\"lazy\" decoding=\"async\" src=\"\/wp-content\/uploads\/2019\/12\/picto-descarrega.png\" alt=\"download data sheet\" width=\"23\" height=\"16\" \/>Download sheet<\/a><a href=\"https:\/\/kuken.alfadyser.dev\/wp-content\/uploads\/33667_instrucciones.pdf\" target=\"_blank\" rel=\"noopener noreferrer\"><br \/>\n<img loading=\"lazy\" decoding=\"async\" src=\"\/wp-content\/uploads\/2019\/12\/picto-descarrega.png\" alt=\"download instruction manual\" width=\"23\" height=\"16\" \/>Download manual<\/a><\/div>\n<div><\/div>\n<div><span style=\"color: #bf2121\">Follow us on social media!<\/span><\/div>\n<div><a href=\"https:\/\/www.instagram.com\/kuken_appliances\/\">https:\/\/www.instagram.com\/kuken_appliances\/<\/a><\/div>","protected":false},"excerpt":{"rendered":"<p data-start=\"444\" data-end=\"599\">Hornillo el\u00e9ctrico pr\u00e1ctico y funcional, ideal para cocinas peque\u00f1as o uso auxiliar. Con control de temperatura, base antideslizante y f\u00e1cil mantenimiento.<\/p>\n<p data-start=\"601\" data-end=\"672\">","protected":false},"featured_media":3244,"template":"","meta":[],"product_brand":[],"product_cat":[199],"product_tag":[],"class_list":{"0":"post-3243","1":"product","2":"type-product","3":"status-publish","4":"has-post-thumbnail","6":"product_cat-cocinas-hornillos-placas","8":"first","9":"instock","10":"product-type-simple"},"yoast_head":"<!-- This site is optimized with the Yoast SEO Premium plugin v24.0 (Yoast SEO v26.5) - https:\/\/yoast.com\/wordpress\/plugins\/seo\/ -->\n<title>HORNILLO EL\u00c9CTRICO BLANCO 1 FUEGO 1000W K\u00dcKEN - K\u00fcken<\/title>\n<meta name=\"description\" content=\"Exclusivo hornillo el\u00e9ctrico blanco de 1 fuego k\u00fcken. Prepara recetas donde quieras de manera m\u00e1s r\u00e1pida y f\u00e1cil. Desc\u00fabrelo aqu\u00ed.\" \/>\n<meta name=\"robots\" content=\"noindex, follow, max-snippet:-1, max-image-preview:large, max-video-preview:-1\" \/>\n<meta property=\"og:locale\" content=\"en_GB\" \/>\n<meta property=\"og:type\" content=\"article\" \/>\n<meta property=\"og:title\" content=\"HORNILLO EL\u00c9CTRICO BLANCO 1 FUEGO 1000W K\u00dcKEN\" \/>\n<meta property=\"og:description\" content=\"Exclusivo hornillo el\u00e9ctrico blanco de 1 fuego k\u00fcken. Prepara recetas donde quieras de manera m\u00e1s r\u00e1pida y f\u00e1cil. Desc\u00fabrelo aqu\u00ed.\" \/>\n<meta property=\"og:url\" content=\"https:\/\/kuken.alfadyser.dev\/en\/product-2\/stove-electric-white-1-fire-1000w-kuken\/\" \/>\n<meta property=\"og:site_name\" content=\"K\u00fcken\" \/>\n<meta property=\"article:publisher\" content=\"https:\/\/es-es.facebook.com\/alfadyser\/\" \/>\n<meta property=\"article:modified_time\" content=\"2025-07-23T09:28:36+00:00\" \/>\n<meta property=\"og:image\" content=\"https:\/\/kuken.alfadyser.dev\/wp-content\/uploads\/2020\/03\/HORNILLO-EL\u00c9CTRICO-BLANCO-1-FUEGO-1000W-KUKEN.jpg\" \/>\n\t<meta property=\"og:image:width\" content=\"853\" \/>\n\t<meta property=\"og:image:height\" content=\"853\" \/>\n\t<meta property=\"og:image:type\" content=\"image\/jpeg\" \/>\n<meta name=\"twitter:card\" content=\"summary_large_image\" \/>\n<meta name=\"twitter:label1\" content=\"Price\" \/>\n\t<meta name=\"twitter:data1\" content=\"\" \/>\n\t<meta name=\"twitter:label2\" content=\"Availability\" \/>\n\t<meta name=\"twitter:data2\" content=\"In stock\" \/>\n<script type=\"application\/ld+json\" class=\"yoast-schema-graph\">{\"@context\":\"https:\/\/schema.org\",\"@graph\":[{\"@type\":\"WebPage\",\"@id\":\"https:\/\/kuken.alfadyser.dev\/producto\/hornillo-electrico-blanco-1-fuego-1000w-kuken\/\",\"url\":\"https:\/\/kuken.alfadyser.dev\/producto\/hornillo-electrico-blanco-1-fuego-1000w-kuken\/\",\"name\":\"HORNILLO EL\u00c9CTRICO BLANCO 1 FUEGO 1000W K\u00dcKEN - K\u00fcken\",\"isPartOf\":{\"@id\":\"https:\/\/kuken.alfadyser.dev\/#website\"},\"primaryImageOfPage\":{\"@id\":\"https:\/\/kuken.alfadyser.dev\/producto\/hornillo-electrico-blanco-1-fuego-1000w-kuken\/#primaryimage\"},\"image\":{\"@id\":\"https:\/\/kuken.alfadyser.dev\/producto\/hornillo-electrico-blanco-1-fuego-1000w-kuken\/#primaryimage\"},\"thumbnailUrl\":\"https:\/\/kuken.alfadyser.dev\/wp-content\/uploads\/2020\/03\/HORNILLO-EL\u00c9CTRICO-BLANCO-1-FUEGO-1000W-KUKEN.jpg\",\"datePublished\":\"2020-03-02T09:00:31+00:00\",\"dateModified\":\"2025-07-23T09:28:36+00:00\",\"description\":\"Exclusivo hornillo el\u00e9ctrico blanco de 1 fuego k\u00fcken. Prepara recetas donde quieras de manera m\u00e1s r\u00e1pida y f\u00e1cil. Desc\u00fabrelo aqu\u00ed.\",\"breadcrumb\":{\"@id\":\"https:\/\/kuken.alfadyser.dev\/producto\/hornillo-electrico-blanco-1-fuego-1000w-kuken\/#breadcrumb\"},\"inLanguage\":\"en-GB\",\"potentialAction\":[{\"@type\":\"ReadAction\",\"target\":[\"https:\/\/kuken.alfadyser.dev\/producto\/hornillo-electrico-blanco-1-fuego-1000w-kuken\/\"]}]},{\"@type\":\"ImageObject\",\"inLanguage\":\"en-GB\",\"@id\":\"https:\/\/kuken.alfadyser.dev\/producto\/hornillo-electrico-blanco-1-fuego-1000w-kuken\/#primaryimage\",\"url\":\"https:\/\/kuken.alfadyser.dev\/wp-content\/uploads\/2020\/03\/HORNILLO-EL\u00c9CTRICO-BLANCO-1-FUEGO-1000W-KUKEN.jpg\",\"contentUrl\":\"https:\/\/kuken.alfadyser.dev\/wp-content\/uploads\/2020\/03\/HORNILLO-EL\u00c9CTRICO-BLANCO-1-FUEGO-1000W-KUKEN.jpg\",\"width\":853,\"height\":853,\"caption\":\"Hornillo el\u00e9ctrico blanco k\u00fcken de 1 fuego\"},{\"@type\":\"BreadcrumbList\",\"@id\":\"https:\/\/kuken.alfadyser.dev\/producto\/hornillo-electrico-blanco-1-fuego-1000w-kuken\/#breadcrumb\",\"itemListElement\":[{\"@type\":\"ListItem\",\"position\":1,\"name\":\"Portada\",\"item\":\"https:\/\/kuken.alfadyser.dev\/\"},{\"@type\":\"ListItem\",\"position\":2,\"name\":\"Productos\",\"item\":\"https:\/\/kuken.alfadyser.dev\/productos\/\"},{\"@type\":\"ListItem\",\"position\":3,\"name\":\"HORNILLO EL\u00c9CTRICO BLANCO 1 FUEGO 1000W K\u00dcKEN\"}]},{\"@type\":\"WebSite\",\"@id\":\"https:\/\/kuken.alfadyser.dev\/#website\",\"url\":\"https:\/\/kuken.alfadyser.dev\/\",\"name\":\"K\u00fcken\",\"description\":\"Amplia gama de peque\u00f1o electrodom\u00e9stico k\u00fcken\",\"publisher\":{\"@id\":\"https:\/\/kuken.alfadyser.dev\/#organization\"},\"potentialAction\":[{\"@type\":\"SearchAction\",\"target\":{\"@type\":\"EntryPoint\",\"urlTemplate\":\"https:\/\/kuken.alfadyser.dev\/?s={search_term_string}\"},\"query-input\":{\"@type\":\"PropertyValueSpecification\",\"valueRequired\":true,\"valueName\":\"search_term_string\"}}],\"inLanguage\":\"en-GB\"},{\"@type\":\"Organization\",\"@id\":\"https:\/\/kuken.alfadyser.dev\/#organization\",\"name\":\"Alfa Dyser\",\"url\":\"https:\/\/kuken.alfadyser.dev\/\",\"logo\":{\"@type\":\"ImageObject\",\"inLanguage\":\"en-GB\",\"@id\":\"https:\/\/kuken.alfadyser.dev\/#\/schema\/logo\/image\/\",\"url\":\"https:\/\/kuken.alfadyser.dev\/wp-content\/uploads\/2019\/04\/kuken-logo.png\",\"contentUrl\":\"https:\/\/kuken.alfadyser.dev\/wp-content\/uploads\/2019\/04\/kuken-logo.png\",\"width\":500,\"height\":191,\"caption\":\"Alfa Dyser\"},\"image\":{\"@id\":\"https:\/\/kuken.alfadyser.dev\/#\/schema\/logo\/image\/\"},\"sameAs\":[\"https:\/\/es-es.facebook.com\/alfadyser\/\",\"https:\/\/www.instagram.com\/kuken_appliances\/\"]}]}<\/script>\n<meta property=\"product:price:currency\" content=\"EUR\" \/>\n<meta property=\"og:availability\" content=\"instock\" \/>\n<meta property=\"product:availability\" content=\"instock\" \/>\n<meta property=\"product:retailer_item_id\" content=\"33667\" \/>\n<meta property=\"product:condition\" content=\"new\" \/>\n<!-- \/ Yoast SEO Premium plugin. -->","yoast_head_json":{"title":"WHITE ELECTRIC OVEN 1 FIRE 1000W K\u00dcKEN - K\u00fcken","description":"Exclusive k\u00fcken 1-flame white electric cooker. Prepare recipes wherever you want faster and easier. Discover it here.","robots":{"index":"noindex","follow":"follow","max-snippet":"max-snippet:-1","max-image-preview":"max-image-preview:large","max-video-preview":"max-video-preview:-1"},"og_locale":"en_GB","og_type":"article","og_title":"HORNILLO EL\u00c9CTRICO BLANCO 1 FUEGO 1000W K\u00dcKEN","og_description":"Exclusivo hornillo el\u00e9ctrico blanco de 1 fuego k\u00fcken. Prepara recetas donde quieras de manera m\u00e1s r\u00e1pida y f\u00e1cil. Desc\u00fabrelo aqu\u00ed.","og_url":"https:\/\/kuken.alfadyser.dev\/en\/product-2\/stove-electric-white-1-fire-1000w-kuken\/","og_site_name":"K\u00fcken","article_publisher":"https:\/\/es-es.facebook.com\/alfadyser\/","article_modified_time":"2025-07-23T09:28:36+00:00","og_image":[{"width":853,"height":853,"url":"https:\/\/kuken.alfadyser.dev\/wp-content\/uploads\/2020\/03\/HORNILLO-EL\u00c9CTRICO-BLANCO-1-FUEGO-1000W-KUKEN.jpg","type":"image\/jpeg"}],"twitter_card":"summary_large_image","twitter_misc":{"Price":"","Availability":"In stock"},"schema":{"@context":"https:\/\/schema.org","@graph":[{"@type":"WebPage","@id":"https:\/\/kuken.alfadyser.dev\/producto\/hornillo-electrico-blanco-1-fuego-1000w-kuken\/","url":"https:\/\/kuken.alfadyser.dev\/producto\/hornillo-electrico-blanco-1-fuego-1000w-kuken\/","name":"WHITE ELECTRIC OVEN 1 FIRE 1000W K\u00dcKEN - K\u00fcken","isPartOf":{"@id":"https:\/\/kuken.alfadyser.dev\/#website"},"primaryImageOfPage":{"@id":"https:\/\/kuken.alfadyser.dev\/producto\/hornillo-electrico-blanco-1-fuego-1000w-kuken\/#primaryimage"},"image":{"@id":"https:\/\/kuken.alfadyser.dev\/producto\/hornillo-electrico-blanco-1-fuego-1000w-kuken\/#primaryimage"},"thumbnailUrl":"https:\/\/kuken.alfadyser.dev\/wp-content\/uploads\/2020\/03\/HORNILLO-EL\u00c9CTRICO-BLANCO-1-FUEGO-1000W-KUKEN.jpg","datePublished":"2020-03-02T09:00:31+00:00","dateModified":"2025-07-23T09:28:36+00:00","description":"Exclusive k\u00fcken 1-flame white electric cooker. Prepare recipes wherever you want faster and easier. Discover it here.","breadcrumb":{"@id":"https:\/\/kuken.alfadyser.dev\/producto\/hornillo-electrico-blanco-1-fuego-1000w-kuken\/#breadcrumb"},"inLanguage":"en-GB","potentialAction":[{"@type":"ReadAction","target":["https:\/\/kuken.alfadyser.dev\/producto\/hornillo-electrico-blanco-1-fuego-1000w-kuken\/"]}]},{"@type":"ImageObject","inLanguage":"en-GB","@id":"https:\/\/kuken.alfadyser.dev\/producto\/hornillo-electrico-blanco-1-fuego-1000w-kuken\/#primaryimage","url":"https:\/\/kuken.alfadyser.dev\/wp-content\/uploads\/2020\/03\/HORNILLO-EL\u00c9CTRICO-BLANCO-1-FUEGO-1000W-KUKEN.jpg","contentUrl":"https:\/\/kuken.alfadyser.dev\/wp-content\/uploads\/2020\/03\/HORNILLO-EL\u00c9CTRICO-BLANCO-1-FUEGO-1000W-KUKEN.jpg","width":853,"height":853,"caption":"Hornillo el\u00e9ctrico blanco k\u00fcken de 1 fuego"},{"@type":"BreadcrumbList","@id":"https:\/\/kuken.alfadyser.dev\/producto\/hornillo-electrico-blanco-1-fuego-1000w-kuken\/#breadcrumb","itemListElement":[{"@type":"ListItem","position":1,"name":"Portada","item":"https:\/\/kuken.alfadyser.dev\/"},{"@type":"ListItem","position":2,"name":"Productos","item":"https:\/\/kuken.alfadyser.dev\/productos\/"},{"@type":"ListItem","position":3,"name":"HORNILLO EL\u00c9CTRICO BLANCO 1 FUEGO 1000W K\u00dcKEN"}]},{"@type":"WebSite","@id":"https:\/\/kuken.alfadyser.dev\/#website","url":"https:\/\/kuken.alfadyser.dev\/","name":"K\u00fcken","description":"Wide range of k\u00fcken small household appliances","publisher":{"@id":"https:\/\/kuken.alfadyser.dev\/#organization"},"potentialAction":[{"@type":"SearchAction","target":{"@type":"EntryPoint","urlTemplate":"https:\/\/kuken.alfadyser.dev\/?s={search_term_string}"},"query-input":{"@type":"PropertyValueSpecification","valueRequired":true,"valueName":"search_term_string"}}],"inLanguage":"en-GB"},{"@type":"Organization","@id":"https:\/\/kuken.alfadyser.dev\/#organization","name":"Alpha Dyser","url":"https:\/\/kuken.alfadyser.dev\/","logo":{"@type":"ImageObject","inLanguage":"en-GB","@id":"https:\/\/kuken.alfadyser.dev\/#\/schema\/logo\/image\/","url":"https:\/\/kuken.alfadyser.dev\/wp-content\/uploads\/2019\/04\/kuken-logo.png","contentUrl":"https:\/\/kuken.alfadyser.dev\/wp-content\/uploads\/2019\/04\/kuken-logo.png","width":500,"height":191,"caption":"Alfa Dyser"},"image":{"@id":"https:\/\/kuken.alfadyser.dev\/#\/schema\/logo\/image\/"},"sameAs":["https:\/\/es-es.facebook.com\/alfadyser\/","https:\/\/www.instagram.com\/kuken_appliances\/"]}]},"product_price_currency":"EUR","og_availability":"instock","product_availability":"instock","product_retailer_item_id":"33667","product_condition":"new"},"_links":{"self":[{"href":"https:\/\/kuken.alfadyser.dev\/en\/wp-json\/wp\/v2\/product\/3243","targetHints":{"allow":["GET"]}}],"collection":[{"href":"https:\/\/kuken.alfadyser.dev\/en\/wp-json\/wp\/v2\/product"}],"about":[{"href":"https:\/\/kuken.alfadyser.dev\/en\/wp-json\/wp\/v2\/types\/product"}],"wp:featuredmedia":[{"embeddable":true,"href":"https:\/\/kuken.alfadyser.dev\/en\/wp-json\/wp\/v2\/media\/3244"}],"wp:attachment":[{"href":"https:\/\/kuken.alfadyser.dev\/en\/wp-json\/wp\/v2\/media?parent=3243"}],"wp:term":[{"taxonomy":"product_brand","embeddable":true,"href":"https:\/\/kuken.alfadyser.dev\/en\/wp-json\/wp\/v2\/product_brand?post=3243"},{"taxonomy":"product_cat","embeddable":true,"href":"https:\/\/kuken.alfadyser.dev\/en\/wp-json\/wp\/v2\/product_cat?post=3243"},{"taxonomy":"product_tag","embeddable":true,"href":"https:\/\/kuken.alfadyser.dev\/en\/wp-json\/wp\/v2\/product_tag?post=3243"}],"curies":[{"name":"wp","href":"https:\/\/api.w.org\/{rel}","templated":true}]}}