{"id":3125,"date":"2020-03-02T09:43:11","date_gmt":"2020-03-02T08:43:11","guid":{"rendered":"https:\/\/kuken.alfadyser.dev\/producto\/sandwichera-electrica-grill-2000w-kuken\/"},"modified":"2025-07-23T12:06:49","modified_gmt":"2025-07-23T10:06:49","slug":"sandwich-maker-electric-grill-2000w-kuken","status":"publish","type":"product","link":"https:\/\/kuken.alfadyser.dev\/en\/product-2\/sandwich-maker-electric-grill-2000w-kuken\/","title":{"rendered":"K\u00dcKEN 2000W ELECTRIC GRILL SANDWICH MAKER"},"content":{"rendered":"<p>K\u00dcKEN 2000W ELECTRIC GRILL SANDWICH MAKER<\/p>\n<ul data-start=\"728\" data-end=\"1480\">\n<li data-start=\"728\" data-end=\"795\">\n<p data-start=\"730\" data-end=\"795\">Acabado en acero inoxidable y negro, elegante y resistente.<\/p>\n<\/li>\n<li data-start=\"796\" data-end=\"873\">\n<p data-start=\"798\" data-end=\"873\">Doble superficie grill antiadherente, con alta resistencia al rayado.<\/p>\n<\/li>\n<li data-start=\"874\" data-end=\"953\">\n<p data-start=\"876\" data-end=\"953\">Apertura total a 180\u00b0, permite aprovechar ambas planchas como parrilla.<\/p>\n<\/li>\n<li data-start=\"954\" data-end=\"1022\">\n<p data-start=\"956\" data-end=\"1022\">Placa superior basculante, se adapta al grosor del alimento.<\/p>\n<\/li>\n<li data-start=\"1023\" data-end=\"1109\">\n<p data-start=\"1025\" data-end=\"1109\">Selector giratorio, regula manualmente la temperatura para un control preciso.<\/p>\n<\/li>\n<li data-start=\"1110\" data-end=\"1198\">\n<p data-start=\"1112\" data-end=\"1198\">Indicadores luminosos de encendido y fin de calentamiento, para mayor seguridad.<\/p>\n<\/li>\n<li data-start=\"1199\" data-end=\"1272\">\n<p data-start=\"1201\" data-end=\"1272\">Asa de tacto fr\u00edo, facilita la apertura sin riesgo de quemaduras.<\/p>\n<\/li>\n<li data-start=\"1273\" data-end=\"1352\">\n<p data-start=\"1275\" data-end=\"1352\">Patas antideslizantes, aseguran estabilidad sobre cualquier superficie.<\/p>\n<\/li>\n<li data-start=\"1353\" data-end=\"1418\">\n<p data-start=\"1355\" data-end=\"1418\">Potencia de 2000W, para un calentamiento r\u00e1pido y eficaz.<\/p>\n<\/li>\n<li data-start=\"1419\" data-end=\"1480\">\n<p data-start=\"1421\" data-end=\"1480\">Ideal para s\u00e1ndwiches, carnes, verduras, paninis y m\u00e1s.<\/p>\n<\/li>\n<\/ul>\n<p><div class=\"accordion\"><div class=\"mfn-acc accordion_wrapper  toggle\"><div class=\"question\"><div class=\"title\"><i class=\"icon-plus acc-icon-plus\" aria-hidden=\"true\"><\/i><i class=\"icon-minus acc-icon-minus\" aria-hidden=\"true\"><\/i>Product data<\/div><div class=\"answer\">EAN 8425160336929<\/p>\n<p>K\u00dcKEN 2000W ELECTRIC GRILL SANDWICH MAKER<\/p>\n<p>Package unit 1<br \/>\nColour stainless steel<br \/>\nPackaging Coloured box<br \/>\nPower 2000 W<br \/>\nVoltage 230 V<br \/>\nMaterial Stainless steel \/ PC<br \/>\nDimensions (LxWxH): 350x320x130 mm<br \/>\n180\u00ba opening<br \/>\nNon-slip feet Yes<br \/>\nWeight 3.27 kg<\/div><\/div>\n<\/div><\/div>\n<br \/>\n<div class=\"accordion\"><div class=\"mfn-acc accordion_wrapper  toggle\"><div class=\"question\"><div class=\"title\"><i class=\"icon-plus acc-icon-plus\" aria-hidden=\"true\"><\/i><i class=\"icon-minus acc-icon-minus\" aria-hidden=\"true\"><\/i>Accessories<\/div><div class=\"answer\"><\/div><\/div>\n<\/div><\/div>\n<\/p>\n<div class=\"descargas-producto\"><a href=\"\/wp-content\/uploads\/pdf\/8425160336929_ficha_tecnica.pdf\" target=\"_blank\" rel=\"noopener noreferrer\"><br \/>\n<img loading=\"lazy\" decoding=\"async\" src=\"\/wp-content\/uploads\/2019\/12\/picto-descarrega.png\" alt=\"download data sheet\" width=\"23\" height=\"16\" \/>Download sheet<\/a><br \/>\n<a href=\"https:\/\/kuken.alfadyser.dev\/wp-content\/uploads\/33692.pdf\"><img loading=\"lazy\" decoding=\"async\" src=\"\/wp-content\/uploads\/2019\/12\/picto-descarrega.png\" alt=\"download instruction manual\" width=\"23\" height=\"16\" \/>Download manual<\/a><\/div>\n<div><\/div>\n<div><span style=\"color: #bf2121\">Follow us on social media!<\/span><\/div>\n<div><a href=\"https:\/\/www.instagram.com\/kuken_appliances\/\">https:\/\/www.instagram.com\/kuken_appliances\/<\/a><\/div>\n<p><iframe loading=\"lazy\" title=\"K\u00fcken 2000w electric grill sandwich maker\" width=\"560\" height=\"315\" src=\"https:\/\/www.youtube.com\/embed\/h43bsGZBFVU?feature=oembed\" frameborder=\"0\" allow=\"accelerometer; autoplay; clipboard-write; encrypted-media; gyroscope; picture-in-picture; web-share\" referrerpolicy=\"strict-origin-when-cross-origin\" allowfullscreen><\/iframe><\/p>","protected":false},"excerpt":{"rendered":"<p data-start=\"436\" data-end=\"581\">Vers\u00e1til y potente para cocinar s\u00e1ndwiches, carnes o verduras. Con apertura 180\u00b0, superficie grill antiadherente y control manual de temperatura.<\/p>\n<p data-start=\"583\" data-end=\"654\">","protected":false},"featured_media":3126,"template":"","meta":[],"product_brand":[],"product_cat":[203],"product_tag":[],"class_list":{"0":"post-3125","1":"product","2":"type-product","3":"status-publish","4":"has-post-thumbnail","6":"product_cat-sandwicheras","8":"first","9":"instock","10":"product-type-simple"},"yoast_head":"<!-- This site is optimized with the Yoast SEO Premium plugin v24.0 (Yoast SEO v26.5) - https:\/\/yoast.com\/wordpress\/plugins\/seo\/ -->\n<title>SANDWICHERA EL\u00c9CTRICA GRILL 2000W K\u00dcKEN - K\u00fcken<\/title>\n<meta name=\"description\" content=\"Nueva y exclusiva sandwichera el\u00e9ctrica grill k\u00fcken. Prepara s\u00e1ndwiches r\u00e1pidamente o util\u00edzala como grill. Desc\u00fabrela ahora.\" \/>\n<meta name=\"robots\" content=\"noindex, follow, max-snippet:-1, max-image-preview:large, max-video-preview:-1\" \/>\n<meta property=\"og:locale\" content=\"en_GB\" \/>\n<meta property=\"og:type\" content=\"article\" \/>\n<meta property=\"og:title\" content=\"SANDWICHERA EL\u00c9CTRICA GRILL 2000W K\u00dcKEN\" \/>\n<meta property=\"og:description\" content=\"Nueva y exclusiva sandwichera el\u00e9ctrica grill k\u00fcken. Prepara s\u00e1ndwiches r\u00e1pidamente o util\u00edzala como grill. Desc\u00fabrela ahora.\" \/>\n<meta property=\"og:url\" content=\"https:\/\/kuken.alfadyser.dev\/en\/product-2\/sandwich-maker-electric-grill-2000w-kuken\/\" \/>\n<meta property=\"og:site_name\" content=\"K\u00fcken\" \/>\n<meta property=\"article:publisher\" content=\"https:\/\/es-es.facebook.com\/alfadyser\/\" \/>\n<meta property=\"article:modified_time\" content=\"2025-07-23T10:06:49+00:00\" \/>\n<meta property=\"og:image\" content=\"https:\/\/kuken.alfadyser.dev\/wp-content\/uploads\/2020\/03\/SANDWICHERA-EL\u00c9CTRICA-GRILL-2000W-KUKEN.jpg\" \/>\n\t<meta property=\"og:image:width\" content=\"853\" \/>\n\t<meta property=\"og:image:height\" content=\"853\" \/>\n\t<meta property=\"og:image:type\" content=\"image\/jpeg\" \/>\n<meta name=\"twitter:card\" content=\"summary_large_image\" \/>\n<meta name=\"twitter:label1\" content=\"Price\" \/>\n\t<meta name=\"twitter:data1\" content=\"\" \/>\n\t<meta name=\"twitter:label2\" content=\"Availability\" \/>\n\t<meta name=\"twitter:data2\" content=\"In stock\" \/>\n<script type=\"application\/ld+json\" class=\"yoast-schema-graph\">{\"@context\":\"https:\/\/schema.org\",\"@graph\":[{\"@type\":\"WebPage\",\"@id\":\"https:\/\/kuken.alfadyser.dev\/producto\/sandwichera-electrica-grill-2000w-kuken\/\",\"url\":\"https:\/\/kuken.alfadyser.dev\/producto\/sandwichera-electrica-grill-2000w-kuken\/\",\"name\":\"SANDWICHERA EL\u00c9CTRICA GRILL 2000W K\u00dcKEN - K\u00fcken\",\"isPartOf\":{\"@id\":\"https:\/\/kuken.alfadyser.dev\/#website\"},\"primaryImageOfPage\":{\"@id\":\"https:\/\/kuken.alfadyser.dev\/producto\/sandwichera-electrica-grill-2000w-kuken\/#primaryimage\"},\"image\":{\"@id\":\"https:\/\/kuken.alfadyser.dev\/producto\/sandwichera-electrica-grill-2000w-kuken\/#primaryimage\"},\"thumbnailUrl\":\"https:\/\/kuken.alfadyser.dev\/wp-content\/uploads\/2020\/03\/SANDWICHERA-EL\u00c9CTRICA-GRILL-2000W-KUKEN.jpg\",\"datePublished\":\"2020-03-02T08:43:11+00:00\",\"dateModified\":\"2025-07-23T10:06:49+00:00\",\"description\":\"Nueva y exclusiva sandwichera el\u00e9ctrica grill k\u00fcken. Prepara s\u00e1ndwiches r\u00e1pidamente o util\u00edzala como grill. Desc\u00fabrela ahora.\",\"breadcrumb\":{\"@id\":\"https:\/\/kuken.alfadyser.dev\/producto\/sandwichera-electrica-grill-2000w-kuken\/#breadcrumb\"},\"inLanguage\":\"en-GB\",\"potentialAction\":[{\"@type\":\"ReadAction\",\"target\":[\"https:\/\/kuken.alfadyser.dev\/producto\/sandwichera-electrica-grill-2000w-kuken\/\"]}]},{\"@type\":\"ImageObject\",\"inLanguage\":\"en-GB\",\"@id\":\"https:\/\/kuken.alfadyser.dev\/producto\/sandwichera-electrica-grill-2000w-kuken\/#primaryimage\",\"url\":\"https:\/\/kuken.alfadyser.dev\/wp-content\/uploads\/2020\/03\/SANDWICHERA-EL\u00c9CTRICA-GRILL-2000W-KUKEN.jpg\",\"contentUrl\":\"https:\/\/kuken.alfadyser.dev\/wp-content\/uploads\/2020\/03\/SANDWICHERA-EL\u00c9CTRICA-GRILL-2000W-KUKEN.jpg\",\"width\":853,\"height\":853,\"caption\":\"Sandwichera el\u00e9ctrica k\u00fcken tipo grill\"},{\"@type\":\"BreadcrumbList\",\"@id\":\"https:\/\/kuken.alfadyser.dev\/producto\/sandwichera-electrica-grill-2000w-kuken\/#breadcrumb\",\"itemListElement\":[{\"@type\":\"ListItem\",\"position\":1,\"name\":\"Portada\",\"item\":\"https:\/\/kuken.alfadyser.dev\/\"},{\"@type\":\"ListItem\",\"position\":2,\"name\":\"Productos\",\"item\":\"https:\/\/kuken.alfadyser.dev\/productos\/\"},{\"@type\":\"ListItem\",\"position\":3,\"name\":\"SANDWICHERA EL\u00c9CTRICA GRILL 2000W K\u00dcKEN\"}]},{\"@type\":\"WebSite\",\"@id\":\"https:\/\/kuken.alfadyser.dev\/#website\",\"url\":\"https:\/\/kuken.alfadyser.dev\/\",\"name\":\"K\u00fcken\",\"description\":\"Amplia gama de peque\u00f1o electrodom\u00e9stico k\u00fcken\",\"publisher\":{\"@id\":\"https:\/\/kuken.alfadyser.dev\/#organization\"},\"potentialAction\":[{\"@type\":\"SearchAction\",\"target\":{\"@type\":\"EntryPoint\",\"urlTemplate\":\"https:\/\/kuken.alfadyser.dev\/?s={search_term_string}\"},\"query-input\":{\"@type\":\"PropertyValueSpecification\",\"valueRequired\":true,\"valueName\":\"search_term_string\"}}],\"inLanguage\":\"en-GB\"},{\"@type\":\"Organization\",\"@id\":\"https:\/\/kuken.alfadyser.dev\/#organization\",\"name\":\"Alfa Dyser\",\"url\":\"https:\/\/kuken.alfadyser.dev\/\",\"logo\":{\"@type\":\"ImageObject\",\"inLanguage\":\"en-GB\",\"@id\":\"https:\/\/kuken.alfadyser.dev\/#\/schema\/logo\/image\/\",\"url\":\"https:\/\/kuken.alfadyser.dev\/wp-content\/uploads\/2019\/04\/kuken-logo.png\",\"contentUrl\":\"https:\/\/kuken.alfadyser.dev\/wp-content\/uploads\/2019\/04\/kuken-logo.png\",\"width\":500,\"height\":191,\"caption\":\"Alfa Dyser\"},\"image\":{\"@id\":\"https:\/\/kuken.alfadyser.dev\/#\/schema\/logo\/image\/\"},\"sameAs\":[\"https:\/\/es-es.facebook.com\/alfadyser\/\",\"https:\/\/www.instagram.com\/kuken_appliances\/\"]}]}<\/script>\n<meta property=\"product:price:currency\" content=\"EUR\" \/>\n<meta property=\"og:availability\" content=\"instock\" \/>\n<meta property=\"product:availability\" content=\"instock\" \/>\n<meta property=\"product:retailer_item_id\" content=\"33692\" \/>\n<meta property=\"product:condition\" content=\"new\" \/>\n<!-- \/ Yoast SEO Premium plugin. -->","yoast_head_json":{"title":"SANDWICHER ELECTRIC GRILL 2000W K\u00dcKEN - K\u00fcken","description":"New exclusive k\u00fcken electric grill sandwich maker. Prepare sandwiches quickly or use it as a grill. Discover it now.","robots":{"index":"noindex","follow":"follow","max-snippet":"max-snippet:-1","max-image-preview":"max-image-preview:large","max-video-preview":"max-video-preview:-1"},"og_locale":"en_GB","og_type":"article","og_title":"SANDWICHERA EL\u00c9CTRICA GRILL 2000W K\u00dcKEN","og_description":"Nueva y exclusiva sandwichera el\u00e9ctrica grill k\u00fcken. Prepara s\u00e1ndwiches r\u00e1pidamente o util\u00edzala como grill. Desc\u00fabrela ahora.","og_url":"https:\/\/kuken.alfadyser.dev\/en\/product-2\/sandwich-maker-electric-grill-2000w-kuken\/","og_site_name":"K\u00fcken","article_publisher":"https:\/\/es-es.facebook.com\/alfadyser\/","article_modified_time":"2025-07-23T10:06:49+00:00","og_image":[{"width":853,"height":853,"url":"https:\/\/kuken.alfadyser.dev\/wp-content\/uploads\/2020\/03\/SANDWICHERA-EL\u00c9CTRICA-GRILL-2000W-KUKEN.jpg","type":"image\/jpeg"}],"twitter_card":"summary_large_image","twitter_misc":{"Price":"","Availability":"In stock"},"schema":{"@context":"https:\/\/schema.org","@graph":[{"@type":"WebPage","@id":"https:\/\/kuken.alfadyser.dev\/producto\/sandwichera-electrica-grill-2000w-kuken\/","url":"https:\/\/kuken.alfadyser.dev\/producto\/sandwichera-electrica-grill-2000w-kuken\/","name":"SANDWICHER ELECTRIC GRILL 2000W K\u00dcKEN - K\u00fcken","isPartOf":{"@id":"https:\/\/kuken.alfadyser.dev\/#website"},"primaryImageOfPage":{"@id":"https:\/\/kuken.alfadyser.dev\/producto\/sandwichera-electrica-grill-2000w-kuken\/#primaryimage"},"image":{"@id":"https:\/\/kuken.alfadyser.dev\/producto\/sandwichera-electrica-grill-2000w-kuken\/#primaryimage"},"thumbnailUrl":"https:\/\/kuken.alfadyser.dev\/wp-content\/uploads\/2020\/03\/SANDWICHERA-EL\u00c9CTRICA-GRILL-2000W-KUKEN.jpg","datePublished":"2020-03-02T08:43:11+00:00","dateModified":"2025-07-23T10:06:49+00:00","description":"New exclusive k\u00fcken electric grill sandwich maker. Prepare sandwiches quickly or use it as a grill. Discover it now.","breadcrumb":{"@id":"https:\/\/kuken.alfadyser.dev\/producto\/sandwichera-electrica-grill-2000w-kuken\/#breadcrumb"},"inLanguage":"en-GB","potentialAction":[{"@type":"ReadAction","target":["https:\/\/kuken.alfadyser.dev\/producto\/sandwichera-electrica-grill-2000w-kuken\/"]}]},{"@type":"ImageObject","inLanguage":"en-GB","@id":"https:\/\/kuken.alfadyser.dev\/producto\/sandwichera-electrica-grill-2000w-kuken\/#primaryimage","url":"https:\/\/kuken.alfadyser.dev\/wp-content\/uploads\/2020\/03\/SANDWICHERA-EL\u00c9CTRICA-GRILL-2000W-KUKEN.jpg","contentUrl":"https:\/\/kuken.alfadyser.dev\/wp-content\/uploads\/2020\/03\/SANDWICHERA-EL\u00c9CTRICA-GRILL-2000W-KUKEN.jpg","width":853,"height":853,"caption":"Sandwichera el\u00e9ctrica k\u00fcken tipo grill"},{"@type":"BreadcrumbList","@id":"https:\/\/kuken.alfadyser.dev\/producto\/sandwichera-electrica-grill-2000w-kuken\/#breadcrumb","itemListElement":[{"@type":"ListItem","position":1,"name":"Portada","item":"https:\/\/kuken.alfadyser.dev\/"},{"@type":"ListItem","position":2,"name":"Productos","item":"https:\/\/kuken.alfadyser.dev\/productos\/"},{"@type":"ListItem","position":3,"name":"SANDWICHERA EL\u00c9CTRICA GRILL 2000W K\u00dcKEN"}]},{"@type":"WebSite","@id":"https:\/\/kuken.alfadyser.dev\/#website","url":"https:\/\/kuken.alfadyser.dev\/","name":"K\u00fcken","description":"Wide range of k\u00fcken small household appliances","publisher":{"@id":"https:\/\/kuken.alfadyser.dev\/#organization"},"potentialAction":[{"@type":"SearchAction","target":{"@type":"EntryPoint","urlTemplate":"https:\/\/kuken.alfadyser.dev\/?s={search_term_string}"},"query-input":{"@type":"PropertyValueSpecification","valueRequired":true,"valueName":"search_term_string"}}],"inLanguage":"en-GB"},{"@type":"Organization","@id":"https:\/\/kuken.alfadyser.dev\/#organization","name":"Alpha Dyser","url":"https:\/\/kuken.alfadyser.dev\/","logo":{"@type":"ImageObject","inLanguage":"en-GB","@id":"https:\/\/kuken.alfadyser.dev\/#\/schema\/logo\/image\/","url":"https:\/\/kuken.alfadyser.dev\/wp-content\/uploads\/2019\/04\/kuken-logo.png","contentUrl":"https:\/\/kuken.alfadyser.dev\/wp-content\/uploads\/2019\/04\/kuken-logo.png","width":500,"height":191,"caption":"Alfa Dyser"},"image":{"@id":"https:\/\/kuken.alfadyser.dev\/#\/schema\/logo\/image\/"},"sameAs":["https:\/\/es-es.facebook.com\/alfadyser\/","https:\/\/www.instagram.com\/kuken_appliances\/"]}]},"product_price_currency":"EUR","og_availability":"instock","product_availability":"instock","product_retailer_item_id":"33692","product_condition":"new"},"_links":{"self":[{"href":"https:\/\/kuken.alfadyser.dev\/en\/wp-json\/wp\/v2\/product\/3125","targetHints":{"allow":["GET"]}}],"collection":[{"href":"https:\/\/kuken.alfadyser.dev\/en\/wp-json\/wp\/v2\/product"}],"about":[{"href":"https:\/\/kuken.alfadyser.dev\/en\/wp-json\/wp\/v2\/types\/product"}],"wp:featuredmedia":[{"embeddable":true,"href":"https:\/\/kuken.alfadyser.dev\/en\/wp-json\/wp\/v2\/media\/3126"}],"wp:attachment":[{"href":"https:\/\/kuken.alfadyser.dev\/en\/wp-json\/wp\/v2\/media?parent=3125"}],"wp:term":[{"taxonomy":"product_brand","embeddable":true,"href":"https:\/\/kuken.alfadyser.dev\/en\/wp-json\/wp\/v2\/product_brand?post=3125"},{"taxonomy":"product_cat","embeddable":true,"href":"https:\/\/kuken.alfadyser.dev\/en\/wp-json\/wp\/v2\/product_cat?post=3125"},{"taxonomy":"product_tag","embeddable":true,"href":"https:\/\/kuken.alfadyser.dev\/en\/wp-json\/wp\/v2\/product_tag?post=3125"}],"curies":[{"name":"wp","href":"https:\/\/api.w.org\/{rel}","templated":true}]}}