{"id":11844,"date":"2025-04-30T07:34:43","date_gmt":"2025-04-30T05:34:43","guid":{"rendered":"https:\/\/kuken.alfadyser.dev\/?post_type=product&#038;p=11844"},"modified":"2025-08-01T08:40:18","modified_gmt":"2025-08-01T06:40:18","slug":"glass-blender-glass-1-5l-1800w-stainless-steel-kuken","status":"publish","type":"product","link":"https:\/\/kuken.alfadyser.dev\/en\/product-2\/glass-blender-glass-1-5l-1800w-stainless-steel-kuken\/","title":{"rendered":"GLASS GLASS BLENDER 1.5L 1800W STAINLESS STEEL KUKEN"},"content":{"rendered":"<p>GLASS GLASS BLENDER 1.5L 1800W STAINLESS STEEL KUKEN<\/p>\n<ul>\n<li>Vaso de cristal de 1,5L con graduaci\u00f3n de medida y alta resistencia.<\/li>\n<li>Dos velocidades y funci\u00f3n inversa (RETROCESO) para mejores resultados.<\/li>\n<li>Potente motor de 1800W, ideal para picar hielo a punto de nieve.<\/li>\n<li>Vaso extra\u00edble, apto para lavavajillas.<\/li>\n<li>Tapa herm\u00e9tica con tap\u00f3n antisalpicaduras para mayor seguridad.<\/li>\n<li>Cuchilla FOURBLADE TECHNOLOGY de 4 filos de acero inoxidable.<\/li>\n<li>Base con ventosas antideslizantes para mayor estabilidad.<\/li>\n<\/ul>\n<p><div class=\"accordion\"><div class=\"mfn-acc accordion_wrapper  toggle\"><div class=\"question\"><div class=\"title\"><i class=\"icon-plus acc-icon-plus\" aria-hidden=\"true\"><\/i><i class=\"icon-minus acc-icon-minus\" aria-hidden=\"true\"><\/i>Product data<\/div><div class=\"answer\">EAN: 8425160344948<\/p>\n<p>GLASS GLASS BLENDER 1.5L 1800W STAINLESS STEEL KUKEN<\/p>\n<p>Units: 1<br \/>\nColour: Stainless\/Black<br \/>\nPackaging: Coloured box<br \/>\nPower: 1800 W<br \/>\nVoltage: 230 V<br \/>\nCapacity: 1.5 litres<br \/>\nMaterial: Tempered glass<br \/>\nNon-slip base: Yes<br \/>\nSpeeds: 2 + PULSE button<br \/>\nDetachable: Yes<br \/>\nWeight: 3.14 kg<\/div><\/div>\n<\/div><\/div>\n<br \/>\n<div class=\"accordion\"><div class=\"mfn-acc accordion_wrapper  toggle\"><div class=\"question\"><div class=\"title\"><i class=\"icon-plus acc-icon-plus\" aria-hidden=\"true\"><\/i><i class=\"icon-minus acc-icon-minus\" aria-hidden=\"true\"><\/i>Accessories<\/div><div class=\"answer\"><\/div><\/div>\n<\/div><\/div>\n<\/p>\n<div class=\"descargas-producto\"><img loading=\"lazy\" decoding=\"async\" src=\"\/wp-content\/uploads\/2019\/12\/picto-descarrega.png\" alt=\"download data sheet\" width=\"23\" height=\"16\" \/>Download sheet<br \/>\n<img loading=\"lazy\" decoding=\"async\" src=\"\/wp-content\/uploads\/2019\/12\/picto-descarrega.png\" alt=\"download instruction manual\" width=\"23\" height=\"16\" \/><a href=\"https:\/\/kuken.alfadyser.dev\/wp-content\/uploads\/34494_instrucciones_compressed.pdf\">Download manual<\/a><\/div>\n<div><\/div>\n<div><span style=\"color: #bf2121;\">Follow us on social media!<\/span><\/div>\n<div><a href=\"https:\/\/www.instagram.com\/kuken_appliances\/\">https:\/\/www.instagram.com\/kuken_appliances\/<\/a><\/div>","protected":false},"excerpt":{"rendered":"<p class=\"\" data-start=\"518\" data-end=\"656\">Ideal for those looking for strength and precision in the kitchen. A powerful, versatile and easy to clean blender. Perfect for everyday use.<\/p>\n<p class=\"\" data-start=\"658\" data-end=\"811\">","protected":false},"featured_media":11847,"template":"","meta":[],"product_brand":[],"product_cat":[206],"product_tag":[],"class_list":{"0":"post-11844","1":"product","2":"type-product","3":"status-publish","4":"has-post-thumbnail","6":"product_cat-batidoras","7":"pa_tipo-batidora-vaso","9":"first","10":"instock","11":"product-type-simple"},"yoast_head":"<!-- This site is optimized with the Yoast SEO Premium plugin v24.0 (Yoast SEO v26.5) - https:\/\/yoast.com\/wordpress\/plugins\/seo\/ -->\n<title>BATIDORA VASO CRISTAL 1.5L 1800W INOXIDABLE KUKEN - K\u00fcken<\/title>\n<meta name=\"description\" content=\"Batidora vaso cristal\u00a01,5l 1800W inoxidable Kuken de alta potencia. Prepara todo tipo de batidos con unos resultados inmejorables. Desbubre m\u00e1s aqu\u00ed.\" \/>\n<meta name=\"robots\" content=\"noindex, follow, max-snippet:-1, max-image-preview:large, max-video-preview:-1\" \/>\n<meta property=\"og:locale\" content=\"en_GB\" \/>\n<meta property=\"og:type\" content=\"article\" \/>\n<meta property=\"og:title\" content=\"BATIDORA VASO CRISTAL 1.5L 1800W INOXIDABLE KUKEN\" \/>\n<meta property=\"og:description\" content=\"Batidora vaso cristal\u00a01,5l 1800W inoxidable Kuken de alta potencia. Prepara todo tipo de batidos con unos resultados inmejorables. Desbubre m\u00e1s aqu\u00ed.\" \/>\n<meta property=\"og:url\" content=\"https:\/\/kuken.alfadyser.dev\/en\/product-2\/glass-blender-glass-1-5l-1800w-stainless-steel-kuken\/\" \/>\n<meta property=\"og:site_name\" content=\"K\u00fcken\" \/>\n<meta property=\"article:publisher\" content=\"https:\/\/es-es.facebook.com\/alfadyser\/\" \/>\n<meta property=\"article:modified_time\" content=\"2025-08-01T06:40:18+00:00\" \/>\n<meta property=\"og:image\" content=\"https:\/\/kuken.alfadyser.dev\/wp-content\/uploads\/8425160344948_03.jpg\" \/>\n\t<meta property=\"og:image:width\" content=\"2000\" \/>\n\t<meta property=\"og:image:height\" content=\"2000\" \/>\n\t<meta property=\"og:image:type\" content=\"image\/jpeg\" \/>\n<meta name=\"twitter:card\" content=\"summary_large_image\" \/>\n<meta name=\"twitter:label1\" content=\"Price\" \/>\n\t<meta name=\"twitter:data1\" content=\"\" \/>\n\t<meta name=\"twitter:label2\" content=\"Availability\" \/>\n\t<meta name=\"twitter:data2\" content=\"In stock\" \/>\n<script type=\"application\/ld+json\" class=\"yoast-schema-graph\">{\"@context\":\"https:\/\/schema.org\",\"@graph\":[{\"@type\":\"WebPage\",\"@id\":\"https:\/\/kuken.alfadyser.dev\/producto\/batidora-vaso-cristal-1-5l-1800w-inoxidable-kuken\/\",\"url\":\"https:\/\/kuken.alfadyser.dev\/producto\/batidora-vaso-cristal-1-5l-1800w-inoxidable-kuken\/\",\"name\":\"BATIDORA VASO CRISTAL 1.5L 1800W INOXIDABLE KUKEN - K\u00fcken\",\"isPartOf\":{\"@id\":\"https:\/\/kuken.alfadyser.dev\/#website\"},\"primaryImageOfPage\":{\"@id\":\"https:\/\/kuken.alfadyser.dev\/producto\/batidora-vaso-cristal-1-5l-1800w-inoxidable-kuken\/#primaryimage\"},\"image\":{\"@id\":\"https:\/\/kuken.alfadyser.dev\/producto\/batidora-vaso-cristal-1-5l-1800w-inoxidable-kuken\/#primaryimage\"},\"thumbnailUrl\":\"https:\/\/kuken.alfadyser.dev\/wp-content\/uploads\/8425160344948_03.jpg\",\"datePublished\":\"2025-04-30T05:34:43+00:00\",\"dateModified\":\"2025-08-01T06:40:18+00:00\",\"description\":\"Batidora vaso cristal\u00a01,5l 1800W inoxidable Kuken de alta potencia. Prepara todo tipo de batidos con unos resultados inmejorables. Desbubre m\u00e1s aqu\u00ed.\",\"breadcrumb\":{\"@id\":\"https:\/\/kuken.alfadyser.dev\/producto\/batidora-vaso-cristal-1-5l-1800w-inoxidable-kuken\/#breadcrumb\"},\"inLanguage\":\"en-GB\",\"potentialAction\":[{\"@type\":\"ReadAction\",\"target\":[\"https:\/\/kuken.alfadyser.dev\/producto\/batidora-vaso-cristal-1-5l-1800w-inoxidable-kuken\/\"]}]},{\"@type\":\"ImageObject\",\"inLanguage\":\"en-GB\",\"@id\":\"https:\/\/kuken.alfadyser.dev\/producto\/batidora-vaso-cristal-1-5l-1800w-inoxidable-kuken\/#primaryimage\",\"url\":\"https:\/\/kuken.alfadyser.dev\/wp-content\/uploads\/8425160344948_03.jpg\",\"contentUrl\":\"https:\/\/kuken.alfadyser.dev\/wp-content\/uploads\/8425160344948_03.jpg\",\"width\":2000,\"height\":2000},{\"@type\":\"BreadcrumbList\",\"@id\":\"https:\/\/kuken.alfadyser.dev\/producto\/batidora-vaso-cristal-1-5l-1800w-inoxidable-kuken\/#breadcrumb\",\"itemListElement\":[{\"@type\":\"ListItem\",\"position\":1,\"name\":\"Portada\",\"item\":\"https:\/\/kuken.alfadyser.dev\/\"},{\"@type\":\"ListItem\",\"position\":2,\"name\":\"Productos\",\"item\":\"https:\/\/kuken.alfadyser.dev\/productos\/\"},{\"@type\":\"ListItem\",\"position\":3,\"name\":\"BATIDORA VASO CRISTAL 1.5L 1800W INOXIDABLE KUKEN\"}]},{\"@type\":\"WebSite\",\"@id\":\"https:\/\/kuken.alfadyser.dev\/#website\",\"url\":\"https:\/\/kuken.alfadyser.dev\/\",\"name\":\"K\u00fcken\",\"description\":\"Amplia gama de peque\u00f1o electrodom\u00e9stico k\u00fcken\",\"publisher\":{\"@id\":\"https:\/\/kuken.alfadyser.dev\/#organization\"},\"potentialAction\":[{\"@type\":\"SearchAction\",\"target\":{\"@type\":\"EntryPoint\",\"urlTemplate\":\"https:\/\/kuken.alfadyser.dev\/?s={search_term_string}\"},\"query-input\":{\"@type\":\"PropertyValueSpecification\",\"valueRequired\":true,\"valueName\":\"search_term_string\"}}],\"inLanguage\":\"en-GB\"},{\"@type\":\"Organization\",\"@id\":\"https:\/\/kuken.alfadyser.dev\/#organization\",\"name\":\"Alfa Dyser\",\"url\":\"https:\/\/kuken.alfadyser.dev\/\",\"logo\":{\"@type\":\"ImageObject\",\"inLanguage\":\"en-GB\",\"@id\":\"https:\/\/kuken.alfadyser.dev\/#\/schema\/logo\/image\/\",\"url\":\"https:\/\/kuken.alfadyser.dev\/wp-content\/uploads\/2019\/04\/kuken-logo.png\",\"contentUrl\":\"https:\/\/kuken.alfadyser.dev\/wp-content\/uploads\/2019\/04\/kuken-logo.png\",\"width\":500,\"height\":191,\"caption\":\"Alfa Dyser\"},\"image\":{\"@id\":\"https:\/\/kuken.alfadyser.dev\/#\/schema\/logo\/image\/\"},\"sameAs\":[\"https:\/\/es-es.facebook.com\/alfadyser\/\",\"https:\/\/www.instagram.com\/kuken_appliances\/\"]}]}<\/script>\n<meta property=\"product:price:currency\" content=\"EUR\" \/>\n<meta property=\"og:availability\" content=\"instock\" \/>\n<meta property=\"product:availability\" content=\"instock\" \/>\n<meta property=\"product:retailer_item_id\" content=\"34384-1\" \/>\n<meta property=\"product:condition\" content=\"new\" \/>\n<!-- \/ Yoast SEO Premium plugin. -->","yoast_head_json":{"title":"GLASS BLENDER GLASS 1.5L 1800W STAINLESS STEEL KUKEN - K\u00fcken","description":"Glass blender 1,5l 1800W stainless steel Kuken high power. Prepare all kinds of smoothies with unbeatable results. Find out more here.","robots":{"index":"noindex","follow":"follow","max-snippet":"max-snippet:-1","max-image-preview":"max-image-preview:large","max-video-preview":"max-video-preview:-1"},"og_locale":"en_GB","og_type":"article","og_title":"BATIDORA VASO CRISTAL 1.5L 1800W INOXIDABLE KUKEN","og_description":"Batidora vaso cristal\u00a01,5l 1800W inoxidable Kuken de alta potencia. Prepara todo tipo de batidos con unos resultados inmejorables. Desbubre m\u00e1s aqu\u00ed.","og_url":"https:\/\/kuken.alfadyser.dev\/en\/product-2\/glass-blender-glass-1-5l-1800w-stainless-steel-kuken\/","og_site_name":"K\u00fcken","article_publisher":"https:\/\/es-es.facebook.com\/alfadyser\/","article_modified_time":"2025-08-01T06:40:18+00:00","og_image":[{"width":2000,"height":2000,"url":"https:\/\/kuken.alfadyser.dev\/wp-content\/uploads\/8425160344948_03.jpg","type":"image\/jpeg"}],"twitter_card":"summary_large_image","twitter_misc":{"Price":"","Availability":"In stock"},"schema":{"@context":"https:\/\/schema.org","@graph":[{"@type":"WebPage","@id":"https:\/\/kuken.alfadyser.dev\/producto\/batidora-vaso-cristal-1-5l-1800w-inoxidable-kuken\/","url":"https:\/\/kuken.alfadyser.dev\/producto\/batidora-vaso-cristal-1-5l-1800w-inoxidable-kuken\/","name":"GLASS BLENDER GLASS 1.5L 1800W STAINLESS STEEL KUKEN - K\u00fcken","isPartOf":{"@id":"https:\/\/kuken.alfadyser.dev\/#website"},"primaryImageOfPage":{"@id":"https:\/\/kuken.alfadyser.dev\/producto\/batidora-vaso-cristal-1-5l-1800w-inoxidable-kuken\/#primaryimage"},"image":{"@id":"https:\/\/kuken.alfadyser.dev\/producto\/batidora-vaso-cristal-1-5l-1800w-inoxidable-kuken\/#primaryimage"},"thumbnailUrl":"https:\/\/kuken.alfadyser.dev\/wp-content\/uploads\/8425160344948_03.jpg","datePublished":"2025-04-30T05:34:43+00:00","dateModified":"2025-08-01T06:40:18+00:00","description":"Glass blender 1,5l 1800W stainless steel Kuken high power. Prepare all kinds of smoothies with unbeatable results. Find out more here.","breadcrumb":{"@id":"https:\/\/kuken.alfadyser.dev\/producto\/batidora-vaso-cristal-1-5l-1800w-inoxidable-kuken\/#breadcrumb"},"inLanguage":"en-GB","potentialAction":[{"@type":"ReadAction","target":["https:\/\/kuken.alfadyser.dev\/producto\/batidora-vaso-cristal-1-5l-1800w-inoxidable-kuken\/"]}]},{"@type":"ImageObject","inLanguage":"en-GB","@id":"https:\/\/kuken.alfadyser.dev\/producto\/batidora-vaso-cristal-1-5l-1800w-inoxidable-kuken\/#primaryimage","url":"https:\/\/kuken.alfadyser.dev\/wp-content\/uploads\/8425160344948_03.jpg","contentUrl":"https:\/\/kuken.alfadyser.dev\/wp-content\/uploads\/8425160344948_03.jpg","width":2000,"height":2000},{"@type":"BreadcrumbList","@id":"https:\/\/kuken.alfadyser.dev\/producto\/batidora-vaso-cristal-1-5l-1800w-inoxidable-kuken\/#breadcrumb","itemListElement":[{"@type":"ListItem","position":1,"name":"Portada","item":"https:\/\/kuken.alfadyser.dev\/"},{"@type":"ListItem","position":2,"name":"Productos","item":"https:\/\/kuken.alfadyser.dev\/productos\/"},{"@type":"ListItem","position":3,"name":"BATIDORA VASO CRISTAL 1.5L 1800W INOXIDABLE KUKEN"}]},{"@type":"WebSite","@id":"https:\/\/kuken.alfadyser.dev\/#website","url":"https:\/\/kuken.alfadyser.dev\/","name":"K\u00fcken","description":"Wide range of k\u00fcken small household appliances","publisher":{"@id":"https:\/\/kuken.alfadyser.dev\/#organization"},"potentialAction":[{"@type":"SearchAction","target":{"@type":"EntryPoint","urlTemplate":"https:\/\/kuken.alfadyser.dev\/?s={search_term_string}"},"query-input":{"@type":"PropertyValueSpecification","valueRequired":true,"valueName":"search_term_string"}}],"inLanguage":"en-GB"},{"@type":"Organization","@id":"https:\/\/kuken.alfadyser.dev\/#organization","name":"Alpha Dyser","url":"https:\/\/kuken.alfadyser.dev\/","logo":{"@type":"ImageObject","inLanguage":"en-GB","@id":"https:\/\/kuken.alfadyser.dev\/#\/schema\/logo\/image\/","url":"https:\/\/kuken.alfadyser.dev\/wp-content\/uploads\/2019\/04\/kuken-logo.png","contentUrl":"https:\/\/kuken.alfadyser.dev\/wp-content\/uploads\/2019\/04\/kuken-logo.png","width":500,"height":191,"caption":"Alfa Dyser"},"image":{"@id":"https:\/\/kuken.alfadyser.dev\/#\/schema\/logo\/image\/"},"sameAs":["https:\/\/es-es.facebook.com\/alfadyser\/","https:\/\/www.instagram.com\/kuken_appliances\/"]}]},"product_price_currency":"EUR","og_availability":"instock","product_availability":"instock","product_retailer_item_id":"34384-1","product_condition":"new"},"_links":{"self":[{"href":"https:\/\/kuken.alfadyser.dev\/en\/wp-json\/wp\/v2\/product\/11844","targetHints":{"allow":["GET"]}}],"collection":[{"href":"https:\/\/kuken.alfadyser.dev\/en\/wp-json\/wp\/v2\/product"}],"about":[{"href":"https:\/\/kuken.alfadyser.dev\/en\/wp-json\/wp\/v2\/types\/product"}],"wp:featuredmedia":[{"embeddable":true,"href":"https:\/\/kuken.alfadyser.dev\/en\/wp-json\/wp\/v2\/media\/11847"}],"wp:attachment":[{"href":"https:\/\/kuken.alfadyser.dev\/en\/wp-json\/wp\/v2\/media?parent=11844"}],"wp:term":[{"taxonomy":"product_brand","embeddable":true,"href":"https:\/\/kuken.alfadyser.dev\/en\/wp-json\/wp\/v2\/product_brand?post=11844"},{"taxonomy":"product_cat","embeddable":true,"href":"https:\/\/kuken.alfadyser.dev\/en\/wp-json\/wp\/v2\/product_cat?post=11844"},{"taxonomy":"product_tag","embeddable":true,"href":"https:\/\/kuken.alfadyser.dev\/en\/wp-json\/wp\/v2\/product_tag?post=11844"}],"curies":[{"name":"wp","href":"https:\/\/api.w.org\/{rel}","templated":true}]}}