{"id":11444,"date":"2024-11-18T12:58:51","date_gmt":"2024-11-18T11:58:51","guid":{"rendered":"https:\/\/kuken.alfadyser.dev\/?post_type=product&#038;p=11444"},"modified":"2025-07-22T07:10:57","modified_gmt":"2025-07-22T05:10:57","slug":"foot-fan-kuken-45w-white-9","status":"publish","type":"product","link":"https:\/\/kuken.alfadyser.dev\/en\/product-2\/foot-fan-kuken-45w-white-9\/","title":{"rendered":"CEILING FAN DC DIMMABLE BLACK LED 5 BLADES 132CM"},"content":{"rendered":"<p>CEILING FAN DC DIMMABLE BLACK LED 5 BLADES 132CM<\/p>\n<ul>\n<li class=\"\" data-start=\"720\" data-end=\"794\">\n<p class=\"\" data-start=\"722\" data-end=\"794\">Motor DC Silent Technology, funcionamiento silencioso (50\u202fdB).<\/p>\n<\/li>\n<li class=\"\" data-start=\"795\" data-end=\"835\">\n<p class=\"\" data-start=\"797\" data-end=\"835\">Potencia: motor 35\u202fW \/ LED 28\u202fW.<\/p>\n<\/li>\n<li class=\"\" data-start=\"836\" data-end=\"897\">\n<p class=\"\" data-start=\"838\" data-end=\"897\">5 aspas con di\u00e1metro de 132\u202fcm, alto rendimiento.<\/p>\n<\/li>\n<li class=\"\" data-start=\"898\" data-end=\"947\">\n<p class=\"\" data-start=\"900\" data-end=\"947\">Altura total de 34,2\u202fcm, dise\u00f1o compacto.<\/p>\n<\/li>\n<li class=\"\" data-start=\"948\" data-end=\"1004\">\n<p class=\"\" data-start=\"950\" data-end=\"1004\">Caudal de aire: 118\u202fm\u00b3\/min, eficiente y potente.<\/p>\n<\/li>\n<li class=\"\" data-start=\"1005\" data-end=\"1070\">\n<p class=\"\" data-start=\"1007\" data-end=\"1070\">Funci\u00f3n inversa verano\/invierno, mejora la climatizaci\u00f3n.<\/p>\n<\/li>\n<li class=\"\" data-start=\"1071\" data-end=\"1150\">\n<p class=\"\" data-start=\"1073\" data-end=\"1150\">Velocidades regulables y 3 modos de aire: normal, dormir y natural.<\/p>\n<\/li>\n<li class=\"\" data-start=\"1151\" data-end=\"1202\">\n<p class=\"\" data-start=\"1153\" data-end=\"1202\">Luz LED con 3 tonos: fr\u00eda, neutra y c\u00e1lida.<\/p>\n<\/li>\n<li class=\"\" data-start=\"1203\" data-end=\"1251\">\n<p class=\"\" data-start=\"1205\" data-end=\"1251\">Mando a distancia incluido con colgador.<\/p>\n<\/li>\n<li class=\"\" data-start=\"1252\" data-end=\"1296\">\n<p class=\"\" data-start=\"1254\" data-end=\"1296\">Temporizador programable hasta 24\u202fh.<\/p>\n<\/li>\n<li class=\"\" data-start=\"1297\" data-end=\"1332\">\n<p class=\"\" data-start=\"1299\" data-end=\"1332\">Clasificaci\u00f3n energ\u00e9tica E.<\/p>\n<\/li>\n<li class=\"\" data-start=\"1333\" data-end=\"1398\">\n<p class=\"\" data-start=\"1335\" data-end=\"1398\">Recomendado para salones, dormitorios o locales interiores.<\/p>\n<\/li>\n<\/ul>\n<p><div class=\"accordion\"><div class=\"mfn-acc accordion_wrapper  toggle\"><div class=\"question\"><div class=\"title\"><i class=\"icon-plus acc-icon-plus\" aria-hidden=\"true\"><\/i><i class=\"icon-minus acc-icon-minus\" aria-hidden=\"true\"><\/i>Product data<\/div><div class=\"answer\">EAN: 8425160344900<\/p>\n<p>CEILING FAN DC DIMMABLE BLACK LED 5 BLADES 132CM<\/p>\n<p>Units: 1<br \/>\nColour: Black<br \/>\nPackaging: Coloured box<br \/>\nPower: Motor 35W \/ Led 28W<br \/>\nVoltage: 230 V<br \/>\nMaterial: Metal and PC<br \/>\nSpeeds: 3 Speeds<br \/>\nDi\u00e1metro: 132cm<\/p>\n<p><\/div><\/div>\n<\/div><\/div>\n<br \/>\n<div class=\"accordion\"><div class=\"mfn-acc accordion_wrapper  toggle\"><div class=\"question\"><div class=\"title\"><i class=\"icon-plus acc-icon-plus\" aria-hidden=\"true\"><\/i><i class=\"icon-minus acc-icon-minus\" aria-hidden=\"true\"><\/i>Accessories<\/div><div class=\"answer\"><\/div><\/div>\n<\/div><\/div>\n<\/p>\n<div class=\"descargas-producto\"><img loading=\"lazy\" decoding=\"async\" src=\"\/wp-content\/uploads\/2019\/12\/picto-descarrega.png\" alt=\"download data sheet\" width=\"23\" height=\"16\" \/><a href=\"https:\/\/kuken.alfadyser.dev\/wp-content\/uploads\/8425160344900_ficha_tecnica.pdf\">Download sheet<\/a><\/div>\n<div><img loading=\"lazy\" decoding=\"async\" src=\"\/wp-content\/uploads\/2019\/12\/picto-descarrega.png\" alt=\"download data sheet\" width=\"23\" height=\"16\" \/><a href=\"https:\/\/kuken.alfadyser.dev\/wp-content\/uploads\/34650-34490_instrucciones_compressed.pdf\">Download manual<\/a><\/div>\n<div class=\"descargas-producto\"><\/div>\n<div><\/div>\n<div><span style=\"color: #bf2121\">Follow us on social media!<\/span><\/div>\n<div><a href=\"https:\/\/www.instagram.com\/kuken_appliances\/\">https:\/\/www.instagram.com\/kuken_appliances\/<\/a><\/div>\n<div><\/div>","protected":false},"excerpt":{"rendered":"<p class=\"\" data-start=\"497\" data-end=\"643\">Elegancia y confort todo el a\u00f1o. Ventilador con luz LED, funci\u00f3n verano\/invierno y mando a distancia. Ultra silencioso y con temporizador de 24\u202fh.<\/p>","protected":false},"featured_media":11790,"template":"","meta":[],"product_brand":[],"product_cat":[223],"product_tag":[],"class_list":{"0":"post-11444","1":"product","2":"type-product","3":"status-publish","4":"has-post-thumbnail","6":"product_cat-ventiladores","8":"first","9":"instock","10":"product-type-simple"},"yoast_head":"<!-- This site is optimized with the Yoast SEO Premium plugin v24.0 (Yoast SEO v26.5) - https:\/\/yoast.com\/wordpress\/plugins\/seo\/ -->\n<title>VENTILADOR TECHO DC REGULABLE NEGRO LED 5 ASPAS 132CM - K\u00fcken<\/title>\n<meta name=\"description\" content=\"Ventilador techo DC regulable negro LED 5 aspas 132cm, silencioso, con mando, funci\u00f3n inversa y luz LED en 3 tonos. Ideal para sal\u00f3n o dormitorio.\" \/>\n<meta name=\"robots\" content=\"noindex, follow, max-snippet:-1, max-image-preview:large, max-video-preview:-1\" \/>\n<meta property=\"og:locale\" content=\"en_GB\" \/>\n<meta property=\"og:type\" content=\"article\" \/>\n<meta property=\"og:title\" content=\"VENTILADOR TECHO DC REGULABLE NEGRO LED 5 ASPAS 132CM\" \/>\n<meta property=\"og:description\" content=\"Ventilador techo DC regulable negro LED 5 aspas 132cm, silencioso, con mando, funci\u00f3n inversa y luz LED en 3 tonos. Ideal para sal\u00f3n o dormitorio.\" \/>\n<meta property=\"og:url\" content=\"https:\/\/kuken.alfadyser.dev\/en\/product-2\/foot-fan-kuken-45w-white-9\/\" \/>\n<meta property=\"og:site_name\" content=\"K\u00fcken\" \/>\n<meta property=\"article:publisher\" content=\"https:\/\/es-es.facebook.com\/alfadyser\/\" \/>\n<meta property=\"article:modified_time\" content=\"2025-07-22T05:10:57+00:00\" \/>\n<meta property=\"og:image\" content=\"https:\/\/kuken.alfadyser.dev\/wp-content\/uploads\/8425160344900_03.jpg\" \/>\n\t<meta property=\"og:image:width\" content=\"2000\" \/>\n\t<meta property=\"og:image:height\" content=\"2000\" \/>\n\t<meta property=\"og:image:type\" content=\"image\/jpeg\" \/>\n<meta name=\"twitter:card\" content=\"summary_large_image\" \/>\n<meta name=\"twitter:label1\" content=\"Price\" \/>\n\t<meta name=\"twitter:data1\" content=\"\" \/>\n\t<meta name=\"twitter:label2\" content=\"Availability\" \/>\n\t<meta name=\"twitter:data2\" content=\"In stock\" \/>\n<script type=\"application\/ld+json\" class=\"yoast-schema-graph\">{\"@context\":\"https:\/\/schema.org\",\"@graph\":[{\"@type\":\"WebPage\",\"@id\":\"https:\/\/kuken.alfadyser.dev\/producto\/ventilador-techo-dc-regulable-negro-led-5-aspas-132cm\/\",\"url\":\"https:\/\/kuken.alfadyser.dev\/producto\/ventilador-techo-dc-regulable-negro-led-5-aspas-132cm\/\",\"name\":\"VENTILADOR TECHO DC REGULABLE NEGRO LED 5 ASPAS 132CM - K\u00fcken\",\"isPartOf\":{\"@id\":\"https:\/\/kuken.alfadyser.dev\/#website\"},\"primaryImageOfPage\":{\"@id\":\"https:\/\/kuken.alfadyser.dev\/producto\/ventilador-techo-dc-regulable-negro-led-5-aspas-132cm\/#primaryimage\"},\"image\":{\"@id\":\"https:\/\/kuken.alfadyser.dev\/producto\/ventilador-techo-dc-regulable-negro-led-5-aspas-132cm\/#primaryimage\"},\"thumbnailUrl\":\"https:\/\/kuken.alfadyser.dev\/wp-content\/uploads\/8425160344900_03.jpg\",\"datePublished\":\"2024-11-18T11:58:51+00:00\",\"dateModified\":\"2025-07-22T05:10:57+00:00\",\"description\":\"Ventilador techo DC regulable negro LED 5 aspas 132cm, silencioso, con mando, funci\u00f3n inversa y luz LED en 3 tonos. Ideal para sal\u00f3n o dormitorio.\",\"breadcrumb\":{\"@id\":\"https:\/\/kuken.alfadyser.dev\/producto\/ventilador-techo-dc-regulable-negro-led-5-aspas-132cm\/#breadcrumb\"},\"inLanguage\":\"en-GB\",\"potentialAction\":[{\"@type\":\"ReadAction\",\"target\":[\"https:\/\/kuken.alfadyser.dev\/producto\/ventilador-techo-dc-regulable-negro-led-5-aspas-132cm\/\"]}]},{\"@type\":\"ImageObject\",\"inLanguage\":\"en-GB\",\"@id\":\"https:\/\/kuken.alfadyser.dev\/producto\/ventilador-techo-dc-regulable-negro-led-5-aspas-132cm\/#primaryimage\",\"url\":\"https:\/\/kuken.alfadyser.dev\/wp-content\/uploads\/8425160344900_03.jpg\",\"contentUrl\":\"https:\/\/kuken.alfadyser.dev\/wp-content\/uploads\/8425160344900_03.jpg\",\"width\":2000,\"height\":2000,\"caption\":\"Screenshot\"},{\"@type\":\"BreadcrumbList\",\"@id\":\"https:\/\/kuken.alfadyser.dev\/producto\/ventilador-techo-dc-regulable-negro-led-5-aspas-132cm\/#breadcrumb\",\"itemListElement\":[{\"@type\":\"ListItem\",\"position\":1,\"name\":\"Portada\",\"item\":\"https:\/\/kuken.alfadyser.dev\/\"},{\"@type\":\"ListItem\",\"position\":2,\"name\":\"Productos\",\"item\":\"https:\/\/kuken.alfadyser.dev\/productos\/\"},{\"@type\":\"ListItem\",\"position\":3,\"name\":\"VENTILADOR TECHO DC REGULABLE NEGRO LED 5 ASPAS 132CM\"}]},{\"@type\":\"WebSite\",\"@id\":\"https:\/\/kuken.alfadyser.dev\/#website\",\"url\":\"https:\/\/kuken.alfadyser.dev\/\",\"name\":\"K\u00fcken\",\"description\":\"Amplia gama de peque\u00f1o electrodom\u00e9stico k\u00fcken\",\"publisher\":{\"@id\":\"https:\/\/kuken.alfadyser.dev\/#organization\"},\"potentialAction\":[{\"@type\":\"SearchAction\",\"target\":{\"@type\":\"EntryPoint\",\"urlTemplate\":\"https:\/\/kuken.alfadyser.dev\/?s={search_term_string}\"},\"query-input\":{\"@type\":\"PropertyValueSpecification\",\"valueRequired\":true,\"valueName\":\"search_term_string\"}}],\"inLanguage\":\"en-GB\"},{\"@type\":\"Organization\",\"@id\":\"https:\/\/kuken.alfadyser.dev\/#organization\",\"name\":\"Alfa Dyser\",\"url\":\"https:\/\/kuken.alfadyser.dev\/\",\"logo\":{\"@type\":\"ImageObject\",\"inLanguage\":\"en-GB\",\"@id\":\"https:\/\/kuken.alfadyser.dev\/#\/schema\/logo\/image\/\",\"url\":\"https:\/\/kuken.alfadyser.dev\/wp-content\/uploads\/2019\/04\/kuken-logo.png\",\"contentUrl\":\"https:\/\/kuken.alfadyser.dev\/wp-content\/uploads\/2019\/04\/kuken-logo.png\",\"width\":500,\"height\":191,\"caption\":\"Alfa Dyser\"},\"image\":{\"@id\":\"https:\/\/kuken.alfadyser.dev\/#\/schema\/logo\/image\/\"},\"sameAs\":[\"https:\/\/es-es.facebook.com\/alfadyser\/\",\"https:\/\/www.instagram.com\/kuken_appliances\/\"]}]}<\/script>\n<meta property=\"product:price:currency\" content=\"EUR\" \/>\n<meta property=\"og:availability\" content=\"instock\" \/>\n<meta property=\"product:availability\" content=\"instock\" \/>\n<meta property=\"product:retailer_item_id\" content=\"34490\" \/>\n<meta property=\"product:condition\" content=\"new\" \/>\n<!-- \/ Yoast SEO Premium plugin. -->","yoast_head_json":{"title":"VENTILADOR TECHO DC REGULABLE NEGRO LED 5 ASPAS 132CM - K\u00fcken","description":"Ventilador techo DC regulable negro LED 5 aspas 132cm, silencioso, con mando, funci\u00f3n inversa y luz LED en 3 tonos. Ideal para sal\u00f3n o dormitorio.","robots":{"index":"noindex","follow":"follow","max-snippet":"max-snippet:-1","max-image-preview":"max-image-preview:large","max-video-preview":"max-video-preview:-1"},"og_locale":"en_GB","og_type":"article","og_title":"VENTILADOR TECHO DC REGULABLE NEGRO LED 5 ASPAS 132CM","og_description":"Ventilador techo DC regulable negro LED 5 aspas 132cm, silencioso, con mando, funci\u00f3n inversa y luz LED en 3 tonos. Ideal para sal\u00f3n o dormitorio.","og_url":"https:\/\/kuken.alfadyser.dev\/en\/product-2\/foot-fan-kuken-45w-white-9\/","og_site_name":"K\u00fcken","article_publisher":"https:\/\/es-es.facebook.com\/alfadyser\/","article_modified_time":"2025-07-22T05:10:57+00:00","og_image":[{"width":2000,"height":2000,"url":"https:\/\/kuken.alfadyser.dev\/wp-content\/uploads\/8425160344900_03.jpg","type":"image\/jpeg"}],"twitter_card":"summary_large_image","twitter_misc":{"Price":"","Availability":"In stock"},"schema":{"@context":"https:\/\/schema.org","@graph":[{"@type":"WebPage","@id":"https:\/\/kuken.alfadyser.dev\/producto\/ventilador-techo-dc-regulable-negro-led-5-aspas-132cm\/","url":"https:\/\/kuken.alfadyser.dev\/producto\/ventilador-techo-dc-regulable-negro-led-5-aspas-132cm\/","name":"VENTILADOR TECHO DC REGULABLE NEGRO LED 5 ASPAS 132CM - K\u00fcken","isPartOf":{"@id":"https:\/\/kuken.alfadyser.dev\/#website"},"primaryImageOfPage":{"@id":"https:\/\/kuken.alfadyser.dev\/producto\/ventilador-techo-dc-regulable-negro-led-5-aspas-132cm\/#primaryimage"},"image":{"@id":"https:\/\/kuken.alfadyser.dev\/producto\/ventilador-techo-dc-regulable-negro-led-5-aspas-132cm\/#primaryimage"},"thumbnailUrl":"https:\/\/kuken.alfadyser.dev\/wp-content\/uploads\/8425160344900_03.jpg","datePublished":"2024-11-18T11:58:51+00:00","dateModified":"2025-07-22T05:10:57+00:00","description":"Ventilador techo DC regulable negro LED 5 aspas 132cm, silencioso, con mando, funci\u00f3n inversa y luz LED en 3 tonos. Ideal para sal\u00f3n o dormitorio.","breadcrumb":{"@id":"https:\/\/kuken.alfadyser.dev\/producto\/ventilador-techo-dc-regulable-negro-led-5-aspas-132cm\/#breadcrumb"},"inLanguage":"en-GB","potentialAction":[{"@type":"ReadAction","target":["https:\/\/kuken.alfadyser.dev\/producto\/ventilador-techo-dc-regulable-negro-led-5-aspas-132cm\/"]}]},{"@type":"ImageObject","inLanguage":"en-GB","@id":"https:\/\/kuken.alfadyser.dev\/producto\/ventilador-techo-dc-regulable-negro-led-5-aspas-132cm\/#primaryimage","url":"https:\/\/kuken.alfadyser.dev\/wp-content\/uploads\/8425160344900_03.jpg","contentUrl":"https:\/\/kuken.alfadyser.dev\/wp-content\/uploads\/8425160344900_03.jpg","width":2000,"height":2000,"caption":"Screenshot"},{"@type":"BreadcrumbList","@id":"https:\/\/kuken.alfadyser.dev\/producto\/ventilador-techo-dc-regulable-negro-led-5-aspas-132cm\/#breadcrumb","itemListElement":[{"@type":"ListItem","position":1,"name":"Portada","item":"https:\/\/kuken.alfadyser.dev\/"},{"@type":"ListItem","position":2,"name":"Productos","item":"https:\/\/kuken.alfadyser.dev\/productos\/"},{"@type":"ListItem","position":3,"name":"VENTILADOR TECHO DC REGULABLE NEGRO LED 5 ASPAS 132CM"}]},{"@type":"WebSite","@id":"https:\/\/kuken.alfadyser.dev\/#website","url":"https:\/\/kuken.alfadyser.dev\/","name":"K\u00fcken","description":"Wide range of k\u00fcken small household appliances","publisher":{"@id":"https:\/\/kuken.alfadyser.dev\/#organization"},"potentialAction":[{"@type":"SearchAction","target":{"@type":"EntryPoint","urlTemplate":"https:\/\/kuken.alfadyser.dev\/?s={search_term_string}"},"query-input":{"@type":"PropertyValueSpecification","valueRequired":true,"valueName":"search_term_string"}}],"inLanguage":"en-GB"},{"@type":"Organization","@id":"https:\/\/kuken.alfadyser.dev\/#organization","name":"Alpha Dyser","url":"https:\/\/kuken.alfadyser.dev\/","logo":{"@type":"ImageObject","inLanguage":"en-GB","@id":"https:\/\/kuken.alfadyser.dev\/#\/schema\/logo\/image\/","url":"https:\/\/kuken.alfadyser.dev\/wp-content\/uploads\/2019\/04\/kuken-logo.png","contentUrl":"https:\/\/kuken.alfadyser.dev\/wp-content\/uploads\/2019\/04\/kuken-logo.png","width":500,"height":191,"caption":"Alfa Dyser"},"image":{"@id":"https:\/\/kuken.alfadyser.dev\/#\/schema\/logo\/image\/"},"sameAs":["https:\/\/es-es.facebook.com\/alfadyser\/","https:\/\/www.instagram.com\/kuken_appliances\/"]}]},"product_price_currency":"EUR","og_availability":"instock","product_availability":"instock","product_retailer_item_id":"34490","product_condition":"new"},"_links":{"self":[{"href":"https:\/\/kuken.alfadyser.dev\/en\/wp-json\/wp\/v2\/product\/11444","targetHints":{"allow":["GET"]}}],"collection":[{"href":"https:\/\/kuken.alfadyser.dev\/en\/wp-json\/wp\/v2\/product"}],"about":[{"href":"https:\/\/kuken.alfadyser.dev\/en\/wp-json\/wp\/v2\/types\/product"}],"wp:featuredmedia":[{"embeddable":true,"href":"https:\/\/kuken.alfadyser.dev\/en\/wp-json\/wp\/v2\/media\/11790"}],"wp:attachment":[{"href":"https:\/\/kuken.alfadyser.dev\/en\/wp-json\/wp\/v2\/media?parent=11444"}],"wp:term":[{"taxonomy":"product_brand","embeddable":true,"href":"https:\/\/kuken.alfadyser.dev\/en\/wp-json\/wp\/v2\/product_brand?post=11444"},{"taxonomy":"product_cat","embeddable":true,"href":"https:\/\/kuken.alfadyser.dev\/en\/wp-json\/wp\/v2\/product_cat?post=11444"},{"taxonomy":"product_tag","embeddable":true,"href":"https:\/\/kuken.alfadyser.dev\/en\/wp-json\/wp\/v2\/product_tag?post=11444"}],"curies":[{"name":"wp","href":"https:\/\/api.w.org\/{rel}","templated":true}]}}