{"id":11432,"date":"2024-10-29T13:44:08","date_gmt":"2024-10-29T12:44:08","guid":{"rendered":"https:\/\/kuken.alfadyser.dev\/?post_type=product&#038;p=11432"},"modified":"2025-07-22T07:21:10","modified_gmt":"2025-07-22T05:21:10","slug":"ceiling-fan-led-white-white-kuken-5","status":"publish","type":"product","link":"https:\/\/kuken.alfadyser.dev\/en\/product-2\/ceiling-fan-led-white-white-kuken-5\/","title":{"rendered":"BLACK CEILING FAN LED ADJUSTABLE 4 RETRACTABLE BLADES"},"content":{"rendered":"<p>BLACK CEILING FAN LED ADJUSTABLE 4 RETRACTABLE BLADES<\/p>\n<ul>\n<li class=\"\" data-start=\"739\" data-end=\"832\">\n<p class=\"\" data-start=\"741\" data-end=\"832\">Ventilador LED negro con aspas retr\u00e1ctiles transparentes (3 abiertas \/ cerradas).<\/p>\n<\/li>\n<li class=\"\" data-start=\"833\" data-end=\"894\">\n<p class=\"\" data-start=\"835\" data-end=\"894\">Motor DC de 60\u202fW, silencioso y eficiente (35\u202fdB).<\/p>\n<\/li>\n<li class=\"\" data-start=\"895\" data-end=\"968\">\n<p class=\"\" data-start=\"897\" data-end=\"968\">Caudal de aire de 9953\u202fm\u00b3\/min, alto rendimiento en climatizaci\u00f3n.<\/p>\n<\/li>\n<li class=\"\" data-start=\"969\" data-end=\"1019\">\n<p class=\"\" data-start=\"971\" data-end=\"1019\">Dos alturas de instalaci\u00f3n: 32\u202fcm o 38\u202fcm.<\/p>\n<\/li>\n<li class=\"\" data-start=\"1020\" data-end=\"1070\">\n<p class=\"\" data-start=\"1022\" data-end=\"1070\">Di\u00e1metro abierto: 107\u202fcm \/ cerrado: 50\u202fcm.<\/p>\n<\/li>\n<li class=\"\" data-start=\"1071\" data-end=\"1134\">\n<p class=\"\" data-start=\"1073\" data-end=\"1134\">6 velocidades ajustables para adaptar el flujo de aire.<\/p>\n<\/li>\n<li class=\"\" data-start=\"1135\" data-end=\"1214\">\n<p class=\"\" data-start=\"1137\" data-end=\"1214\">Funci\u00f3n inversa invierno\/verano, optimiza el uso en cualquier estaci\u00f3n.<\/p>\n<\/li>\n<li class=\"\" data-start=\"1215\" data-end=\"1265\">\n<p class=\"\" data-start=\"1217\" data-end=\"1265\">3 air modes: normal, sleep and natural.<\/p>\n<\/li>\n<li class=\"\" data-start=\"1266\" data-end=\"1352\">\n<p class=\"\" data-start=\"1268\" data-end=\"1352\">Tecnolog\u00eda LED integrada con 3 temperaturas de luz: c\u00e1lida, neutra y fr\u00eda.<\/p>\n<\/li>\n<li class=\"\" data-start=\"1353\" data-end=\"1419\">\n<p class=\"\" data-start=\"1355\" data-end=\"1419\">Mando a distancia con colgador y temporizador 1\/2\/4\u202fh.<\/p>\n<\/li>\n<li class=\"\" data-start=\"1420\" data-end=\"1481\">\n<p class=\"\" data-start=\"1422\" data-end=\"1481\">Fabricado en metal y policarbonato de alta resistencia.<\/p>\n<\/li>\n<\/ul>\n<p><div class=\"accordion\"><div class=\"mfn-acc accordion_wrapper  toggle\"><div class=\"question\"><div class=\"title\"><i class=\"icon-plus acc-icon-plus\" aria-hidden=\"true\"><\/i><i class=\"icon-minus acc-icon-minus\" aria-hidden=\"true\"><\/i>Product data<\/div><div class=\"answer\">EAN:8425160344790<\/p>\n<p>BLACK CEILING FAN LED ADJUSTABLE 4 RETRACTABLE BLADES<\/p>\n<p>Units:1<br \/>\nColour: Black<br \/>\nPackaging: Box Colour<br \/>\nPower: 60W<br \/>\nVoltage: 230V<br \/>\nMaterial: Metal and PC<br \/>\nSize: 107\u00d732\/38cm<br \/>\nSpeeds: 6 Speeds<br \/>\n<\/div><\/div>\n<\/div><\/div>\n<br \/>\n<div class=\"accordion\"><div class=\"mfn-acc accordion_wrapper  toggle\"><div class=\"question\"><div class=\"title\"><i class=\"icon-plus acc-icon-plus\" aria-hidden=\"true\"><\/i><i class=\"icon-minus acc-icon-minus\" aria-hidden=\"true\"><\/i>Accessories<\/div><div class=\"answer\"><\/div><\/div>\n<\/div><\/div>\n<\/p>\n<div class=\"descargas-producto\"><img loading=\"lazy\" decoding=\"async\" src=\"\/wp-content\/uploads\/2019\/12\/picto-descarrega.png\" alt=\"download data sheet\" width=\"23\" height=\"16\" \/><a href=\"https:\/\/kuken.alfadyser.dev\/wp-content\/uploads\/8425160344795_ficha_tecnica.pdf\">Download sheet<\/a><br \/>\n<img loading=\"lazy\" decoding=\"async\" src=\"\/wp-content\/uploads\/2019\/12\/picto-descarrega.png\" alt=\"download instruction manual\" width=\"23\" height=\"16\" \/><a href=\"https:\/\/kuken.alfadyser.dev\/wp-content\/uploads\/34479_instrucciones_compressed.pdf\">Download manual<\/a><\/div>\n<div><\/div>\n<div>\n<div><span style=\"color: #000000\">Follow us on social media!<\/span><\/div>\n<div><a href=\"https:\/\/www.instagram.com\/kuken_appliances\/\">https:\/\/www.instagram.com\/kuken_appliances<\/a><\/div>\n<\/div>","protected":false},"excerpt":{"rendered":"<p class=\"\" data-start=\"518\" data-end=\"662\">Elegant and functional design with retractable blades. Dimmable LED light, silent motor, remote control and year-round reversible function.<\/p>","protected":false},"featured_media":11739,"template":"","meta":[],"product_brand":[],"product_cat":[223],"product_tag":[],"class_list":{"0":"post-11432","1":"product","2":"type-product","3":"status-publish","4":"has-post-thumbnail","6":"product_cat-ventiladores","8":"first","9":"instock","10":"shipping-taxable","11":"product-type-simple"},"yoast_head":"<!-- This site is optimized with the Yoast SEO Premium plugin v24.0 (Yoast SEO v26.5) - https:\/\/yoast.com\/wordpress\/plugins\/seo\/ -->\n<title>VENTILADOR TECHO NEGRO LED REGULABLE 4 ASPAS RETRACTIL - K\u00fcken<\/title>\n<meta name=\"description\" content=\"Ventilador de techo negro LED regulable 4 aspas retr\u00e1ctil. Perfecto para mantener frescas e iluminadas las estancias de tu hogar. Visita K\u00fcken.es\" \/>\n<meta name=\"robots\" content=\"noindex, follow, max-snippet:-1, max-image-preview:large, max-video-preview:-1\" \/>\n<meta property=\"og:locale\" content=\"en_GB\" \/>\n<meta property=\"og:type\" content=\"article\" \/>\n<meta property=\"og:title\" content=\"VENTILADOR TECHO NEGRO LED REGULABLE 4 ASPAS RETRACTIL\" \/>\n<meta property=\"og:description\" content=\"Ventilador de techo negro LED regulable 4 aspas retr\u00e1ctil. Perfecto para mantener frescas e iluminadas las estancias de tu hogar. Visita K\u00fcken.es\" \/>\n<meta property=\"og:url\" content=\"https:\/\/kuken.alfadyser.dev\/en\/product-2\/ceiling-fan-led-white-white-kuken-5\/\" \/>\n<meta property=\"og:site_name\" content=\"K\u00fcken\" \/>\n<meta property=\"article:publisher\" content=\"https:\/\/es-es.facebook.com\/alfadyser\/\" \/>\n<meta property=\"article:modified_time\" content=\"2025-07-22T05:21:10+00:00\" \/>\n<meta property=\"og:image\" content=\"https:\/\/kuken.alfadyser.dev\/wp-content\/uploads\/8425160344795_01.jpg\" \/>\n\t<meta property=\"og:image:width\" content=\"2000\" \/>\n\t<meta property=\"og:image:height\" content=\"2000\" \/>\n\t<meta property=\"og:image:type\" content=\"image\/jpeg\" \/>\n<meta name=\"twitter:card\" content=\"summary_large_image\" \/>\n<meta name=\"twitter:label1\" content=\"Price\" \/>\n\t<meta name=\"twitter:data1\" content=\"\" \/>\n\t<meta name=\"twitter:label2\" content=\"Availability\" \/>\n\t<meta name=\"twitter:data2\" content=\"In stock\" \/>\n<script type=\"application\/ld+json\" class=\"yoast-schema-graph\">{\"@context\":\"https:\/\/schema.org\",\"@graph\":[{\"@type\":\"WebPage\",\"@id\":\"https:\/\/kuken.alfadyser.dev\/producto\/ventilador-techo-negro-led-regulable-4-aspas-retractil\/\",\"url\":\"https:\/\/kuken.alfadyser.dev\/producto\/ventilador-techo-negro-led-regulable-4-aspas-retractil\/\",\"name\":\"VENTILADOR TECHO NEGRO LED REGULABLE 4 ASPAS RETRACTIL - K\u00fcken\",\"isPartOf\":{\"@id\":\"https:\/\/kuken.alfadyser.dev\/#website\"},\"primaryImageOfPage\":{\"@id\":\"https:\/\/kuken.alfadyser.dev\/producto\/ventilador-techo-negro-led-regulable-4-aspas-retractil\/#primaryimage\"},\"image\":{\"@id\":\"https:\/\/kuken.alfadyser.dev\/producto\/ventilador-techo-negro-led-regulable-4-aspas-retractil\/#primaryimage\"},\"thumbnailUrl\":\"https:\/\/kuken.alfadyser.dev\/wp-content\/uploads\/8425160344795_01.jpg\",\"datePublished\":\"2024-10-29T12:44:08+00:00\",\"dateModified\":\"2025-07-22T05:21:10+00:00\",\"description\":\"Ventilador de techo negro LED regulable 4 aspas retr\u00e1ctil. Perfecto para mantener frescas e iluminadas las estancias de tu hogar. Visita K\u00fcken.es\",\"breadcrumb\":{\"@id\":\"https:\/\/kuken.alfadyser.dev\/producto\/ventilador-techo-negro-led-regulable-4-aspas-retractil\/#breadcrumb\"},\"inLanguage\":\"en-GB\",\"potentialAction\":[{\"@type\":\"ReadAction\",\"target\":[\"https:\/\/kuken.alfadyser.dev\/producto\/ventilador-techo-negro-led-regulable-4-aspas-retractil\/\"]}]},{\"@type\":\"ImageObject\",\"inLanguage\":\"en-GB\",\"@id\":\"https:\/\/kuken.alfadyser.dev\/producto\/ventilador-techo-negro-led-regulable-4-aspas-retractil\/#primaryimage\",\"url\":\"https:\/\/kuken.alfadyser.dev\/wp-content\/uploads\/8425160344795_01.jpg\",\"contentUrl\":\"https:\/\/kuken.alfadyser.dev\/wp-content\/uploads\/8425160344795_01.jpg\",\"width\":2000,\"height\":2000},{\"@type\":\"BreadcrumbList\",\"@id\":\"https:\/\/kuken.alfadyser.dev\/producto\/ventilador-techo-negro-led-regulable-4-aspas-retractil\/#breadcrumb\",\"itemListElement\":[{\"@type\":\"ListItem\",\"position\":1,\"name\":\"Portada\",\"item\":\"https:\/\/kuken.alfadyser.dev\/\"},{\"@type\":\"ListItem\",\"position\":2,\"name\":\"Productos\",\"item\":\"https:\/\/kuken.alfadyser.dev\/productos\/\"},{\"@type\":\"ListItem\",\"position\":3,\"name\":\"VENTILADOR TECHO NEGRO LED REGULABLE 4 ASPAS RETRACTIL\"}]},{\"@type\":\"WebSite\",\"@id\":\"https:\/\/kuken.alfadyser.dev\/#website\",\"url\":\"https:\/\/kuken.alfadyser.dev\/\",\"name\":\"K\u00fcken\",\"description\":\"Amplia gama de peque\u00f1o electrodom\u00e9stico k\u00fcken\",\"publisher\":{\"@id\":\"https:\/\/kuken.alfadyser.dev\/#organization\"},\"potentialAction\":[{\"@type\":\"SearchAction\",\"target\":{\"@type\":\"EntryPoint\",\"urlTemplate\":\"https:\/\/kuken.alfadyser.dev\/?s={search_term_string}\"},\"query-input\":{\"@type\":\"PropertyValueSpecification\",\"valueRequired\":true,\"valueName\":\"search_term_string\"}}],\"inLanguage\":\"en-GB\"},{\"@type\":\"Organization\",\"@id\":\"https:\/\/kuken.alfadyser.dev\/#organization\",\"name\":\"Alfa Dyser\",\"url\":\"https:\/\/kuken.alfadyser.dev\/\",\"logo\":{\"@type\":\"ImageObject\",\"inLanguage\":\"en-GB\",\"@id\":\"https:\/\/kuken.alfadyser.dev\/#\/schema\/logo\/image\/\",\"url\":\"https:\/\/kuken.alfadyser.dev\/wp-content\/uploads\/2019\/04\/kuken-logo.png\",\"contentUrl\":\"https:\/\/kuken.alfadyser.dev\/wp-content\/uploads\/2019\/04\/kuken-logo.png\",\"width\":500,\"height\":191,\"caption\":\"Alfa Dyser\"},\"image\":{\"@id\":\"https:\/\/kuken.alfadyser.dev\/#\/schema\/logo\/image\/\"},\"sameAs\":[\"https:\/\/es-es.facebook.com\/alfadyser\/\",\"https:\/\/www.instagram.com\/kuken_appliances\/\"]}]}<\/script>\n<meta property=\"product:price:currency\" content=\"EUR\" \/>\n<meta property=\"og:availability\" content=\"instock\" \/>\n<meta property=\"product:availability\" content=\"instock\" \/>\n<meta property=\"product:retailer_item_id\" content=\"34479\" \/>\n<meta property=\"product:condition\" content=\"new\" \/>\n<!-- \/ Yoast SEO Premium plugin. -->","yoast_head_json":{"title":"BLACK CEILING FAN LED ADJUSTABLE 4 BLADES RETRACTABLE - K\u00fcken","description":"Black LED adjustable ceiling fan with 4 retractable blades. Perfect for keeping the rooms in your home cool and illuminated. Visit K\u00fcken.co.uk","robots":{"index":"noindex","follow":"follow","max-snippet":"max-snippet:-1","max-image-preview":"max-image-preview:large","max-video-preview":"max-video-preview:-1"},"og_locale":"en_GB","og_type":"article","og_title":"VENTILADOR TECHO NEGRO LED REGULABLE 4 ASPAS RETRACTIL","og_description":"Ventilador de techo negro LED regulable 4 aspas retr\u00e1ctil. Perfecto para mantener frescas e iluminadas las estancias de tu hogar. Visita K\u00fcken.es","og_url":"https:\/\/kuken.alfadyser.dev\/en\/product-2\/ceiling-fan-led-white-white-kuken-5\/","og_site_name":"K\u00fcken","article_publisher":"https:\/\/es-es.facebook.com\/alfadyser\/","article_modified_time":"2025-07-22T05:21:10+00:00","og_image":[{"width":2000,"height":2000,"url":"https:\/\/kuken.alfadyser.dev\/wp-content\/uploads\/8425160344795_01.jpg","type":"image\/jpeg"}],"twitter_card":"summary_large_image","twitter_misc":{"Price":"","Availability":"In stock"},"schema":{"@context":"https:\/\/schema.org","@graph":[{"@type":"WebPage","@id":"https:\/\/kuken.alfadyser.dev\/producto\/ventilador-techo-negro-led-regulable-4-aspas-retractil\/","url":"https:\/\/kuken.alfadyser.dev\/producto\/ventilador-techo-negro-led-regulable-4-aspas-retractil\/","name":"BLACK CEILING FAN LED ADJUSTABLE 4 BLADES RETRACTABLE - K\u00fcken","isPartOf":{"@id":"https:\/\/kuken.alfadyser.dev\/#website"},"primaryImageOfPage":{"@id":"https:\/\/kuken.alfadyser.dev\/producto\/ventilador-techo-negro-led-regulable-4-aspas-retractil\/#primaryimage"},"image":{"@id":"https:\/\/kuken.alfadyser.dev\/producto\/ventilador-techo-negro-led-regulable-4-aspas-retractil\/#primaryimage"},"thumbnailUrl":"https:\/\/kuken.alfadyser.dev\/wp-content\/uploads\/8425160344795_01.jpg","datePublished":"2024-10-29T12:44:08+00:00","dateModified":"2025-07-22T05:21:10+00:00","description":"Black LED adjustable ceiling fan with 4 retractable blades. Perfect for keeping the rooms in your home cool and illuminated. Visit K\u00fcken.co.uk","breadcrumb":{"@id":"https:\/\/kuken.alfadyser.dev\/producto\/ventilador-techo-negro-led-regulable-4-aspas-retractil\/#breadcrumb"},"inLanguage":"en-GB","potentialAction":[{"@type":"ReadAction","target":["https:\/\/kuken.alfadyser.dev\/producto\/ventilador-techo-negro-led-regulable-4-aspas-retractil\/"]}]},{"@type":"ImageObject","inLanguage":"en-GB","@id":"https:\/\/kuken.alfadyser.dev\/producto\/ventilador-techo-negro-led-regulable-4-aspas-retractil\/#primaryimage","url":"https:\/\/kuken.alfadyser.dev\/wp-content\/uploads\/8425160344795_01.jpg","contentUrl":"https:\/\/kuken.alfadyser.dev\/wp-content\/uploads\/8425160344795_01.jpg","width":2000,"height":2000},{"@type":"BreadcrumbList","@id":"https:\/\/kuken.alfadyser.dev\/producto\/ventilador-techo-negro-led-regulable-4-aspas-retractil\/#breadcrumb","itemListElement":[{"@type":"ListItem","position":1,"name":"Portada","item":"https:\/\/kuken.alfadyser.dev\/"},{"@type":"ListItem","position":2,"name":"Productos","item":"https:\/\/kuken.alfadyser.dev\/productos\/"},{"@type":"ListItem","position":3,"name":"VENTILADOR TECHO NEGRO LED REGULABLE 4 ASPAS RETRACTIL"}]},{"@type":"WebSite","@id":"https:\/\/kuken.alfadyser.dev\/#website","url":"https:\/\/kuken.alfadyser.dev\/","name":"K\u00fcken","description":"Wide range of k\u00fcken small household appliances","publisher":{"@id":"https:\/\/kuken.alfadyser.dev\/#organization"},"potentialAction":[{"@type":"SearchAction","target":{"@type":"EntryPoint","urlTemplate":"https:\/\/kuken.alfadyser.dev\/?s={search_term_string}"},"query-input":{"@type":"PropertyValueSpecification","valueRequired":true,"valueName":"search_term_string"}}],"inLanguage":"en-GB"},{"@type":"Organization","@id":"https:\/\/kuken.alfadyser.dev\/#organization","name":"Alpha Dyser","url":"https:\/\/kuken.alfadyser.dev\/","logo":{"@type":"ImageObject","inLanguage":"en-GB","@id":"https:\/\/kuken.alfadyser.dev\/#\/schema\/logo\/image\/","url":"https:\/\/kuken.alfadyser.dev\/wp-content\/uploads\/2019\/04\/kuken-logo.png","contentUrl":"https:\/\/kuken.alfadyser.dev\/wp-content\/uploads\/2019\/04\/kuken-logo.png","width":500,"height":191,"caption":"Alfa Dyser"},"image":{"@id":"https:\/\/kuken.alfadyser.dev\/#\/schema\/logo\/image\/"},"sameAs":["https:\/\/es-es.facebook.com\/alfadyser\/","https:\/\/www.instagram.com\/kuken_appliances\/"]}]},"product_price_currency":"EUR","og_availability":"instock","product_availability":"instock","product_retailer_item_id":"34479","product_condition":"new"},"_links":{"self":[{"href":"https:\/\/kuken.alfadyser.dev\/en\/wp-json\/wp\/v2\/product\/11432","targetHints":{"allow":["GET"]}}],"collection":[{"href":"https:\/\/kuken.alfadyser.dev\/en\/wp-json\/wp\/v2\/product"}],"about":[{"href":"https:\/\/kuken.alfadyser.dev\/en\/wp-json\/wp\/v2\/types\/product"}],"wp:featuredmedia":[{"embeddable":true,"href":"https:\/\/kuken.alfadyser.dev\/en\/wp-json\/wp\/v2\/media\/11739"}],"wp:attachment":[{"href":"https:\/\/kuken.alfadyser.dev\/en\/wp-json\/wp\/v2\/media?parent=11432"}],"wp:term":[{"taxonomy":"product_brand","embeddable":true,"href":"https:\/\/kuken.alfadyser.dev\/en\/wp-json\/wp\/v2\/product_brand?post=11432"},{"taxonomy":"product_cat","embeddable":true,"href":"https:\/\/kuken.alfadyser.dev\/en\/wp-json\/wp\/v2\/product_cat?post=11432"},{"taxonomy":"product_tag","embeddable":true,"href":"https:\/\/kuken.alfadyser.dev\/en\/wp-json\/wp\/v2\/product_tag?post=11432"}],"curies":[{"name":"wp","href":"https:\/\/api.w.org\/{rel}","templated":true}]}}