{"id":11116,"date":"2024-06-07T08:28:26","date_gmt":"2024-06-07T06:28:26","guid":{"rendered":"https:\/\/kuken.alfadyser.dev\/?post_type=product&#038;p=11116"},"modified":"2025-07-22T08:04:04","modified_gmt":"2025-07-22T06:04:04","slug":"professional-ionic-hair-dryer-2200w-red-red-kuken-13","status":"publish","type":"product","link":"https:\/\/kuken.alfadyser.dev\/en\/product-2\/professional-ionic-hair-dryer-2200w-red-red-kuken-13\/","title":{"rendered":"FOLDABLE TRAVEL DRYER 1600W. WHITE"},"content":{"rendered":"<p>FOLDABLE TRAVEL DRYER 1600W. WHITE<\/p>\n<p class=\"\" data-start=\"684\" data-end=\"752\">\u2022 Motor DC de 1600W, proporciona un secado r\u00e1pido y eficiente.<\/p>\n<p class=\"\" data-start=\"754\" data-end=\"835\">\u2022 Dise\u00f1o plegable y compacto, ocupa poco espacio y es f\u00e1cil de transportar.<\/p>\n<p class=\"\" data-start=\"837\" data-end=\"889\">\u2022 Acabado en color blanco, moderno y discreto.<\/p>\n<p class=\"\" data-start=\"891\" data-end=\"960\">\u2022 Mango ergon\u00f3mico, c\u00f3modo de sujetar y manejar durante el uso.<\/p>\n<p class=\"\" data-start=\"962\" data-end=\"1058\">\u2022 2 niveles de temperatura y 1 nivel de potencia, para adaptarse a tu tipo de cabello.<\/p>\n<p class=\"\" data-start=\"1060\" data-end=\"1135\">\u2022 Cable de alimentaci\u00f3n de 1,8 metros, brinda libertad de movimiento.<\/p>\n<p class=\"\" data-start=\"1137\" data-end=\"1220\">\u2022 Ideal para viajes, gimnasios, escapadas o uso diario en espacios reducidos.<\/p>\n<p><div class=\"accordion\"><div class=\"mfn-acc accordion_wrapper  toggle\"><div class=\"question\"><div class=\"title\"><i class=\"icon-plus acc-icon-plus\" aria-hidden=\"true\"><\/i><i class=\"icon-minus acc-icon-minus\" aria-hidden=\"true\"><\/i>Product data<\/div><div class=\"answer\">EAN 8425160349745<\/p>\n<p>FOLDABLE TRAVEL DRYER 1600W. WHITE<\/p>\n<p>Package unit 1<br \/>\nColour: white<br \/>\nPackaging. Colour box<br \/>\nPower: 1600W<br \/>\nVoltage: 230V.<br \/>\nMaterial: PC<br \/>\nSpeeds: 2 temperatures 1 Power<br \/>\n<\/div><\/div>\n<\/div><\/div>\n<br \/>\n<div class=\"accordion\"><div class=\"mfn-acc accordion_wrapper  toggle\"><div class=\"question\"><div class=\"title\"><i class=\"icon-plus acc-icon-plus\" aria-hidden=\"true\"><\/i><i class=\"icon-minus acc-icon-minus\" aria-hidden=\"true\"><\/i>Accessories<\/div><div class=\"answer\"><br \/>\n<\/div><\/div>\n<\/div><\/div>\n<\/p>\n<div class=\"descargas-producto\"><img loading=\"lazy\" decoding=\"async\" src=\"\/wp-content\/uploads\/2019\/12\/picto-descarrega.png\" alt=\"download data sheet\" width=\"23\" height=\"16\" \/><a href=\"https:\/\/kuken.alfadyser.dev\/wp-content\/uploads\/8425160349745_ficha_tecnica.pdf\">Download sheet<\/a><br \/>\n<img loading=\"lazy\" decoding=\"async\" src=\"\/wp-content\/uploads\/2019\/12\/picto-descarrega.png\" alt=\"download instruction manual\" width=\"23\" height=\"16\" \/><a href=\"https:\/\/kuken.alfadyser.dev\/wp-content\/uploads\/34974_instrucciones_compressed.pdf\">Download manual<\/a><\/div>\n<div><\/div>\n<div><span style=\"color: #bf2121\">Follow us on social media!<\/span><\/div>\n<div><a href=\"https:\/\/www.instagram.com\/kuken_appliances\/\">https:\/\/www.instagram.com\/kuken_appliances\/<\/a><\/div>","protected":false},"excerpt":{"rendered":"<p class=\"\" data-start=\"462\" data-end=\"613\">The perfect ally for your suitcase. Powerful, lightweight and foldable, with ergonomic design and adjustable temperature to keep you in style wherever you go.<\/p>","protected":false},"featured_media":11483,"template":"","meta":[],"product_brand":[],"product_cat":[213],"product_tag":[],"class_list":{"0":"post-11116","1":"product","2":"type-product","3":"status-publish","4":"has-post-thumbnail","6":"product_cat-secadores","8":"first","9":"instock","10":"product-type-simple"},"yoast_head":"<!-- This site is optimized with the Yoast SEO Premium plugin v24.0 (Yoast SEO v26.5) - https:\/\/yoast.com\/wordpress\/plugins\/seo\/ -->\n<title>SECADOR VIAJE PLEGABLE 1600W. BLANCO - K\u00fcken<\/title>\n<meta name=\"description\" content=\"Secador viaje plegable 1600W blanco K\u00dcKEN, compacto, potente y ergon\u00f3mico. Ideal para llevar en maleta. 2 temperaturas y cable largo de 1,8\u202fm.\" \/>\n<meta name=\"robots\" content=\"noindex, follow, max-snippet:-1, max-image-preview:large, max-video-preview:-1\" \/>\n<meta property=\"og:locale\" content=\"en_GB\" \/>\n<meta property=\"og:type\" content=\"article\" \/>\n<meta property=\"og:title\" content=\"SECADOR VIAJE PLEGABLE 1600W. BLANCO\" \/>\n<meta property=\"og:description\" content=\"Secador viaje plegable 1600W blanco K\u00dcKEN, compacto, potente y ergon\u00f3mico. Ideal para llevar en maleta. 2 temperaturas y cable largo de 1,8\u202fm.\" \/>\n<meta property=\"og:url\" content=\"https:\/\/kuken.alfadyser.dev\/en\/product-2\/professional-ionic-hair-dryer-2200w-red-red-kuken-13\/\" \/>\n<meta property=\"og:site_name\" content=\"K\u00fcken\" \/>\n<meta property=\"article:publisher\" content=\"https:\/\/es-es.facebook.com\/alfadyser\/\" \/>\n<meta property=\"article:modified_time\" content=\"2025-07-22T06:04:04+00:00\" \/>\n<meta property=\"og:image\" content=\"https:\/\/kuken.alfadyser.dev\/wp-content\/uploads\/8425160349745_01-1.jpg\" \/>\n\t<meta property=\"og:image:width\" content=\"2000\" \/>\n\t<meta property=\"og:image:height\" content=\"2000\" \/>\n\t<meta property=\"og:image:type\" content=\"image\/jpeg\" \/>\n<meta name=\"twitter:card\" content=\"summary_large_image\" \/>\n<meta name=\"twitter:label1\" content=\"Price\" \/>\n\t<meta name=\"twitter:data1\" content=\"\" \/>\n\t<meta name=\"twitter:label2\" content=\"Availability\" \/>\n\t<meta name=\"twitter:data2\" content=\"In stock\" \/>\n<script type=\"application\/ld+json\" class=\"yoast-schema-graph\">{\"@context\":\"https:\/\/schema.org\",\"@graph\":[{\"@type\":\"WebPage\",\"@id\":\"https:\/\/kuken.alfadyser.dev\/producto\/secador-viaje-plegable-1600w-blanco\/\",\"url\":\"https:\/\/kuken.alfadyser.dev\/producto\/secador-viaje-plegable-1600w-blanco\/\",\"name\":\"SECADOR VIAJE PLEGABLE 1600W. BLANCO - K\u00fcken\",\"isPartOf\":{\"@id\":\"https:\/\/kuken.alfadyser.dev\/#website\"},\"primaryImageOfPage\":{\"@id\":\"https:\/\/kuken.alfadyser.dev\/producto\/secador-viaje-plegable-1600w-blanco\/#primaryimage\"},\"image\":{\"@id\":\"https:\/\/kuken.alfadyser.dev\/producto\/secador-viaje-plegable-1600w-blanco\/#primaryimage\"},\"thumbnailUrl\":\"https:\/\/kuken.alfadyser.dev\/wp-content\/uploads\/8425160349745_01-1.jpg\",\"datePublished\":\"2024-06-07T06:28:26+00:00\",\"dateModified\":\"2025-07-22T06:04:04+00:00\",\"description\":\"Secador viaje plegable 1600W blanco K\u00dcKEN, compacto, potente y ergon\u00f3mico. Ideal para llevar en maleta. 2 temperaturas y cable largo de 1,8\u202fm.\",\"breadcrumb\":{\"@id\":\"https:\/\/kuken.alfadyser.dev\/producto\/secador-viaje-plegable-1600w-blanco\/#breadcrumb\"},\"inLanguage\":\"en-GB\",\"potentialAction\":[{\"@type\":\"ReadAction\",\"target\":[\"https:\/\/kuken.alfadyser.dev\/producto\/secador-viaje-plegable-1600w-blanco\/\"]}]},{\"@type\":\"ImageObject\",\"inLanguage\":\"en-GB\",\"@id\":\"https:\/\/kuken.alfadyser.dev\/producto\/secador-viaje-plegable-1600w-blanco\/#primaryimage\",\"url\":\"https:\/\/kuken.alfadyser.dev\/wp-content\/uploads\/8425160349745_01-1.jpg\",\"contentUrl\":\"https:\/\/kuken.alfadyser.dev\/wp-content\/uploads\/8425160349745_01-1.jpg\",\"width\":2000,\"height\":2000},{\"@type\":\"BreadcrumbList\",\"@id\":\"https:\/\/kuken.alfadyser.dev\/producto\/secador-viaje-plegable-1600w-blanco\/#breadcrumb\",\"itemListElement\":[{\"@type\":\"ListItem\",\"position\":1,\"name\":\"Portada\",\"item\":\"https:\/\/kuken.alfadyser.dev\/\"},{\"@type\":\"ListItem\",\"position\":2,\"name\":\"Productos\",\"item\":\"https:\/\/kuken.alfadyser.dev\/productos\/\"},{\"@type\":\"ListItem\",\"position\":3,\"name\":\"SECADOR VIAJE PLEGABLE 1600W. BLANCO\"}]},{\"@type\":\"WebSite\",\"@id\":\"https:\/\/kuken.alfadyser.dev\/#website\",\"url\":\"https:\/\/kuken.alfadyser.dev\/\",\"name\":\"K\u00fcken\",\"description\":\"Amplia gama de peque\u00f1o electrodom\u00e9stico k\u00fcken\",\"publisher\":{\"@id\":\"https:\/\/kuken.alfadyser.dev\/#organization\"},\"potentialAction\":[{\"@type\":\"SearchAction\",\"target\":{\"@type\":\"EntryPoint\",\"urlTemplate\":\"https:\/\/kuken.alfadyser.dev\/?s={search_term_string}\"},\"query-input\":{\"@type\":\"PropertyValueSpecification\",\"valueRequired\":true,\"valueName\":\"search_term_string\"}}],\"inLanguage\":\"en-GB\"},{\"@type\":\"Organization\",\"@id\":\"https:\/\/kuken.alfadyser.dev\/#organization\",\"name\":\"Alfa Dyser\",\"url\":\"https:\/\/kuken.alfadyser.dev\/\",\"logo\":{\"@type\":\"ImageObject\",\"inLanguage\":\"en-GB\",\"@id\":\"https:\/\/kuken.alfadyser.dev\/#\/schema\/logo\/image\/\",\"url\":\"https:\/\/kuken.alfadyser.dev\/wp-content\/uploads\/2019\/04\/kuken-logo.png\",\"contentUrl\":\"https:\/\/kuken.alfadyser.dev\/wp-content\/uploads\/2019\/04\/kuken-logo.png\",\"width\":500,\"height\":191,\"caption\":\"Alfa Dyser\"},\"image\":{\"@id\":\"https:\/\/kuken.alfadyser.dev\/#\/schema\/logo\/image\/\"},\"sameAs\":[\"https:\/\/es-es.facebook.com\/alfadyser\/\",\"https:\/\/www.instagram.com\/kuken_appliances\/\"]}]}<\/script>\n<meta property=\"product:price:currency\" content=\"EUR\" \/>\n<meta property=\"og:availability\" content=\"instock\" \/>\n<meta property=\"product:availability\" content=\"instock\" \/>\n<meta property=\"product:retailer_item_id\" content=\"34974\" \/>\n<meta property=\"product:condition\" content=\"new\" \/>\n<!-- \/ Yoast SEO Premium plugin. -->","yoast_head_json":{"title":"FOLDABLE TRAVEL HAIRDRYER 1600W. WHITE - K\u00fcken","description":"K\u00dcKEN 1600W white, compact, powerful and ergonomic folding travel hairdryer. Ideal for carrying in a suitcase. 2 temperatures and 1.8 m long cord.","robots":{"index":"noindex","follow":"follow","max-snippet":"max-snippet:-1","max-image-preview":"max-image-preview:large","max-video-preview":"max-video-preview:-1"},"og_locale":"en_GB","og_type":"article","og_title":"SECADOR VIAJE PLEGABLE 1600W. BLANCO","og_description":"Secador viaje plegable 1600W blanco K\u00dcKEN, compacto, potente y ergon\u00f3mico. Ideal para llevar en maleta. 2 temperaturas y cable largo de 1,8\u202fm.","og_url":"https:\/\/kuken.alfadyser.dev\/en\/product-2\/professional-ionic-hair-dryer-2200w-red-red-kuken-13\/","og_site_name":"K\u00fcken","article_publisher":"https:\/\/es-es.facebook.com\/alfadyser\/","article_modified_time":"2025-07-22T06:04:04+00:00","og_image":[{"width":2000,"height":2000,"url":"https:\/\/kuken.alfadyser.dev\/wp-content\/uploads\/8425160349745_01-1.jpg","type":"image\/jpeg"}],"twitter_card":"summary_large_image","twitter_misc":{"Price":"","Availability":"In stock"},"schema":{"@context":"https:\/\/schema.org","@graph":[{"@type":"WebPage","@id":"https:\/\/kuken.alfadyser.dev\/producto\/secador-viaje-plegable-1600w-blanco\/","url":"https:\/\/kuken.alfadyser.dev\/producto\/secador-viaje-plegable-1600w-blanco\/","name":"FOLDABLE TRAVEL HAIRDRYER 1600W. WHITE - K\u00fcken","isPartOf":{"@id":"https:\/\/kuken.alfadyser.dev\/#website"},"primaryImageOfPage":{"@id":"https:\/\/kuken.alfadyser.dev\/producto\/secador-viaje-plegable-1600w-blanco\/#primaryimage"},"image":{"@id":"https:\/\/kuken.alfadyser.dev\/producto\/secador-viaje-plegable-1600w-blanco\/#primaryimage"},"thumbnailUrl":"https:\/\/kuken.alfadyser.dev\/wp-content\/uploads\/8425160349745_01-1.jpg","datePublished":"2024-06-07T06:28:26+00:00","dateModified":"2025-07-22T06:04:04+00:00","description":"K\u00dcKEN 1600W white, compact, powerful and ergonomic folding travel hairdryer. Ideal for carrying in a suitcase. 2 temperatures and 1.8 m long cord.","breadcrumb":{"@id":"https:\/\/kuken.alfadyser.dev\/producto\/secador-viaje-plegable-1600w-blanco\/#breadcrumb"},"inLanguage":"en-GB","potentialAction":[{"@type":"ReadAction","target":["https:\/\/kuken.alfadyser.dev\/producto\/secador-viaje-plegable-1600w-blanco\/"]}]},{"@type":"ImageObject","inLanguage":"en-GB","@id":"https:\/\/kuken.alfadyser.dev\/producto\/secador-viaje-plegable-1600w-blanco\/#primaryimage","url":"https:\/\/kuken.alfadyser.dev\/wp-content\/uploads\/8425160349745_01-1.jpg","contentUrl":"https:\/\/kuken.alfadyser.dev\/wp-content\/uploads\/8425160349745_01-1.jpg","width":2000,"height":2000},{"@type":"BreadcrumbList","@id":"https:\/\/kuken.alfadyser.dev\/producto\/secador-viaje-plegable-1600w-blanco\/#breadcrumb","itemListElement":[{"@type":"ListItem","position":1,"name":"Portada","item":"https:\/\/kuken.alfadyser.dev\/"},{"@type":"ListItem","position":2,"name":"Productos","item":"https:\/\/kuken.alfadyser.dev\/productos\/"},{"@type":"ListItem","position":3,"name":"SECADOR VIAJE PLEGABLE 1600W. BLANCO"}]},{"@type":"WebSite","@id":"https:\/\/kuken.alfadyser.dev\/#website","url":"https:\/\/kuken.alfadyser.dev\/","name":"K\u00fcken","description":"Wide range of k\u00fcken small household appliances","publisher":{"@id":"https:\/\/kuken.alfadyser.dev\/#organization"},"potentialAction":[{"@type":"SearchAction","target":{"@type":"EntryPoint","urlTemplate":"https:\/\/kuken.alfadyser.dev\/?s={search_term_string}"},"query-input":{"@type":"PropertyValueSpecification","valueRequired":true,"valueName":"search_term_string"}}],"inLanguage":"en-GB"},{"@type":"Organization","@id":"https:\/\/kuken.alfadyser.dev\/#organization","name":"Alpha Dyser","url":"https:\/\/kuken.alfadyser.dev\/","logo":{"@type":"ImageObject","inLanguage":"en-GB","@id":"https:\/\/kuken.alfadyser.dev\/#\/schema\/logo\/image\/","url":"https:\/\/kuken.alfadyser.dev\/wp-content\/uploads\/2019\/04\/kuken-logo.png","contentUrl":"https:\/\/kuken.alfadyser.dev\/wp-content\/uploads\/2019\/04\/kuken-logo.png","width":500,"height":191,"caption":"Alfa Dyser"},"image":{"@id":"https:\/\/kuken.alfadyser.dev\/#\/schema\/logo\/image\/"},"sameAs":["https:\/\/es-es.facebook.com\/alfadyser\/","https:\/\/www.instagram.com\/kuken_appliances\/"]}]},"product_price_currency":"EUR","og_availability":"instock","product_availability":"instock","product_retailer_item_id":"34974","product_condition":"new"},"_links":{"self":[{"href":"https:\/\/kuken.alfadyser.dev\/en\/wp-json\/wp\/v2\/product\/11116","targetHints":{"allow":["GET"]}}],"collection":[{"href":"https:\/\/kuken.alfadyser.dev\/en\/wp-json\/wp\/v2\/product"}],"about":[{"href":"https:\/\/kuken.alfadyser.dev\/en\/wp-json\/wp\/v2\/types\/product"}],"wp:featuredmedia":[{"embeddable":true,"href":"https:\/\/kuken.alfadyser.dev\/en\/wp-json\/wp\/v2\/media\/11483"}],"wp:attachment":[{"href":"https:\/\/kuken.alfadyser.dev\/en\/wp-json\/wp\/v2\/media?parent=11116"}],"wp:term":[{"taxonomy":"product_brand","embeddable":true,"href":"https:\/\/kuken.alfadyser.dev\/en\/wp-json\/wp\/v2\/product_brand?post=11116"},{"taxonomy":"product_cat","embeddable":true,"href":"https:\/\/kuken.alfadyser.dev\/en\/wp-json\/wp\/v2\/product_cat?post=11116"},{"taxonomy":"product_tag","embeddable":true,"href":"https:\/\/kuken.alfadyser.dev\/en\/wp-json\/wp\/v2\/product_tag?post=11116"}],"curies":[{"name":"wp","href":"https:\/\/api.w.org\/{rel}","templated":true}]}}