{"id":10881,"date":"2024-01-18T07:34:00","date_gmt":"2024-01-18T06:34:00","guid":{"rendered":"https:\/\/kuken.alfadyser.dev\/?post_type=product&#038;p=10881"},"modified":"2025-07-22T08:30:58","modified_gmt":"2025-07-22T06:30:58","slug":"foot-fan-kuken-45w-white-3","status":"publish","type":"product","link":"https:\/\/kuken.alfadyser.dev\/en\/product-2\/foot-fan-kuken-45w-white-3\/","title":{"rendered":"CEILING FAN WHITE 70W 3 BLADES 122CM"},"content":{"rendered":"<p>CEILING FAN WHITE 70W 3 BLADES 122CM<\/p>\n<ul data-start=\"860\" data-end=\"1528\">\n<li class=\"\" data-start=\"860\" data-end=\"934\">\n<p class=\"\" data-start=\"862\" data-end=\"934\">Potencia de 70W, bajo consumo con alto rendimiento de ventilaci\u00f3n.<\/p>\n<\/li>\n<li class=\"\" data-start=\"935\" data-end=\"996\">\n<p class=\"\" data-start=\"937\" data-end=\"996\">Fabricado en metal y pl\u00e1stico, resistente y duradero.<\/p>\n<\/li>\n<li class=\"\" data-start=\"997\" data-end=\"1071\">\n<p class=\"\" data-start=\"999\" data-end=\"1071\">3 aspas con di\u00e1metro total de 122\u202fcm, ideal para espacios amplios.<\/p>\n<\/li>\n<li class=\"\" data-start=\"1072\" data-end=\"1114\">\n<p class=\"\" data-start=\"1074\" data-end=\"1114\">Medida de cada h\u00e9lice: 47 \u00d7 12\u202fcm.<\/p>\n<\/li>\n<li class=\"\" data-start=\"1115\" data-end=\"1156\">\n<p class=\"\" data-start=\"1117\" data-end=\"1156\">Dimensiones totales: 122 \u00d7 40\u202fcm.<\/p>\n<\/li>\n<li class=\"\" data-start=\"1157\" data-end=\"1221\">\n<p class=\"\" data-start=\"1159\" data-end=\"1221\">3 velocidades ajustables mediante mando a distancia.<\/p>\n<\/li>\n<li class=\"\" data-start=\"1222\" data-end=\"1276\">\n<p class=\"\" data-start=\"1224\" data-end=\"1276\">Temporizador programable: 1\u202fh, 2\u202fh, 4\u202fh o 8\u202fh.<\/p>\n<\/li>\n<li class=\"\" data-start=\"1277\" data-end=\"1337\">\n<p class=\"\" data-start=\"1279\" data-end=\"1337\">Nivel sonoro de 42\u201348\u202fdB, funcionamiento silencioso.<\/p>\n<\/li>\n<li class=\"\" data-start=\"1338\" data-end=\"1400\">\n<p class=\"\" data-start=\"1340\" data-end=\"1400\">Caudal de aire de 81,37\u202fm\u00b3\/min, circulaci\u00f3n eficiente.<\/p>\n<\/li>\n<li class=\"\" data-start=\"1401\" data-end=\"1438\">\n<p class=\"\" data-start=\"1403\" data-end=\"1438\">Conexi\u00f3n el\u00e9ctrica: 220\u2013240V.<\/p>\n<\/li>\n<li class=\"\" data-start=\"1439\" data-end=\"1466\">\n<p class=\"\" data-start=\"1441\" data-end=\"1466\">Peso total: 4,6\u202fkg.<\/p>\n<\/li>\n<li class=\"\" data-start=\"1467\" data-end=\"1528\">\n<p class=\"\" data-start=\"1469\" data-end=\"1528\">Ideal para salones, comedores y habitaciones grandes.<\/p>\n<\/li>\n<\/ul>\n<p><div class=\"accordion\"><div class=\"mfn-acc accordion_wrapper  toggle\"><div class=\"question\"><div class=\"title\"><i class=\"icon-plus acc-icon-plus\" aria-hidden=\"true\"><\/i><i class=\"icon-minus acc-icon-minus\" aria-hidden=\"true\"><\/i>Product data<\/div><div class=\"answer\">EAN: 8425160343781<br \/>\nUnits: 1<br \/>\nColour: White<br \/>\nPackaging: Coloured box<br \/>\nPotencia: 70 W<br \/>\nVoltage: 230 V<br \/>\nMaterial: Met\u00e1lico<br \/>\nSpeeds: 3 speeds<br \/>\nDi\u00e1metro: 122mm<\/p>\n<p><\/div><\/div>\n<\/div><\/div>\n<br \/>\n<div class=\"accordion\"><div class=\"mfn-acc accordion_wrapper  toggle\"><div class=\"question\"><div class=\"title\"><i class=\"icon-plus acc-icon-plus\" aria-hidden=\"true\"><\/i><i class=\"icon-minus acc-icon-minus\" aria-hidden=\"true\"><\/i>Accessories<\/div><div class=\"answer\"><\/div><\/div>\n<\/div><\/div>\n<\/p>\n<div class=\"descargas-producto\"><img loading=\"lazy\" decoding=\"async\" src=\"\/wp-content\/uploads\/2019\/12\/picto-descarrega.png\" alt=\"download data sheet\" width=\"23\" height=\"16\" \/><a href=\"https:\/\/kuken.alfadyser.dev\/wp-content\/uploads\/8425160343781_ficha_tecnica.pdf\">Download sheet<\/a><\/div>\n<div><img loading=\"lazy\" decoding=\"async\" src=\"\/wp-content\/uploads\/2019\/12\/picto-descarrega.png\" alt=\"download data sheet\" width=\"23\" height=\"16\" \/><a href=\"https:\/\/kuken.alfadyser.dev\/wp-content\/uploads\/34378_instrucciones_compressed.pdf\">Download manual<\/a><\/div>\n<div class=\"descargas-producto\"><\/div>\n<div><\/div>\n<div><span style=\"color: #bf2121\">Follow us on social media!<\/span><\/div>\n<div><a href=\"https:\/\/www.instagram.com\/kuken_appliances\/\">https:\/\/www.instagram.com\/kuken_appliances\/<\/a><\/div>\n<div><\/div>","protected":false},"excerpt":{"rendered":"<p class=\"\" data-start=\"628\" data-end=\"789\">Refresca con eficiencia y estilo. Silencioso, potente y de bajo consumo, este ventilador es ideal para mantener frescos salones y espacios grandes con comodidad.<\/p>","protected":false},"featured_media":10963,"template":"","meta":[],"product_brand":[],"product_cat":[223],"product_tag":[],"class_list":{"0":"post-10881","1":"product","2":"type-product","3":"status-publish","4":"has-post-thumbnail","6":"product_cat-ventiladores","8":"first","9":"instock","10":"product-type-simple"},"yoast_head":"<!-- This site is optimized with the Yoast SEO Premium plugin v24.0 (Yoast SEO v26.5) - https:\/\/yoast.com\/wordpress\/plugins\/seo\/ -->\n<title>VENTILADOR TECHO BLANCO 70W 3 ASPAS 122CM - K\u00fcken<\/title>\n<meta name=\"description\" content=\"Ventilador de techo blanco de 70W con 3 aspas k\u00fcken. Refresca de manera r\u00e1pida y eficiente cualquier estancia de tu hogar. Desc\u00fabrelo en www.kuken.es\" \/>\n<meta name=\"robots\" content=\"noindex, follow, max-snippet:-1, max-image-preview:large, max-video-preview:-1\" \/>\n<meta property=\"og:locale\" content=\"en_GB\" \/>\n<meta property=\"og:type\" content=\"article\" \/>\n<meta property=\"og:title\" content=\"VENTILADOR TECHO BLANCO 70W 3 ASPAS 122CM\" \/>\n<meta property=\"og:description\" content=\"Ventilador de techo blanco de 70W con 3 aspas k\u00fcken. Refresca de manera r\u00e1pida y eficiente cualquier estancia de tu hogar. Desc\u00fabrelo en www.kuken.es\" \/>\n<meta property=\"og:url\" content=\"https:\/\/kuken.alfadyser.dev\/en\/product-2\/foot-fan-kuken-45w-white-3\/\" \/>\n<meta property=\"og:site_name\" content=\"K\u00fcken\" \/>\n<meta property=\"article:publisher\" content=\"https:\/\/es-es.facebook.com\/alfadyser\/\" \/>\n<meta property=\"article:modified_time\" content=\"2025-07-22T06:30:58+00:00\" \/>\n<meta property=\"og:image\" content=\"https:\/\/kuken.alfadyser.dev\/wp-content\/uploads\/8425160343781_01.jpg\" \/>\n\t<meta property=\"og:image:width\" content=\"2000\" \/>\n\t<meta property=\"og:image:height\" content=\"2000\" \/>\n\t<meta property=\"og:image:type\" content=\"image\/jpeg\" \/>\n<meta name=\"twitter:card\" content=\"summary_large_image\" \/>\n<meta name=\"twitter:label1\" content=\"Price\" \/>\n\t<meta name=\"twitter:data1\" content=\"\" \/>\n\t<meta name=\"twitter:label2\" content=\"Availability\" \/>\n\t<meta name=\"twitter:data2\" content=\"In stock\" \/>\n<script type=\"application\/ld+json\" class=\"yoast-schema-graph\">{\"@context\":\"https:\/\/schema.org\",\"@graph\":[{\"@type\":\"WebPage\",\"@id\":\"https:\/\/kuken.alfadyser.dev\/producto\/ventilador-techo-blanco-70w-3-aspas-122cm\/\",\"url\":\"https:\/\/kuken.alfadyser.dev\/producto\/ventilador-techo-blanco-70w-3-aspas-122cm\/\",\"name\":\"VENTILADOR TECHO BLANCO 70W 3 ASPAS 122CM - K\u00fcken\",\"isPartOf\":{\"@id\":\"https:\/\/kuken.alfadyser.dev\/#website\"},\"primaryImageOfPage\":{\"@id\":\"https:\/\/kuken.alfadyser.dev\/producto\/ventilador-techo-blanco-70w-3-aspas-122cm\/#primaryimage\"},\"image\":{\"@id\":\"https:\/\/kuken.alfadyser.dev\/producto\/ventilador-techo-blanco-70w-3-aspas-122cm\/#primaryimage\"},\"thumbnailUrl\":\"https:\/\/kuken.alfadyser.dev\/wp-content\/uploads\/8425160343781_01.jpg\",\"datePublished\":\"2024-01-18T06:34:00+00:00\",\"dateModified\":\"2025-07-22T06:30:58+00:00\",\"description\":\"Ventilador de techo blanco de 70W con 3 aspas k\u00fcken. Refresca de manera r\u00e1pida y eficiente cualquier estancia de tu hogar. Desc\u00fabrelo en www.kuken.es\",\"breadcrumb\":{\"@id\":\"https:\/\/kuken.alfadyser.dev\/producto\/ventilador-techo-blanco-70w-3-aspas-122cm\/#breadcrumb\"},\"inLanguage\":\"en-GB\",\"potentialAction\":[{\"@type\":\"ReadAction\",\"target\":[\"https:\/\/kuken.alfadyser.dev\/producto\/ventilador-techo-blanco-70w-3-aspas-122cm\/\"]}]},{\"@type\":\"ImageObject\",\"inLanguage\":\"en-GB\",\"@id\":\"https:\/\/kuken.alfadyser.dev\/producto\/ventilador-techo-blanco-70w-3-aspas-122cm\/#primaryimage\",\"url\":\"https:\/\/kuken.alfadyser.dev\/wp-content\/uploads\/8425160343781_01.jpg\",\"contentUrl\":\"https:\/\/kuken.alfadyser.dev\/wp-content\/uploads\/8425160343781_01.jpg\",\"width\":2000,\"height\":2000},{\"@type\":\"BreadcrumbList\",\"@id\":\"https:\/\/kuken.alfadyser.dev\/producto\/ventilador-techo-blanco-70w-3-aspas-122cm\/#breadcrumb\",\"itemListElement\":[{\"@type\":\"ListItem\",\"position\":1,\"name\":\"Portada\",\"item\":\"https:\/\/kuken.alfadyser.dev\/\"},{\"@type\":\"ListItem\",\"position\":2,\"name\":\"Productos\",\"item\":\"https:\/\/kuken.alfadyser.dev\/productos\/\"},{\"@type\":\"ListItem\",\"position\":3,\"name\":\"VENTILADOR TECHO BLANCO 70W 3 ASPAS 122CM\"}]},{\"@type\":\"WebSite\",\"@id\":\"https:\/\/kuken.alfadyser.dev\/#website\",\"url\":\"https:\/\/kuken.alfadyser.dev\/\",\"name\":\"K\u00fcken\",\"description\":\"Amplia gama de peque\u00f1o electrodom\u00e9stico k\u00fcken\",\"publisher\":{\"@id\":\"https:\/\/kuken.alfadyser.dev\/#organization\"},\"potentialAction\":[{\"@type\":\"SearchAction\",\"target\":{\"@type\":\"EntryPoint\",\"urlTemplate\":\"https:\/\/kuken.alfadyser.dev\/?s={search_term_string}\"},\"query-input\":{\"@type\":\"PropertyValueSpecification\",\"valueRequired\":true,\"valueName\":\"search_term_string\"}}],\"inLanguage\":\"en-GB\"},{\"@type\":\"Organization\",\"@id\":\"https:\/\/kuken.alfadyser.dev\/#organization\",\"name\":\"Alfa Dyser\",\"url\":\"https:\/\/kuken.alfadyser.dev\/\",\"logo\":{\"@type\":\"ImageObject\",\"inLanguage\":\"en-GB\",\"@id\":\"https:\/\/kuken.alfadyser.dev\/#\/schema\/logo\/image\/\",\"url\":\"https:\/\/kuken.alfadyser.dev\/wp-content\/uploads\/2019\/04\/kuken-logo.png\",\"contentUrl\":\"https:\/\/kuken.alfadyser.dev\/wp-content\/uploads\/2019\/04\/kuken-logo.png\",\"width\":500,\"height\":191,\"caption\":\"Alfa Dyser\"},\"image\":{\"@id\":\"https:\/\/kuken.alfadyser.dev\/#\/schema\/logo\/image\/\"},\"sameAs\":[\"https:\/\/es-es.facebook.com\/alfadyser\/\",\"https:\/\/www.instagram.com\/kuken_appliances\/\"]}]}<\/script>\n<meta property=\"product:price:currency\" content=\"EUR\" \/>\n<meta property=\"og:availability\" content=\"instock\" \/>\n<meta property=\"product:availability\" content=\"instock\" \/>\n<meta property=\"product:retailer_item_id\" content=\"34378\" \/>\n<meta property=\"product:condition\" content=\"new\" \/>\n<!-- \/ Yoast SEO Premium plugin. -->","yoast_head_json":{"title":"VENTILADOR TECHO BLANCO 70W 3 ASPAS 122CM - K\u00fcken","description":"Ventilador de techo blanco de 70W con 3 aspas k\u00fcken. Refresca de manera r\u00e1pida y eficiente cualquier estancia de tu hogar. Desc\u00fabrelo en www.kuken.es","robots":{"index":"noindex","follow":"follow","max-snippet":"max-snippet:-1","max-image-preview":"max-image-preview:large","max-video-preview":"max-video-preview:-1"},"og_locale":"en_GB","og_type":"article","og_title":"VENTILADOR TECHO BLANCO 70W 3 ASPAS 122CM","og_description":"Ventilador de techo blanco de 70W con 3 aspas k\u00fcken. Refresca de manera r\u00e1pida y eficiente cualquier estancia de tu hogar. Desc\u00fabrelo en www.kuken.es","og_url":"https:\/\/kuken.alfadyser.dev\/en\/product-2\/foot-fan-kuken-45w-white-3\/","og_site_name":"K\u00fcken","article_publisher":"https:\/\/es-es.facebook.com\/alfadyser\/","article_modified_time":"2025-07-22T06:30:58+00:00","og_image":[{"width":2000,"height":2000,"url":"https:\/\/kuken.alfadyser.dev\/wp-content\/uploads\/8425160343781_01.jpg","type":"image\/jpeg"}],"twitter_card":"summary_large_image","twitter_misc":{"Price":"","Availability":"In stock"},"schema":{"@context":"https:\/\/schema.org","@graph":[{"@type":"WebPage","@id":"https:\/\/kuken.alfadyser.dev\/producto\/ventilador-techo-blanco-70w-3-aspas-122cm\/","url":"https:\/\/kuken.alfadyser.dev\/producto\/ventilador-techo-blanco-70w-3-aspas-122cm\/","name":"VENTILADOR TECHO BLANCO 70W 3 ASPAS 122CM - K\u00fcken","isPartOf":{"@id":"https:\/\/kuken.alfadyser.dev\/#website"},"primaryImageOfPage":{"@id":"https:\/\/kuken.alfadyser.dev\/producto\/ventilador-techo-blanco-70w-3-aspas-122cm\/#primaryimage"},"image":{"@id":"https:\/\/kuken.alfadyser.dev\/producto\/ventilador-techo-blanco-70w-3-aspas-122cm\/#primaryimage"},"thumbnailUrl":"https:\/\/kuken.alfadyser.dev\/wp-content\/uploads\/8425160343781_01.jpg","datePublished":"2024-01-18T06:34:00+00:00","dateModified":"2025-07-22T06:30:58+00:00","description":"Ventilador de techo blanco de 70W con 3 aspas k\u00fcken. Refresca de manera r\u00e1pida y eficiente cualquier estancia de tu hogar. Desc\u00fabrelo en www.kuken.es","breadcrumb":{"@id":"https:\/\/kuken.alfadyser.dev\/producto\/ventilador-techo-blanco-70w-3-aspas-122cm\/#breadcrumb"},"inLanguage":"en-GB","potentialAction":[{"@type":"ReadAction","target":["https:\/\/kuken.alfadyser.dev\/producto\/ventilador-techo-blanco-70w-3-aspas-122cm\/"]}]},{"@type":"ImageObject","inLanguage":"en-GB","@id":"https:\/\/kuken.alfadyser.dev\/producto\/ventilador-techo-blanco-70w-3-aspas-122cm\/#primaryimage","url":"https:\/\/kuken.alfadyser.dev\/wp-content\/uploads\/8425160343781_01.jpg","contentUrl":"https:\/\/kuken.alfadyser.dev\/wp-content\/uploads\/8425160343781_01.jpg","width":2000,"height":2000},{"@type":"BreadcrumbList","@id":"https:\/\/kuken.alfadyser.dev\/producto\/ventilador-techo-blanco-70w-3-aspas-122cm\/#breadcrumb","itemListElement":[{"@type":"ListItem","position":1,"name":"Portada","item":"https:\/\/kuken.alfadyser.dev\/"},{"@type":"ListItem","position":2,"name":"Productos","item":"https:\/\/kuken.alfadyser.dev\/productos\/"},{"@type":"ListItem","position":3,"name":"VENTILADOR TECHO BLANCO 70W 3 ASPAS 122CM"}]},{"@type":"WebSite","@id":"https:\/\/kuken.alfadyser.dev\/#website","url":"https:\/\/kuken.alfadyser.dev\/","name":"K\u00fcken","description":"Wide range of k\u00fcken small household appliances","publisher":{"@id":"https:\/\/kuken.alfadyser.dev\/#organization"},"potentialAction":[{"@type":"SearchAction","target":{"@type":"EntryPoint","urlTemplate":"https:\/\/kuken.alfadyser.dev\/?s={search_term_string}"},"query-input":{"@type":"PropertyValueSpecification","valueRequired":true,"valueName":"search_term_string"}}],"inLanguage":"en-GB"},{"@type":"Organization","@id":"https:\/\/kuken.alfadyser.dev\/#organization","name":"Alpha Dyser","url":"https:\/\/kuken.alfadyser.dev\/","logo":{"@type":"ImageObject","inLanguage":"en-GB","@id":"https:\/\/kuken.alfadyser.dev\/#\/schema\/logo\/image\/","url":"https:\/\/kuken.alfadyser.dev\/wp-content\/uploads\/2019\/04\/kuken-logo.png","contentUrl":"https:\/\/kuken.alfadyser.dev\/wp-content\/uploads\/2019\/04\/kuken-logo.png","width":500,"height":191,"caption":"Alfa Dyser"},"image":{"@id":"https:\/\/kuken.alfadyser.dev\/#\/schema\/logo\/image\/"},"sameAs":["https:\/\/es-es.facebook.com\/alfadyser\/","https:\/\/www.instagram.com\/kuken_appliances\/"]}]},"product_price_currency":"EUR","og_availability":"instock","product_availability":"instock","product_retailer_item_id":"34378","product_condition":"new"},"_links":{"self":[{"href":"https:\/\/kuken.alfadyser.dev\/en\/wp-json\/wp\/v2\/product\/10881","targetHints":{"allow":["GET"]}}],"collection":[{"href":"https:\/\/kuken.alfadyser.dev\/en\/wp-json\/wp\/v2\/product"}],"about":[{"href":"https:\/\/kuken.alfadyser.dev\/en\/wp-json\/wp\/v2\/types\/product"}],"wp:featuredmedia":[{"embeddable":true,"href":"https:\/\/kuken.alfadyser.dev\/en\/wp-json\/wp\/v2\/media\/10963"}],"wp:attachment":[{"href":"https:\/\/kuken.alfadyser.dev\/en\/wp-json\/wp\/v2\/media?parent=10881"}],"wp:term":[{"taxonomy":"product_brand","embeddable":true,"href":"https:\/\/kuken.alfadyser.dev\/en\/wp-json\/wp\/v2\/product_brand?post=10881"},{"taxonomy":"product_cat","embeddable":true,"href":"https:\/\/kuken.alfadyser.dev\/en\/wp-json\/wp\/v2\/product_cat?post=10881"},{"taxonomy":"product_tag","embeddable":true,"href":"https:\/\/kuken.alfadyser.dev\/en\/wp-json\/wp\/v2\/product_tag?post=10881"}],"curies":[{"name":"wp","href":"https:\/\/api.w.org\/{rel}","templated":true}]}}