{"id":10878,"date":"2024-01-12T09:12:24","date_gmt":"2024-01-12T08:12:24","guid":{"rendered":"https:\/\/kuken.alfadyser.dev\/?post_type=product&#038;p=10878"},"modified":"2025-07-22T08:31:19","modified_gmt":"2025-07-22T06:31:19","slug":"electric-kuken-digital-oil-free-fryer-9","status":"publish","type":"product","link":"https:\/\/kuken.alfadyser.dev\/en\/product-2\/electric-kuken-digital-oil-free-fryer-9\/","title":{"rendered":"MANUAL OIL-LESS FRYER WITH WINDOW 5.0 LITRES 1500W."},"content":{"rendered":"<p>MANUAL OIL-LESS FRYER WITH WINDOW 5.0 LITRES 1500W.<\/p>\n<ul data-start=\"879\" data-end=\"1645\">\n<li class=\"\" data-start=\"879\" data-end=\"948\">\n<p class=\"\" data-start=\"881\" data-end=\"948\">Cocina sin aceite, logrando comidas m\u00e1s saludables y ligeras.<\/p>\n<\/li>\n<li class=\"\" data-start=\"949\" data-end=\"1027\">\n<p class=\"\" data-start=\"951\" data-end=\"1027\">Tecnolog\u00eda de convecci\u00f3n de aire caliente, cocina sin grasas a\u00f1adidas.<\/p>\n<\/li>\n<li class=\"\" data-start=\"1028\" data-end=\"1091\">\n<p class=\"\" data-start=\"1030\" data-end=\"1091\">Capacidad de 5 litros, ideal para porciones familiares.<\/p>\n<\/li>\n<li class=\"\" data-start=\"1092\" data-end=\"1165\">\n<p class=\"\" data-start=\"1094\" data-end=\"1165\">6 programas gu\u00eda, simplifican el cocinado de distintos alimentos.<\/p>\n<\/li>\n<li class=\"\" data-start=\"1166\" data-end=\"1250\">\n<p class=\"\" data-start=\"1168\" data-end=\"1250\">Selectores giratorios para regular tiempo y temperatura manualmente.<\/p>\n<\/li>\n<li class=\"\" data-start=\"1251\" data-end=\"1327\">\n<p class=\"\" data-start=\"1253\" data-end=\"1327\">Cestillo con ventana transparente, permite ver la cocci\u00f3n sin abrir.<\/p>\n<\/li>\n<li class=\"\" data-start=\"1328\" data-end=\"1396\">\n<p class=\"\" data-start=\"1330\" data-end=\"1396\">Interior antiadherente, f\u00e1cil de limpiar y libre de BPA.<\/p>\n<\/li>\n<li class=\"\" data-start=\"1397\" data-end=\"1458\">\n<p class=\"\" data-start=\"1399\" data-end=\"1458\">Asa de sujeci\u00f3n extra\u00edble, mayor comodidad al servir.<\/p>\n<\/li>\n<li class=\"\" data-start=\"1459\" data-end=\"1509\">\n<p class=\"\" data-start=\"1461\" data-end=\"1509\">Dise\u00f1o compacto: \u00f830\u202fcm \u00d7 28\u202fcm de altura.<\/p>\n<\/li>\n<li class=\"\" data-start=\"1510\" data-end=\"1572\">\n<p class=\"\" data-start=\"1512\" data-end=\"1572\">Acabado en blanco y gris met\u00e1lico, elegante y moderno.<\/p>\n<\/li>\n<li class=\"\" data-start=\"1573\" data-end=\"1645\">\n<p class=\"\" data-start=\"1575\" data-end=\"1645\">Patas de goma antideslizantes, mayor estabilidad durante el uso.<\/p>\n<\/li>\n<\/ul>\n<p>&nbsp;<\/p>\n<p><div class=\"accordion\"><div class=\"mfn-acc accordion_wrapper  toggle\"><div class=\"question\"><div class=\"title\"><i class=\"icon-plus acc-icon-plus\" aria-hidden=\"true\"><\/i><i class=\"icon-minus acc-icon-minus\" aria-hidden=\"true\"><\/i>Product data<\/div><div class=\"answer\">EAN 8425160343910<\/p>\n<p>MANUAL OIL-LESS FRYER WITH WINDOW 5.0 LITRES 1500W.<\/p>\n<p>Package unit 1<br \/>\nColour White and metallic grey.<br \/>\nPackaging Coloured box<br \/>\nPower 1500 W<br \/>\nVoltage 230 V<br \/>\nCapacity 5 Litres.<br \/>\nHigh-strength PC material.<br \/>\nDetachable Yes<br \/>\nNon-slip feet Yes<\/div><\/div>\n<\/div><\/div>\n<br \/>\n<div class=\"accordion\"><div class=\"mfn-acc accordion_wrapper  toggle\"><div class=\"question\"><div class=\"title\"><i class=\"icon-plus acc-icon-plus\" aria-hidden=\"true\"><\/i><i class=\"icon-minus acc-icon-minus\" aria-hidden=\"true\"><\/i>Accessories<\/div><div class=\"answer\"><\/div><\/div>\n<\/div><\/div>\n<\/p>\n<p>&nbsp;<\/p>\n<div class=\"descargas-producto\" data-wp-editing=\"1\"><img loading=\"lazy\" decoding=\"async\" src=\"\/wp-content\/uploads\/2019\/12\/picto-descarrega.png\" alt=\"download data sheet\" width=\"23\" height=\"16\" \/><a href=\"https:\/\/kuken.alfadyser.dev\/wp-content\/uploads\/8425160343910_ficha_tecnica.pdf\">Download sheet<\/a><\/div>\n<div data-wp-editing=\"1\"><img loading=\"lazy\" decoding=\"async\" src=\"\/wp-content\/uploads\/2019\/12\/picto-descarrega.png\" alt=\"download data sheet\" width=\"23\" height=\"16\" \/><a href=\"https:\/\/kuken.alfadyser.dev\/wp-content\/uploads\/34391_manual-de-instrucciones.pdf\">Download manual<\/a><\/div>\n<div class=\"descargas-producto\"><\/div>\n<div><\/div>\n<div><span style=\"color: #bf2121\">Follow us on social media!<\/span><\/div>\n<div><a href=\"https:\/\/www.instagram.com\/kuken_appliances\/\">https:\/\/www.instagram.com\/kuken_appliances\/<\/a><\/div>\n<p><iframe loading=\"lazy\" title=\"Air fryer 5 litres k\u00fcken\" width=\"560\" height=\"315\" src=\"https:\/\/www.youtube.com\/embed\/G6mjIQvF-Do?feature=oembed\" frameborder=\"0\" allow=\"accelerometer; autoplay; clipboard-write; encrypted-media; gyroscope; picture-in-picture; web-share\" referrerpolicy=\"strict-origin-when-cross-origin\" allowfullscreen><\/iframe><\/p>","protected":false},"excerpt":{"rendered":"<p class=\"\" data-start=\"650\" data-end=\"808\">Prepara comidas sabrosas sin aceite. Con control manual, ventana de cocci\u00f3n y tecnolog\u00eda de aire caliente, es ideal para cocinar saludable sin complicaciones.<\/p>","protected":false},"featured_media":11096,"template":"","meta":[],"product_brand":[],"product_cat":[197],"product_tag":[],"class_list":{"0":"post-10878","1":"product","2":"type-product","3":"status-publish","4":"has-post-thumbnail","6":"product_cat-freidoras","8":"first","9":"instock","10":"shipping-taxable","11":"product-type-simple"},"yoast_head":"<!-- This site is optimized with the Yoast SEO Premium plugin v24.0 (Yoast SEO v26.5) - https:\/\/yoast.com\/wordpress\/plugins\/seo\/ -->\n<title>FREIDORA SIN ACEITE MANUAL CON VENTANA 5.0 LITROS 1500W. - K\u00fcken<\/title>\n<meta name=\"description\" content=\"Freidora sin aceite manual con ventana 5\u202fL K\u00dcKEN, 6 programas, convecci\u00f3n de aire, control mec\u00e1nico y dise\u00f1o compacto. Cocina sin grasa y sin olores.\" \/>\n<meta name=\"robots\" content=\"noindex, follow, max-snippet:-1, max-image-preview:large, max-video-preview:-1\" \/>\n<meta property=\"og:locale\" content=\"en_GB\" \/>\n<meta property=\"og:type\" content=\"article\" \/>\n<meta property=\"og:title\" content=\"FREIDORA SIN ACEITE MANUAL CON VENTANA 5.0 LITROS 1500W.\" \/>\n<meta property=\"og:description\" content=\"Freidora sin aceite manual con ventana 5\u202fL K\u00dcKEN, 6 programas, convecci\u00f3n de aire, control mec\u00e1nico y dise\u00f1o compacto. Cocina sin grasa y sin olores.\" \/>\n<meta property=\"og:url\" content=\"https:\/\/kuken.alfadyser.dev\/en\/product-2\/electric-kuken-digital-oil-free-fryer-9\/\" \/>\n<meta property=\"og:site_name\" content=\"K\u00fcken\" \/>\n<meta property=\"article:publisher\" content=\"https:\/\/es-es.facebook.com\/alfadyser\/\" \/>\n<meta property=\"article:modified_time\" content=\"2025-07-22T06:31:19+00:00\" \/>\n<meta property=\"og:image\" content=\"https:\/\/kuken.alfadyser.dev\/wp-content\/uploads\/8425160343910_01.jpg\" \/>\n\t<meta property=\"og:image:width\" content=\"2000\" \/>\n\t<meta property=\"og:image:height\" content=\"2000\" \/>\n\t<meta property=\"og:image:type\" content=\"image\/jpeg\" \/>\n<meta name=\"twitter:card\" content=\"summary_large_image\" \/>\n<meta name=\"twitter:label1\" content=\"Price\" \/>\n\t<meta name=\"twitter:data1\" content=\"\" \/>\n\t<meta name=\"twitter:label2\" content=\"Availability\" \/>\n\t<meta name=\"twitter:data2\" content=\"In stock\" \/>\n<script type=\"application\/ld+json\" class=\"yoast-schema-graph\">{\"@context\":\"https:\/\/schema.org\",\"@graph\":[{\"@type\":\"WebPage\",\"@id\":\"https:\/\/kuken.alfadyser.dev\/producto\/freidora-sin-aceite-manual-ventana\/\",\"url\":\"https:\/\/kuken.alfadyser.dev\/producto\/freidora-sin-aceite-manual-ventana\/\",\"name\":\"FREIDORA SIN ACEITE MANUAL CON VENTANA 5.0 LITROS 1500W. - K\u00fcken\",\"isPartOf\":{\"@id\":\"https:\/\/kuken.alfadyser.dev\/#website\"},\"primaryImageOfPage\":{\"@id\":\"https:\/\/kuken.alfadyser.dev\/producto\/freidora-sin-aceite-manual-ventana\/#primaryimage\"},\"image\":{\"@id\":\"https:\/\/kuken.alfadyser.dev\/producto\/freidora-sin-aceite-manual-ventana\/#primaryimage\"},\"thumbnailUrl\":\"https:\/\/kuken.alfadyser.dev\/wp-content\/uploads\/8425160343910_01.jpg\",\"datePublished\":\"2024-01-12T08:12:24+00:00\",\"dateModified\":\"2025-07-22T06:31:19+00:00\",\"description\":\"Freidora sin aceite manual con ventana 5\u202fL K\u00dcKEN, 6 programas, convecci\u00f3n de aire, control mec\u00e1nico y dise\u00f1o compacto. Cocina sin grasa y sin olores.\",\"breadcrumb\":{\"@id\":\"https:\/\/kuken.alfadyser.dev\/producto\/freidora-sin-aceite-manual-ventana\/#breadcrumb\"},\"inLanguage\":\"en-GB\",\"potentialAction\":[{\"@type\":\"ReadAction\",\"target\":[\"https:\/\/kuken.alfadyser.dev\/producto\/freidora-sin-aceite-manual-ventana\/\"]}]},{\"@type\":\"ImageObject\",\"inLanguage\":\"en-GB\",\"@id\":\"https:\/\/kuken.alfadyser.dev\/producto\/freidora-sin-aceite-manual-ventana\/#primaryimage\",\"url\":\"https:\/\/kuken.alfadyser.dev\/wp-content\/uploads\/8425160343910_01.jpg\",\"contentUrl\":\"https:\/\/kuken.alfadyser.dev\/wp-content\/uploads\/8425160343910_01.jpg\",\"width\":2000,\"height\":2000},{\"@type\":\"BreadcrumbList\",\"@id\":\"https:\/\/kuken.alfadyser.dev\/producto\/freidora-sin-aceite-manual-ventana\/#breadcrumb\",\"itemListElement\":[{\"@type\":\"ListItem\",\"position\":1,\"name\":\"Portada\",\"item\":\"https:\/\/kuken.alfadyser.dev\/\"},{\"@type\":\"ListItem\",\"position\":2,\"name\":\"Productos\",\"item\":\"https:\/\/kuken.alfadyser.dev\/productos\/\"},{\"@type\":\"ListItem\",\"position\":3,\"name\":\"FREIDORA SIN ACEITE MANUAL CON VENTANA 5.0 LITROS 1500W.\"}]},{\"@type\":\"WebSite\",\"@id\":\"https:\/\/kuken.alfadyser.dev\/#website\",\"url\":\"https:\/\/kuken.alfadyser.dev\/\",\"name\":\"K\u00fcken\",\"description\":\"Amplia gama de peque\u00f1o electrodom\u00e9stico k\u00fcken\",\"publisher\":{\"@id\":\"https:\/\/kuken.alfadyser.dev\/#organization\"},\"potentialAction\":[{\"@type\":\"SearchAction\",\"target\":{\"@type\":\"EntryPoint\",\"urlTemplate\":\"https:\/\/kuken.alfadyser.dev\/?s={search_term_string}\"},\"query-input\":{\"@type\":\"PropertyValueSpecification\",\"valueRequired\":true,\"valueName\":\"search_term_string\"}}],\"inLanguage\":\"en-GB\"},{\"@type\":\"Organization\",\"@id\":\"https:\/\/kuken.alfadyser.dev\/#organization\",\"name\":\"Alfa Dyser\",\"url\":\"https:\/\/kuken.alfadyser.dev\/\",\"logo\":{\"@type\":\"ImageObject\",\"inLanguage\":\"en-GB\",\"@id\":\"https:\/\/kuken.alfadyser.dev\/#\/schema\/logo\/image\/\",\"url\":\"https:\/\/kuken.alfadyser.dev\/wp-content\/uploads\/2019\/04\/kuken-logo.png\",\"contentUrl\":\"https:\/\/kuken.alfadyser.dev\/wp-content\/uploads\/2019\/04\/kuken-logo.png\",\"width\":500,\"height\":191,\"caption\":\"Alfa Dyser\"},\"image\":{\"@id\":\"https:\/\/kuken.alfadyser.dev\/#\/schema\/logo\/image\/\"},\"sameAs\":[\"https:\/\/es-es.facebook.com\/alfadyser\/\",\"https:\/\/www.instagram.com\/kuken_appliances\/\"]}]}<\/script>\n<meta property=\"product:price:currency\" content=\"EUR\" \/>\n<meta property=\"og:availability\" content=\"instock\" \/>\n<meta property=\"product:availability\" content=\"instock\" \/>\n<meta property=\"product:retailer_item_id\" content=\"34391\" \/>\n<meta property=\"product:condition\" content=\"new\" \/>\n<!-- \/ Yoast SEO Premium plugin. -->","yoast_head_json":{"title":"FREIDORA SIN ACEITE MANUAL CON VENTANA 5.0 LITROS 1500W. - K\u00fcken","description":"Freidora sin aceite manual con ventana 5\u202fL K\u00dcKEN, 6 programas, convecci\u00f3n de aire, control mec\u00e1nico y dise\u00f1o compacto. Cocina sin grasa y sin olores.","robots":{"index":"noindex","follow":"follow","max-snippet":"max-snippet:-1","max-image-preview":"max-image-preview:large","max-video-preview":"max-video-preview:-1"},"og_locale":"en_GB","og_type":"article","og_title":"FREIDORA SIN ACEITE MANUAL CON VENTANA 5.0 LITROS 1500W.","og_description":"Freidora sin aceite manual con ventana 5\u202fL K\u00dcKEN, 6 programas, convecci\u00f3n de aire, control mec\u00e1nico y dise\u00f1o compacto. Cocina sin grasa y sin olores.","og_url":"https:\/\/kuken.alfadyser.dev\/en\/product-2\/electric-kuken-digital-oil-free-fryer-9\/","og_site_name":"K\u00fcken","article_publisher":"https:\/\/es-es.facebook.com\/alfadyser\/","article_modified_time":"2025-07-22T06:31:19+00:00","og_image":[{"width":2000,"height":2000,"url":"https:\/\/kuken.alfadyser.dev\/wp-content\/uploads\/8425160343910_01.jpg","type":"image\/jpeg"}],"twitter_card":"summary_large_image","twitter_misc":{"Price":"","Availability":"In stock"},"schema":{"@context":"https:\/\/schema.org","@graph":[{"@type":"WebPage","@id":"https:\/\/kuken.alfadyser.dev\/producto\/freidora-sin-aceite-manual-ventana\/","url":"https:\/\/kuken.alfadyser.dev\/producto\/freidora-sin-aceite-manual-ventana\/","name":"FREIDORA SIN ACEITE MANUAL CON VENTANA 5.0 LITROS 1500W. - K\u00fcken","isPartOf":{"@id":"https:\/\/kuken.alfadyser.dev\/#website"},"primaryImageOfPage":{"@id":"https:\/\/kuken.alfadyser.dev\/producto\/freidora-sin-aceite-manual-ventana\/#primaryimage"},"image":{"@id":"https:\/\/kuken.alfadyser.dev\/producto\/freidora-sin-aceite-manual-ventana\/#primaryimage"},"thumbnailUrl":"https:\/\/kuken.alfadyser.dev\/wp-content\/uploads\/8425160343910_01.jpg","datePublished":"2024-01-12T08:12:24+00:00","dateModified":"2025-07-22T06:31:19+00:00","description":"Freidora sin aceite manual con ventana 5\u202fL K\u00dcKEN, 6 programas, convecci\u00f3n de aire, control mec\u00e1nico y dise\u00f1o compacto. Cocina sin grasa y sin olores.","breadcrumb":{"@id":"https:\/\/kuken.alfadyser.dev\/producto\/freidora-sin-aceite-manual-ventana\/#breadcrumb"},"inLanguage":"en-GB","potentialAction":[{"@type":"ReadAction","target":["https:\/\/kuken.alfadyser.dev\/producto\/freidora-sin-aceite-manual-ventana\/"]}]},{"@type":"ImageObject","inLanguage":"en-GB","@id":"https:\/\/kuken.alfadyser.dev\/producto\/freidora-sin-aceite-manual-ventana\/#primaryimage","url":"https:\/\/kuken.alfadyser.dev\/wp-content\/uploads\/8425160343910_01.jpg","contentUrl":"https:\/\/kuken.alfadyser.dev\/wp-content\/uploads\/8425160343910_01.jpg","width":2000,"height":2000},{"@type":"BreadcrumbList","@id":"https:\/\/kuken.alfadyser.dev\/producto\/freidora-sin-aceite-manual-ventana\/#breadcrumb","itemListElement":[{"@type":"ListItem","position":1,"name":"Portada","item":"https:\/\/kuken.alfadyser.dev\/"},{"@type":"ListItem","position":2,"name":"Productos","item":"https:\/\/kuken.alfadyser.dev\/productos\/"},{"@type":"ListItem","position":3,"name":"FREIDORA SIN ACEITE MANUAL CON VENTANA 5.0 LITROS 1500W."}]},{"@type":"WebSite","@id":"https:\/\/kuken.alfadyser.dev\/#website","url":"https:\/\/kuken.alfadyser.dev\/","name":"K\u00fcken","description":"Wide range of k\u00fcken small household appliances","publisher":{"@id":"https:\/\/kuken.alfadyser.dev\/#organization"},"potentialAction":[{"@type":"SearchAction","target":{"@type":"EntryPoint","urlTemplate":"https:\/\/kuken.alfadyser.dev\/?s={search_term_string}"},"query-input":{"@type":"PropertyValueSpecification","valueRequired":true,"valueName":"search_term_string"}}],"inLanguage":"en-GB"},{"@type":"Organization","@id":"https:\/\/kuken.alfadyser.dev\/#organization","name":"Alpha Dyser","url":"https:\/\/kuken.alfadyser.dev\/","logo":{"@type":"ImageObject","inLanguage":"en-GB","@id":"https:\/\/kuken.alfadyser.dev\/#\/schema\/logo\/image\/","url":"https:\/\/kuken.alfadyser.dev\/wp-content\/uploads\/2019\/04\/kuken-logo.png","contentUrl":"https:\/\/kuken.alfadyser.dev\/wp-content\/uploads\/2019\/04\/kuken-logo.png","width":500,"height":191,"caption":"Alfa Dyser"},"image":{"@id":"https:\/\/kuken.alfadyser.dev\/#\/schema\/logo\/image\/"},"sameAs":["https:\/\/es-es.facebook.com\/alfadyser\/","https:\/\/www.instagram.com\/kuken_appliances\/"]}]},"product_price_currency":"EUR","og_availability":"instock","product_availability":"instock","product_retailer_item_id":"34391","product_condition":"new"},"_links":{"self":[{"href":"https:\/\/kuken.alfadyser.dev\/en\/wp-json\/wp\/v2\/product\/10878","targetHints":{"allow":["GET"]}}],"collection":[{"href":"https:\/\/kuken.alfadyser.dev\/en\/wp-json\/wp\/v2\/product"}],"about":[{"href":"https:\/\/kuken.alfadyser.dev\/en\/wp-json\/wp\/v2\/types\/product"}],"wp:featuredmedia":[{"embeddable":true,"href":"https:\/\/kuken.alfadyser.dev\/en\/wp-json\/wp\/v2\/media\/11096"}],"wp:attachment":[{"href":"https:\/\/kuken.alfadyser.dev\/en\/wp-json\/wp\/v2\/media?parent=10878"}],"wp:term":[{"taxonomy":"product_brand","embeddable":true,"href":"https:\/\/kuken.alfadyser.dev\/en\/wp-json\/wp\/v2\/product_brand?post=10878"},{"taxonomy":"product_cat","embeddable":true,"href":"https:\/\/kuken.alfadyser.dev\/en\/wp-json\/wp\/v2\/product_cat?post=10878"},{"taxonomy":"product_tag","embeddable":true,"href":"https:\/\/kuken.alfadyser.dev\/en\/wp-json\/wp\/v2\/product_tag?post=10878"}],"curies":[{"name":"wp","href":"https:\/\/api.w.org\/{rel}","templated":true}]}}