{"id":10708,"date":"2023-10-10T16:08:55","date_gmt":"2023-10-10T14:08:55","guid":{"rendered":"https:\/\/kuken.alfadyser.dev\/?post_type=product&#038;p=10708"},"modified":"2025-07-22T09:14:53","modified_gmt":"2025-07-22T07:14:53","slug":"ceiling-fan-led-white-white-kuken-3","status":"publish","type":"product","link":"https:\/\/kuken.alfadyser.dev\/en\/product-2\/ceiling-fan-led-white-white-kuken-3\/","title":{"rendered":"CEILING FAN DC CHROME LED 4 RETRACTABLE BLADES"},"content":{"rendered":"<p>CEILING FAN DC CHROME LED 4 RETRACTABLE BLADES<\/p>\n<ul data-start=\"852\" data-end=\"1671\">\n<li class=\"\" data-start=\"852\" data-end=\"917\">\n<p class=\"\" data-start=\"854\" data-end=\"917\">Motor DC silencioso de 60W, eficiente y con bajo consumo.<\/p>\n<\/li>\n<li class=\"\" data-start=\"918\" data-end=\"984\">\n<p class=\"\" data-start=\"920\" data-end=\"984\">Nivel sonoro de solo 35 dB, ideal para descanso o trabajo.<\/p>\n<\/li>\n<li class=\"\" data-start=\"985\" data-end=\"1065\">\n<p class=\"\" data-start=\"987\" data-end=\"1065\">Caudal de aire de 9953 m\u00b3\/min, \u00f3ptimo para estancias medianas y grandes.<\/p>\n<\/li>\n<li class=\"\" data-start=\"1066\" data-end=\"1141\">\n<p class=\"\" data-start=\"1068\" data-end=\"1141\">4 aspas retr\u00e1ctiles transparentes, resistentes y de dise\u00f1o moderno.<\/p>\n<\/li>\n<li class=\"\" data-start=\"1142\" data-end=\"1228\">\n<p class=\"\" data-start=\"1144\" data-end=\"1228\">Di\u00e1metro abierto de 106 cm \/ cerrado de 46 cm \u2013 altura total de 40 cm.<\/p>\n<\/li>\n<li class=\"\" data-start=\"1229\" data-end=\"1291\">\n<p class=\"\" data-start=\"1231\" data-end=\"1291\">6 velocidades ajustables, adaptadas a tus necesidades.<\/p>\n<\/li>\n<li class=\"\" data-start=\"1292\" data-end=\"1382\">\n<p class=\"\" data-start=\"1294\" data-end=\"1382\">Funci\u00f3n inversa verano\/invierno, mejora la circulaci\u00f3n del aire seg\u00fan la estaci\u00f3n.<\/p>\n<\/li>\n<li class=\"\" data-start=\"1383\" data-end=\"1440\">\n<p class=\"\" data-start=\"1385\" data-end=\"1440\">3 modos de ventilaci\u00f3n: normal, natural y dormir.<\/p>\n<\/li>\n<li class=\"\" data-start=\"1441\" data-end=\"1528\">\n<p class=\"\" data-start=\"1443\" data-end=\"1528\">Tecnolog\u00eda LED integrada, con 3 temperaturas de luz: c\u00e1lida, neutra y fr\u00eda.<\/p>\n<\/li>\n<li class=\"\" data-start=\"1529\" data-end=\"1611\">\n<p class=\"\" data-start=\"1531\" data-end=\"1611\">Mando a distancia para controlar velocidad, luz y temporizador (1h\/2h\/4h).<\/p>\n<\/li>\n<li class=\"\" data-start=\"1612\" data-end=\"1671\">\n<p class=\"\" data-start=\"1614\" data-end=\"1671\">Made of high quality metal and polycarbonate.<\/p>\n<\/li>\n<\/ul>\n<p><div class=\"accordion\"><div class=\"mfn-acc accordion_wrapper  toggle\"><div class=\"question\"><div class=\"title\"><i class=\"icon-plus acc-icon-plus\" aria-hidden=\"true\"><\/i><i class=\"icon-minus acc-icon-minus\" aria-hidden=\"true\"><\/i>Product data<\/div><div class=\"answer\">EAN:8425160348113<\/p>\n<p>CEILING FAN DC CHROME LED 4 RETRACTABLE BLADES<\/p>\n<p>Units: 1<br \/>\nColour: Chrome<br \/>\nPackaging: Coloured box<br \/>\nPower: 60 W<br \/>\nVoltage: 230 V<br \/>\nMaterial: Metal\/PC<br \/>\nSize: 106 cm open x 46cm closed<br \/>\nSpeeds: 6<br \/>\n<\/div><\/div>\n<\/div><\/div>\n<br \/>\n<div class=\"accordion\"><div class=\"mfn-acc accordion_wrapper  toggle\"><div class=\"question\"><div class=\"title\"><i class=\"icon-plus acc-icon-plus\" aria-hidden=\"true\"><\/i><i class=\"icon-minus acc-icon-minus\" aria-hidden=\"true\"><\/i>Accessories<\/div><div class=\"answer\"><\/div><\/div>\n<\/div><\/div>\n<\/p>\n<div class=\"descargas-producto\"><a href=\"https:\/\/kuken.alfadyser.dev\/wp-content\/uploads\/8425160348113_ficha_tecnica.pdf\"><img loading=\"lazy\" decoding=\"async\" src=\"\/wp-content\/uploads\/2019\/12\/picto-descarrega.png\" alt=\"download data sheet\" width=\"23\" height=\"16\" \/>Download sheet<\/a><br \/>\n<img loading=\"lazy\" decoding=\"async\" src=\"\/wp-content\/uploads\/2019\/12\/picto-descarrega.png\" alt=\"download instruction manual\" width=\"23\" height=\"16\" \/><a href=\"https:\/\/kuken.alfadyser.dev\/wp-content\/uploads\/34811_instrucciones_compressed.pdf\">Download manual<\/a><\/div>\n<div><\/div>\n<div>\n<div><span style=\"color: #000000\">Follow us on social media!<\/span><\/div>\n<div><a href=\"https:\/\/www.instagram.com\/kuken_appliances\/\">https:\/\/www.instagram.com\/kuken_appliances<\/a><\/div>\n<\/div>","protected":false},"excerpt":{"rendered":"<p class=\"\" data-start=\"617\" data-end=\"781\">Combina ventilaci\u00f3n eficiente y luz regulable. Con aspas retr\u00e1ctiles, motor silencioso y mando, este ventilador es ideal para usar todo el a\u00f1o con estilo y confort.<\/p>","protected":false},"featured_media":11002,"template":"","meta":[],"product_brand":[],"product_cat":[223],"product_tag":[],"class_list":{"0":"post-10708","1":"product","2":"type-product","3":"status-publish","4":"has-post-thumbnail","6":"product_cat-ventiladores","8":"first","9":"instock","10":"shipping-taxable","11":"product-type-simple"},"yoast_head":"<!-- This site is optimized with the Yoast SEO Premium plugin v24.0 (Yoast SEO v26.5) - https:\/\/yoast.com\/wordpress\/plugins\/seo\/ -->\n<title>VENTILADOR DE TECHO DC CROMADO LED 4 ASPAS RETR\u00c1CTIL - K\u00fcken<\/title>\n<meta name=\"description\" content=\"Ventilador de techo retr\u00e1ctil de 4 aspas cromado de 60W. Perfecto para mantener frescas e iluminadas las estancias de tu hogar. Visita K\u00fcken.es\" \/>\n<meta name=\"robots\" content=\"noindex, follow, max-snippet:-1, max-image-preview:large, max-video-preview:-1\" \/>\n<meta property=\"og:locale\" content=\"en_GB\" \/>\n<meta property=\"og:type\" content=\"article\" \/>\n<meta property=\"og:title\" content=\"VENTILADOR DE TECHO DC CROMADO LED 4 ASPAS RETR\u00c1CTIL\" \/>\n<meta property=\"og:description\" content=\"Ventilador de techo retr\u00e1ctil de 4 aspas cromado de 60W. Perfecto para mantener frescas e iluminadas las estancias de tu hogar. Visita K\u00fcken.es\" \/>\n<meta property=\"og:url\" content=\"https:\/\/kuken.alfadyser.dev\/en\/product-2\/ceiling-fan-led-white-white-kuken-3\/\" \/>\n<meta property=\"og:site_name\" content=\"K\u00fcken\" \/>\n<meta property=\"article:publisher\" content=\"https:\/\/es-es.facebook.com\/alfadyser\/\" \/>\n<meta property=\"article:modified_time\" content=\"2025-07-22T07:14:53+00:00\" \/>\n<meta property=\"og:image\" content=\"https:\/\/kuken.alfadyser.dev\/wp-content\/uploads\/8425160348113_01.jpg\" \/>\n\t<meta property=\"og:image:width\" content=\"2000\" \/>\n\t<meta property=\"og:image:height\" content=\"2000\" \/>\n\t<meta property=\"og:image:type\" content=\"image\/jpeg\" \/>\n<meta name=\"twitter:card\" content=\"summary_large_image\" \/>\n<meta name=\"twitter:label1\" content=\"Price\" \/>\n\t<meta name=\"twitter:data1\" content=\"\" \/>\n\t<meta name=\"twitter:label2\" content=\"Availability\" \/>\n\t<meta name=\"twitter:data2\" content=\"In stock\" \/>\n<script type=\"application\/ld+json\" class=\"yoast-schema-graph\">{\"@context\":\"https:\/\/schema.org\",\"@graph\":[{\"@type\":\"WebPage\",\"@id\":\"https:\/\/kuken.alfadyser.dev\/producto\/ventilador-de-techo-dc-cromado-led-4-aspas-retractil\/\",\"url\":\"https:\/\/kuken.alfadyser.dev\/producto\/ventilador-de-techo-dc-cromado-led-4-aspas-retractil\/\",\"name\":\"VENTILADOR DE TECHO DC CROMADO LED 4 ASPAS RETR\u00c1CTIL - K\u00fcken\",\"isPartOf\":{\"@id\":\"https:\/\/kuken.alfadyser.dev\/#website\"},\"primaryImageOfPage\":{\"@id\":\"https:\/\/kuken.alfadyser.dev\/producto\/ventilador-de-techo-dc-cromado-led-4-aspas-retractil\/#primaryimage\"},\"image\":{\"@id\":\"https:\/\/kuken.alfadyser.dev\/producto\/ventilador-de-techo-dc-cromado-led-4-aspas-retractil\/#primaryimage\"},\"thumbnailUrl\":\"https:\/\/kuken.alfadyser.dev\/wp-content\/uploads\/8425160348113_01.jpg\",\"datePublished\":\"2023-10-10T14:08:55+00:00\",\"dateModified\":\"2025-07-22T07:14:53+00:00\",\"description\":\"Ventilador de techo retr\u00e1ctil de 4 aspas cromado de 60W. Perfecto para mantener frescas e iluminadas las estancias de tu hogar. Visita K\u00fcken.es\",\"breadcrumb\":{\"@id\":\"https:\/\/kuken.alfadyser.dev\/producto\/ventilador-de-techo-dc-cromado-led-4-aspas-retractil\/#breadcrumb\"},\"inLanguage\":\"en-GB\",\"potentialAction\":[{\"@type\":\"ReadAction\",\"target\":[\"https:\/\/kuken.alfadyser.dev\/producto\/ventilador-de-techo-dc-cromado-led-4-aspas-retractil\/\"]}]},{\"@type\":\"ImageObject\",\"inLanguage\":\"en-GB\",\"@id\":\"https:\/\/kuken.alfadyser.dev\/producto\/ventilador-de-techo-dc-cromado-led-4-aspas-retractil\/#primaryimage\",\"url\":\"https:\/\/kuken.alfadyser.dev\/wp-content\/uploads\/8425160348113_01.jpg\",\"contentUrl\":\"https:\/\/kuken.alfadyser.dev\/wp-content\/uploads\/8425160348113_01.jpg\",\"width\":2000,\"height\":2000},{\"@type\":\"BreadcrumbList\",\"@id\":\"https:\/\/kuken.alfadyser.dev\/producto\/ventilador-de-techo-dc-cromado-led-4-aspas-retractil\/#breadcrumb\",\"itemListElement\":[{\"@type\":\"ListItem\",\"position\":1,\"name\":\"Portada\",\"item\":\"https:\/\/kuken.alfadyser.dev\/\"},{\"@type\":\"ListItem\",\"position\":2,\"name\":\"Productos\",\"item\":\"https:\/\/kuken.alfadyser.dev\/productos\/\"},{\"@type\":\"ListItem\",\"position\":3,\"name\":\"VENTILADOR DE TECHO DC CROMADO LED 4 ASPAS RETR\u00c1CTIL\"}]},{\"@type\":\"WebSite\",\"@id\":\"https:\/\/kuken.alfadyser.dev\/#website\",\"url\":\"https:\/\/kuken.alfadyser.dev\/\",\"name\":\"K\u00fcken\",\"description\":\"Amplia gama de peque\u00f1o electrodom\u00e9stico k\u00fcken\",\"publisher\":{\"@id\":\"https:\/\/kuken.alfadyser.dev\/#organization\"},\"potentialAction\":[{\"@type\":\"SearchAction\",\"target\":{\"@type\":\"EntryPoint\",\"urlTemplate\":\"https:\/\/kuken.alfadyser.dev\/?s={search_term_string}\"},\"query-input\":{\"@type\":\"PropertyValueSpecification\",\"valueRequired\":true,\"valueName\":\"search_term_string\"}}],\"inLanguage\":\"en-GB\"},{\"@type\":\"Organization\",\"@id\":\"https:\/\/kuken.alfadyser.dev\/#organization\",\"name\":\"Alfa Dyser\",\"url\":\"https:\/\/kuken.alfadyser.dev\/\",\"logo\":{\"@type\":\"ImageObject\",\"inLanguage\":\"en-GB\",\"@id\":\"https:\/\/kuken.alfadyser.dev\/#\/schema\/logo\/image\/\",\"url\":\"https:\/\/kuken.alfadyser.dev\/wp-content\/uploads\/2019\/04\/kuken-logo.png\",\"contentUrl\":\"https:\/\/kuken.alfadyser.dev\/wp-content\/uploads\/2019\/04\/kuken-logo.png\",\"width\":500,\"height\":191,\"caption\":\"Alfa Dyser\"},\"image\":{\"@id\":\"https:\/\/kuken.alfadyser.dev\/#\/schema\/logo\/image\/\"},\"sameAs\":[\"https:\/\/es-es.facebook.com\/alfadyser\/\",\"https:\/\/www.instagram.com\/kuken_appliances\/\"]}]}<\/script>\n<meta property=\"product:price:currency\" content=\"EUR\" \/>\n<meta property=\"og:availability\" content=\"instock\" \/>\n<meta property=\"product:availability\" content=\"instock\" \/>\n<meta property=\"product:retailer_item_id\" content=\"34811\" \/>\n<meta property=\"product:condition\" content=\"new\" \/>\n<!-- \/ Yoast SEO Premium plugin. -->","yoast_head_json":{"title":"VENTILADOR DE TECHO DC CROMADO LED 4 ASPAS RETR\u00c1CTIL - K\u00fcken","description":"Ventilador de techo retr\u00e1ctil de 4 aspas cromado de 60W. Perfecto para mantener frescas e iluminadas las estancias de tu hogar. Visita K\u00fcken.es","robots":{"index":"noindex","follow":"follow","max-snippet":"max-snippet:-1","max-image-preview":"max-image-preview:large","max-video-preview":"max-video-preview:-1"},"og_locale":"en_GB","og_type":"article","og_title":"VENTILADOR DE TECHO DC CROMADO LED 4 ASPAS RETR\u00c1CTIL","og_description":"Ventilador de techo retr\u00e1ctil de 4 aspas cromado de 60W. Perfecto para mantener frescas e iluminadas las estancias de tu hogar. Visita K\u00fcken.es","og_url":"https:\/\/kuken.alfadyser.dev\/en\/product-2\/ceiling-fan-led-white-white-kuken-3\/","og_site_name":"K\u00fcken","article_publisher":"https:\/\/es-es.facebook.com\/alfadyser\/","article_modified_time":"2025-07-22T07:14:53+00:00","og_image":[{"width":2000,"height":2000,"url":"https:\/\/kuken.alfadyser.dev\/wp-content\/uploads\/8425160348113_01.jpg","type":"image\/jpeg"}],"twitter_card":"summary_large_image","twitter_misc":{"Price":"","Availability":"In stock"},"schema":{"@context":"https:\/\/schema.org","@graph":[{"@type":"WebPage","@id":"https:\/\/kuken.alfadyser.dev\/producto\/ventilador-de-techo-dc-cromado-led-4-aspas-retractil\/","url":"https:\/\/kuken.alfadyser.dev\/producto\/ventilador-de-techo-dc-cromado-led-4-aspas-retractil\/","name":"VENTILADOR DE TECHO DC CROMADO LED 4 ASPAS RETR\u00c1CTIL - K\u00fcken","isPartOf":{"@id":"https:\/\/kuken.alfadyser.dev\/#website"},"primaryImageOfPage":{"@id":"https:\/\/kuken.alfadyser.dev\/producto\/ventilador-de-techo-dc-cromado-led-4-aspas-retractil\/#primaryimage"},"image":{"@id":"https:\/\/kuken.alfadyser.dev\/producto\/ventilador-de-techo-dc-cromado-led-4-aspas-retractil\/#primaryimage"},"thumbnailUrl":"https:\/\/kuken.alfadyser.dev\/wp-content\/uploads\/8425160348113_01.jpg","datePublished":"2023-10-10T14:08:55+00:00","dateModified":"2025-07-22T07:14:53+00:00","description":"Ventilador de techo retr\u00e1ctil de 4 aspas cromado de 60W. Perfecto para mantener frescas e iluminadas las estancias de tu hogar. Visita K\u00fcken.es","breadcrumb":{"@id":"https:\/\/kuken.alfadyser.dev\/producto\/ventilador-de-techo-dc-cromado-led-4-aspas-retractil\/#breadcrumb"},"inLanguage":"en-GB","potentialAction":[{"@type":"ReadAction","target":["https:\/\/kuken.alfadyser.dev\/producto\/ventilador-de-techo-dc-cromado-led-4-aspas-retractil\/"]}]},{"@type":"ImageObject","inLanguage":"en-GB","@id":"https:\/\/kuken.alfadyser.dev\/producto\/ventilador-de-techo-dc-cromado-led-4-aspas-retractil\/#primaryimage","url":"https:\/\/kuken.alfadyser.dev\/wp-content\/uploads\/8425160348113_01.jpg","contentUrl":"https:\/\/kuken.alfadyser.dev\/wp-content\/uploads\/8425160348113_01.jpg","width":2000,"height":2000},{"@type":"BreadcrumbList","@id":"https:\/\/kuken.alfadyser.dev\/producto\/ventilador-de-techo-dc-cromado-led-4-aspas-retractil\/#breadcrumb","itemListElement":[{"@type":"ListItem","position":1,"name":"Portada","item":"https:\/\/kuken.alfadyser.dev\/"},{"@type":"ListItem","position":2,"name":"Productos","item":"https:\/\/kuken.alfadyser.dev\/productos\/"},{"@type":"ListItem","position":3,"name":"VENTILADOR DE TECHO DC CROMADO LED 4 ASPAS RETR\u00c1CTIL"}]},{"@type":"WebSite","@id":"https:\/\/kuken.alfadyser.dev\/#website","url":"https:\/\/kuken.alfadyser.dev\/","name":"K\u00fcken","description":"Wide range of k\u00fcken small household appliances","publisher":{"@id":"https:\/\/kuken.alfadyser.dev\/#organization"},"potentialAction":[{"@type":"SearchAction","target":{"@type":"EntryPoint","urlTemplate":"https:\/\/kuken.alfadyser.dev\/?s={search_term_string}"},"query-input":{"@type":"PropertyValueSpecification","valueRequired":true,"valueName":"search_term_string"}}],"inLanguage":"en-GB"},{"@type":"Organization","@id":"https:\/\/kuken.alfadyser.dev\/#organization","name":"Alpha Dyser","url":"https:\/\/kuken.alfadyser.dev\/","logo":{"@type":"ImageObject","inLanguage":"en-GB","@id":"https:\/\/kuken.alfadyser.dev\/#\/schema\/logo\/image\/","url":"https:\/\/kuken.alfadyser.dev\/wp-content\/uploads\/2019\/04\/kuken-logo.png","contentUrl":"https:\/\/kuken.alfadyser.dev\/wp-content\/uploads\/2019\/04\/kuken-logo.png","width":500,"height":191,"caption":"Alfa Dyser"},"image":{"@id":"https:\/\/kuken.alfadyser.dev\/#\/schema\/logo\/image\/"},"sameAs":["https:\/\/es-es.facebook.com\/alfadyser\/","https:\/\/www.instagram.com\/kuken_appliances\/"]}]},"product_price_currency":"EUR","og_availability":"instock","product_availability":"instock","product_retailer_item_id":"34811","product_condition":"new"},"_links":{"self":[{"href":"https:\/\/kuken.alfadyser.dev\/en\/wp-json\/wp\/v2\/product\/10708","targetHints":{"allow":["GET"]}}],"collection":[{"href":"https:\/\/kuken.alfadyser.dev\/en\/wp-json\/wp\/v2\/product"}],"about":[{"href":"https:\/\/kuken.alfadyser.dev\/en\/wp-json\/wp\/v2\/types\/product"}],"wp:featuredmedia":[{"embeddable":true,"href":"https:\/\/kuken.alfadyser.dev\/en\/wp-json\/wp\/v2\/media\/11002"}],"wp:attachment":[{"href":"https:\/\/kuken.alfadyser.dev\/en\/wp-json\/wp\/v2\/media?parent=10708"}],"wp:term":[{"taxonomy":"product_brand","embeddable":true,"href":"https:\/\/kuken.alfadyser.dev\/en\/wp-json\/wp\/v2\/product_brand?post=10708"},{"taxonomy":"product_cat","embeddable":true,"href":"https:\/\/kuken.alfadyser.dev\/en\/wp-json\/wp\/v2\/product_cat?post=10708"},{"taxonomy":"product_tag","embeddable":true,"href":"https:\/\/kuken.alfadyser.dev\/en\/wp-json\/wp\/v2\/product_tag?post=10708"}],"curies":[{"name":"wp","href":"https:\/\/api.w.org\/{rel}","templated":true}]}}