{"id":10706,"date":"2023-10-10T15:54:46","date_gmt":"2023-10-10T13:54:46","guid":{"rendered":"https:\/\/kuken.alfadyser.dev\/?post_type=product&#038;p=10706"},"modified":"2025-07-22T09:15:03","modified_gmt":"2025-07-22T07:15:03","slug":"ceiling-fan-led-white-white-kuken-2","status":"publish","type":"product","link":"https:\/\/kuken.alfadyser.dev\/en\/product-2\/ceiling-fan-led-white-white-kuken-2\/","title":{"rendered":"CEILING FAN DC WHITE LED 4 RETRACTABLE BLADES"},"content":{"rendered":"<p>CEILING FAN DC WHITE LED 4 RETRACTABLE BLADES<\/p>\n<ul data-start=\"888\" data-end=\"1674\">\n<li class=\"\" data-start=\"888\" data-end=\"945\">\n<p class=\"\" data-start=\"890\" data-end=\"945\">Motor DC silencioso de 60W, eficiente y duradero.<\/p>\n<\/li>\n<li class=\"\" data-start=\"946\" data-end=\"1012\">\n<p class=\"\" data-start=\"948\" data-end=\"1012\">Nivel sonoro de solo 35 dB, ideal para descanso o trabajo.<\/p>\n<\/li>\n<li class=\"\" data-start=\"1013\" data-end=\"1078\">\n<p class=\"\" data-start=\"1015\" data-end=\"1078\">Caudal de aire de 9953 m\u00b3\/min, potente y de gran alcance.<\/p>\n<\/li>\n<li class=\"\" data-start=\"1079\" data-end=\"1158\">\n<p class=\"\" data-start=\"1081\" data-end=\"1158\">4 aspas retr\u00e1ctiles transparentes, resistentes y discretas al cerrarse.<\/p>\n<\/li>\n<li class=\"\" data-start=\"1159\" data-end=\"1245\">\n<p class=\"\" data-start=\"1161\" data-end=\"1245\">Di\u00e1metro con aspas abiertas: 106 cm \/ cerradas: 46 cm \u2013 altura: 40 cm.<\/p>\n<\/li>\n<li class=\"\" data-start=\"1246\" data-end=\"1318\">\n<p class=\"\" data-start=\"1248\" data-end=\"1318\">6 potencias de ventilaci\u00f3n ajustables, adaptadas a cada momento.<\/p>\n<\/li>\n<li class=\"\" data-start=\"1319\" data-end=\"1392\">\n<p class=\"\" data-start=\"1321\" data-end=\"1392\">Funci\u00f3n inversa verano\/invierno, mejora la eficiencia energ\u00e9tica.<\/p>\n<\/li>\n<li class=\"\" data-start=\"1393\" data-end=\"1443\">\n<p class=\"\" data-start=\"1395\" data-end=\"1443\">3 modos de aire: normal, natural y dormir.<\/p>\n<\/li>\n<li class=\"\" data-start=\"1444\" data-end=\"1531\">\n<p class=\"\" data-start=\"1446\" data-end=\"1531\">Tecnolog\u00eda LED integrada, con 3 temperaturas de luz: c\u00e1lida, neutra y fr\u00eda.<\/p>\n<\/li>\n<li class=\"\" data-start=\"1532\" data-end=\"1614\">\n<p class=\"\" data-start=\"1534\" data-end=\"1614\">Mando a distancia para controlar velocidad, luz y temporizador (1h\/2h\/4h).<\/p>\n<\/li>\n<li class=\"\" data-start=\"1615\" data-end=\"1674\">\n<p class=\"\" data-start=\"1617\" data-end=\"1674\">Made of high quality metal and polycarbonate.<\/p>\n<\/li>\n<\/ul>\n<p><div class=\"accordion\"><div class=\"mfn-acc accordion_wrapper  toggle\"><div class=\"question\"><div class=\"title\"><i class=\"icon-plus acc-icon-plus\" aria-hidden=\"true\"><\/i><i class=\"icon-minus acc-icon-minus\" aria-hidden=\"true\"><\/i>Product data<\/div><div class=\"answer\">EAN:8425160344313<\/p>\n<p>CEILING FAN DC WHITE LED 4 RETRACTABLE BLADES<\/p>\n<p>Units: 1<br \/>\nColour: White<br \/>\nPackaging: Coloured box<br \/>\nPower: 60 W<br \/>\nVoltage: 230 V<br \/>\nMaterial: Metal\/PC<br \/>\nSize: 106 cm open x 46cm closed<br \/>\nSpeeds: 6<br \/>\n<\/div><\/div>\n<\/div><\/div>\n<br \/>\n<div class=\"accordion\"><div class=\"mfn-acc accordion_wrapper  toggle\"><div class=\"question\"><div class=\"title\"><i class=\"icon-plus acc-icon-plus\" aria-hidden=\"true\"><\/i><i class=\"icon-minus acc-icon-minus\" aria-hidden=\"true\"><\/i>Accessories<\/div><div class=\"answer\"><\/div><\/div>\n<\/div><\/div>\n<\/p>\n<div class=\"descargas-producto\"><a href=\"https:\/\/kuken.alfadyser.dev\/wp-content\/uploads\/pdf\/8425160342548_ficha_tecnica_02.pdf\"><img loading=\"lazy\" decoding=\"async\" src=\"\/wp-content\/uploads\/2019\/12\/picto-descarrega.png\" alt=\"download data sheet\" width=\"23\" height=\"16\" \/>Download sheet<\/a><br \/>\n<a href=\"https:\/\/kuken.alfadyser.dev\/wp-content\/uploads\/34431_instrucciones_compressed.pdf\"><img loading=\"lazy\" decoding=\"async\" src=\"\/wp-content\/uploads\/2019\/12\/picto-descarrega.png\" alt=\"download instruction manual\" width=\"23\" height=\"16\" \/>Download manual<\/a><\/div>\n<div><\/div>\n<div>\n<div><span style=\"color: #000000\">Follow us on social media!<\/span><\/div>\n<div><a href=\"https:\/\/www.instagram.com\/kuken_appliances\/\">https:\/\/www.instagram.com\/kuken_appliances<\/a><\/div>\n<\/div>","protected":false},"excerpt":{"rendered":"<p class=\"\" data-start=\"653\" data-end=\"817\">Ventilate and illuminate in style. With retractable blades, dimmable LED light and quiet motor, this fan is perfect for all year round and any modern space.<\/p>","protected":false},"featured_media":10995,"template":"","meta":[],"product_brand":[],"product_cat":[223],"product_tag":[],"class_list":{"0":"post-10706","1":"product","2":"type-product","3":"status-publish","4":"has-post-thumbnail","6":"product_cat-ventiladores","8":"first","9":"instock","10":"shipping-taxable","11":"product-type-simple"},"yoast_head":"<!-- This site is optimized with the Yoast SEO Premium plugin v24.0 (Yoast SEO v26.5) - https:\/\/yoast.com\/wordpress\/plugins\/seo\/ -->\n<title>VENTILADOR DE TECHO DC BLANCO LED 4 ASPAS RETR\u00c1CTIL - K\u00fcken<\/title>\n<meta name=\"description\" content=\"Ventilador techo DC blanco LED 4 aspas retr\u00e1ctil, con luz regulable, motor silencioso, mando a distancia y funci\u00f3n verano\/invierno. Elegante y eficiente.\" \/>\n<meta name=\"robots\" content=\"noindex, follow, max-snippet:-1, max-image-preview:large, max-video-preview:-1\" \/>\n<meta property=\"og:locale\" content=\"en_GB\" \/>\n<meta property=\"og:type\" content=\"article\" \/>\n<meta property=\"og:title\" content=\"VENTILADOR DE TECHO DC BLANCO LED 4 ASPAS RETR\u00c1CTIL\" \/>\n<meta property=\"og:description\" content=\"Ventilador techo DC blanco LED 4 aspas retr\u00e1ctil, con luz regulable, motor silencioso, mando a distancia y funci\u00f3n verano\/invierno. Elegante y eficiente.\" \/>\n<meta property=\"og:url\" content=\"https:\/\/kuken.alfadyser.dev\/en\/product-2\/ceiling-fan-led-white-white-kuken-2\/\" \/>\n<meta property=\"og:site_name\" content=\"K\u00fcken\" \/>\n<meta property=\"article:publisher\" content=\"https:\/\/es-es.facebook.com\/alfadyser\/\" \/>\n<meta property=\"article:modified_time\" content=\"2025-07-22T07:15:03+00:00\" \/>\n<meta property=\"og:image\" content=\"https:\/\/kuken.alfadyser.dev\/wp-content\/uploads\/8425160344313_01.jpg\" \/>\n\t<meta property=\"og:image:width\" content=\"2000\" \/>\n\t<meta property=\"og:image:height\" content=\"2000\" \/>\n\t<meta property=\"og:image:type\" content=\"image\/jpeg\" \/>\n<meta name=\"twitter:card\" content=\"summary_large_image\" \/>\n<meta name=\"twitter:label1\" content=\"Price\" \/>\n\t<meta name=\"twitter:data1\" content=\"\" \/>\n\t<meta name=\"twitter:label2\" content=\"Availability\" \/>\n\t<meta name=\"twitter:data2\" content=\"In stock\" \/>\n<script type=\"application\/ld+json\" class=\"yoast-schema-graph\">{\"@context\":\"https:\/\/schema.org\",\"@graph\":[{\"@type\":\"WebPage\",\"@id\":\"https:\/\/kuken.alfadyser.dev\/producto\/ventilador-de-techo-dc-blanco-led-4-aspas-retractil\/\",\"url\":\"https:\/\/kuken.alfadyser.dev\/producto\/ventilador-de-techo-dc-blanco-led-4-aspas-retractil\/\",\"name\":\"VENTILADOR DE TECHO DC BLANCO LED 4 ASPAS RETR\u00c1CTIL - K\u00fcken\",\"isPartOf\":{\"@id\":\"https:\/\/kuken.alfadyser.dev\/#website\"},\"primaryImageOfPage\":{\"@id\":\"https:\/\/kuken.alfadyser.dev\/producto\/ventilador-de-techo-dc-blanco-led-4-aspas-retractil\/#primaryimage\"},\"image\":{\"@id\":\"https:\/\/kuken.alfadyser.dev\/producto\/ventilador-de-techo-dc-blanco-led-4-aspas-retractil\/#primaryimage\"},\"thumbnailUrl\":\"https:\/\/kuken.alfadyser.dev\/wp-content\/uploads\/8425160344313_01.jpg\",\"datePublished\":\"2023-10-10T13:54:46+00:00\",\"dateModified\":\"2025-07-22T07:15:03+00:00\",\"description\":\"Ventilador techo DC blanco LED 4 aspas retr\u00e1ctil, con luz regulable, motor silencioso, mando a distancia y funci\u00f3n verano\/invierno. Elegante y eficiente.\",\"breadcrumb\":{\"@id\":\"https:\/\/kuken.alfadyser.dev\/producto\/ventilador-de-techo-dc-blanco-led-4-aspas-retractil\/#breadcrumb\"},\"inLanguage\":\"en-GB\",\"potentialAction\":[{\"@type\":\"ReadAction\",\"target\":[\"https:\/\/kuken.alfadyser.dev\/producto\/ventilador-de-techo-dc-blanco-led-4-aspas-retractil\/\"]}]},{\"@type\":\"ImageObject\",\"inLanguage\":\"en-GB\",\"@id\":\"https:\/\/kuken.alfadyser.dev\/producto\/ventilador-de-techo-dc-blanco-led-4-aspas-retractil\/#primaryimage\",\"url\":\"https:\/\/kuken.alfadyser.dev\/wp-content\/uploads\/8425160344313_01.jpg\",\"contentUrl\":\"https:\/\/kuken.alfadyser.dev\/wp-content\/uploads\/8425160344313_01.jpg\",\"width\":2000,\"height\":2000},{\"@type\":\"BreadcrumbList\",\"@id\":\"https:\/\/kuken.alfadyser.dev\/producto\/ventilador-de-techo-dc-blanco-led-4-aspas-retractil\/#breadcrumb\",\"itemListElement\":[{\"@type\":\"ListItem\",\"position\":1,\"name\":\"Portada\",\"item\":\"https:\/\/kuken.alfadyser.dev\/\"},{\"@type\":\"ListItem\",\"position\":2,\"name\":\"Productos\",\"item\":\"https:\/\/kuken.alfadyser.dev\/productos\/\"},{\"@type\":\"ListItem\",\"position\":3,\"name\":\"VENTILADOR DE TECHO DC BLANCO LED 4 ASPAS RETR\u00c1CTIL\"}]},{\"@type\":\"WebSite\",\"@id\":\"https:\/\/kuken.alfadyser.dev\/#website\",\"url\":\"https:\/\/kuken.alfadyser.dev\/\",\"name\":\"K\u00fcken\",\"description\":\"Amplia gama de peque\u00f1o electrodom\u00e9stico k\u00fcken\",\"publisher\":{\"@id\":\"https:\/\/kuken.alfadyser.dev\/#organization\"},\"potentialAction\":[{\"@type\":\"SearchAction\",\"target\":{\"@type\":\"EntryPoint\",\"urlTemplate\":\"https:\/\/kuken.alfadyser.dev\/?s={search_term_string}\"},\"query-input\":{\"@type\":\"PropertyValueSpecification\",\"valueRequired\":true,\"valueName\":\"search_term_string\"}}],\"inLanguage\":\"en-GB\"},{\"@type\":\"Organization\",\"@id\":\"https:\/\/kuken.alfadyser.dev\/#organization\",\"name\":\"Alfa Dyser\",\"url\":\"https:\/\/kuken.alfadyser.dev\/\",\"logo\":{\"@type\":\"ImageObject\",\"inLanguage\":\"en-GB\",\"@id\":\"https:\/\/kuken.alfadyser.dev\/#\/schema\/logo\/image\/\",\"url\":\"https:\/\/kuken.alfadyser.dev\/wp-content\/uploads\/2019\/04\/kuken-logo.png\",\"contentUrl\":\"https:\/\/kuken.alfadyser.dev\/wp-content\/uploads\/2019\/04\/kuken-logo.png\",\"width\":500,\"height\":191,\"caption\":\"Alfa Dyser\"},\"image\":{\"@id\":\"https:\/\/kuken.alfadyser.dev\/#\/schema\/logo\/image\/\"},\"sameAs\":[\"https:\/\/es-es.facebook.com\/alfadyser\/\",\"https:\/\/www.instagram.com\/kuken_appliances\/\"]}]}<\/script>\n<meta property=\"product:price:currency\" content=\"EUR\" \/>\n<meta property=\"og:availability\" content=\"instock\" \/>\n<meta property=\"product:availability\" content=\"instock\" \/>\n<meta property=\"product:retailer_item_id\" content=\"34431\" \/>\n<meta property=\"product:condition\" content=\"new\" \/>\n<!-- \/ Yoast SEO Premium plugin. -->","yoast_head_json":{"title":"CEILING FAN DC WHITE LED 4 BLADES RETRACTABLE - K\u00fcken","description":"Ceiling fan DC white LED 4 blades retractable, with adjustable light, silent motor, remote control and summer\/winter function. Elegant and efficient.","robots":{"index":"noindex","follow":"follow","max-snippet":"max-snippet:-1","max-image-preview":"max-image-preview:large","max-video-preview":"max-video-preview:-1"},"og_locale":"en_GB","og_type":"article","og_title":"VENTILADOR DE TECHO DC BLANCO LED 4 ASPAS RETR\u00c1CTIL","og_description":"Ventilador techo DC blanco LED 4 aspas retr\u00e1ctil, con luz regulable, motor silencioso, mando a distancia y funci\u00f3n verano\/invierno. Elegante y eficiente.","og_url":"https:\/\/kuken.alfadyser.dev\/en\/product-2\/ceiling-fan-led-white-white-kuken-2\/","og_site_name":"K\u00fcken","article_publisher":"https:\/\/es-es.facebook.com\/alfadyser\/","article_modified_time":"2025-07-22T07:15:03+00:00","og_image":[{"width":2000,"height":2000,"url":"https:\/\/kuken.alfadyser.dev\/wp-content\/uploads\/8425160344313_01.jpg","type":"image\/jpeg"}],"twitter_card":"summary_large_image","twitter_misc":{"Price":"","Availability":"In stock"},"schema":{"@context":"https:\/\/schema.org","@graph":[{"@type":"WebPage","@id":"https:\/\/kuken.alfadyser.dev\/producto\/ventilador-de-techo-dc-blanco-led-4-aspas-retractil\/","url":"https:\/\/kuken.alfadyser.dev\/producto\/ventilador-de-techo-dc-blanco-led-4-aspas-retractil\/","name":"CEILING FAN DC WHITE LED 4 BLADES RETRACTABLE - K\u00fcken","isPartOf":{"@id":"https:\/\/kuken.alfadyser.dev\/#website"},"primaryImageOfPage":{"@id":"https:\/\/kuken.alfadyser.dev\/producto\/ventilador-de-techo-dc-blanco-led-4-aspas-retractil\/#primaryimage"},"image":{"@id":"https:\/\/kuken.alfadyser.dev\/producto\/ventilador-de-techo-dc-blanco-led-4-aspas-retractil\/#primaryimage"},"thumbnailUrl":"https:\/\/kuken.alfadyser.dev\/wp-content\/uploads\/8425160344313_01.jpg","datePublished":"2023-10-10T13:54:46+00:00","dateModified":"2025-07-22T07:15:03+00:00","description":"Ceiling fan DC white LED 4 blades retractable, with adjustable light, silent motor, remote control and summer\/winter function. Elegant and efficient.","breadcrumb":{"@id":"https:\/\/kuken.alfadyser.dev\/producto\/ventilador-de-techo-dc-blanco-led-4-aspas-retractil\/#breadcrumb"},"inLanguage":"en-GB","potentialAction":[{"@type":"ReadAction","target":["https:\/\/kuken.alfadyser.dev\/producto\/ventilador-de-techo-dc-blanco-led-4-aspas-retractil\/"]}]},{"@type":"ImageObject","inLanguage":"en-GB","@id":"https:\/\/kuken.alfadyser.dev\/producto\/ventilador-de-techo-dc-blanco-led-4-aspas-retractil\/#primaryimage","url":"https:\/\/kuken.alfadyser.dev\/wp-content\/uploads\/8425160344313_01.jpg","contentUrl":"https:\/\/kuken.alfadyser.dev\/wp-content\/uploads\/8425160344313_01.jpg","width":2000,"height":2000},{"@type":"BreadcrumbList","@id":"https:\/\/kuken.alfadyser.dev\/producto\/ventilador-de-techo-dc-blanco-led-4-aspas-retractil\/#breadcrumb","itemListElement":[{"@type":"ListItem","position":1,"name":"Portada","item":"https:\/\/kuken.alfadyser.dev\/"},{"@type":"ListItem","position":2,"name":"Productos","item":"https:\/\/kuken.alfadyser.dev\/productos\/"},{"@type":"ListItem","position":3,"name":"VENTILADOR DE TECHO DC BLANCO LED 4 ASPAS RETR\u00c1CTIL"}]},{"@type":"WebSite","@id":"https:\/\/kuken.alfadyser.dev\/#website","url":"https:\/\/kuken.alfadyser.dev\/","name":"K\u00fcken","description":"Wide range of k\u00fcken small household appliances","publisher":{"@id":"https:\/\/kuken.alfadyser.dev\/#organization"},"potentialAction":[{"@type":"SearchAction","target":{"@type":"EntryPoint","urlTemplate":"https:\/\/kuken.alfadyser.dev\/?s={search_term_string}"},"query-input":{"@type":"PropertyValueSpecification","valueRequired":true,"valueName":"search_term_string"}}],"inLanguage":"en-GB"},{"@type":"Organization","@id":"https:\/\/kuken.alfadyser.dev\/#organization","name":"Alpha Dyser","url":"https:\/\/kuken.alfadyser.dev\/","logo":{"@type":"ImageObject","inLanguage":"en-GB","@id":"https:\/\/kuken.alfadyser.dev\/#\/schema\/logo\/image\/","url":"https:\/\/kuken.alfadyser.dev\/wp-content\/uploads\/2019\/04\/kuken-logo.png","contentUrl":"https:\/\/kuken.alfadyser.dev\/wp-content\/uploads\/2019\/04\/kuken-logo.png","width":500,"height":191,"caption":"Alfa Dyser"},"image":{"@id":"https:\/\/kuken.alfadyser.dev\/#\/schema\/logo\/image\/"},"sameAs":["https:\/\/es-es.facebook.com\/alfadyser\/","https:\/\/www.instagram.com\/kuken_appliances\/"]}]},"product_price_currency":"EUR","og_availability":"instock","product_availability":"instock","product_retailer_item_id":"34431","product_condition":"new"},"_links":{"self":[{"href":"https:\/\/kuken.alfadyser.dev\/en\/wp-json\/wp\/v2\/product\/10706","targetHints":{"allow":["GET"]}}],"collection":[{"href":"https:\/\/kuken.alfadyser.dev\/en\/wp-json\/wp\/v2\/product"}],"about":[{"href":"https:\/\/kuken.alfadyser.dev\/en\/wp-json\/wp\/v2\/types\/product"}],"wp:featuredmedia":[{"embeddable":true,"href":"https:\/\/kuken.alfadyser.dev\/en\/wp-json\/wp\/v2\/media\/10995"}],"wp:attachment":[{"href":"https:\/\/kuken.alfadyser.dev\/en\/wp-json\/wp\/v2\/media?parent=10706"}],"wp:term":[{"taxonomy":"product_brand","embeddable":true,"href":"https:\/\/kuken.alfadyser.dev\/en\/wp-json\/wp\/v2\/product_brand?post=10706"},{"taxonomy":"product_cat","embeddable":true,"href":"https:\/\/kuken.alfadyser.dev\/en\/wp-json\/wp\/v2\/product_cat?post=10706"},{"taxonomy":"product_tag","embeddable":true,"href":"https:\/\/kuken.alfadyser.dev\/en\/wp-json\/wp\/v2\/product_tag?post=10706"}],"curies":[{"name":"wp","href":"https:\/\/api.w.org\/{rel}","templated":true}]}}