{"id":10507,"date":"2023-08-08T07:21:49","date_gmt":"2023-08-08T05:21:49","guid":{"rendered":"https:\/\/kuken.alfadyser.dev\/?post_type=product&#038;p=10507"},"modified":"2025-07-22T10:22:48","modified_gmt":"2025-07-22T08:22:48","slug":"straightener-hair-straightening-ceramic-50w-kuken-3","status":"publish","type":"product","link":"https:\/\/kuken.alfadyser.dev\/en\/product-2\/straightener-hair-straightening-ceramic-50w-kuken-3\/","title":{"rendered":"CERAMIC STRAIGHTENING HAIR IRON 70w KUKEN"},"content":{"rendered":"<p>CERAMIC STRAIGHTENING HAIR IRON 70w KUKEN<\/p>\n<ul>\n<li data-start=\"883\" data-end=\"952\">\n<p data-start=\"885\" data-end=\"952\">Placas cer\u00e1micas de alta calidad para un deslizamiento suave.<\/p>\n<\/li>\n<li data-start=\"953\" data-end=\"1030\">\n<p data-start=\"955\" data-end=\"1030\">Dimensiones de placa: 110 x 36 mm, ideal para una cobertura uniforme.<\/p>\n<\/li>\n<li data-start=\"1031\" data-end=\"1094\">\n<p data-start=\"1033\" data-end=\"1094\">Pantalla LED que indica la temperatura en todo momento.<\/p>\n<\/li>\n<li data-start=\"1095\" data-end=\"1155\">\n<p data-start=\"1097\" data-end=\"1155\">Temperatura ajustable hasta un m\u00e1ximo de 230\u202f\u00b0C.<\/p>\n<\/li>\n<li data-start=\"1156\" data-end=\"1220\">\n<p data-start=\"1158\" data-end=\"1220\">Regulador de potencia, adaptable a todo tipo de cabello.<\/p>\n<\/li>\n<li data-start=\"1221\" data-end=\"1283\">\n<p data-start=\"1223\" data-end=\"1283\">Sistema de protecci\u00f3n t\u00e9rmica ante altas temperaturas.<\/p>\n<\/li>\n<li data-start=\"1284\" data-end=\"1344\">\n<p data-start=\"1286\" data-end=\"1344\">Dise\u00f1o elegante, acabado negro con detalles en rosa.<\/p>\n<\/li>\n<li data-start=\"1345\" data-end=\"1412\">\n<p data-start=\"1347\" data-end=\"1412\">Alisado eficaz, apto para cabello liso, ondulado o rebelde.<\/p>\n<\/li>\n<li data-start=\"1413\" data-end=\"1474\">\n<p data-start=\"1415\" data-end=\"1474\">Cable giratorio 360\u00b0 para una maniobrabilidad c\u00f3moda.<\/p>\n<\/li>\n<li data-start=\"1475\" data-end=\"1522\">\n<p data-start=\"1477\" data-end=\"1522\">Anilla integrada para colgar tras su uso.<\/p>\n<\/li>\n<\/ul>\n<p><div class=\"accordion\"><div class=\"mfn-acc accordion_wrapper  toggle\"><div class=\"question\"><div class=\"title\"><i class=\"icon-plus acc-icon-plus\" aria-hidden=\"true\"><\/i><i class=\"icon-minus acc-icon-minus\" aria-hidden=\"true\"><\/i>Product data<\/div><div class=\"answer\">EAN 8425160343477<\/p>\n<p>CERAMIC STRAIGHTENING HAIR IRON 70w KUKEN<\/p>\n<p>Package unit 1<br \/>\nColour Black \/ Pink<br \/>\nPackaging Box Colour<br \/>\nPower 70 W<br \/>\nVoltage 230 V<br \/>\nMaterial PC<br \/>\nWeight 0,40 Kg<\/div><\/div>\n<\/div><\/div>\n<br \/>\n<div class=\"accordion\"><div class=\"mfn-acc accordion_wrapper  toggle\"><div class=\"question\"><div class=\"title\"><i class=\"icon-plus acc-icon-plus\" aria-hidden=\"true\"><\/i><i class=\"icon-minus acc-icon-minus\" aria-hidden=\"true\"><\/i>Accessories<\/div><div class=\"answer\"><\/div><\/div>\n<\/div><\/div>\n<\/p>\n<div class=\"descargas-producto\"><a href=\"\/wp-content\/uploads\/pdf\/8425160336141_ficha_tecnica.pdf\" target=\"_blank\" rel=\"noopener noreferrer\"><br \/>\n<img loading=\"lazy\" decoding=\"async\" src=\"\/wp-content\/uploads\/2019\/12\/picto-descarrega.png\" alt=\"download data sheet\" width=\"23\" height=\"16\" \/>Download sheet<\/a><a href=\"https:\/\/kuken.alfadyser.dev\/wp-content\/uploads\/34347_instrucciones_compressed.pdf\" target=\"_blank\" rel=\"noopener noreferrer\"><br \/>\n<img loading=\"lazy\" decoding=\"async\" src=\"\/wp-content\/uploads\/2019\/12\/picto-descarrega.png\" alt=\"download instruction manual\" width=\"23\" height=\"16\" \/>Download manual<\/a><\/div>\n<div><\/div>\n<div><span style=\"color: #bf2121\">Follow us on social media!<\/span><\/div>\n<div><a href=\"https:\/\/www.instagram.com\/kuken_appliances\/\">https:\/\/www.instagram.com\/kuken_appliances\/<\/a><\/div>","protected":false},"excerpt":{"rendered":"<p data-start=\"558\" data-end=\"707\">Consigue un alisado profesional en casa. Esta plancha combina dise\u00f1o, precisi\u00f3n y seguridad para adaptarse a cualquier tipo de cabello con facilidad.<\/p>\n<blockquote data-start=\"709\" data-end=\"827\">\n<p data-start=\"711\" data-end=\"827\">\n<\/blockquote>","protected":false},"featured_media":10472,"template":"","meta":[],"product_brand":[],"product_cat":[214],"product_tag":[],"class_list":{"0":"post-10507","1":"product","2":"type-product","3":"status-publish","4":"has-post-thumbnail","6":"product_cat-planchas-de-pelo-rizadores","8":"first","9":"instock","10":"product-type-simple"},"yoast_head":"<!-- This site is optimized with the Yoast SEO Premium plugin v24.0 (Yoast SEO v26.5) - https:\/\/yoast.com\/wordpress\/plugins\/seo\/ -->\n<title>PLANCHA PELO ALISAR CERAMICA 70w KUKEN - K\u00fcken<\/title>\n<meta name=\"description\" content=\"Nueva y exclusiva plancha de pelo cer\u00e1mica k\u00fcken. Cuida tu cabello y consigue un alisado profesional con m\u00e1s brillo de manera r\u00e1pida y f\u00e1cil, desc\u00fabrela.\" \/>\n<meta name=\"robots\" content=\"noindex, follow, max-snippet:-1, max-image-preview:large, max-video-preview:-1\" \/>\n<meta property=\"og:locale\" content=\"en_GB\" \/>\n<meta property=\"og:type\" content=\"article\" \/>\n<meta property=\"og:title\" content=\"PLANCHA PELO ALISAR CERAMICA 70w KUKEN\" \/>\n<meta property=\"og:description\" content=\"Nueva y exclusiva plancha de pelo cer\u00e1mica k\u00fcken. Cuida tu cabello y consigue un alisado profesional con m\u00e1s brillo de manera r\u00e1pida y f\u00e1cil, desc\u00fabrela.\" \/>\n<meta property=\"og:url\" content=\"https:\/\/kuken.alfadyser.dev\/en\/product-2\/straightener-hair-straightening-ceramic-50w-kuken-3\/\" \/>\n<meta property=\"og:site_name\" content=\"K\u00fcken\" \/>\n<meta property=\"article:publisher\" content=\"https:\/\/es-es.facebook.com\/alfadyser\/\" \/>\n<meta property=\"article:modified_time\" content=\"2025-07-22T08:22:48+00:00\" \/>\n<meta property=\"og:image\" content=\"https:\/\/kuken.alfadyser.dev\/wp-content\/uploads\/8425160343477_01.jpg\" \/>\n\t<meta property=\"og:image:width\" content=\"2000\" \/>\n\t<meta property=\"og:image:height\" content=\"2000\" \/>\n\t<meta property=\"og:image:type\" content=\"image\/jpeg\" \/>\n<meta name=\"twitter:card\" content=\"summary_large_image\" \/>\n<meta name=\"twitter:label1\" content=\"Price\" \/>\n\t<meta name=\"twitter:data1\" content=\"\" \/>\n\t<meta name=\"twitter:label2\" content=\"Availability\" \/>\n\t<meta name=\"twitter:data2\" content=\"In stock\" \/>\n<script type=\"application\/ld+json\" class=\"yoast-schema-graph\">{\"@context\":\"https:\/\/schema.org\",\"@graph\":[{\"@type\":\"WebPage\",\"@id\":\"https:\/\/kuken.alfadyser.dev\/producto\/plancha-pelo-alisar-ceramica-70w-kuken\/\",\"url\":\"https:\/\/kuken.alfadyser.dev\/producto\/plancha-pelo-alisar-ceramica-70w-kuken\/\",\"name\":\"PLANCHA PELO ALISAR CERAMICA 70w KUKEN - K\u00fcken\",\"isPartOf\":{\"@id\":\"https:\/\/kuken.alfadyser.dev\/#website\"},\"primaryImageOfPage\":{\"@id\":\"https:\/\/kuken.alfadyser.dev\/producto\/plancha-pelo-alisar-ceramica-70w-kuken\/#primaryimage\"},\"image\":{\"@id\":\"https:\/\/kuken.alfadyser.dev\/producto\/plancha-pelo-alisar-ceramica-70w-kuken\/#primaryimage\"},\"thumbnailUrl\":\"https:\/\/kuken.alfadyser.dev\/wp-content\/uploads\/8425160343477_01.jpg\",\"datePublished\":\"2023-08-08T05:21:49+00:00\",\"dateModified\":\"2025-07-22T08:22:48+00:00\",\"description\":\"Nueva y exclusiva plancha de pelo cer\u00e1mica k\u00fcken. Cuida tu cabello y consigue un alisado profesional con m\u00e1s brillo de manera r\u00e1pida y f\u00e1cil, desc\u00fabrela.\",\"breadcrumb\":{\"@id\":\"https:\/\/kuken.alfadyser.dev\/producto\/plancha-pelo-alisar-ceramica-70w-kuken\/#breadcrumb\"},\"inLanguage\":\"en-GB\",\"potentialAction\":[{\"@type\":\"ReadAction\",\"target\":[\"https:\/\/kuken.alfadyser.dev\/producto\/plancha-pelo-alisar-ceramica-70w-kuken\/\"]}]},{\"@type\":\"ImageObject\",\"inLanguage\":\"en-GB\",\"@id\":\"https:\/\/kuken.alfadyser.dev\/producto\/plancha-pelo-alisar-ceramica-70w-kuken\/#primaryimage\",\"url\":\"https:\/\/kuken.alfadyser.dev\/wp-content\/uploads\/8425160343477_01.jpg\",\"contentUrl\":\"https:\/\/kuken.alfadyser.dev\/wp-content\/uploads\/8425160343477_01.jpg\",\"width\":2000,\"height\":2000},{\"@type\":\"BreadcrumbList\",\"@id\":\"https:\/\/kuken.alfadyser.dev\/producto\/plancha-pelo-alisar-ceramica-70w-kuken\/#breadcrumb\",\"itemListElement\":[{\"@type\":\"ListItem\",\"position\":1,\"name\":\"Portada\",\"item\":\"https:\/\/kuken.alfadyser.dev\/\"},{\"@type\":\"ListItem\",\"position\":2,\"name\":\"Productos\",\"item\":\"https:\/\/kuken.alfadyser.dev\/productos\/\"},{\"@type\":\"ListItem\",\"position\":3,\"name\":\"PLANCHA PELO ALISAR CERAMICA 70w KUKEN\"}]},{\"@type\":\"WebSite\",\"@id\":\"https:\/\/kuken.alfadyser.dev\/#website\",\"url\":\"https:\/\/kuken.alfadyser.dev\/\",\"name\":\"K\u00fcken\",\"description\":\"Amplia gama de peque\u00f1o electrodom\u00e9stico k\u00fcken\",\"publisher\":{\"@id\":\"https:\/\/kuken.alfadyser.dev\/#organization\"},\"potentialAction\":[{\"@type\":\"SearchAction\",\"target\":{\"@type\":\"EntryPoint\",\"urlTemplate\":\"https:\/\/kuken.alfadyser.dev\/?s={search_term_string}\"},\"query-input\":{\"@type\":\"PropertyValueSpecification\",\"valueRequired\":true,\"valueName\":\"search_term_string\"}}],\"inLanguage\":\"en-GB\"},{\"@type\":\"Organization\",\"@id\":\"https:\/\/kuken.alfadyser.dev\/#organization\",\"name\":\"Alfa Dyser\",\"url\":\"https:\/\/kuken.alfadyser.dev\/\",\"logo\":{\"@type\":\"ImageObject\",\"inLanguage\":\"en-GB\",\"@id\":\"https:\/\/kuken.alfadyser.dev\/#\/schema\/logo\/image\/\",\"url\":\"https:\/\/kuken.alfadyser.dev\/wp-content\/uploads\/2019\/04\/kuken-logo.png\",\"contentUrl\":\"https:\/\/kuken.alfadyser.dev\/wp-content\/uploads\/2019\/04\/kuken-logo.png\",\"width\":500,\"height\":191,\"caption\":\"Alfa Dyser\"},\"image\":{\"@id\":\"https:\/\/kuken.alfadyser.dev\/#\/schema\/logo\/image\/\"},\"sameAs\":[\"https:\/\/es-es.facebook.com\/alfadyser\/\",\"https:\/\/www.instagram.com\/kuken_appliances\/\"]}]}<\/script>\n<meta property=\"product:price:currency\" content=\"EUR\" \/>\n<meta property=\"og:availability\" content=\"instock\" \/>\n<meta property=\"product:availability\" content=\"instock\" \/>\n<meta property=\"product:retailer_item_id\" content=\"34347\" \/>\n<meta property=\"product:condition\" content=\"new\" \/>\n<!-- \/ Yoast SEO Premium plugin. -->","yoast_head_json":{"title":"CERAMIC STRAIGHTENING HAIR STRAIGHTENER 70w KUKEN - K\u00fcken","description":"New and exclusive k\u00fcken ceramic hair straightener. Take care of your hair and get a professional straightening with more shine in a quick and easy way, discover it.","robots":{"index":"noindex","follow":"follow","max-snippet":"max-snippet:-1","max-image-preview":"max-image-preview:large","max-video-preview":"max-video-preview:-1"},"og_locale":"en_GB","og_type":"article","og_title":"PLANCHA PELO ALISAR CERAMICA 70w KUKEN","og_description":"Nueva y exclusiva plancha de pelo cer\u00e1mica k\u00fcken. Cuida tu cabello y consigue un alisado profesional con m\u00e1s brillo de manera r\u00e1pida y f\u00e1cil, desc\u00fabrela.","og_url":"https:\/\/kuken.alfadyser.dev\/en\/product-2\/straightener-hair-straightening-ceramic-50w-kuken-3\/","og_site_name":"K\u00fcken","article_publisher":"https:\/\/es-es.facebook.com\/alfadyser\/","article_modified_time":"2025-07-22T08:22:48+00:00","og_image":[{"width":2000,"height":2000,"url":"https:\/\/kuken.alfadyser.dev\/wp-content\/uploads\/8425160343477_01.jpg","type":"image\/jpeg"}],"twitter_card":"summary_large_image","twitter_misc":{"Price":"","Availability":"In stock"},"schema":{"@context":"https:\/\/schema.org","@graph":[{"@type":"WebPage","@id":"https:\/\/kuken.alfadyser.dev\/producto\/plancha-pelo-alisar-ceramica-70w-kuken\/","url":"https:\/\/kuken.alfadyser.dev\/producto\/plancha-pelo-alisar-ceramica-70w-kuken\/","name":"CERAMIC STRAIGHTENING HAIR STRAIGHTENER 70w KUKEN - K\u00fcken","isPartOf":{"@id":"https:\/\/kuken.alfadyser.dev\/#website"},"primaryImageOfPage":{"@id":"https:\/\/kuken.alfadyser.dev\/producto\/plancha-pelo-alisar-ceramica-70w-kuken\/#primaryimage"},"image":{"@id":"https:\/\/kuken.alfadyser.dev\/producto\/plancha-pelo-alisar-ceramica-70w-kuken\/#primaryimage"},"thumbnailUrl":"https:\/\/kuken.alfadyser.dev\/wp-content\/uploads\/8425160343477_01.jpg","datePublished":"2023-08-08T05:21:49+00:00","dateModified":"2025-07-22T08:22:48+00:00","description":"New and exclusive k\u00fcken ceramic hair straightener. Take care of your hair and get a professional straightening with more shine in a quick and easy way, discover it.","breadcrumb":{"@id":"https:\/\/kuken.alfadyser.dev\/producto\/plancha-pelo-alisar-ceramica-70w-kuken\/#breadcrumb"},"inLanguage":"en-GB","potentialAction":[{"@type":"ReadAction","target":["https:\/\/kuken.alfadyser.dev\/producto\/plancha-pelo-alisar-ceramica-70w-kuken\/"]}]},{"@type":"ImageObject","inLanguage":"en-GB","@id":"https:\/\/kuken.alfadyser.dev\/producto\/plancha-pelo-alisar-ceramica-70w-kuken\/#primaryimage","url":"https:\/\/kuken.alfadyser.dev\/wp-content\/uploads\/8425160343477_01.jpg","contentUrl":"https:\/\/kuken.alfadyser.dev\/wp-content\/uploads\/8425160343477_01.jpg","width":2000,"height":2000},{"@type":"BreadcrumbList","@id":"https:\/\/kuken.alfadyser.dev\/producto\/plancha-pelo-alisar-ceramica-70w-kuken\/#breadcrumb","itemListElement":[{"@type":"ListItem","position":1,"name":"Portada","item":"https:\/\/kuken.alfadyser.dev\/"},{"@type":"ListItem","position":2,"name":"Productos","item":"https:\/\/kuken.alfadyser.dev\/productos\/"},{"@type":"ListItem","position":3,"name":"PLANCHA PELO ALISAR CERAMICA 70w KUKEN"}]},{"@type":"WebSite","@id":"https:\/\/kuken.alfadyser.dev\/#website","url":"https:\/\/kuken.alfadyser.dev\/","name":"K\u00fcken","description":"Wide range of k\u00fcken small household appliances","publisher":{"@id":"https:\/\/kuken.alfadyser.dev\/#organization"},"potentialAction":[{"@type":"SearchAction","target":{"@type":"EntryPoint","urlTemplate":"https:\/\/kuken.alfadyser.dev\/?s={search_term_string}"},"query-input":{"@type":"PropertyValueSpecification","valueRequired":true,"valueName":"search_term_string"}}],"inLanguage":"en-GB"},{"@type":"Organization","@id":"https:\/\/kuken.alfadyser.dev\/#organization","name":"Alpha Dyser","url":"https:\/\/kuken.alfadyser.dev\/","logo":{"@type":"ImageObject","inLanguage":"en-GB","@id":"https:\/\/kuken.alfadyser.dev\/#\/schema\/logo\/image\/","url":"https:\/\/kuken.alfadyser.dev\/wp-content\/uploads\/2019\/04\/kuken-logo.png","contentUrl":"https:\/\/kuken.alfadyser.dev\/wp-content\/uploads\/2019\/04\/kuken-logo.png","width":500,"height":191,"caption":"Alfa Dyser"},"image":{"@id":"https:\/\/kuken.alfadyser.dev\/#\/schema\/logo\/image\/"},"sameAs":["https:\/\/es-es.facebook.com\/alfadyser\/","https:\/\/www.instagram.com\/kuken_appliances\/"]}]},"product_price_currency":"EUR","og_availability":"instock","product_availability":"instock","product_retailer_item_id":"34347","product_condition":"new"},"_links":{"self":[{"href":"https:\/\/kuken.alfadyser.dev\/en\/wp-json\/wp\/v2\/product\/10507","targetHints":{"allow":["GET"]}}],"collection":[{"href":"https:\/\/kuken.alfadyser.dev\/en\/wp-json\/wp\/v2\/product"}],"about":[{"href":"https:\/\/kuken.alfadyser.dev\/en\/wp-json\/wp\/v2\/types\/product"}],"wp:featuredmedia":[{"embeddable":true,"href":"https:\/\/kuken.alfadyser.dev\/en\/wp-json\/wp\/v2\/media\/10472"}],"wp:attachment":[{"href":"https:\/\/kuken.alfadyser.dev\/en\/wp-json\/wp\/v2\/media?parent=10507"}],"wp:term":[{"taxonomy":"product_brand","embeddable":true,"href":"https:\/\/kuken.alfadyser.dev\/en\/wp-json\/wp\/v2\/product_brand?post=10507"},{"taxonomy":"product_cat","embeddable":true,"href":"https:\/\/kuken.alfadyser.dev\/en\/wp-json\/wp\/v2\/product_cat?post=10507"},{"taxonomy":"product_tag","embeddable":true,"href":"https:\/\/kuken.alfadyser.dev\/en\/wp-json\/wp\/v2\/product_tag?post=10507"}],"curies":[{"name":"wp","href":"https:\/\/api.w.org\/{rel}","templated":true}]}}