{"id":10500,"date":"2023-08-07T12:33:24","date_gmt":"2023-08-07T10:33:24","guid":{"rendered":"https:\/\/kuken.alfadyser.dev\/?post_type=product&#038;p=10500"},"modified":"2025-07-22T10:28:55","modified_gmt":"2025-07-22T08:28:55","slug":"hand-held-rechargeable-vacuum-dry-moisture-kuken-5","status":"publish","type":"product","link":"https:\/\/kuken.alfadyser.dev\/en\/product-2\/hand-held-rechargeable-vacuum-dry-moisture-kuken-5\/","title":{"rendered":"KUKEN 8.4V BATTERY POWERED WET\/DRY HAND HOOVER"},"content":{"rendered":"<p>KUKEN 8.4V BATTERY POWERED WET\/DRY HAND HOOVER<\/p>\n<ul data-start=\"875\" data-end=\"1638\">\n<li data-start=\"875\" data-end=\"944\">\n<p data-start=\"877\" data-end=\"944\">Sistema ADVANCE CYCLONIC para una succi\u00f3n constante y eficaz.<\/p>\n<\/li>\n<li data-start=\"945\" data-end=\"1018\">\n<p data-start=\"947\" data-end=\"1018\">Aspiraci\u00f3n dual para l\u00edquidos y s\u00f3lidos en m\u00faltiples superficies.<\/p>\n<\/li>\n<li data-start=\"1019\" data-end=\"1085\">\n<p data-start=\"1021\" data-end=\"1085\">Motor DC silencioso, equilibrado en consumo y rendimiento.<\/p>\n<\/li>\n<li data-start=\"1086\" data-end=\"1154\">\n<p data-start=\"1088\" data-end=\"1154\">Potencia de 60W, perfecta para limpiezas dom\u00e9sticas r\u00e1pidas.<\/p>\n<\/li>\n<li data-start=\"1155\" data-end=\"1219\">\n<p data-start=\"1157\" data-end=\"1219\">Fuerza de succi\u00f3n de 4000\u202fPa, \u00f3ptima para uso cotidiano.<\/p>\n<\/li>\n<li data-start=\"1220\" data-end=\"1274\">\n<p data-start=\"1222\" data-end=\"1274\">Dep\u00f3sito de 500 ml, f\u00e1cil de extraer y vaciar.<\/p>\n<\/li>\n<li data-start=\"1275\" data-end=\"1352\">\n<p data-start=\"1277\" data-end=\"1352\">Bater\u00eda recargable de 8.4V (2000mAh) con autonom\u00eda de 17 minutos.<\/p>\n<\/li>\n<li data-start=\"1353\" data-end=\"1426\">\n<p data-start=\"1355\" data-end=\"1426\">Mango ergon\u00f3mico que facilita su manipulaci\u00f3n en zonas estrechas.<\/p>\n<\/li>\n<li data-start=\"1427\" data-end=\"1502\">\n<p data-start=\"1429\" data-end=\"1502\">Filtro lavable, reutilizable para una limpieza sin costes a\u00f1adidos.<\/p>\n<\/li>\n<li data-start=\"1503\" data-end=\"1561\">\n<p data-start=\"1505\" data-end=\"1561\">Incluye accesorios para una limpieza m\u00e1s vers\u00e1til.<\/p>\n<\/li>\n<li data-start=\"1562\" data-end=\"1638\">\n<p data-start=\"1564\" data-end=\"1638\">Apto para hogar y coche, gracias a su tama\u00f1o compacto y funcionalidad.<\/p>\n<\/li>\n<\/ul>\n<div class=\"accordion\"><div class=\"mfn-acc accordion_wrapper  toggle\"><br \/>\n<div class=\"question\"><div class=\"title\"><i class=\"icon-plus acc-icon-plus\" aria-hidden=\"true\"><\/i><i class=\"icon-minus acc-icon-minus\" aria-hidden=\"true\"><\/i>Product data<\/div><div class=\"answer\"><\/p>\n<p><span class=\"label\">KUKEN 8.4V BATTERY POWERED WET\/DRY HAND HOOVER<\/span><\/p>\n<p><span class=\"label\">EAN<\/span> <span class=\"data\">8425160360023<\/span><br \/>\n<span class=\"label\">Packaging unit<\/span> <span class=\"data\">1<\/span><br \/>\n<span class=\"label\">Colour<\/span> <span class=\"data\">White and blue<\/span><br \/>\n<span class=\"label\">Packaging<\/span> <span class=\"data\">Colour box<\/span><br \/>\n<span class=\"label\">Power<\/span> <span class=\"data\">8,4V<\/span><br \/>\n<span class=\"label\">Voltage<\/span> <span class=\"data\">230V<\/span><br \/>\n<span class=\"label\">Material<\/span> <span class=\"data\">High-strength PC<\/span><br \/>\n<span class=\"label\">Weight<\/span> <span class=\"data\">0.6 kg.<\/span><br \/>\n<\/div><\/div>\n<br \/>\n<\/div><\/div>\n\n<div class=\"accordion\"><div class=\"mfn-acc accordion_wrapper  toggle\"><br \/>\n<div class=\"question\"><div class=\"title\"><i class=\"icon-plus acc-icon-plus\" aria-hidden=\"true\"><\/i><i class=\"icon-minus acc-icon-minus\" aria-hidden=\"true\"><\/i>Accessories<\/div><div class=\"answer\"><br \/>\n1 narrow nozzle for vacuuming corners.<br \/>\n2 circular nozzles for different uses.<br \/>\n1 nozzle with bristles for vacuuming carpets.<br \/>\n1 extendable tube for hard-to-reach areas.<\/p>\n<p><\/div><\/div>\n<\/div><\/div>\n\n<div class=\"descargas-producto\"><a href=\"https:\/\/kuken.alfadyser.dev\/wp-content\/uploads\/8425160360023_ficha_tecnica.pdf\" target=\"_blank\" rel=\"noopener noreferrer\"><br \/>\n<img loading=\"lazy\" decoding=\"async\" src=\"\/wp-content\/uploads\/2019\/12\/picto-descarrega.png\" alt=\"download data sheet\" width=\"23\" height=\"16\" \/>Download sheet<\/a><a href=\"https:\/\/kuken.alfadyser.dev\/wp-content\/uploads\/36002_instrucciones_compressed.pdf\" target=\"_blank\" rel=\"noopener noreferrer\"><br \/>\n<img loading=\"lazy\" decoding=\"async\" src=\"\/wp-content\/uploads\/2019\/12\/picto-descarrega.png\" alt=\"download instruction manual\" width=\"23\" height=\"16\" \/>Download manual<\/a><\/div>\n<div><\/div>\n<div><span style=\"color: #bf2121\">Follow us on social media!<\/span><\/div>\n<div><a href=\"https:\/\/www.instagram.com\/kuken_appliances\/\">https:\/\/www.instagram.com\/kuken_appliances\/<\/a><\/div>\n<p><iframe loading=\"lazy\" title=\"8.4v K\u00fcken wet\/dry handheld wet\/dry hoover\" width=\"560\" height=\"315\" src=\"https:\/\/www.youtube.com\/embed\/RoMBGPCttdM?feature=oembed\" frameborder=\"0\" allow=\"accelerometer; autoplay; clipboard-write; encrypted-media; gyroscope; picture-in-picture; web-share\" referrerpolicy=\"strict-origin-when-cross-origin\" allowfullscreen><\/iframe><\/p>","protected":false},"excerpt":{"rendered":"<p data-start=\"547\" data-end=\"711\">Potente, compacto y sin cables. Este aspirador ofrece autonom\u00eda, eficiencia y facilidad de uso para limpiar seco o h\u00famedo en cualquier rinc\u00f3n del hogar o del coche.<\/p>\n<blockquote data-start=\"713\" data-end=\"807\">\n<p data-start=\"715\" data-end=\"807\">\n<\/blockquote>","protected":false},"featured_media":10480,"template":"","meta":[],"product_brand":[],"product_cat":[208],"product_tag":[],"class_list":{"0":"post-10500","1":"product","2":"type-product","3":"status-publish","4":"has-post-thumbnail","6":"product_cat-aspiradores","8":"first","9":"instock","10":"product-type-simple"},"yoast_head":"<!-- This site is optimized with the Yoast SEO Premium plugin v24.0 (Yoast SEO v26.5) - https:\/\/yoast.com\/wordpress\/plugins\/seo\/ -->\n<title>ASPIRADOR MANO A BATER\u00cdA SECO\/H\u00daMEDO KUKEN 8.4V - K\u00fcken<\/title>\n<meta name=\"description\" content=\"Nuevo y exclusivo aspirador de mano recargable k\u00fcken. Limpia cualquier superficie seca o humeda mejor y de manera m\u00e1s r\u00e1pida y f\u00e1cil, desc\u00fabrela ahora.\" \/>\n<meta name=\"robots\" content=\"noindex, follow, max-snippet:-1, max-image-preview:large, max-video-preview:-1\" \/>\n<meta property=\"og:locale\" content=\"en_GB\" \/>\n<meta property=\"og:type\" content=\"article\" \/>\n<meta property=\"og:title\" content=\"ASPIRADOR MANO A BATER\u00cdA SECO\/H\u00daMEDO KUKEN 8.4V\" \/>\n<meta property=\"og:description\" content=\"Nuevo y exclusivo aspirador de mano recargable k\u00fcken. Limpia cualquier superficie seca o humeda mejor y de manera m\u00e1s r\u00e1pida y f\u00e1cil, desc\u00fabrela ahora.\" \/>\n<meta property=\"og:url\" content=\"https:\/\/kuken.alfadyser.dev\/en\/product-2\/hand-held-rechargeable-vacuum-dry-moisture-kuken-5\/\" \/>\n<meta property=\"og:site_name\" content=\"K\u00fcken\" \/>\n<meta property=\"article:publisher\" content=\"https:\/\/es-es.facebook.com\/alfadyser\/\" \/>\n<meta property=\"article:modified_time\" content=\"2025-07-22T08:28:55+00:00\" \/>\n<meta property=\"og:image\" content=\"https:\/\/kuken.alfadyser.dev\/wp-content\/uploads\/8425160360023_01.jpg\" \/>\n\t<meta property=\"og:image:width\" content=\"2000\" \/>\n\t<meta property=\"og:image:height\" content=\"2000\" \/>\n\t<meta property=\"og:image:type\" content=\"image\/jpeg\" \/>\n<meta name=\"twitter:card\" content=\"summary_large_image\" \/>\n<meta name=\"twitter:label1\" content=\"Price\" \/>\n\t<meta name=\"twitter:data1\" content=\"\" \/>\n\t<meta name=\"twitter:label2\" content=\"Availability\" \/>\n\t<meta name=\"twitter:data2\" content=\"In stock\" \/>\n<script type=\"application\/ld+json\" class=\"yoast-schema-graph\">{\"@context\":\"https:\/\/schema.org\",\"@graph\":[{\"@type\":\"WebPage\",\"@id\":\"https:\/\/kuken.alfadyser.dev\/producto\/aspirador-mano-a-bateria-seco-humedo-kuken-8-4v\/\",\"url\":\"https:\/\/kuken.alfadyser.dev\/producto\/aspirador-mano-a-bateria-seco-humedo-kuken-8-4v\/\",\"name\":\"ASPIRADOR MANO A BATER\u00cdA SECO\/H\u00daMEDO KUKEN 8.4V - K\u00fcken\",\"isPartOf\":{\"@id\":\"https:\/\/kuken.alfadyser.dev\/#website\"},\"primaryImageOfPage\":{\"@id\":\"https:\/\/kuken.alfadyser.dev\/producto\/aspirador-mano-a-bateria-seco-humedo-kuken-8-4v\/#primaryimage\"},\"image\":{\"@id\":\"https:\/\/kuken.alfadyser.dev\/producto\/aspirador-mano-a-bateria-seco-humedo-kuken-8-4v\/#primaryimage\"},\"thumbnailUrl\":\"https:\/\/kuken.alfadyser.dev\/wp-content\/uploads\/8425160360023_01.jpg\",\"datePublished\":\"2023-08-07T10:33:24+00:00\",\"dateModified\":\"2025-07-22T08:28:55+00:00\",\"description\":\"Nuevo y exclusivo aspirador de mano recargable k\u00fcken. Limpia cualquier superficie seca o humeda mejor y de manera m\u00e1s r\u00e1pida y f\u00e1cil, desc\u00fabrela ahora.\",\"breadcrumb\":{\"@id\":\"https:\/\/kuken.alfadyser.dev\/producto\/aspirador-mano-a-bateria-seco-humedo-kuken-8-4v\/#breadcrumb\"},\"inLanguage\":\"en-GB\",\"potentialAction\":[{\"@type\":\"ReadAction\",\"target\":[\"https:\/\/kuken.alfadyser.dev\/producto\/aspirador-mano-a-bateria-seco-humedo-kuken-8-4v\/\"]}]},{\"@type\":\"ImageObject\",\"inLanguage\":\"en-GB\",\"@id\":\"https:\/\/kuken.alfadyser.dev\/producto\/aspirador-mano-a-bateria-seco-humedo-kuken-8-4v\/#primaryimage\",\"url\":\"https:\/\/kuken.alfadyser.dev\/wp-content\/uploads\/8425160360023_01.jpg\",\"contentUrl\":\"https:\/\/kuken.alfadyser.dev\/wp-content\/uploads\/8425160360023_01.jpg\",\"width\":2000,\"height\":2000},{\"@type\":\"BreadcrumbList\",\"@id\":\"https:\/\/kuken.alfadyser.dev\/producto\/aspirador-mano-a-bateria-seco-humedo-kuken-8-4v\/#breadcrumb\",\"itemListElement\":[{\"@type\":\"ListItem\",\"position\":1,\"name\":\"Portada\",\"item\":\"https:\/\/kuken.alfadyser.dev\/\"},{\"@type\":\"ListItem\",\"position\":2,\"name\":\"Productos\",\"item\":\"https:\/\/kuken.alfadyser.dev\/productos\/\"},{\"@type\":\"ListItem\",\"position\":3,\"name\":\"ASPIRADOR MANO A BATER\u00cdA SECO\/H\u00daMEDO KUKEN 8.4V\"}]},{\"@type\":\"WebSite\",\"@id\":\"https:\/\/kuken.alfadyser.dev\/#website\",\"url\":\"https:\/\/kuken.alfadyser.dev\/\",\"name\":\"K\u00fcken\",\"description\":\"Amplia gama de peque\u00f1o electrodom\u00e9stico k\u00fcken\",\"publisher\":{\"@id\":\"https:\/\/kuken.alfadyser.dev\/#organization\"},\"potentialAction\":[{\"@type\":\"SearchAction\",\"target\":{\"@type\":\"EntryPoint\",\"urlTemplate\":\"https:\/\/kuken.alfadyser.dev\/?s={search_term_string}\"},\"query-input\":{\"@type\":\"PropertyValueSpecification\",\"valueRequired\":true,\"valueName\":\"search_term_string\"}}],\"inLanguage\":\"en-GB\"},{\"@type\":\"Organization\",\"@id\":\"https:\/\/kuken.alfadyser.dev\/#organization\",\"name\":\"Alfa Dyser\",\"url\":\"https:\/\/kuken.alfadyser.dev\/\",\"logo\":{\"@type\":\"ImageObject\",\"inLanguage\":\"en-GB\",\"@id\":\"https:\/\/kuken.alfadyser.dev\/#\/schema\/logo\/image\/\",\"url\":\"https:\/\/kuken.alfadyser.dev\/wp-content\/uploads\/2019\/04\/kuken-logo.png\",\"contentUrl\":\"https:\/\/kuken.alfadyser.dev\/wp-content\/uploads\/2019\/04\/kuken-logo.png\",\"width\":500,\"height\":191,\"caption\":\"Alfa Dyser\"},\"image\":{\"@id\":\"https:\/\/kuken.alfadyser.dev\/#\/schema\/logo\/image\/\"},\"sameAs\":[\"https:\/\/es-es.facebook.com\/alfadyser\/\",\"https:\/\/www.instagram.com\/kuken_appliances\/\"]}]}<\/script>\n<meta property=\"product:price:currency\" content=\"EUR\" \/>\n<meta property=\"og:availability\" content=\"instock\" \/>\n<meta property=\"product:availability\" content=\"instock\" \/>\n<meta property=\"product:retailer_item_id\" content=\"36002\" \/>\n<meta property=\"product:condition\" content=\"new\" \/>\n<!-- \/ Yoast SEO Premium plugin. -->","yoast_head_json":{"title":"KUKEN 8.4V WET\/DRY HANDHELD WET\/DRY HOOVER - K\u00fcken","description":"New and exclusive k\u00fcken rechargeable handheld hoover. Clean any dry or wet surface better, faster and easier, discover it now.","robots":{"index":"noindex","follow":"follow","max-snippet":"max-snippet:-1","max-image-preview":"max-image-preview:large","max-video-preview":"max-video-preview:-1"},"og_locale":"en_GB","og_type":"article","og_title":"ASPIRADOR MANO A BATER\u00cdA SECO\/H\u00daMEDO KUKEN 8.4V","og_description":"Nuevo y exclusivo aspirador de mano recargable k\u00fcken. Limpia cualquier superficie seca o humeda mejor y de manera m\u00e1s r\u00e1pida y f\u00e1cil, desc\u00fabrela ahora.","og_url":"https:\/\/kuken.alfadyser.dev\/en\/product-2\/hand-held-rechargeable-vacuum-dry-moisture-kuken-5\/","og_site_name":"K\u00fcken","article_publisher":"https:\/\/es-es.facebook.com\/alfadyser\/","article_modified_time":"2025-07-22T08:28:55+00:00","og_image":[{"width":2000,"height":2000,"url":"https:\/\/kuken.alfadyser.dev\/wp-content\/uploads\/8425160360023_01.jpg","type":"image\/jpeg"}],"twitter_card":"summary_large_image","twitter_misc":{"Price":"","Availability":"In stock"},"schema":{"@context":"https:\/\/schema.org","@graph":[{"@type":"WebPage","@id":"https:\/\/kuken.alfadyser.dev\/producto\/aspirador-mano-a-bateria-seco-humedo-kuken-8-4v\/","url":"https:\/\/kuken.alfadyser.dev\/producto\/aspirador-mano-a-bateria-seco-humedo-kuken-8-4v\/","name":"KUKEN 8.4V WET\/DRY HANDHELD WET\/DRY HOOVER - K\u00fcken","isPartOf":{"@id":"https:\/\/kuken.alfadyser.dev\/#website"},"primaryImageOfPage":{"@id":"https:\/\/kuken.alfadyser.dev\/producto\/aspirador-mano-a-bateria-seco-humedo-kuken-8-4v\/#primaryimage"},"image":{"@id":"https:\/\/kuken.alfadyser.dev\/producto\/aspirador-mano-a-bateria-seco-humedo-kuken-8-4v\/#primaryimage"},"thumbnailUrl":"https:\/\/kuken.alfadyser.dev\/wp-content\/uploads\/8425160360023_01.jpg","datePublished":"2023-08-07T10:33:24+00:00","dateModified":"2025-07-22T08:28:55+00:00","description":"New and exclusive k\u00fcken rechargeable handheld hoover. Clean any dry or wet surface better, faster and easier, discover it now.","breadcrumb":{"@id":"https:\/\/kuken.alfadyser.dev\/producto\/aspirador-mano-a-bateria-seco-humedo-kuken-8-4v\/#breadcrumb"},"inLanguage":"en-GB","potentialAction":[{"@type":"ReadAction","target":["https:\/\/kuken.alfadyser.dev\/producto\/aspirador-mano-a-bateria-seco-humedo-kuken-8-4v\/"]}]},{"@type":"ImageObject","inLanguage":"en-GB","@id":"https:\/\/kuken.alfadyser.dev\/producto\/aspirador-mano-a-bateria-seco-humedo-kuken-8-4v\/#primaryimage","url":"https:\/\/kuken.alfadyser.dev\/wp-content\/uploads\/8425160360023_01.jpg","contentUrl":"https:\/\/kuken.alfadyser.dev\/wp-content\/uploads\/8425160360023_01.jpg","width":2000,"height":2000},{"@type":"BreadcrumbList","@id":"https:\/\/kuken.alfadyser.dev\/producto\/aspirador-mano-a-bateria-seco-humedo-kuken-8-4v\/#breadcrumb","itemListElement":[{"@type":"ListItem","position":1,"name":"Portada","item":"https:\/\/kuken.alfadyser.dev\/"},{"@type":"ListItem","position":2,"name":"Productos","item":"https:\/\/kuken.alfadyser.dev\/productos\/"},{"@type":"ListItem","position":3,"name":"ASPIRADOR MANO A BATER\u00cdA SECO\/H\u00daMEDO KUKEN 8.4V"}]},{"@type":"WebSite","@id":"https:\/\/kuken.alfadyser.dev\/#website","url":"https:\/\/kuken.alfadyser.dev\/","name":"K\u00fcken","description":"Wide range of k\u00fcken small household appliances","publisher":{"@id":"https:\/\/kuken.alfadyser.dev\/#organization"},"potentialAction":[{"@type":"SearchAction","target":{"@type":"EntryPoint","urlTemplate":"https:\/\/kuken.alfadyser.dev\/?s={search_term_string}"},"query-input":{"@type":"PropertyValueSpecification","valueRequired":true,"valueName":"search_term_string"}}],"inLanguage":"en-GB"},{"@type":"Organization","@id":"https:\/\/kuken.alfadyser.dev\/#organization","name":"Alpha Dyser","url":"https:\/\/kuken.alfadyser.dev\/","logo":{"@type":"ImageObject","inLanguage":"en-GB","@id":"https:\/\/kuken.alfadyser.dev\/#\/schema\/logo\/image\/","url":"https:\/\/kuken.alfadyser.dev\/wp-content\/uploads\/2019\/04\/kuken-logo.png","contentUrl":"https:\/\/kuken.alfadyser.dev\/wp-content\/uploads\/2019\/04\/kuken-logo.png","width":500,"height":191,"caption":"Alfa Dyser"},"image":{"@id":"https:\/\/kuken.alfadyser.dev\/#\/schema\/logo\/image\/"},"sameAs":["https:\/\/es-es.facebook.com\/alfadyser\/","https:\/\/www.instagram.com\/kuken_appliances\/"]}]},"product_price_currency":"EUR","og_availability":"instock","product_availability":"instock","product_retailer_item_id":"36002","product_condition":"new"},"_links":{"self":[{"href":"https:\/\/kuken.alfadyser.dev\/en\/wp-json\/wp\/v2\/product\/10500","targetHints":{"allow":["GET"]}}],"collection":[{"href":"https:\/\/kuken.alfadyser.dev\/en\/wp-json\/wp\/v2\/product"}],"about":[{"href":"https:\/\/kuken.alfadyser.dev\/en\/wp-json\/wp\/v2\/types\/product"}],"wp:featuredmedia":[{"embeddable":true,"href":"https:\/\/kuken.alfadyser.dev\/en\/wp-json\/wp\/v2\/media\/10480"}],"wp:attachment":[{"href":"https:\/\/kuken.alfadyser.dev\/en\/wp-json\/wp\/v2\/media?parent=10500"}],"wp:term":[{"taxonomy":"product_brand","embeddable":true,"href":"https:\/\/kuken.alfadyser.dev\/en\/wp-json\/wp\/v2\/product_brand?post=10500"},{"taxonomy":"product_cat","embeddable":true,"href":"https:\/\/kuken.alfadyser.dev\/en\/wp-json\/wp\/v2\/product_cat?post=10500"},{"taxonomy":"product_tag","embeddable":true,"href":"https:\/\/kuken.alfadyser.dev\/en\/wp-json\/wp\/v2\/product_tag?post=10500"}],"curies":[{"name":"wp","href":"https:\/\/api.w.org\/{rel}","templated":true}]}}