{"id":10407,"date":"2023-07-19T07:45:01","date_gmt":"2023-07-19T05:45:01","guid":{"rendered":"https:\/\/kuken.alfadyser.dev\/?post_type=product&#038;p=10407"},"modified":"2025-07-28T11:45:08","modified_gmt":"2025-07-28T09:45:08","slug":"raclette-grill-and-stone-1200w-kuken-4","status":"publish","type":"product","link":"https:\/\/kuken.alfadyser.dev\/en\/product-2\/raclette-grill-and-stone-1200w-kuken-4\/","title":{"rendered":"VACUUM PACKING MACHINE 80W K\u00dcKEN"},"content":{"rendered":"<p>VACUUM PACKING MACHINE 80W K\u00dcKEN<\/p>\n<ul data-start=\"890\" data-end=\"1509\">\n<li data-start=\"890\" data-end=\"943\">\n<p data-start=\"892\" data-end=\"943\">Potencia de 80W, eficiente y de bajo consumo.<\/p>\n<\/li>\n<li data-start=\"944\" data-end=\"1021\">\n<p data-start=\"946\" data-end=\"1021\">Doble funci\u00f3n de sellado: al vac\u00edo o sellado normal, seg\u00fan necesidad.<\/p>\n<\/li>\n<li data-start=\"1022\" data-end=\"1091\">\n<p data-start=\"1024\" data-end=\"1091\">Compatible con alimentos secos y h\u00famedos, versatilidad total.<\/p>\n<\/li>\n<li data-start=\"1092\" data-end=\"1175\">\n<p data-start=\"1094\" data-end=\"1175\">Preserva la frescura hasta 10 veces m\u00e1s que el almacenamiento convencional.<\/p>\n<\/li>\n<li data-start=\"1176\" data-end=\"1247\">\n<p data-start=\"1178\" data-end=\"1247\">Sistema f\u00e1cil de usar, con cierre seguro y bot\u00f3n de activaci\u00f3n.<\/p>\n<\/li>\n<li data-start=\"1248\" data-end=\"1307\">\n<p data-start=\"1250\" data-end=\"1307\">Incluye 10 bolsas de sellado, listas para utilizar.<\/p>\n<\/li>\n<li data-start=\"1308\" data-end=\"1369\">\n<p data-start=\"1310\" data-end=\"1369\">Dise\u00f1o compacto, ideal para cocinas con poco espacio.<\/p>\n<\/li>\n<li data-start=\"1370\" data-end=\"1450\">\n<p data-start=\"1372\" data-end=\"1450\">Ayuda a reducir el desperdicio, manteniendo la calidad de los alimentos.<\/p>\n<\/li>\n<li data-start=\"1451\" data-end=\"1509\">\n<p data-start=\"1453\" data-end=\"1509\">Ideal para carne, verduras, quesos, legumbres y m\u00e1s.<\/p>\n<\/li>\n<\/ul>\n<p><div class=\"accordion\"><div class=\"mfn-acc accordion_wrapper  toggle\"><div class=\"question\"><div class=\"title\"><i class=\"icon-plus acc-icon-plus\" aria-hidden=\"true\"><\/i><i class=\"icon-minus acc-icon-minus\" aria-hidden=\"true\"><\/i>Product data<\/div><div class=\"answer\">EAN 8425160343637<\/p>\n<p>VACUUM PACKING MACHINE 80W K\u00dcKEN<\/p>\n<p>Package unit 1<br \/>\nColour White<br \/>\nPackaging Box Colour<br \/>\nPotencia 80W<br \/>\nVoltage 230 V<br \/>\nDimensiones (LxAxH): 375x150x65 mm<br \/>\nDetachable Yes<br \/>\nNon-slip feet Yes<br \/>\n<\/div><\/div>\n<\/div><\/div>\n<br \/>\n<div class=\"accordion\"><div class=\"mfn-acc accordion_wrapper  toggle\"><div class=\"question\"><div class=\"title\"><i class=\"icon-plus acc-icon-plus\" aria-hidden=\"true\"><\/i><i class=\"icon-minus acc-icon-minus\" aria-hidden=\"true\"><\/i>Accessories<\/div><div class=\"answer\"><\/div><\/div>\n<\/div><\/div>\n<\/p>\n<div class=\"descargas-producto\"><img loading=\"lazy\" decoding=\"async\" src=\"\/wp-content\/uploads\/2019\/12\/picto-descarrega.png\" alt=\"download data sheet\" width=\"23\" height=\"16\" \/><a href=\"https:\/\/kuken.alfadyser.dev\/wp-content\/uploads\/8425160343637_ficha_tecnica.pdf\">Download sheet<\/a><br \/>\n<img loading=\"lazy\" decoding=\"async\" src=\"\/wp-content\/uploads\/2019\/12\/picto-descarrega.png\" alt=\"download instruction manual\" width=\"23\" height=\"16\" \/><a href=\"https:\/\/kuken.alfadyser.dev\/wp-content\/uploads\/34363_instrucciones.pdf\">Download manual<\/a><\/div>\n<div><\/div>\n<div>\n<p><iframe loading=\"lazy\" title=\"Envasadora vac\u00edo 80w k\u00fcken\" width=\"560\" height=\"315\" src=\"https:\/\/www.youtube.com\/embed\/Ftd8XkcFcqA?feature=oembed\" frameborder=\"0\" allow=\"accelerometer; autoplay; clipboard-write; encrypted-media; gyroscope; picture-in-picture; web-share\" referrerpolicy=\"strict-origin-when-cross-origin\" allowfullscreen><\/iframe><\/p>\n<\/div>\n<div><\/div>\n<div><span style=\"color: #bf2121\">Follow us on social media!<\/span><\/div>\n<div><a href=\"https:\/\/www.instagram.com\/kuken_appliances\/\">https:\/\/www.instagram.com\/kuken_appliances\/<\/a><\/div>","protected":false},"excerpt":{"rendered":"<p data-start=\"558\" data-end=\"715\">Conserva tus alimentos por m\u00e1s tiempo. Esta envasadora ofrece sellado al vac\u00edo o normal, ideal para uso dom\u00e9stico y compatible con alimentos h\u00famedos o secos.<\/p>\n<blockquote data-start=\"717\" data-end=\"822\">\n<p data-start=\"719\" data-end=\"822\">\n<\/blockquote>","protected":false},"featured_media":10457,"template":"","meta":[],"product_brand":[],"product_cat":[234],"product_tag":[],"class_list":{"0":"post-10407","1":"product","2":"type-product","3":"status-publish","4":"has-post-thumbnail","6":"product_cat-envasadoras","8":"first","9":"instock","10":"product-type-simple"},"yoast_head":"<!-- This site is optimized with the Yoast SEO Premium plugin v24.0 (Yoast SEO v26.5) - https:\/\/yoast.com\/wordpress\/plugins\/seo\/ -->\n<title>ENVASADORA VAC\u00cdO 80W K\u00dcKEN - K\u00fcken<\/title>\n<meta name=\"description\" content=\"Envasadora vac\u00edo 80W K\u00fcken para alimentos secos o h\u00famedos, con opci\u00f3n de sellado simple o al vac\u00edo. Incluye bolsas y prolonga la frescura hasta 10 veces.\" \/>\n<meta name=\"robots\" content=\"noindex, follow, max-snippet:-1, max-image-preview:large, max-video-preview:-1\" \/>\n<meta property=\"og:locale\" content=\"en_GB\" \/>\n<meta property=\"og:type\" content=\"article\" \/>\n<meta property=\"og:title\" content=\"ENVASADORA VAC\u00cdO 80W K\u00dcKEN\" \/>\n<meta property=\"og:description\" content=\"Envasadora vac\u00edo 80W K\u00fcken para alimentos secos o h\u00famedos, con opci\u00f3n de sellado simple o al vac\u00edo. Incluye bolsas y prolonga la frescura hasta 10 veces.\" \/>\n<meta property=\"og:url\" content=\"https:\/\/kuken.alfadyser.dev\/en\/product-2\/raclette-grill-and-stone-1200w-kuken-4\/\" \/>\n<meta property=\"og:site_name\" content=\"K\u00fcken\" \/>\n<meta property=\"article:publisher\" content=\"https:\/\/es-es.facebook.com\/alfadyser\/\" \/>\n<meta property=\"article:modified_time\" content=\"2025-07-28T09:45:08+00:00\" \/>\n<meta property=\"og:image\" content=\"https:\/\/kuken.alfadyser.dev\/wp-content\/uploads\/34363.jpg\" \/>\n\t<meta property=\"og:image:width\" content=\"2000\" \/>\n\t<meta property=\"og:image:height\" content=\"2000\" \/>\n\t<meta property=\"og:image:type\" content=\"image\/jpeg\" \/>\n<meta name=\"twitter:card\" content=\"summary_large_image\" \/>\n<meta name=\"twitter:label1\" content=\"Price\" \/>\n\t<meta name=\"twitter:data1\" content=\"\" \/>\n\t<meta name=\"twitter:label2\" content=\"Availability\" \/>\n\t<meta name=\"twitter:data2\" content=\"In stock\" \/>\n<script type=\"application\/ld+json\" class=\"yoast-schema-graph\">{\"@context\":\"https:\/\/schema.org\",\"@graph\":[{\"@type\":\"WebPage\",\"@id\":\"https:\/\/kuken.alfadyser.dev\/producto\/envasadora-vacio-80w-kuken\/\",\"url\":\"https:\/\/kuken.alfadyser.dev\/producto\/envasadora-vacio-80w-kuken\/\",\"name\":\"ENVASADORA VAC\u00cdO 80W K\u00dcKEN - K\u00fcken\",\"isPartOf\":{\"@id\":\"https:\/\/kuken.alfadyser.dev\/#website\"},\"primaryImageOfPage\":{\"@id\":\"https:\/\/kuken.alfadyser.dev\/producto\/envasadora-vacio-80w-kuken\/#primaryimage\"},\"image\":{\"@id\":\"https:\/\/kuken.alfadyser.dev\/producto\/envasadora-vacio-80w-kuken\/#primaryimage\"},\"thumbnailUrl\":\"https:\/\/kuken.alfadyser.dev\/wp-content\/uploads\/34363.jpg\",\"datePublished\":\"2023-07-19T05:45:01+00:00\",\"dateModified\":\"2025-07-28T09:45:08+00:00\",\"description\":\"Envasadora vac\u00edo 80W K\u00fcken para alimentos secos o h\u00famedos, con opci\u00f3n de sellado simple o al vac\u00edo. Incluye bolsas y prolonga la frescura hasta 10 veces.\",\"breadcrumb\":{\"@id\":\"https:\/\/kuken.alfadyser.dev\/producto\/envasadora-vacio-80w-kuken\/#breadcrumb\"},\"inLanguage\":\"en-GB\",\"potentialAction\":[{\"@type\":\"ReadAction\",\"target\":[\"https:\/\/kuken.alfadyser.dev\/producto\/envasadora-vacio-80w-kuken\/\"]}]},{\"@type\":\"ImageObject\",\"inLanguage\":\"en-GB\",\"@id\":\"https:\/\/kuken.alfadyser.dev\/producto\/envasadora-vacio-80w-kuken\/#primaryimage\",\"url\":\"https:\/\/kuken.alfadyser.dev\/wp-content\/uploads\/34363.jpg\",\"contentUrl\":\"https:\/\/kuken.alfadyser.dev\/wp-content\/uploads\/34363.jpg\",\"width\":2000,\"height\":2000},{\"@type\":\"BreadcrumbList\",\"@id\":\"https:\/\/kuken.alfadyser.dev\/producto\/envasadora-vacio-80w-kuken\/#breadcrumb\",\"itemListElement\":[{\"@type\":\"ListItem\",\"position\":1,\"name\":\"Portada\",\"item\":\"https:\/\/kuken.alfadyser.dev\/\"},{\"@type\":\"ListItem\",\"position\":2,\"name\":\"Productos\",\"item\":\"https:\/\/kuken.alfadyser.dev\/productos\/\"},{\"@type\":\"ListItem\",\"position\":3,\"name\":\"ENVASADORA VAC\u00cdO 80W K\u00dcKEN\"}]},{\"@type\":\"WebSite\",\"@id\":\"https:\/\/kuken.alfadyser.dev\/#website\",\"url\":\"https:\/\/kuken.alfadyser.dev\/\",\"name\":\"K\u00fcken\",\"description\":\"Amplia gama de peque\u00f1o electrodom\u00e9stico k\u00fcken\",\"publisher\":{\"@id\":\"https:\/\/kuken.alfadyser.dev\/#organization\"},\"potentialAction\":[{\"@type\":\"SearchAction\",\"target\":{\"@type\":\"EntryPoint\",\"urlTemplate\":\"https:\/\/kuken.alfadyser.dev\/?s={search_term_string}\"},\"query-input\":{\"@type\":\"PropertyValueSpecification\",\"valueRequired\":true,\"valueName\":\"search_term_string\"}}],\"inLanguage\":\"en-GB\"},{\"@type\":\"Organization\",\"@id\":\"https:\/\/kuken.alfadyser.dev\/#organization\",\"name\":\"Alfa Dyser\",\"url\":\"https:\/\/kuken.alfadyser.dev\/\",\"logo\":{\"@type\":\"ImageObject\",\"inLanguage\":\"en-GB\",\"@id\":\"https:\/\/kuken.alfadyser.dev\/#\/schema\/logo\/image\/\",\"url\":\"https:\/\/kuken.alfadyser.dev\/wp-content\/uploads\/2019\/04\/kuken-logo.png\",\"contentUrl\":\"https:\/\/kuken.alfadyser.dev\/wp-content\/uploads\/2019\/04\/kuken-logo.png\",\"width\":500,\"height\":191,\"caption\":\"Alfa Dyser\"},\"image\":{\"@id\":\"https:\/\/kuken.alfadyser.dev\/#\/schema\/logo\/image\/\"},\"sameAs\":[\"https:\/\/es-es.facebook.com\/alfadyser\/\",\"https:\/\/www.instagram.com\/kuken_appliances\/\"]}]}<\/script>\n<meta property=\"product:price:currency\" content=\"EUR\" \/>\n<meta property=\"og:availability\" content=\"instock\" \/>\n<meta property=\"product:availability\" content=\"instock\" \/>\n<meta property=\"product:retailer_item_id\" content=\"34363\" \/>\n<meta property=\"product:condition\" content=\"new\" \/>\n<!-- \/ Yoast SEO Premium plugin. -->","yoast_head_json":{"title":"ENVASADORA VAC\u00cdO 80W K\u00dcKEN - K\u00fcken","description":"Envasadora vac\u00edo 80W K\u00fcken para alimentos secos o h\u00famedos, con opci\u00f3n de sellado simple o al vac\u00edo. Incluye bolsas y prolonga la frescura hasta 10 veces.","robots":{"index":"noindex","follow":"follow","max-snippet":"max-snippet:-1","max-image-preview":"max-image-preview:large","max-video-preview":"max-video-preview:-1"},"og_locale":"en_GB","og_type":"article","og_title":"ENVASADORA VAC\u00cdO 80W K\u00dcKEN","og_description":"Envasadora vac\u00edo 80W K\u00fcken para alimentos secos o h\u00famedos, con opci\u00f3n de sellado simple o al vac\u00edo. Incluye bolsas y prolonga la frescura hasta 10 veces.","og_url":"https:\/\/kuken.alfadyser.dev\/en\/product-2\/raclette-grill-and-stone-1200w-kuken-4\/","og_site_name":"K\u00fcken","article_publisher":"https:\/\/es-es.facebook.com\/alfadyser\/","article_modified_time":"2025-07-28T09:45:08+00:00","og_image":[{"width":2000,"height":2000,"url":"https:\/\/kuken.alfadyser.dev\/wp-content\/uploads\/34363.jpg","type":"image\/jpeg"}],"twitter_card":"summary_large_image","twitter_misc":{"Price":"","Availability":"In stock"},"schema":{"@context":"https:\/\/schema.org","@graph":[{"@type":"WebPage","@id":"https:\/\/kuken.alfadyser.dev\/producto\/envasadora-vacio-80w-kuken\/","url":"https:\/\/kuken.alfadyser.dev\/producto\/envasadora-vacio-80w-kuken\/","name":"ENVASADORA VAC\u00cdO 80W K\u00dcKEN - K\u00fcken","isPartOf":{"@id":"https:\/\/kuken.alfadyser.dev\/#website"},"primaryImageOfPage":{"@id":"https:\/\/kuken.alfadyser.dev\/producto\/envasadora-vacio-80w-kuken\/#primaryimage"},"image":{"@id":"https:\/\/kuken.alfadyser.dev\/producto\/envasadora-vacio-80w-kuken\/#primaryimage"},"thumbnailUrl":"https:\/\/kuken.alfadyser.dev\/wp-content\/uploads\/34363.jpg","datePublished":"2023-07-19T05:45:01+00:00","dateModified":"2025-07-28T09:45:08+00:00","description":"Envasadora vac\u00edo 80W K\u00fcken para alimentos secos o h\u00famedos, con opci\u00f3n de sellado simple o al vac\u00edo. Incluye bolsas y prolonga la frescura hasta 10 veces.","breadcrumb":{"@id":"https:\/\/kuken.alfadyser.dev\/producto\/envasadora-vacio-80w-kuken\/#breadcrumb"},"inLanguage":"en-GB","potentialAction":[{"@type":"ReadAction","target":["https:\/\/kuken.alfadyser.dev\/producto\/envasadora-vacio-80w-kuken\/"]}]},{"@type":"ImageObject","inLanguage":"en-GB","@id":"https:\/\/kuken.alfadyser.dev\/producto\/envasadora-vacio-80w-kuken\/#primaryimage","url":"https:\/\/kuken.alfadyser.dev\/wp-content\/uploads\/34363.jpg","contentUrl":"https:\/\/kuken.alfadyser.dev\/wp-content\/uploads\/34363.jpg","width":2000,"height":2000},{"@type":"BreadcrumbList","@id":"https:\/\/kuken.alfadyser.dev\/producto\/envasadora-vacio-80w-kuken\/#breadcrumb","itemListElement":[{"@type":"ListItem","position":1,"name":"Portada","item":"https:\/\/kuken.alfadyser.dev\/"},{"@type":"ListItem","position":2,"name":"Productos","item":"https:\/\/kuken.alfadyser.dev\/productos\/"},{"@type":"ListItem","position":3,"name":"ENVASADORA VAC\u00cdO 80W K\u00dcKEN"}]},{"@type":"WebSite","@id":"https:\/\/kuken.alfadyser.dev\/#website","url":"https:\/\/kuken.alfadyser.dev\/","name":"K\u00fcken","description":"Wide range of k\u00fcken small household appliances","publisher":{"@id":"https:\/\/kuken.alfadyser.dev\/#organization"},"potentialAction":[{"@type":"SearchAction","target":{"@type":"EntryPoint","urlTemplate":"https:\/\/kuken.alfadyser.dev\/?s={search_term_string}"},"query-input":{"@type":"PropertyValueSpecification","valueRequired":true,"valueName":"search_term_string"}}],"inLanguage":"en-GB"},{"@type":"Organization","@id":"https:\/\/kuken.alfadyser.dev\/#organization","name":"Alpha Dyser","url":"https:\/\/kuken.alfadyser.dev\/","logo":{"@type":"ImageObject","inLanguage":"en-GB","@id":"https:\/\/kuken.alfadyser.dev\/#\/schema\/logo\/image\/","url":"https:\/\/kuken.alfadyser.dev\/wp-content\/uploads\/2019\/04\/kuken-logo.png","contentUrl":"https:\/\/kuken.alfadyser.dev\/wp-content\/uploads\/2019\/04\/kuken-logo.png","width":500,"height":191,"caption":"Alfa Dyser"},"image":{"@id":"https:\/\/kuken.alfadyser.dev\/#\/schema\/logo\/image\/"},"sameAs":["https:\/\/es-es.facebook.com\/alfadyser\/","https:\/\/www.instagram.com\/kuken_appliances\/"]}]},"product_price_currency":"EUR","og_availability":"instock","product_availability":"instock","product_retailer_item_id":"34363","product_condition":"new"},"_links":{"self":[{"href":"https:\/\/kuken.alfadyser.dev\/en\/wp-json\/wp\/v2\/product\/10407","targetHints":{"allow":["GET"]}}],"collection":[{"href":"https:\/\/kuken.alfadyser.dev\/en\/wp-json\/wp\/v2\/product"}],"about":[{"href":"https:\/\/kuken.alfadyser.dev\/en\/wp-json\/wp\/v2\/types\/product"}],"wp:featuredmedia":[{"embeddable":true,"href":"https:\/\/kuken.alfadyser.dev\/en\/wp-json\/wp\/v2\/media\/10457"}],"wp:attachment":[{"href":"https:\/\/kuken.alfadyser.dev\/en\/wp-json\/wp\/v2\/media?parent=10407"}],"wp:term":[{"taxonomy":"product_brand","embeddable":true,"href":"https:\/\/kuken.alfadyser.dev\/en\/wp-json\/wp\/v2\/product_brand?post=10407"},{"taxonomy":"product_cat","embeddable":true,"href":"https:\/\/kuken.alfadyser.dev\/en\/wp-json\/wp\/v2\/product_cat?post=10407"},{"taxonomy":"product_tag","embeddable":true,"href":"https:\/\/kuken.alfadyser.dev\/en\/wp-json\/wp\/v2\/product_tag?post=10407"}],"curies":[{"name":"wp","href":"https:\/\/api.w.org\/{rel}","templated":true}]}}