{"id":10396,"date":"2023-07-17T11:08:29","date_gmt":"2023-07-17T09:08:29","guid":{"rendered":"https:\/\/kuken.alfadyser.dev\/?post_type=product&#038;p=10396"},"modified":"2025-07-22T10:39:22","modified_gmt":"2025-07-22T08:39:22","slug":"cafetera-goteo-6-tazas-0-60l-kuken-2","status":"publish","type":"product","link":"https:\/\/kuken.alfadyser.dev\/en\/product-2\/cafetera-goteo-6-tazas-0-60l-kuken-2\/","title":{"rendered":"DRIP COFFEE MACHINE 4-6 CUPS 0.65L K\u00dcKEN"},"content":{"rendered":"<p>DRIP COFFEE MACHINE 4-6 CUPS 0.65L K\u00dcKEN<\/p>\n<ul>\n<li data-start=\"884\" data-end=\"959\">\n<p data-start=\"886\" data-end=\"959\">Conexi\u00f3n 220-240V ~ 50Hz, compatible con redes el\u00e9ctricas est\u00e1ndar.<\/p>\n<\/li>\n<li data-start=\"960\" data-end=\"1025\">\n<p data-start=\"962\" data-end=\"1025\">Cuerpo resistente con acabado negro, compacto y elegante.<\/p>\n<\/li>\n<li data-start=\"1026\" data-end=\"1119\">\n<p data-start=\"1028\" data-end=\"1119\">Jarra de cristal con capacidad de hasta 6 tazas, ideal para uso personal o en pareja.<\/p>\n<\/li>\n<li data-start=\"1120\" data-end=\"1200\">\n<p data-start=\"1122\" data-end=\"1200\">Regulaci\u00f3n \u00f3ptima de la temperatura, mantiene el sabor y aroma del caf\u00e9.<\/p>\n<\/li>\n<li data-start=\"1201\" data-end=\"1282\">\n<p data-start=\"1203\" data-end=\"1282\">Placa de calor en la base, conserva el caf\u00e9 caliente tras su preparaci\u00f3n.<\/p>\n<\/li>\n<li data-start=\"1283\" data-end=\"1353\">\n<p data-start=\"1285\" data-end=\"1353\">Dep\u00f3sito de agua de 0,65\u202fL, con visor para controlar el nivel.<\/p>\n<\/li>\n<li data-start=\"1354\" data-end=\"1416\">\n<p data-start=\"1356\" data-end=\"1416\">V\u00e1lvula antigoteo, evita derrames al retirar la jarra.<\/p>\n<\/li>\n<li data-start=\"1417\" data-end=\"1491\">\n<p data-start=\"1419\" data-end=\"1491\">Patas de goma antideslizantes, garantizan seguridad y estabilidad.<\/p>\n<\/li>\n<li data-start=\"1492\" data-end=\"1553\">\n<p data-start=\"1494\" data-end=\"1553\">F\u00e1cil de usar y limpiar, ideal para cocinas peque\u00f1as.<\/p>\n<\/li>\n<li data-start=\"1554\" data-end=\"1616\">\n<p data-start=\"1556\" data-end=\"1616\">Incluye 3 a\u00f1os de garant\u00eda, respaldo de confianza K\u00fcken.<\/p>\n<\/li>\n<\/ul>\n<p><div class=\"accordion\"><div class=\"mfn-acc accordion_wrapper  toggle\"><div class=\"question\"><div class=\"title\"><i class=\"icon-plus acc-icon-plus\" aria-hidden=\"true\"><\/i><i class=\"icon-minus acc-icon-minus\" aria-hidden=\"true\"><\/i>Product data<\/div><div class=\"answer\">EAN 8425160343583<\/p>\n<p>DRIP COFFEE MACHINE 4-6 CUPS 0.65L K\u00dcKEN<\/p>\n<p>Package unit 1<br \/>\nColour Black<br \/>\nPackaging Box Colour<br \/>\nPotencia 650 W<br \/>\nVoltage 230 V<br \/>\nCapacidad 0,65 litros<br \/>\nSize Medium<br \/>\nMaterial Plastic \/ Tempered glass<br \/>\nDetachable Yes<br \/>\nNon-slip feet Yes<br \/>\nWeight 0.90 kg<\/div><\/div>\n<\/div><\/div>\n<br \/>\n<div class=\"accordion\"><div class=\"mfn-acc accordion_wrapper  toggle\"><div class=\"question\"><div class=\"title\"><i class=\"icon-plus acc-icon-plus\" aria-hidden=\"true\"><\/i><i class=\"icon-minus acc-icon-minus\" aria-hidden=\"true\"><\/i>Accessories<\/div><div class=\"answer\"><\/div><\/div>\n<\/div><\/div>\n<\/p>\n<div class=\"descargas-producto\"><img loading=\"lazy\" decoding=\"async\" src=\"\/wp-content\/uploads\/2019\/12\/picto-descarrega.png\" alt=\"download data sheet\" width=\"23\" height=\"16\" \/><a href=\"https:\/\/kuken.alfadyser.dev\/wp-content\/uploads\/8425160343583_ficha_tecnica.pdf\">Download sheet<\/a><br \/>\n<img loading=\"lazy\" decoding=\"async\" src=\"\/wp-content\/uploads\/2019\/12\/picto-descarrega.png\" alt=\"download instruction manual\" width=\"23\" height=\"16\" \/><a href=\"https:\/\/kuken.alfadyser.dev\/wp-content\/uploads\/34358_instrucciones_compressed.pdf\">Download manual<\/a><\/div>\n<div><\/div>\n<div>\n<div><span style=\"color: #000000\">Follow us on social media!<\/span><\/div>\n<div><a href=\"https:\/\/www.instagram.com\/kuken_appliances\/\">https:\/\/www.instagram.com\/kuken_appliances\/<\/a><\/div>\n<\/div>\n<div><\/div>\n<div><\/div>\n<div>\n<p><iframe loading=\"lazy\" title=\"Cafetera de goteo 4-6 tazas 0.65l k\u00fcken\" width=\"560\" height=\"315\" src=\"https:\/\/www.youtube.com\/embed\/t8gXlW8MPu0?feature=oembed\" frameborder=\"0\" allow=\"accelerometer; autoplay; clipboard-write; encrypted-media; gyroscope; picture-in-picture; web-share\" referrerpolicy=\"strict-origin-when-cross-origin\" allowfullscreen><\/iframe><\/p>\n<\/div>\n<div><\/div>","protected":false},"excerpt":{"rendered":"<p data-start=\"561\" data-end=\"716\">Perfecta para dosis individuales o parejas. Esta cafetera compacta ofrece caf\u00e9 siempre caliente, con sistema antigoteo y dise\u00f1o resistente para uso diario.<\/p>\n<blockquote data-start=\"718\" data-end=\"816\">\n<p data-start=\"720\" data-end=\"816\">\n<\/blockquote>","protected":false},"featured_media":10411,"template":"","meta":[],"product_brand":[],"product_cat":[200],"product_tag":[],"class_list":{"0":"post-10396","1":"product","2":"type-product","3":"status-publish","4":"has-post-thumbnail","6":"product_cat-cafeteras-molinillos","8":"first","9":"instock","10":"product-type-simple"},"yoast_head":"<!-- This site is optimized with the Yoast SEO Premium plugin v24.0 (Yoast SEO v26.5) - https:\/\/yoast.com\/wordpress\/plugins\/seo\/ -->\n<title>CAFETERA GOTEO 4-6 TAZAS 0.65L K\u00dcKEN - K\u00fcken<\/title>\n<meta name=\"description\" content=\"Nueva y exclusiva cafetera de goteo k\u00fcken de 4-6 tazas. Prepara un delicioso caf\u00e9 cada d\u00eda de manera m\u00e1s r\u00e1pida y f\u00e1cil, desc\u00fabrela ahora.\" \/>\n<meta name=\"robots\" content=\"noindex, follow, max-snippet:-1, max-image-preview:large, max-video-preview:-1\" \/>\n<meta property=\"og:locale\" content=\"en_GB\" \/>\n<meta property=\"og:type\" content=\"article\" \/>\n<meta property=\"og:title\" content=\"CAFETERA GOTEO 4-6 TAZAS 0.65L K\u00dcKEN\" \/>\n<meta property=\"og:description\" content=\"Nueva y exclusiva cafetera de goteo k\u00fcken de 4-6 tazas. Prepara un delicioso caf\u00e9 cada d\u00eda de manera m\u00e1s r\u00e1pida y f\u00e1cil, desc\u00fabrela ahora.\" \/>\n<meta property=\"og:url\" content=\"https:\/\/kuken.alfadyser.dev\/en\/product-2\/cafetera-goteo-6-tazas-0-60l-kuken-2\/\" \/>\n<meta property=\"og:site_name\" content=\"K\u00fcken\" \/>\n<meta property=\"article:publisher\" content=\"https:\/\/es-es.facebook.com\/alfadyser\/\" \/>\n<meta property=\"article:modified_time\" content=\"2025-07-22T08:39:22+00:00\" \/>\n<meta property=\"og:image\" content=\"https:\/\/kuken.alfadyser.dev\/wp-content\/uploads\/productos\/34358_01-scaled.jpg\" \/>\n\t<meta property=\"og:image:width\" content=\"2302\" \/>\n\t<meta property=\"og:image:height\" content=\"2560\" \/>\n\t<meta property=\"og:image:type\" content=\"image\/jpeg\" \/>\n<meta name=\"twitter:card\" content=\"summary_large_image\" \/>\n<meta name=\"twitter:label1\" content=\"Price\" \/>\n\t<meta name=\"twitter:data1\" content=\"\" \/>\n\t<meta name=\"twitter:label2\" content=\"Availability\" \/>\n\t<meta name=\"twitter:data2\" content=\"In stock\" \/>\n<script type=\"application\/ld+json\" class=\"yoast-schema-graph\">{\"@context\":\"https:\/\/schema.org\",\"@graph\":[{\"@type\":\"WebPage\",\"@id\":\"https:\/\/kuken.alfadyser.dev\/producto\/cafetera-goteo-4-6-tazas-0-65l-kuken\/\",\"url\":\"https:\/\/kuken.alfadyser.dev\/producto\/cafetera-goteo-4-6-tazas-0-65l-kuken\/\",\"name\":\"CAFETERA GOTEO 4-6 TAZAS 0.65L K\u00dcKEN - K\u00fcken\",\"isPartOf\":{\"@id\":\"https:\/\/kuken.alfadyser.dev\/#website\"},\"primaryImageOfPage\":{\"@id\":\"https:\/\/kuken.alfadyser.dev\/producto\/cafetera-goteo-4-6-tazas-0-65l-kuken\/#primaryimage\"},\"image\":{\"@id\":\"https:\/\/kuken.alfadyser.dev\/producto\/cafetera-goteo-4-6-tazas-0-65l-kuken\/#primaryimage\"},\"thumbnailUrl\":\"https:\/\/kuken.alfadyser.dev\/wp-content\/uploads\/productos\/34358_01-scaled.jpg\",\"datePublished\":\"2023-07-17T09:08:29+00:00\",\"dateModified\":\"2025-07-22T08:39:22+00:00\",\"description\":\"Nueva y exclusiva cafetera de goteo k\u00fcken de 4-6 tazas. Prepara un delicioso caf\u00e9 cada d\u00eda de manera m\u00e1s r\u00e1pida y f\u00e1cil, desc\u00fabrela ahora.\",\"breadcrumb\":{\"@id\":\"https:\/\/kuken.alfadyser.dev\/producto\/cafetera-goteo-4-6-tazas-0-65l-kuken\/#breadcrumb\"},\"inLanguage\":\"en-GB\",\"potentialAction\":[{\"@type\":\"ReadAction\",\"target\":[\"https:\/\/kuken.alfadyser.dev\/producto\/cafetera-goteo-4-6-tazas-0-65l-kuken\/\"]}]},{\"@type\":\"ImageObject\",\"inLanguage\":\"en-GB\",\"@id\":\"https:\/\/kuken.alfadyser.dev\/producto\/cafetera-goteo-4-6-tazas-0-65l-kuken\/#primaryimage\",\"url\":\"https:\/\/kuken.alfadyser.dev\/wp-content\/uploads\/productos\/34358_01-scaled.jpg\",\"contentUrl\":\"https:\/\/kuken.alfadyser.dev\/wp-content\/uploads\/productos\/34358_01-scaled.jpg\",\"width\":2302,\"height\":2560},{\"@type\":\"BreadcrumbList\",\"@id\":\"https:\/\/kuken.alfadyser.dev\/producto\/cafetera-goteo-4-6-tazas-0-65l-kuken\/#breadcrumb\",\"itemListElement\":[{\"@type\":\"ListItem\",\"position\":1,\"name\":\"Portada\",\"item\":\"https:\/\/kuken.alfadyser.dev\/\"},{\"@type\":\"ListItem\",\"position\":2,\"name\":\"Productos\",\"item\":\"https:\/\/kuken.alfadyser.dev\/productos\/\"},{\"@type\":\"ListItem\",\"position\":3,\"name\":\"CAFETERA GOTEO 4-6 TAZAS 0.65L K\u00dcKEN\"}]},{\"@type\":\"WebSite\",\"@id\":\"https:\/\/kuken.alfadyser.dev\/#website\",\"url\":\"https:\/\/kuken.alfadyser.dev\/\",\"name\":\"K\u00fcken\",\"description\":\"Amplia gama de peque\u00f1o electrodom\u00e9stico k\u00fcken\",\"publisher\":{\"@id\":\"https:\/\/kuken.alfadyser.dev\/#organization\"},\"potentialAction\":[{\"@type\":\"SearchAction\",\"target\":{\"@type\":\"EntryPoint\",\"urlTemplate\":\"https:\/\/kuken.alfadyser.dev\/?s={search_term_string}\"},\"query-input\":{\"@type\":\"PropertyValueSpecification\",\"valueRequired\":true,\"valueName\":\"search_term_string\"}}],\"inLanguage\":\"en-GB\"},{\"@type\":\"Organization\",\"@id\":\"https:\/\/kuken.alfadyser.dev\/#organization\",\"name\":\"Alfa Dyser\",\"url\":\"https:\/\/kuken.alfadyser.dev\/\",\"logo\":{\"@type\":\"ImageObject\",\"inLanguage\":\"en-GB\",\"@id\":\"https:\/\/kuken.alfadyser.dev\/#\/schema\/logo\/image\/\",\"url\":\"https:\/\/kuken.alfadyser.dev\/wp-content\/uploads\/2019\/04\/kuken-logo.png\",\"contentUrl\":\"https:\/\/kuken.alfadyser.dev\/wp-content\/uploads\/2019\/04\/kuken-logo.png\",\"width\":500,\"height\":191,\"caption\":\"Alfa Dyser\"},\"image\":{\"@id\":\"https:\/\/kuken.alfadyser.dev\/#\/schema\/logo\/image\/\"},\"sameAs\":[\"https:\/\/es-es.facebook.com\/alfadyser\/\",\"https:\/\/www.instagram.com\/kuken_appliances\/\"]}]}<\/script>\n<meta property=\"product:price:currency\" content=\"EUR\" \/>\n<meta property=\"og:availability\" content=\"instock\" \/>\n<meta property=\"product:availability\" content=\"instock\" \/>\n<meta property=\"product:retailer_item_id\" content=\"34358\" \/>\n<meta property=\"product:condition\" content=\"new\" \/>\n<!-- \/ Yoast SEO Premium plugin. -->","yoast_head_json":{"title":"CAFETERA GOTEO 4-6 TAZAS 0.65L K\u00dcKEN - K\u00fcken","description":"Nueva y exclusiva cafetera de goteo k\u00fcken de 4-6 tazas. Prepara un delicioso caf\u00e9 cada d\u00eda de manera m\u00e1s r\u00e1pida y f\u00e1cil, desc\u00fabrela ahora.","robots":{"index":"noindex","follow":"follow","max-snippet":"max-snippet:-1","max-image-preview":"max-image-preview:large","max-video-preview":"max-video-preview:-1"},"og_locale":"en_GB","og_type":"article","og_title":"CAFETERA GOTEO 4-6 TAZAS 0.65L K\u00dcKEN","og_description":"Nueva y exclusiva cafetera de goteo k\u00fcken de 4-6 tazas. Prepara un delicioso caf\u00e9 cada d\u00eda de manera m\u00e1s r\u00e1pida y f\u00e1cil, desc\u00fabrela ahora.","og_url":"https:\/\/kuken.alfadyser.dev\/en\/product-2\/cafetera-goteo-6-tazas-0-60l-kuken-2\/","og_site_name":"K\u00fcken","article_publisher":"https:\/\/es-es.facebook.com\/alfadyser\/","article_modified_time":"2025-07-22T08:39:22+00:00","og_image":[{"width":2302,"height":2560,"url":"https:\/\/kuken.alfadyser.dev\/wp-content\/uploads\/productos\/34358_01-scaled.jpg","type":"image\/jpeg"}],"twitter_card":"summary_large_image","twitter_misc":{"Price":"","Availability":"In stock"},"schema":{"@context":"https:\/\/schema.org","@graph":[{"@type":"WebPage","@id":"https:\/\/kuken.alfadyser.dev\/producto\/cafetera-goteo-4-6-tazas-0-65l-kuken\/","url":"https:\/\/kuken.alfadyser.dev\/producto\/cafetera-goteo-4-6-tazas-0-65l-kuken\/","name":"CAFETERA GOTEO 4-6 TAZAS 0.65L K\u00dcKEN - K\u00fcken","isPartOf":{"@id":"https:\/\/kuken.alfadyser.dev\/#website"},"primaryImageOfPage":{"@id":"https:\/\/kuken.alfadyser.dev\/producto\/cafetera-goteo-4-6-tazas-0-65l-kuken\/#primaryimage"},"image":{"@id":"https:\/\/kuken.alfadyser.dev\/producto\/cafetera-goteo-4-6-tazas-0-65l-kuken\/#primaryimage"},"thumbnailUrl":"https:\/\/kuken.alfadyser.dev\/wp-content\/uploads\/productos\/34358_01-scaled.jpg","datePublished":"2023-07-17T09:08:29+00:00","dateModified":"2025-07-22T08:39:22+00:00","description":"Nueva y exclusiva cafetera de goteo k\u00fcken de 4-6 tazas. Prepara un delicioso caf\u00e9 cada d\u00eda de manera m\u00e1s r\u00e1pida y f\u00e1cil, desc\u00fabrela ahora.","breadcrumb":{"@id":"https:\/\/kuken.alfadyser.dev\/producto\/cafetera-goteo-4-6-tazas-0-65l-kuken\/#breadcrumb"},"inLanguage":"en-GB","potentialAction":[{"@type":"ReadAction","target":["https:\/\/kuken.alfadyser.dev\/producto\/cafetera-goteo-4-6-tazas-0-65l-kuken\/"]}]},{"@type":"ImageObject","inLanguage":"en-GB","@id":"https:\/\/kuken.alfadyser.dev\/producto\/cafetera-goteo-4-6-tazas-0-65l-kuken\/#primaryimage","url":"https:\/\/kuken.alfadyser.dev\/wp-content\/uploads\/productos\/34358_01-scaled.jpg","contentUrl":"https:\/\/kuken.alfadyser.dev\/wp-content\/uploads\/productos\/34358_01-scaled.jpg","width":2302,"height":2560},{"@type":"BreadcrumbList","@id":"https:\/\/kuken.alfadyser.dev\/producto\/cafetera-goteo-4-6-tazas-0-65l-kuken\/#breadcrumb","itemListElement":[{"@type":"ListItem","position":1,"name":"Portada","item":"https:\/\/kuken.alfadyser.dev\/"},{"@type":"ListItem","position":2,"name":"Productos","item":"https:\/\/kuken.alfadyser.dev\/productos\/"},{"@type":"ListItem","position":3,"name":"CAFETERA GOTEO 4-6 TAZAS 0.65L K\u00dcKEN"}]},{"@type":"WebSite","@id":"https:\/\/kuken.alfadyser.dev\/#website","url":"https:\/\/kuken.alfadyser.dev\/","name":"K\u00fcken","description":"Wide range of k\u00fcken small household appliances","publisher":{"@id":"https:\/\/kuken.alfadyser.dev\/#organization"},"potentialAction":[{"@type":"SearchAction","target":{"@type":"EntryPoint","urlTemplate":"https:\/\/kuken.alfadyser.dev\/?s={search_term_string}"},"query-input":{"@type":"PropertyValueSpecification","valueRequired":true,"valueName":"search_term_string"}}],"inLanguage":"en-GB"},{"@type":"Organization","@id":"https:\/\/kuken.alfadyser.dev\/#organization","name":"Alpha Dyser","url":"https:\/\/kuken.alfadyser.dev\/","logo":{"@type":"ImageObject","inLanguage":"en-GB","@id":"https:\/\/kuken.alfadyser.dev\/#\/schema\/logo\/image\/","url":"https:\/\/kuken.alfadyser.dev\/wp-content\/uploads\/2019\/04\/kuken-logo.png","contentUrl":"https:\/\/kuken.alfadyser.dev\/wp-content\/uploads\/2019\/04\/kuken-logo.png","width":500,"height":191,"caption":"Alfa Dyser"},"image":{"@id":"https:\/\/kuken.alfadyser.dev\/#\/schema\/logo\/image\/"},"sameAs":["https:\/\/es-es.facebook.com\/alfadyser\/","https:\/\/www.instagram.com\/kuken_appliances\/"]}]},"product_price_currency":"EUR","og_availability":"instock","product_availability":"instock","product_retailer_item_id":"34358","product_condition":"new"},"_links":{"self":[{"href":"https:\/\/kuken.alfadyser.dev\/en\/wp-json\/wp\/v2\/product\/10396","targetHints":{"allow":["GET"]}}],"collection":[{"href":"https:\/\/kuken.alfadyser.dev\/en\/wp-json\/wp\/v2\/product"}],"about":[{"href":"https:\/\/kuken.alfadyser.dev\/en\/wp-json\/wp\/v2\/types\/product"}],"wp:featuredmedia":[{"embeddable":true,"href":"https:\/\/kuken.alfadyser.dev\/en\/wp-json\/wp\/v2\/media\/10411"}],"wp:attachment":[{"href":"https:\/\/kuken.alfadyser.dev\/en\/wp-json\/wp\/v2\/media?parent=10396"}],"wp:term":[{"taxonomy":"product_brand","embeddable":true,"href":"https:\/\/kuken.alfadyser.dev\/en\/wp-json\/wp\/v2\/product_brand?post=10396"},{"taxonomy":"product_cat","embeddable":true,"href":"https:\/\/kuken.alfadyser.dev\/en\/wp-json\/wp\/v2\/product_cat?post=10396"},{"taxonomy":"product_tag","embeddable":true,"href":"https:\/\/kuken.alfadyser.dev\/en\/wp-json\/wp\/v2\/product_tag?post=10396"}],"curies":[{"name":"wp","href":"https:\/\/api.w.org\/{rel}","templated":true}]}}