{"id":313,"date":"2019-06-26T11:03:07","date_gmt":"2019-06-26T09:03:07","guid":{"rendered":"https:\/\/kuken.alfadyser.dev\/?page_id=313"},"modified":"2019-06-26T11:03:07","modified_gmt":"2019-06-26T09:03:07","slug":"environmental-policy","status":"publish","type":"page","link":"https:\/\/kuken.alfadyser.dev\/en\/environmental-policy\/","title":{"rendered":"Environmental policy"},"content":{"rendered":"<h3>Environmental policy<\/h3>\n<p>&nbsp;<\/p>\n<p class=\"disclaimer\"><strong>Alfa Dyser S.L.<\/strong>\u00a0considers environmental care as a\u00a0<strong>core value of its corporate culture<\/strong>. It therefore carries out its activities in an environmentally friendly manner and in accordance with the principles of sustainable development, and is firmly committed to the conservation and correct use of the resources it employs. In fulfilling its environmental commitments, Alfa Dyser S.L. applies the following basic principles of action, which constitute the foundations of its environmental policy:<\/p>\n<ul>\n<li class=\"disclaimer\">As a commitment to environmental protection,\u00a0<strong>identify and assess all environmental impacts<\/strong>\u00a0emissions derived from our activities and services, with the aim of implementing measures to reduce them, prevent pollution, minimise the consumption of resources and promote energy efficiency and savings in our facilities.<\/li>\n<li class=\"disclaimer\">Securing the\u00a0<strong>compliance with applicable environmental laws, regulations and standards<\/strong>and other requirements to which the organisation subscribes and, where possible, to exceed these requirements, provided that there is an associated environmental benefit to the company or society at large.<\/li>\n<li class=\"disclaimer\"><strong>Include environmental considerations in our purchasing decisions and design of new products.<\/strong>We also use this information in the selection of our suppliers and subcontractors, whenever technologically possible, and in the selection of our suppliers and subcontractors, whenever their activities may have an impact on the environmental performance of the company and the planet.<\/li>\n<li class=\"disclaimer\">The\u00a0<strong>digital insertion of catalogues<\/strong>The aim is to contribute to the maintenance and preservation of the environment, reducing the use of paper and thus avoiding the felling of trees and reducing energy consumption and CO2 emissions. For this reason, Alfa Dyser, S.L. offers and recommends to all its customers the possibility of receiving its catalogues in electronic format.<\/li>\n<li class=\"disclaimer\">Practising a\u00a0<strong>integrated management of waste generated in the company<\/strong>The use of waste that is respectful of the environment, involving the correct segregation and recycling of waste where appropriate, as well as the appropriate intermediate and final storage of waste.<\/li>\n<li class=\"disclaimer\">Develop a\u00a0<strong>review and continuous improvement of the Environmental Management System in place<\/strong>\u00a0to keep it active and effective.<\/li>\n<\/ul>\n<p class=\"disclaimer\"><strong>Alfa Dyser, S.L.<\/strong>\u00a0ensures that the policy is understood at all levels of the organisation and by its employees by explaining it through staff meetings and disseminating it through distribution and publication on the company's website, thus ensuring that they are an active part of it and are involved and committed to its implementation.<\/p>","protected":false},"excerpt":{"rendered":"<p>Pol\u00edtica medioambiental &nbsp; Alfa Dyser S.L.\u00a0considera el cuidado medioambiental como un\u00a0valor fundamental de su cultura empresarial. Por ello, realiza sus actividades de manera respetuosa con el<span class=\"excerpt-hellip\"> [...]<\/span><\/p>","protected":false},"author":4,"featured_media":0,"parent":0,"menu_order":0,"comment_status":"closed","ping_status":"closed","template":"","meta":{"footnotes":""},"class_list":["post-313","page","type-page","status-publish","hentry"],"yoast_head":"<!-- This site is optimized with the Yoast SEO Premium plugin v24.0 (Yoast SEO v26.5) - https:\/\/yoast.com\/wordpress\/plugins\/seo\/ -->\n<title>Pol\u00edtica medioambiental - K\u00fcken<\/title>\n<meta name=\"robots\" content=\"noindex, follow, max-snippet:-1, max-image-preview:large, max-video-preview:-1\" \/>\n<meta property=\"og:locale\" content=\"en_GB\" \/>\n<meta property=\"og:type\" content=\"article\" \/>\n<meta property=\"og:title\" content=\"Pol\u00edtica medioambiental\" \/>\n<meta property=\"og:description\" content=\"Pol\u00edtica medioambiental &nbsp; Alfa Dyser S.L.\u00a0considera el cuidado medioambiental como un\u00a0valor fundamental de su cultura empresarial. Por ello, realiza sus actividades de manera respetuosa con el [\u2026]\" \/>\n<meta property=\"og:url\" content=\"https:\/\/kuken.alfadyser.dev\/en\/environmental-policy\/\" \/>\n<meta property=\"og:site_name\" content=\"K\u00fcken\" \/>\n<meta property=\"article:publisher\" content=\"https:\/\/es-es.facebook.com\/alfadyser\/\" \/>\n<meta name=\"twitter:card\" content=\"summary_large_image\" \/>\n<meta name=\"twitter:label1\" content=\"Estimated reading time\" \/>\n\t<meta name=\"twitter:data1\" content=\"2 minutes\" \/>\n<script type=\"application\/ld+json\" class=\"yoast-schema-graph\">{\"@context\":\"https:\/\/schema.org\",\"@graph\":[{\"@type\":\"WebPage\",\"@id\":\"https:\/\/kuken.alfadyser.dev\/politica-medioambiental\/\",\"url\":\"https:\/\/kuken.alfadyser.dev\/politica-medioambiental\/\",\"name\":\"Pol\u00edtica medioambiental - K\u00fcken\",\"isPartOf\":{\"@id\":\"https:\/\/kuken.alfadyser.dev\/#website\"},\"datePublished\":\"2019-06-26T09:03:07+00:00\",\"breadcrumb\":{\"@id\":\"https:\/\/kuken.alfadyser.dev\/politica-medioambiental\/#breadcrumb\"},\"inLanguage\":\"en-GB\",\"potentialAction\":[{\"@type\":\"ReadAction\",\"target\":[\"https:\/\/kuken.alfadyser.dev\/politica-medioambiental\/\"]}]},{\"@type\":\"BreadcrumbList\",\"@id\":\"https:\/\/kuken.alfadyser.dev\/politica-medioambiental\/#breadcrumb\",\"itemListElement\":[{\"@type\":\"ListItem\",\"position\":1,\"name\":\"Portada\",\"item\":\"https:\/\/kuken.alfadyser.dev\/\"},{\"@type\":\"ListItem\",\"position\":2,\"name\":\"Pol\u00edtica medioambiental\"}]},{\"@type\":\"WebSite\",\"@id\":\"https:\/\/kuken.alfadyser.dev\/#website\",\"url\":\"https:\/\/kuken.alfadyser.dev\/\",\"name\":\"K\u00fcken\",\"description\":\"Amplia gama de peque\u00f1o electrodom\u00e9stico k\u00fcken\",\"publisher\":{\"@id\":\"https:\/\/kuken.alfadyser.dev\/#organization\"},\"potentialAction\":[{\"@type\":\"SearchAction\",\"target\":{\"@type\":\"EntryPoint\",\"urlTemplate\":\"https:\/\/kuken.alfadyser.dev\/?s={search_term_string}\"},\"query-input\":{\"@type\":\"PropertyValueSpecification\",\"valueRequired\":true,\"valueName\":\"search_term_string\"}}],\"inLanguage\":\"en-GB\"},{\"@type\":\"Organization\",\"@id\":\"https:\/\/kuken.alfadyser.dev\/#organization\",\"name\":\"Alfa Dyser\",\"url\":\"https:\/\/kuken.alfadyser.dev\/\",\"logo\":{\"@type\":\"ImageObject\",\"inLanguage\":\"en-GB\",\"@id\":\"https:\/\/kuken.alfadyser.dev\/#\/schema\/logo\/image\/\",\"url\":\"https:\/\/kuken.alfadyser.dev\/wp-content\/uploads\/2019\/04\/kuken-logo.png\",\"contentUrl\":\"https:\/\/kuken.alfadyser.dev\/wp-content\/uploads\/2019\/04\/kuken-logo.png\",\"width\":500,\"height\":191,\"caption\":\"Alfa Dyser\"},\"image\":{\"@id\":\"https:\/\/kuken.alfadyser.dev\/#\/schema\/logo\/image\/\"},\"sameAs\":[\"https:\/\/es-es.facebook.com\/alfadyser\/\",\"https:\/\/www.instagram.com\/kuken_appliances\/\"]}]}<\/script>\n<!-- \/ Yoast SEO Premium plugin. -->","yoast_head_json":{"title":"Environmental policy - K\u00fcken","robots":{"index":"noindex","follow":"follow","max-snippet":"max-snippet:-1","max-image-preview":"max-image-preview:large","max-video-preview":"max-video-preview:-1"},"og_locale":"en_GB","og_type":"article","og_title":"Pol\u00edtica medioambiental","og_description":"Pol\u00edtica medioambiental &nbsp; Alfa Dyser S.L.\u00a0considera el cuidado medioambiental como un\u00a0valor fundamental de su cultura empresarial. Por ello, realiza sus actividades de manera respetuosa con el [\u2026]","og_url":"https:\/\/kuken.alfadyser.dev\/en\/environmental-policy\/","og_site_name":"K\u00fcken","article_publisher":"https:\/\/es-es.facebook.com\/alfadyser\/","twitter_card":"summary_large_image","twitter_misc":{"Estimated reading time":"2 minutes"},"schema":{"@context":"https:\/\/schema.org","@graph":[{"@type":"WebPage","@id":"https:\/\/kuken.alfadyser.dev\/politica-medioambiental\/","url":"https:\/\/kuken.alfadyser.dev\/politica-medioambiental\/","name":"Environmental policy - K\u00fcken","isPartOf":{"@id":"https:\/\/kuken.alfadyser.dev\/#website"},"datePublished":"2019-06-26T09:03:07+00:00","breadcrumb":{"@id":"https:\/\/kuken.alfadyser.dev\/politica-medioambiental\/#breadcrumb"},"inLanguage":"en-GB","potentialAction":[{"@type":"ReadAction","target":["https:\/\/kuken.alfadyser.dev\/politica-medioambiental\/"]}]},{"@type":"BreadcrumbList","@id":"https:\/\/kuken.alfadyser.dev\/politica-medioambiental\/#breadcrumb","itemListElement":[{"@type":"ListItem","position":1,"name":"Portada","item":"https:\/\/kuken.alfadyser.dev\/"},{"@type":"ListItem","position":2,"name":"Pol\u00edtica medioambiental"}]},{"@type":"WebSite","@id":"https:\/\/kuken.alfadyser.dev\/#website","url":"https:\/\/kuken.alfadyser.dev\/","name":"K\u00fcken","description":"Wide range of k\u00fcken small household appliances","publisher":{"@id":"https:\/\/kuken.alfadyser.dev\/#organization"},"potentialAction":[{"@type":"SearchAction","target":{"@type":"EntryPoint","urlTemplate":"https:\/\/kuken.alfadyser.dev\/?s={search_term_string}"},"query-input":{"@type":"PropertyValueSpecification","valueRequired":true,"valueName":"search_term_string"}}],"inLanguage":"en-GB"},{"@type":"Organization","@id":"https:\/\/kuken.alfadyser.dev\/#organization","name":"Alpha Dyser","url":"https:\/\/kuken.alfadyser.dev\/","logo":{"@type":"ImageObject","inLanguage":"en-GB","@id":"https:\/\/kuken.alfadyser.dev\/#\/schema\/logo\/image\/","url":"https:\/\/kuken.alfadyser.dev\/wp-content\/uploads\/2019\/04\/kuken-logo.png","contentUrl":"https:\/\/kuken.alfadyser.dev\/wp-content\/uploads\/2019\/04\/kuken-logo.png","width":500,"height":191,"caption":"Alfa Dyser"},"image":{"@id":"https:\/\/kuken.alfadyser.dev\/#\/schema\/logo\/image\/"},"sameAs":["https:\/\/es-es.facebook.com\/alfadyser\/","https:\/\/www.instagram.com\/kuken_appliances\/"]}]}},"_links":{"self":[{"href":"https:\/\/kuken.alfadyser.dev\/en\/wp-json\/wp\/v2\/pages\/313","targetHints":{"allow":["GET"]}}],"collection":[{"href":"https:\/\/kuken.alfadyser.dev\/en\/wp-json\/wp\/v2\/pages"}],"about":[{"href":"https:\/\/kuken.alfadyser.dev\/en\/wp-json\/wp\/v2\/types\/page"}],"author":[{"embeddable":true,"href":"https:\/\/kuken.alfadyser.dev\/en\/wp-json\/wp\/v2\/users\/4"}],"replies":[{"embeddable":true,"href":"https:\/\/kuken.alfadyser.dev\/en\/wp-json\/wp\/v2\/comments?post=313"}],"version-history":[{"count":0,"href":"https:\/\/kuken.alfadyser.dev\/en\/wp-json\/wp\/v2\/pages\/313\/revisions"}],"wp:attachment":[{"href":"https:\/\/kuken.alfadyser.dev\/en\/wp-json\/wp\/v2\/media?parent=313"}],"curies":[{"name":"wp","href":"https:\/\/api.w.org\/{rel}","templated":true}]}}