{"id":9585,"date":"2022-11-08T13:00:19","date_gmt":"2022-11-08T12:00:19","guid":{"rendered":"https:\/\/kuken.alfadyser.dev\/?post_type=product&#038;p=9585"},"modified":"2025-07-22T10:52:27","modified_gmt":"2025-07-22T08:52:27","slug":"knochenleitung-atrial","status":"publish","type":"product","link":"https:\/\/kuken.alfadyser.dev\/de\/produkt\/knochenleitung-atrial\/","title":{"rendered":"KNOCHENLEITUNG ATRIAL"},"content":{"rendered":"<p>KNOCHENLEITUNG ATRIAL<\/p>\n<ul data-start=\"879\" data-end=\"1617\">\n<li data-start=\"879\" data-end=\"964\">\n<p data-start=\"881\" data-end=\"964\">Auricular con tecnolog\u00eda de conducci\u00f3n \u00f3sea, ideal para deportes y movilidad.<\/p>\n<\/li>\n<li data-start=\"965\" data-end=\"1039\">\n<p data-start=\"967\" data-end=\"1039\">Conexi\u00f3n Bluetooth, compatible con dispositivos iOS y Android.<\/p>\n<\/li>\n<li data-start=\"1040\" data-end=\"1103\">\n<p data-start=\"1042\" data-end=\"1103\">Alcance inal\u00e1mbrico de 10 metros, estable y sin cortes.<\/p>\n<\/li>\n<li data-start=\"1104\" data-end=\"1172\">\n<p data-start=\"1106\" data-end=\"1172\">Bater\u00eda de 230\u202fmAh, con autonom\u00eda de 6 a 8 horas de uso.<\/p>\n<\/li>\n<li data-start=\"1173\" data-end=\"1240\">\n<p data-start=\"1175\" data-end=\"1240\">Tiempo de carga completo: 2 horas, v\u00eda entrada 5V \/ 500\u202fmA.<\/p>\n<\/li>\n<li data-start=\"1241\" data-end=\"1315\">\n<p data-start=\"1243\" data-end=\"1315\">Micr\u00f3fono con sensibilidad de -38 dB, ideal para llamadas n\u00edtidas.<\/p>\n<\/li>\n<li data-start=\"1316\" data-end=\"1395\">\n<p data-start=\"1318\" data-end=\"1395\">Botones integrados para pausar, reproducir m\u00fasica o responder llamadas.<\/p>\n<\/li>\n<li data-start=\"1396\" data-end=\"1472\">\n<p data-start=\"1398\" data-end=\"1472\">Dise\u00f1o con impermeabilidad IPX4, resistente al sudor y salpicaduras.<\/p>\n<\/li>\n<li data-start=\"1473\" data-end=\"1547\">\n<p data-start=\"1475\" data-end=\"1547\">Permite escuchar el entorno, mayor seguridad al correr o entrenar.<\/p>\n<\/li>\n<li data-start=\"1548\" data-end=\"1617\">\n<p data-start=\"1550\" data-end=\"1617\">Ligero y ergon\u00f3mico, pensado para uso prolongado sin molestias.<\/p>\n<\/li>\n<\/ul>\n<p><div class=\"accordion\"><div class=\"mfn-acc accordion_wrapper  toggle\"><div class=\"question\"><div class=\"title\"><i class=\"icon-plus acc-icon-plus\" aria-hidden=\"true\"><\/i><i class=\"icon-minus acc-icon-minus\" aria-hidden=\"true\"><\/i>Produktdaten<\/div><div class=\"answer\">EAN: 8425160399672<\/p>\n<p>Einheiten: 1<br \/>\nFarbe: Schwarz<br \/>\nVerpackung: Farbige Schachtel<br \/>\nSpannung: 5V<br \/>\nGewicht: 30 g<br \/>\nWiederaufladbar: Ja<\/div><\/div>\n<\/div><\/div>\n<br \/>\n<div class=\"accordion\"><div class=\"mfn-acc accordion_wrapper  toggle\"><div class=\"question\"><div class=\"title\"><i class=\"icon-plus acc-icon-plus\" aria-hidden=\"true\"><\/i><i class=\"icon-minus acc-icon-minus\" aria-hidden=\"true\"><\/i>Zubeh\u00f6r<\/div><div class=\"answer\"><\/div><\/div>\n<\/div><\/div>\n<\/p>\n<div class=\"descargas-producto\"><a href=\"\/wp-content\/uploads\/pdf\/8425160340995_ficha_tecnica.pdf\" target=\"_blank\" rel=\"noopener noreferrer\"><br \/>\n<img loading=\"lazy\" decoding=\"async\" src=\"\/wp-content\/uploads\/2019\/12\/picto-descarrega.png\" alt=\"Datenblatt herunterladen\" width=\"23\" height=\"16\" \/>Blatt herunterladen<\/a><a href=\"https:\/\/kuken.alfadyser.dev\/wp-content\/uploads\/39967_instrucciones_compressed.pdf\" target=\"_blank\" rel=\"noopener noreferrer\"><br \/>\n<img loading=\"lazy\" decoding=\"async\" src=\"\/wp-content\/uploads\/2019\/12\/picto-descarrega.png\" alt=\"Gebrauchsanweisung herunterladen\" width=\"23\" height=\"16\" \/>Handbuch herunterladen<\/a><\/div>\n<div><\/div>\n<div><span style=\"color: #bf2121\">Folgen Sie uns auf den sozialen Medien!<\/span><\/div>\n<div><a href=\"https:\/\/www.instagram.com\/kuken_appliances\/\">https:\/\/www.instagram.com\/kuken_appliances\/<\/a><\/div>","protected":false},"excerpt":{"rendered":"<p data-start=\"544\" data-end=\"702\">Disfruta de tu m\u00fasica sin perder contacto con el mundo. Este auricular te acompa\u00f1a con comodidad, seguridad y autonom\u00eda mientras haces deporte o te desplazas.<\/p>\n<blockquote data-start=\"704\" data-end=\"811\">\n<p data-start=\"706\" data-end=\"811\">\n<\/blockquote>","protected":false},"featured_media":9586,"template":"","meta":[],"product_brand":[],"product_cat":[229],"product_tag":[],"class_list":{"0":"post-9585","1":"product","2":"type-product","3":"status-publish","4":"has-post-thumbnail","6":"product_cat-auriculares","8":"first","9":"instock","10":"product-type-simple"},"yoast_head":"<!-- This site is optimized with the Yoast SEO Premium plugin v24.0 (Yoast SEO v26.5) - https:\/\/yoast.com\/wordpress\/plugins\/seo\/ -->\n<title>AURICULAR DE CONDUCCI\u00d3N \u00d3SEA - K\u00fcken<\/title>\n<meta name=\"description\" content=\"Auricular de conducci\u00f3n \u00f3sea compatibles con Android e IOS. Escucha tu m\u00fasica favorita mientras est\u00e1s alerta de todos los sonidos de tu alrededor.\" \/>\n<meta name=\"robots\" content=\"noindex, follow, max-snippet:-1, max-image-preview:large, max-video-preview:-1\" \/>\n<meta property=\"og:locale\" content=\"de_DE\" \/>\n<meta property=\"og:type\" content=\"article\" \/>\n<meta property=\"og:title\" content=\"AURICULAR DE CONDUCCI\u00d3N \u00d3SEA\" \/>\n<meta property=\"og:description\" content=\"Auricular de conducci\u00f3n \u00f3sea compatibles con Android e IOS. Escucha tu m\u00fasica favorita mientras est\u00e1s alerta de todos los sonidos de tu alrededor.\" \/>\n<meta property=\"og:url\" content=\"https:\/\/kuken.alfadyser.dev\/de\/produkt\/knochenleitung-atrial\/\" \/>\n<meta property=\"og:site_name\" content=\"K\u00fcken\" \/>\n<meta property=\"article:publisher\" content=\"https:\/\/es-es.facebook.com\/alfadyser\/\" \/>\n<meta property=\"article:modified_time\" content=\"2025-07-22T08:52:27+00:00\" \/>\n<meta property=\"og:image\" content=\"https:\/\/kuken.alfadyser.dev\/wp-content\/uploads\/8425160399672_01.jpg\" \/>\n\t<meta property=\"og:image:width\" content=\"2000\" \/>\n\t<meta property=\"og:image:height\" content=\"2000\" \/>\n\t<meta property=\"og:image:type\" content=\"image\/jpeg\" \/>\n<meta name=\"twitter:card\" content=\"summary_large_image\" \/>\n<meta name=\"twitter:label1\" content=\"Preis\" \/>\n\t<meta name=\"twitter:data1\" content=\"\" \/>\n\t<meta name=\"twitter:label2\" content=\"Verf\u00fcgbarkeit\" \/>\n\t<meta name=\"twitter:data2\" content=\"Auf Lager\" \/>\n<script type=\"application\/ld+json\" class=\"yoast-schema-graph\">{\"@context\":\"https:\/\/schema.org\",\"@graph\":[{\"@type\":\"WebPage\",\"@id\":\"https:\/\/kuken.alfadyser.dev\/producto\/auricular-de-conduccion-osea\/\",\"url\":\"https:\/\/kuken.alfadyser.dev\/producto\/auricular-de-conduccion-osea\/\",\"name\":\"AURICULAR DE CONDUCCI\u00d3N \u00d3SEA - K\u00fcken\",\"isPartOf\":{\"@id\":\"https:\/\/kuken.alfadyser.dev\/#website\"},\"primaryImageOfPage\":{\"@id\":\"https:\/\/kuken.alfadyser.dev\/producto\/auricular-de-conduccion-osea\/#primaryimage\"},\"image\":{\"@id\":\"https:\/\/kuken.alfadyser.dev\/producto\/auricular-de-conduccion-osea\/#primaryimage\"},\"thumbnailUrl\":\"https:\/\/kuken.alfadyser.dev\/wp-content\/uploads\/8425160399672_01.jpg\",\"datePublished\":\"2022-11-08T12:00:19+00:00\",\"dateModified\":\"2025-07-22T08:52:27+00:00\",\"description\":\"Auricular de conducci\u00f3n \u00f3sea compatibles con Android e IOS. Escucha tu m\u00fasica favorita mientras est\u00e1s alerta de todos los sonidos de tu alrededor.\",\"breadcrumb\":{\"@id\":\"https:\/\/kuken.alfadyser.dev\/producto\/auricular-de-conduccion-osea\/#breadcrumb\"},\"inLanguage\":\"de\",\"potentialAction\":[{\"@type\":\"ReadAction\",\"target\":[\"https:\/\/kuken.alfadyser.dev\/producto\/auricular-de-conduccion-osea\/\"]}]},{\"@type\":\"ImageObject\",\"inLanguage\":\"de\",\"@id\":\"https:\/\/kuken.alfadyser.dev\/producto\/auricular-de-conduccion-osea\/#primaryimage\",\"url\":\"https:\/\/kuken.alfadyser.dev\/wp-content\/uploads\/8425160399672_01.jpg\",\"contentUrl\":\"https:\/\/kuken.alfadyser.dev\/wp-content\/uploads\/8425160399672_01.jpg\",\"width\":2000,\"height\":2000},{\"@type\":\"BreadcrumbList\",\"@id\":\"https:\/\/kuken.alfadyser.dev\/producto\/auricular-de-conduccion-osea\/#breadcrumb\",\"itemListElement\":[{\"@type\":\"ListItem\",\"position\":1,\"name\":\"Portada\",\"item\":\"https:\/\/kuken.alfadyser.dev\/\"},{\"@type\":\"ListItem\",\"position\":2,\"name\":\"Productos\",\"item\":\"https:\/\/kuken.alfadyser.dev\/productos\/\"},{\"@type\":\"ListItem\",\"position\":3,\"name\":\"AURICULAR DE CONDUCCI\u00d3N \u00d3SEA\"}]},{\"@type\":\"WebSite\",\"@id\":\"https:\/\/kuken.alfadyser.dev\/#website\",\"url\":\"https:\/\/kuken.alfadyser.dev\/\",\"name\":\"K\u00fcken\",\"description\":\"Amplia gama de peque\u00f1o electrodom\u00e9stico k\u00fcken\",\"publisher\":{\"@id\":\"https:\/\/kuken.alfadyser.dev\/#organization\"},\"potentialAction\":[{\"@type\":\"SearchAction\",\"target\":{\"@type\":\"EntryPoint\",\"urlTemplate\":\"https:\/\/kuken.alfadyser.dev\/?s={search_term_string}\"},\"query-input\":{\"@type\":\"PropertyValueSpecification\",\"valueRequired\":true,\"valueName\":\"search_term_string\"}}],\"inLanguage\":\"de\"},{\"@type\":\"Organization\",\"@id\":\"https:\/\/kuken.alfadyser.dev\/#organization\",\"name\":\"Alfa Dyser\",\"url\":\"https:\/\/kuken.alfadyser.dev\/\",\"logo\":{\"@type\":\"ImageObject\",\"inLanguage\":\"de\",\"@id\":\"https:\/\/kuken.alfadyser.dev\/#\/schema\/logo\/image\/\",\"url\":\"https:\/\/kuken.alfadyser.dev\/wp-content\/uploads\/2019\/04\/kuken-logo.png\",\"contentUrl\":\"https:\/\/kuken.alfadyser.dev\/wp-content\/uploads\/2019\/04\/kuken-logo.png\",\"width\":500,\"height\":191,\"caption\":\"Alfa Dyser\"},\"image\":{\"@id\":\"https:\/\/kuken.alfadyser.dev\/#\/schema\/logo\/image\/\"},\"sameAs\":[\"https:\/\/es-es.facebook.com\/alfadyser\/\",\"https:\/\/www.instagram.com\/kuken_appliances\/\"]}]}<\/script>\n<meta property=\"product:price:currency\" content=\"EUR\" \/>\n<meta property=\"og:availability\" content=\"instock\" \/>\n<meta property=\"product:availability\" content=\"instock\" \/>\n<meta property=\"product:retailer_item_id\" content=\"39967\" \/>\n<meta property=\"product:condition\" content=\"new\" \/>\n<!-- \/ Yoast SEO Premium plugin. -->","yoast_head_json":{"title":"KNOCHENLEITUNG ATRIAL - K\u00fcken","description":"Auricular de conducci\u00f3n \u00f3sea compatibles con Android e IOS. Escucha tu m\u00fasica favorita mientras est\u00e1s alerta de todos los sonidos de tu alrededor.","robots":{"index":"noindex","follow":"follow","max-snippet":"max-snippet:-1","max-image-preview":"max-image-preview:large","max-video-preview":"max-video-preview:-1"},"og_locale":"de_DE","og_type":"article","og_title":"AURICULAR DE CONDUCCI\u00d3N \u00d3SEA","og_description":"Auricular de conducci\u00f3n \u00f3sea compatibles con Android e IOS. Escucha tu m\u00fasica favorita mientras est\u00e1s alerta de todos los sonidos de tu alrededor.","og_url":"https:\/\/kuken.alfadyser.dev\/de\/produkt\/knochenleitung-atrial\/","og_site_name":"K\u00fcken","article_publisher":"https:\/\/es-es.facebook.com\/alfadyser\/","article_modified_time":"2025-07-22T08:52:27+00:00","og_image":[{"width":2000,"height":2000,"url":"https:\/\/kuken.alfadyser.dev\/wp-content\/uploads\/8425160399672_01.jpg","type":"image\/jpeg"}],"twitter_card":"summary_large_image","twitter_misc":{"Preis":"","Verf\u00fcgbarkeit":"Auf Lager"},"schema":{"@context":"https:\/\/schema.org","@graph":[{"@type":"WebPage","@id":"https:\/\/kuken.alfadyser.dev\/producto\/auricular-de-conduccion-osea\/","url":"https:\/\/kuken.alfadyser.dev\/producto\/auricular-de-conduccion-osea\/","name":"KNOCHENLEITUNG ATRIAL - K\u00fcken","isPartOf":{"@id":"https:\/\/kuken.alfadyser.dev\/#website"},"primaryImageOfPage":{"@id":"https:\/\/kuken.alfadyser.dev\/producto\/auricular-de-conduccion-osea\/#primaryimage"},"image":{"@id":"https:\/\/kuken.alfadyser.dev\/producto\/auricular-de-conduccion-osea\/#primaryimage"},"thumbnailUrl":"https:\/\/kuken.alfadyser.dev\/wp-content\/uploads\/8425160399672_01.jpg","datePublished":"2022-11-08T12:00:19+00:00","dateModified":"2025-07-22T08:52:27+00:00","description":"Auricular de conducci\u00f3n \u00f3sea compatibles con Android e IOS. Escucha tu m\u00fasica favorita mientras est\u00e1s alerta de todos los sonidos de tu alrededor.","breadcrumb":{"@id":"https:\/\/kuken.alfadyser.dev\/producto\/auricular-de-conduccion-osea\/#breadcrumb"},"inLanguage":"de","potentialAction":[{"@type":"ReadAction","target":["https:\/\/kuken.alfadyser.dev\/producto\/auricular-de-conduccion-osea\/"]}]},{"@type":"ImageObject","inLanguage":"de","@id":"https:\/\/kuken.alfadyser.dev\/producto\/auricular-de-conduccion-osea\/#primaryimage","url":"https:\/\/kuken.alfadyser.dev\/wp-content\/uploads\/8425160399672_01.jpg","contentUrl":"https:\/\/kuken.alfadyser.dev\/wp-content\/uploads\/8425160399672_01.jpg","width":2000,"height":2000},{"@type":"BreadcrumbList","@id":"https:\/\/kuken.alfadyser.dev\/producto\/auricular-de-conduccion-osea\/#breadcrumb","itemListElement":[{"@type":"ListItem","position":1,"name":"Portada","item":"https:\/\/kuken.alfadyser.dev\/"},{"@type":"ListItem","position":2,"name":"Productos","item":"https:\/\/kuken.alfadyser.dev\/productos\/"},{"@type":"ListItem","position":3,"name":"AURICULAR DE CONDUCCI\u00d3N \u00d3SEA"}]},{"@type":"WebSite","@id":"https:\/\/kuken.alfadyser.dev\/#website","url":"https:\/\/kuken.alfadyser.dev\/","name":"K\u00fcken","description":"Gro\u00dfe Auswahl an k\u00fcken Haushaltskleinger\u00e4ten","publisher":{"@id":"https:\/\/kuken.alfadyser.dev\/#organization"},"potentialAction":[{"@type":"SearchAction","target":{"@type":"EntryPoint","urlTemplate":"https:\/\/kuken.alfadyser.dev\/?s={search_term_string}"},"query-input":{"@type":"PropertyValueSpecification","valueRequired":true,"valueName":"search_term_string"}}],"inLanguage":"de"},{"@type":"Organization","@id":"https:\/\/kuken.alfadyser.dev\/#organization","name":"Alpha Dyser","url":"https:\/\/kuken.alfadyser.dev\/","logo":{"@type":"ImageObject","inLanguage":"de","@id":"https:\/\/kuken.alfadyser.dev\/#\/schema\/logo\/image\/","url":"https:\/\/kuken.alfadyser.dev\/wp-content\/uploads\/2019\/04\/kuken-logo.png","contentUrl":"https:\/\/kuken.alfadyser.dev\/wp-content\/uploads\/2019\/04\/kuken-logo.png","width":500,"height":191,"caption":"Alfa Dyser"},"image":{"@id":"https:\/\/kuken.alfadyser.dev\/#\/schema\/logo\/image\/"},"sameAs":["https:\/\/es-es.facebook.com\/alfadyser\/","https:\/\/www.instagram.com\/kuken_appliances\/"]}]},"product_price_currency":"EUR","og_availability":"instock","product_availability":"instock","product_retailer_item_id":"39967","product_condition":"new"},"_links":{"self":[{"href":"https:\/\/kuken.alfadyser.dev\/de\/wp-json\/wp\/v2\/product\/9585","targetHints":{"allow":["GET"]}}],"collection":[{"href":"https:\/\/kuken.alfadyser.dev\/de\/wp-json\/wp\/v2\/product"}],"about":[{"href":"https:\/\/kuken.alfadyser.dev\/de\/wp-json\/wp\/v2\/types\/product"}],"wp:featuredmedia":[{"embeddable":true,"href":"https:\/\/kuken.alfadyser.dev\/de\/wp-json\/wp\/v2\/media\/9586"}],"wp:attachment":[{"href":"https:\/\/kuken.alfadyser.dev\/de\/wp-json\/wp\/v2\/media?parent=9585"}],"wp:term":[{"taxonomy":"product_brand","embeddable":true,"href":"https:\/\/kuken.alfadyser.dev\/de\/wp-json\/wp\/v2\/product_brand?post=9585"},{"taxonomy":"product_cat","embeddable":true,"href":"https:\/\/kuken.alfadyser.dev\/de\/wp-json\/wp\/v2\/product_cat?post=9585"},{"taxonomy":"product_tag","embeddable":true,"href":"https:\/\/kuken.alfadyser.dev\/de\/wp-json\/wp\/v2\/product_tag?post=9585"}],"curies":[{"name":"wp","href":"https:\/\/api.w.org\/{rel}","templated":true}]}}