{"id":9580,"date":"2022-11-08T12:26:42","date_gmt":"2022-11-08T11:26:42","guid":{"rendered":"https:\/\/kuken.alfadyser.dev\/?post_type=product&#038;p=9580"},"modified":"2025-07-31T07:58:08","modified_gmt":"2025-07-31T05:58:08","slug":"batidora-smoothie-300w-2-vasos-800ml-kuken-2","status":"publish","type":"product","link":"https:\/\/kuken.alfadyser.dev\/de\/produkt\/batidora-smoothie-300w-2-vasos-800ml-kuken-2\/","title":{"rendered":"K\u00dcKEN SMOOTHIE BLENDER 800ML 2 TASSEN 600W"},"content":{"rendered":"<p>K\u00dcKEN SMOOTHIE BLENDER 800ML 2 TASSEN 600W<\/p>\n<ul>\n<li data-start=\"896\" data-end=\"978\">\n<p data-start=\"898\" data-end=\"978\">Dise\u00f1o elegante con cuerpo en policarbonato y acabado en acero inoxidable.<\/p>\n<\/li>\n<li data-start=\"979\" data-end=\"1049\">\n<p data-start=\"981\" data-end=\"1049\">Motor de 600W, ideal para preparar batidos, zumos y smoothies.<\/p>\n<\/li>\n<li data-start=\"1050\" data-end=\"1137\">\n<p data-start=\"1052\" data-end=\"1137\">Cuchillas de acero inoxidable con cuatro filos, para picar, triturar y mezclar.<\/p>\n<\/li>\n<li data-start=\"1138\" data-end=\"1211\">\n<p data-start=\"1140\" data-end=\"1211\">Dos velocidades + funci\u00f3n PULSE, control total en la preparaci\u00f3n.<\/p>\n<\/li>\n<li data-start=\"1212\" data-end=\"1287\">\n<p data-start=\"1214\" data-end=\"1287\">Incluye 2 vasos herm\u00e9ticos de 800 ml, con tapa deportiva y medidas.<\/p>\n<\/li>\n<li data-start=\"1288\" data-end=\"1366\">\n<p data-start=\"1290\" data-end=\"1366\">Vasos aptos para llevar, ideales para gimnasio, oficina o excursiones.<\/p>\n<\/li>\n<li data-start=\"1367\" data-end=\"1434\">\n<p data-start=\"1369\" data-end=\"1434\">Patas antideslizantes, aseguran estabilidad durante el uso.<\/p>\n<\/li>\n<li data-start=\"1435\" data-end=\"1505\">\n<p data-start=\"1437\" data-end=\"1505\">Recetario exclusivo incluido: \u201cFitness Smoothies and Healthy\u201d.<\/p>\n<\/li>\n<li data-start=\"1506\" data-end=\"1586\">\n<p data-start=\"1508\" data-end=\"1586\">Compacta y funcional, pensada para un estilo de vida activo y saludable.<\/p>\n<\/li>\n<li data-start=\"1587\" data-end=\"1643\">\n<p data-start=\"1589\" data-end=\"1643\">Perfecta para uso diario, f\u00e1cil de usar y limpiar.<\/p>\n<\/li>\n<\/ul>\n<p><div class=\"accordion\"><div class=\"mfn-acc accordion_wrapper  toggle\"><div class=\"question\"><div class=\"title\"><i class=\"icon-plus acc-icon-plus\" aria-hidden=\"true\"><\/i><i class=\"icon-minus acc-icon-minus\" aria-hidden=\"true\"><\/i>Produktdaten<\/div><div class=\"answer\">EAN 8425160388065<\/p>\n<p>K\u00dcKEN SMOOTHIE BLENDER 800ML 2 TASSEN 600W<\/p>\n<p>Packeinheit 1<br \/>\nFarbe Edelstahl<br \/>\nVerpackung Farbige Schachtel<br \/>\nLeistung 600 W<br \/>\nSpannung 230 V<br \/>\nFassungsverm\u00f6gen 2 x 800 ml Gl\u00e4ser<br \/>\nHergestellt aus hochwertigem PC<br \/>\nGeschwindigkeiten: 2 Geschwindigkeiten + PULSE<\/div><\/div>\n<\/div><\/div>\n<br \/>\n<div class=\"accordion\"><div class=\"mfn-acc accordion_wrapper  toggle\"><div class=\"question\"><div class=\"title\"><i class=\"icon-plus acc-icon-plus\" aria-hidden=\"true\"><\/i><i class=\"icon-minus acc-icon-minus\" aria-hidden=\"true\"><\/i>Zubeh\u00f6r<\/div><div class=\"answer\">800 ml transportabler Trinkbecher mit luftdichtem Deckel.<br \/>\nTransportabler 800-ml-Becher mit luftdichtem Deckel und \"Sport\"-Verschluss.<br \/>\nSmoothie-Rezepte.<\/div><\/div>\n<\/div><\/div>\n<\/p>\n<div class=\"descargas-producto\"><a href=\"\/wp-content\/uploads\/pdf\/8425160360061_ficha_tecnica.pdf\" target=\"_blank\" rel=\"noopener noreferrer\"><br \/>\n<img loading=\"lazy\" decoding=\"async\" src=\"\/wp-content\/uploads\/2019\/12\/picto-descarrega.png\" alt=\"Datenblatt herunterladen\" width=\"23\" height=\"16\" \/>Blatt herunterladen<\/a><a href=\"https:\/\/kuken.alfadyser.dev\/wp-content\/uploads\/38806_instrucciones_compressed.pdf\" target=\"_blank\" rel=\"noopener noreferrer\"><br \/>\n<img loading=\"lazy\" decoding=\"async\" src=\"\/wp-content\/uploads\/2019\/12\/picto-descarrega.png\" alt=\"Gebrauchsanweisung herunterladen\" width=\"23\" height=\"16\" \/>Handbuch herunterladen<\/a><\/div>\n<div><\/div>\n<div><span style=\"color: #bf2121;\">Folgen Sie uns auf den sozialen Medien!<\/span><\/div>\n<div><a href=\"https:\/\/www.instagram.com\/kuken_appliances\/\">https:\/\/www.instagram.com\/kuken_appliances\/<\/a><\/div>\n<p><iframe loading=\"lazy\" title=\"Smoothie-Mixer kuken 800ml 2 Tassen 600w\" width=\"560\" height=\"315\" src=\"https:\/\/www.youtube.com\/embed\/BiN7v6NT4CI?feature=oembed\" frameborder=\"0\" allow=\"accelerometer; autoplay; clipboard-write; encrypted-media; gyroscope; picture-in-picture; web-share\" referrerpolicy=\"strict-origin-when-cross-origin\" allowfullscreen><\/iframe><\/p>","protected":false},"excerpt":{"rendered":"<p data-start=\"555\" data-end=\"717\">Nehmen Sie Ihren Smoothie mit, wohin Sie auch gehen. Dieser leistungsstarke und kompakte Mixer enth\u00e4lt Sportbecher, Hochleistungsklingen und ein Rezeptheft f\u00fcr die Zubereitung gesunder Smoothies.<\/p>\n<blockquote data-start=\"719\" data-end=\"828\">\n<p data-start=\"721\" data-end=\"828\">\n<\/blockquote>","protected":false},"featured_media":9581,"template":"","meta":[],"product_brand":[],"product_cat":[206],"product_tag":[],"class_list":{"0":"post-9580","1":"product","2":"type-product","3":"status-publish","4":"has-post-thumbnail","6":"product_cat-batidoras","7":"pa_tipo-batidora-smoothie","9":"first","10":"instock","11":"product-type-simple"},"yoast_head":"<!-- This site is optimized with the Yoast SEO Premium plugin v24.0 (Yoast SEO v26.5) - https:\/\/yoast.com\/wordpress\/plugins\/seo\/ -->\n<title>BATIDORA SMOOTHIE K\u00dcKEN 800ML 2 VASOS 600W - K\u00fcken<\/title>\n<meta name=\"description\" content=\"Batidora smoothie K\u00fcken 800ml 600W con 2 vasos herm\u00e9ticos, cuchillas de acero y recetario. Ideal para batidos fitness y smoothies saludables.\" \/>\n<meta name=\"robots\" content=\"noindex, follow, max-snippet:-1, max-image-preview:large, max-video-preview:-1\" \/>\n<meta property=\"og:locale\" content=\"de_DE\" \/>\n<meta property=\"og:type\" content=\"article\" \/>\n<meta property=\"og:title\" content=\"BATIDORA SMOOTHIE K\u00dcKEN 800ML 2 VASOS 600W\" \/>\n<meta property=\"og:description\" content=\"Batidora smoothie K\u00fcken 800ml 600W con 2 vasos herm\u00e9ticos, cuchillas de acero y recetario. Ideal para batidos fitness y smoothies saludables.\" \/>\n<meta property=\"og:url\" content=\"https:\/\/kuken.alfadyser.dev\/de\/produkt\/batidora-smoothie-300w-2-vasos-800ml-kuken-2\/\" \/>\n<meta property=\"og:site_name\" content=\"K\u00fcken\" \/>\n<meta property=\"article:publisher\" content=\"https:\/\/es-es.facebook.com\/alfadyser\/\" \/>\n<meta property=\"article:modified_time\" content=\"2025-07-31T05:58:08+00:00\" \/>\n<meta property=\"og:image\" content=\"https:\/\/kuken.alfadyser.dev\/wp-content\/uploads\/8425160388065_01.jpg\" \/>\n\t<meta property=\"og:image:width\" content=\"2000\" \/>\n\t<meta property=\"og:image:height\" content=\"2000\" \/>\n\t<meta property=\"og:image:type\" content=\"image\/jpeg\" \/>\n<meta name=\"twitter:card\" content=\"summary_large_image\" \/>\n<meta name=\"twitter:label1\" content=\"Preis\" \/>\n\t<meta name=\"twitter:data1\" content=\"\" \/>\n\t<meta name=\"twitter:label2\" content=\"Verf\u00fcgbarkeit\" \/>\n\t<meta name=\"twitter:data2\" content=\"Auf Lager\" \/>\n<script type=\"application\/ld+json\" class=\"yoast-schema-graph\">{\"@context\":\"https:\/\/schema.org\",\"@graph\":[{\"@type\":\"WebPage\",\"@id\":\"https:\/\/kuken.alfadyser.dev\/producto\/batidora-smoothie-kuken-800ml-2-vasos-600w\/\",\"url\":\"https:\/\/kuken.alfadyser.dev\/producto\/batidora-smoothie-kuken-800ml-2-vasos-600w\/\",\"name\":\"BATIDORA SMOOTHIE K\u00dcKEN 800ML 2 VASOS 600W - K\u00fcken\",\"isPartOf\":{\"@id\":\"https:\/\/kuken.alfadyser.dev\/#website\"},\"primaryImageOfPage\":{\"@id\":\"https:\/\/kuken.alfadyser.dev\/producto\/batidora-smoothie-kuken-800ml-2-vasos-600w\/#primaryimage\"},\"image\":{\"@id\":\"https:\/\/kuken.alfadyser.dev\/producto\/batidora-smoothie-kuken-800ml-2-vasos-600w\/#primaryimage\"},\"thumbnailUrl\":\"https:\/\/kuken.alfadyser.dev\/wp-content\/uploads\/8425160388065_01.jpg\",\"datePublished\":\"2022-11-08T11:26:42+00:00\",\"dateModified\":\"2025-07-31T05:58:08+00:00\",\"description\":\"Batidora smoothie K\u00fcken 800ml 600W con 2 vasos herm\u00e9ticos, cuchillas de acero y recetario. Ideal para batidos fitness y smoothies saludables.\",\"breadcrumb\":{\"@id\":\"https:\/\/kuken.alfadyser.dev\/producto\/batidora-smoothie-kuken-800ml-2-vasos-600w\/#breadcrumb\"},\"inLanguage\":\"de\",\"potentialAction\":[{\"@type\":\"ReadAction\",\"target\":[\"https:\/\/kuken.alfadyser.dev\/producto\/batidora-smoothie-kuken-800ml-2-vasos-600w\/\"]}]},{\"@type\":\"ImageObject\",\"inLanguage\":\"de\",\"@id\":\"https:\/\/kuken.alfadyser.dev\/producto\/batidora-smoothie-kuken-800ml-2-vasos-600w\/#primaryimage\",\"url\":\"https:\/\/kuken.alfadyser.dev\/wp-content\/uploads\/8425160388065_01.jpg\",\"contentUrl\":\"https:\/\/kuken.alfadyser.dev\/wp-content\/uploads\/8425160388065_01.jpg\",\"width\":2000,\"height\":2000},{\"@type\":\"BreadcrumbList\",\"@id\":\"https:\/\/kuken.alfadyser.dev\/producto\/batidora-smoothie-kuken-800ml-2-vasos-600w\/#breadcrumb\",\"itemListElement\":[{\"@type\":\"ListItem\",\"position\":1,\"name\":\"Portada\",\"item\":\"https:\/\/kuken.alfadyser.dev\/\"},{\"@type\":\"ListItem\",\"position\":2,\"name\":\"Productos\",\"item\":\"https:\/\/kuken.alfadyser.dev\/productos\/\"},{\"@type\":\"ListItem\",\"position\":3,\"name\":\"BATIDORA SMOOTHIE K\u00dcKEN 800ML 2 VASOS 600W\"}]},{\"@type\":\"WebSite\",\"@id\":\"https:\/\/kuken.alfadyser.dev\/#website\",\"url\":\"https:\/\/kuken.alfadyser.dev\/\",\"name\":\"K\u00fcken\",\"description\":\"Amplia gama de peque\u00f1o electrodom\u00e9stico k\u00fcken\",\"publisher\":{\"@id\":\"https:\/\/kuken.alfadyser.dev\/#organization\"},\"potentialAction\":[{\"@type\":\"SearchAction\",\"target\":{\"@type\":\"EntryPoint\",\"urlTemplate\":\"https:\/\/kuken.alfadyser.dev\/?s={search_term_string}\"},\"query-input\":{\"@type\":\"PropertyValueSpecification\",\"valueRequired\":true,\"valueName\":\"search_term_string\"}}],\"inLanguage\":\"de\"},{\"@type\":\"Organization\",\"@id\":\"https:\/\/kuken.alfadyser.dev\/#organization\",\"name\":\"Alfa Dyser\",\"url\":\"https:\/\/kuken.alfadyser.dev\/\",\"logo\":{\"@type\":\"ImageObject\",\"inLanguage\":\"de\",\"@id\":\"https:\/\/kuken.alfadyser.dev\/#\/schema\/logo\/image\/\",\"url\":\"https:\/\/kuken.alfadyser.dev\/wp-content\/uploads\/2019\/04\/kuken-logo.png\",\"contentUrl\":\"https:\/\/kuken.alfadyser.dev\/wp-content\/uploads\/2019\/04\/kuken-logo.png\",\"width\":500,\"height\":191,\"caption\":\"Alfa Dyser\"},\"image\":{\"@id\":\"https:\/\/kuken.alfadyser.dev\/#\/schema\/logo\/image\/\"},\"sameAs\":[\"https:\/\/es-es.facebook.com\/alfadyser\/\",\"https:\/\/www.instagram.com\/kuken_appliances\/\"]}]}<\/script>\n<meta property=\"product:price:currency\" content=\"EUR\" \/>\n<meta property=\"og:availability\" content=\"instock\" \/>\n<meta property=\"product:availability\" content=\"instock\" \/>\n<meta property=\"product:retailer_item_id\" content=\"38806\" \/>\n<meta property=\"product:condition\" content=\"new\" \/>\n<!-- \/ Yoast SEO Premium plugin. -->","yoast_head_json":{"title":"K\u00dcKEN SMOOTHIE BLENDER 800ML 2 TASSEN 600W - K\u00fcken","description":"Smoothie Mixer K\u00fcken 800ml 600W mit 2 luftdichten Bechern, Stahlklingen und Rezeptheft. Ideal f\u00fcr Fitness-Shakes und gesunde Smoothies.","robots":{"index":"noindex","follow":"follow","max-snippet":"max-snippet:-1","max-image-preview":"max-image-preview:large","max-video-preview":"max-video-preview:-1"},"og_locale":"de_DE","og_type":"article","og_title":"BATIDORA SMOOTHIE K\u00dcKEN 800ML 2 VASOS 600W","og_description":"Batidora smoothie K\u00fcken 800ml 600W con 2 vasos herm\u00e9ticos, cuchillas de acero y recetario. Ideal para batidos fitness y smoothies saludables.","og_url":"https:\/\/kuken.alfadyser.dev\/de\/produkt\/batidora-smoothie-300w-2-vasos-800ml-kuken-2\/","og_site_name":"K\u00fcken","article_publisher":"https:\/\/es-es.facebook.com\/alfadyser\/","article_modified_time":"2025-07-31T05:58:08+00:00","og_image":[{"width":2000,"height":2000,"url":"https:\/\/kuken.alfadyser.dev\/wp-content\/uploads\/8425160388065_01.jpg","type":"image\/jpeg"}],"twitter_card":"summary_large_image","twitter_misc":{"Preis":"","Verf\u00fcgbarkeit":"Auf Lager"},"schema":{"@context":"https:\/\/schema.org","@graph":[{"@type":"WebPage","@id":"https:\/\/kuken.alfadyser.dev\/producto\/batidora-smoothie-kuken-800ml-2-vasos-600w\/","url":"https:\/\/kuken.alfadyser.dev\/producto\/batidora-smoothie-kuken-800ml-2-vasos-600w\/","name":"K\u00dcKEN SMOOTHIE BLENDER 800ML 2 TASSEN 600W - K\u00fcken","isPartOf":{"@id":"https:\/\/kuken.alfadyser.dev\/#website"},"primaryImageOfPage":{"@id":"https:\/\/kuken.alfadyser.dev\/producto\/batidora-smoothie-kuken-800ml-2-vasos-600w\/#primaryimage"},"image":{"@id":"https:\/\/kuken.alfadyser.dev\/producto\/batidora-smoothie-kuken-800ml-2-vasos-600w\/#primaryimage"},"thumbnailUrl":"https:\/\/kuken.alfadyser.dev\/wp-content\/uploads\/8425160388065_01.jpg","datePublished":"2022-11-08T11:26:42+00:00","dateModified":"2025-07-31T05:58:08+00:00","description":"Smoothie Mixer K\u00fcken 800ml 600W mit 2 luftdichten Bechern, Stahlklingen und Rezeptheft. Ideal f\u00fcr Fitness-Shakes und gesunde Smoothies.","breadcrumb":{"@id":"https:\/\/kuken.alfadyser.dev\/producto\/batidora-smoothie-kuken-800ml-2-vasos-600w\/#breadcrumb"},"inLanguage":"de","potentialAction":[{"@type":"ReadAction","target":["https:\/\/kuken.alfadyser.dev\/producto\/batidora-smoothie-kuken-800ml-2-vasos-600w\/"]}]},{"@type":"ImageObject","inLanguage":"de","@id":"https:\/\/kuken.alfadyser.dev\/producto\/batidora-smoothie-kuken-800ml-2-vasos-600w\/#primaryimage","url":"https:\/\/kuken.alfadyser.dev\/wp-content\/uploads\/8425160388065_01.jpg","contentUrl":"https:\/\/kuken.alfadyser.dev\/wp-content\/uploads\/8425160388065_01.jpg","width":2000,"height":2000},{"@type":"BreadcrumbList","@id":"https:\/\/kuken.alfadyser.dev\/producto\/batidora-smoothie-kuken-800ml-2-vasos-600w\/#breadcrumb","itemListElement":[{"@type":"ListItem","position":1,"name":"Portada","item":"https:\/\/kuken.alfadyser.dev\/"},{"@type":"ListItem","position":2,"name":"Productos","item":"https:\/\/kuken.alfadyser.dev\/productos\/"},{"@type":"ListItem","position":3,"name":"BATIDORA SMOOTHIE K\u00dcKEN 800ML 2 VASOS 600W"}]},{"@type":"WebSite","@id":"https:\/\/kuken.alfadyser.dev\/#website","url":"https:\/\/kuken.alfadyser.dev\/","name":"K\u00fcken","description":"Gro\u00dfe Auswahl an k\u00fcken Haushaltskleinger\u00e4ten","publisher":{"@id":"https:\/\/kuken.alfadyser.dev\/#organization"},"potentialAction":[{"@type":"SearchAction","target":{"@type":"EntryPoint","urlTemplate":"https:\/\/kuken.alfadyser.dev\/?s={search_term_string}"},"query-input":{"@type":"PropertyValueSpecification","valueRequired":true,"valueName":"search_term_string"}}],"inLanguage":"de"},{"@type":"Organization","@id":"https:\/\/kuken.alfadyser.dev\/#organization","name":"Alpha Dyser","url":"https:\/\/kuken.alfadyser.dev\/","logo":{"@type":"ImageObject","inLanguage":"de","@id":"https:\/\/kuken.alfadyser.dev\/#\/schema\/logo\/image\/","url":"https:\/\/kuken.alfadyser.dev\/wp-content\/uploads\/2019\/04\/kuken-logo.png","contentUrl":"https:\/\/kuken.alfadyser.dev\/wp-content\/uploads\/2019\/04\/kuken-logo.png","width":500,"height":191,"caption":"Alfa Dyser"},"image":{"@id":"https:\/\/kuken.alfadyser.dev\/#\/schema\/logo\/image\/"},"sameAs":["https:\/\/es-es.facebook.com\/alfadyser\/","https:\/\/www.instagram.com\/kuken_appliances\/"]}]},"product_price_currency":"EUR","og_availability":"instock","product_availability":"instock","product_retailer_item_id":"38806","product_condition":"new"},"_links":{"self":[{"href":"https:\/\/kuken.alfadyser.dev\/de\/wp-json\/wp\/v2\/product\/9580","targetHints":{"allow":["GET"]}}],"collection":[{"href":"https:\/\/kuken.alfadyser.dev\/de\/wp-json\/wp\/v2\/product"}],"about":[{"href":"https:\/\/kuken.alfadyser.dev\/de\/wp-json\/wp\/v2\/types\/product"}],"wp:featuredmedia":[{"embeddable":true,"href":"https:\/\/kuken.alfadyser.dev\/de\/wp-json\/wp\/v2\/media\/9581"}],"wp:attachment":[{"href":"https:\/\/kuken.alfadyser.dev\/de\/wp-json\/wp\/v2\/media?parent=9580"}],"wp:term":[{"taxonomy":"product_brand","embeddable":true,"href":"https:\/\/kuken.alfadyser.dev\/de\/wp-json\/wp\/v2\/product_brand?post=9580"},{"taxonomy":"product_cat","embeddable":true,"href":"https:\/\/kuken.alfadyser.dev\/de\/wp-json\/wp\/v2\/product_cat?post=9580"},{"taxonomy":"product_tag","embeddable":true,"href":"https:\/\/kuken.alfadyser.dev\/de\/wp-json\/wp\/v2\/product_tag?post=9580"}],"curies":[{"name":"wp","href":"https:\/\/api.w.org\/{rel}","templated":true}]}}