{"id":9288,"date":"2022-09-09T13:55:19","date_gmt":"2022-09-09T11:55:19","guid":{"rendered":"https:\/\/kuken.alfadyser.dev\/?post_type=product&#038;p=9288"},"modified":"2025-07-22T11:03:48","modified_gmt":"2025-07-22T09:03:48","slug":"drahtlose-kopfhorer-weis-iphone-kuken-2","status":"publish","type":"product","link":"https:\/\/kuken.alfadyser.dev\/de\/produkt\/drahtlose-kopfhorer-weis-iphone-kuken-2\/","title":{"rendered":"SMART WATCH Q9 PRO K\u00dcKEN"},"content":{"rendered":"<p>SMART WATCH Q9 PRO K\u00dcKEN<\/p>\n<ul>\n<li data-start=\"931\" data-end=\"1014\">\n<p data-start=\"933\" data-end=\"1014\">Compatible con Android 4.4 \/ iOS 9.0 y superiores, emparejamiento sencillo.<\/p>\n<\/li>\n<li data-start=\"1015\" data-end=\"1079\">\n<p data-start=\"1017\" data-end=\"1079\">Certificaci\u00f3n IP68, sumergible 30 minutos hasta 1 metro.<\/p>\n<\/li>\n<li data-start=\"1080\" data-end=\"1158\">\n<p data-start=\"1082\" data-end=\"1158\">Medici\u00f3n de frecuencia card\u00edaca, presi\u00f3n arterial y ox\u00edgeno en sangre.<\/p>\n<\/li>\n<li data-start=\"1159\" data-end=\"1224\">\n<p data-start=\"1161\" data-end=\"1224\">Monitorizaci\u00f3n del sue\u00f1o, eval\u00faa fases ligera y profunda.<\/p>\n<\/li>\n<li data-start=\"1225\" data-end=\"1296\">\n<p data-start=\"1227\" data-end=\"1296\">Notificaciones inteligentes, para mensajes, llamadas y alertas.<\/p>\n<\/li>\n<li data-start=\"1297\" data-end=\"1370\">\n<p data-start=\"1299\" data-end=\"1370\">Contador de pasos, distancia, calor\u00edas y recordatorios de alarma.<\/p>\n<\/li>\n<li data-start=\"1371\" data-end=\"1441\">\n<p data-start=\"1373\" data-end=\"1441\">Pantalla TFT a color de 1,7\u201d (240 x 280 px), alta visibilidad.<\/p>\n<\/li>\n<li data-start=\"1442\" data-end=\"1507\">\n<p data-start=\"1444\" data-end=\"1507\">Historial de datos: 3 d\u00edas en reloj, ilimitado en la app.<\/p>\n<\/li>\n<li data-start=\"1508\" data-end=\"1568\">\n<p data-start=\"1510\" data-end=\"1568\">Autonom\u00eda de 5\u20137 d\u00edas, hasta 20 d\u00edas en modo espera.<\/p>\n<\/li>\n<li data-start=\"1569\" data-end=\"1623\">\n<p data-start=\"1571\" data-end=\"1623\">Carga completa en 3 horas, mediante cable USB.<\/p>\n<\/li>\n<li data-start=\"1624\" data-end=\"1721\">\n<p data-start=\"1626\" data-end=\"1721\">Idiomas disponibles: espa\u00f1ol, ingl\u00e9s, franc\u00e9s, portugu\u00e9s, chino, ruso, alem\u00e1n y holand\u00e9s.<\/p>\n<\/li>\n<li data-start=\"1722\" data-end=\"1791\">\n<p data-start=\"1724\" data-end=\"1791\">Comparte tus logros en redes sociales, f\u00e1cilmente desde la app.<\/p>\n<\/li>\n<\/ul>\n<p><div class=\"accordion\"><div class=\"mfn-acc accordion_wrapper  toggle\"><div class=\"question\"><div class=\"title\"><i class=\"icon-plus acc-icon-plus\" aria-hidden=\"true\"><\/i><i class=\"icon-minus acc-icon-minus\" aria-hidden=\"true\"><\/i>Produktdaten<\/div><div class=\"answer\">EAN: 8425160344696<\/p>\n<p>SMART WATCH Q9 PRO K\u00dcKEN<\/p>\n<p>Einheiten: 1<br \/>\nModelo:Q9<br \/>\nBluetooth 4.0<br \/>\nSensor G:STK8321<br \/>\nSensor FC: VC11 R5<br \/>\nCPU: Realtek 8762X<br \/>\nMaster Chip Telink8266<br \/>\nBater\u00eda de Litio: Polymer<br \/>\nCapacidad bater\u00eda: 200 mAh<br \/>\nMaterial: Carcasa frontal PC<br \/>\nCarcasa trasera: ABS+PC<br \/>\nProtecci\u00f3n ambiental TPE<br \/>\nPeso: 38g<br \/>\nFarbe: Schwarz<br \/>\nVerpackung: Farbige Schachtel<\/p>\n<p><\/div><\/div>\n<\/div><\/div>\n<br \/>\n<div class=\"accordion\"><div class=\"mfn-acc accordion_wrapper  toggle\"><div class=\"question\"><div class=\"title\"><i class=\"icon-plus acc-icon-plus\" aria-hidden=\"true\"><\/i><i class=\"icon-minus acc-icon-minus\" aria-hidden=\"true\"><\/i>Zubeh\u00f6r<\/div><div class=\"answer\"><\/div><\/div>\n<\/div><\/div>\n<\/p>\n<div class=\"descargas-producto\"><a href=\"https:\/\/kuken.alfadyser.dev\/wp-content\/uploads\/8425160344696_ficha_tecnica.pdf\" target=\"_blank\" rel=\"noopener noreferrer\" data-wp-editing=\"1\"><br \/>\n<img loading=\"lazy\" decoding=\"async\" class=\"alignnone\" src=\"\/wp-content\/uploads\/2019\/12\/picto-descarrega.png\" alt=\"Datenblatt herunterladen\" width=\"23\" height=\"16\" \/>Blatt herunterladen<\/a><br \/>\n<a href=\"\/wp-content\/uploads\/pdf\/34099_instrucciones.pdf\"><img loading=\"lazy\" decoding=\"async\" src=\"\/wp-content\/uploads\/2019\/12\/picto-descarrega.png\" alt=\"Gebrauchsanweisung herunterladen\" width=\"23\" height=\"16\" \/>Handbuch herunterladen<\/a><\/div>\n<div><\/div>\n<div><span style=\"color: #bf2121\">Folgen Sie uns auf den sozialen Medien!<\/span><\/div>\n<div><a href=\"https:\/\/www.instagram.com\/kuken_appliances\/\">https:\/\/www.instagram.com\/kuken_appliances\/<\/a><\/div>","protected":false},"excerpt":{"rendered":"<p data-start=\"612\" data-end=\"764\">Controla tu salud y actividad desde la mu\u00f1eca. Este smartwatch mide ritmo, sue\u00f1o y ox\u00edgeno, recibe notificaciones y ofrece hasta 20 d\u00edas en modo espera.<\/p>\n<blockquote data-start=\"766\" data-end=\"863\">\n<p data-start=\"768\" data-end=\"863\">\n<\/blockquote>","protected":false},"featured_media":9290,"template":"","meta":[],"product_brand":[],"product_cat":[230],"product_tag":[],"class_list":{"0":"post-9288","1":"product","2":"type-product","3":"status-publish","4":"has-post-thumbnail","6":"product_cat-relojes-de-pulsera","8":"first","9":"instock","10":"product-type-simple"},"yoast_head":"<!-- This site is optimized with the Yoast SEO Premium plugin v24.0 (Yoast SEO v26.5) - https:\/\/yoast.com\/wordpress\/plugins\/seo\/ -->\n<title>RELOJ SMART WATCH Q9 PRO K\u00dcKEN - K\u00fcken<\/title>\n<meta name=\"description\" content=\"Reloj inteligente Q9 Pro con funci\u00f3n alarma\/despertador, pod\u00f3metro, presi\u00f3n de sangre, distancia, pulso,etc. Descubre aqu\u00ed todas sus funciones.\" \/>\n<meta name=\"robots\" content=\"noindex, follow, max-snippet:-1, max-image-preview:large, max-video-preview:-1\" \/>\n<meta property=\"og:locale\" content=\"de_DE\" \/>\n<meta property=\"og:type\" content=\"article\" \/>\n<meta property=\"og:title\" content=\"RELOJ SMART WATCH Q9 PRO K\u00dcKEN\" \/>\n<meta property=\"og:description\" content=\"Reloj inteligente Q9 Pro con funci\u00f3n alarma\/despertador, pod\u00f3metro, presi\u00f3n de sangre, distancia, pulso,etc. Descubre aqu\u00ed todas sus funciones.\" \/>\n<meta property=\"og:url\" content=\"https:\/\/kuken.alfadyser.dev\/de\/produkt\/drahtlose-kopfhorer-weis-iphone-kuken-2\/\" \/>\n<meta property=\"og:site_name\" content=\"K\u00fcken\" \/>\n<meta property=\"article:publisher\" content=\"https:\/\/es-es.facebook.com\/alfadyser\/\" \/>\n<meta property=\"article:modified_time\" content=\"2025-07-22T09:03:48+00:00\" \/>\n<meta property=\"og:image\" content=\"https:\/\/kuken.alfadyser.dev\/wp-content\/uploads\/8425160344696_01.jpg\" \/>\n\t<meta property=\"og:image:width\" content=\"2000\" \/>\n\t<meta property=\"og:image:height\" content=\"2000\" \/>\n\t<meta property=\"og:image:type\" content=\"image\/jpeg\" \/>\n<meta name=\"twitter:card\" content=\"summary_large_image\" \/>\n<meta name=\"twitter:label1\" content=\"Preis\" \/>\n\t<meta name=\"twitter:data1\" content=\"\" \/>\n\t<meta name=\"twitter:label2\" content=\"Verf\u00fcgbarkeit\" \/>\n\t<meta name=\"twitter:data2\" content=\"Auf Lager\" \/>\n<script type=\"application\/ld+json\" class=\"yoast-schema-graph\">{\"@context\":\"https:\/\/schema.org\",\"@graph\":[{\"@type\":\"WebPage\",\"@id\":\"https:\/\/kuken.alfadyser.dev\/producto\/reloj-smart-watch-q9-pro-kuken\/\",\"url\":\"https:\/\/kuken.alfadyser.dev\/producto\/reloj-smart-watch-q9-pro-kuken\/\",\"name\":\"RELOJ SMART WATCH Q9 PRO K\u00dcKEN - K\u00fcken\",\"isPartOf\":{\"@id\":\"https:\/\/kuken.alfadyser.dev\/#website\"},\"primaryImageOfPage\":{\"@id\":\"https:\/\/kuken.alfadyser.dev\/producto\/reloj-smart-watch-q9-pro-kuken\/#primaryimage\"},\"image\":{\"@id\":\"https:\/\/kuken.alfadyser.dev\/producto\/reloj-smart-watch-q9-pro-kuken\/#primaryimage\"},\"thumbnailUrl\":\"https:\/\/kuken.alfadyser.dev\/wp-content\/uploads\/8425160344696_01.jpg\",\"datePublished\":\"2022-09-09T11:55:19+00:00\",\"dateModified\":\"2025-07-22T09:03:48+00:00\",\"description\":\"Reloj inteligente Q9 Pro con funci\u00f3n alarma\/despertador, pod\u00f3metro, presi\u00f3n de sangre, distancia, pulso,etc. Descubre aqu\u00ed todas sus funciones.\",\"breadcrumb\":{\"@id\":\"https:\/\/kuken.alfadyser.dev\/producto\/reloj-smart-watch-q9-pro-kuken\/#breadcrumb\"},\"inLanguage\":\"de\",\"potentialAction\":[{\"@type\":\"ReadAction\",\"target\":[\"https:\/\/kuken.alfadyser.dev\/producto\/reloj-smart-watch-q9-pro-kuken\/\"]}]},{\"@type\":\"ImageObject\",\"inLanguage\":\"de\",\"@id\":\"https:\/\/kuken.alfadyser.dev\/producto\/reloj-smart-watch-q9-pro-kuken\/#primaryimage\",\"url\":\"https:\/\/kuken.alfadyser.dev\/wp-content\/uploads\/8425160344696_01.jpg\",\"contentUrl\":\"https:\/\/kuken.alfadyser.dev\/wp-content\/uploads\/8425160344696_01.jpg\",\"width\":2000,\"height\":2000},{\"@type\":\"BreadcrumbList\",\"@id\":\"https:\/\/kuken.alfadyser.dev\/producto\/reloj-smart-watch-q9-pro-kuken\/#breadcrumb\",\"itemListElement\":[{\"@type\":\"ListItem\",\"position\":1,\"name\":\"Portada\",\"item\":\"https:\/\/kuken.alfadyser.dev\/\"},{\"@type\":\"ListItem\",\"position\":2,\"name\":\"Productos\",\"item\":\"https:\/\/kuken.alfadyser.dev\/productos\/\"},{\"@type\":\"ListItem\",\"position\":3,\"name\":\"RELOJ SMART WATCH Q9 PRO K\u00dcKEN\"}]},{\"@type\":\"WebSite\",\"@id\":\"https:\/\/kuken.alfadyser.dev\/#website\",\"url\":\"https:\/\/kuken.alfadyser.dev\/\",\"name\":\"K\u00fcken\",\"description\":\"Amplia gama de peque\u00f1o electrodom\u00e9stico k\u00fcken\",\"publisher\":{\"@id\":\"https:\/\/kuken.alfadyser.dev\/#organization\"},\"potentialAction\":[{\"@type\":\"SearchAction\",\"target\":{\"@type\":\"EntryPoint\",\"urlTemplate\":\"https:\/\/kuken.alfadyser.dev\/?s={search_term_string}\"},\"query-input\":{\"@type\":\"PropertyValueSpecification\",\"valueRequired\":true,\"valueName\":\"search_term_string\"}}],\"inLanguage\":\"de\"},{\"@type\":\"Organization\",\"@id\":\"https:\/\/kuken.alfadyser.dev\/#organization\",\"name\":\"Alfa Dyser\",\"url\":\"https:\/\/kuken.alfadyser.dev\/\",\"logo\":{\"@type\":\"ImageObject\",\"inLanguage\":\"de\",\"@id\":\"https:\/\/kuken.alfadyser.dev\/#\/schema\/logo\/image\/\",\"url\":\"https:\/\/kuken.alfadyser.dev\/wp-content\/uploads\/2019\/04\/kuken-logo.png\",\"contentUrl\":\"https:\/\/kuken.alfadyser.dev\/wp-content\/uploads\/2019\/04\/kuken-logo.png\",\"width\":500,\"height\":191,\"caption\":\"Alfa Dyser\"},\"image\":{\"@id\":\"https:\/\/kuken.alfadyser.dev\/#\/schema\/logo\/image\/\"},\"sameAs\":[\"https:\/\/es-es.facebook.com\/alfadyser\/\",\"https:\/\/www.instagram.com\/kuken_appliances\/\"]}]}<\/script>\n<meta property=\"product:price:currency\" content=\"EUR\" \/>\n<meta property=\"og:availability\" content=\"instock\" \/>\n<meta property=\"product:availability\" content=\"instock\" \/>\n<meta property=\"product:retailer_item_id\" content=\"34469\" \/>\n<meta property=\"product:condition\" content=\"new\" \/>\n<!-- \/ Yoast SEO Premium plugin. -->","yoast_head_json":{"title":"RELOJ SMART WATCH Q9 PRO K\u00dcKEN - K\u00fcken","description":"Reloj inteligente Q9 Pro con funci\u00f3n alarma\/despertador, pod\u00f3metro, presi\u00f3n de sangre, distancia, pulso,etc. Descubre aqu\u00ed todas sus funciones.","robots":{"index":"noindex","follow":"follow","max-snippet":"max-snippet:-1","max-image-preview":"max-image-preview:large","max-video-preview":"max-video-preview:-1"},"og_locale":"de_DE","og_type":"article","og_title":"RELOJ SMART WATCH Q9 PRO K\u00dcKEN","og_description":"Reloj inteligente Q9 Pro con funci\u00f3n alarma\/despertador, pod\u00f3metro, presi\u00f3n de sangre, distancia, pulso,etc. Descubre aqu\u00ed todas sus funciones.","og_url":"https:\/\/kuken.alfadyser.dev\/de\/produkt\/drahtlose-kopfhorer-weis-iphone-kuken-2\/","og_site_name":"K\u00fcken","article_publisher":"https:\/\/es-es.facebook.com\/alfadyser\/","article_modified_time":"2025-07-22T09:03:48+00:00","og_image":[{"width":2000,"height":2000,"url":"https:\/\/kuken.alfadyser.dev\/wp-content\/uploads\/8425160344696_01.jpg","type":"image\/jpeg"}],"twitter_card":"summary_large_image","twitter_misc":{"Preis":"","Verf\u00fcgbarkeit":"Auf Lager"},"schema":{"@context":"https:\/\/schema.org","@graph":[{"@type":"WebPage","@id":"https:\/\/kuken.alfadyser.dev\/producto\/reloj-smart-watch-q9-pro-kuken\/","url":"https:\/\/kuken.alfadyser.dev\/producto\/reloj-smart-watch-q9-pro-kuken\/","name":"RELOJ SMART WATCH Q9 PRO K\u00dcKEN - K\u00fcken","isPartOf":{"@id":"https:\/\/kuken.alfadyser.dev\/#website"},"primaryImageOfPage":{"@id":"https:\/\/kuken.alfadyser.dev\/producto\/reloj-smart-watch-q9-pro-kuken\/#primaryimage"},"image":{"@id":"https:\/\/kuken.alfadyser.dev\/producto\/reloj-smart-watch-q9-pro-kuken\/#primaryimage"},"thumbnailUrl":"https:\/\/kuken.alfadyser.dev\/wp-content\/uploads\/8425160344696_01.jpg","datePublished":"2022-09-09T11:55:19+00:00","dateModified":"2025-07-22T09:03:48+00:00","description":"Reloj inteligente Q9 Pro con funci\u00f3n alarma\/despertador, pod\u00f3metro, presi\u00f3n de sangre, distancia, pulso,etc. Descubre aqu\u00ed todas sus funciones.","breadcrumb":{"@id":"https:\/\/kuken.alfadyser.dev\/producto\/reloj-smart-watch-q9-pro-kuken\/#breadcrumb"},"inLanguage":"de","potentialAction":[{"@type":"ReadAction","target":["https:\/\/kuken.alfadyser.dev\/producto\/reloj-smart-watch-q9-pro-kuken\/"]}]},{"@type":"ImageObject","inLanguage":"de","@id":"https:\/\/kuken.alfadyser.dev\/producto\/reloj-smart-watch-q9-pro-kuken\/#primaryimage","url":"https:\/\/kuken.alfadyser.dev\/wp-content\/uploads\/8425160344696_01.jpg","contentUrl":"https:\/\/kuken.alfadyser.dev\/wp-content\/uploads\/8425160344696_01.jpg","width":2000,"height":2000},{"@type":"BreadcrumbList","@id":"https:\/\/kuken.alfadyser.dev\/producto\/reloj-smart-watch-q9-pro-kuken\/#breadcrumb","itemListElement":[{"@type":"ListItem","position":1,"name":"Portada","item":"https:\/\/kuken.alfadyser.dev\/"},{"@type":"ListItem","position":2,"name":"Productos","item":"https:\/\/kuken.alfadyser.dev\/productos\/"},{"@type":"ListItem","position":3,"name":"RELOJ SMART WATCH Q9 PRO K\u00dcKEN"}]},{"@type":"WebSite","@id":"https:\/\/kuken.alfadyser.dev\/#website","url":"https:\/\/kuken.alfadyser.dev\/","name":"K\u00fcken","description":"Gro\u00dfe Auswahl an k\u00fcken Haushaltskleinger\u00e4ten","publisher":{"@id":"https:\/\/kuken.alfadyser.dev\/#organization"},"potentialAction":[{"@type":"SearchAction","target":{"@type":"EntryPoint","urlTemplate":"https:\/\/kuken.alfadyser.dev\/?s={search_term_string}"},"query-input":{"@type":"PropertyValueSpecification","valueRequired":true,"valueName":"search_term_string"}}],"inLanguage":"de"},{"@type":"Organization","@id":"https:\/\/kuken.alfadyser.dev\/#organization","name":"Alpha Dyser","url":"https:\/\/kuken.alfadyser.dev\/","logo":{"@type":"ImageObject","inLanguage":"de","@id":"https:\/\/kuken.alfadyser.dev\/#\/schema\/logo\/image\/","url":"https:\/\/kuken.alfadyser.dev\/wp-content\/uploads\/2019\/04\/kuken-logo.png","contentUrl":"https:\/\/kuken.alfadyser.dev\/wp-content\/uploads\/2019\/04\/kuken-logo.png","width":500,"height":191,"caption":"Alfa Dyser"},"image":{"@id":"https:\/\/kuken.alfadyser.dev\/#\/schema\/logo\/image\/"},"sameAs":["https:\/\/es-es.facebook.com\/alfadyser\/","https:\/\/www.instagram.com\/kuken_appliances\/"]}]},"product_price_currency":"EUR","og_availability":"instock","product_availability":"instock","product_retailer_item_id":"34469","product_condition":"new"},"_links":{"self":[{"href":"https:\/\/kuken.alfadyser.dev\/de\/wp-json\/wp\/v2\/product\/9288","targetHints":{"allow":["GET"]}}],"collection":[{"href":"https:\/\/kuken.alfadyser.dev\/de\/wp-json\/wp\/v2\/product"}],"about":[{"href":"https:\/\/kuken.alfadyser.dev\/de\/wp-json\/wp\/v2\/types\/product"}],"wp:featuredmedia":[{"embeddable":true,"href":"https:\/\/kuken.alfadyser.dev\/de\/wp-json\/wp\/v2\/media\/9290"}],"wp:attachment":[{"href":"https:\/\/kuken.alfadyser.dev\/de\/wp-json\/wp\/v2\/media?parent=9288"}],"wp:term":[{"taxonomy":"product_brand","embeddable":true,"href":"https:\/\/kuken.alfadyser.dev\/de\/wp-json\/wp\/v2\/product_brand?post=9288"},{"taxonomy":"product_cat","embeddable":true,"href":"https:\/\/kuken.alfadyser.dev\/de\/wp-json\/wp\/v2\/product_cat?post=9288"},{"taxonomy":"product_tag","embeddable":true,"href":"https:\/\/kuken.alfadyser.dev\/de\/wp-json\/wp\/v2\/product_tag?post=9288"}],"curies":[{"name":"wp","href":"https:\/\/api.w.org\/{rel}","templated":true}]}}