{"id":9069,"date":"2022-06-20T09:52:12","date_gmt":"2022-06-20T07:52:12","guid":{"rendered":"https:\/\/kuken.alfadyser.dev\/?post_type=product&#038;p=9069"},"modified":"2025-07-22T11:16:04","modified_gmt":"2025-07-22T09:16:04","slug":"kuken-orange-squeezer-mit-arm-160w-2","status":"publish","type":"product","link":"https:\/\/kuken.alfadyser.dev\/de\/produkt\/kuken-orange-squeezer-mit-arm-160w-2\/","title":{"rendered":"ORANGE ENTSAFTER MIT ARM 650W KUKEN INOX"},"content":{"rendered":"<p>ORANGE ENTSAFTER MIT ARM 650W KUKEN INOX<\/p>\n<ul data-start=\"797\" data-end=\"1593\">\n<li data-start=\"797\" data-end=\"918\">\n<p data-start=\"799\" data-end=\"918\">Filtro de acero inoxidable y dos conos intercambiables, pl\u00e1stico y acero, para c\u00edtricos de todos los tama\u00f1os.<\/p>\n<\/li>\n<li data-start=\"919\" data-end=\"983\">\n<p data-start=\"921\" data-end=\"983\">Palanca de presi\u00f3n, facilita la extracci\u00f3n sin esfuerzo.<\/p>\n<\/li>\n<li data-start=\"984\" data-end=\"1066\">\n<p data-start=\"986\" data-end=\"1066\">Sistema de extracci\u00f3n continua, ideal para preparar varios zumos seguidos.<\/p>\n<\/li>\n<li data-start=\"1067\" data-end=\"1131\">\n<p data-start=\"1069\" data-end=\"1131\">Boquilla anti goteo de acero inoxidable, evita derrames.<\/p>\n<\/li>\n<li data-start=\"1132\" data-end=\"1192\">\n<p data-start=\"1134\" data-end=\"1192\">Piezas desmontables, f\u00e1ciles de limpiar tras su uso.<\/p>\n<\/li>\n<li data-start=\"1193\" data-end=\"1264\">\n<p data-start=\"1195\" data-end=\"1264\">Encendido autom\u00e1tico, activa al presionar el cono con la fruta.<\/p>\n<\/li>\n<li data-start=\"1265\" data-end=\"1351\">\n<p data-start=\"1267\" data-end=\"1351\">Base con patas antideslizantes, otorgan estabilidad durante el funcionamiento.<\/p>\n<\/li>\n<li data-start=\"1352\" data-end=\"1456\">\n<p data-start=\"1354\" data-end=\"1456\">Cuerpo en acero inoxidable combinado con policarbonato en negro y gris, elegante y duradero.<\/p>\n<\/li>\n<li data-start=\"1457\" data-end=\"1525\">\n<p data-start=\"1459\" data-end=\"1525\">Recomendado para quienes buscan preparar zumos frescos a diario.<\/p>\n<\/li>\n<li data-start=\"1526\" data-end=\"1593\">\n<p data-start=\"1528\" data-end=\"1593\">Potente motor de 650 W, ideal para un uso r\u00e1pido y eficiente.<\/p>\n<\/li>\n<\/ul>\n<p><div class=\"accordion\"><div class=\"mfn-acc accordion_wrapper  toggle\"><div class=\"question\"><div class=\"title\"><i class=\"icon-plus acc-icon-plus\" aria-hidden=\"true\"><\/i><i class=\"icon-minus acc-icon-minus\" aria-hidden=\"true\"><\/i>Produktdaten<\/div><div class=\"answer\">EAN: 8425160360184<\/p>\n<p>ORANGE ENTSAFTER MIT ARM 650W KUKEN INOX<\/p>\n<p>Einheiten: 1<br \/>\nFarbe: Schwarz\/Edelstahl<br \/>\nVerpackung: Farbige Schachtel<br \/>\nLeistung: 650 W<br \/>\nSpannung: 230 V<br \/>\nMaterial: Rostfreier Stahl \/ PC<br \/>\nRutschfester Boden: Ja<br \/>\nAbnehmbar: Ja<br \/>\n<\/div><\/div>\n<\/div><\/div>\n<br \/>\n<div class=\"accordion\"><div class=\"mfn-acc accordion_wrapper  toggle\"><div class=\"question\"><div class=\"title\"><i class=\"icon-plus acc-icon-plus\" aria-hidden=\"true\"><\/i><i class=\"icon-minus acc-icon-minus\" aria-hidden=\"true\"><\/i>Zubeh\u00f6r<\/div><div class=\"answer\"><\/div><\/div>\n<\/div><\/div>\n<\/p>\n<div class=\"descargas-producto\"><img loading=\"lazy\" decoding=\"async\" src=\"\/wp-content\/uploads\/2019\/12\/picto-descarrega.png\" alt=\"Datenblatt herunterladen\" width=\"23\" height=\"16\" \/><a href=\"https:\/\/kuken.alfadyser.dev\/wp-content\/uploads\/8425160339012_2_ficha_tecnica.pdf\">Blatt herunterladen<\/a><br \/>\n<a href=\"https:\/\/kuken.alfadyser.dev\/wp-content\/uploads\/36018_instrucciones.pdf\"><img loading=\"lazy\" decoding=\"async\" src=\"\/wp-content\/uploads\/2019\/12\/picto-descarrega.png\" alt=\"Gebrauchsanweisung herunterladen\" width=\"23\" height=\"16\" \/>Handbuch herunterladen<\/a><\/div>\n<div><\/div>\n<div><span style=\"color: #bf2121\">Folgen Sie uns auf den sozialen Medien!<\/span><\/div>\n<div><a href=\"https:\/\/www.instagram.com\/kuken_appliances\/\">https:\/\/www.instagram.com\/kuken_appliances\/<\/a><\/div>\n<p>&nbsp;<\/p>\n<p><iframe loading=\"lazy\" title=\"Exprimidor naranjas kuken 650w con brazo\" width=\"560\" height=\"315\" src=\"https:\/\/www.youtube.com\/embed\/kq3huTGvuY0?feature=oembed\" frameborder=\"0\" allow=\"accelerometer; autoplay; clipboard-write; encrypted-media; gyroscope; picture-in-picture; web-share\" referrerpolicy=\"strict-origin-when-cross-origin\" allowfullscreen><\/iframe><\/p>","protected":false},"excerpt":{"rendered":"<p data-start=\"509\" data-end=\"649\">Dise\u00f1ado para m\u00e1xima eficiencia y comodidad, este exprimidor el\u00e9ctrico con brazo facilita la preparaci\u00f3n de zumos frescos en pocos segundos.<\/p>\n<p data-start=\"651\" data-end=\"729\">","protected":false},"featured_media":9070,"template":"","meta":[],"product_brand":[],"product_cat":[205],"product_tag":[],"class_list":{"0":"post-9069","1":"product","2":"type-product","3":"status-publish","4":"has-post-thumbnail","6":"product_cat-exprimidores","8":"first","9":"instock","10":"product-type-simple"},"yoast_head":"<!-- This site is optimized with the Yoast SEO Premium plugin v24.0 (Yoast SEO v26.5) - https:\/\/yoast.com\/wordpress\/plugins\/seo\/ -->\n<title>EXPRIMIDOR NARANJAS CON BRAZO 650W KUKEN INOX - K\u00fcken<\/title>\n<meta name=\"description\" content=\"Exprimidor de naranjas con brazo 650w k\u00fcken, gracias a su dise\u00f1o con brazo podr\u00e1s preparar tus zumos con el m\u00ednimo esfuerzo. Desc\u00fabrelo aqu\u00ed.\" \/>\n<meta name=\"robots\" content=\"noindex, follow, max-snippet:-1, max-image-preview:large, max-video-preview:-1\" \/>\n<meta property=\"og:locale\" content=\"de_DE\" \/>\n<meta property=\"og:type\" content=\"article\" \/>\n<meta property=\"og:title\" content=\"EXPRIMIDOR NARANJAS CON BRAZO 650W KUKEN INOX\" \/>\n<meta property=\"og:description\" content=\"Exprimidor de naranjas con brazo 650w k\u00fcken, gracias a su dise\u00f1o con brazo podr\u00e1s preparar tus zumos con el m\u00ednimo esfuerzo. Desc\u00fabrelo aqu\u00ed.\" \/>\n<meta property=\"og:url\" content=\"https:\/\/kuken.alfadyser.dev\/de\/produkt\/kuken-orange-squeezer-mit-arm-160w-2\/\" \/>\n<meta property=\"og:site_name\" content=\"K\u00fcken\" \/>\n<meta property=\"article:publisher\" content=\"https:\/\/es-es.facebook.com\/alfadyser\/\" \/>\n<meta property=\"article:modified_time\" content=\"2025-07-22T09:16:04+00:00\" \/>\n<meta property=\"og:image\" content=\"https:\/\/kuken.alfadyser.dev\/wp-content\/uploads\/8425160360184_01.jpg\" \/>\n\t<meta property=\"og:image:width\" content=\"2000\" \/>\n\t<meta property=\"og:image:height\" content=\"2000\" \/>\n\t<meta property=\"og:image:type\" content=\"image\/jpeg\" \/>\n<meta name=\"twitter:card\" content=\"summary_large_image\" \/>\n<meta name=\"twitter:label1\" content=\"Preis\" \/>\n\t<meta name=\"twitter:data1\" content=\"\" \/>\n\t<meta name=\"twitter:label2\" content=\"Verf\u00fcgbarkeit\" \/>\n\t<meta name=\"twitter:data2\" content=\"Auf Lager\" \/>\n<script type=\"application\/ld+json\" class=\"yoast-schema-graph\">{\"@context\":\"https:\/\/schema.org\",\"@graph\":[{\"@type\":\"WebPage\",\"@id\":\"https:\/\/kuken.alfadyser.dev\/producto\/exprimidor-naranjas-con-brazo-kuken-650w\/\",\"url\":\"https:\/\/kuken.alfadyser.dev\/producto\/exprimidor-naranjas-con-brazo-kuken-650w\/\",\"name\":\"EXPRIMIDOR NARANJAS CON BRAZO 650W KUKEN INOX - K\u00fcken\",\"isPartOf\":{\"@id\":\"https:\/\/kuken.alfadyser.dev\/#website\"},\"primaryImageOfPage\":{\"@id\":\"https:\/\/kuken.alfadyser.dev\/producto\/exprimidor-naranjas-con-brazo-kuken-650w\/#primaryimage\"},\"image\":{\"@id\":\"https:\/\/kuken.alfadyser.dev\/producto\/exprimidor-naranjas-con-brazo-kuken-650w\/#primaryimage\"},\"thumbnailUrl\":\"https:\/\/kuken.alfadyser.dev\/wp-content\/uploads\/8425160360184_01.jpg\",\"datePublished\":\"2022-06-20T07:52:12+00:00\",\"dateModified\":\"2025-07-22T09:16:04+00:00\",\"description\":\"Exprimidor de naranjas con brazo 650w k\u00fcken, gracias a su dise\u00f1o con brazo podr\u00e1s preparar tus zumos con el m\u00ednimo esfuerzo. Desc\u00fabrelo aqu\u00ed.\",\"breadcrumb\":{\"@id\":\"https:\/\/kuken.alfadyser.dev\/producto\/exprimidor-naranjas-con-brazo-kuken-650w\/#breadcrumb\"},\"inLanguage\":\"de\",\"potentialAction\":[{\"@type\":\"ReadAction\",\"target\":[\"https:\/\/kuken.alfadyser.dev\/producto\/exprimidor-naranjas-con-brazo-kuken-650w\/\"]}]},{\"@type\":\"ImageObject\",\"inLanguage\":\"de\",\"@id\":\"https:\/\/kuken.alfadyser.dev\/producto\/exprimidor-naranjas-con-brazo-kuken-650w\/#primaryimage\",\"url\":\"https:\/\/kuken.alfadyser.dev\/wp-content\/uploads\/8425160360184_01.jpg\",\"contentUrl\":\"https:\/\/kuken.alfadyser.dev\/wp-content\/uploads\/8425160360184_01.jpg\",\"width\":2000,\"height\":2000},{\"@type\":\"BreadcrumbList\",\"@id\":\"https:\/\/kuken.alfadyser.dev\/producto\/exprimidor-naranjas-con-brazo-kuken-650w\/#breadcrumb\",\"itemListElement\":[{\"@type\":\"ListItem\",\"position\":1,\"name\":\"Portada\",\"item\":\"https:\/\/kuken.alfadyser.dev\/\"},{\"@type\":\"ListItem\",\"position\":2,\"name\":\"Productos\",\"item\":\"https:\/\/kuken.alfadyser.dev\/productos\/\"},{\"@type\":\"ListItem\",\"position\":3,\"name\":\"EXPRIMIDOR NARANJAS CON BRAZO 650W KUKEN INOX\"}]},{\"@type\":\"WebSite\",\"@id\":\"https:\/\/kuken.alfadyser.dev\/#website\",\"url\":\"https:\/\/kuken.alfadyser.dev\/\",\"name\":\"K\u00fcken\",\"description\":\"Amplia gama de peque\u00f1o electrodom\u00e9stico k\u00fcken\",\"publisher\":{\"@id\":\"https:\/\/kuken.alfadyser.dev\/#organization\"},\"potentialAction\":[{\"@type\":\"SearchAction\",\"target\":{\"@type\":\"EntryPoint\",\"urlTemplate\":\"https:\/\/kuken.alfadyser.dev\/?s={search_term_string}\"},\"query-input\":{\"@type\":\"PropertyValueSpecification\",\"valueRequired\":true,\"valueName\":\"search_term_string\"}}],\"inLanguage\":\"de\"},{\"@type\":\"Organization\",\"@id\":\"https:\/\/kuken.alfadyser.dev\/#organization\",\"name\":\"Alfa Dyser\",\"url\":\"https:\/\/kuken.alfadyser.dev\/\",\"logo\":{\"@type\":\"ImageObject\",\"inLanguage\":\"de\",\"@id\":\"https:\/\/kuken.alfadyser.dev\/#\/schema\/logo\/image\/\",\"url\":\"https:\/\/kuken.alfadyser.dev\/wp-content\/uploads\/2019\/04\/kuken-logo.png\",\"contentUrl\":\"https:\/\/kuken.alfadyser.dev\/wp-content\/uploads\/2019\/04\/kuken-logo.png\",\"width\":500,\"height\":191,\"caption\":\"Alfa Dyser\"},\"image\":{\"@id\":\"https:\/\/kuken.alfadyser.dev\/#\/schema\/logo\/image\/\"},\"sameAs\":[\"https:\/\/es-es.facebook.com\/alfadyser\/\",\"https:\/\/www.instagram.com\/kuken_appliances\/\"]}]}<\/script>\n<meta property=\"product:price:currency\" content=\"EUR\" \/>\n<meta property=\"og:availability\" content=\"instock\" \/>\n<meta property=\"product:availability\" content=\"instock\" \/>\n<meta property=\"product:retailer_item_id\" content=\"36018\" \/>\n<meta property=\"product:condition\" content=\"new\" \/>\n<!-- \/ Yoast SEO Premium plugin. -->","yoast_head_json":{"title":"EXPRIMIDOR NARANJAS CON BRAZO 650W KUKEN INOX - K\u00fcken","description":"Exprimidor de naranjas con brazo 650w k\u00fcken, gracias a su dise\u00f1o con brazo podr\u00e1s preparar tus zumos con el m\u00ednimo esfuerzo. Desc\u00fabrelo aqu\u00ed.","robots":{"index":"noindex","follow":"follow","max-snippet":"max-snippet:-1","max-image-preview":"max-image-preview:large","max-video-preview":"max-video-preview:-1"},"og_locale":"de_DE","og_type":"article","og_title":"EXPRIMIDOR NARANJAS CON BRAZO 650W KUKEN INOX","og_description":"Exprimidor de naranjas con brazo 650w k\u00fcken, gracias a su dise\u00f1o con brazo podr\u00e1s preparar tus zumos con el m\u00ednimo esfuerzo. Desc\u00fabrelo aqu\u00ed.","og_url":"https:\/\/kuken.alfadyser.dev\/de\/produkt\/kuken-orange-squeezer-mit-arm-160w-2\/","og_site_name":"K\u00fcken","article_publisher":"https:\/\/es-es.facebook.com\/alfadyser\/","article_modified_time":"2025-07-22T09:16:04+00:00","og_image":[{"width":2000,"height":2000,"url":"https:\/\/kuken.alfadyser.dev\/wp-content\/uploads\/8425160360184_01.jpg","type":"image\/jpeg"}],"twitter_card":"summary_large_image","twitter_misc":{"Preis":"","Verf\u00fcgbarkeit":"Auf Lager"},"schema":{"@context":"https:\/\/schema.org","@graph":[{"@type":"WebPage","@id":"https:\/\/kuken.alfadyser.dev\/producto\/exprimidor-naranjas-con-brazo-kuken-650w\/","url":"https:\/\/kuken.alfadyser.dev\/producto\/exprimidor-naranjas-con-brazo-kuken-650w\/","name":"EXPRIMIDOR NARANJAS CON BRAZO 650W KUKEN INOX - K\u00fcken","isPartOf":{"@id":"https:\/\/kuken.alfadyser.dev\/#website"},"primaryImageOfPage":{"@id":"https:\/\/kuken.alfadyser.dev\/producto\/exprimidor-naranjas-con-brazo-kuken-650w\/#primaryimage"},"image":{"@id":"https:\/\/kuken.alfadyser.dev\/producto\/exprimidor-naranjas-con-brazo-kuken-650w\/#primaryimage"},"thumbnailUrl":"https:\/\/kuken.alfadyser.dev\/wp-content\/uploads\/8425160360184_01.jpg","datePublished":"2022-06-20T07:52:12+00:00","dateModified":"2025-07-22T09:16:04+00:00","description":"Exprimidor de naranjas con brazo 650w k\u00fcken, gracias a su dise\u00f1o con brazo podr\u00e1s preparar tus zumos con el m\u00ednimo esfuerzo. Desc\u00fabrelo aqu\u00ed.","breadcrumb":{"@id":"https:\/\/kuken.alfadyser.dev\/producto\/exprimidor-naranjas-con-brazo-kuken-650w\/#breadcrumb"},"inLanguage":"de","potentialAction":[{"@type":"ReadAction","target":["https:\/\/kuken.alfadyser.dev\/producto\/exprimidor-naranjas-con-brazo-kuken-650w\/"]}]},{"@type":"ImageObject","inLanguage":"de","@id":"https:\/\/kuken.alfadyser.dev\/producto\/exprimidor-naranjas-con-brazo-kuken-650w\/#primaryimage","url":"https:\/\/kuken.alfadyser.dev\/wp-content\/uploads\/8425160360184_01.jpg","contentUrl":"https:\/\/kuken.alfadyser.dev\/wp-content\/uploads\/8425160360184_01.jpg","width":2000,"height":2000},{"@type":"BreadcrumbList","@id":"https:\/\/kuken.alfadyser.dev\/producto\/exprimidor-naranjas-con-brazo-kuken-650w\/#breadcrumb","itemListElement":[{"@type":"ListItem","position":1,"name":"Portada","item":"https:\/\/kuken.alfadyser.dev\/"},{"@type":"ListItem","position":2,"name":"Productos","item":"https:\/\/kuken.alfadyser.dev\/productos\/"},{"@type":"ListItem","position":3,"name":"EXPRIMIDOR NARANJAS CON BRAZO 650W KUKEN INOX"}]},{"@type":"WebSite","@id":"https:\/\/kuken.alfadyser.dev\/#website","url":"https:\/\/kuken.alfadyser.dev\/","name":"K\u00fcken","description":"Gro\u00dfe Auswahl an k\u00fcken Haushaltskleinger\u00e4ten","publisher":{"@id":"https:\/\/kuken.alfadyser.dev\/#organization"},"potentialAction":[{"@type":"SearchAction","target":{"@type":"EntryPoint","urlTemplate":"https:\/\/kuken.alfadyser.dev\/?s={search_term_string}"},"query-input":{"@type":"PropertyValueSpecification","valueRequired":true,"valueName":"search_term_string"}}],"inLanguage":"de"},{"@type":"Organization","@id":"https:\/\/kuken.alfadyser.dev\/#organization","name":"Alpha Dyser","url":"https:\/\/kuken.alfadyser.dev\/","logo":{"@type":"ImageObject","inLanguage":"de","@id":"https:\/\/kuken.alfadyser.dev\/#\/schema\/logo\/image\/","url":"https:\/\/kuken.alfadyser.dev\/wp-content\/uploads\/2019\/04\/kuken-logo.png","contentUrl":"https:\/\/kuken.alfadyser.dev\/wp-content\/uploads\/2019\/04\/kuken-logo.png","width":500,"height":191,"caption":"Alfa Dyser"},"image":{"@id":"https:\/\/kuken.alfadyser.dev\/#\/schema\/logo\/image\/"},"sameAs":["https:\/\/es-es.facebook.com\/alfadyser\/","https:\/\/www.instagram.com\/kuken_appliances\/"]}]},"product_price_currency":"EUR","og_availability":"instock","product_availability":"instock","product_retailer_item_id":"36018","product_condition":"new"},"_links":{"self":[{"href":"https:\/\/kuken.alfadyser.dev\/de\/wp-json\/wp\/v2\/product\/9069","targetHints":{"allow":["GET"]}}],"collection":[{"href":"https:\/\/kuken.alfadyser.dev\/de\/wp-json\/wp\/v2\/product"}],"about":[{"href":"https:\/\/kuken.alfadyser.dev\/de\/wp-json\/wp\/v2\/types\/product"}],"wp:featuredmedia":[{"embeddable":true,"href":"https:\/\/kuken.alfadyser.dev\/de\/wp-json\/wp\/v2\/media\/9070"}],"wp:attachment":[{"href":"https:\/\/kuken.alfadyser.dev\/de\/wp-json\/wp\/v2\/media?parent=9069"}],"wp:term":[{"taxonomy":"product_brand","embeddable":true,"href":"https:\/\/kuken.alfadyser.dev\/de\/wp-json\/wp\/v2\/product_brand?post=9069"},{"taxonomy":"product_cat","embeddable":true,"href":"https:\/\/kuken.alfadyser.dev\/de\/wp-json\/wp\/v2\/product_cat?post=9069"},{"taxonomy":"product_tag","embeddable":true,"href":"https:\/\/kuken.alfadyser.dev\/de\/wp-json\/wp\/v2\/product_tag?post=9069"}],"curies":[{"name":"wp","href":"https:\/\/api.w.org\/{rel}","templated":true}]}}