{"id":9049,"date":"2022-06-20T09:22:46","date_gmt":"2022-06-20T07:22:46","guid":{"rendered":"https:\/\/kuken.alfadyser.dev\/?post_type=product&#038;p=9049"},"modified":"2025-07-22T11:17:18","modified_gmt":"2025-07-22T09:17:18","slug":"elektro-schleifmaschine-200w-vaso-kristall-rot-kuken-2","status":"publish","type":"product","link":"https:\/\/kuken.alfadyser.dev\/de\/produkt\/elektro-schleifmaschine-200w-vaso-kristall-rot-kuken-2\/","title":{"rendered":"FLEISCHWOLF 500W GLASBECHER 2L."},"content":{"rendered":"<p>FLEISCHWOLF 500W GLASBECHER 2L.<\/p>\n<ul>\n<li data-start=\"826\" data-end=\"910\">\n<p data-start=\"828\" data-end=\"910\">Motor de 500 W, ideal para picar, triturar y procesar diversos ingredientes.<\/p>\n<\/li>\n<li data-start=\"911\" data-end=\"1000\">\n<p data-start=\"913\" data-end=\"1000\">Vaso de cristal endurecido con capacidad de 2 litros, resistente y espacioso.<\/p>\n<\/li>\n<li data-start=\"1001\" data-end=\"1068\">\n<p data-start=\"1003\" data-end=\"1068\">Cuerpo con acabado en acero inoxidable, robusto y elegante.<\/p>\n<\/li>\n<li data-start=\"1069\" data-end=\"1137\">\n<p data-start=\"1071\" data-end=\"1137\">Pulsador superior, de f\u00e1cil acceso para controlar el picado.<\/p>\n<\/li>\n<li data-start=\"1138\" data-end=\"1213\">\n<p data-start=\"1140\" data-end=\"1213\">2 niveles de potencia + funci\u00f3n pulse, sistema intuitivo 1,2,3.<\/p>\n<\/li>\n<li data-start=\"1214\" data-end=\"1286\">\n<p data-start=\"1216\" data-end=\"1286\">Doble cuchilla de acero inoxidable, eficaz para cortes precisos.<\/p>\n<\/li>\n<li data-start=\"1287\" data-end=\"1359\">\n<p data-start=\"1289\" data-end=\"1359\">Piezas desmontables, pensadas para una limpieza r\u00e1pida y c\u00f3moda.<\/p>\n<\/li>\n<li data-start=\"1360\" data-end=\"1415\">\n<p data-start=\"1362\" data-end=\"1415\">Dise\u00f1ada para un uso dom\u00e9stico intensivo en cocina.<\/p>\n<\/li>\n<li data-start=\"1416\" data-end=\"1483\">\n<p data-start=\"1418\" data-end=\"1483\">Ideal para preparar salsas, picar verduras, frutos secos y m\u00e1s.<\/p>\n<\/li>\n<li data-start=\"1484\" data-end=\"1539\">\n<p data-start=\"1486\" data-end=\"1539\">Compacta y estable, perfecta para cualquier encimera.<\/p>\n<\/li>\n<\/ul>\n<p><div class=\"accordion\"><div class=\"mfn-acc accordion_wrapper  toggle\"><div class=\"question\"><div class=\"title\"><i class=\"icon-plus acc-icon-plus\" aria-hidden=\"true\"><\/i><i class=\"icon-minus acc-icon-minus\" aria-hidden=\"true\"><\/i>Produktdaten<\/div><div class=\"answer\">EAN 8425160360108<\/p>\n<p>FLEISCHWOLF 500W GLASBECHER 2L.<\/p>\n<p>Packeinheit 1<br \/>\nColor\u00a0Inox \/ Cristal<br \/>\nVerpackung Box Farbe<br \/>\nLeistung 500 W<br \/>\nSpannung 230 V<br \/>\nFassungsverm\u00f6gen 2 Liter.<br \/>\nGr\u00f6\u00dfe Klein<br \/>\nMaterial Kunststoff \/ Glas<br \/>\nGeschwindigkeit 2<br \/>\nAbnehmbar Ja<br \/>\n<\/div><\/div>\n<\/div><\/div>\n<br \/>\n<div class=\"accordion\"><div class=\"mfn-acc accordion_wrapper  toggle\"><div class=\"question\"><div class=\"title\"><i class=\"icon-plus acc-icon-plus\" aria-hidden=\"true\"><\/i><i class=\"icon-minus acc-icon-minus\" aria-hidden=\"true\"><\/i>Zubeh\u00f6r<\/div><div class=\"answer\"><\/div><\/div>\n<\/div><\/div>\n<\/p>\n<div class=\"descargas-producto\"><a href=\"\/wp-content\/uploads\/pdf\/8425160336172_ficha_tecnica.pdf\" target=\"_blank\" rel=\"noopener noreferrer\"><br \/>\n<img loading=\"lazy\" decoding=\"async\" src=\"\/wp-content\/uploads\/2019\/12\/picto-descarrega.png\" alt=\"Datenblatt herunterladen\" width=\"23\" height=\"16\" \/>Blatt herunterladen<\/a><br \/>\n<a href=\"\/wp-content\/uploads\/pdf\/33617.pdf\"><img loading=\"lazy\" decoding=\"async\" src=\"\/wp-content\/uploads\/2019\/12\/picto-descarrega.png\" alt=\"Gebrauchsanweisung herunterladen\" width=\"23\" height=\"16\" \/>Handbuch herunterladen<\/a><\/div>\n<div><\/div>\n<div><span style=\"color: #bf2121\">Folgen Sie uns auf den sozialen Medien!<\/span><\/div>\n<div><a href=\"https:\/\/www.instagram.com\/kuken_appliances\/\">https:\/\/www.instagram.com\/kuken_appliances\/<\/a><\/div>\n<p><iframe loading=\"lazy\" title=\"Picadora k\u00fcken\" width=\"560\" height=\"315\" src=\"https:\/\/www.youtube.com\/embed\/hT8bM5gJZ90?feature=oembed\" frameborder=\"0\" allow=\"accelerometer; autoplay; clipboard-write; encrypted-media; gyroscope; picture-in-picture; web-share\" referrerpolicy=\"strict-origin-when-cross-origin\" allowfullscreen><\/iframe><\/p>","protected":false},"excerpt":{"rendered":"<p data-start=\"526\" data-end=\"679\">Vers\u00e1til, resistente y f\u00e1cil de usar, esta picadora permite procesar todo tipo de ingredientes gracias a su potencia, vaso de cristal y cuchillas dobles.<\/p>\n<p data-start=\"681\" data-end=\"758\">","protected":false},"featured_media":9050,"template":"","meta":[],"product_brand":[],"product_cat":[201],"product_tag":[],"class_list":{"0":"post-9049","1":"product","2":"type-product","3":"status-publish","4":"has-post-thumbnail","6":"product_cat-picadoras","8":"first","9":"instock","10":"product-type-simple"},"yoast_head":"<!-- This site is optimized with the Yoast SEO Premium plugin v24.0 (Yoast SEO v26.5) - https:\/\/yoast.com\/wordpress\/plugins\/seo\/ -->\n<title>PICADORA 500W VASO CRISTAL 2L. - K\u00fcken<\/title>\n<meta name=\"description\" content=\"Picadora 500w vaso cristal 2l, potente y pr\u00e1ctica. Cuchillas dobles, funci\u00f3n pulse y cuerpo desmontable para una experiencia eficiente y segura.\" \/>\n<meta name=\"robots\" content=\"noindex, follow, max-snippet:-1, max-image-preview:large, max-video-preview:-1\" \/>\n<meta property=\"og:locale\" content=\"de_DE\" \/>\n<meta property=\"og:type\" content=\"article\" \/>\n<meta property=\"og:title\" content=\"PICADORA 500W VASO CRISTAL 2L.\" \/>\n<meta property=\"og:description\" content=\"Picadora 500w vaso cristal 2l, potente y pr\u00e1ctica. Cuchillas dobles, funci\u00f3n pulse y cuerpo desmontable para una experiencia eficiente y segura.\" \/>\n<meta property=\"og:url\" content=\"https:\/\/kuken.alfadyser.dev\/de\/produkt\/elektro-schleifmaschine-200w-vaso-kristall-rot-kuken-2\/\" \/>\n<meta property=\"og:site_name\" content=\"K\u00fcken\" \/>\n<meta property=\"article:publisher\" content=\"https:\/\/es-es.facebook.com\/alfadyser\/\" \/>\n<meta property=\"article:modified_time\" content=\"2025-07-22T09:17:18+00:00\" \/>\n<meta property=\"og:image\" content=\"https:\/\/kuken.alfadyser.dev\/wp-content\/uploads\/8425160360108_01.jpg\" \/>\n\t<meta property=\"og:image:width\" content=\"2000\" \/>\n\t<meta property=\"og:image:height\" content=\"2000\" \/>\n\t<meta property=\"og:image:type\" content=\"image\/jpeg\" \/>\n<meta name=\"twitter:card\" content=\"summary_large_image\" \/>\n<meta name=\"twitter:label1\" content=\"Preis\" \/>\n\t<meta name=\"twitter:data1\" content=\"\" \/>\n\t<meta name=\"twitter:label2\" content=\"Verf\u00fcgbarkeit\" \/>\n\t<meta name=\"twitter:data2\" content=\"Auf Lager\" \/>\n<script type=\"application\/ld+json\" class=\"yoast-schema-graph\">{\"@context\":\"https:\/\/schema.org\",\"@graph\":[{\"@type\":\"WebPage\",\"@id\":\"https:\/\/kuken.alfadyser.dev\/producto\/picadora-electrica-500w-vaso-cristal-kuken\/\",\"url\":\"https:\/\/kuken.alfadyser.dev\/producto\/picadora-electrica-500w-vaso-cristal-kuken\/\",\"name\":\"PICADORA 500W VASO CRISTAL 2L. - K\u00fcken\",\"isPartOf\":{\"@id\":\"https:\/\/kuken.alfadyser.dev\/#website\"},\"primaryImageOfPage\":{\"@id\":\"https:\/\/kuken.alfadyser.dev\/producto\/picadora-electrica-500w-vaso-cristal-kuken\/#primaryimage\"},\"image\":{\"@id\":\"https:\/\/kuken.alfadyser.dev\/producto\/picadora-electrica-500w-vaso-cristal-kuken\/#primaryimage\"},\"thumbnailUrl\":\"https:\/\/kuken.alfadyser.dev\/wp-content\/uploads\/8425160360108_01.jpg\",\"datePublished\":\"2022-06-20T07:22:46+00:00\",\"dateModified\":\"2025-07-22T09:17:18+00:00\",\"description\":\"Picadora 500w vaso cristal 2l, potente y pr\u00e1ctica. Cuchillas dobles, funci\u00f3n pulse y cuerpo desmontable para una experiencia eficiente y segura.\",\"breadcrumb\":{\"@id\":\"https:\/\/kuken.alfadyser.dev\/producto\/picadora-electrica-500w-vaso-cristal-kuken\/#breadcrumb\"},\"inLanguage\":\"de\",\"potentialAction\":[{\"@type\":\"ReadAction\",\"target\":[\"https:\/\/kuken.alfadyser.dev\/producto\/picadora-electrica-500w-vaso-cristal-kuken\/\"]}]},{\"@type\":\"ImageObject\",\"inLanguage\":\"de\",\"@id\":\"https:\/\/kuken.alfadyser.dev\/producto\/picadora-electrica-500w-vaso-cristal-kuken\/#primaryimage\",\"url\":\"https:\/\/kuken.alfadyser.dev\/wp-content\/uploads\/8425160360108_01.jpg\",\"contentUrl\":\"https:\/\/kuken.alfadyser.dev\/wp-content\/uploads\/8425160360108_01.jpg\",\"width\":2000,\"height\":2000},{\"@type\":\"BreadcrumbList\",\"@id\":\"https:\/\/kuken.alfadyser.dev\/producto\/picadora-electrica-500w-vaso-cristal-kuken\/#breadcrumb\",\"itemListElement\":[{\"@type\":\"ListItem\",\"position\":1,\"name\":\"Portada\",\"item\":\"https:\/\/kuken.alfadyser.dev\/\"},{\"@type\":\"ListItem\",\"position\":2,\"name\":\"Productos\",\"item\":\"https:\/\/kuken.alfadyser.dev\/productos\/\"},{\"@type\":\"ListItem\",\"position\":3,\"name\":\"PICADORA 500W VASO CRISTAL 2L.\"}]},{\"@type\":\"WebSite\",\"@id\":\"https:\/\/kuken.alfadyser.dev\/#website\",\"url\":\"https:\/\/kuken.alfadyser.dev\/\",\"name\":\"K\u00fcken\",\"description\":\"Amplia gama de peque\u00f1o electrodom\u00e9stico k\u00fcken\",\"publisher\":{\"@id\":\"https:\/\/kuken.alfadyser.dev\/#organization\"},\"potentialAction\":[{\"@type\":\"SearchAction\",\"target\":{\"@type\":\"EntryPoint\",\"urlTemplate\":\"https:\/\/kuken.alfadyser.dev\/?s={search_term_string}\"},\"query-input\":{\"@type\":\"PropertyValueSpecification\",\"valueRequired\":true,\"valueName\":\"search_term_string\"}}],\"inLanguage\":\"de\"},{\"@type\":\"Organization\",\"@id\":\"https:\/\/kuken.alfadyser.dev\/#organization\",\"name\":\"Alfa Dyser\",\"url\":\"https:\/\/kuken.alfadyser.dev\/\",\"logo\":{\"@type\":\"ImageObject\",\"inLanguage\":\"de\",\"@id\":\"https:\/\/kuken.alfadyser.dev\/#\/schema\/logo\/image\/\",\"url\":\"https:\/\/kuken.alfadyser.dev\/wp-content\/uploads\/2019\/04\/kuken-logo.png\",\"contentUrl\":\"https:\/\/kuken.alfadyser.dev\/wp-content\/uploads\/2019\/04\/kuken-logo.png\",\"width\":500,\"height\":191,\"caption\":\"Alfa Dyser\"},\"image\":{\"@id\":\"https:\/\/kuken.alfadyser.dev\/#\/schema\/logo\/image\/\"},\"sameAs\":[\"https:\/\/es-es.facebook.com\/alfadyser\/\",\"https:\/\/www.instagram.com\/kuken_appliances\/\"]}]}<\/script>\n<meta property=\"product:price:currency\" content=\"EUR\" \/>\n<meta property=\"og:availability\" content=\"instock\" \/>\n<meta property=\"product:availability\" content=\"instock\" \/>\n<meta property=\"product:retailer_item_id\" content=\"36010\" \/>\n<meta property=\"product:condition\" content=\"new\" \/>\n<!-- \/ Yoast SEO Premium plugin. -->","yoast_head_json":{"title":"PICADORA 500W VASO CRISTAL 2L. - K\u00fcken","description":"Picadora 500w vaso cristal 2l, potente y pr\u00e1ctica. Cuchillas dobles, funci\u00f3n pulse y cuerpo desmontable para una experiencia eficiente y segura.","robots":{"index":"noindex","follow":"follow","max-snippet":"max-snippet:-1","max-image-preview":"max-image-preview:large","max-video-preview":"max-video-preview:-1"},"og_locale":"de_DE","og_type":"article","og_title":"PICADORA 500W VASO CRISTAL 2L.","og_description":"Picadora 500w vaso cristal 2l, potente y pr\u00e1ctica. Cuchillas dobles, funci\u00f3n pulse y cuerpo desmontable para una experiencia eficiente y segura.","og_url":"https:\/\/kuken.alfadyser.dev\/de\/produkt\/elektro-schleifmaschine-200w-vaso-kristall-rot-kuken-2\/","og_site_name":"K\u00fcken","article_publisher":"https:\/\/es-es.facebook.com\/alfadyser\/","article_modified_time":"2025-07-22T09:17:18+00:00","og_image":[{"width":2000,"height":2000,"url":"https:\/\/kuken.alfadyser.dev\/wp-content\/uploads\/8425160360108_01.jpg","type":"image\/jpeg"}],"twitter_card":"summary_large_image","twitter_misc":{"Preis":"","Verf\u00fcgbarkeit":"Auf Lager"},"schema":{"@context":"https:\/\/schema.org","@graph":[{"@type":"WebPage","@id":"https:\/\/kuken.alfadyser.dev\/producto\/picadora-electrica-500w-vaso-cristal-kuken\/","url":"https:\/\/kuken.alfadyser.dev\/producto\/picadora-electrica-500w-vaso-cristal-kuken\/","name":"PICADORA 500W VASO CRISTAL 2L. - K\u00fcken","isPartOf":{"@id":"https:\/\/kuken.alfadyser.dev\/#website"},"primaryImageOfPage":{"@id":"https:\/\/kuken.alfadyser.dev\/producto\/picadora-electrica-500w-vaso-cristal-kuken\/#primaryimage"},"image":{"@id":"https:\/\/kuken.alfadyser.dev\/producto\/picadora-electrica-500w-vaso-cristal-kuken\/#primaryimage"},"thumbnailUrl":"https:\/\/kuken.alfadyser.dev\/wp-content\/uploads\/8425160360108_01.jpg","datePublished":"2022-06-20T07:22:46+00:00","dateModified":"2025-07-22T09:17:18+00:00","description":"Picadora 500w vaso cristal 2l, potente y pr\u00e1ctica. Cuchillas dobles, funci\u00f3n pulse y cuerpo desmontable para una experiencia eficiente y segura.","breadcrumb":{"@id":"https:\/\/kuken.alfadyser.dev\/producto\/picadora-electrica-500w-vaso-cristal-kuken\/#breadcrumb"},"inLanguage":"de","potentialAction":[{"@type":"ReadAction","target":["https:\/\/kuken.alfadyser.dev\/producto\/picadora-electrica-500w-vaso-cristal-kuken\/"]}]},{"@type":"ImageObject","inLanguage":"de","@id":"https:\/\/kuken.alfadyser.dev\/producto\/picadora-electrica-500w-vaso-cristal-kuken\/#primaryimage","url":"https:\/\/kuken.alfadyser.dev\/wp-content\/uploads\/8425160360108_01.jpg","contentUrl":"https:\/\/kuken.alfadyser.dev\/wp-content\/uploads\/8425160360108_01.jpg","width":2000,"height":2000},{"@type":"BreadcrumbList","@id":"https:\/\/kuken.alfadyser.dev\/producto\/picadora-electrica-500w-vaso-cristal-kuken\/#breadcrumb","itemListElement":[{"@type":"ListItem","position":1,"name":"Portada","item":"https:\/\/kuken.alfadyser.dev\/"},{"@type":"ListItem","position":2,"name":"Productos","item":"https:\/\/kuken.alfadyser.dev\/productos\/"},{"@type":"ListItem","position":3,"name":"PICADORA 500W VASO CRISTAL 2L."}]},{"@type":"WebSite","@id":"https:\/\/kuken.alfadyser.dev\/#website","url":"https:\/\/kuken.alfadyser.dev\/","name":"K\u00fcken","description":"Gro\u00dfe Auswahl an k\u00fcken Haushaltskleinger\u00e4ten","publisher":{"@id":"https:\/\/kuken.alfadyser.dev\/#organization"},"potentialAction":[{"@type":"SearchAction","target":{"@type":"EntryPoint","urlTemplate":"https:\/\/kuken.alfadyser.dev\/?s={search_term_string}"},"query-input":{"@type":"PropertyValueSpecification","valueRequired":true,"valueName":"search_term_string"}}],"inLanguage":"de"},{"@type":"Organization","@id":"https:\/\/kuken.alfadyser.dev\/#organization","name":"Alpha Dyser","url":"https:\/\/kuken.alfadyser.dev\/","logo":{"@type":"ImageObject","inLanguage":"de","@id":"https:\/\/kuken.alfadyser.dev\/#\/schema\/logo\/image\/","url":"https:\/\/kuken.alfadyser.dev\/wp-content\/uploads\/2019\/04\/kuken-logo.png","contentUrl":"https:\/\/kuken.alfadyser.dev\/wp-content\/uploads\/2019\/04\/kuken-logo.png","width":500,"height":191,"caption":"Alfa Dyser"},"image":{"@id":"https:\/\/kuken.alfadyser.dev\/#\/schema\/logo\/image\/"},"sameAs":["https:\/\/es-es.facebook.com\/alfadyser\/","https:\/\/www.instagram.com\/kuken_appliances\/"]}]},"product_price_currency":"EUR","og_availability":"instock","product_availability":"instock","product_retailer_item_id":"36010","product_condition":"new"},"_links":{"self":[{"href":"https:\/\/kuken.alfadyser.dev\/de\/wp-json\/wp\/v2\/product\/9049","targetHints":{"allow":["GET"]}}],"collection":[{"href":"https:\/\/kuken.alfadyser.dev\/de\/wp-json\/wp\/v2\/product"}],"about":[{"href":"https:\/\/kuken.alfadyser.dev\/de\/wp-json\/wp\/v2\/types\/product"}],"wp:featuredmedia":[{"embeddable":true,"href":"https:\/\/kuken.alfadyser.dev\/de\/wp-json\/wp\/v2\/media\/9050"}],"wp:attachment":[{"href":"https:\/\/kuken.alfadyser.dev\/de\/wp-json\/wp\/v2\/media?parent=9049"}],"wp:term":[{"taxonomy":"product_brand","embeddable":true,"href":"https:\/\/kuken.alfadyser.dev\/de\/wp-json\/wp\/v2\/product_brand?post=9049"},{"taxonomy":"product_cat","embeddable":true,"href":"https:\/\/kuken.alfadyser.dev\/de\/wp-json\/wp\/v2\/product_cat?post=9049"},{"taxonomy":"product_tag","embeddable":true,"href":"https:\/\/kuken.alfadyser.dev\/de\/wp-json\/wp\/v2\/product_tag?post=9049"}],"curies":[{"name":"wp","href":"https:\/\/api.w.org\/{rel}","templated":true}]}}