{"id":7520,"date":"2021-07-21T07:57:13","date_gmt":"2021-07-21T05:57:13","guid":{"rendered":"https:\/\/kuken.alfadyser.dev\/?post_type=product&#038;p=7520"},"modified":"2025-07-22T11:43:40","modified_gmt":"2025-07-22T09:43:40","slug":"elektrisch-wiederaufladbare-elektrische-zahnburste-kuken","status":"publish","type":"product","link":"https:\/\/kuken.alfadyser.dev\/de\/produkt\/elektrisch-wiederaufladbare-elektrische-zahnburste-kuken\/","title":{"rendered":"K\u00dcKEN WIEDERAUFLADBARE ELEKTRISCHE ZAHNB\u00dcRSTE"},"content":{"rendered":"<p>K\u00dcKEN WIEDERAUFLADBARE ELEKTRISCHE ZAHNB\u00dcRSTE<\/p>\n<ul data-start=\"838\" data-end=\"1627\">\n<li data-start=\"838\" data-end=\"929\">\n<p data-start=\"840\" data-end=\"929\">Cepillo el\u00e9ctrico recargable K\u00fcken, en blanco y azul oc\u00e9ano, de dise\u00f1o minimalista.<\/p>\n<\/li>\n<li data-start=\"930\" data-end=\"978\">\n<p data-start=\"932\" data-end=\"978\">Base USB de carga, pr\u00e1ctica y universal.<\/p>\n<\/li>\n<li data-start=\"979\" data-end=\"1042\">\n<p data-start=\"981\" data-end=\"1042\">Compatibilidad total con cabezales Oral B, y viceversa.<\/p>\n<\/li>\n<li data-start=\"1043\" data-end=\"1138\">\n<p data-start=\"1045\" data-end=\"1138\">Alarma por vibraci\u00f3n cada 30 segundos, gu\u00eda el cepillado por zonas hasta los 2 minutos.<\/p>\n<\/li>\n<li data-start=\"1139\" data-end=\"1210\">\n<p data-start=\"1141\" data-end=\"1210\">Funci\u00f3n blanqueante, limpia profundamente sin da\u00f1ar las enc\u00edas.<\/p>\n<\/li>\n<li data-start=\"1211\" data-end=\"1283\">\n<p data-start=\"1213\" data-end=\"1283\">Incluye 2 cabezales DEEP CLEAN con cerdas de nylon 6 Dupont.<\/p>\n<\/li>\n<li data-start=\"1284\" data-end=\"1367\">\n<p data-start=\"1286\" data-end=\"1367\">Cabezales intercambiables con distintos dise\u00f1os, se adaptan a cada usuario.<\/p>\n<\/li>\n<li data-start=\"1368\" data-end=\"1447\">\n<p data-start=\"1370\" data-end=\"1447\">Elimina m\u00e1s placa que un cepillo manual, garantizando higiene completa.<\/p>\n<\/li>\n<li data-start=\"1448\" data-end=\"1508\">\n<p data-start=\"1450\" data-end=\"1508\">Capa impermeable, permite un secado r\u00e1pido y seguro.<\/p>\n<\/li>\n<li data-start=\"1509\" data-end=\"1583\">\n<p data-start=\"1511\" data-end=\"1583\">Ideal para quienes buscan una limpieza diaria profesional en casa.<\/p>\n<\/li>\n<li data-start=\"1584\" data-end=\"1627\">\n<p data-start=\"1586\" data-end=\"1627\">Leicht, effizient und einfach zu transportieren.<\/p>\n<\/li>\n<\/ul>\n<p><div class=\"accordion\"><div class=\"mfn-acc accordion_wrapper  toggle\"><div class=\"question\"><div class=\"title\"><i class=\"icon-plus acc-icon-plus\" aria-hidden=\"true\"><\/i><i class=\"icon-minus acc-icon-minus\" aria-hidden=\"true\"><\/i>Produktdaten<\/div><div class=\"answer\">EAN 8425160341442<\/p>\n<p>K\u00dcKEN WIEDERAUFLADBARE ELEKTRISCHE ZAHNB\u00dcRSTE<\/p>\n<p>Packeinheit 1<br \/>\nWei\u00df und Ozeanblau.<br \/>\nVerpackung Farbe Box<br \/>\nLeistung 2 W<br \/>\nSpannung 5V \/ 1A<br \/>\nGr\u00f6\u00dfe 223mm X 27mm<br \/>\nWerkstoff ABS, TPE, PP<br \/>\n<\/div><\/div>\n<\/div><\/div>\n<br \/>\n<div class=\"accordion\"><div class=\"mfn-acc accordion_wrapper  toggle\"><div class=\"question\"><div class=\"title\"><i class=\"icon-plus acc-icon-plus\" aria-hidden=\"true\"><\/i><i class=\"icon-minus acc-icon-minus\" aria-hidden=\"true\"><\/i>Zubeh\u00f6r<\/div><div class=\"answer\"><\/div><\/div>\n<\/div><\/div>\n<\/p>\n<div class=\"descargas-producto\"><a href=\"\/wp-content\/uploads\/pdf\/8425160338466_ficha_tecnica.pdf\" target=\"_blank\" rel=\"noopener noreferrer\"><br \/>\n<\/a><a href=\"https:\/\/kuken.alfadyser.dev\/wp-content\/uploads\/pdf\/8425160341442_ficha_tecnica_02.pdf\"><img loading=\"lazy\" decoding=\"async\" src=\"\/wp-content\/uploads\/2019\/12\/picto-descarrega.png\" alt=\"Datenblatt herunterladen\" width=\"23\" height=\"16\" \/>Blatt herunterladen<\/a><br \/>\n<img loading=\"lazy\" decoding=\"async\" src=\"\/wp-content\/uploads\/2019\/12\/picto-descarrega.png\" alt=\"Gebrauchsanweisung herunterladen\" width=\"23\" height=\"16\" \/><a href=\"https:\/\/kuken.alfadyser.dev\/wp-content\/uploads\/34144_manual.pdf\">Handbuch herunterladen<\/a><\/div>\n<div><\/div>\n<div><span style=\"color: #bf2121\">Folgen Sie uns auf den sozialen Medien!<\/span><\/div>\n<div><a href=\"https:\/\/www.instagram.com\/kuken_appliances\/\">https:\/\/www.instagram.com\/kuken_appliances\/<\/a><\/div>","protected":false},"excerpt":{"rendered":"<p data-start=\"526\" data-end=\"673\">Mit intelligenter Technologie und kompatiblen B\u00fcrstenk\u00f6pfen sorgt diese elektrische Zahnb\u00fcrste f\u00fcr t\u00e4gliche Tiefenreinigung mit Komfort, Design und Effizienz.<\/p>\n<p data-start=\"675\" data-end=\"770\">","protected":false},"featured_media":7522,"template":"","meta":[],"product_brand":[],"product_cat":[217],"product_tag":[],"class_list":{"0":"post-7520","1":"product","2":"type-product","3":"status-publish","4":"has-post-thumbnail","6":"product_cat-cepillo-dental","8":"first","9":"instock","10":"shipping-taxable","11":"product-type-simple"},"yoast_head":"<!-- This site is optimized with the Yoast SEO Premium plugin v24.0 (Yoast SEO v26.5) - https:\/\/yoast.com\/wordpress\/plugins\/seo\/ -->\n<title>CEPILLO DE DIENTES ELECTRICO RECARGABLE K\u00dcKEN - K\u00fcken<\/title>\n<meta name=\"description\" content=\"Cepillo de dientes el\u00e9ctrico recargable k\u00fcken, eficaz y compatible con Oral B. Limpieza profunda, vibraci\u00f3n inteligente y dise\u00f1o impermeable.\" \/>\n<meta name=\"robots\" content=\"noindex, follow, max-snippet:-1, max-image-preview:large, max-video-preview:-1\" \/>\n<meta property=\"og:locale\" content=\"de_DE\" \/>\n<meta property=\"og:type\" content=\"article\" \/>\n<meta property=\"og:title\" content=\"CEPILLO DE DIENTES ELECTRICO RECARGABLE K\u00dcKEN\" \/>\n<meta property=\"og:description\" content=\"Cepillo de dientes el\u00e9ctrico recargable k\u00fcken, eficaz y compatible con Oral B. Limpieza profunda, vibraci\u00f3n inteligente y dise\u00f1o impermeable.\" \/>\n<meta property=\"og:url\" content=\"https:\/\/kuken.alfadyser.dev\/de\/produkt\/elektrisch-wiederaufladbare-elektrische-zahnburste-kuken\/\" \/>\n<meta property=\"og:site_name\" content=\"K\u00fcken\" \/>\n<meta property=\"article:publisher\" content=\"https:\/\/es-es.facebook.com\/alfadyser\/\" \/>\n<meta property=\"article:modified_time\" content=\"2025-07-22T09:43:40+00:00\" \/>\n<meta property=\"og:image\" content=\"https:\/\/kuken.alfadyser.dev\/wp-content\/uploads\/8425160341442_02.jpg\" \/>\n\t<meta property=\"og:image:width\" content=\"2000\" \/>\n\t<meta property=\"og:image:height\" content=\"2000\" \/>\n\t<meta property=\"og:image:type\" content=\"image\/jpeg\" \/>\n<meta name=\"twitter:card\" content=\"summary_large_image\" \/>\n<meta name=\"twitter:label1\" content=\"Preis\" \/>\n\t<meta name=\"twitter:data1\" content=\"\" \/>\n\t<meta name=\"twitter:label2\" content=\"Verf\u00fcgbarkeit\" \/>\n\t<meta name=\"twitter:data2\" content=\"Auf Lager\" \/>\n<script type=\"application\/ld+json\" class=\"yoast-schema-graph\">{\"@context\":\"https:\/\/schema.org\",\"@graph\":[{\"@type\":\"WebPage\",\"@id\":\"https:\/\/kuken.alfadyser.dev\/producto\/cepillo-de-dientes-electrico-recargable-kuken\/\",\"url\":\"https:\/\/kuken.alfadyser.dev\/producto\/cepillo-de-dientes-electrico-recargable-kuken\/\",\"name\":\"CEPILLO DE DIENTES ELECTRICO RECARGABLE K\u00dcKEN - K\u00fcken\",\"isPartOf\":{\"@id\":\"https:\/\/kuken.alfadyser.dev\/#website\"},\"primaryImageOfPage\":{\"@id\":\"https:\/\/kuken.alfadyser.dev\/producto\/cepillo-de-dientes-electrico-recargable-kuken\/#primaryimage\"},\"image\":{\"@id\":\"https:\/\/kuken.alfadyser.dev\/producto\/cepillo-de-dientes-electrico-recargable-kuken\/#primaryimage\"},\"thumbnailUrl\":\"https:\/\/kuken.alfadyser.dev\/wp-content\/uploads\/8425160341442_02.jpg\",\"datePublished\":\"2021-07-21T05:57:13+00:00\",\"dateModified\":\"2025-07-22T09:43:40+00:00\",\"description\":\"Cepillo de dientes el\u00e9ctrico recargable k\u00fcken, eficaz y compatible con Oral B. Limpieza profunda, vibraci\u00f3n inteligente y dise\u00f1o impermeable.\",\"breadcrumb\":{\"@id\":\"https:\/\/kuken.alfadyser.dev\/producto\/cepillo-de-dientes-electrico-recargable-kuken\/#breadcrumb\"},\"inLanguage\":\"de\",\"potentialAction\":[{\"@type\":\"ReadAction\",\"target\":[\"https:\/\/kuken.alfadyser.dev\/producto\/cepillo-de-dientes-electrico-recargable-kuken\/\"]}]},{\"@type\":\"ImageObject\",\"inLanguage\":\"de\",\"@id\":\"https:\/\/kuken.alfadyser.dev\/producto\/cepillo-de-dientes-electrico-recargable-kuken\/#primaryimage\",\"url\":\"https:\/\/kuken.alfadyser.dev\/wp-content\/uploads\/8425160341442_02.jpg\",\"contentUrl\":\"https:\/\/kuken.alfadyser.dev\/wp-content\/uploads\/8425160341442_02.jpg\",\"width\":2000,\"height\":2000,\"caption\":\"Cepillo de dientes el\u00e9ctrico recargable kuken\"},{\"@type\":\"BreadcrumbList\",\"@id\":\"https:\/\/kuken.alfadyser.dev\/producto\/cepillo-de-dientes-electrico-recargable-kuken\/#breadcrumb\",\"itemListElement\":[{\"@type\":\"ListItem\",\"position\":1,\"name\":\"Portada\",\"item\":\"https:\/\/kuken.alfadyser.dev\/\"},{\"@type\":\"ListItem\",\"position\":2,\"name\":\"Productos\",\"item\":\"https:\/\/kuken.alfadyser.dev\/productos\/\"},{\"@type\":\"ListItem\",\"position\":3,\"name\":\"CEPILLO DE DIENTES ELECTRICO RECARGABLE K\u00dcKEN\"}]},{\"@type\":\"WebSite\",\"@id\":\"https:\/\/kuken.alfadyser.dev\/#website\",\"url\":\"https:\/\/kuken.alfadyser.dev\/\",\"name\":\"K\u00fcken\",\"description\":\"Amplia gama de peque\u00f1o electrodom\u00e9stico k\u00fcken\",\"publisher\":{\"@id\":\"https:\/\/kuken.alfadyser.dev\/#organization\"},\"potentialAction\":[{\"@type\":\"SearchAction\",\"target\":{\"@type\":\"EntryPoint\",\"urlTemplate\":\"https:\/\/kuken.alfadyser.dev\/?s={search_term_string}\"},\"query-input\":{\"@type\":\"PropertyValueSpecification\",\"valueRequired\":true,\"valueName\":\"search_term_string\"}}],\"inLanguage\":\"de\"},{\"@type\":\"Organization\",\"@id\":\"https:\/\/kuken.alfadyser.dev\/#organization\",\"name\":\"Alfa Dyser\",\"url\":\"https:\/\/kuken.alfadyser.dev\/\",\"logo\":{\"@type\":\"ImageObject\",\"inLanguage\":\"de\",\"@id\":\"https:\/\/kuken.alfadyser.dev\/#\/schema\/logo\/image\/\",\"url\":\"https:\/\/kuken.alfadyser.dev\/wp-content\/uploads\/2019\/04\/kuken-logo.png\",\"contentUrl\":\"https:\/\/kuken.alfadyser.dev\/wp-content\/uploads\/2019\/04\/kuken-logo.png\",\"width\":500,\"height\":191,\"caption\":\"Alfa Dyser\"},\"image\":{\"@id\":\"https:\/\/kuken.alfadyser.dev\/#\/schema\/logo\/image\/\"},\"sameAs\":[\"https:\/\/es-es.facebook.com\/alfadyser\/\",\"https:\/\/www.instagram.com\/kuken_appliances\/\"]}]}<\/script>\n<meta property=\"product:price:currency\" content=\"EUR\" \/>\n<meta property=\"og:availability\" content=\"instock\" \/>\n<meta property=\"product:availability\" content=\"instock\" \/>\n<meta property=\"product:retailer_item_id\" content=\"34144\" \/>\n<meta property=\"product:condition\" content=\"new\" \/>\n<!-- \/ Yoast SEO Premium plugin. -->","yoast_head_json":{"title":"K\u00dcKEN ELECTRIC RECHARGEABLE TOOTH BRUSH - K\u00fcken","description":"k\u00fcken wiederaufladbare elektrische Zahnb\u00fcrste, effektiv und Oral B kompatibel. Tiefenreinigung, intelligente Vibration und wasserdichtes Design.","robots":{"index":"noindex","follow":"follow","max-snippet":"max-snippet:-1","max-image-preview":"max-image-preview:large","max-video-preview":"max-video-preview:-1"},"og_locale":"de_DE","og_type":"article","og_title":"CEPILLO DE DIENTES ELECTRICO RECARGABLE K\u00dcKEN","og_description":"Cepillo de dientes el\u00e9ctrico recargable k\u00fcken, eficaz y compatible con Oral B. Limpieza profunda, vibraci\u00f3n inteligente y dise\u00f1o impermeable.","og_url":"https:\/\/kuken.alfadyser.dev\/de\/produkt\/elektrisch-wiederaufladbare-elektrische-zahnburste-kuken\/","og_site_name":"K\u00fcken","article_publisher":"https:\/\/es-es.facebook.com\/alfadyser\/","article_modified_time":"2025-07-22T09:43:40+00:00","og_image":[{"width":2000,"height":2000,"url":"https:\/\/kuken.alfadyser.dev\/wp-content\/uploads\/8425160341442_02.jpg","type":"image\/jpeg"}],"twitter_card":"summary_large_image","twitter_misc":{"Preis":"","Verf\u00fcgbarkeit":"Auf Lager"},"schema":{"@context":"https:\/\/schema.org","@graph":[{"@type":"WebPage","@id":"https:\/\/kuken.alfadyser.dev\/producto\/cepillo-de-dientes-electrico-recargable-kuken\/","url":"https:\/\/kuken.alfadyser.dev\/producto\/cepillo-de-dientes-electrico-recargable-kuken\/","name":"K\u00dcKEN ELECTRIC RECHARGEABLE TOOTH BRUSH - K\u00fcken","isPartOf":{"@id":"https:\/\/kuken.alfadyser.dev\/#website"},"primaryImageOfPage":{"@id":"https:\/\/kuken.alfadyser.dev\/producto\/cepillo-de-dientes-electrico-recargable-kuken\/#primaryimage"},"image":{"@id":"https:\/\/kuken.alfadyser.dev\/producto\/cepillo-de-dientes-electrico-recargable-kuken\/#primaryimage"},"thumbnailUrl":"https:\/\/kuken.alfadyser.dev\/wp-content\/uploads\/8425160341442_02.jpg","datePublished":"2021-07-21T05:57:13+00:00","dateModified":"2025-07-22T09:43:40+00:00","description":"k\u00fcken wiederaufladbare elektrische Zahnb\u00fcrste, effektiv und Oral B kompatibel. Tiefenreinigung, intelligente Vibration und wasserdichtes Design.","breadcrumb":{"@id":"https:\/\/kuken.alfadyser.dev\/producto\/cepillo-de-dientes-electrico-recargable-kuken\/#breadcrumb"},"inLanguage":"de","potentialAction":[{"@type":"ReadAction","target":["https:\/\/kuken.alfadyser.dev\/producto\/cepillo-de-dientes-electrico-recargable-kuken\/"]}]},{"@type":"ImageObject","inLanguage":"de","@id":"https:\/\/kuken.alfadyser.dev\/producto\/cepillo-de-dientes-electrico-recargable-kuken\/#primaryimage","url":"https:\/\/kuken.alfadyser.dev\/wp-content\/uploads\/8425160341442_02.jpg","contentUrl":"https:\/\/kuken.alfadyser.dev\/wp-content\/uploads\/8425160341442_02.jpg","width":2000,"height":2000,"caption":"Cepillo de dientes el\u00e9ctrico recargable kuken"},{"@type":"BreadcrumbList","@id":"https:\/\/kuken.alfadyser.dev\/producto\/cepillo-de-dientes-electrico-recargable-kuken\/#breadcrumb","itemListElement":[{"@type":"ListItem","position":1,"name":"Portada","item":"https:\/\/kuken.alfadyser.dev\/"},{"@type":"ListItem","position":2,"name":"Productos","item":"https:\/\/kuken.alfadyser.dev\/productos\/"},{"@type":"ListItem","position":3,"name":"CEPILLO DE DIENTES ELECTRICO RECARGABLE K\u00dcKEN"}]},{"@type":"WebSite","@id":"https:\/\/kuken.alfadyser.dev\/#website","url":"https:\/\/kuken.alfadyser.dev\/","name":"K\u00fcken","description":"Gro\u00dfe Auswahl an k\u00fcken Haushaltskleinger\u00e4ten","publisher":{"@id":"https:\/\/kuken.alfadyser.dev\/#organization"},"potentialAction":[{"@type":"SearchAction","target":{"@type":"EntryPoint","urlTemplate":"https:\/\/kuken.alfadyser.dev\/?s={search_term_string}"},"query-input":{"@type":"PropertyValueSpecification","valueRequired":true,"valueName":"search_term_string"}}],"inLanguage":"de"},{"@type":"Organization","@id":"https:\/\/kuken.alfadyser.dev\/#organization","name":"Alpha Dyser","url":"https:\/\/kuken.alfadyser.dev\/","logo":{"@type":"ImageObject","inLanguage":"de","@id":"https:\/\/kuken.alfadyser.dev\/#\/schema\/logo\/image\/","url":"https:\/\/kuken.alfadyser.dev\/wp-content\/uploads\/2019\/04\/kuken-logo.png","contentUrl":"https:\/\/kuken.alfadyser.dev\/wp-content\/uploads\/2019\/04\/kuken-logo.png","width":500,"height":191,"caption":"Alfa Dyser"},"image":{"@id":"https:\/\/kuken.alfadyser.dev\/#\/schema\/logo\/image\/"},"sameAs":["https:\/\/es-es.facebook.com\/alfadyser\/","https:\/\/www.instagram.com\/kuken_appliances\/"]}]},"product_price_currency":"EUR","og_availability":"instock","product_availability":"instock","product_retailer_item_id":"34144","product_condition":"new"},"_links":{"self":[{"href":"https:\/\/kuken.alfadyser.dev\/de\/wp-json\/wp\/v2\/product\/7520","targetHints":{"allow":["GET"]}}],"collection":[{"href":"https:\/\/kuken.alfadyser.dev\/de\/wp-json\/wp\/v2\/product"}],"about":[{"href":"https:\/\/kuken.alfadyser.dev\/de\/wp-json\/wp\/v2\/types\/product"}],"wp:featuredmedia":[{"embeddable":true,"href":"https:\/\/kuken.alfadyser.dev\/de\/wp-json\/wp\/v2\/media\/7522"}],"wp:attachment":[{"href":"https:\/\/kuken.alfadyser.dev\/de\/wp-json\/wp\/v2\/media?parent=7520"}],"wp:term":[{"taxonomy":"product_brand","embeddable":true,"href":"https:\/\/kuken.alfadyser.dev\/de\/wp-json\/wp\/v2\/product_brand?post=7520"},{"taxonomy":"product_cat","embeddable":true,"href":"https:\/\/kuken.alfadyser.dev\/de\/wp-json\/wp\/v2\/product_cat?post=7520"},{"taxonomy":"product_tag","embeddable":true,"href":"https:\/\/kuken.alfadyser.dev\/de\/wp-json\/wp\/v2\/product_tag?post=7520"}],"curies":[{"name":"wp","href":"https:\/\/api.w.org\/{rel}","templated":true}]}}