{"id":7351,"date":"2021-03-10T13:51:39","date_gmt":"2021-03-10T12:51:39","guid":{"rendered":"https:\/\/kuken.alfadyser.dev\/?post_type=product&#038;p=7351"},"modified":"2025-07-22T12:18:57","modified_gmt":"2025-07-22T10:18:57","slug":"deckenventilator-led-weis-weis-kuken","status":"publish","type":"product","link":"https:\/\/kuken.alfadyser.dev\/de\/produkt\/deckenventilator-led-weis-weis-kuken\/","title":{"rendered":"K\u00dcKEN WEISS LED DECKENVENTILATOR"},"content":{"rendered":"<p>K\u00dcKEN WEISS LED DECKENVENTILATOR<\/p>\n<ul data-start=\"855\" data-end=\"1658\">\n<li data-start=\"855\" data-end=\"937\">\n<p data-start=\"857\" data-end=\"937\">Ventilador de 55 W con 4 aspas, para un rendimiento eficiente y constante.<\/p>\n<\/li>\n<li data-start=\"938\" data-end=\"1017\">\n<p data-start=\"940\" data-end=\"1017\">L\u00e1mpara LED integrada con 3 temperaturas de luz: fr\u00eda, neutra y c\u00e1lida.<\/p>\n<\/li>\n<li data-start=\"1018\" data-end=\"1101\">\n<p data-start=\"1020\" data-end=\"1101\">Dise\u00f1o blanco moderno y elegante, se adapta a cualquier estilo de interior.<\/p>\n<\/li>\n<li data-start=\"1102\" data-end=\"1178\">\n<p data-start=\"1104\" data-end=\"1178\">Recomendado para habitaciones, comedores, salas de estar y oficinas.<\/p>\n<\/li>\n<li data-start=\"1179\" data-end=\"1252\">\n<p data-start=\"1181\" data-end=\"1252\">Control remoto con 6 velocidades de ventilaci\u00f3n, de f\u00e1cil manejo.<\/p>\n<\/li>\n<li data-start=\"1253\" data-end=\"1329\">\n<p data-start=\"1255\" data-end=\"1329\">Motor DC \u201cSilent Technology\u201d de cobre, silencioso y de bajo consumo.<\/p>\n<\/li>\n<li data-start=\"1330\" data-end=\"1403\">\n<p data-start=\"1332\" data-end=\"1403\">Funci\u00f3n inversa invierno\/verano, optimiza el confort todo el a\u00f1o.<\/p>\n<\/li>\n<li data-start=\"1404\" data-end=\"1461\">\n<p data-start=\"1406\" data-end=\"1461\">3 modos de ventilaci\u00f3n: normal, dormir y natural.<\/p>\n<\/li>\n<li data-start=\"1462\" data-end=\"1524\">\n<p data-start=\"1464\" data-end=\"1524\">Cuerpo de acero y aspas de madera de alta calidad.<\/p>\n<\/li>\n<li data-start=\"1525\" data-end=\"1580\">\n<p data-start=\"1527\" data-end=\"1580\">Uso exclusivo para instalaciones en interiores.<\/p>\n<\/li>\n<li data-start=\"1581\" data-end=\"1658\">\n<p data-start=\"1583\" data-end=\"1658\">Alternativa ecol\u00f3gica y eficiente frente al aire acondicionado tradicional.<\/p>\n<\/li>\n<\/ul>\n<p>&nbsp;<\/p>\n<p><div class=\"accordion\"><div class=\"mfn-acc accordion_wrapper  toggle\"><div class=\"question\"><div class=\"title\"><i class=\"icon-plus acc-icon-plus\" aria-hidden=\"true\"><\/i><i class=\"icon-minus acc-icon-minus\" aria-hidden=\"true\"><\/i>Produktdaten<\/div><div class=\"answer\">EAN:8425160342548<\/p>\n<p>K\u00dcKEN WEISS LED DECKENVENTILATOR<\/p>\n<p>Einheiten: 1<br \/>\nFarbe: Wei\u00df<br \/>\nVerpackung: Farbige Schachtel<br \/>\nLeistung: 55 W<br \/>\nSpannung: 230 V<br \/>\nMaterial: Stahl\/Holz<br \/>\nMa\u00dfe: 132 cm Durchmesser x 41cm H\u00f6he<br \/>\nGeschwindigkeiten: 6<br \/>\n<\/div><\/div>\n<\/div><\/div>\n<br \/>\n<div class=\"accordion\"><div class=\"mfn-acc accordion_wrapper  toggle\"><div class=\"question\"><div class=\"title\"><i class=\"icon-plus acc-icon-plus\" aria-hidden=\"true\"><\/i><i class=\"icon-minus acc-icon-minus\" aria-hidden=\"true\"><\/i>Zubeh\u00f6r<\/div><div class=\"answer\"><\/div><\/div>\n<\/div><\/div>\n<\/p>\n<div class=\"descargas-producto\"><a href=\"https:\/\/kuken.alfadyser.dev\/wp-content\/uploads\/pdf\/8425160342548_ficha_tecnica_02.pdf\"><img loading=\"lazy\" decoding=\"async\" src=\"\/wp-content\/uploads\/2019\/12\/picto-descarrega.png\" alt=\"Datenblatt herunterladen\" width=\"23\" height=\"16\" \/>Blatt herunterladen<\/a><br \/>\n<a href=\"\/wp-content\/uploads\/pdf\/instrucciones_34254.pdf\"><img loading=\"lazy\" decoding=\"async\" src=\"\/wp-content\/uploads\/2019\/12\/picto-descarrega.png\" alt=\"Gebrauchsanweisung herunterladen\" width=\"23\" height=\"16\" \/>Handbuch herunterladen<\/a><\/div>\n<div><\/div>\n<div>\n<div><span style=\"color: #bf2121\">Folgen Sie uns auf den sozialen Medien!<\/span><\/div>\n<div><a href=\"https:\/\/www.instagram.com\/kuken_appliances\/\">https:\/\/www.instagram.com\/kuken_appliances<\/a><\/div>\n<\/div>\n<p><iframe loading=\"lazy\" title=\"Ventiladores de techo\" width=\"560\" height=\"315\" src=\"https:\/\/www.youtube.com\/embed\/3PGVrjwFElI?feature=oembed\" frameborder=\"0\" allow=\"accelerometer; autoplay; clipboard-write; encrypted-media; gyroscope; picture-in-picture; web-share\" referrerpolicy=\"strict-origin-when-cross-origin\" allowfullscreen><\/iframe><\/p>","protected":false},"excerpt":{"rendered":"<p data-start=\"529\" data-end=\"680\">Con dise\u00f1o elegante y moderno, este ventilador blanco con luz LED integrada y motor silencioso es la opci\u00f3n perfecta para ventilar e iluminar tu hogar.<\/p>\n<p data-start=\"682\" data-end=\"787\">","protected":false},"featured_media":7352,"template":"","meta":[],"product_brand":[],"product_cat":[223],"product_tag":[],"class_list":{"0":"post-7351","1":"product","2":"type-product","3":"status-publish","4":"has-post-thumbnail","6":"product_cat-ventiladores","8":"first","9":"instock","10":"shipping-taxable","11":"product-type-simple"},"yoast_head":"<!-- This site is optimized with the Yoast SEO Premium plugin v24.0 (Yoast SEO v26.5) - https:\/\/yoast.com\/wordpress\/plugins\/seo\/ -->\n<title>VENTILADOR DE TECHO LED BLANCO K\u00dcKEN - K\u00fcken<\/title>\n<meta name=\"description\" content=\"Ventilador de techo de 4 aspas con una potencia de 55W.Perfecto para mantener frescas e iluminadas las estancias de tu hogar. Visita K\u00fcken.es\" \/>\n<meta name=\"robots\" content=\"noindex, follow, max-snippet:-1, max-image-preview:large, max-video-preview:-1\" \/>\n<meta property=\"og:locale\" content=\"de_DE\" \/>\n<meta property=\"og:type\" content=\"article\" \/>\n<meta property=\"og:title\" content=\"VENTILADOR DE TECHO LED BLANCO K\u00dcKEN\" \/>\n<meta property=\"og:description\" content=\"Ventilador de techo de 4 aspas con una potencia de 55W.Perfecto para mantener frescas e iluminadas las estancias de tu hogar. Visita K\u00fcken.es\" \/>\n<meta property=\"og:url\" content=\"https:\/\/kuken.alfadyser.dev\/de\/produkt\/deckenventilator-led-weis-weis-kuken\/\" \/>\n<meta property=\"og:site_name\" content=\"K\u00fcken\" \/>\n<meta property=\"article:publisher\" content=\"https:\/\/es-es.facebook.com\/alfadyser\/\" \/>\n<meta property=\"article:modified_time\" content=\"2025-07-22T10:18:57+00:00\" \/>\n<meta property=\"og:image\" content=\"https:\/\/kuken.alfadyser.dev\/wp-content\/uploads\/8425160342548_01.jpg\" \/>\n\t<meta property=\"og:image:width\" content=\"2000\" \/>\n\t<meta property=\"og:image:height\" content=\"2000\" \/>\n\t<meta property=\"og:image:type\" content=\"image\/jpeg\" \/>\n<meta name=\"twitter:card\" content=\"summary_large_image\" \/>\n<meta name=\"twitter:label1\" content=\"Preis\" \/>\n\t<meta name=\"twitter:data1\" content=\"\" \/>\n\t<meta name=\"twitter:label2\" content=\"Verf\u00fcgbarkeit\" \/>\n\t<meta name=\"twitter:data2\" content=\"Auf Lager\" \/>\n<script type=\"application\/ld+json\" class=\"yoast-schema-graph\">{\"@context\":\"https:\/\/schema.org\",\"@graph\":[{\"@type\":\"WebPage\",\"@id\":\"https:\/\/kuken.alfadyser.dev\/producto\/ventilador-de-techo-led-blanco-kuken\/\",\"url\":\"https:\/\/kuken.alfadyser.dev\/producto\/ventilador-de-techo-led-blanco-kuken\/\",\"name\":\"VENTILADOR DE TECHO LED BLANCO K\u00dcKEN - K\u00fcken\",\"isPartOf\":{\"@id\":\"https:\/\/kuken.alfadyser.dev\/#website\"},\"primaryImageOfPage\":{\"@id\":\"https:\/\/kuken.alfadyser.dev\/producto\/ventilador-de-techo-led-blanco-kuken\/#primaryimage\"},\"image\":{\"@id\":\"https:\/\/kuken.alfadyser.dev\/producto\/ventilador-de-techo-led-blanco-kuken\/#primaryimage\"},\"thumbnailUrl\":\"https:\/\/kuken.alfadyser.dev\/wp-content\/uploads\/8425160342548_01.jpg\",\"datePublished\":\"2021-03-10T12:51:39+00:00\",\"dateModified\":\"2025-07-22T10:18:57+00:00\",\"description\":\"Ventilador de techo de 4 aspas con una potencia de 55W.Perfecto para mantener frescas e iluminadas las estancias de tu hogar. Visita K\u00fcken.es\",\"breadcrumb\":{\"@id\":\"https:\/\/kuken.alfadyser.dev\/producto\/ventilador-de-techo-led-blanco-kuken\/#breadcrumb\"},\"inLanguage\":\"de\",\"potentialAction\":[{\"@type\":\"ReadAction\",\"target\":[\"https:\/\/kuken.alfadyser.dev\/producto\/ventilador-de-techo-led-blanco-kuken\/\"]}]},{\"@type\":\"ImageObject\",\"inLanguage\":\"de\",\"@id\":\"https:\/\/kuken.alfadyser.dev\/producto\/ventilador-de-techo-led-blanco-kuken\/#primaryimage\",\"url\":\"https:\/\/kuken.alfadyser.dev\/wp-content\/uploads\/8425160342548_01.jpg\",\"contentUrl\":\"https:\/\/kuken.alfadyser.dev\/wp-content\/uploads\/8425160342548_01.jpg\",\"width\":2000,\"height\":2000,\"caption\":\"Ventilador de techo K\u00fcken con mando a distancia.\"},{\"@type\":\"BreadcrumbList\",\"@id\":\"https:\/\/kuken.alfadyser.dev\/producto\/ventilador-de-techo-led-blanco-kuken\/#breadcrumb\",\"itemListElement\":[{\"@type\":\"ListItem\",\"position\":1,\"name\":\"Portada\",\"item\":\"https:\/\/kuken.alfadyser.dev\/\"},{\"@type\":\"ListItem\",\"position\":2,\"name\":\"Productos\",\"item\":\"https:\/\/kuken.alfadyser.dev\/productos\/\"},{\"@type\":\"ListItem\",\"position\":3,\"name\":\"VENTILADOR DE TECHO LED BLANCO K\u00dcKEN\"}]},{\"@type\":\"WebSite\",\"@id\":\"https:\/\/kuken.alfadyser.dev\/#website\",\"url\":\"https:\/\/kuken.alfadyser.dev\/\",\"name\":\"K\u00fcken\",\"description\":\"Amplia gama de peque\u00f1o electrodom\u00e9stico k\u00fcken\",\"publisher\":{\"@id\":\"https:\/\/kuken.alfadyser.dev\/#organization\"},\"potentialAction\":[{\"@type\":\"SearchAction\",\"target\":{\"@type\":\"EntryPoint\",\"urlTemplate\":\"https:\/\/kuken.alfadyser.dev\/?s={search_term_string}\"},\"query-input\":{\"@type\":\"PropertyValueSpecification\",\"valueRequired\":true,\"valueName\":\"search_term_string\"}}],\"inLanguage\":\"de\"},{\"@type\":\"Organization\",\"@id\":\"https:\/\/kuken.alfadyser.dev\/#organization\",\"name\":\"Alfa Dyser\",\"url\":\"https:\/\/kuken.alfadyser.dev\/\",\"logo\":{\"@type\":\"ImageObject\",\"inLanguage\":\"de\",\"@id\":\"https:\/\/kuken.alfadyser.dev\/#\/schema\/logo\/image\/\",\"url\":\"https:\/\/kuken.alfadyser.dev\/wp-content\/uploads\/2019\/04\/kuken-logo.png\",\"contentUrl\":\"https:\/\/kuken.alfadyser.dev\/wp-content\/uploads\/2019\/04\/kuken-logo.png\",\"width\":500,\"height\":191,\"caption\":\"Alfa Dyser\"},\"image\":{\"@id\":\"https:\/\/kuken.alfadyser.dev\/#\/schema\/logo\/image\/\"},\"sameAs\":[\"https:\/\/es-es.facebook.com\/alfadyser\/\",\"https:\/\/www.instagram.com\/kuken_appliances\/\"]}]}<\/script>\n<meta property=\"product:price:currency\" content=\"EUR\" \/>\n<meta property=\"og:availability\" content=\"instock\" \/>\n<meta property=\"product:availability\" content=\"instock\" \/>\n<meta property=\"product:retailer_item_id\" content=\"34254\" \/>\n<meta property=\"product:condition\" content=\"new\" \/>\n<!-- \/ Yoast SEO Premium plugin. -->","yoast_head_json":{"title":"K\u00dcKEN WHITE LED CEILING FAN - K\u00fcken","description":"Deckenventilator mit 4 Fl\u00fcgeln und einer Leistung von 55W, perfekt um Ihr Zuhause k\u00fchl und hell zu halten. Besuchen Sie K\u00fcken.co.uk","robots":{"index":"noindex","follow":"follow","max-snippet":"max-snippet:-1","max-image-preview":"max-image-preview:large","max-video-preview":"max-video-preview:-1"},"og_locale":"de_DE","og_type":"article","og_title":"VENTILADOR DE TECHO LED BLANCO K\u00dcKEN","og_description":"Ventilador de techo de 4 aspas con una potencia de 55W.Perfecto para mantener frescas e iluminadas las estancias de tu hogar. Visita K\u00fcken.es","og_url":"https:\/\/kuken.alfadyser.dev\/de\/produkt\/deckenventilator-led-weis-weis-kuken\/","og_site_name":"K\u00fcken","article_publisher":"https:\/\/es-es.facebook.com\/alfadyser\/","article_modified_time":"2025-07-22T10:18:57+00:00","og_image":[{"width":2000,"height":2000,"url":"https:\/\/kuken.alfadyser.dev\/wp-content\/uploads\/8425160342548_01.jpg","type":"image\/jpeg"}],"twitter_card":"summary_large_image","twitter_misc":{"Preis":"","Verf\u00fcgbarkeit":"Auf Lager"},"schema":{"@context":"https:\/\/schema.org","@graph":[{"@type":"WebPage","@id":"https:\/\/kuken.alfadyser.dev\/producto\/ventilador-de-techo-led-blanco-kuken\/","url":"https:\/\/kuken.alfadyser.dev\/producto\/ventilador-de-techo-led-blanco-kuken\/","name":"K\u00dcKEN WHITE LED CEILING FAN - K\u00fcken","isPartOf":{"@id":"https:\/\/kuken.alfadyser.dev\/#website"},"primaryImageOfPage":{"@id":"https:\/\/kuken.alfadyser.dev\/producto\/ventilador-de-techo-led-blanco-kuken\/#primaryimage"},"image":{"@id":"https:\/\/kuken.alfadyser.dev\/producto\/ventilador-de-techo-led-blanco-kuken\/#primaryimage"},"thumbnailUrl":"https:\/\/kuken.alfadyser.dev\/wp-content\/uploads\/8425160342548_01.jpg","datePublished":"2021-03-10T12:51:39+00:00","dateModified":"2025-07-22T10:18:57+00:00","description":"Deckenventilator mit 4 Fl\u00fcgeln und einer Leistung von 55W, perfekt um Ihr Zuhause k\u00fchl und hell zu halten. Besuchen Sie K\u00fcken.co.uk","breadcrumb":{"@id":"https:\/\/kuken.alfadyser.dev\/producto\/ventilador-de-techo-led-blanco-kuken\/#breadcrumb"},"inLanguage":"de","potentialAction":[{"@type":"ReadAction","target":["https:\/\/kuken.alfadyser.dev\/producto\/ventilador-de-techo-led-blanco-kuken\/"]}]},{"@type":"ImageObject","inLanguage":"de","@id":"https:\/\/kuken.alfadyser.dev\/producto\/ventilador-de-techo-led-blanco-kuken\/#primaryimage","url":"https:\/\/kuken.alfadyser.dev\/wp-content\/uploads\/8425160342548_01.jpg","contentUrl":"https:\/\/kuken.alfadyser.dev\/wp-content\/uploads\/8425160342548_01.jpg","width":2000,"height":2000,"caption":"Ventilador de techo K\u00fcken con mando a distancia."},{"@type":"BreadcrumbList","@id":"https:\/\/kuken.alfadyser.dev\/producto\/ventilador-de-techo-led-blanco-kuken\/#breadcrumb","itemListElement":[{"@type":"ListItem","position":1,"name":"Portada","item":"https:\/\/kuken.alfadyser.dev\/"},{"@type":"ListItem","position":2,"name":"Productos","item":"https:\/\/kuken.alfadyser.dev\/productos\/"},{"@type":"ListItem","position":3,"name":"VENTILADOR DE TECHO LED BLANCO K\u00dcKEN"}]},{"@type":"WebSite","@id":"https:\/\/kuken.alfadyser.dev\/#website","url":"https:\/\/kuken.alfadyser.dev\/","name":"K\u00fcken","description":"Gro\u00dfe Auswahl an k\u00fcken Haushaltskleinger\u00e4ten","publisher":{"@id":"https:\/\/kuken.alfadyser.dev\/#organization"},"potentialAction":[{"@type":"SearchAction","target":{"@type":"EntryPoint","urlTemplate":"https:\/\/kuken.alfadyser.dev\/?s={search_term_string}"},"query-input":{"@type":"PropertyValueSpecification","valueRequired":true,"valueName":"search_term_string"}}],"inLanguage":"de"},{"@type":"Organization","@id":"https:\/\/kuken.alfadyser.dev\/#organization","name":"Alpha Dyser","url":"https:\/\/kuken.alfadyser.dev\/","logo":{"@type":"ImageObject","inLanguage":"de","@id":"https:\/\/kuken.alfadyser.dev\/#\/schema\/logo\/image\/","url":"https:\/\/kuken.alfadyser.dev\/wp-content\/uploads\/2019\/04\/kuken-logo.png","contentUrl":"https:\/\/kuken.alfadyser.dev\/wp-content\/uploads\/2019\/04\/kuken-logo.png","width":500,"height":191,"caption":"Alfa Dyser"},"image":{"@id":"https:\/\/kuken.alfadyser.dev\/#\/schema\/logo\/image\/"},"sameAs":["https:\/\/es-es.facebook.com\/alfadyser\/","https:\/\/www.instagram.com\/kuken_appliances\/"]}]},"product_price_currency":"EUR","og_availability":"instock","product_availability":"instock","product_retailer_item_id":"34254","product_condition":"new"},"_links":{"self":[{"href":"https:\/\/kuken.alfadyser.dev\/de\/wp-json\/wp\/v2\/product\/7351","targetHints":{"allow":["GET"]}}],"collection":[{"href":"https:\/\/kuken.alfadyser.dev\/de\/wp-json\/wp\/v2\/product"}],"about":[{"href":"https:\/\/kuken.alfadyser.dev\/de\/wp-json\/wp\/v2\/types\/product"}],"wp:featuredmedia":[{"embeddable":true,"href":"https:\/\/kuken.alfadyser.dev\/de\/wp-json\/wp\/v2\/media\/7352"}],"wp:attachment":[{"href":"https:\/\/kuken.alfadyser.dev\/de\/wp-json\/wp\/v2\/media?parent=7351"}],"wp:term":[{"taxonomy":"product_brand","embeddable":true,"href":"https:\/\/kuken.alfadyser.dev\/de\/wp-json\/wp\/v2\/product_brand?post=7351"},{"taxonomy":"product_cat","embeddable":true,"href":"https:\/\/kuken.alfadyser.dev\/de\/wp-json\/wp\/v2\/product_cat?post=7351"},{"taxonomy":"product_tag","embeddable":true,"href":"https:\/\/kuken.alfadyser.dev\/de\/wp-json\/wp\/v2\/product_tag?post=7351"}],"curies":[{"name":"wp","href":"https:\/\/api.w.org\/{rel}","templated":true}]}}