{"id":7302,"date":"2021-03-04T11:55:48","date_gmt":"2021-03-04T10:55:48","guid":{"rendered":"https:\/\/kuken.alfadyser.dev\/?post_type=product&#038;p=7302"},"modified":"2025-07-22T12:48:33","modified_gmt":"2025-07-22T10:48:33","slug":"fus-ventilator-mit-steuerung","status":"publish","type":"product","link":"https:\/\/kuken.alfadyser.dev\/de\/produkt\/fus-ventilator-mit-steuerung\/","title":{"rendered":"K\u00dcKEN 100W STANDVENTILATOR MIT STEUERUNG"},"content":{"rendered":"<p>K\u00dcKEN 100W STANDVENTILATOR MIT STEUERUNG<\/p>\n<ul data-start=\"816\" data-end=\"1579\">\n<li data-start=\"816\" data-end=\"894\">\n<p data-start=\"818\" data-end=\"894\"><strong data-start=\"818\" data-end=\"849\">Potente ventilador de 100 W<\/strong>, ideal para estancias grandes o calurosas.<\/p>\n<\/li>\n<li data-start=\"895\" data-end=\"967\">\n<p data-start=\"897\" data-end=\"967\"><strong data-start=\"897\" data-end=\"933\">Altura regulable de 104 a 127 cm<\/strong>, se adapta a cualquier entorno.<\/p>\n<\/li>\n<li data-start=\"968\" data-end=\"1035\">\n<p data-start=\"970\" data-end=\"1035\"><strong data-start=\"970\" data-end=\"989\">Aspas met\u00e1licas<\/strong>, para una ventilaci\u00f3n m\u00e1s potente y eficaz.<\/p>\n<\/li>\n<li data-start=\"1036\" data-end=\"1106\">\n<p data-start=\"1038\" data-end=\"1106\"><strong data-start=\"1038\" data-end=\"1076\">Selector mec\u00e1nico de 3 velocidades<\/strong>, ajustable seg\u00fan necesidad.<\/p>\n<\/li>\n<li data-start=\"1107\" data-end=\"1184\">\n<p data-start=\"1109\" data-end=\"1184\"><strong data-start=\"1109\" data-end=\"1145\">Cabezal orientable verticalmente<\/strong>, enfoca el flujo de aire a tu gusto.<\/p>\n<\/li>\n<li data-start=\"1185\" data-end=\"1252\">\n<p data-start=\"1187\" data-end=\"1252\"><strong data-start=\"1187\" data-end=\"1212\">Modo fijo o oscilante<\/strong> mit <strong data-start=\"1217\" data-end=\"1249\">\u00e1ngulo de giro de hasta 180\u00b0<\/strong>.<\/p>\n<\/li>\n<li data-start=\"1253\" data-end=\"1322\">\n<p data-start=\"1255\" data-end=\"1322\"><strong data-start=\"1255\" data-end=\"1288\">Rejilla met\u00e1lica de seguridad<\/strong>, protege sin afectar el caudal.<\/p>\n<\/li>\n<li data-start=\"1323\" data-end=\"1381\">\n<p data-start=\"1325\" data-end=\"1381\"><strong data-start=\"1325\" data-end=\"1354\">Asa de transporte trasera<\/strong>, facilita el movimiento.<\/p>\n<\/li>\n<li data-start=\"1382\" data-end=\"1444\">\n<p data-start=\"1384\" data-end=\"1444\"><strong data-start=\"1384\" data-end=\"1407\">Base antideslizante<\/strong>, mayor estabilidad durante el uso.<\/p>\n<\/li>\n<li data-start=\"1445\" data-end=\"1498\">\n<p data-start=\"1447\" data-end=\"1498\"><strong data-start=\"1447\" data-end=\"1465\">Cable de 1,7 m<\/strong>, buena libertad de colocaci\u00f3n.<\/p>\n<\/li>\n<li data-start=\"1499\" data-end=\"1579\">\n<p data-start=\"1501\" data-end=\"1579\"><strong data-start=\"1501\" data-end=\"1530\">Incluye mando a distancia<\/strong>, para controlar todas sus funciones c\u00f3modamente.<\/p>\n<\/li>\n<\/ul>\n<p><div class=\"accordion\"><div class=\"mfn-acc accordion_wrapper  toggle\"><div class=\"question\"><div class=\"title\"><i class=\"icon-plus acc-icon-plus\" aria-hidden=\"true\"><\/i><i class=\"icon-minus acc-icon-minus\" aria-hidden=\"true\"><\/i>Produktdaten<\/div><div class=\"answer\">EAN: 8425160347789<\/p>\n<p>K\u00dcKEN 100W STANDVENTILATOR MIT STEUERUNG<\/p>\n<p>Einheiten: 1<br \/>\nFarbe: Chrom und Schwarz<br \/>\nVerpackung: Farbige Schachtel<br \/>\nLeistung: 100W<br \/>\nSpannung: 230V<br \/>\nRutschfester Boden: Ja<br \/>\nGeschwindigkeiten: 3<br \/>\nGewicht: 3,34 kg<br \/>\nDurchmesser: 420 mm<\/div><\/div>\n<\/div><\/div>\n<br \/>\n<div class=\"accordion\"><div class=\"mfn-acc accordion_wrapper  toggle\"><div class=\"question\"><div class=\"title\"><i class=\"icon-plus acc-icon-plus\" aria-hidden=\"true\"><\/i><i class=\"icon-minus acc-icon-minus\" aria-hidden=\"true\"><\/i>Zubeh\u00f6r<\/div><div class=\"answer\"><\/div><\/div>\n<\/div><\/div>\n<\/p>\n<div class=\"descargas-producto\"><a href=\"https:\/\/kuken.alfadyser.dev\/wp-content\/uploads\/8425160347789_ficha_tecnica.pdf\"><img loading=\"lazy\" decoding=\"async\" src=\"\/wp-content\/uploads\/2019\/12\/picto-descarrega.png\" alt=\"Datenblatt herunterladen\" width=\"23\" height=\"16\" \/>Blatt herunterladen<\/a><a href=\"\/wp-content\/uploads\/pdf\/8425160338114_manual.pdf\" target=\"_blank\" rel=\"noopener noreferrer\"><br \/>\n<\/a><a href=\"\/wp-content\/uploads\/pdf\/34778_instrucciones.pdf\"><img loading=\"lazy\" decoding=\"async\" src=\"\/wp-content\/uploads\/2019\/12\/picto-descarrega.png\" alt=\"Gebrauchsanweisung herunterladen\" width=\"23\" height=\"16\" \/>Handbuch herunterladen<\/a><\/div>\n<div><\/div>\n<div><span style=\"color: #bf2121\">Folgen Sie uns auf den sozialen Medien!<\/span><\/div>\n<div><a href=\"https:\/\/www.instagram.com\/kuken_appliances\/\">https:\/\/www.instagram.com\/kuken_appliances\/<\/a><\/div>\n<p><iframe loading=\"lazy\" title=\"Ventilatoren Kuken\" width=\"560\" height=\"315\" src=\"https:\/\/www.youtube.com\/embed\/YiLHFxcebs0?feature=oembed\" frameborder=\"0\" allow=\"accelerometer; autoplay; clipboard-write; encrypted-media; gyroscope; picture-in-picture; web-share\" referrerpolicy=\"strict-origin-when-cross-origin\" allowfullscreen><\/iframe><\/p>","protected":false},"excerpt":{"rendered":"<p data-start=\"500\" data-end=\"651\">Ideal para ventilar grandes espacios con potencia y precisi\u00f3n, este ventilador ofrece control remoto, altura ajustable y un dise\u00f1o resistente y seguro.<\/p>\n<p data-start=\"653\" data-end=\"748\">","protected":false},"featured_media":7303,"template":"","meta":[],"product_brand":[],"product_cat":[223],"product_tag":[],"class_list":{"0":"post-7302","1":"product","2":"type-product","3":"status-publish","4":"has-post-thumbnail","6":"product_cat-ventiladores","8":"first","9":"instock","10":"shipping-taxable","11":"product-type-simple"},"yoast_head":"<!-- This site is optimized with the Yoast SEO Premium plugin v24.0 (Yoast SEO v26.5) - https:\/\/yoast.com\/wordpress\/plugins\/seo\/ -->\n<title>VENTILADOR DE PIE CON MANDO 100W K\u00dcKEN - K\u00fcken<\/title>\n<meta name=\"description\" content=\"Ventilador con 100W de potencia y mando a distancia. Dise\u00f1o con aspas met\u00e1licas para una ventilaci\u00f3n m\u00e1s potente. Visita la web de K\u00fcken\" \/>\n<meta name=\"robots\" content=\"noindex, follow, max-snippet:-1, max-image-preview:large, max-video-preview:-1\" \/>\n<meta property=\"og:locale\" content=\"de_DE\" \/>\n<meta property=\"og:type\" content=\"article\" \/>\n<meta property=\"og:title\" content=\"VENTILADOR DE PIE CON MANDO 100W K\u00dcKEN\" \/>\n<meta property=\"og:description\" content=\"Ventilador con 100W de potencia y mando a distancia. Dise\u00f1o con aspas met\u00e1licas para una ventilaci\u00f3n m\u00e1s potente. Visita la web de K\u00fcken\" \/>\n<meta property=\"og:url\" content=\"https:\/\/kuken.alfadyser.dev\/de\/produkt\/fus-ventilator-mit-steuerung\/\" \/>\n<meta property=\"og:site_name\" content=\"K\u00fcken\" \/>\n<meta property=\"article:publisher\" content=\"https:\/\/es-es.facebook.com\/alfadyser\/\" \/>\n<meta property=\"article:modified_time\" content=\"2025-07-22T10:48:33+00:00\" \/>\n<meta property=\"og:image\" content=\"https:\/\/kuken.alfadyser.dev\/wp-content\/uploads\/8425160347789_01.jpg\" \/>\n\t<meta property=\"og:image:width\" content=\"2000\" \/>\n\t<meta property=\"og:image:height\" content=\"2000\" \/>\n\t<meta property=\"og:image:type\" content=\"image\/jpeg\" \/>\n<meta name=\"twitter:card\" content=\"summary_large_image\" \/>\n<meta name=\"twitter:label1\" content=\"Preis\" \/>\n\t<meta name=\"twitter:data1\" content=\"\" \/>\n\t<meta name=\"twitter:label2\" content=\"Verf\u00fcgbarkeit\" \/>\n\t<meta name=\"twitter:data2\" content=\"Auf Lager\" \/>\n<script type=\"application\/ld+json\" class=\"yoast-schema-graph\">{\"@context\":\"https:\/\/schema.org\",\"@graph\":[{\"@type\":\"WebPage\",\"@id\":\"https:\/\/kuken.alfadyser.dev\/producto\/ventilador-de-pie-con-mando\/\",\"url\":\"https:\/\/kuken.alfadyser.dev\/producto\/ventilador-de-pie-con-mando\/\",\"name\":\"VENTILADOR DE PIE CON MANDO 100W K\u00dcKEN - K\u00fcken\",\"isPartOf\":{\"@id\":\"https:\/\/kuken.alfadyser.dev\/#website\"},\"primaryImageOfPage\":{\"@id\":\"https:\/\/kuken.alfadyser.dev\/producto\/ventilador-de-pie-con-mando\/#primaryimage\"},\"image\":{\"@id\":\"https:\/\/kuken.alfadyser.dev\/producto\/ventilador-de-pie-con-mando\/#primaryimage\"},\"thumbnailUrl\":\"https:\/\/kuken.alfadyser.dev\/wp-content\/uploads\/8425160347789_01.jpg\",\"datePublished\":\"2021-03-04T10:55:48+00:00\",\"dateModified\":\"2025-07-22T10:48:33+00:00\",\"description\":\"Ventilador con 100W de potencia y mando a distancia. Dise\u00f1o con aspas met\u00e1licas para una ventilaci\u00f3n m\u00e1s potente. Visita la web de K\u00fcken\",\"breadcrumb\":{\"@id\":\"https:\/\/kuken.alfadyser.dev\/producto\/ventilador-de-pie-con-mando\/#breadcrumb\"},\"inLanguage\":\"de\",\"potentialAction\":[{\"@type\":\"ReadAction\",\"target\":[\"https:\/\/kuken.alfadyser.dev\/producto\/ventilador-de-pie-con-mando\/\"]}]},{\"@type\":\"ImageObject\",\"inLanguage\":\"de\",\"@id\":\"https:\/\/kuken.alfadyser.dev\/producto\/ventilador-de-pie-con-mando\/#primaryimage\",\"url\":\"https:\/\/kuken.alfadyser.dev\/wp-content\/uploads\/8425160347789_01.jpg\",\"contentUrl\":\"https:\/\/kuken.alfadyser.dev\/wp-content\/uploads\/8425160347789_01.jpg\",\"width\":2000,\"height\":2000,\"caption\":\"Ventilador de pie con mando a distancia\"},{\"@type\":\"BreadcrumbList\",\"@id\":\"https:\/\/kuken.alfadyser.dev\/producto\/ventilador-de-pie-con-mando\/#breadcrumb\",\"itemListElement\":[{\"@type\":\"ListItem\",\"position\":1,\"name\":\"Portada\",\"item\":\"https:\/\/kuken.alfadyser.dev\/\"},{\"@type\":\"ListItem\",\"position\":2,\"name\":\"Productos\",\"item\":\"https:\/\/kuken.alfadyser.dev\/productos\/\"},{\"@type\":\"ListItem\",\"position\":3,\"name\":\"VENTILADOR DE PIE CON MANDO 100W K\u00dcKEN\"}]},{\"@type\":\"WebSite\",\"@id\":\"https:\/\/kuken.alfadyser.dev\/#website\",\"url\":\"https:\/\/kuken.alfadyser.dev\/\",\"name\":\"K\u00fcken\",\"description\":\"Amplia gama de peque\u00f1o electrodom\u00e9stico k\u00fcken\",\"publisher\":{\"@id\":\"https:\/\/kuken.alfadyser.dev\/#organization\"},\"potentialAction\":[{\"@type\":\"SearchAction\",\"target\":{\"@type\":\"EntryPoint\",\"urlTemplate\":\"https:\/\/kuken.alfadyser.dev\/?s={search_term_string}\"},\"query-input\":{\"@type\":\"PropertyValueSpecification\",\"valueRequired\":true,\"valueName\":\"search_term_string\"}}],\"inLanguage\":\"de\"},{\"@type\":\"Organization\",\"@id\":\"https:\/\/kuken.alfadyser.dev\/#organization\",\"name\":\"Alfa Dyser\",\"url\":\"https:\/\/kuken.alfadyser.dev\/\",\"logo\":{\"@type\":\"ImageObject\",\"inLanguage\":\"de\",\"@id\":\"https:\/\/kuken.alfadyser.dev\/#\/schema\/logo\/image\/\",\"url\":\"https:\/\/kuken.alfadyser.dev\/wp-content\/uploads\/2019\/04\/kuken-logo.png\",\"contentUrl\":\"https:\/\/kuken.alfadyser.dev\/wp-content\/uploads\/2019\/04\/kuken-logo.png\",\"width\":500,\"height\":191,\"caption\":\"Alfa Dyser\"},\"image\":{\"@id\":\"https:\/\/kuken.alfadyser.dev\/#\/schema\/logo\/image\/\"},\"sameAs\":[\"https:\/\/es-es.facebook.com\/alfadyser\/\",\"https:\/\/www.instagram.com\/kuken_appliances\/\"]}]}<\/script>\n<meta property=\"product:price:currency\" content=\"EUR\" \/>\n<meta property=\"og:availability\" content=\"instock\" \/>\n<meta property=\"product:availability\" content=\"instock\" \/>\n<meta property=\"product:retailer_item_id\" content=\"34778\" \/>\n<meta property=\"product:condition\" content=\"new\" \/>\n<!-- \/ Yoast SEO Premium plugin. -->","yoast_head_json":{"title":"K\u00dcKEN STANDVENTILATOR MIT REGELUNG 100W - K\u00fcken","description":"Ventilator mit 100 W Leistung und Fernbedienung. Design mit Metallfl\u00fcgeln f\u00fcr eine st\u00e4rkere Bel\u00fcftung. Besuchen Sie die K\u00fcken-Website","robots":{"index":"noindex","follow":"follow","max-snippet":"max-snippet:-1","max-image-preview":"max-image-preview:large","max-video-preview":"max-video-preview:-1"},"og_locale":"de_DE","og_type":"article","og_title":"VENTILADOR DE PIE CON MANDO 100W K\u00dcKEN","og_description":"Ventilador con 100W de potencia y mando a distancia. Dise\u00f1o con aspas met\u00e1licas para una ventilaci\u00f3n m\u00e1s potente. Visita la web de K\u00fcken","og_url":"https:\/\/kuken.alfadyser.dev\/de\/produkt\/fus-ventilator-mit-steuerung\/","og_site_name":"K\u00fcken","article_publisher":"https:\/\/es-es.facebook.com\/alfadyser\/","article_modified_time":"2025-07-22T10:48:33+00:00","og_image":[{"width":2000,"height":2000,"url":"https:\/\/kuken.alfadyser.dev\/wp-content\/uploads\/8425160347789_01.jpg","type":"image\/jpeg"}],"twitter_card":"summary_large_image","twitter_misc":{"Preis":"","Verf\u00fcgbarkeit":"Auf Lager"},"schema":{"@context":"https:\/\/schema.org","@graph":[{"@type":"WebPage","@id":"https:\/\/kuken.alfadyser.dev\/producto\/ventilador-de-pie-con-mando\/","url":"https:\/\/kuken.alfadyser.dev\/producto\/ventilador-de-pie-con-mando\/","name":"K\u00dcKEN STANDVENTILATOR MIT REGELUNG 100W - K\u00fcken","isPartOf":{"@id":"https:\/\/kuken.alfadyser.dev\/#website"},"primaryImageOfPage":{"@id":"https:\/\/kuken.alfadyser.dev\/producto\/ventilador-de-pie-con-mando\/#primaryimage"},"image":{"@id":"https:\/\/kuken.alfadyser.dev\/producto\/ventilador-de-pie-con-mando\/#primaryimage"},"thumbnailUrl":"https:\/\/kuken.alfadyser.dev\/wp-content\/uploads\/8425160347789_01.jpg","datePublished":"2021-03-04T10:55:48+00:00","dateModified":"2025-07-22T10:48:33+00:00","description":"Ventilator mit 100 W Leistung und Fernbedienung. Design mit Metallfl\u00fcgeln f\u00fcr eine st\u00e4rkere Bel\u00fcftung. Besuchen Sie die K\u00fcken-Website","breadcrumb":{"@id":"https:\/\/kuken.alfadyser.dev\/producto\/ventilador-de-pie-con-mando\/#breadcrumb"},"inLanguage":"de","potentialAction":[{"@type":"ReadAction","target":["https:\/\/kuken.alfadyser.dev\/producto\/ventilador-de-pie-con-mando\/"]}]},{"@type":"ImageObject","inLanguage":"de","@id":"https:\/\/kuken.alfadyser.dev\/producto\/ventilador-de-pie-con-mando\/#primaryimage","url":"https:\/\/kuken.alfadyser.dev\/wp-content\/uploads\/8425160347789_01.jpg","contentUrl":"https:\/\/kuken.alfadyser.dev\/wp-content\/uploads\/8425160347789_01.jpg","width":2000,"height":2000,"caption":"Ventilador de pie con mando a distancia"},{"@type":"BreadcrumbList","@id":"https:\/\/kuken.alfadyser.dev\/producto\/ventilador-de-pie-con-mando\/#breadcrumb","itemListElement":[{"@type":"ListItem","position":1,"name":"Portada","item":"https:\/\/kuken.alfadyser.dev\/"},{"@type":"ListItem","position":2,"name":"Productos","item":"https:\/\/kuken.alfadyser.dev\/productos\/"},{"@type":"ListItem","position":3,"name":"VENTILADOR DE PIE CON MANDO 100W K\u00dcKEN"}]},{"@type":"WebSite","@id":"https:\/\/kuken.alfadyser.dev\/#website","url":"https:\/\/kuken.alfadyser.dev\/","name":"K\u00fcken","description":"Gro\u00dfe Auswahl an k\u00fcken Haushaltskleinger\u00e4ten","publisher":{"@id":"https:\/\/kuken.alfadyser.dev\/#organization"},"potentialAction":[{"@type":"SearchAction","target":{"@type":"EntryPoint","urlTemplate":"https:\/\/kuken.alfadyser.dev\/?s={search_term_string}"},"query-input":{"@type":"PropertyValueSpecification","valueRequired":true,"valueName":"search_term_string"}}],"inLanguage":"de"},{"@type":"Organization","@id":"https:\/\/kuken.alfadyser.dev\/#organization","name":"Alpha Dyser","url":"https:\/\/kuken.alfadyser.dev\/","logo":{"@type":"ImageObject","inLanguage":"de","@id":"https:\/\/kuken.alfadyser.dev\/#\/schema\/logo\/image\/","url":"https:\/\/kuken.alfadyser.dev\/wp-content\/uploads\/2019\/04\/kuken-logo.png","contentUrl":"https:\/\/kuken.alfadyser.dev\/wp-content\/uploads\/2019\/04\/kuken-logo.png","width":500,"height":191,"caption":"Alfa Dyser"},"image":{"@id":"https:\/\/kuken.alfadyser.dev\/#\/schema\/logo\/image\/"},"sameAs":["https:\/\/es-es.facebook.com\/alfadyser\/","https:\/\/www.instagram.com\/kuken_appliances\/"]}]},"product_price_currency":"EUR","og_availability":"instock","product_availability":"instock","product_retailer_item_id":"34778","product_condition":"new"},"_links":{"self":[{"href":"https:\/\/kuken.alfadyser.dev\/de\/wp-json\/wp\/v2\/product\/7302","targetHints":{"allow":["GET"]}}],"collection":[{"href":"https:\/\/kuken.alfadyser.dev\/de\/wp-json\/wp\/v2\/product"}],"about":[{"href":"https:\/\/kuken.alfadyser.dev\/de\/wp-json\/wp\/v2\/types\/product"}],"wp:featuredmedia":[{"embeddable":true,"href":"https:\/\/kuken.alfadyser.dev\/de\/wp-json\/wp\/v2\/media\/7303"}],"wp:attachment":[{"href":"https:\/\/kuken.alfadyser.dev\/de\/wp-json\/wp\/v2\/media?parent=7302"}],"wp:term":[{"taxonomy":"product_brand","embeddable":true,"href":"https:\/\/kuken.alfadyser.dev\/de\/wp-json\/wp\/v2\/product_brand?post=7302"},{"taxonomy":"product_cat","embeddable":true,"href":"https:\/\/kuken.alfadyser.dev\/de\/wp-json\/wp\/v2\/product_cat?post=7302"},{"taxonomy":"product_tag","embeddable":true,"href":"https:\/\/kuken.alfadyser.dev\/de\/wp-json\/wp\/v2\/product_tag?post=7302"}],"curies":[{"name":"wp","href":"https:\/\/api.w.org\/{rel}","templated":true}]}}