{"id":7205,"date":"2021-01-25T15:22:57","date_gmt":"2021-01-25T14:22:57","guid":{"rendered":"https:\/\/kuken.alfadyser.dev\/?post_type=product&#038;p=7205"},"modified":"2025-07-22T13:17:22","modified_gmt":"2025-07-22T11:17:22","slug":"mop-zu-dampf-mit-kabel-6mt-kuken","status":"publish","type":"product","link":"https:\/\/kuken.alfadyser.dev\/de\/produkt\/mop-zu-dampf-mit-kabel-6mt-kuken\/","title":{"rendered":"DAMPFMOPP MIT KABEL 6MT K\u00dcKEN"},"content":{"rendered":"<p>DAMPFMOPP MIT KABEL 6MT K\u00dcKEN<\/p>\n<ul data-start=\"837\" data-end=\"1619\">\n<li data-start=\"837\" data-end=\"921\">\n<p data-start=\"839\" data-end=\"921\">Elimina hasta el 99,9 % de los g\u00e9rmenes sin necesidad de productos qu\u00edmicos.<\/p>\n<\/li>\n<li data-start=\"922\" data-end=\"1017\">\n<p data-start=\"924\" data-end=\"1017\">Doble dep\u00f3sito: agua (280 ml) y jab\u00f3n (160 ml), mayor autonom\u00eda y versatilidad.<\/p>\n<\/li>\n<li data-start=\"1018\" data-end=\"1103\">\n<p data-start=\"1020\" data-end=\"1103\">Cabezal triangular giratorio 180\u00b0, perfecto para limpiar esquinas y rincones.<\/p>\n<\/li>\n<li data-start=\"1104\" data-end=\"1179\">\n<p data-start=\"1106\" data-end=\"1179\">Cuerpo de PC resistente, con acabado en blanco y verde moderno.<\/p>\n<\/li>\n<li data-start=\"1180\" data-end=\"1265\">\n<p data-start=\"1182\" data-end=\"1265\">Mango ergon\u00f3mico, dise\u00f1ado para reducir vibraciones y mejorar el confort.<\/p>\n<\/li>\n<li data-start=\"1266\" data-end=\"1365\">\n<p data-start=\"1268\" data-end=\"1365\">Cable extralargo de 6 metros, ideal para cubrir amplias superficies sin cambiar de enchufe.<\/p>\n<\/li>\n<li data-start=\"1366\" data-end=\"1424\">\n<p data-start=\"1368\" data-end=\"1424\">Altura regulable, se adapta a diferentes usuarios.<\/p>\n<\/li>\n<li data-start=\"1425\" data-end=\"1533\">\n<p data-start=\"1427\" data-end=\"1533\">Mopa de microfibra intercambiable, apta para todo tipo de suelos: madera, cer\u00e1mica, m\u00e1rmol o vinilo.<\/p>\n<\/li>\n<li data-start=\"1534\" data-end=\"1619\">\n<p data-start=\"1536\" data-end=\"1619\">Ideal para mantener tu hogar limpio, desinfectado y libre de residuos qu\u00edmicos.<\/p>\n<\/li>\n<\/ul>\n<p>&nbsp;<\/p>\n<p><div class=\"accordion\"><div class=\"mfn-acc accordion_wrapper  toggle\"><div class=\"question\"><div class=\"title\"><i class=\"icon-plus acc-icon-plus\" aria-hidden=\"true\"><\/i><i class=\"icon-minus acc-icon-minus\" aria-hidden=\"true\"><\/i>Produktdaten<\/div><div class=\"answer\">EAN: 8425160341206<\/p>\n<p>DAMPFMOPP MIT KABEL 6MT K\u00dcKEN<\/p>\n<p>Einheiten: 1<br \/>\nFarbe: Wei\u00df und gr\u00fcn<br \/>\nVerpackung: Farbige Schachtel<br \/>\nLeistung: 1300W<br \/>\nKabel: 6 Meter<br \/>\nWerkstoff: PC<br \/>\nGewicht: 2,3 kg<br \/>\n<\/div><\/div>\n<\/div><\/div>\n<br \/>\n<div class=\"accordion\"><div class=\"mfn-acc accordion_wrapper  toggle\"><div class=\"question\"><div class=\"title\"><i class=\"icon-plus acc-icon-plus\" aria-hidden=\"true\"><\/i><i class=\"icon-minus acc-icon-minus\" aria-hidden=\"true\"><\/i>Zubeh\u00f6r<\/div><div class=\"answer\"><\/div><\/div>\n<\/div><\/div>\n<\/p>\n<div class=\"descargas-producto\"><a href=\"\/wp-content\/uploads\/pdf\/8425160341688_ficha_tecnica.pdf\" target=\"_blank\" rel=\"noopener noreferrer\"><br \/>\n<\/a><a href=\"https:\/\/kuken.alfadyser.dev\/wp-content\/uploads\/pdf\/8425160341206_02_ficha_tecnica.pdf\"><img loading=\"lazy\" decoding=\"async\" src=\"\/wp-content\/uploads\/2019\/12\/picto-descarrega.png\" alt=\"Datenblatt herunterladen\" width=\"23\" height=\"16\" \/>Blatt herunterladen<\/a><br \/>\n<a href=\"https:\/\/kuken.alfadyser.dev\/wp-content\/uploads\/pdf\/34020_instrucciones.pdf\"><img loading=\"lazy\" decoding=\"async\" src=\"\/wp-content\/uploads\/2019\/12\/picto-descarrega.png\" alt=\"Gebrauchsanweisung herunterladen\" width=\"23\" height=\"16\" \/>Handbuch herunterladen<\/a><\/div>\n<div><\/div>\n<div><span style=\"color: #bf2121\">Folgen Sie uns auf den sozialen Medien!<\/span><\/div>\n<div><a href=\"https:\/\/www.instagram.com\/kuken_appliances\/\">https:\/\/www.instagram.com\/kuken_appliances\/<\/a><\/div>\n<div><\/div>","protected":false},"excerpt":{"rendered":"<p data-start=\"520\" data-end=\"670\">Limpia eficazmente y sin qu\u00edmicos gracias a esta mopa a vapor con cable largo, doble dep\u00f3sito, cabezal triangular giratorio y microfibra reutilizable.<\/p>\n<p data-start=\"672\" data-end=\"769\">","protected":false},"featured_media":7206,"template":"","meta":[],"product_brand":[],"product_cat":[210],"product_tag":[],"class_list":{"0":"post-7205","1":"product","2":"type-product","3":"status-publish","4":"has-post-thumbnail","6":"product_cat-limpiadores","8":"first","9":"instock","10":"shipping-taxable","11":"product-type-simple"},"yoast_head":"<!-- This site is optimized with the Yoast SEO Premium plugin v24.0 (Yoast SEO v26.5) - https:\/\/yoast.com\/wordpress\/plugins\/seo\/ -->\n<title>MOPA A VAPOR CON CABLE 6MT K\u00dcKEN - K\u00fcken<\/title>\n<meta name=\"description\" content=\"Mopa a vapor K\u00fcken. Dise\u00f1ada para conseguir una limpieza y desinfecci\u00f3n completa en los suelos de tu casa. Visita la web de K\u00fcken.\" \/>\n<meta name=\"robots\" content=\"noindex, follow, max-snippet:-1, max-image-preview:large, max-video-preview:-1\" \/>\n<meta property=\"og:locale\" content=\"de_DE\" \/>\n<meta property=\"og:type\" content=\"article\" \/>\n<meta property=\"og:title\" content=\"MOPA A VAPOR CON CABLE 6MT K\u00dcKEN\" \/>\n<meta property=\"og:description\" content=\"Mopa a vapor K\u00fcken. Dise\u00f1ada para conseguir una limpieza y desinfecci\u00f3n completa en los suelos de tu casa. Visita la web de K\u00fcken.\" \/>\n<meta property=\"og:url\" content=\"https:\/\/kuken.alfadyser.dev\/de\/produkt\/mop-zu-dampf-mit-kabel-6mt-kuken\/\" \/>\n<meta property=\"og:site_name\" content=\"K\u00fcken\" \/>\n<meta property=\"article:publisher\" content=\"https:\/\/es-es.facebook.com\/alfadyser\/\" \/>\n<meta property=\"article:modified_time\" content=\"2025-07-22T11:17:22+00:00\" \/>\n<meta property=\"og:image\" content=\"https:\/\/kuken.alfadyser.dev\/wp-content\/uploads\/8425160341206_01-scaled.jpg\" \/>\n\t<meta property=\"og:image:width\" content=\"2560\" \/>\n\t<meta property=\"og:image:height\" content=\"2560\" \/>\n\t<meta property=\"og:image:type\" content=\"image\/jpeg\" \/>\n<meta name=\"twitter:card\" content=\"summary_large_image\" \/>\n<meta name=\"twitter:label1\" content=\"Preis\" \/>\n\t<meta name=\"twitter:data1\" content=\"\" \/>\n\t<meta name=\"twitter:label2\" content=\"Verf\u00fcgbarkeit\" \/>\n\t<meta name=\"twitter:data2\" content=\"Auf Lager\" \/>\n<script type=\"application\/ld+json\" class=\"yoast-schema-graph\">{\"@context\":\"https:\/\/schema.org\",\"@graph\":[{\"@type\":\"WebPage\",\"@id\":\"https:\/\/kuken.alfadyser.dev\/producto\/mopa-a-vapor-con-cable-6mt-kuken\/\",\"url\":\"https:\/\/kuken.alfadyser.dev\/producto\/mopa-a-vapor-con-cable-6mt-kuken\/\",\"name\":\"MOPA A VAPOR CON CABLE 6MT K\u00dcKEN - K\u00fcken\",\"isPartOf\":{\"@id\":\"https:\/\/kuken.alfadyser.dev\/#website\"},\"primaryImageOfPage\":{\"@id\":\"https:\/\/kuken.alfadyser.dev\/producto\/mopa-a-vapor-con-cable-6mt-kuken\/#primaryimage\"},\"image\":{\"@id\":\"https:\/\/kuken.alfadyser.dev\/producto\/mopa-a-vapor-con-cable-6mt-kuken\/#primaryimage\"},\"thumbnailUrl\":\"https:\/\/kuken.alfadyser.dev\/wp-content\/uploads\/8425160341206_01-scaled.jpg\",\"datePublished\":\"2021-01-25T14:22:57+00:00\",\"dateModified\":\"2025-07-22T11:17:22+00:00\",\"description\":\"Mopa a vapor K\u00fcken. Dise\u00f1ada para conseguir una limpieza y desinfecci\u00f3n completa en los suelos de tu casa. Visita la web de K\u00fcken.\",\"breadcrumb\":{\"@id\":\"https:\/\/kuken.alfadyser.dev\/producto\/mopa-a-vapor-con-cable-6mt-kuken\/#breadcrumb\"},\"inLanguage\":\"de\",\"potentialAction\":[{\"@type\":\"ReadAction\",\"target\":[\"https:\/\/kuken.alfadyser.dev\/producto\/mopa-a-vapor-con-cable-6mt-kuken\/\"]}]},{\"@type\":\"ImageObject\",\"inLanguage\":\"de\",\"@id\":\"https:\/\/kuken.alfadyser.dev\/producto\/mopa-a-vapor-con-cable-6mt-kuken\/#primaryimage\",\"url\":\"https:\/\/kuken.alfadyser.dev\/wp-content\/uploads\/8425160341206_01-scaled.jpg\",\"contentUrl\":\"https:\/\/kuken.alfadyser.dev\/wp-content\/uploads\/8425160341206_01-scaled.jpg\",\"width\":2560,\"height\":2560,\"caption\":\"Mopa a vapor con cable k\u00fcken\"},{\"@type\":\"BreadcrumbList\",\"@id\":\"https:\/\/kuken.alfadyser.dev\/producto\/mopa-a-vapor-con-cable-6mt-kuken\/#breadcrumb\",\"itemListElement\":[{\"@type\":\"ListItem\",\"position\":1,\"name\":\"Portada\",\"item\":\"https:\/\/kuken.alfadyser.dev\/\"},{\"@type\":\"ListItem\",\"position\":2,\"name\":\"Productos\",\"item\":\"https:\/\/kuken.alfadyser.dev\/productos\/\"},{\"@type\":\"ListItem\",\"position\":3,\"name\":\"MOPA A VAPOR CON CABLE 6MT K\u00dcKEN\"}]},{\"@type\":\"WebSite\",\"@id\":\"https:\/\/kuken.alfadyser.dev\/#website\",\"url\":\"https:\/\/kuken.alfadyser.dev\/\",\"name\":\"K\u00fcken\",\"description\":\"Amplia gama de peque\u00f1o electrodom\u00e9stico k\u00fcken\",\"publisher\":{\"@id\":\"https:\/\/kuken.alfadyser.dev\/#organization\"},\"potentialAction\":[{\"@type\":\"SearchAction\",\"target\":{\"@type\":\"EntryPoint\",\"urlTemplate\":\"https:\/\/kuken.alfadyser.dev\/?s={search_term_string}\"},\"query-input\":{\"@type\":\"PropertyValueSpecification\",\"valueRequired\":true,\"valueName\":\"search_term_string\"}}],\"inLanguage\":\"de\"},{\"@type\":\"Organization\",\"@id\":\"https:\/\/kuken.alfadyser.dev\/#organization\",\"name\":\"Alfa Dyser\",\"url\":\"https:\/\/kuken.alfadyser.dev\/\",\"logo\":{\"@type\":\"ImageObject\",\"inLanguage\":\"de\",\"@id\":\"https:\/\/kuken.alfadyser.dev\/#\/schema\/logo\/image\/\",\"url\":\"https:\/\/kuken.alfadyser.dev\/wp-content\/uploads\/2019\/04\/kuken-logo.png\",\"contentUrl\":\"https:\/\/kuken.alfadyser.dev\/wp-content\/uploads\/2019\/04\/kuken-logo.png\",\"width\":500,\"height\":191,\"caption\":\"Alfa Dyser\"},\"image\":{\"@id\":\"https:\/\/kuken.alfadyser.dev\/#\/schema\/logo\/image\/\"},\"sameAs\":[\"https:\/\/es-es.facebook.com\/alfadyser\/\",\"https:\/\/www.instagram.com\/kuken_appliances\/\"]}]}<\/script>\n<meta property=\"product:price:currency\" content=\"EUR\" \/>\n<meta property=\"og:availability\" content=\"instock\" \/>\n<meta property=\"product:availability\" content=\"instock\" \/>\n<meta property=\"product:retailer_item_id\" content=\"34120\" \/>\n<meta property=\"product:condition\" content=\"new\" \/>\n<!-- \/ Yoast SEO Premium plugin. -->","yoast_head_json":{"title":"K\u00dcKEN DAMPFMOPF MIT KABEL 6MT - K\u00fcken","description":"K\u00fcken Dampfmopp. Entwickelt, um eine vollst\u00e4ndige Reinigung und Desinfektion der B\u00f6den in Ihrer Wohnung zu erreichen. Besuchen Sie die Website von K\u00fcken.","robots":{"index":"noindex","follow":"follow","max-snippet":"max-snippet:-1","max-image-preview":"max-image-preview:large","max-video-preview":"max-video-preview:-1"},"og_locale":"de_DE","og_type":"article","og_title":"MOPA A VAPOR CON CABLE 6MT K\u00dcKEN","og_description":"Mopa a vapor K\u00fcken. Dise\u00f1ada para conseguir una limpieza y desinfecci\u00f3n completa en los suelos de tu casa. Visita la web de K\u00fcken.","og_url":"https:\/\/kuken.alfadyser.dev\/de\/produkt\/mop-zu-dampf-mit-kabel-6mt-kuken\/","og_site_name":"K\u00fcken","article_publisher":"https:\/\/es-es.facebook.com\/alfadyser\/","article_modified_time":"2025-07-22T11:17:22+00:00","og_image":[{"width":2560,"height":2560,"url":"https:\/\/kuken.alfadyser.dev\/wp-content\/uploads\/8425160341206_01-scaled.jpg","type":"image\/jpeg"}],"twitter_card":"summary_large_image","twitter_misc":{"Preis":"","Verf\u00fcgbarkeit":"Auf Lager"},"schema":{"@context":"https:\/\/schema.org","@graph":[{"@type":"WebPage","@id":"https:\/\/kuken.alfadyser.dev\/producto\/mopa-a-vapor-con-cable-6mt-kuken\/","url":"https:\/\/kuken.alfadyser.dev\/producto\/mopa-a-vapor-con-cable-6mt-kuken\/","name":"K\u00dcKEN DAMPFMOPF MIT KABEL 6MT - K\u00fcken","isPartOf":{"@id":"https:\/\/kuken.alfadyser.dev\/#website"},"primaryImageOfPage":{"@id":"https:\/\/kuken.alfadyser.dev\/producto\/mopa-a-vapor-con-cable-6mt-kuken\/#primaryimage"},"image":{"@id":"https:\/\/kuken.alfadyser.dev\/producto\/mopa-a-vapor-con-cable-6mt-kuken\/#primaryimage"},"thumbnailUrl":"https:\/\/kuken.alfadyser.dev\/wp-content\/uploads\/8425160341206_01-scaled.jpg","datePublished":"2021-01-25T14:22:57+00:00","dateModified":"2025-07-22T11:17:22+00:00","description":"K\u00fcken Dampfmopp. Entwickelt, um eine vollst\u00e4ndige Reinigung und Desinfektion der B\u00f6den in Ihrer Wohnung zu erreichen. Besuchen Sie die Website von K\u00fcken.","breadcrumb":{"@id":"https:\/\/kuken.alfadyser.dev\/producto\/mopa-a-vapor-con-cable-6mt-kuken\/#breadcrumb"},"inLanguage":"de","potentialAction":[{"@type":"ReadAction","target":["https:\/\/kuken.alfadyser.dev\/producto\/mopa-a-vapor-con-cable-6mt-kuken\/"]}]},{"@type":"ImageObject","inLanguage":"de","@id":"https:\/\/kuken.alfadyser.dev\/producto\/mopa-a-vapor-con-cable-6mt-kuken\/#primaryimage","url":"https:\/\/kuken.alfadyser.dev\/wp-content\/uploads\/8425160341206_01-scaled.jpg","contentUrl":"https:\/\/kuken.alfadyser.dev\/wp-content\/uploads\/8425160341206_01-scaled.jpg","width":2560,"height":2560,"caption":"Mopa a vapor con cable k\u00fcken"},{"@type":"BreadcrumbList","@id":"https:\/\/kuken.alfadyser.dev\/producto\/mopa-a-vapor-con-cable-6mt-kuken\/#breadcrumb","itemListElement":[{"@type":"ListItem","position":1,"name":"Portada","item":"https:\/\/kuken.alfadyser.dev\/"},{"@type":"ListItem","position":2,"name":"Productos","item":"https:\/\/kuken.alfadyser.dev\/productos\/"},{"@type":"ListItem","position":3,"name":"MOPA A VAPOR CON CABLE 6MT K\u00dcKEN"}]},{"@type":"WebSite","@id":"https:\/\/kuken.alfadyser.dev\/#website","url":"https:\/\/kuken.alfadyser.dev\/","name":"K\u00fcken","description":"Gro\u00dfe Auswahl an k\u00fcken Haushaltskleinger\u00e4ten","publisher":{"@id":"https:\/\/kuken.alfadyser.dev\/#organization"},"potentialAction":[{"@type":"SearchAction","target":{"@type":"EntryPoint","urlTemplate":"https:\/\/kuken.alfadyser.dev\/?s={search_term_string}"},"query-input":{"@type":"PropertyValueSpecification","valueRequired":true,"valueName":"search_term_string"}}],"inLanguage":"de"},{"@type":"Organization","@id":"https:\/\/kuken.alfadyser.dev\/#organization","name":"Alpha Dyser","url":"https:\/\/kuken.alfadyser.dev\/","logo":{"@type":"ImageObject","inLanguage":"de","@id":"https:\/\/kuken.alfadyser.dev\/#\/schema\/logo\/image\/","url":"https:\/\/kuken.alfadyser.dev\/wp-content\/uploads\/2019\/04\/kuken-logo.png","contentUrl":"https:\/\/kuken.alfadyser.dev\/wp-content\/uploads\/2019\/04\/kuken-logo.png","width":500,"height":191,"caption":"Alfa Dyser"},"image":{"@id":"https:\/\/kuken.alfadyser.dev\/#\/schema\/logo\/image\/"},"sameAs":["https:\/\/es-es.facebook.com\/alfadyser\/","https:\/\/www.instagram.com\/kuken_appliances\/"]}]},"product_price_currency":"EUR","og_availability":"instock","product_availability":"instock","product_retailer_item_id":"34120","product_condition":"new"},"_links":{"self":[{"href":"https:\/\/kuken.alfadyser.dev\/de\/wp-json\/wp\/v2\/product\/7205","targetHints":{"allow":["GET"]}}],"collection":[{"href":"https:\/\/kuken.alfadyser.dev\/de\/wp-json\/wp\/v2\/product"}],"about":[{"href":"https:\/\/kuken.alfadyser.dev\/de\/wp-json\/wp\/v2\/types\/product"}],"wp:featuredmedia":[{"embeddable":true,"href":"https:\/\/kuken.alfadyser.dev\/de\/wp-json\/wp\/v2\/media\/7206"}],"wp:attachment":[{"href":"https:\/\/kuken.alfadyser.dev\/de\/wp-json\/wp\/v2\/media?parent=7205"}],"wp:term":[{"taxonomy":"product_brand","embeddable":true,"href":"https:\/\/kuken.alfadyser.dev\/de\/wp-json\/wp\/v2\/product_brand?post=7205"},{"taxonomy":"product_cat","embeddable":true,"href":"https:\/\/kuken.alfadyser.dev\/de\/wp-json\/wp\/v2\/product_cat?post=7205"},{"taxonomy":"product_tag","embeddable":true,"href":"https:\/\/kuken.alfadyser.dev\/de\/wp-json\/wp\/v2\/product_tag?post=7205"}],"curies":[{"name":"wp","href":"https:\/\/api.w.org\/{rel}","templated":true}]}}