{"id":5205,"date":"2020-09-21T17:39:27","date_gmt":"2020-09-21T15:39:27","guid":{"rendered":"https:\/\/kuken.alfadyser.dev\/?post_type=product&#038;p=5205"},"modified":"2025-07-23T08:54:24","modified_gmt":"2025-07-23T06:54:24","slug":"kuchenroboter-k%c3%bcken-touch","status":"publish","type":"product","link":"https:\/\/kuken.alfadyser.dev\/de\/produkt\/kuchenroboter-k%c3%bcken-touch\/","title":{"rendered":"K\u00dcKEN TOUCH 9000 K\u00dcCHENMASCHINE"},"content":{"rendered":"<p>K\u00dcKEN TOUCH 9000 K\u00dcCHENMASCHINE<\/p>\n<ul>\n<li class=\"\" data-start=\"679\" data-end=\"761\">\n<p class=\"\" data-start=\"681\" data-end=\"761\">12 funciones: picar, amasar, batir, fundir, cocinar al vapor, entre otras.<\/p>\n<\/li>\n<li class=\"\" data-start=\"762\" data-end=\"832\">\n<p class=\"\" data-start=\"764\" data-end=\"832\">Pantalla t\u00e1ctil \u201cSoftTouch Screen\u201d, intuitiva y f\u00e1cil de usar.<\/p>\n<\/li>\n<li class=\"\" data-start=\"833\" data-end=\"909\">\n<p class=\"\" data-start=\"835\" data-end=\"909\">Conexi\u00f3n Wi-Fi para actualizar y descargar recetas mensualmente.<\/p>\n<\/li>\n<li class=\"\" data-start=\"910\" data-end=\"975\">\n<p class=\"\" data-start=\"912\" data-end=\"975\">M\u00e1s de 100 recetas preinstaladas, explicadas paso a paso.<\/p>\n<\/li>\n<li class=\"\" data-start=\"976\" data-end=\"1041\">\n<p class=\"\" data-start=\"978\" data-end=\"1041\">B\u00e1scula integrada, pesa ingredientes con total precisi\u00f3n.<\/p>\n<\/li>\n<li class=\"\" data-start=\"1042\" data-end=\"1108\">\n<p class=\"\" data-start=\"1044\" data-end=\"1108\">Jarra de acero inoxidable de 3,5L, capacidad \u00fatil de 2,3L.<\/p>\n<\/li>\n<li class=\"\" data-start=\"1109\" data-end=\"1172\">\n<p class=\"\" data-start=\"1111\" data-end=\"1172\">Disco \u201cFood Processor\u201d reversible para cortar y rallar.<\/p>\n<\/li>\n<li class=\"\" data-start=\"1173\" data-end=\"1232\">\n<p class=\"\" data-start=\"1175\" data-end=\"1232\">Cuchillas de acero inoxidable, incluso pican hielo.<\/p>\n<\/li>\n<li class=\"\" data-start=\"1233\" data-end=\"1306\">\n<p class=\"\" data-start=\"1235\" data-end=\"1306\">Vaporera de dos niveles, cocina saludable conservando nutrientes.<\/p>\n<\/li>\n<li class=\"\" data-start=\"1307\" data-end=\"1395\">\n<p class=\"\" data-start=\"1309\" data-end=\"1395\">Modo manual, programa tiempo, temperatura (37\u00baC\u2013120\u00baC) y velocidad (12 niveles).<\/p>\n<\/li>\n<li class=\"\" data-start=\"1396\" data-end=\"1461\">\n<p class=\"\" data-start=\"1398\" data-end=\"1461\">Incluye 14 accesorios libres de BPA, seguros y resistentes.<\/p>\n<\/li>\n<\/ul>\n<p><div class=\"accordion\"><div class=\"mfn-acc accordion_wrapper  toggle\"><div class=\"question\"><div class=\"title\"><i class=\"icon-plus acc-icon-plus\" aria-hidden=\"true\"><\/i><i class=\"icon-minus acc-icon-minus\" aria-hidden=\"true\"><\/i>Produktdaten<\/div><div class=\"answer\">EAN 8425160340681<\/p>\n<p>K\u00dcKEN TOUCH 9000 K\u00dcCHENMASCHINE<\/p>\n<p>Packeinheit 1<br \/>\nFarbe Wei\u00df und Grau<br \/>\nVerpackung Box Farbe<br \/>\nLeistung Motor 1.300W \/ Mixer 600W \/ Heizung 1.000W<br \/>\nSpannung 230 V<\/p>\n<p><\/div><\/div>\n<\/div><\/div>\n<br \/>\n<div class=\"accordion\"><div class=\"mfn-acc accordion_wrapper  toggle\"><div class=\"question\"><div class=\"title\"><i class=\"icon-plus acc-icon-plus\" aria-hidden=\"true\"><\/i><i class=\"icon-minus acc-icon-minus\" aria-hidden=\"true\"><\/i>Zubeh\u00f6r<\/div><div class=\"answer\"><\/p>\n<p>Steamer und vielf\u00e4ltiges Zubeh\u00f6r<\/p>\n<p><\/div><\/div>\n<\/div><\/div>\n<\/p>\n<p>Folgen Sie uns auf den sozialen Medien!<\/p>\n<p><a href=\"https:\/\/www.instagram.com\/kuken_appliances\/\">https:\/\/www.instagram.com\/kuken_appliances\/<\/a><\/p>\n<p><img loading=\"lazy\" decoding=\"async\" src=\"\/wp-content\/uploads\/2019\/12\/picto-descarrega.png\" alt=\"Datenblatt herunterladen\" width=\"23\" height=\"16\" \/>Blatt herunterladen<br \/>\n<img loading=\"lazy\" decoding=\"async\" src=\"\/wp-content\/uploads\/2019\/12\/picto-descarrega.png\" alt=\"Gebrauchsanweisung herunterladen\" width=\"23\" height=\"16\" \/>Handbuch herunterladen<\/p>\n<p>&nbsp;<\/p>\n<div>.<\/div>\n<div><\/div>\n<p><iframe loading=\"lazy\" title=\"k\u00fcken Touch 9000 K\u00fcchenroboter\" width=\"560\" height=\"315\" src=\"https:\/\/www.youtube.com\/embed\/WOhCmA2FjpM?feature=oembed\" frameborder=\"0\" allow=\"accelerometer; autoplay; clipboard-write; encrypted-media; gyroscope; picture-in-picture; web-share\" referrerpolicy=\"strict-origin-when-cross-origin\" allowfullscreen><\/iframe><\/p>","protected":false},"excerpt":{"rendered":"<p class=\"\" data-start=\"449\" data-end=\"602\">Tu aliado m\u00e1s vers\u00e1til en la cocina. Prepara recetas guiadas paso a paso, mezcla, pesa, cocina al vapor y m\u00e1s con control total desde su pantalla t\u00e1ctil.<\/p>","protected":false},"featured_media":8988,"template":"","meta":[],"product_brand":[],"product_cat":[191],"product_tag":[],"class_list":{"0":"post-5205","1":"product","2":"type-product","3":"status-publish","4":"has-post-thumbnail","6":"product_cat-robots-de-cocina","8":"first","9":"instock","10":"product-type-simple"},"yoast_head":"<!-- This site is optimized with the Yoast SEO Premium plugin v24.0 (Yoast SEO v26.5) - https:\/\/yoast.com\/wordpress\/plugins\/seo\/ -->\n<title>\u25b6\ufe0e Robot de cocina K\u00fcKen TOUCH 9000 - K\u00fcken \u25c0\ufe0e<\/title>\n<meta name=\"description\" content=\"Robot de cocina K\u00fcken TOUCH 9000 con 12 funciones y m\u00e1s de 100 recetas preinstaladas. Para m\u00e1s informaci\u00f3n visita la web de k\u00fcken.\" \/>\n<meta name=\"robots\" content=\"noindex, follow, max-snippet:-1, max-image-preview:large, max-video-preview:-1\" \/>\n<meta property=\"og:locale\" content=\"de_DE\" \/>\n<meta property=\"og:type\" content=\"article\" \/>\n<meta property=\"og:title\" content=\"ROBOT DE COCINA K\u00dcKEN TOUCH 9000\" \/>\n<meta property=\"og:description\" content=\"Robot de cocina K\u00fcken TOUCH 9000 con 12 funciones y m\u00e1s de 100 recetas preinstaladas. Para m\u00e1s informaci\u00f3n visita la web de k\u00fcken.\" \/>\n<meta property=\"og:url\" content=\"https:\/\/kuken.alfadyser.dev\/de\/produkt\/kuchenroboter-k\u00fcken-touch\/\" \/>\n<meta property=\"og:site_name\" content=\"K\u00fcken\" \/>\n<meta property=\"article:publisher\" content=\"https:\/\/es-es.facebook.com\/alfadyser\/\" \/>\n<meta property=\"article:modified_time\" content=\"2025-07-23T06:54:24+00:00\" \/>\n<meta property=\"og:image\" content=\"https:\/\/kuken.alfadyser.dev\/wp-content\/uploads\/8425160340681_01-2.jpg\" \/>\n\t<meta property=\"og:image:width\" content=\"2000\" \/>\n\t<meta property=\"og:image:height\" content=\"2000\" \/>\n\t<meta property=\"og:image:type\" content=\"image\/jpeg\" \/>\n<meta name=\"twitter:card\" content=\"summary_large_image\" \/>\n<meta name=\"twitter:label1\" content=\"Preis\" \/>\n\t<meta name=\"twitter:data1\" content=\"\" \/>\n\t<meta name=\"twitter:label2\" content=\"Verf\u00fcgbarkeit\" \/>\n\t<meta name=\"twitter:data2\" content=\"Auf Lager\" \/>\n<script type=\"application\/ld+json\" class=\"yoast-schema-graph\">{\"@context\":\"https:\/\/schema.org\",\"@graph\":[{\"@type\":\"WebPage\",\"@id\":\"https:\/\/kuken.alfadyser.dev\/producto\/robot-de-cocina-kuken-touch-9000\/\",\"url\":\"https:\/\/kuken.alfadyser.dev\/producto\/robot-de-cocina-kuken-touch-9000\/\",\"name\":\"\u25b6\ufe0e Robot de cocina K\u00fcKen TOUCH 9000 - K\u00fcken \u25c0\ufe0e\",\"isPartOf\":{\"@id\":\"https:\/\/kuken.alfadyser.dev\/#website\"},\"primaryImageOfPage\":{\"@id\":\"https:\/\/kuken.alfadyser.dev\/producto\/robot-de-cocina-kuken-touch-9000\/#primaryimage\"},\"image\":{\"@id\":\"https:\/\/kuken.alfadyser.dev\/producto\/robot-de-cocina-kuken-touch-9000\/#primaryimage\"},\"thumbnailUrl\":\"https:\/\/kuken.alfadyser.dev\/wp-content\/uploads\/8425160340681_01-2.jpg\",\"datePublished\":\"2020-09-21T15:39:27+00:00\",\"dateModified\":\"2025-07-23T06:54:24+00:00\",\"description\":\"Robot de cocina K\u00fcken TOUCH 9000 con 12 funciones y m\u00e1s de 100 recetas preinstaladas. Para m\u00e1s informaci\u00f3n visita la web de k\u00fcken.\",\"breadcrumb\":{\"@id\":\"https:\/\/kuken.alfadyser.dev\/producto\/robot-de-cocina-kuken-touch-9000\/#breadcrumb\"},\"inLanguage\":\"de\",\"potentialAction\":[{\"@type\":\"ReadAction\",\"target\":[\"https:\/\/kuken.alfadyser.dev\/producto\/robot-de-cocina-kuken-touch-9000\/\"]}]},{\"@type\":\"ImageObject\",\"inLanguage\":\"de\",\"@id\":\"https:\/\/kuken.alfadyser.dev\/producto\/robot-de-cocina-kuken-touch-9000\/#primaryimage\",\"url\":\"https:\/\/kuken.alfadyser.dev\/wp-content\/uploads\/8425160340681_01-2.jpg\",\"contentUrl\":\"https:\/\/kuken.alfadyser.dev\/wp-content\/uploads\/8425160340681_01-2.jpg\",\"width\":2000,\"height\":2000,\"caption\":\"Robot de cocina multifunci\u00f3n\"},{\"@type\":\"BreadcrumbList\",\"@id\":\"https:\/\/kuken.alfadyser.dev\/producto\/robot-de-cocina-kuken-touch-9000\/#breadcrumb\",\"itemListElement\":[{\"@type\":\"ListItem\",\"position\":1,\"name\":\"Portada\",\"item\":\"https:\/\/kuken.alfadyser.dev\/\"},{\"@type\":\"ListItem\",\"position\":2,\"name\":\"Productos\",\"item\":\"https:\/\/kuken.alfadyser.dev\/productos\/\"},{\"@type\":\"ListItem\",\"position\":3,\"name\":\"ROBOT DE COCINA K\u00dcKEN TOUCH 9000\"}]},{\"@type\":\"WebSite\",\"@id\":\"https:\/\/kuken.alfadyser.dev\/#website\",\"url\":\"https:\/\/kuken.alfadyser.dev\/\",\"name\":\"K\u00fcken\",\"description\":\"Amplia gama de peque\u00f1o electrodom\u00e9stico k\u00fcken\",\"publisher\":{\"@id\":\"https:\/\/kuken.alfadyser.dev\/#organization\"},\"potentialAction\":[{\"@type\":\"SearchAction\",\"target\":{\"@type\":\"EntryPoint\",\"urlTemplate\":\"https:\/\/kuken.alfadyser.dev\/?s={search_term_string}\"},\"query-input\":{\"@type\":\"PropertyValueSpecification\",\"valueRequired\":true,\"valueName\":\"search_term_string\"}}],\"inLanguage\":\"de\"},{\"@type\":\"Organization\",\"@id\":\"https:\/\/kuken.alfadyser.dev\/#organization\",\"name\":\"Alfa Dyser\",\"url\":\"https:\/\/kuken.alfadyser.dev\/\",\"logo\":{\"@type\":\"ImageObject\",\"inLanguage\":\"de\",\"@id\":\"https:\/\/kuken.alfadyser.dev\/#\/schema\/logo\/image\/\",\"url\":\"https:\/\/kuken.alfadyser.dev\/wp-content\/uploads\/2019\/04\/kuken-logo.png\",\"contentUrl\":\"https:\/\/kuken.alfadyser.dev\/wp-content\/uploads\/2019\/04\/kuken-logo.png\",\"width\":500,\"height\":191,\"caption\":\"Alfa Dyser\"},\"image\":{\"@id\":\"https:\/\/kuken.alfadyser.dev\/#\/schema\/logo\/image\/\"},\"sameAs\":[\"https:\/\/es-es.facebook.com\/alfadyser\/\",\"https:\/\/www.instagram.com\/kuken_appliances\/\"]}]}<\/script>\n<meta property=\"product:price:currency\" content=\"EUR\" \/>\n<meta property=\"og:availability\" content=\"instock\" \/>\n<meta property=\"product:availability\" content=\"instock\" \/>\n<meta property=\"product:retailer_item_id\" content=\"34068\" \/>\n<meta property=\"product:condition\" content=\"new\" \/>\n<!-- \/ Yoast SEO Premium plugin. -->","yoast_head_json":{"title":"\u25b6\ufe0e K\u00fcKen TOUCH 9000 K\u00fcchenroboter - K\u00fcken \u25c0\ufe0e","description":"K\u00fcken TOUCH 9000 K\u00fcchenmaschine mit 12 Funktionen und mehr als 100 vorinstallierten Rezepten. Weitere Informationen finden Sie auf der k\u00fcken-Website.","robots":{"index":"noindex","follow":"follow","max-snippet":"max-snippet:-1","max-image-preview":"max-image-preview:large","max-video-preview":"max-video-preview:-1"},"og_locale":"de_DE","og_type":"article","og_title":"ROBOT DE COCINA K\u00dcKEN TOUCH 9000","og_description":"Robot de cocina K\u00fcken TOUCH 9000 con 12 funciones y m\u00e1s de 100 recetas preinstaladas. Para m\u00e1s informaci\u00f3n visita la web de k\u00fcken.","og_url":"https:\/\/kuken.alfadyser.dev\/de\/produkt\/kuchenroboter-k\u00fcken-touch\/","og_site_name":"K\u00fcken","article_publisher":"https:\/\/es-es.facebook.com\/alfadyser\/","article_modified_time":"2025-07-23T06:54:24+00:00","og_image":[{"width":2000,"height":2000,"url":"https:\/\/kuken.alfadyser.dev\/wp-content\/uploads\/8425160340681_01-2.jpg","type":"image\/jpeg"}],"twitter_card":"summary_large_image","twitter_misc":{"Preis":"","Verf\u00fcgbarkeit":"Auf Lager"},"schema":{"@context":"https:\/\/schema.org","@graph":[{"@type":"WebPage","@id":"https:\/\/kuken.alfadyser.dev\/producto\/robot-de-cocina-kuken-touch-9000\/","url":"https:\/\/kuken.alfadyser.dev\/producto\/robot-de-cocina-kuken-touch-9000\/","name":"\u25b6\ufe0e K\u00fcKen TOUCH 9000 K\u00fcchenroboter - K\u00fcken \u25c0\ufe0e","isPartOf":{"@id":"https:\/\/kuken.alfadyser.dev\/#website"},"primaryImageOfPage":{"@id":"https:\/\/kuken.alfadyser.dev\/producto\/robot-de-cocina-kuken-touch-9000\/#primaryimage"},"image":{"@id":"https:\/\/kuken.alfadyser.dev\/producto\/robot-de-cocina-kuken-touch-9000\/#primaryimage"},"thumbnailUrl":"https:\/\/kuken.alfadyser.dev\/wp-content\/uploads\/8425160340681_01-2.jpg","datePublished":"2020-09-21T15:39:27+00:00","dateModified":"2025-07-23T06:54:24+00:00","description":"K\u00fcken TOUCH 9000 K\u00fcchenmaschine mit 12 Funktionen und mehr als 100 vorinstallierten Rezepten. Weitere Informationen finden Sie auf der k\u00fcken-Website.","breadcrumb":{"@id":"https:\/\/kuken.alfadyser.dev\/producto\/robot-de-cocina-kuken-touch-9000\/#breadcrumb"},"inLanguage":"de","potentialAction":[{"@type":"ReadAction","target":["https:\/\/kuken.alfadyser.dev\/producto\/robot-de-cocina-kuken-touch-9000\/"]}]},{"@type":"ImageObject","inLanguage":"de","@id":"https:\/\/kuken.alfadyser.dev\/producto\/robot-de-cocina-kuken-touch-9000\/#primaryimage","url":"https:\/\/kuken.alfadyser.dev\/wp-content\/uploads\/8425160340681_01-2.jpg","contentUrl":"https:\/\/kuken.alfadyser.dev\/wp-content\/uploads\/8425160340681_01-2.jpg","width":2000,"height":2000,"caption":"Robot de cocina multifunci\u00f3n"},{"@type":"BreadcrumbList","@id":"https:\/\/kuken.alfadyser.dev\/producto\/robot-de-cocina-kuken-touch-9000\/#breadcrumb","itemListElement":[{"@type":"ListItem","position":1,"name":"Portada","item":"https:\/\/kuken.alfadyser.dev\/"},{"@type":"ListItem","position":2,"name":"Productos","item":"https:\/\/kuken.alfadyser.dev\/productos\/"},{"@type":"ListItem","position":3,"name":"ROBOT DE COCINA K\u00dcKEN TOUCH 9000"}]},{"@type":"WebSite","@id":"https:\/\/kuken.alfadyser.dev\/#website","url":"https:\/\/kuken.alfadyser.dev\/","name":"K\u00fcken","description":"Gro\u00dfe Auswahl an k\u00fcken Haushaltskleinger\u00e4ten","publisher":{"@id":"https:\/\/kuken.alfadyser.dev\/#organization"},"potentialAction":[{"@type":"SearchAction","target":{"@type":"EntryPoint","urlTemplate":"https:\/\/kuken.alfadyser.dev\/?s={search_term_string}"},"query-input":{"@type":"PropertyValueSpecification","valueRequired":true,"valueName":"search_term_string"}}],"inLanguage":"de"},{"@type":"Organization","@id":"https:\/\/kuken.alfadyser.dev\/#organization","name":"Alpha Dyser","url":"https:\/\/kuken.alfadyser.dev\/","logo":{"@type":"ImageObject","inLanguage":"de","@id":"https:\/\/kuken.alfadyser.dev\/#\/schema\/logo\/image\/","url":"https:\/\/kuken.alfadyser.dev\/wp-content\/uploads\/2019\/04\/kuken-logo.png","contentUrl":"https:\/\/kuken.alfadyser.dev\/wp-content\/uploads\/2019\/04\/kuken-logo.png","width":500,"height":191,"caption":"Alfa Dyser"},"image":{"@id":"https:\/\/kuken.alfadyser.dev\/#\/schema\/logo\/image\/"},"sameAs":["https:\/\/es-es.facebook.com\/alfadyser\/","https:\/\/www.instagram.com\/kuken_appliances\/"]}]},"product_price_currency":"EUR","og_availability":"instock","product_availability":"instock","product_retailer_item_id":"34068","product_condition":"new"},"_links":{"self":[{"href":"https:\/\/kuken.alfadyser.dev\/de\/wp-json\/wp\/v2\/product\/5205","targetHints":{"allow":["GET"]}}],"collection":[{"href":"https:\/\/kuken.alfadyser.dev\/de\/wp-json\/wp\/v2\/product"}],"about":[{"href":"https:\/\/kuken.alfadyser.dev\/de\/wp-json\/wp\/v2\/types\/product"}],"wp:featuredmedia":[{"embeddable":true,"href":"https:\/\/kuken.alfadyser.dev\/de\/wp-json\/wp\/v2\/media\/8988"}],"wp:attachment":[{"href":"https:\/\/kuken.alfadyser.dev\/de\/wp-json\/wp\/v2\/media?parent=5205"}],"wp:term":[{"taxonomy":"product_brand","embeddable":true,"href":"https:\/\/kuken.alfadyser.dev\/de\/wp-json\/wp\/v2\/product_brand?post=5205"},{"taxonomy":"product_cat","embeddable":true,"href":"https:\/\/kuken.alfadyser.dev\/de\/wp-json\/wp\/v2\/product_cat?post=5205"},{"taxonomy":"product_tag","embeddable":true,"href":"https:\/\/kuken.alfadyser.dev\/de\/wp-json\/wp\/v2\/product_tag?post=5205"}],"curies":[{"name":"wp","href":"https:\/\/api.w.org\/{rel}","templated":true}]}}