{"id":3893,"date":"2020-03-02T10:51:13","date_gmt":"2020-03-02T09:51:13","guid":{"rendered":"https:\/\/kuken.alfadyser.dev\/producto\/tostadora-ranura-grande-1000w-kuken-vintage\/"},"modified":"2025-07-31T13:42:08","modified_gmt":"2025-07-31T11:42:08","slug":"toaster-alt-grun-grun-gras-gros-1000w-kuken","status":"publish","type":"product","link":"https:\/\/kuken.alfadyser.dev\/de\/produkt\/toaster-alt-grun-grun-gras-gros-1000w-kuken\/","title":{"rendered":"VINTAGE GR\u00dcN GROSSSCHLITZ TOASTER 1000W K\u00dcKEN"},"content":{"rendered":"<p>VINTAGE GR\u00dcN GROSSSCHLITZ TOASTER 1000W K\u00dcKEN<\/p>\n<ul data-start=\"569\" data-end=\"1329\">\n<li data-start=\"569\" data-end=\"637\">\n<p data-start=\"571\" data-end=\"637\">Potencia de 1000W: asegura un tostado r\u00e1pido y uniforme.<\/p>\n<\/li>\n<li data-start=\"638\" data-end=\"728\">\n<p data-start=\"640\" data-end=\"728\">Ranura extragrande (250x41x120 mm): ideal para rebanadas anchas o artesanales.<\/p>\n<\/li>\n<li data-start=\"729\" data-end=\"821\">\n<p data-start=\"731\" data-end=\"821\">Dise\u00f1o en acero inoxidable: con acabado verde vintage y laterales de tacto fr\u00edo.<\/p>\n<\/li>\n<li data-start=\"822\" data-end=\"896\">\n<p data-start=\"824\" data-end=\"896\">Resistencias de gran superficie: permiten un dorado homog\u00e9neo.<\/p>\n<\/li>\n<li data-start=\"897\" data-end=\"981\">\n<p data-start=\"899\" data-end=\"981\">Seis niveles de tostado: regulables mediante selector giratorio frontal.<\/p>\n<\/li>\n<li data-start=\"982\" data-end=\"1079\">\n<p data-start=\"984\" data-end=\"1079\">Tres funciones autom\u00e1ticas: descongelar, recalentar y parada, con botones iluminados.<\/p>\n<\/li>\n<li data-start=\"1080\" data-end=\"1169\">\n<p data-start=\"1082\" data-end=\"1169\">Sistema de centrado autom\u00e1tico: posiciona el pan para un tostado equilibrado.<\/p>\n<\/li>\n<li data-start=\"1170\" data-end=\"1253\">\n<p data-start=\"1172\" data-end=\"1253\">Funci\u00f3n extra elevaci\u00f3n: facilita la extracci\u00f3n segura de las tostadas.<\/p>\n<\/li>\n<li data-start=\"1254\" data-end=\"1329\">\n<p data-start=\"1256\" data-end=\"1329\">Bandeja recogemigas extra\u00edble: para una limpieza c\u00f3moda y r\u00e1pida.<\/p>\n<\/li>\n<\/ul>\n<p><div class=\"accordion\"><div class=\"mfn-acc accordion_wrapper  toggle\"><div class=\"question\"><div class=\"title\"><i class=\"icon-plus acc-icon-plus\" aria-hidden=\"true\"><\/i><i class=\"icon-minus acc-icon-minus\" aria-hidden=\"true\"><\/i>Produktdaten<\/div><div class=\"answer\">EAN 8425160339630<\/p>\n<p>VINTAGE GR\u00dcN GROSSSCHLITZ TOASTER 1000W K\u00dcKEN<\/p>\n<p>Packeinheit 1<br \/>\nFarbe Vintage gr\u00fcn<br \/>\nVerpackung Farbige Schachtel<br \/>\nLeistung 1000 W<br \/>\nSpannung 230 V<br \/>\nMaterial Edelstahl \/ PC<br \/>\nSchnitte 2<br \/>\nRutschfeste F\u00fc\u00dfe Ja<br \/>\nAbmessungen (LxBxH): 365 x 120 x 190 mm<br \/>\nGewicht 1,7 kg<\/div><\/div>\n<\/div><\/div>\n<br \/>\n<div class=\"accordion\"><div class=\"mfn-acc accordion_wrapper  toggle\"><div class=\"question\"><div class=\"title\"><i class=\"icon-plus acc-icon-plus\" aria-hidden=\"true\"><\/i><i class=\"icon-minus acc-icon-minus\" aria-hidden=\"true\"><\/i>Zubeh\u00f6r<\/div><div class=\"answer\"><\/div><\/div>\n<\/div><\/div>\n<\/p>\n<div class=\"descargas-producto\"><a href=\"\/wp-content\/uploads\/pdf\/8425160339630_ficha_tecnica.pdf\" target=\"_blank\" rel=\"noopener noreferrer\"><br \/>\n<img loading=\"lazy\" decoding=\"async\" src=\"\/wp-content\/uploads\/2019\/12\/picto-descarrega.png\" alt=\"Datenblatt herunterladen\" width=\"23\" height=\"16\" \/>Blatt herunterladen<\/a><a href=\"https:\/\/kuken.alfadyser.dev\/wp-content\/uploads\/33963_instrucciones.pdf\" target=\"_blank\" rel=\"noopener noreferrer\"><br \/>\n<img loading=\"lazy\" decoding=\"async\" src=\"\/wp-content\/uploads\/2019\/12\/picto-descarrega.png\" alt=\"Gebrauchsanweisung herunterladen\" width=\"23\" height=\"16\" \/>Handbuch herunterladen<\/a><\/div>\n<div><\/div>\n<div><span style=\"color: #bf2121;\">Folgen Sie uns auf den sozialen Medien!<\/span><\/div>\n<div><a href=\"https:\/\/www.instagram.com\/kuken_appliances\/\">https:\/\/www.instagram.com\/kuken_appliances\/<\/a><\/div>\n<p><iframe loading=\"lazy\" title=\"Gro\u00dfer Schlitztoaster 1000w k\u00fcken Vintage\" width=\"560\" height=\"315\" src=\"https:\/\/www.youtube.com\/embed\/3cuGBUE4s4E?feature=oembed\" frameborder=\"0\" allow=\"accelerometer; autoplay; clipboard-write; encrypted-media; gyroscope; picture-in-picture; web-share\" referrerpolicy=\"strict-origin-when-cross-origin\" allowfullscreen><\/iframe><\/p>","protected":false},"excerpt":{"rendered":"<p data-start=\"378\" data-end=\"531\">Vintage-Stil und moderne Leistung in einem leistungsstarken und funktionellen Toaster. Perfekt f\u00fcr gro\u00dfe Scheiben, mit mehreren Funktionen und dekorativer Oberfl\u00e4che.<\/p>","protected":false},"featured_media":3894,"template":"","meta":[],"product_brand":[],"product_cat":[204],"product_tag":[],"class_list":{"0":"post-3893","1":"product","2":"type-product","3":"status-publish","4":"has-post-thumbnail","6":"product_cat-tostadoras","7":"pa_tipos-tostadora-1-ranura","9":"first","10":"instock","11":"product-type-simple"},"yoast_head":"<!-- This site is optimized with the Yoast SEO Premium plugin v24.0 (Yoast SEO v26.5) - https:\/\/yoast.com\/wordpress\/plugins\/seo\/ -->\n<title>\u25b6\ufe0e TOSTADORA VINTAGE VERDE ESTILO Y DISE\u00d1O RETRO - K\u00fcken \u25c0\ufe0e<\/title>\n<meta name=\"description\" content=\"Exclusiva tostadora vintage k\u00fcken de color verde. Dale a tu cocina un toque elegante con nuestra tostadora de estilo vintage.\" \/>\n<meta name=\"robots\" content=\"noindex, follow, max-snippet:-1, max-image-preview:large, max-video-preview:-1\" \/>\n<meta property=\"og:locale\" content=\"de_DE\" \/>\n<meta property=\"og:type\" content=\"article\" \/>\n<meta property=\"og:title\" content=\"TOSTADORA VINTAGE VERDE RANURA GRANDE 1000W K\u00dcKEN\" \/>\n<meta property=\"og:description\" content=\"Exclusiva tostadora vintage k\u00fcken de color verde. Dale a tu cocina un toque elegante con nuestra tostadora de estilo vintage.\" \/>\n<meta property=\"og:url\" content=\"https:\/\/kuken.alfadyser.dev\/de\/produkt\/toaster-alt-grun-grun-gras-gros-1000w-kuken\/\" \/>\n<meta property=\"og:site_name\" content=\"K\u00fcken\" \/>\n<meta property=\"article:publisher\" content=\"https:\/\/es-es.facebook.com\/alfadyser\/\" \/>\n<meta property=\"article:modified_time\" content=\"2025-07-31T11:42:08+00:00\" \/>\n<meta property=\"og:image\" content=\"https:\/\/kuken.alfadyser.dev\/wp-content\/uploads\/2020\/03\/TOSTADORA-RANURA-GRANDE-1000W-KUKEN-VINTAGE.jpg\" \/>\n\t<meta property=\"og:image:width\" content=\"853\" \/>\n\t<meta property=\"og:image:height\" content=\"853\" \/>\n\t<meta property=\"og:image:type\" content=\"image\/jpeg\" \/>\n<meta name=\"twitter:card\" content=\"summary_large_image\" \/>\n<meta name=\"twitter:label1\" content=\"Preis\" \/>\n\t<meta name=\"twitter:data1\" content=\"\" \/>\n\t<meta name=\"twitter:label2\" content=\"Verf\u00fcgbarkeit\" \/>\n\t<meta name=\"twitter:data2\" content=\"Auf Lager\" \/>\n<script type=\"application\/ld+json\" class=\"yoast-schema-graph\">{\"@context\":\"https:\/\/schema.org\",\"@graph\":[{\"@type\":\"WebPage\",\"@id\":\"https:\/\/kuken.alfadyser.dev\/producto\/tostadora-vintage-verde-ranura-grande-1000w-kuken\/\",\"url\":\"https:\/\/kuken.alfadyser.dev\/producto\/tostadora-vintage-verde-ranura-grande-1000w-kuken\/\",\"name\":\"\u25b6\ufe0e TOSTADORA VINTAGE VERDE ESTILO Y DISE\u00d1O RETRO - K\u00fcken \u25c0\ufe0e\",\"isPartOf\":{\"@id\":\"https:\/\/kuken.alfadyser.dev\/#website\"},\"primaryImageOfPage\":{\"@id\":\"https:\/\/kuken.alfadyser.dev\/producto\/tostadora-vintage-verde-ranura-grande-1000w-kuken\/#primaryimage\"},\"image\":{\"@id\":\"https:\/\/kuken.alfadyser.dev\/producto\/tostadora-vintage-verde-ranura-grande-1000w-kuken\/#primaryimage\"},\"thumbnailUrl\":\"https:\/\/kuken.alfadyser.dev\/wp-content\/uploads\/2020\/03\/TOSTADORA-RANURA-GRANDE-1000W-KUKEN-VINTAGE.jpg\",\"datePublished\":\"2020-03-02T09:51:13+00:00\",\"dateModified\":\"2025-07-31T11:42:08+00:00\",\"description\":\"Exclusiva tostadora vintage k\u00fcken de color verde. Dale a tu cocina un toque elegante con nuestra tostadora de estilo vintage.\",\"breadcrumb\":{\"@id\":\"https:\/\/kuken.alfadyser.dev\/producto\/tostadora-vintage-verde-ranura-grande-1000w-kuken\/#breadcrumb\"},\"inLanguage\":\"de\",\"potentialAction\":[{\"@type\":\"ReadAction\",\"target\":[\"https:\/\/kuken.alfadyser.dev\/producto\/tostadora-vintage-verde-ranura-grande-1000w-kuken\/\"]}]},{\"@type\":\"ImageObject\",\"inLanguage\":\"de\",\"@id\":\"https:\/\/kuken.alfadyser.dev\/producto\/tostadora-vintage-verde-ranura-grande-1000w-kuken\/#primaryimage\",\"url\":\"https:\/\/kuken.alfadyser.dev\/wp-content\/uploads\/2020\/03\/TOSTADORA-RANURA-GRANDE-1000W-KUKEN-VINTAGE.jpg\",\"contentUrl\":\"https:\/\/kuken.alfadyser.dev\/wp-content\/uploads\/2020\/03\/TOSTADORA-RANURA-GRANDE-1000W-KUKEN-VINTAGE.jpg\",\"width\":853,\"height\":853,\"caption\":\"Tostadora vintage k\u00fcken verde\"},{\"@type\":\"BreadcrumbList\",\"@id\":\"https:\/\/kuken.alfadyser.dev\/producto\/tostadora-vintage-verde-ranura-grande-1000w-kuken\/#breadcrumb\",\"itemListElement\":[{\"@type\":\"ListItem\",\"position\":1,\"name\":\"Portada\",\"item\":\"https:\/\/kuken.alfadyser.dev\/\"},{\"@type\":\"ListItem\",\"position\":2,\"name\":\"Productos\",\"item\":\"https:\/\/kuken.alfadyser.dev\/productos\/\"},{\"@type\":\"ListItem\",\"position\":3,\"name\":\"TOSTADORA VINTAGE VERDE RANURA GRANDE 1000W K\u00dcKEN\"}]},{\"@type\":\"WebSite\",\"@id\":\"https:\/\/kuken.alfadyser.dev\/#website\",\"url\":\"https:\/\/kuken.alfadyser.dev\/\",\"name\":\"K\u00fcken\",\"description\":\"Amplia gama de peque\u00f1o electrodom\u00e9stico k\u00fcken\",\"publisher\":{\"@id\":\"https:\/\/kuken.alfadyser.dev\/#organization\"},\"potentialAction\":[{\"@type\":\"SearchAction\",\"target\":{\"@type\":\"EntryPoint\",\"urlTemplate\":\"https:\/\/kuken.alfadyser.dev\/?s={search_term_string}\"},\"query-input\":{\"@type\":\"PropertyValueSpecification\",\"valueRequired\":true,\"valueName\":\"search_term_string\"}}],\"inLanguage\":\"de\"},{\"@type\":\"Organization\",\"@id\":\"https:\/\/kuken.alfadyser.dev\/#organization\",\"name\":\"Alfa Dyser\",\"url\":\"https:\/\/kuken.alfadyser.dev\/\",\"logo\":{\"@type\":\"ImageObject\",\"inLanguage\":\"de\",\"@id\":\"https:\/\/kuken.alfadyser.dev\/#\/schema\/logo\/image\/\",\"url\":\"https:\/\/kuken.alfadyser.dev\/wp-content\/uploads\/2019\/04\/kuken-logo.png\",\"contentUrl\":\"https:\/\/kuken.alfadyser.dev\/wp-content\/uploads\/2019\/04\/kuken-logo.png\",\"width\":500,\"height\":191,\"caption\":\"Alfa Dyser\"},\"image\":{\"@id\":\"https:\/\/kuken.alfadyser.dev\/#\/schema\/logo\/image\/\"},\"sameAs\":[\"https:\/\/es-es.facebook.com\/alfadyser\/\",\"https:\/\/www.instagram.com\/kuken_appliances\/\"]}]}<\/script>\n<meta property=\"product:price:currency\" content=\"EUR\" \/>\n<meta property=\"og:availability\" content=\"instock\" \/>\n<meta property=\"product:availability\" content=\"instock\" \/>\n<meta property=\"product:retailer_item_id\" content=\"33963\" \/>\n<meta property=\"product:condition\" content=\"new\" \/>\n<!-- \/ Yoast SEO Premium plugin. -->","yoast_head_json":{"title":"\u25b6\ufe0e VINTAGE GR\u00dcNE TOASTE-MASCHINE RETRO STYLE UND DESIGN - K\u00fcken \u25c0\ufe0e","description":"Exklusiver Vintage-Toaster von K\u00fcken in Gr\u00fcn. Verleihen Sie Ihrer K\u00fcche einen eleganten Touch mit unserem Toaster im Vintage-Stil.","robots":{"index":"noindex","follow":"follow","max-snippet":"max-snippet:-1","max-image-preview":"max-image-preview:large","max-video-preview":"max-video-preview:-1"},"og_locale":"de_DE","og_type":"article","og_title":"TOSTADORA VINTAGE VERDE RANURA GRANDE 1000W K\u00dcKEN","og_description":"Exclusiva tostadora vintage k\u00fcken de color verde. Dale a tu cocina un toque elegante con nuestra tostadora de estilo vintage.","og_url":"https:\/\/kuken.alfadyser.dev\/de\/produkt\/toaster-alt-grun-grun-gras-gros-1000w-kuken\/","og_site_name":"K\u00fcken","article_publisher":"https:\/\/es-es.facebook.com\/alfadyser\/","article_modified_time":"2025-07-31T11:42:08+00:00","og_image":[{"width":853,"height":853,"url":"https:\/\/kuken.alfadyser.dev\/wp-content\/uploads\/2020\/03\/TOSTADORA-RANURA-GRANDE-1000W-KUKEN-VINTAGE.jpg","type":"image\/jpeg"}],"twitter_card":"summary_large_image","twitter_misc":{"Preis":"","Verf\u00fcgbarkeit":"Auf Lager"},"schema":{"@context":"https:\/\/schema.org","@graph":[{"@type":"WebPage","@id":"https:\/\/kuken.alfadyser.dev\/producto\/tostadora-vintage-verde-ranura-grande-1000w-kuken\/","url":"https:\/\/kuken.alfadyser.dev\/producto\/tostadora-vintage-verde-ranura-grande-1000w-kuken\/","name":"\u25b6\ufe0e VINTAGE GR\u00dcNE TOASTE-MASCHINE RETRO STYLE UND DESIGN - K\u00fcken \u25c0\ufe0e","isPartOf":{"@id":"https:\/\/kuken.alfadyser.dev\/#website"},"primaryImageOfPage":{"@id":"https:\/\/kuken.alfadyser.dev\/producto\/tostadora-vintage-verde-ranura-grande-1000w-kuken\/#primaryimage"},"image":{"@id":"https:\/\/kuken.alfadyser.dev\/producto\/tostadora-vintage-verde-ranura-grande-1000w-kuken\/#primaryimage"},"thumbnailUrl":"https:\/\/kuken.alfadyser.dev\/wp-content\/uploads\/2020\/03\/TOSTADORA-RANURA-GRANDE-1000W-KUKEN-VINTAGE.jpg","datePublished":"2020-03-02T09:51:13+00:00","dateModified":"2025-07-31T11:42:08+00:00","description":"Exklusiver Vintage-Toaster von K\u00fcken in Gr\u00fcn. Verleihen Sie Ihrer K\u00fcche einen eleganten Touch mit unserem Toaster im Vintage-Stil.","breadcrumb":{"@id":"https:\/\/kuken.alfadyser.dev\/producto\/tostadora-vintage-verde-ranura-grande-1000w-kuken\/#breadcrumb"},"inLanguage":"de","potentialAction":[{"@type":"ReadAction","target":["https:\/\/kuken.alfadyser.dev\/producto\/tostadora-vintage-verde-ranura-grande-1000w-kuken\/"]}]},{"@type":"ImageObject","inLanguage":"de","@id":"https:\/\/kuken.alfadyser.dev\/producto\/tostadora-vintage-verde-ranura-grande-1000w-kuken\/#primaryimage","url":"https:\/\/kuken.alfadyser.dev\/wp-content\/uploads\/2020\/03\/TOSTADORA-RANURA-GRANDE-1000W-KUKEN-VINTAGE.jpg","contentUrl":"https:\/\/kuken.alfadyser.dev\/wp-content\/uploads\/2020\/03\/TOSTADORA-RANURA-GRANDE-1000W-KUKEN-VINTAGE.jpg","width":853,"height":853,"caption":"Tostadora vintage k\u00fcken verde"},{"@type":"BreadcrumbList","@id":"https:\/\/kuken.alfadyser.dev\/producto\/tostadora-vintage-verde-ranura-grande-1000w-kuken\/#breadcrumb","itemListElement":[{"@type":"ListItem","position":1,"name":"Portada","item":"https:\/\/kuken.alfadyser.dev\/"},{"@type":"ListItem","position":2,"name":"Productos","item":"https:\/\/kuken.alfadyser.dev\/productos\/"},{"@type":"ListItem","position":3,"name":"TOSTADORA VINTAGE VERDE RANURA GRANDE 1000W K\u00dcKEN"}]},{"@type":"WebSite","@id":"https:\/\/kuken.alfadyser.dev\/#website","url":"https:\/\/kuken.alfadyser.dev\/","name":"K\u00fcken","description":"Gro\u00dfe Auswahl an k\u00fcken Haushaltskleinger\u00e4ten","publisher":{"@id":"https:\/\/kuken.alfadyser.dev\/#organization"},"potentialAction":[{"@type":"SearchAction","target":{"@type":"EntryPoint","urlTemplate":"https:\/\/kuken.alfadyser.dev\/?s={search_term_string}"},"query-input":{"@type":"PropertyValueSpecification","valueRequired":true,"valueName":"search_term_string"}}],"inLanguage":"de"},{"@type":"Organization","@id":"https:\/\/kuken.alfadyser.dev\/#organization","name":"Alpha Dyser","url":"https:\/\/kuken.alfadyser.dev\/","logo":{"@type":"ImageObject","inLanguage":"de","@id":"https:\/\/kuken.alfadyser.dev\/#\/schema\/logo\/image\/","url":"https:\/\/kuken.alfadyser.dev\/wp-content\/uploads\/2019\/04\/kuken-logo.png","contentUrl":"https:\/\/kuken.alfadyser.dev\/wp-content\/uploads\/2019\/04\/kuken-logo.png","width":500,"height":191,"caption":"Alfa Dyser"},"image":{"@id":"https:\/\/kuken.alfadyser.dev\/#\/schema\/logo\/image\/"},"sameAs":["https:\/\/es-es.facebook.com\/alfadyser\/","https:\/\/www.instagram.com\/kuken_appliances\/"]}]},"product_price_currency":"EUR","og_availability":"instock","product_availability":"instock","product_retailer_item_id":"33963","product_condition":"new"},"_links":{"self":[{"href":"https:\/\/kuken.alfadyser.dev\/de\/wp-json\/wp\/v2\/product\/3893","targetHints":{"allow":["GET"]}}],"collection":[{"href":"https:\/\/kuken.alfadyser.dev\/de\/wp-json\/wp\/v2\/product"}],"about":[{"href":"https:\/\/kuken.alfadyser.dev\/de\/wp-json\/wp\/v2\/types\/product"}],"wp:featuredmedia":[{"embeddable":true,"href":"https:\/\/kuken.alfadyser.dev\/de\/wp-json\/wp\/v2\/media\/3894"}],"wp:attachment":[{"href":"https:\/\/kuken.alfadyser.dev\/de\/wp-json\/wp\/v2\/media?parent=3893"}],"wp:term":[{"taxonomy":"product_brand","embeddable":true,"href":"https:\/\/kuken.alfadyser.dev\/de\/wp-json\/wp\/v2\/product_brand?post=3893"},{"taxonomy":"product_cat","embeddable":true,"href":"https:\/\/kuken.alfadyser.dev\/de\/wp-json\/wp\/v2\/product_cat?post=3893"},{"taxonomy":"product_tag","embeddable":true,"href":"https:\/\/kuken.alfadyser.dev\/de\/wp-json\/wp\/v2\/product_tag?post=3893"}],"curies":[{"name":"wp","href":"https:\/\/api.w.org\/{rel}","templated":true}]}}