{"id":3785,"date":"2020-03-02T10:44:59","date_gmt":"2020-03-02T09:44:59","guid":{"rendered":"https:\/\/kuken.alfadyser.dev\/producto\/tostadora-2-ranuras-800w-red-kuken\/"},"modified":"2025-07-31T13:45:41","modified_gmt":"2025-07-31T11:45:41","slug":"toaster-red-2-slice-800w-kuken","status":"publish","type":"product","link":"https:\/\/kuken.alfadyser.dev\/de\/produkt\/toaster-red-2-slice-800w-kuken\/","title":{"rendered":"TOASTER ROT 2 SCHLITZE 800W K\u00dcKEN"},"content":{"rendered":"<p>TOASTER ROT 2 SCHLITZE 800W K\u00dcKEN<\/p>\n<ul data-start=\"536\" data-end=\"1290\">\n<li data-start=\"536\" data-end=\"606\">\n<p data-start=\"538\" data-end=\"606\"><strong data-start=\"538\" data-end=\"558\">800W Leistung<\/strong>: ideal f\u00fcr eine <strong data-start=\"574\" data-end=\"603\">schnelles und gleichm\u00e4\u00dfiges R\u00f6sten<\/strong>.<\/p>\n<\/li>\n<li data-start=\"607\" data-end=\"702\">\n<p data-start=\"609\" data-end=\"702\"><strong data-start=\"609\" data-end=\"645\">Zwei Steckpl\u00e4tze 140 x 31 x 120 mm<\/strong>: perfekt f\u00fcr <strong data-start=\"662\" data-end=\"699\">geschnittenes Brot oder normale Scheiben<\/strong>.<\/p>\n<\/li>\n<li data-start=\"703\" data-end=\"787\">\n<p data-start=\"705\" data-end=\"787\"><strong data-start=\"705\" data-end=\"732\">Sechs R\u00f6ststufen<\/strong>einstellbar mit Hilfe von <strong data-start=\"754\" data-end=\"784\">Front-Drehw\u00e4hler<\/strong>.<\/p>\n<\/li>\n<li data-start=\"788\" data-end=\"889\">\n<p data-start=\"790\" data-end=\"889\"><strong data-start=\"790\" data-end=\"820\">Drei automatische Funktionen<\/strong>: <strong data-start=\"822\" data-end=\"858\">Auftauen, Aufw\u00e4rmen und Abschalten<\/strong>mit <strong data-start=\"864\" data-end=\"886\">beleuchtete Tasten<\/strong>.<\/p>\n<\/li>\n<li data-start=\"890\" data-end=\"974\">\n<p data-start=\"892\" data-end=\"974\"><strong data-start=\"892\" data-end=\"923\">Automatische Brotzentrierung<\/strong>: gew\u00e4hrleistet eine <strong data-start=\"936\" data-end=\"971\">gleichm\u00e4\u00dfig golden auf beiden Seiten<\/strong>.<\/p>\n<\/li>\n<li data-start=\"975\" data-end=\"1064\">\n<p data-start=\"977\" data-end=\"1064\"><strong data-start=\"977\" data-end=\"1004\">Extra-Elevation-Funktion<\/strong>erleichtert die <strong data-start=\"1018\" data-end=\"1061\">Extraktion von Toast ohne Anbrennen<\/strong>.<\/p>\n<\/li>\n<li data-start=\"1065\" data-end=\"1134\">\n<p data-start=\"1067\" data-end=\"1134\"><strong data-start=\"1067\" data-end=\"1094\">Cool-Touch-Seiten<\/strong>zus\u00e4tzlichen Schutz w\u00e4hrend der Benutzung.<\/p>\n<\/li>\n<li data-start=\"1135\" data-end=\"1214\">\n<p data-start=\"1137\" data-end=\"1214\"><strong data-start=\"1137\" data-end=\"1170\">Herausnehmbare Kr\u00fcmelschublade<\/strong>: erm\u00f6glicht eine <strong data-start=\"1184\" data-end=\"1211\">schnelle und einfache Reinigung<\/strong>.<\/p>\n<\/li>\n<li data-start=\"1215\" data-end=\"1290\">\n<p data-start=\"1217\" data-end=\"1290\"><strong data-start=\"1217\" data-end=\"1264\">Edelstahldesign mit roter Oberfl\u00e4che<\/strong>: strapazierf\u00e4hig und dekorativ.<\/p>\n<\/li>\n<\/ul>\n<p><div class=\"accordion\"><div class=\"mfn-acc accordion_wrapper  toggle\"><div class=\"question\"><div class=\"title\"><i class=\"icon-plus acc-icon-plus\" aria-hidden=\"true\"><\/i><i class=\"icon-minus acc-icon-minus\" aria-hidden=\"true\"><\/i>Produktdaten<\/div><div class=\"answer\">EAN 8425160337780<\/p>\n<p>TOASTER ROT 2 SCHLITZE 800W K\u00dcKEN<\/p>\n<p>Packeinheit 1<br \/>\nFarbe Rot<br \/>\nVerpackung Box Farbe<br \/>\nLeistung 800 W<br \/>\nSpannung 230 V<br \/>\nMaterial Edelstahl \/ PC<br \/>\nSchnitte 2<br \/>\nRutschfeste F\u00fc\u00dfe Ja<br \/>\nAbmessungen (LxBxH): 265 x 170 x 200 mm<br \/>\nGewicht 1,5 kg<\/div><\/div>\n<\/div><\/div>\n<br \/>\n<div class=\"accordion\"><div class=\"mfn-acc accordion_wrapper  toggle\"><div class=\"question\"><div class=\"title\"><i class=\"icon-plus acc-icon-plus\" aria-hidden=\"true\"><\/i><i class=\"icon-minus acc-icon-minus\" aria-hidden=\"true\"><\/i>Zubeh\u00f6r<\/div><div class=\"answer\"><\/div><\/div>\n<\/div><\/div>\n<\/p>\n<div class=\"descargas-producto\"><a href=\"\/wp-content\/uploads\/pdf\/8425160337780_ficha_tecnica.pdf\" target=\"_blank\" rel=\"noopener noreferrer\"><br \/>\n<img loading=\"lazy\" decoding=\"async\" src=\"\/wp-content\/uploads\/2019\/12\/picto-descarrega.png\" alt=\"Datenblatt herunterladen\" width=\"23\" height=\"16\" \/>Blatt herunterladen<\/a><br \/>\n<a href=\"\/wp-content\/uploads\/pdf\/33778_instruciones.pdf\"><img loading=\"lazy\" decoding=\"async\" src=\"\/wp-content\/uploads\/2019\/12\/picto-descarrega.png\" alt=\"Gebrauchsanweisung herunterladen\" width=\"23\" height=\"16\" \/>Handbuch herunterladen<\/a><\/div>\n<div><\/div>\n<div><span style=\"color: #bf2121;\">Folgen Sie uns auf den sozialen Medien!<\/span><\/div>\n<div><a href=\"https:\/\/www.instagram.com\/kuken_appliances\/\">https:\/\/www.instagram.com\/kuken_appliances\/<\/a><\/div>\n<p><iframe loading=\"lazy\" title=\"Toaster Rot Kuken\" width=\"560\" height=\"315\" src=\"https:\/\/www.youtube.com\/embed\/od0XMYl7GLg?feature=oembed\" frameborder=\"0\" allow=\"accelerometer; autoplay; clipboard-write; encrypted-media; gyroscope; picture-in-picture; web-share\" referrerpolicy=\"strict-origin-when-cross-origin\" allowfullscreen><\/iframe><\/p>","protected":false},"excerpt":{"rendered":"<p data-start=\"359\" data-end=\"498\">Stil und Funktionalit\u00e4t f\u00fcr Ihr Fr\u00fchst\u00fcck. Dieser Toaster mit zwei Schlitzen kombiniert Leistung, Vielseitigkeit und ein elegantes rotes Design.<\/p>","protected":false},"featured_media":3786,"template":"","meta":[],"product_brand":[],"product_cat":[204],"product_tag":[],"class_list":{"0":"post-3785","1":"product","2":"type-product","3":"status-publish","4":"has-post-thumbnail","6":"product_cat-tostadoras","7":"pa_tipos-tostadora-2-ranuras","9":"first","10":"instock","11":"product-type-simple"},"yoast_head":"<!-- This site is optimized with the Yoast SEO Premium plugin v24.0 (Yoast SEO v26.5) - https:\/\/yoast.com\/wordpress\/plugins\/seo\/ -->\n<title>TOSTADORA ROJA 2 RANURAS 800W K\u00dcKEN - K\u00fcken<\/title>\n<meta name=\"description\" content=\"Nueva y exclusiva tostadora roja k\u00fcken. Prepara deliciosas tostadas cada d\u00eda de manera m\u00e1s r\u00e1pida y f\u00e1cil. Desc\u00fabrela ahora.\" \/>\n<meta name=\"robots\" content=\"noindex, follow, max-snippet:-1, max-image-preview:large, max-video-preview:-1\" \/>\n<meta property=\"og:locale\" content=\"de_DE\" \/>\n<meta property=\"og:type\" content=\"article\" \/>\n<meta property=\"og:title\" content=\"TOSTADORA ROJA 2 RANURAS 800W K\u00dcKEN\" \/>\n<meta property=\"og:description\" content=\"Nueva y exclusiva tostadora roja k\u00fcken. Prepara deliciosas tostadas cada d\u00eda de manera m\u00e1s r\u00e1pida y f\u00e1cil. Desc\u00fabrela ahora.\" \/>\n<meta property=\"og:url\" content=\"https:\/\/kuken.alfadyser.dev\/de\/produkt\/toaster-red-2-slice-800w-kuken\/\" \/>\n<meta property=\"og:site_name\" content=\"K\u00fcken\" \/>\n<meta property=\"article:publisher\" content=\"https:\/\/es-es.facebook.com\/alfadyser\/\" \/>\n<meta property=\"article:modified_time\" content=\"2025-07-31T11:45:41+00:00\" \/>\n<meta property=\"og:image\" content=\"https:\/\/kuken.alfadyser.dev\/wp-content\/uploads\/2020\/03\/TOSTADORA-2-RANURAS-800W-RED-KUKEN.jpg\" \/>\n\t<meta property=\"og:image:width\" content=\"853\" \/>\n\t<meta property=\"og:image:height\" content=\"853\" \/>\n\t<meta property=\"og:image:type\" content=\"image\/jpeg\" \/>\n<meta name=\"twitter:card\" content=\"summary_large_image\" \/>\n<meta name=\"twitter:label1\" content=\"Preis\" \/>\n\t<meta name=\"twitter:data1\" content=\"\" \/>\n\t<meta name=\"twitter:label2\" content=\"Verf\u00fcgbarkeit\" \/>\n\t<meta name=\"twitter:data2\" content=\"Auf Lager\" \/>\n<script type=\"application\/ld+json\" class=\"yoast-schema-graph\">{\"@context\":\"https:\/\/schema.org\",\"@graph\":[{\"@type\":\"WebPage\",\"@id\":\"https:\/\/kuken.alfadyser.dev\/producto\/tostadora-roja-2-ranuras-800w-kuken\/\",\"url\":\"https:\/\/kuken.alfadyser.dev\/producto\/tostadora-roja-2-ranuras-800w-kuken\/\",\"name\":\"TOSTADORA ROJA 2 RANURAS 800W K\u00dcKEN - K\u00fcken\",\"isPartOf\":{\"@id\":\"https:\/\/kuken.alfadyser.dev\/#website\"},\"primaryImageOfPage\":{\"@id\":\"https:\/\/kuken.alfadyser.dev\/producto\/tostadora-roja-2-ranuras-800w-kuken\/#primaryimage\"},\"image\":{\"@id\":\"https:\/\/kuken.alfadyser.dev\/producto\/tostadora-roja-2-ranuras-800w-kuken\/#primaryimage\"},\"thumbnailUrl\":\"https:\/\/kuken.alfadyser.dev\/wp-content\/uploads\/2020\/03\/TOSTADORA-2-RANURAS-800W-RED-KUKEN.jpg\",\"datePublished\":\"2020-03-02T09:44:59+00:00\",\"dateModified\":\"2025-07-31T11:45:41+00:00\",\"description\":\"Nueva y exclusiva tostadora roja k\u00fcken. Prepara deliciosas tostadas cada d\u00eda de manera m\u00e1s r\u00e1pida y f\u00e1cil. Desc\u00fabrela ahora.\",\"breadcrumb\":{\"@id\":\"https:\/\/kuken.alfadyser.dev\/producto\/tostadora-roja-2-ranuras-800w-kuken\/#breadcrumb\"},\"inLanguage\":\"de\",\"potentialAction\":[{\"@type\":\"ReadAction\",\"target\":[\"https:\/\/kuken.alfadyser.dev\/producto\/tostadora-roja-2-ranuras-800w-kuken\/\"]}]},{\"@type\":\"ImageObject\",\"inLanguage\":\"de\",\"@id\":\"https:\/\/kuken.alfadyser.dev\/producto\/tostadora-roja-2-ranuras-800w-kuken\/#primaryimage\",\"url\":\"https:\/\/kuken.alfadyser.dev\/wp-content\/uploads\/2020\/03\/TOSTADORA-2-RANURAS-800W-RED-KUKEN.jpg\",\"contentUrl\":\"https:\/\/kuken.alfadyser.dev\/wp-content\/uploads\/2020\/03\/TOSTADORA-2-RANURAS-800W-RED-KUKEN.jpg\",\"width\":853,\"height\":853,\"caption\":\"Tostadora el\u00e9ctrica roja k\u00fcken\"},{\"@type\":\"BreadcrumbList\",\"@id\":\"https:\/\/kuken.alfadyser.dev\/producto\/tostadora-roja-2-ranuras-800w-kuken\/#breadcrumb\",\"itemListElement\":[{\"@type\":\"ListItem\",\"position\":1,\"name\":\"Portada\",\"item\":\"https:\/\/kuken.alfadyser.dev\/\"},{\"@type\":\"ListItem\",\"position\":2,\"name\":\"Productos\",\"item\":\"https:\/\/kuken.alfadyser.dev\/productos\/\"},{\"@type\":\"ListItem\",\"position\":3,\"name\":\"TOSTADORA ROJA 2 RANURAS 800W K\u00dcKEN\"}]},{\"@type\":\"WebSite\",\"@id\":\"https:\/\/kuken.alfadyser.dev\/#website\",\"url\":\"https:\/\/kuken.alfadyser.dev\/\",\"name\":\"K\u00fcken\",\"description\":\"Amplia gama de peque\u00f1o electrodom\u00e9stico k\u00fcken\",\"publisher\":{\"@id\":\"https:\/\/kuken.alfadyser.dev\/#organization\"},\"potentialAction\":[{\"@type\":\"SearchAction\",\"target\":{\"@type\":\"EntryPoint\",\"urlTemplate\":\"https:\/\/kuken.alfadyser.dev\/?s={search_term_string}\"},\"query-input\":{\"@type\":\"PropertyValueSpecification\",\"valueRequired\":true,\"valueName\":\"search_term_string\"}}],\"inLanguage\":\"de\"},{\"@type\":\"Organization\",\"@id\":\"https:\/\/kuken.alfadyser.dev\/#organization\",\"name\":\"Alfa Dyser\",\"url\":\"https:\/\/kuken.alfadyser.dev\/\",\"logo\":{\"@type\":\"ImageObject\",\"inLanguage\":\"de\",\"@id\":\"https:\/\/kuken.alfadyser.dev\/#\/schema\/logo\/image\/\",\"url\":\"https:\/\/kuken.alfadyser.dev\/wp-content\/uploads\/2019\/04\/kuken-logo.png\",\"contentUrl\":\"https:\/\/kuken.alfadyser.dev\/wp-content\/uploads\/2019\/04\/kuken-logo.png\",\"width\":500,\"height\":191,\"caption\":\"Alfa Dyser\"},\"image\":{\"@id\":\"https:\/\/kuken.alfadyser.dev\/#\/schema\/logo\/image\/\"},\"sameAs\":[\"https:\/\/es-es.facebook.com\/alfadyser\/\",\"https:\/\/www.instagram.com\/kuken_appliances\/\"]}]}<\/script>\n<meta property=\"product:price:currency\" content=\"EUR\" \/>\n<meta property=\"og:availability\" content=\"instock\" \/>\n<meta property=\"product:availability\" content=\"instock\" \/>\n<meta property=\"product:retailer_item_id\" content=\"33778\" \/>\n<meta property=\"product:condition\" content=\"new\" \/>\n<!-- \/ Yoast SEO Premium plugin. -->","yoast_head_json":{"title":"K\u00dcKEN RED TOASTER 2 SLOTS 800W - K\u00fcken","description":"Neuer exklusiver roter Toaster von k\u00fcken. Bereiten Sie jeden Tag k\u00f6stlichen Toast zu - schneller und einfacher. Entdecken Sie es jetzt.","robots":{"index":"noindex","follow":"follow","max-snippet":"max-snippet:-1","max-image-preview":"max-image-preview:large","max-video-preview":"max-video-preview:-1"},"og_locale":"de_DE","og_type":"article","og_title":"TOSTADORA ROJA 2 RANURAS 800W K\u00dcKEN","og_description":"Nueva y exclusiva tostadora roja k\u00fcken. Prepara deliciosas tostadas cada d\u00eda de manera m\u00e1s r\u00e1pida y f\u00e1cil. Desc\u00fabrela ahora.","og_url":"https:\/\/kuken.alfadyser.dev\/de\/produkt\/toaster-red-2-slice-800w-kuken\/","og_site_name":"K\u00fcken","article_publisher":"https:\/\/es-es.facebook.com\/alfadyser\/","article_modified_time":"2025-07-31T11:45:41+00:00","og_image":[{"width":853,"height":853,"url":"https:\/\/kuken.alfadyser.dev\/wp-content\/uploads\/2020\/03\/TOSTADORA-2-RANURAS-800W-RED-KUKEN.jpg","type":"image\/jpeg"}],"twitter_card":"summary_large_image","twitter_misc":{"Preis":"","Verf\u00fcgbarkeit":"Auf Lager"},"schema":{"@context":"https:\/\/schema.org","@graph":[{"@type":"WebPage","@id":"https:\/\/kuken.alfadyser.dev\/producto\/tostadora-roja-2-ranuras-800w-kuken\/","url":"https:\/\/kuken.alfadyser.dev\/producto\/tostadora-roja-2-ranuras-800w-kuken\/","name":"K\u00dcKEN RED TOASTER 2 SLOTS 800W - K\u00fcken","isPartOf":{"@id":"https:\/\/kuken.alfadyser.dev\/#website"},"primaryImageOfPage":{"@id":"https:\/\/kuken.alfadyser.dev\/producto\/tostadora-roja-2-ranuras-800w-kuken\/#primaryimage"},"image":{"@id":"https:\/\/kuken.alfadyser.dev\/producto\/tostadora-roja-2-ranuras-800w-kuken\/#primaryimage"},"thumbnailUrl":"https:\/\/kuken.alfadyser.dev\/wp-content\/uploads\/2020\/03\/TOSTADORA-2-RANURAS-800W-RED-KUKEN.jpg","datePublished":"2020-03-02T09:44:59+00:00","dateModified":"2025-07-31T11:45:41+00:00","description":"Neuer exklusiver roter Toaster von k\u00fcken. Bereiten Sie jeden Tag k\u00f6stlichen Toast zu - schneller und einfacher. Entdecken Sie es jetzt.","breadcrumb":{"@id":"https:\/\/kuken.alfadyser.dev\/producto\/tostadora-roja-2-ranuras-800w-kuken\/#breadcrumb"},"inLanguage":"de","potentialAction":[{"@type":"ReadAction","target":["https:\/\/kuken.alfadyser.dev\/producto\/tostadora-roja-2-ranuras-800w-kuken\/"]}]},{"@type":"ImageObject","inLanguage":"de","@id":"https:\/\/kuken.alfadyser.dev\/producto\/tostadora-roja-2-ranuras-800w-kuken\/#primaryimage","url":"https:\/\/kuken.alfadyser.dev\/wp-content\/uploads\/2020\/03\/TOSTADORA-2-RANURAS-800W-RED-KUKEN.jpg","contentUrl":"https:\/\/kuken.alfadyser.dev\/wp-content\/uploads\/2020\/03\/TOSTADORA-2-RANURAS-800W-RED-KUKEN.jpg","width":853,"height":853,"caption":"Tostadora el\u00e9ctrica roja k\u00fcken"},{"@type":"BreadcrumbList","@id":"https:\/\/kuken.alfadyser.dev\/producto\/tostadora-roja-2-ranuras-800w-kuken\/#breadcrumb","itemListElement":[{"@type":"ListItem","position":1,"name":"Portada","item":"https:\/\/kuken.alfadyser.dev\/"},{"@type":"ListItem","position":2,"name":"Productos","item":"https:\/\/kuken.alfadyser.dev\/productos\/"},{"@type":"ListItem","position":3,"name":"TOSTADORA ROJA 2 RANURAS 800W K\u00dcKEN"}]},{"@type":"WebSite","@id":"https:\/\/kuken.alfadyser.dev\/#website","url":"https:\/\/kuken.alfadyser.dev\/","name":"K\u00fcken","description":"Gro\u00dfe Auswahl an k\u00fcken Haushaltskleinger\u00e4ten","publisher":{"@id":"https:\/\/kuken.alfadyser.dev\/#organization"},"potentialAction":[{"@type":"SearchAction","target":{"@type":"EntryPoint","urlTemplate":"https:\/\/kuken.alfadyser.dev\/?s={search_term_string}"},"query-input":{"@type":"PropertyValueSpecification","valueRequired":true,"valueName":"search_term_string"}}],"inLanguage":"de"},{"@type":"Organization","@id":"https:\/\/kuken.alfadyser.dev\/#organization","name":"Alpha Dyser","url":"https:\/\/kuken.alfadyser.dev\/","logo":{"@type":"ImageObject","inLanguage":"de","@id":"https:\/\/kuken.alfadyser.dev\/#\/schema\/logo\/image\/","url":"https:\/\/kuken.alfadyser.dev\/wp-content\/uploads\/2019\/04\/kuken-logo.png","contentUrl":"https:\/\/kuken.alfadyser.dev\/wp-content\/uploads\/2019\/04\/kuken-logo.png","width":500,"height":191,"caption":"Alfa Dyser"},"image":{"@id":"https:\/\/kuken.alfadyser.dev\/#\/schema\/logo\/image\/"},"sameAs":["https:\/\/es-es.facebook.com\/alfadyser\/","https:\/\/www.instagram.com\/kuken_appliances\/"]}]},"product_price_currency":"EUR","og_availability":"instock","product_availability":"instock","product_retailer_item_id":"33778","product_condition":"new"},"_links":{"self":[{"href":"https:\/\/kuken.alfadyser.dev\/de\/wp-json\/wp\/v2\/product\/3785","targetHints":{"allow":["GET"]}}],"collection":[{"href":"https:\/\/kuken.alfadyser.dev\/de\/wp-json\/wp\/v2\/product"}],"about":[{"href":"https:\/\/kuken.alfadyser.dev\/de\/wp-json\/wp\/v2\/types\/product"}],"wp:featuredmedia":[{"embeddable":true,"href":"https:\/\/kuken.alfadyser.dev\/de\/wp-json\/wp\/v2\/media\/3786"}],"wp:attachment":[{"href":"https:\/\/kuken.alfadyser.dev\/de\/wp-json\/wp\/v2\/media?parent=3785"}],"wp:term":[{"taxonomy":"product_brand","embeddable":true,"href":"https:\/\/kuken.alfadyser.dev\/de\/wp-json\/wp\/v2\/product_brand?post=3785"},{"taxonomy":"product_cat","embeddable":true,"href":"https:\/\/kuken.alfadyser.dev\/de\/wp-json\/wp\/v2\/product_cat?post=3785"},{"taxonomy":"product_tag","embeddable":true,"href":"https:\/\/kuken.alfadyser.dev\/de\/wp-json\/wp\/v2\/product_tag?post=3785"}],"curies":[{"name":"wp","href":"https:\/\/api.w.org\/{rel}","templated":true}]}}