{"id":3652,"date":"2020-03-02T10:37:21","date_gmt":"2020-03-02T09:37:21","guid":{"rendered":"https:\/\/kuken.alfadyser.dev\/producto\/romana-digital-portatil-50-kg\/"},"modified":"2025-07-23T09:05:19","modified_gmt":"2025-07-23T07:05:19","slug":"romana-digital-portatil-50-kg-mit-haken","status":"publish","type":"product","link":"https:\/\/kuken.alfadyser.dev\/de\/produkt\/romana-digital-portatil-50-kg-mit-haken\/","title":{"rendered":"50 KG TRAGBARE DIGITALE HANDKRANWAAGE MIT HAKEN"},"content":{"rendered":"<p>50 KG TRAGBARE DIGITALE HANDKRANWAAGE MIT HAKEN<\/p>\n<ul data-start=\"573\" data-end=\"1259\">\n<li data-start=\"573\" data-end=\"666\">\n<p data-start=\"575\" data-end=\"666\">Capacidad m\u00e1xima de 50 kg: ideal para maletas, pesca, paqueter\u00eda o uso dom\u00e9stico.<\/p>\n<\/li>\n<li data-start=\"667\" data-end=\"730\">\n<p data-start=\"669\" data-end=\"730\">Alta precisi\u00f3n de pesaje: resultados r\u00e1pidos y fiables.<\/p>\n<\/li>\n<li data-start=\"731\" data-end=\"819\">\n<p data-start=\"733\" data-end=\"819\">Gancho met\u00e1lico resistente: permite sujetar objetos con firmeza y facilidad.<\/p>\n<\/li>\n<li data-start=\"820\" data-end=\"867\">\n<p data-start=\"822\" data-end=\"867\">Pantalla digital clara y f\u00e1cil de leer.<\/p>\n<\/li>\n<li data-start=\"868\" data-end=\"928\">\n<p data-start=\"870\" data-end=\"928\">Selecci\u00f3n de 4 unidades de medida: kg, lb, oz y Jin.<\/p>\n<\/li>\n<li data-start=\"929\" data-end=\"1010\">\n<p data-start=\"931\" data-end=\"1010\">Dise\u00f1o ergon\u00f3mico con asa plegable: c\u00f3modo de sujetar y f\u00e1cil de guardar.<\/p>\n<\/li>\n<li data-start=\"1011\" data-end=\"1081\">\n<p data-start=\"1013\" data-end=\"1081\">Apagado autom\u00e1tico tras 60 segundos: para ahorrar energ\u00eda.<\/p>\n<\/li>\n<li data-start=\"1082\" data-end=\"1174\">\n<p data-start=\"1084\" data-end=\"1174\">Fabricada en pl\u00e1stico resistente: con acabado en color negro elegante y moderno.<\/p>\n<\/li>\n<li data-start=\"1175\" data-end=\"1259\">\n<p data-start=\"1177\" data-end=\"1259\">Funciona con 2 pilas AAA (incluidas): lista para usar desde el primer momento.<\/p>\n<\/li>\n<\/ul>\n<p><div class=\"accordion\"><div class=\"mfn-acc accordion_wrapper  toggle\"><div class=\"question\"><div class=\"title\"><i class=\"icon-plus acc-icon-plus\" aria-hidden=\"true\"><\/i><i class=\"icon-minus acc-icon-minus\" aria-hidden=\"true\"><\/i>Produktdaten<\/div><div class=\"answer\">EAN 8425160304836<\/p>\n<p>50 KG TRAGBARE DIGITALE HANDKRANWAAGE MIT HAKEN<\/p>\n<p>Packeinheit 1<br \/>\nFarbe Schwarz<br \/>\nVerpackung H\u00e4ngebox<br \/>\nWerkstoff PC<br \/>\nStromversorgung durch 2 x AAA-Batterien<br \/>\nBatterien enthalten Ja<br \/>\nGewicht 0,14 kg.<\/div><\/div>\n<\/div><\/div>\n<br \/>\n<div class=\"accordion\"><div class=\"mfn-acc accordion_wrapper  toggle\"><div class=\"question\"><div class=\"title\"><i class=\"icon-plus acc-icon-plus\" aria-hidden=\"true\"><\/i><i class=\"icon-minus acc-icon-minus\" aria-hidden=\"true\"><\/i>Zubeh\u00f6r<\/div><div class=\"answer\"><\/div><\/div>\n<\/div><\/div>\n<\/p>\n<div class=\"descargas-producto\"><a href=\"https:\/\/kuken.alfadyser.dev\/wp-content\/uploads\/pdf\/8425160304836_ficha_tecnica.pdf\" target=\"_blank\" rel=\"noopener noreferrer\"><br \/>\n<img loading=\"lazy\" decoding=\"async\" src=\"\/wp-content\/uploads\/2019\/12\/picto-descarrega.png\" alt=\"Datenblatt herunterladen\" width=\"23\" height=\"16\" \/>Blatt herunterladen<\/a><a href=\"https:\/\/kuken.alfadyser.dev\/wp-content\/uploads\/30483_instrucciones.pdf\" target=\"_blank\" rel=\"noopener noreferrer\"><br \/>\n<img loading=\"lazy\" decoding=\"async\" src=\"\/wp-content\/uploads\/2019\/12\/picto-descarrega.png\" alt=\"Gebrauchsanweisung herunterladen\" width=\"23\" height=\"16\" \/>Handbuch herunterladen<\/a><\/div>\n<div><\/div>\n<div><span style=\"color: #bf2121\">Folgen Sie uns auf den sozialen Medien!<\/span><\/div>\n<div><a href=\"https:\/\/www.instagram.com\/kuken_appliances\/\">https:\/\/www.instagram.com\/kuken_appliances\/<\/a><\/div>","protected":false},"excerpt":{"rendered":"<p data-start=\"371\" data-end=\"535\">Pesa de forma precisa y c\u00f3moda en cualquier lugar. Esta romana digital port\u00e1til es ideal para equipajes, paquetes o usos dom\u00e9sticos, con dise\u00f1o compacto y pr\u00e1ctico.<\/p>","protected":false},"featured_media":3653,"template":"","meta":[],"product_brand":[],"product_cat":[209],"product_tag":[],"class_list":{"0":"post-3652","1":"product","2":"type-product","3":"status-publish","4":"has-post-thumbnail","6":"product_cat-basculas-romanas","8":"first","9":"instock","10":"product-type-simple"},"yoast_head":"<!-- This site is optimized with the Yoast SEO Premium plugin v24.0 (Yoast SEO v26.5) - https:\/\/yoast.com\/wordpress\/plugins\/seo\/ -->\n<title>ROMANA DIGITAL PORT\u00c1TIL 50 KG CON GANCHO - K\u00fcken<\/title>\n<meta name=\"description\" content=\"Romana digital 50kg k\u00fcken portatil para pesar maletas. Peso m\u00e1ximo de 50 kg con pesaje de alta precisi\u00f3n. Dise\u00f1o ergon\u00f3mico para mayor comodidad de uso\" \/>\n<meta name=\"robots\" content=\"noindex, follow, max-snippet:-1, max-image-preview:large, max-video-preview:-1\" \/>\n<meta property=\"og:locale\" content=\"de_DE\" \/>\n<meta property=\"og:type\" content=\"article\" \/>\n<meta property=\"og:title\" content=\"ROMANA DIGITAL PORT\u00c1TIL 50 KG CON GANCHO\" \/>\n<meta property=\"og:description\" content=\"Romana digital 50kg k\u00fcken portatil para pesar maletas. Peso m\u00e1ximo de 50 kg con pesaje de alta precisi\u00f3n. Dise\u00f1o ergon\u00f3mico para mayor comodidad de uso\" \/>\n<meta property=\"og:url\" content=\"https:\/\/kuken.alfadyser.dev\/de\/produkt\/romana-digital-portatil-50-kg-mit-haken\/\" \/>\n<meta property=\"og:site_name\" content=\"K\u00fcken\" \/>\n<meta property=\"article:publisher\" content=\"https:\/\/es-es.facebook.com\/alfadyser\/\" \/>\n<meta property=\"article:modified_time\" content=\"2025-07-23T07:05:19+00:00\" \/>\n<meta property=\"og:image\" content=\"https:\/\/kuken.alfadyser.dev\/wp-content\/uploads\/2020\/03\/ROMANA-DIGITAL-PORT\u00c1TIL-50-KG.jpg\" \/>\n\t<meta property=\"og:image:width\" content=\"853\" \/>\n\t<meta property=\"og:image:height\" content=\"853\" \/>\n\t<meta property=\"og:image:type\" content=\"image\/jpeg\" \/>\n<meta name=\"twitter:card\" content=\"summary_large_image\" \/>\n<meta name=\"twitter:label1\" content=\"Preis\" \/>\n\t<meta name=\"twitter:data1\" content=\"\" \/>\n\t<meta name=\"twitter:label2\" content=\"Verf\u00fcgbarkeit\" \/>\n\t<meta name=\"twitter:data2\" content=\"Auf Lager\" \/>\n<script type=\"application\/ld+json\" class=\"yoast-schema-graph\">{\"@context\":\"https:\/\/schema.org\",\"@graph\":[{\"@type\":\"WebPage\",\"@id\":\"https:\/\/kuken.alfadyser.dev\/producto\/romana-digital-portatil-50-kg-con-gancho\/\",\"url\":\"https:\/\/kuken.alfadyser.dev\/producto\/romana-digital-portatil-50-kg-con-gancho\/\",\"name\":\"ROMANA DIGITAL PORT\u00c1TIL 50 KG CON GANCHO - K\u00fcken\",\"isPartOf\":{\"@id\":\"https:\/\/kuken.alfadyser.dev\/#website\"},\"primaryImageOfPage\":{\"@id\":\"https:\/\/kuken.alfadyser.dev\/producto\/romana-digital-portatil-50-kg-con-gancho\/#primaryimage\"},\"image\":{\"@id\":\"https:\/\/kuken.alfadyser.dev\/producto\/romana-digital-portatil-50-kg-con-gancho\/#primaryimage\"},\"thumbnailUrl\":\"https:\/\/kuken.alfadyser.dev\/wp-content\/uploads\/2020\/03\/ROMANA-DIGITAL-PORT\u00c1TIL-50-KG.jpg\",\"datePublished\":\"2020-03-02T09:37:21+00:00\",\"dateModified\":\"2025-07-23T07:05:19+00:00\",\"description\":\"Romana digital 50kg k\u00fcken portatil para pesar maletas. Peso m\u00e1ximo de 50 kg con pesaje de alta precisi\u00f3n. Dise\u00f1o ergon\u00f3mico para mayor comodidad de uso\",\"breadcrumb\":{\"@id\":\"https:\/\/kuken.alfadyser.dev\/producto\/romana-digital-portatil-50-kg-con-gancho\/#breadcrumb\"},\"inLanguage\":\"de\",\"potentialAction\":[{\"@type\":\"ReadAction\",\"target\":[\"https:\/\/kuken.alfadyser.dev\/producto\/romana-digital-portatil-50-kg-con-gancho\/\"]}]},{\"@type\":\"ImageObject\",\"inLanguage\":\"de\",\"@id\":\"https:\/\/kuken.alfadyser.dev\/producto\/romana-digital-portatil-50-kg-con-gancho\/#primaryimage\",\"url\":\"https:\/\/kuken.alfadyser.dev\/wp-content\/uploads\/2020\/03\/ROMANA-DIGITAL-PORT\u00c1TIL-50-KG.jpg\",\"contentUrl\":\"https:\/\/kuken.alfadyser.dev\/wp-content\/uploads\/2020\/03\/ROMANA-DIGITAL-PORT\u00c1TIL-50-KG.jpg\",\"width\":853,\"height\":853,\"caption\":\"Romana digital port\u00e1til k\u00fcken con gancho\"},{\"@type\":\"BreadcrumbList\",\"@id\":\"https:\/\/kuken.alfadyser.dev\/producto\/romana-digital-portatil-50-kg-con-gancho\/#breadcrumb\",\"itemListElement\":[{\"@type\":\"ListItem\",\"position\":1,\"name\":\"Portada\",\"item\":\"https:\/\/kuken.alfadyser.dev\/\"},{\"@type\":\"ListItem\",\"position\":2,\"name\":\"Productos\",\"item\":\"https:\/\/kuken.alfadyser.dev\/productos\/\"},{\"@type\":\"ListItem\",\"position\":3,\"name\":\"ROMANA DIGITAL PORT\u00c1TIL 50 KG CON GANCHO\"}]},{\"@type\":\"WebSite\",\"@id\":\"https:\/\/kuken.alfadyser.dev\/#website\",\"url\":\"https:\/\/kuken.alfadyser.dev\/\",\"name\":\"K\u00fcken\",\"description\":\"Amplia gama de peque\u00f1o electrodom\u00e9stico k\u00fcken\",\"publisher\":{\"@id\":\"https:\/\/kuken.alfadyser.dev\/#organization\"},\"potentialAction\":[{\"@type\":\"SearchAction\",\"target\":{\"@type\":\"EntryPoint\",\"urlTemplate\":\"https:\/\/kuken.alfadyser.dev\/?s={search_term_string}\"},\"query-input\":{\"@type\":\"PropertyValueSpecification\",\"valueRequired\":true,\"valueName\":\"search_term_string\"}}],\"inLanguage\":\"de\"},{\"@type\":\"Organization\",\"@id\":\"https:\/\/kuken.alfadyser.dev\/#organization\",\"name\":\"Alfa Dyser\",\"url\":\"https:\/\/kuken.alfadyser.dev\/\",\"logo\":{\"@type\":\"ImageObject\",\"inLanguage\":\"de\",\"@id\":\"https:\/\/kuken.alfadyser.dev\/#\/schema\/logo\/image\/\",\"url\":\"https:\/\/kuken.alfadyser.dev\/wp-content\/uploads\/2019\/04\/kuken-logo.png\",\"contentUrl\":\"https:\/\/kuken.alfadyser.dev\/wp-content\/uploads\/2019\/04\/kuken-logo.png\",\"width\":500,\"height\":191,\"caption\":\"Alfa Dyser\"},\"image\":{\"@id\":\"https:\/\/kuken.alfadyser.dev\/#\/schema\/logo\/image\/\"},\"sameAs\":[\"https:\/\/es-es.facebook.com\/alfadyser\/\",\"https:\/\/www.instagram.com\/kuken_appliances\/\"]}]}<\/script>\n<meta property=\"product:price:currency\" content=\"EUR\" \/>\n<meta property=\"og:availability\" content=\"instock\" \/>\n<meta property=\"product:availability\" content=\"instock\" \/>\n<meta property=\"product:retailer_item_id\" content=\"30483\" \/>\n<meta property=\"product:condition\" content=\"new\" \/>\n<!-- \/ Yoast SEO Premium plugin. -->","yoast_head_json":{"title":"PORTABLE DIGITAL ROMANA 50 KG MIT HAKEN - K\u00fcken","description":"K\u00fcken 50kg tragbare Digitalwaage zum Wiegen von Koffern. Maximales Gewicht von 50 kg mit hoher Wiegepr\u00e4zision. Ergonomisches Design f\u00fcr eine bequeme Benutzung.","robots":{"index":"noindex","follow":"follow","max-snippet":"max-snippet:-1","max-image-preview":"max-image-preview:large","max-video-preview":"max-video-preview:-1"},"og_locale":"de_DE","og_type":"article","og_title":"ROMANA DIGITAL PORT\u00c1TIL 50 KG CON GANCHO","og_description":"Romana digital 50kg k\u00fcken portatil para pesar maletas. Peso m\u00e1ximo de 50 kg con pesaje de alta precisi\u00f3n. Dise\u00f1o ergon\u00f3mico para mayor comodidad de uso","og_url":"https:\/\/kuken.alfadyser.dev\/de\/produkt\/romana-digital-portatil-50-kg-mit-haken\/","og_site_name":"K\u00fcken","article_publisher":"https:\/\/es-es.facebook.com\/alfadyser\/","article_modified_time":"2025-07-23T07:05:19+00:00","og_image":[{"width":853,"height":853,"url":"https:\/\/kuken.alfadyser.dev\/wp-content\/uploads\/2020\/03\/ROMANA-DIGITAL-PORT\u00c1TIL-50-KG.jpg","type":"image\/jpeg"}],"twitter_card":"summary_large_image","twitter_misc":{"Preis":"","Verf\u00fcgbarkeit":"Auf Lager"},"schema":{"@context":"https:\/\/schema.org","@graph":[{"@type":"WebPage","@id":"https:\/\/kuken.alfadyser.dev\/producto\/romana-digital-portatil-50-kg-con-gancho\/","url":"https:\/\/kuken.alfadyser.dev\/producto\/romana-digital-portatil-50-kg-con-gancho\/","name":"PORTABLE DIGITAL ROMANA 50 KG MIT HAKEN - K\u00fcken","isPartOf":{"@id":"https:\/\/kuken.alfadyser.dev\/#website"},"primaryImageOfPage":{"@id":"https:\/\/kuken.alfadyser.dev\/producto\/romana-digital-portatil-50-kg-con-gancho\/#primaryimage"},"image":{"@id":"https:\/\/kuken.alfadyser.dev\/producto\/romana-digital-portatil-50-kg-con-gancho\/#primaryimage"},"thumbnailUrl":"https:\/\/kuken.alfadyser.dev\/wp-content\/uploads\/2020\/03\/ROMANA-DIGITAL-PORT\u00c1TIL-50-KG.jpg","datePublished":"2020-03-02T09:37:21+00:00","dateModified":"2025-07-23T07:05:19+00:00","description":"K\u00fcken 50kg tragbare Digitalwaage zum Wiegen von Koffern. Maximales Gewicht von 50 kg mit hoher Wiegepr\u00e4zision. Ergonomisches Design f\u00fcr eine bequeme Benutzung.","breadcrumb":{"@id":"https:\/\/kuken.alfadyser.dev\/producto\/romana-digital-portatil-50-kg-con-gancho\/#breadcrumb"},"inLanguage":"de","potentialAction":[{"@type":"ReadAction","target":["https:\/\/kuken.alfadyser.dev\/producto\/romana-digital-portatil-50-kg-con-gancho\/"]}]},{"@type":"ImageObject","inLanguage":"de","@id":"https:\/\/kuken.alfadyser.dev\/producto\/romana-digital-portatil-50-kg-con-gancho\/#primaryimage","url":"https:\/\/kuken.alfadyser.dev\/wp-content\/uploads\/2020\/03\/ROMANA-DIGITAL-PORT\u00c1TIL-50-KG.jpg","contentUrl":"https:\/\/kuken.alfadyser.dev\/wp-content\/uploads\/2020\/03\/ROMANA-DIGITAL-PORT\u00c1TIL-50-KG.jpg","width":853,"height":853,"caption":"Romana digital port\u00e1til k\u00fcken con gancho"},{"@type":"BreadcrumbList","@id":"https:\/\/kuken.alfadyser.dev\/producto\/romana-digital-portatil-50-kg-con-gancho\/#breadcrumb","itemListElement":[{"@type":"ListItem","position":1,"name":"Portada","item":"https:\/\/kuken.alfadyser.dev\/"},{"@type":"ListItem","position":2,"name":"Productos","item":"https:\/\/kuken.alfadyser.dev\/productos\/"},{"@type":"ListItem","position":3,"name":"ROMANA DIGITAL PORT\u00c1TIL 50 KG CON GANCHO"}]},{"@type":"WebSite","@id":"https:\/\/kuken.alfadyser.dev\/#website","url":"https:\/\/kuken.alfadyser.dev\/","name":"K\u00fcken","description":"Gro\u00dfe Auswahl an k\u00fcken Haushaltskleinger\u00e4ten","publisher":{"@id":"https:\/\/kuken.alfadyser.dev\/#organization"},"potentialAction":[{"@type":"SearchAction","target":{"@type":"EntryPoint","urlTemplate":"https:\/\/kuken.alfadyser.dev\/?s={search_term_string}"},"query-input":{"@type":"PropertyValueSpecification","valueRequired":true,"valueName":"search_term_string"}}],"inLanguage":"de"},{"@type":"Organization","@id":"https:\/\/kuken.alfadyser.dev\/#organization","name":"Alpha Dyser","url":"https:\/\/kuken.alfadyser.dev\/","logo":{"@type":"ImageObject","inLanguage":"de","@id":"https:\/\/kuken.alfadyser.dev\/#\/schema\/logo\/image\/","url":"https:\/\/kuken.alfadyser.dev\/wp-content\/uploads\/2019\/04\/kuken-logo.png","contentUrl":"https:\/\/kuken.alfadyser.dev\/wp-content\/uploads\/2019\/04\/kuken-logo.png","width":500,"height":191,"caption":"Alfa Dyser"},"image":{"@id":"https:\/\/kuken.alfadyser.dev\/#\/schema\/logo\/image\/"},"sameAs":["https:\/\/es-es.facebook.com\/alfadyser\/","https:\/\/www.instagram.com\/kuken_appliances\/"]}]},"product_price_currency":"EUR","og_availability":"instock","product_availability":"instock","product_retailer_item_id":"30483","product_condition":"new"},"_links":{"self":[{"href":"https:\/\/kuken.alfadyser.dev\/de\/wp-json\/wp\/v2\/product\/3652","targetHints":{"allow":["GET"]}}],"collection":[{"href":"https:\/\/kuken.alfadyser.dev\/de\/wp-json\/wp\/v2\/product"}],"about":[{"href":"https:\/\/kuken.alfadyser.dev\/de\/wp-json\/wp\/v2\/types\/product"}],"wp:featuredmedia":[{"embeddable":true,"href":"https:\/\/kuken.alfadyser.dev\/de\/wp-json\/wp\/v2\/media\/3653"}],"wp:attachment":[{"href":"https:\/\/kuken.alfadyser.dev\/de\/wp-json\/wp\/v2\/media?parent=3652"}],"wp:term":[{"taxonomy":"product_brand","embeddable":true,"href":"https:\/\/kuken.alfadyser.dev\/de\/wp-json\/wp\/v2\/product_brand?post=3652"},{"taxonomy":"product_cat","embeddable":true,"href":"https:\/\/kuken.alfadyser.dev\/de\/wp-json\/wp\/v2\/product_cat?post=3652"},{"taxonomy":"product_tag","embeddable":true,"href":"https:\/\/kuken.alfadyser.dev\/de\/wp-json\/wp\/v2\/product_tag?post=3652"}],"curies":[{"name":"wp","href":"https:\/\/api.w.org\/{rel}","templated":true}]}}