{"id":3618,"date":"2020-03-02T10:32:58","date_gmt":"2020-03-02T09:32:58","guid":{"rendered":"https:\/\/kuken.alfadyser.dev\/producto\/calefactor-horizontal-1000-2000w-blanco-kuken\/"},"modified":"2025-07-23T09:11:43","modified_gmt":"2025-07-23T07:11:43","slug":"calefactor-horizontal-1000-2000w-blanco-kuken","status":"publish","type":"product","link":"https:\/\/kuken.alfadyser.dev\/de\/produkt\/calefactor-horizontal-1000-2000w-blanco-kuken\/","title":{"rendered":"HORIZONTALE HEIZUNG 1000\/2000W WEISS K\u00dcKEN"},"content":{"rendered":"<p>HORIZONTALE HEIZUNG 1000\/2000W WEISS K\u00dcKEN<\/p>\n<ul>\n<li data-start=\"776\" data-end=\"845\">\n<p data-start=\"778\" data-end=\"845\"><strong data-start=\"778\" data-end=\"802\">Einstellbarer Thermostat<\/strong> para seleccionar la temperatura deseada.<\/p>\n<\/li>\n<li data-start=\"846\" data-end=\"919\">\n<p data-start=\"848\" data-end=\"919\"><strong data-start=\"848\" data-end=\"881\">Cuerpo de pl\u00e1stico resistente<\/strong> en color blanco, ligero y duradero.<\/p>\n<\/li>\n<li data-start=\"920\" data-end=\"996\">\n<p data-start=\"922\" data-end=\"996\">Sistema de <strong data-start=\"933\" data-end=\"955\">apagado autom\u00e1tico<\/strong> al alcanzar la temperatura programada.<\/p>\n<\/li>\n<li data-start=\"997\" data-end=\"1083\">\n<p data-start=\"999\" data-end=\"1083\"><strong data-start=\"999\" data-end=\"1037\">Selector de potencia con 2 niveles<\/strong>: 1000W y 2000W, adem\u00e1s de opci\u00f3n aire fr\u00edo.<\/p>\n<\/li>\n<li data-start=\"1084\" data-end=\"1174\">\n<p data-start=\"1086\" data-end=\"1174\">Gestaltung <strong data-start=\"1093\" data-end=\"1116\">horizontal compacto<\/strong>, perfecto para cuartos de ba\u00f1o o habitaciones peque\u00f1as.<\/p>\n<\/li>\n<li data-start=\"1175\" data-end=\"1255\">\n<p data-start=\"1177\" data-end=\"1255\"><strong data-start=\"1177\" data-end=\"1210\">Rejilla de protecci\u00f3n frontal<\/strong> para evitar contacto directo con el calor.<\/p>\n<\/li>\n<li data-start=\"1256\" data-end=\"1327\">\n<p data-start=\"1258\" data-end=\"1327\"><strong data-start=\"1258\" data-end=\"1269\">Luz LED<\/strong> que indica cuando el calefactor est\u00e1 en funcionamiento.<\/p>\n<\/li>\n<li data-start=\"1328\" data-end=\"1395\">\n<p data-start=\"1330\" data-end=\"1395\">Proporciona <strong data-start=\"1342\" data-end=\"1370\">calor r\u00e1pido y eficiente<\/strong> en espacios reducidos.<\/p>\n<\/li>\n<li data-start=\"1396\" data-end=\"1460\">\n<p data-start=\"1398\" data-end=\"1460\">Apto para un uso <strong data-start=\"1415\" data-end=\"1457\">dom\u00e9stico y diario durante el invierno<\/strong>.<\/p>\n<\/li>\n<li data-start=\"1461\" data-end=\"1539\">\n<p data-start=\"1463\" data-end=\"1539\">Combinaci\u00f3n de <strong data-start=\"1478\" data-end=\"1518\">seguridad, rendimiento y practicidad<\/strong> en un solo producto.<\/p>\n<\/li>\n<\/ul>\n<p><div class=\"accordion\"><div class=\"mfn-acc accordion_wrapper  toggle\"><div class=\"question\"><div class=\"title\"><i class=\"icon-plus acc-icon-plus\" aria-hidden=\"true\"><\/i><i class=\"icon-minus acc-icon-minus\" aria-hidden=\"true\"><\/i>Produktdaten<\/div><div class=\"answer\">EAN 8425160337728<\/p>\n<p>HORIZONTALE HEIZUNG 1000\/2000W WEISS K\u00dcKEN<\/p>\n<p>Beh\u00e4ltereinheit 6<br \/>\nFarbe Wei\u00df<br \/>\nVerpackung Farbige Schachtel<br \/>\nLeistung 1000\/2000 W<br \/>\nSpannung 230 V<br \/>\nMaterial Kunststoff<br \/>\nGeschwindigkeit 2<br \/>\nGewicht 1,0 kg.<\/div><\/div>\n<\/div><\/div>\n<br \/>\n<div class=\"accordion\"><div class=\"mfn-acc accordion_wrapper  toggle\"><div class=\"question\"><div class=\"title\"><i class=\"icon-plus acc-icon-plus\" aria-hidden=\"true\"><\/i><i class=\"icon-minus acc-icon-minus\" aria-hidden=\"true\"><\/i>Zubeh\u00f6r<\/div><div class=\"answer\"><\/div><\/div>\n<\/div><\/div>\n<\/p>\n<div class=\"descargas-producto\"><a href=\"\/wp-content\/uploads\/pdf\/8425160337728_ficha_tecnica.pdf\" target=\"_blank\" rel=\"noopener noreferrer\"><br \/>\n<img loading=\"lazy\" decoding=\"async\" src=\"\/wp-content\/uploads\/2019\/12\/picto-descarrega.png\" alt=\"Datenblatt herunterladen\" width=\"23\" height=\"16\" \/>Blatt herunterladen<\/a><br \/>\n<a href=\"\/wp-content\/uploads\/pdf\/33772_instrucciones.pdf\"><img loading=\"lazy\" decoding=\"async\" src=\"\/wp-content\/uploads\/2019\/12\/picto-descarrega.png\" alt=\"Gebrauchsanweisung herunterladen\" width=\"23\" height=\"16\" \/>Handbuch herunterladen<\/a><\/div>\n<div><\/div>\n<div><span style=\"color: #bf2121\">Folgen Sie uns auf den sozialen Medien!<\/span><\/div>\n<div><a href=\"https:\/\/www.instagram.com\/kuken_appliances\/\">https:\/\/www.instagram.com\/kuken_appliances\/<\/a><\/div>\n<p><iframe loading=\"lazy\" title=\"Horizontale Heizung K\u00fcken\" width=\"560\" height=\"315\" src=\"https:\/\/www.youtube.com\/embed\/mAhNn5ZGAPY?feature=oembed\" frameborder=\"0\" allow=\"accelerometer; autoplay; clipboard-write; encrypted-media; gyroscope; picture-in-picture; web-share\" referrerpolicy=\"strict-origin-when-cross-origin\" allowfullscreen><\/iframe><\/p>","protected":false},"excerpt":{"rendered":"<p data-start=\"466\" data-end=\"624\">Compacto, seguro y eficaz para calentar habitaciones peque\u00f1as. Con termostato, doble potencia y funci\u00f3n de aire fr\u00edo, es ideal para el uso diario en el hogar.<\/p>\n<p data-start=\"626\" data-end=\"702\">","protected":false},"featured_media":3619,"template":"","meta":[],"product_brand":[],"product_cat":[226],"product_tag":[],"class_list":{"0":"post-3618","1":"product","2":"type-product","3":"status-publish","4":"has-post-thumbnail","6":"product_cat-calefactores","8":"first","9":"instock","10":"product-type-simple"},"yoast_head":"<!-- This site is optimized with the Yoast SEO Premium plugin v24.0 (Yoast SEO v26.5) - https:\/\/yoast.com\/wordpress\/plugins\/seo\/ -->\n<title>CALEFACTOR HORIZONTAL 1000\/2000W BLANCO K\u00dcKEN - K\u00fcken<\/title>\n<meta name=\"description\" content=\"Nuevo y exclusivo calefactor horizontal k\u00fcken. Calienta tu labavo y peque\u00f1as estancias de manera m\u00e1s r\u00e1pida, desc\u00fabrela ahora.\" \/>\n<meta name=\"robots\" content=\"noindex, follow, max-snippet:-1, max-image-preview:large, max-video-preview:-1\" \/>\n<meta property=\"og:locale\" content=\"de_DE\" \/>\n<meta property=\"og:type\" content=\"article\" \/>\n<meta property=\"og:title\" content=\"CALEFACTOR HORIZONTAL 1000\/2000W BLANCO K\u00dcKEN\" \/>\n<meta property=\"og:description\" content=\"Nuevo y exclusivo calefactor horizontal k\u00fcken. Calienta tu labavo y peque\u00f1as estancias de manera m\u00e1s r\u00e1pida, desc\u00fabrela ahora.\" \/>\n<meta property=\"og:url\" content=\"https:\/\/kuken.alfadyser.dev\/de\/produkt\/calefactor-horizontal-1000-2000w-blanco-kuken\/\" \/>\n<meta property=\"og:site_name\" content=\"K\u00fcken\" \/>\n<meta property=\"article:publisher\" content=\"https:\/\/es-es.facebook.com\/alfadyser\/\" \/>\n<meta property=\"article:modified_time\" content=\"2025-07-23T07:11:43+00:00\" \/>\n<meta property=\"og:image\" content=\"https:\/\/kuken.alfadyser.dev\/wp-content\/uploads\/2020\/03\/CALEFACTOR-HORIZONTAL-10002000W-BLANCO-KUKEN.jpg\" \/>\n\t<meta property=\"og:image:width\" content=\"853\" \/>\n\t<meta property=\"og:image:height\" content=\"853\" \/>\n\t<meta property=\"og:image:type\" content=\"image\/jpeg\" \/>\n<meta name=\"twitter:card\" content=\"summary_large_image\" \/>\n<meta name=\"twitter:label1\" content=\"Preis\" \/>\n\t<meta name=\"twitter:data1\" content=\"\" \/>\n\t<meta name=\"twitter:label2\" content=\"Verf\u00fcgbarkeit\" \/>\n\t<meta name=\"twitter:data2\" content=\"Auf Lager\" \/>\n<script type=\"application\/ld+json\" class=\"yoast-schema-graph\">{\"@context\":\"https:\/\/schema.org\",\"@graph\":[{\"@type\":\"WebPage\",\"@id\":\"https:\/\/kuken.alfadyser.dev\/producto\/calefactor-horizontal-1000-2000w-blanco-kuken\/\",\"url\":\"https:\/\/kuken.alfadyser.dev\/producto\/calefactor-horizontal-1000-2000w-blanco-kuken\/\",\"name\":\"CALEFACTOR HORIZONTAL 1000\/2000W BLANCO K\u00dcKEN - K\u00fcken\",\"isPartOf\":{\"@id\":\"https:\/\/kuken.alfadyser.dev\/#website\"},\"primaryImageOfPage\":{\"@id\":\"https:\/\/kuken.alfadyser.dev\/producto\/calefactor-horizontal-1000-2000w-blanco-kuken\/#primaryimage\"},\"image\":{\"@id\":\"https:\/\/kuken.alfadyser.dev\/producto\/calefactor-horizontal-1000-2000w-blanco-kuken\/#primaryimage\"},\"thumbnailUrl\":\"https:\/\/kuken.alfadyser.dev\/wp-content\/uploads\/2020\/03\/CALEFACTOR-HORIZONTAL-10002000W-BLANCO-KUKEN.jpg\",\"datePublished\":\"2020-03-02T09:32:58+00:00\",\"dateModified\":\"2025-07-23T07:11:43+00:00\",\"description\":\"Nuevo y exclusivo calefactor horizontal k\u00fcken. Calienta tu labavo y peque\u00f1as estancias de manera m\u00e1s r\u00e1pida, desc\u00fabrela ahora.\",\"breadcrumb\":{\"@id\":\"https:\/\/kuken.alfadyser.dev\/producto\/calefactor-horizontal-1000-2000w-blanco-kuken\/#breadcrumb\"},\"inLanguage\":\"de\",\"potentialAction\":[{\"@type\":\"ReadAction\",\"target\":[\"https:\/\/kuken.alfadyser.dev\/producto\/calefactor-horizontal-1000-2000w-blanco-kuken\/\"]}]},{\"@type\":\"ImageObject\",\"inLanguage\":\"de\",\"@id\":\"https:\/\/kuken.alfadyser.dev\/producto\/calefactor-horizontal-1000-2000w-blanco-kuken\/#primaryimage\",\"url\":\"https:\/\/kuken.alfadyser.dev\/wp-content\/uploads\/2020\/03\/CALEFACTOR-HORIZONTAL-10002000W-BLANCO-KUKEN.jpg\",\"contentUrl\":\"https:\/\/kuken.alfadyser.dev\/wp-content\/uploads\/2020\/03\/CALEFACTOR-HORIZONTAL-10002000W-BLANCO-KUKEN.jpg\",\"width\":853,\"height\":853,\"caption\":\"Calefactor horizontal k\u00fcken de 2000w\"},{\"@type\":\"BreadcrumbList\",\"@id\":\"https:\/\/kuken.alfadyser.dev\/producto\/calefactor-horizontal-1000-2000w-blanco-kuken\/#breadcrumb\",\"itemListElement\":[{\"@type\":\"ListItem\",\"position\":1,\"name\":\"Portada\",\"item\":\"https:\/\/kuken.alfadyser.dev\/\"},{\"@type\":\"ListItem\",\"position\":2,\"name\":\"Productos\",\"item\":\"https:\/\/kuken.alfadyser.dev\/productos\/\"},{\"@type\":\"ListItem\",\"position\":3,\"name\":\"CALEFACTOR HORIZONTAL 1000\/2000W BLANCO K\u00dcKEN\"}]},{\"@type\":\"WebSite\",\"@id\":\"https:\/\/kuken.alfadyser.dev\/#website\",\"url\":\"https:\/\/kuken.alfadyser.dev\/\",\"name\":\"K\u00fcken\",\"description\":\"Amplia gama de peque\u00f1o electrodom\u00e9stico k\u00fcken\",\"publisher\":{\"@id\":\"https:\/\/kuken.alfadyser.dev\/#organization\"},\"potentialAction\":[{\"@type\":\"SearchAction\",\"target\":{\"@type\":\"EntryPoint\",\"urlTemplate\":\"https:\/\/kuken.alfadyser.dev\/?s={search_term_string}\"},\"query-input\":{\"@type\":\"PropertyValueSpecification\",\"valueRequired\":true,\"valueName\":\"search_term_string\"}}],\"inLanguage\":\"de\"},{\"@type\":\"Organization\",\"@id\":\"https:\/\/kuken.alfadyser.dev\/#organization\",\"name\":\"Alfa Dyser\",\"url\":\"https:\/\/kuken.alfadyser.dev\/\",\"logo\":{\"@type\":\"ImageObject\",\"inLanguage\":\"de\",\"@id\":\"https:\/\/kuken.alfadyser.dev\/#\/schema\/logo\/image\/\",\"url\":\"https:\/\/kuken.alfadyser.dev\/wp-content\/uploads\/2019\/04\/kuken-logo.png\",\"contentUrl\":\"https:\/\/kuken.alfadyser.dev\/wp-content\/uploads\/2019\/04\/kuken-logo.png\",\"width\":500,\"height\":191,\"caption\":\"Alfa Dyser\"},\"image\":{\"@id\":\"https:\/\/kuken.alfadyser.dev\/#\/schema\/logo\/image\/\"},\"sameAs\":[\"https:\/\/es-es.facebook.com\/alfadyser\/\",\"https:\/\/www.instagram.com\/kuken_appliances\/\"]}]}<\/script>\n<meta property=\"product:price:currency\" content=\"EUR\" \/>\n<meta property=\"og:availability\" content=\"instock\" \/>\n<meta property=\"product:availability\" content=\"instock\" \/>\n<meta property=\"product:retailer_item_id\" content=\"33772\" \/>\n<meta property=\"product:condition\" content=\"new\" \/>\n<!-- \/ Yoast SEO Premium plugin. -->","yoast_head_json":{"title":"HORIZONTALER HEIZK\u00d6RPER 1000\/2000W WEISS K\u00dcKEN - K\u00fcken","description":"Neue und exklusive k\u00fcken Horizontalheizung. Heizen Sie Ihr Labor und kleine R\u00e4ume schneller auf, entdecken Sie es jetzt.","robots":{"index":"noindex","follow":"follow","max-snippet":"max-snippet:-1","max-image-preview":"max-image-preview:large","max-video-preview":"max-video-preview:-1"},"og_locale":"de_DE","og_type":"article","og_title":"CALEFACTOR HORIZONTAL 1000\/2000W BLANCO K\u00dcKEN","og_description":"Nuevo y exclusivo calefactor horizontal k\u00fcken. Calienta tu labavo y peque\u00f1as estancias de manera m\u00e1s r\u00e1pida, desc\u00fabrela ahora.","og_url":"https:\/\/kuken.alfadyser.dev\/de\/produkt\/calefactor-horizontal-1000-2000w-blanco-kuken\/","og_site_name":"K\u00fcken","article_publisher":"https:\/\/es-es.facebook.com\/alfadyser\/","article_modified_time":"2025-07-23T07:11:43+00:00","og_image":[{"width":853,"height":853,"url":"https:\/\/kuken.alfadyser.dev\/wp-content\/uploads\/2020\/03\/CALEFACTOR-HORIZONTAL-10002000W-BLANCO-KUKEN.jpg","type":"image\/jpeg"}],"twitter_card":"summary_large_image","twitter_misc":{"Preis":"","Verf\u00fcgbarkeit":"Auf Lager"},"schema":{"@context":"https:\/\/schema.org","@graph":[{"@type":"WebPage","@id":"https:\/\/kuken.alfadyser.dev\/producto\/calefactor-horizontal-1000-2000w-blanco-kuken\/","url":"https:\/\/kuken.alfadyser.dev\/producto\/calefactor-horizontal-1000-2000w-blanco-kuken\/","name":"HORIZONTALER HEIZK\u00d6RPER 1000\/2000W WEISS K\u00dcKEN - K\u00fcken","isPartOf":{"@id":"https:\/\/kuken.alfadyser.dev\/#website"},"primaryImageOfPage":{"@id":"https:\/\/kuken.alfadyser.dev\/producto\/calefactor-horizontal-1000-2000w-blanco-kuken\/#primaryimage"},"image":{"@id":"https:\/\/kuken.alfadyser.dev\/producto\/calefactor-horizontal-1000-2000w-blanco-kuken\/#primaryimage"},"thumbnailUrl":"https:\/\/kuken.alfadyser.dev\/wp-content\/uploads\/2020\/03\/CALEFACTOR-HORIZONTAL-10002000W-BLANCO-KUKEN.jpg","datePublished":"2020-03-02T09:32:58+00:00","dateModified":"2025-07-23T07:11:43+00:00","description":"Neue und exklusive k\u00fcken Horizontalheizung. Heizen Sie Ihr Labor und kleine R\u00e4ume schneller auf, entdecken Sie es jetzt.","breadcrumb":{"@id":"https:\/\/kuken.alfadyser.dev\/producto\/calefactor-horizontal-1000-2000w-blanco-kuken\/#breadcrumb"},"inLanguage":"de","potentialAction":[{"@type":"ReadAction","target":["https:\/\/kuken.alfadyser.dev\/producto\/calefactor-horizontal-1000-2000w-blanco-kuken\/"]}]},{"@type":"ImageObject","inLanguage":"de","@id":"https:\/\/kuken.alfadyser.dev\/producto\/calefactor-horizontal-1000-2000w-blanco-kuken\/#primaryimage","url":"https:\/\/kuken.alfadyser.dev\/wp-content\/uploads\/2020\/03\/CALEFACTOR-HORIZONTAL-10002000W-BLANCO-KUKEN.jpg","contentUrl":"https:\/\/kuken.alfadyser.dev\/wp-content\/uploads\/2020\/03\/CALEFACTOR-HORIZONTAL-10002000W-BLANCO-KUKEN.jpg","width":853,"height":853,"caption":"Calefactor horizontal k\u00fcken de 2000w"},{"@type":"BreadcrumbList","@id":"https:\/\/kuken.alfadyser.dev\/producto\/calefactor-horizontal-1000-2000w-blanco-kuken\/#breadcrumb","itemListElement":[{"@type":"ListItem","position":1,"name":"Portada","item":"https:\/\/kuken.alfadyser.dev\/"},{"@type":"ListItem","position":2,"name":"Productos","item":"https:\/\/kuken.alfadyser.dev\/productos\/"},{"@type":"ListItem","position":3,"name":"CALEFACTOR HORIZONTAL 1000\/2000W BLANCO K\u00dcKEN"}]},{"@type":"WebSite","@id":"https:\/\/kuken.alfadyser.dev\/#website","url":"https:\/\/kuken.alfadyser.dev\/","name":"K\u00fcken","description":"Gro\u00dfe Auswahl an k\u00fcken Haushaltskleinger\u00e4ten","publisher":{"@id":"https:\/\/kuken.alfadyser.dev\/#organization"},"potentialAction":[{"@type":"SearchAction","target":{"@type":"EntryPoint","urlTemplate":"https:\/\/kuken.alfadyser.dev\/?s={search_term_string}"},"query-input":{"@type":"PropertyValueSpecification","valueRequired":true,"valueName":"search_term_string"}}],"inLanguage":"de"},{"@type":"Organization","@id":"https:\/\/kuken.alfadyser.dev\/#organization","name":"Alpha Dyser","url":"https:\/\/kuken.alfadyser.dev\/","logo":{"@type":"ImageObject","inLanguage":"de","@id":"https:\/\/kuken.alfadyser.dev\/#\/schema\/logo\/image\/","url":"https:\/\/kuken.alfadyser.dev\/wp-content\/uploads\/2019\/04\/kuken-logo.png","contentUrl":"https:\/\/kuken.alfadyser.dev\/wp-content\/uploads\/2019\/04\/kuken-logo.png","width":500,"height":191,"caption":"Alfa Dyser"},"image":{"@id":"https:\/\/kuken.alfadyser.dev\/#\/schema\/logo\/image\/"},"sameAs":["https:\/\/es-es.facebook.com\/alfadyser\/","https:\/\/www.instagram.com\/kuken_appliances\/"]}]},"product_price_currency":"EUR","og_availability":"instock","product_availability":"instock","product_retailer_item_id":"33772","product_condition":"new"},"_links":{"self":[{"href":"https:\/\/kuken.alfadyser.dev\/de\/wp-json\/wp\/v2\/product\/3618","targetHints":{"allow":["GET"]}}],"collection":[{"href":"https:\/\/kuken.alfadyser.dev\/de\/wp-json\/wp\/v2\/product"}],"about":[{"href":"https:\/\/kuken.alfadyser.dev\/de\/wp-json\/wp\/v2\/types\/product"}],"wp:featuredmedia":[{"embeddable":true,"href":"https:\/\/kuken.alfadyser.dev\/de\/wp-json\/wp\/v2\/media\/3619"}],"wp:attachment":[{"href":"https:\/\/kuken.alfadyser.dev\/de\/wp-json\/wp\/v2\/media?parent=3618"}],"wp:term":[{"taxonomy":"product_brand","embeddable":true,"href":"https:\/\/kuken.alfadyser.dev\/de\/wp-json\/wp\/v2\/product_brand?post=3618"},{"taxonomy":"product_cat","embeddable":true,"href":"https:\/\/kuken.alfadyser.dev\/de\/wp-json\/wp\/v2\/product_cat?post=3618"},{"taxonomy":"product_tag","embeddable":true,"href":"https:\/\/kuken.alfadyser.dev\/de\/wp-json\/wp\/v2\/product_tag?post=3618"}],"curies":[{"name":"wp","href":"https:\/\/api.w.org\/{rel}","templated":true}]}}